{"id":21226,"date":"2020-11-17T23:18:53","date_gmt":"2020-11-17T21:18:53","guid":{"rendered":"https:\/\/mylipfiller.com\/?page_id=21226"},"modified":"2023-07-18T14:14:06","modified_gmt":"2023-07-18T12:14:06","slug":"payment-issues","status":"publish","type":"page","link":"https:\/\/mylipfiller.com\/es\/payment-issues\/","title":{"rendered":"Problemas de pago"},"content":{"rendered":"<h5>Porque es mi <span style=\"text-decoration: underline;\">pago con tarjeta<\/span> no pasando?<\/h5>\n<p>Hay muchas razones por las que un pago con tarjeta puede fallar, pero a continuaci\u00f3n enumeramos las m\u00e1s comunes y c\u00f3mo se pueden resolver cada una de ellas:<\/p>\n<ul>\n<li><strong><span style=\"text-decoration: underline;\">Se ingres\u00f3 informaci\u00f3n incorrecta de la tarjeta<\/span> <\/strong>- esto puede incluir el n\u00famero de la tarjeta, el nombre del titular de la tarjeta, la fecha de vencimiento o el c\u00f3digo CVC del reverso de la tarjeta. <span style=\"text-decoration: underline;\">Aseg\u00farate de haber ingresado los detalles correctos.<\/span>;<\/li>\n<li><strong><span style=\"text-decoration: underline;\">Error de 3D Secure<\/span> <\/strong>- esta es una capa adicional de protecci\u00f3n de la tarjeta, una forma de verificaci\u00f3n de dos factores de un pago. Si no se realiza esta comprobaci\u00f3n, siempre se producir\u00e1 un error en la transacci\u00f3n. Este cheque es obligatorio para las pasarelas de pago europeas y todas las tarjetas emitidas por bancos europeos deben respaldarlo. Para clientes fuera de Europa, <strong>especialmente en los EE. UU.<\/strong>, tu tarjeta <span style=\"text-decoration: underline;\">puede o no ser compatible con 3D Secure<\/span> Autenticaci\u00f3n de dos factores. A menudo lo hace, pero en realidad no se ha configurado (es decir, le env\u00eda un c\u00f3digo por SMS, WhatsApp o la aplicaci\u00f3n de su banco). Esto puede llevar a la pasarela de pago a iniciar una verificaci\u00f3n de 3D Secure que luego fallar\u00e1 porque el pago no se puede verificar realmente. <span style=\"text-decoration: underline;\">Comun\u00edquese con su banco para obtener ayuda.<\/span>;<\/li>\n<li><strong><span style=\"text-decoration: underline;\">El pago est\u00e1 marcado falsamente como fraudulento<\/span> <\/strong>- este es uno de los problemas m\u00e1s habituales a la hora de pagar en una tienda online. Los sistemas bancarios intentan detectar autom\u00e1ticamente el fraude con tarjetas, pero dado que los criterios son arbitrarios y automatizados, a menudo los hace marcar y bloquear pagos leg\u00edtimos. <span style=\"text-decoration: underline;\">Comun\u00edquese con su banco para obtener ayuda.<\/span>;<\/li>\n<li><strong><span style=\"text-decoration: underline;\">Pago internacional bloqueado<\/span> <\/strong>- este problema es t\u00edpico de <strong>Clientes estadounidenses y canadienses<\/strong>. Muchos bancos norteamericanos bloquear\u00e1n o limitar\u00e1n los pagos internacionales de forma predeterminada, como medida antifraude. Procesamos tarjetas a trav\u00e9s de una plataforma de pago europea, lo que puede provocar que la transferencia se marque como internacional y se bloquee. <span style=\"text-decoration: underline;\">Comun\u00edquese con su banco para obtener ayuda.<\/span>;<\/li>\n<li><span style=\"text-decoration: underline;\"><strong>Fondos insuficientes \/ l\u00edmite de tarjeta alcanzado<\/strong> <\/span>- Tanto las tarjetas de cr\u00e9dito como las de d\u00e9bito tienen el l\u00edmite b\u00e1sico de fondos disponibles. Si no tiene suficiente dinero en su tarjeta, el pago fallar\u00e1 autom\u00e1ticamente. Las limitaciones adicionales que puede tener su tarjeta son los l\u00edmites diarios, semanales o mensuales, as\u00ed como la cantidad de transacciones diarias. Tenga en cuenta que varios pagos consecutivos en un corto per\u00edodo de tiempo tambi\u00e9n pueden causar una marcaci\u00f3n fraudulenta falsa del pago. <span style=\"text-decoration: underline;\">Para verificar los l\u00edmites de sus tarjetas, use la aplicaci\u00f3n web o m\u00f3vil de su banco o comun\u00edquese con ellos directamente<\/span>;<\/li>\n<\/ul>\n<h5>Porque es mi <span style=\"text-decoration: underline;\">Banco<\/span> \/ <span style=\"text-decoration: underline;\">Transferwise<\/span> pago no se realiza?<\/h5>\n<ul>\n<li>Si paga a trav\u00e9s de <span style=\"text-decoration: underline;\"><strong>transferencia bancaria<\/strong><\/span> - aseg\u00farese de que est\u00e1 utilizando los datos bancarios correctos incluidos en el resumen del pedido;<\/li>\n<li>Si paga a trav\u00e9s de <strong><span style=\"text-decoration: underline;\">Wise (ej. Transferwise<\/span><\/strong>) con tarjeta, espec\u00edficamente, aseg\u00farese de estar siguiendo <a href=\"https:\/\/mylipfiller.com\/es\/payment-instructions\/\">estas<\/a> instrucciones correctamente;<\/li>\n<\/ul>","protected":false},"excerpt":{"rendered":"<p>\u00bfPor qu\u00e9 no se realiza el pago con mi tarjeta? Hay muchas razones por las que un pago con tarjeta puede fallar, pero a continuaci\u00f3n enumeramos las m\u00e1s comunes y c\u00f3mo se puede resolver cada una de ellas: Informaci\u00f3n incorrecta de la tarjeta ingresada: esto puede incluir el n\u00famero de la tarjeta, el nombre del titular de la tarjeta, la fecha de vencimiento o el c\u00f3digo CVC. desde atr\u00e1s \u2026 <a href=\"https:\/\/mylipfiller.com\/es\/payment-issues\/\" class=\"more-link\">Continuar leyendo<span class=\"screen-reader-text\"> &quot;Problemas de pago&quot;<\/span><\/a><\/p>","protected":false},"author":1,"featured_media":0,"parent":0,"menu_order":0,"comment_status":"closed","ping_status":"closed","template":"fullwidth-template.php","meta":{"_acf_changed":false,"footnotes":""},"class_list":["post-21226","page","type-page","status-publish","hentry"],"acf":[],"yoast_head":"<!-- This site is optimized with the Yoast SEO plugin v27.2 - https:\/\/yoast.com\/product\/yoast-seo-wordpress\/ -->\n<title>Payment Issues - My Lip Filler<\/title>\n<meta name=\"robots\" content=\"noindex, nofollow\" \/>\n<meta property=\"og:locale\" content=\"es_MX\" \/>\n<meta property=\"og:type\" content=\"article\" \/>\n<meta property=\"og:title\" content=\"Payment Issues - My Lip Filler\" \/>\n<meta property=\"og:description\" content=\"Why is my card payment not going through? There are many reasons why a card payment might fail, but below we&#8217;ve listed the most common ones and how each of them can be resolved: Incorrect card information entered &#8211; this can include card number, cardholder name, expiry date or the CVC code from the back &hellip; Continuar leyendo &quot;Payment Issues&quot;\" \/>\n<meta property=\"og:url\" content=\"https:\/\/mylipfiller.com\/es\/payment-issues\/\" \/>\n<meta property=\"og:site_name\" content=\"My Lip Filler\" \/>\n<meta property=\"article:modified_time\" content=\"2023-07-18T12:14:06+00:00\" \/>\n<meta name=\"twitter:card\" content=\"summary_large_image\" \/>\n<meta name=\"twitter:label1\" content=\"Tiempo de lectura\" \/>\n\t<meta name=\"twitter:data1\" content=\"2 minutos\" \/>\n<script type=\"application\/ld+json\" class=\"yoast-schema-graph\">{\"@context\":\"https:\/\/schema.org\",\"@graph\":[{\"@type\":\"WebPage\",\"@id\":\"https:\/\/mylipfiller.com\/payment-issues\/\",\"url\":\"https:\/\/mylipfiller.com\/payment-issues\/\",\"name\":\"Payment Issues - My Lip Filler\",\"isPartOf\":{\"@id\":\"https:\/\/mylipfiller.com\/#website\"},\"datePublished\":\"2020-11-17T21:18:53+00:00\",\"dateModified\":\"2023-07-18T12:14:06+00:00\",\"breadcrumb\":{\"@id\":\"https:\/\/mylipfiller.com\/payment-issues\/#breadcrumb\"},\"inLanguage\":\"es\",\"potentialAction\":[{\"@type\":\"ReadAction\",\"target\":[\"https:\/\/mylipfiller.com\/payment-issues\/\"]}]},{\"@type\":\"BreadcrumbList\",\"@id\":\"https:\/\/mylipfiller.com\/payment-issues\/#breadcrumb\",\"itemListElement\":[{\"@type\":\"ListItem\",\"position\":1,\"name\":\"Home\",\"item\":\"https:\/\/mylipfiller.com\/\"},{\"@type\":\"ListItem\",\"position\":2,\"name\":\"Payment Issues\"}]},{\"@type\":\"WebSite\",\"@id\":\"https:\/\/mylipfiller.com\/#website\",\"url\":\"https:\/\/mylipfiller.com\/\",\"name\":\"My Lip Filler\",\"description\":\"Hyaluronic Acid Lip and Dermal Fillers\",\"publisher\":{\"@id\":\"https:\/\/mylipfiller.com\/#organization\"},\"potentialAction\":[{\"@type\":\"SearchAction\",\"target\":{\"@type\":\"EntryPoint\",\"urlTemplate\":\"https:\/\/mylipfiller.com\/?s={search_term_string}\"},\"query-input\":{\"@type\":\"PropertyValueSpecification\",\"valueRequired\":true,\"valueName\":\"search_term_string\"}}],\"inLanguage\":\"es\"},{\"@type\":\"Organization\",\"@id\":\"https:\/\/mylipfiller.com\/#organization\",\"name\":\"My Lip Filler\",\"url\":\"https:\/\/mylipfiller.com\/\",\"logo\":{\"@type\":\"ImageObject\",\"inLanguage\":\"es\",\"@id\":\"https:\/\/mylipfiller.com\/#\/schema\/logo\/image\/\",\"url\":\"https:\/\/cdn.mylipfiller.com\/wp-content\/uploads\/2019\/02\/cropped-My-Lip-Filler-Logo.png\",\"contentUrl\":\"https:\/\/cdn.mylipfiller.com\/wp-content\/uploads\/2019\/02\/cropped-My-Lip-Filler-Logo.png\",\"width\":240,\"height\":88,\"caption\":\"My Lip Filler\"},\"image\":{\"@id\":\"https:\/\/mylipfiller.com\/#\/schema\/logo\/image\/\"}}]}<\/script>\n<!-- \/ Yoast SEO plugin. -->","yoast_head_json":{"title":"Problemas de pago - My Lip Filler","robots":{"index":"noindex","follow":"nofollow"},"og_locale":"es_MX","og_type":"article","og_title":"Payment Issues - My Lip Filler","og_description":"Why is my card payment not going through? There are many reasons why a card payment might fail, but below we&#8217;ve listed the most common ones and how each of them can be resolved: Incorrect card information entered &#8211; this can include card number, cardholder name, expiry date or the CVC code from the back &hellip; Continuar leyendo \"Payment Issues\"","og_url":"https:\/\/mylipfiller.com\/es\/payment-issues\/","og_site_name":"My Lip Filler","article_modified_time":"2023-07-18T12:14:06+00:00","twitter_card":"summary_large_image","twitter_misc":{"Tiempo de lectura":"2 minutos"},"schema":{"@context":"https:\/\/schema.org","@graph":[{"@type":"WebPage","@id":"https:\/\/mylipfiller.com\/payment-issues\/","url":"https:\/\/mylipfiller.com\/payment-issues\/","name":"Problemas de pago - My Lip Filler","isPartOf":{"@id":"https:\/\/mylipfiller.com\/#website"},"datePublished":"2020-11-17T21:18:53+00:00","dateModified":"2023-07-18T12:14:06+00:00","breadcrumb":{"@id":"https:\/\/mylipfiller.com\/payment-issues\/#breadcrumb"},"inLanguage":"es","potentialAction":[{"@type":"ReadAction","target":["https:\/\/mylipfiller.com\/payment-issues\/"]}]},{"@type":"BreadcrumbList","@id":"https:\/\/mylipfiller.com\/payment-issues\/#breadcrumb","itemListElement":[{"@type":"ListItem","position":1,"name":"Home","item":"https:\/\/mylipfiller.com\/"},{"@type":"ListItem","position":2,"name":"Payment Issues"}]},{"@type":"WebSite","@id":"https:\/\/mylipfiller.com\/#website","url":"https:\/\/mylipfiller.com\/","name":"Mi relleno de labios","description":"Rellenos d\u00e9rmicos y de labios con \u00e1cido hialur\u00f3nico","publisher":{"@id":"https:\/\/mylipfiller.com\/#organization"},"potentialAction":[{"@type":"SearchAction","target":{"@type":"EntryPoint","urlTemplate":"https:\/\/mylipfiller.com\/?s={search_term_string}"},"query-input":{"@type":"PropertyValueSpecification","valueRequired":true,"valueName":"search_term_string"}}],"inLanguage":"es"},{"@type":"Organization","@id":"https:\/\/mylipfiller.com\/#organization","name":"Mi relleno de labios","url":"https:\/\/mylipfiller.com\/","logo":{"@type":"ImageObject","inLanguage":"es","@id":"https:\/\/mylipfiller.com\/#\/schema\/logo\/image\/","url":"https:\/\/cdn.mylipfiller.com\/wp-content\/uploads\/2019\/02\/cropped-My-Lip-Filler-Logo.png","contentUrl":"https:\/\/cdn.mylipfiller.com\/wp-content\/uploads\/2019\/02\/cropped-My-Lip-Filler-Logo.png","width":240,"height":88,"caption":"My Lip Filler"},"image":{"@id":"https:\/\/mylipfiller.com\/#\/schema\/logo\/image\/"}}]}},"_links":{"self":[{"href":"https:\/\/mylipfiller.com\/es\/wp-json\/wp\/v2\/pages\/21226","targetHints":{"allow":["GET"]}}],"collection":[{"href":"https:\/\/mylipfiller.com\/es\/wp-json\/wp\/v2\/pages"}],"about":[{"href":"https:\/\/mylipfiller.com\/es\/wp-json\/wp\/v2\/types\/page"}],"author":[{"embeddable":true,"href":"https:\/\/mylipfiller.com\/es\/wp-json\/wp\/v2\/users\/1"}],"replies":[{"embeddable":true,"href":"https:\/\/mylipfiller.com\/es\/wp-json\/wp\/v2\/comments?post=21226"}],"version-history":[{"count":16,"href":"https:\/\/mylipfiller.com\/es\/wp-json\/wp\/v2\/pages\/21226\/revisions"}],"predecessor-version":[{"id":40667,"href":"https:\/\/mylipfiller.com\/es\/wp-json\/wp\/v2\/pages\/21226\/revisions\/40667"}],"wp:attachment":[{"href":"https:\/\/mylipfiller.com\/es\/wp-json\/wp\/v2\/media?parent=21226"}],"curies":[{"name":"gracias","href":"https:\/\/api.w.org\/{rel}","templated":true}]}}