{"id":3,"date":"2019-02-13T08:13:50","date_gmt":"2019-02-13T08:13:50","guid":{"rendered":"http:\/\/mylipfiller.com\/?page_id=3"},"modified":"2020-02-06T14:18:54","modified_gmt":"2020-02-06T12:18:54","slug":"privacy-policy","status":"publish","type":"page","link":"https:\/\/mylipfiller.com\/es\/privacy-policy\/","title":{"rendered":"Pol\u00edtica de privacidad"},"content":{"rendered":"<p>Esta es la Pol\u00edtica de privacidad del sitio web mylipfiller.com, que incluye nuestras pol\u00edticas de datos e informaci\u00f3n personal, pol\u00edticas de privacidad, informaci\u00f3n sobre cookies y procedimientos en caso de violaci\u00f3n de datos, as\u00ed como toda otra informaci\u00f3n relevante.<\/p>\n\n\n\n<h2 class=\"wp-block-heading\">Recopilaci\u00f3n de datos<\/h2>\n\n\n\n<h3 class=\"wp-block-heading\">Datos personales de correspondencia: correo electr\u00f3nico y formulario de contacto<\/h3>\n\n\n\n<p>La comunicaci\u00f3n efectiva entre nosotros y los clientes y visitantes de mylipfiller.com requiere que solicitemos cierta cantidad b\u00e1sica de informaci\u00f3n personal. Siempre que un cliente se comunique con nosotros a trav\u00e9s del formulario de contacto o nos env\u00ede un correo electr\u00f3nico directamente, es posible que necesitemos datos personales como nombre, direcci\u00f3n, direcci\u00f3n de correo electr\u00f3nico, n\u00famero de tel\u00e9fono, detalles de pago, informaci\u00f3n de la empresa, n\u00famero de IVA, detalles de env\u00edo y m\u00e1s, para devolver la respuesta m\u00e1s precisa a la consulta del cliente, proporcionarle la informaci\u00f3n necesaria o recibir \/ cumplir su otra acci\u00f3n o cualquier otra relacionada. La informaci\u00f3n proporcionada por los clientes en su correspondencia con nosotros es completamente confidencial y nunca se proporciona a un tercero.<\/p>\n\n\n\n<h2 class=\"wp-block-heading\">Pol\u00edtica de cookies<\/h2>\n\n\n\n<h3 class=\"wp-block-heading\">\u00bfQu\u00e9 son las cookies?<\/h3>\n\n\n\n<p>\u201cCookies es un t\u00e9rmino que se refiere a peque\u00f1os archivos almacenados dentro del navegador de los usuarios, que contienen datos sobre el navegador del usuario, el dispositivo y posiblemente sus acciones e historial de navegaci\u00f3n. Las cookies permiten a los sistemas de un sitio web reconocer a un usuario, almacenar informaci\u00f3n sobre \u00e9l entre sesiones (es decir, despu\u00e9s de que el navegador se ha cerrado y luego vuelto a abrir) o retener informaci\u00f3n durante una sola sesi\u00f3n, para permitir el funcionamiento normal de la compra. experiencia: conserve los productos en la tarjeta, mantenga al usuario conectado al sistema, conserve la informaci\u00f3n de facturaci\u00f3n y env\u00edo.<\/p>\n\n\n\n<p>Hay dos tipos de cookies. Algunos son absolutamente necesarios para el funcionamiento de un sitio web y el usuario no puede desactivarlos. Nuestra tienda necesita este tipo de cookies, por lo que nuestro sistema de carrito integrado, as\u00ed como las cuentas de usuario, pueden funcionar y los clientes pueden realizar y finalizar sus pedidos sin problemas. Estas cookies no contendr\u00e1n ning\u00fan dato personal, como su nombre, direcci\u00f3n o IP, por ejemplo. Estos solo permiten una experiencia de usuario conveniente, sin contener informaci\u00f3n real del usuario y caducar\u00e1n al finalizar la sesi\u00f3n.<\/p>\n\n\n\n<p>Las cookies utilizadas por el carrito de compras: WooCommerce, con respecto a los art\u00edculos agregados a su carrito, se conservar\u00e1n hasta un mes en su navegador (a menos que las borre manualmente), pero no contienen informaci\u00f3n personal real y solo le dicen a nuestro sitio qu\u00e9 productos que agreg\u00f3 anteriormente a la cesta, \u00fanicamente para su conveniencia.<\/p>\n\n\n\n<p>Las cookies relacionadas con su estado de inicio de sesi\u00f3n tambi\u00e9n se almacenan dentro del navegador hasta por un mes. Nuevamente, no contienen informaci\u00f3n personal real y solo permiten que su navegador inicie sesi\u00f3n autom\u00e1ticamente en su cuenta de usuario. Tenga en cuenta que pueden eliminarse manualmente, vencer en un mes o se eliminar\u00e1n una vez que cierre la sesi\u00f3n de su cuenta de usuario. Aseg\u00farese de no dejar su cuenta registrada en una computadora que no sea utilizada solo por usted o cualquier otro dispositivo p\u00fablico.<\/p>\n\n\n\n<h3 class=\"wp-block-heading\">Cookies de terceros<\/h3>\n\n\n\n<p>Las cookies de &quot;terceros&quot; son aquellas que se definen por no ser emitidas por nuestro sistema a su navegador directamente y no relacionadas directamente con la experiencia de compra y navegaci\u00f3n de mylipfiller.com. Tales pueden ser las cookies de un video incrustado u otros medios, as\u00ed como algunos servicios de Google. Hemos intentado limitar todas las cookies de terceros al consentimiento del usuario, por lo que todos los videos del sitio web, incrustados desde otras plataformas, como YouTube, requieren confirmaci\u00f3n adicional y notificaci\u00f3n de cookies. Adem\u00e1s, las cookies emitidas por Google, relacionadas con Analytics, si bien est\u00e1n habilitadas de forma predeterminada, pueden deshabilitarse junto con Google Analytics, a trav\u00e9s del men\u00fa Configuraci\u00f3n de privacidad.<\/p>\n\n\n\n<p>Otras cookies de terceros inclu\u00edan cookies necesarias durante el pago de la tarjeta, emitidas por nuestro proveedor de servicios de pago. Son completamente seguros y caducar\u00e1n inmediatamente despu\u00e9s de que se complete la transacci\u00f3n, mientras que no habr\u00e1 informaci\u00f3n de la tarjeta disponible para nosotros o nuestro sistema, por lo que el pago es completamente seguro.<\/p>\n\n\n\n<h3 class=\"wp-block-heading\">Medios integrados y otro contenido<\/h3>\n\n\n\n<p>El contenido incrustado generalmente se muestra en un elemento html iframe. Los iframes son esencialmente una ventana incrustada que muestra contenido de otro sitio web. No tenemos ning\u00fan control directo sobre dicho contenido o su editor. Por lo tanto, las cookies de terceros de contenido incrustado no pueden ser controladas directamente por nosotros. Sin embargo, intentaremos limitar todo el contenido incrustado a videos de YouTube y servicios similares y se le notificar\u00e1 y tendr\u00e1 que dar su consentimiento a las cookies de terceros del sitio de medios espec\u00edfico, antes de que pueda ver y reproducir el contenido incrustado.<\/p>\n\n\n\n<h3 class=\"wp-block-heading\">Google analitico<\/h3>\n\n\n\n<p>Nuestra principal herramienta para la recopilaci\u00f3n de datos y el an\u00e1lisis del comportamiento de compra de los clientes es Google Analytics. Este es un servicio de terceros ofrecido por Google, que permite la recopilaci\u00f3n, comparaci\u00f3n y an\u00e1lisis adicional del comportamiento de los clientes y visitantes en el sitio web. Su funcionalidad est\u00e1 estrictamente limitada al uso del sitio mylipfiller.com. No se recopilan datos personales por Google Analytics. Todos los datos recopilados con Google Analytics solo se utilizan para mejorar la experiencia de navegaci\u00f3n y compra y el desarrollo de estrategias de marketing. No se guardan datos privados o personales. Google no recopila ni proporciona datos privados o personales ni a terceros.<\/p>\n\n\n\n<p>Solo nosotros y Google podemos acceder a los datos recopilados a trav\u00e9s de Google Analytics. No se puede transferir, proporcionar ni revender a ning\u00fan tercero. Todas las direcciones IP se anonimizan, ocultando sus \u00faltimos d\u00edgitos, lo que hace imposible localizar f\u00edsicamente al usuario a trav\u00e9s de su direcci\u00f3n IP. La ubicaci\u00f3n geogr\u00e1fica est\u00e1 activa en este sitio web, para mostrar precios en monedas locales, pero su uso est\u00e1 limitado solo a nuestro sistema, por lo que los datos de IP completos se mostrar\u00e1n en Google Analytics.<\/p>\n\n\n\n<h2 class=\"wp-block-heading\">Compartir datos<\/h2>\n\n\n\n<p>Sus datos personales nunca se compartir\u00e1n con terceros. Todos los datos personales enviados durante la correspondencia con nosotros o al realizar un pedido se mantienen completamente seguros. La fecha que env\u00eda durante el pago, incluida la informaci\u00f3n de su tarjeta, es completamente segura y los datos de su tarjeta son manejados directamente por la compa\u00f1\u00eda de pago, siendo inaccesibles incluso para nosotros.<\/p>\n\n\n\n<p>Los datos de uso del sitio est\u00e1n disponibles tanto para nosotros como para Google, ya que usamos Google Analytics para recopilar y analizar la experiencia de navegaci\u00f3n del cliente y el comportamiento de uso del sitio. Los datos de navegaci\u00f3n nunca ser\u00e1n proporcionados por nosotros ni Google a terceros.<\/p>\n\n\n\n<h2 class=\"wp-block-heading\">Periodo de conservaci\u00f3n de datos<\/h2>\n\n\n\n<p>Las cuentas de usuario activas y sus datos personales se mantienen indefinidamente. Las cuentas de usuario inactivas, junto con sus datos, se eliminan autom\u00e1ticamente despu\u00e9s de 5 a\u00f1os de inactividad. Los pedidos y la informaci\u00f3n del pedido se conservan durante 5 a\u00f1os.<\/p>\n\n\n\n<p>Lo anterior no incluye situaciones en las que hay un problema que debe resolverse, como el pago debido u otro problema con el pedido, as\u00ed como los casos en los que estamos obligados a retener la informaci\u00f3n sobre el usuario o el pedido durante un per\u00edodo de tiempo prolongado. .<\/p>\n\n\n\n<h2 class=\"wp-block-heading\">Derechos del cliente sobre sus datos<\/h2>\n\n\n\n<p>Como entidad con sede en la UE, estamos sujetos a las leyes de la UE y al RGPD, espec\u00edficamente. Cualquier usuario de nuestro sitio web, independientemente de si se encuentra en la UE o no, puede solicitar recibir la recopilaci\u00f3n completa de datos personales que se mantienen en nuestro sitio web (tenga en cuenta que esto no incluye mensajes de correo electr\u00f3nico, correspondencia y mensajes enviados a trav\u00e9s del formulario de contacto, ya que no se guardan en nuestro servidor web). Como cliente, tiene el &quot;derecho a ser olvidado&quot;, lo que le brinda la posibilidad de tener cualquier sitio web vinculado a la UE en l\u00ednea no solo para proporcionarle toda la informaci\u00f3n sobre usted en su sistema, sino tambi\u00e9n para eliminar esos datos seg\u00fan su solicitud.<\/p>\n\n\n\n<h2 class=\"wp-block-heading\">Solicitando datos personales<\/h2>\n\n\n\n<p>Puede realizar una solicitud para recibir o eliminar todos sus datos personales utilizando nuestra direcci\u00f3n de correo electr\u00f3nico: <a href=\"mailto:biz@mylipfiller.com\">biz@mylipfiller.com<\/a>. Tenga en cuenta que la solicitud debe realizarse desde la misma cuenta de correo electr\u00f3nico que utiliz\u00f3 para registrarse en nuestro sitio web o debe dejarse como informaci\u00f3n de contacto al realizar el pedido como invitado. Si no puede usar esa cuenta, comun\u00edquese con nosotros para que podamos analizar qu\u00e9 otro m\u00e9todo de verificaci\u00f3n puede usar para verificar su identidad.<\/p>\n\n\n\n<p>Informaci\u00f3n del contacto<\/p>\n\n\n\n<p>Tel: +1 (929) 322-1217<br>\nCorreo electr\u00f3nico: <a href=\"mailto:biz@mylipfiller.com\">biz@mylipfiller.com<\/a><\/p>\n\n\n\n<h2 class=\"wp-block-heading\">Procedimientos y pol\u00edticas de manejo de datos<\/h2>\n\n\n\n<h3 class=\"wp-block-heading\">Protecci\u00f3n de datos personales y privados<\/h3>\n\n\n\n<p>Sus datos e informaci\u00f3n personales, incluido el nombre, n\u00famero de tel\u00e9fono, direcci\u00f3n, correo electr\u00f3nico, informaci\u00f3n de la empresa o cualquier otro tipo de datos que puedan considerarse personales, solo son accesibles para nuestra empresa y nuestros empleados. Nunca venderemos, transferiremos ni proporcionaremos datos personales a terceros.<\/p>\n\n\n\n<p>Hemos tomado todas las medidas necesarias para que nuestro sitio web y el servidor en el que est\u00e1 alojado sean lo suficientemente seguros contra los ataques en l\u00ednea comunes y las brechas de seguridad.<\/p>\n\n\n\n<p>Tenga en cuenta que usted es responsable de utilizar una contrase\u00f1a lo suficientemente fuerte y dif\u00edcil de adivinar para proteger su cuenta de usuario en nuestro sitio web. Tambi\u00e9n debe utilizar un correo electr\u00f3nico lo suficientemente seguro para el contacto y la restauraci\u00f3n de su contrase\u00f1a. No somos responsables de las brechas de seguridad que sean el resultado de que los clientes usen contrase\u00f1as d\u00e9biles \/ f\u00e1ciles de adivinar, contrase\u00f1as que hayan sido robadas directamente al usuario o al tomar el control de su cuenta de correo electr\u00f3nico.<\/p>\n\n\n\n<h3 class=\"wp-block-heading\">Procedimientos en caso de violaci\u00f3n de datos<\/h3>\n\n\n\n<p>Si bien hemos tomado todas las medidas razonables para proteger nuestro servidor web, sitio web y los datos de nuestros clientes, las violaciones de datos son siempre un posible riesgo. En el caso poco probable y desafortunado de una violaci\u00f3n de datos u otro problema de seguridad con respecto al acceso de terceros no autorizados a los datos del usuario o el potencial de dicho acceso, notificaremos inmediatamente a todos los usuarios afectados o en riesgo. Es posible que se le solicite que nos brinde su ayuda, incluido el cambio de contrase\u00f1a y el correo electr\u00f3nico de recuperaci\u00f3n de contrase\u00f1a.<\/p>\n\n\n\n<h3 class=\"wp-block-heading\">Manejo autom\u00e1tico de datos<\/h3>\n\n\n\n<p>Nuestro sitio web eliminar\u00e1 todas las cuentas de usuario inactivas, as\u00ed como todos los pedidos despu\u00e9s de un per\u00edodo de 5 a\u00f1os. por favor refi\u00e9rase a <strong>Periodo de conservaci\u00f3n de datos <\/strong>secci\u00f3n de la Pol\u00edtica de privacidad.<\/p>\n\n\n\n<p>La informaci\u00f3n a Google Analytics se env\u00eda autom\u00e1ticamente a menos que el usuario bloquee esa capacidad desde el men\u00fa Configuraci\u00f3n de privacidad. Consulte Google Analytics en este <strong>Pol\u00edtica de privacidad<\/strong>. Deshabilitar el seguimiento del uso del sitio con Google Analytics requiere el uso de una cookie en su navegador, que no contiene informaci\u00f3n personal y solo le dice a nuestro sistema que usted no acepta que se recopilen sus datos de navegaci\u00f3n.<\/p>\n\n\n\n<h2 class=\"wp-block-heading\">Instituci\u00f3n reguladora de datos<\/h2>\n\n\n\n<p>En caso de una disputa que no pueda resolverse entre nosotros y el cliente, con respecto al manejo de datos, pueden dirigirse a nuestro regulador de datos local de la UE:<\/p>\n\n\n\n<p><a rel=\"nofollow\" href=\"http:\/\/www.dataprotection.ro\/\">http:\/\/www.dataprotection.ro\/<\/a><\/p>\n\n\n\n<p><\/p>","protected":false},"excerpt":{"rendered":"<p>Esta es la Pol\u00edtica de Privacidad del sitio web mylipfiller.com, que incluye nuestras pol\u00edticas de datos e informaci\u00f3n personal, pol\u00edticas de privacidad, informaci\u00f3n sobre cookies y procedimientos en caso de violaci\u00f3n de datos, as\u00ed como toda otra informaci\u00f3n relevante. Recopilaci\u00f3n de datos Datos personales de la correspondencia: correo electr\u00f3nico y formulario de contacto Comunicaci\u00f3n efectiva entre nosotros y los clientes... <a href=\"https:\/\/mylipfiller.com\/es\/privacy-policy\/\" class=\"more-link\">Continuar leyendo<span class=\"screen-reader-text\"> &quot;Pol\u00edtica de privacidad&quot;<\/span><\/a><\/p>","protected":false},"author":1,"featured_media":0,"parent":0,"menu_order":0,"comment_status":"closed","ping_status":"open","template":"fullwidth-template.php","meta":{"_acf_changed":false,"footnotes":""},"class_list":["post-3","page","type-page","status-publish","hentry"],"acf":[],"yoast_head":"<!-- This site is optimized with the Yoast SEO plugin v27.3 - https:\/\/yoast.com\/product\/yoast-seo-wordpress\/ -->\n<title>Privacy Policy - My Lip Filler<\/title>\n<meta name=\"robots\" content=\"noindex, nofollow\" \/>\n<meta property=\"og:locale\" content=\"es_MX\" \/>\n<meta property=\"og:type\" content=\"article\" \/>\n<meta property=\"og:title\" content=\"Privacy Policy - My Lip Filler\" \/>\n<meta property=\"og:description\" content=\"This is the Privacy Policy of the website mylipfiller.com, which includes our data and personal information policies, privacy policies, information about cookies and procedures in case of a data breach, as well as all other relevant information. Data collection Personal data from correspondence \u2013 email and contact form Effective communication between us and the customers &hellip; Continuar leyendo &quot;Privacy Policy&quot;\" \/>\n<meta property=\"og:url\" content=\"https:\/\/mylipfiller.com\/es\/privacy-policy\/\" \/>\n<meta property=\"og:site_name\" content=\"My Lip Filler\" \/>\n<meta property=\"article:modified_time\" content=\"2020-02-06T12:18:54+00:00\" \/>\n<meta name=\"twitter:card\" content=\"summary_large_image\" \/>\n<meta name=\"twitter:label1\" content=\"Tiempo de lectura\" \/>\n\t<meta name=\"twitter:data1\" content=\"8 minutos\" \/>\n<script type=\"application\/ld+json\" class=\"yoast-schema-graph\">{\"@context\":\"https:\\\/\\\/schema.org\",\"@graph\":[{\"@type\":\"WebPage\",\"@id\":\"https:\\\/\\\/mylipfiller.com\\\/privacy-policy\\\/\",\"url\":\"https:\\\/\\\/mylipfiller.com\\\/privacy-policy\\\/\",\"name\":\"Privacy Policy - My Lip Filler\",\"isPartOf\":{\"@id\":\"https:\\\/\\\/mylipfiller.com\\\/#website\"},\"datePublished\":\"2019-02-13T08:13:50+00:00\",\"dateModified\":\"2020-02-06T12:18:54+00:00\",\"breadcrumb\":{\"@id\":\"https:\\\/\\\/mylipfiller.com\\\/privacy-policy\\\/#breadcrumb\"},\"inLanguage\":\"es\",\"potentialAction\":[{\"@type\":\"ReadAction\",\"target\":[\"https:\\\/\\\/mylipfiller.com\\\/privacy-policy\\\/\"]}]},{\"@type\":\"BreadcrumbList\",\"@id\":\"https:\\\/\\\/mylipfiller.com\\\/privacy-policy\\\/#breadcrumb\",\"itemListElement\":[{\"@type\":\"ListItem\",\"position\":1,\"name\":\"Home\",\"item\":\"https:\\\/\\\/mylipfiller.com\\\/\"},{\"@type\":\"ListItem\",\"position\":2,\"name\":\"Privacy Policy\"}]},{\"@type\":\"WebSite\",\"@id\":\"https:\\\/\\\/mylipfiller.com\\\/#website\",\"url\":\"https:\\\/\\\/mylipfiller.com\\\/\",\"name\":\"My Lip Filler\",\"description\":\"Hyaluronic Acid Lip and Dermal Fillers\",\"publisher\":{\"@id\":\"https:\\\/\\\/mylipfiller.com\\\/#organization\"},\"potentialAction\":[{\"@type\":\"SearchAction\",\"target\":{\"@type\":\"EntryPoint\",\"urlTemplate\":\"https:\\\/\\\/mylipfiller.com\\\/?s={search_term_string}\"},\"query-input\":{\"@type\":\"PropertyValueSpecification\",\"valueRequired\":true,\"valueName\":\"search_term_string\"}}],\"inLanguage\":\"es\"},{\"@type\":\"Organization\",\"@id\":\"https:\\\/\\\/mylipfiller.com\\\/#organization\",\"name\":\"My Lip Filler\",\"url\":\"https:\\\/\\\/mylipfiller.com\\\/\",\"logo\":{\"@type\":\"ImageObject\",\"inLanguage\":\"es\",\"@id\":\"https:\\\/\\\/mylipfiller.com\\\/#\\\/schema\\\/logo\\\/image\\\/\",\"url\":\"https:\\\/\\\/mylipfiller.com\\\/wp-content\\\/uploads\\\/2019\\\/02\\\/cropped-My-Lip-Filler-Logo.png\",\"contentUrl\":\"https:\\\/\\\/mylipfiller.com\\\/wp-content\\\/uploads\\\/2019\\\/02\\\/cropped-My-Lip-Filler-Logo.png\",\"width\":240,\"height\":88,\"caption\":\"My Lip Filler\"},\"image\":{\"@id\":\"https:\\\/\\\/mylipfiller.com\\\/#\\\/schema\\\/logo\\\/image\\\/\"}}]}<\/script>\n<!-- \/ Yoast SEO plugin. -->","yoast_head_json":{"title":"Pol\u00edtica de privacidad - Mi relleno de labios","robots":{"index":"noindex","follow":"nofollow"},"og_locale":"es_MX","og_type":"article","og_title":"Privacy Policy - My Lip Filler","og_description":"This is the Privacy Policy of the website mylipfiller.com, which includes our data and personal information policies, privacy policies, information about cookies and procedures in case of a data breach, as well as all other relevant information. Data collection Personal data from correspondence \u2013 email and contact form Effective communication between us and the customers &hellip; Continuar leyendo \"Privacy Policy\"","og_url":"https:\/\/mylipfiller.com\/es\/privacy-policy\/","og_site_name":"My Lip Filler","article_modified_time":"2020-02-06T12:18:54+00:00","twitter_card":"summary_large_image","twitter_misc":{"Tiempo de lectura":"8 minutos"},"schema":{"@context":"https:\/\/schema.org","@graph":[{"@type":"WebPage","@id":"https:\/\/mylipfiller.com\/privacy-policy\/","url":"https:\/\/mylipfiller.com\/privacy-policy\/","name":"Pol\u00edtica de privacidad - Mi relleno de labios","isPartOf":{"@id":"https:\/\/mylipfiller.com\/#website"},"datePublished":"2019-02-13T08:13:50+00:00","dateModified":"2020-02-06T12:18:54+00:00","breadcrumb":{"@id":"https:\/\/mylipfiller.com\/privacy-policy\/#breadcrumb"},"inLanguage":"es","potentialAction":[{"@type":"ReadAction","target":["https:\/\/mylipfiller.com\/privacy-policy\/"]}]},{"@type":"BreadcrumbList","@id":"https:\/\/mylipfiller.com\/privacy-policy\/#breadcrumb","itemListElement":[{"@type":"ListItem","position":1,"name":"Home","item":"https:\/\/mylipfiller.com\/"},{"@type":"ListItem","position":2,"name":"Privacy Policy"}]},{"@type":"WebSite","@id":"https:\/\/mylipfiller.com\/#website","url":"https:\/\/mylipfiller.com\/","name":"Mi relleno de labios","description":"Rellenos d\u00e9rmicos y de labios con \u00e1cido hialur\u00f3nico","publisher":{"@id":"https:\/\/mylipfiller.com\/#organization"},"potentialAction":[{"@type":"SearchAction","target":{"@type":"EntryPoint","urlTemplate":"https:\/\/mylipfiller.com\/?s={search_term_string}"},"query-input":{"@type":"PropertyValueSpecification","valueRequired":true,"valueName":"search_term_string"}}],"inLanguage":"es"},{"@type":"Organization","@id":"https:\/\/mylipfiller.com\/#organization","name":"Mi relleno de labios","url":"https:\/\/mylipfiller.com\/","logo":{"@type":"ImageObject","inLanguage":"es","@id":"https:\/\/mylipfiller.com\/#\/schema\/logo\/image\/","url":"https:\/\/cdn.mylipfiller.com\/wp-content\/uploads\/2019\/02\/cropped-My-Lip-Filler-Logo.png","contentUrl":"https:\/\/cdn.mylipfiller.com\/wp-content\/uploads\/2019\/02\/cropped-My-Lip-Filler-Logo.png","width":240,"height":88,"caption":"My Lip Filler"},"image":{"@id":"https:\/\/mylipfiller.com\/#\/schema\/logo\/image\/"}}]}},"_links":{"self":[{"href":"https:\/\/mylipfiller.com\/es\/wp-json\/wp\/v2\/pages\/3","targetHints":{"allow":["GET"]}}],"collection":[{"href":"https:\/\/mylipfiller.com\/es\/wp-json\/wp\/v2\/pages"}],"about":[{"href":"https:\/\/mylipfiller.com\/es\/wp-json\/wp\/v2\/types\/page"}],"author":[{"embeddable":true,"href":"https:\/\/mylipfiller.com\/es\/wp-json\/wp\/v2\/users\/1"}],"replies":[{"embeddable":true,"href":"https:\/\/mylipfiller.com\/es\/wp-json\/wp\/v2\/comments?post=3"}],"version-history":[{"count":7,"href":"https:\/\/mylipfiller.com\/es\/wp-json\/wp\/v2\/pages\/3\/revisions"}],"predecessor-version":[{"id":14215,"href":"https:\/\/mylipfiller.com\/es\/wp-json\/wp\/v2\/pages\/3\/revisions\/14215"}],"wp:attachment":[{"href":"https:\/\/mylipfiller.com\/es\/wp-json\/wp\/v2\/media?parent=3"}],"curies":[{"name":"gracias","href":"https:\/\/api.w.org\/{rel}","templated":true}]}}