{"id":40668,"date":"2023-07-18T14:38:32","date_gmt":"2023-07-18T12:38:32","guid":{"rendered":"https:\/\/mylipfiller.com\/?page_id=40668"},"modified":"2023-07-18T15:19:53","modified_gmt":"2023-07-18T13:19:53","slug":"payment-methods","status":"publish","type":"page","link":"https:\/\/mylipfiller.com\/es\/payment-methods\/","title":{"rendered":"M\u00e9todos de pago"},"content":{"rendered":"<p>Nuestra tienda acepta los siguientes m\u00e9todos de pago: pago con tarjeta, transferencia bancaria y transferencia Wise (por ejemplo, Transferwise).<\/p>\n<h3>Pago con tarjeta<\/h3>\n<p>Los pagos con tarjeta se procesan a trav\u00e9s de las pasarelas de pago Truevo y PayU. Con varias excepciones, ambos est\u00e1n disponibles para la compra de todos los productos, lo que le permite usar uno si el otro, por cualquier motivo, no funciona para usted. Podemos aceptar pagos con tarjetas Visa, MasterCard y Maestro, tanto de cr\u00e9dito como de d\u00e9bito. Desafortunadamente, no podemos procesar tarjetas American Express o Discover.<\/p>\n<p>Los servicios de pago con tarjeta est\u00e1n integrados directamente en nuestro sistema. Al pagar con Truevo, el formulario de pago se mostrar\u00e1 directamente en su pantalla en el segundo paso del proceso de pago. Al pagar con PayU, ser\u00e1 redirigido a la Gayteway de Pago de PayU donde se procesar\u00e1 su pago. Ambos servicios procesar\u00e1n su pago instant\u00e1neamente y el estado de su pedido cambiar\u00e1 autom\u00e1ticamente a &quot;Procesando&quot; y recibir\u00e1 un correo electr\u00f3nico de confirmaci\u00f3n con el resumen de su pedido.<\/p>\n<h3>Transferencia bancaria<\/h3>\n<p>La opci\u00f3n de transferencia bancaria est\u00e1 limitada solo a clientes en la UE y EE. UU. Al seleccionar esta opci\u00f3n de pago, su pedido se pone autom\u00e1ticamente &quot;En espera&quot; y recibir\u00e1 un correo electr\u00f3nico con el resumen del pedido y los detalles de nuestra cuenta bancaria. Estos tambi\u00e9n se incluyen en la p\u00e1gina &quot;Gracias&quot;, cuando env\u00eda su pedido. Una vez que se reciba su pago, cambiaremos manualmente el estado de su pedido a &quot;Procesando&quot; y procederemos a enviar su env\u00edo.<\/p>\n<p>Los tiempos de transferencia var\u00edan mucho seg\u00fan su banco, pero en promedio, las transferencias de la UE demoran entre 5 minutos y 2 d\u00edas h\u00e1biles. Las transferencias bancarias de EE. UU. est\u00e1n en el rango de 1 a 3 d\u00edas h\u00e1biles, normalmente.<\/p>\n<p>Te recomendamos poner el n\u00famero de tu pedido como referencia de pago, al realizar la transferencia. Si es posible, env\u00edenos un mensaje para que podamos esperar una transferencia de usted, una vez que se haya enviado.<\/p>\n<h3>Wise (ej. Transferwise)<\/h3>\n<p>Wise es una plataforma de pago internacional que funciona de manera similar a servicios como Zelle. Permite a los clientes enviar dinero usando m\u00faltiples m\u00e9todos, incluyendo tarjeta, transferencia bancaria y algunas soluciones locales, para ciertos pa\u00edses. Esta opci\u00f3n est\u00e1 disponible solo para clientes que tengan una cuenta Wise. Se pueden leer instrucciones detalladas sobre c\u00f3mo pagar con Wise <a href=\"\/es\/payment-instructions\/\" rel=\"nofollow\"><strong>aqu\u00ed<\/strong><\/a>. Estos son para usar Wise para pagar con tarjeta, pero tambi\u00e9n son v\u00e1lidos para otros m\u00e9todos de pago que haya vinculado a su cuenta de Wise.<\/p>\n<p>Por favor, si es posible, agregue su n\u00famero de pedido como referencia de pago, cuando pague a trav\u00e9s de Wise.<\/p>\n<h2>Seguridad de pago<\/h2>\n<p>Ambas pasarelas de pago integradas en nuestro sistema son completamente seguras y confiables. Todas las transacciones de pago con tarjeta est\u00e1n sujetas a la verificaci\u00f3n 3DS v2 para mayor seguridad, que es obligatoria para cada transacci\u00f3n. Las pasarelas de pago est\u00e1n integradas de manera que ning\u00fan dato de la tarjeta pasa por nuestro sistema, sino que se env\u00eda directamente a la pasarela de pago segura de nuestros servicios de procesamiento de pagos.<\/p>\n<p>Tenga en cuenta que cada banco realiza las comprobaciones de 3DS de forma diferente. El m\u00e9todo m\u00e1s popular para la verificaci\u00f3n de dos factores de los pagos con tarjeta es a trav\u00e9s de una contrase\u00f1a de un solo uso que se le env\u00eda por correo electr\u00f3nico, mensaje de texto o la aplicaci\u00f3n de su banco. Por lo general, ser\u00e1 redirigido al sitio web de su banco para realizar la verificaci\u00f3n adicional, despu\u00e9s de lo cual ser\u00e1 redirigido de nuevo a nuestro sistema.<\/p>\n<p><em>Nota: My Lip Filler no retiene, procesa, reenv\u00eda ni almacena ning\u00fan detalle de la tarjeta.<\/em><\/p>\n<h2>Problemas de pago<\/h2>\n<p>En caso de que tenga problemas con el procesamiento\/transferencia de su pago, consulte nuestro <a href=\"\/es\/payment-issues\/\"><strong>gu\u00eda<\/strong><\/a> sobre los problemas de pago m\u00e1s comunes (especialmente pagos con tarjeta).<\/p>\n<h2>Politica de reembolso<\/h2>\n<p>Consulte nuestra pol\u00edtica de reembolso detallada como se describe en la <strong><a href=\"\/es\/terms-conditions\/\">T\u00e9rminos y condiciones<\/a><\/strong> y concretamente en nuestro <strong><a href=\"\/es\/terms-conditions\/#returnpolicy\">Pol\u00edtica de devoluciones<\/a><\/strong>.<\/p>\n<p><\/p>","protected":false},"excerpt":{"rendered":"<p>Nuestra tienda acepta los siguientes m\u00e9todos de pago: pago con tarjeta, transferencia bancaria y transferencia Wise (por ejemplo, Transferwise). Pago con Tarjeta Los pagos con tarjeta se procesan a trav\u00e9s de las pasarelas de pago Truevo y PayU. Con varias excepciones, ambos est\u00e1n disponibles para su compra para todos los productos, lo que le permite usar uno si el otro, por cualquier motivo, no funciona para... <a href=\"https:\/\/mylipfiller.com\/es\/payment-methods\/\" class=\"more-link\">Continuar leyendo<span class=\"screen-reader-text\"> &quot;M\u00e9todos de pago&quot;<\/span><\/a><\/p>","protected":false},"author":1,"featured_media":0,"parent":0,"menu_order":0,"comment_status":"closed","ping_status":"closed","template":"fullwidth-template.php","meta":{"_acf_changed":false,"footnotes":""},"class_list":["post-40668","page","type-page","status-publish","hentry"],"acf":[],"yoast_head":"<!-- This site is optimized with the Yoast SEO plugin v27.2 - https:\/\/yoast.com\/product\/yoast-seo-wordpress\/ -->\n<title>Buy Fillers Using Card or Bank Transfer - My Lip Filler<\/title>\n<meta name=\"description\" content=\"Purchase high quality dermal fillers and mesotherapy products online using your credit or debit Visa\/Mastercard, bank transfer or Wise.\" \/>\n<meta name=\"robots\" content=\"index, follow, max-snippet:-1, max-image-preview:large, max-video-preview:-1\" \/>\n<link rel=\"canonical\" href=\"https:\/\/mylipfiller.com\/es\/payment-methods\/\" \/>\n<meta property=\"og:locale\" content=\"es_MX\" \/>\n<meta property=\"og:type\" content=\"article\" \/>\n<meta property=\"og:title\" content=\"Buy Fillers Using Card or Bank Transfer - My Lip Filler\" \/>\n<meta property=\"og:description\" content=\"Purchase high quality dermal fillers and mesotherapy products online using your credit or debit Visa\/Mastercard, bank transfer or Wise.\" \/>\n<meta property=\"og:url\" content=\"https:\/\/mylipfiller.com\/es\/payment-methods\/\" \/>\n<meta property=\"og:site_name\" content=\"My Lip Filler\" \/>\n<meta property=\"article:modified_time\" content=\"2023-07-18T13:19:53+00:00\" \/>\n<meta name=\"twitter:card\" content=\"summary_large_image\" \/>\n<meta name=\"twitter:label1\" content=\"Tiempo de lectura\" \/>\n\t<meta name=\"twitter:data1\" content=\"3 minutos\" \/>\n<script type=\"application\/ld+json\" class=\"yoast-schema-graph\">{\"@context\":\"https:\/\/schema.org\",\"@graph\":[{\"@type\":\"WebPage\",\"@id\":\"https:\/\/mylipfiller.com\/payment-methods\/\",\"url\":\"https:\/\/mylipfiller.com\/payment-methods\/\",\"name\":\"Buy Fillers Using Card or Bank Transfer - My Lip Filler\",\"isPartOf\":{\"@id\":\"https:\/\/mylipfiller.com\/#website\"},\"datePublished\":\"2023-07-18T12:38:32+00:00\",\"dateModified\":\"2023-07-18T13:19:53+00:00\",\"description\":\"Purchase high quality dermal fillers and mesotherapy products online using your credit or debit Visa\/Mastercard, bank transfer or Wise.\",\"breadcrumb\":{\"@id\":\"https:\/\/mylipfiller.com\/payment-methods\/#breadcrumb\"},\"inLanguage\":\"es\",\"potentialAction\":[{\"@type\":\"ReadAction\",\"target\":[\"https:\/\/mylipfiller.com\/payment-methods\/\"]}]},{\"@type\":\"BreadcrumbList\",\"@id\":\"https:\/\/mylipfiller.com\/payment-methods\/#breadcrumb\",\"itemListElement\":[{\"@type\":\"ListItem\",\"position\":1,\"name\":\"Home\",\"item\":\"https:\/\/mylipfiller.com\/\"},{\"@type\":\"ListItem\",\"position\":2,\"name\":\"Payment Methods\"}]},{\"@type\":\"WebSite\",\"@id\":\"https:\/\/mylipfiller.com\/#website\",\"url\":\"https:\/\/mylipfiller.com\/\",\"name\":\"My Lip Filler\",\"description\":\"Hyaluronic Acid Lip and Dermal Fillers\",\"publisher\":{\"@id\":\"https:\/\/mylipfiller.com\/#organization\"},\"potentialAction\":[{\"@type\":\"SearchAction\",\"target\":{\"@type\":\"EntryPoint\",\"urlTemplate\":\"https:\/\/mylipfiller.com\/?s={search_term_string}\"},\"query-input\":{\"@type\":\"PropertyValueSpecification\",\"valueRequired\":true,\"valueName\":\"search_term_string\"}}],\"inLanguage\":\"es\"},{\"@type\":\"Organization\",\"@id\":\"https:\/\/mylipfiller.com\/#organization\",\"name\":\"My Lip Filler\",\"url\":\"https:\/\/mylipfiller.com\/\",\"logo\":{\"@type\":\"ImageObject\",\"inLanguage\":\"es\",\"@id\":\"https:\/\/mylipfiller.com\/#\/schema\/logo\/image\/\",\"url\":\"https:\/\/cdn.mylipfiller.com\/wp-content\/uploads\/2019\/02\/cropped-My-Lip-Filler-Logo.png\",\"contentUrl\":\"https:\/\/cdn.mylipfiller.com\/wp-content\/uploads\/2019\/02\/cropped-My-Lip-Filler-Logo.png\",\"width\":240,\"height\":88,\"caption\":\"My Lip Filler\"},\"image\":{\"@id\":\"https:\/\/mylipfiller.com\/#\/schema\/logo\/image\/\"}}]}<\/script>\n<!-- \/ Yoast SEO plugin. -->","yoast_head_json":{"title":"Comprar rellenos con tarjeta o transferencia bancaria - My Lip Filler","description":"Compre productos de mesoterapia y rellenos d\u00e9rmicos de alta calidad en l\u00ednea con su tarjeta de cr\u00e9dito o d\u00e9bito Visa\/Mastercard, transferencia bancaria o Wise.","robots":{"index":"index","follow":"follow","max-snippet":"max-snippet:-1","max-image-preview":"max-image-preview:large","max-video-preview":"max-video-preview:-1"},"canonical":"https:\/\/mylipfiller.com\/es\/payment-methods\/","og_locale":"es_MX","og_type":"article","og_title":"Buy Fillers Using Card or Bank Transfer - My Lip Filler","og_description":"Purchase high quality dermal fillers and mesotherapy products online using your credit or debit Visa\/Mastercard, bank transfer or Wise.","og_url":"https:\/\/mylipfiller.com\/es\/payment-methods\/","og_site_name":"My Lip Filler","article_modified_time":"2023-07-18T13:19:53+00:00","twitter_card":"summary_large_image","twitter_misc":{"Tiempo de lectura":"3 minutos"},"schema":{"@context":"https:\/\/schema.org","@graph":[{"@type":"WebPage","@id":"https:\/\/mylipfiller.com\/payment-methods\/","url":"https:\/\/mylipfiller.com\/payment-methods\/","name":"Comprar rellenos con tarjeta o transferencia bancaria - My Lip Filler","isPartOf":{"@id":"https:\/\/mylipfiller.com\/#website"},"datePublished":"2023-07-18T12:38:32+00:00","dateModified":"2023-07-18T13:19:53+00:00","description":"Compre productos de mesoterapia y rellenos d\u00e9rmicos de alta calidad en l\u00ednea con su tarjeta de cr\u00e9dito o d\u00e9bito Visa\/Mastercard, transferencia bancaria o Wise.","breadcrumb":{"@id":"https:\/\/mylipfiller.com\/payment-methods\/#breadcrumb"},"inLanguage":"es","potentialAction":[{"@type":"ReadAction","target":["https:\/\/mylipfiller.com\/payment-methods\/"]}]},{"@type":"BreadcrumbList","@id":"https:\/\/mylipfiller.com\/payment-methods\/#breadcrumb","itemListElement":[{"@type":"ListItem","position":1,"name":"Home","item":"https:\/\/mylipfiller.com\/"},{"@type":"ListItem","position":2,"name":"Payment Methods"}]},{"@type":"WebSite","@id":"https:\/\/mylipfiller.com\/#website","url":"https:\/\/mylipfiller.com\/","name":"Mi relleno de labios","description":"Rellenos d\u00e9rmicos y de labios con \u00e1cido hialur\u00f3nico","publisher":{"@id":"https:\/\/mylipfiller.com\/#organization"},"potentialAction":[{"@type":"SearchAction","target":{"@type":"EntryPoint","urlTemplate":"https:\/\/mylipfiller.com\/?s={search_term_string}"},"query-input":{"@type":"PropertyValueSpecification","valueRequired":true,"valueName":"search_term_string"}}],"inLanguage":"es"},{"@type":"Organization","@id":"https:\/\/mylipfiller.com\/#organization","name":"Mi relleno de labios","url":"https:\/\/mylipfiller.com\/","logo":{"@type":"ImageObject","inLanguage":"es","@id":"https:\/\/mylipfiller.com\/#\/schema\/logo\/image\/","url":"https:\/\/cdn.mylipfiller.com\/wp-content\/uploads\/2019\/02\/cropped-My-Lip-Filler-Logo.png","contentUrl":"https:\/\/cdn.mylipfiller.com\/wp-content\/uploads\/2019\/02\/cropped-My-Lip-Filler-Logo.png","width":240,"height":88,"caption":"My Lip Filler"},"image":{"@id":"https:\/\/mylipfiller.com\/#\/schema\/logo\/image\/"}}]}},"_links":{"self":[{"href":"https:\/\/mylipfiller.com\/es\/wp-json\/wp\/v2\/pages\/40668","targetHints":{"allow":["GET"]}}],"collection":[{"href":"https:\/\/mylipfiller.com\/es\/wp-json\/wp\/v2\/pages"}],"about":[{"href":"https:\/\/mylipfiller.com\/es\/wp-json\/wp\/v2\/types\/page"}],"author":[{"embeddable":true,"href":"https:\/\/mylipfiller.com\/es\/wp-json\/wp\/v2\/users\/1"}],"replies":[{"embeddable":true,"href":"https:\/\/mylipfiller.com\/es\/wp-json\/wp\/v2\/comments?post=40668"}],"version-history":[{"count":4,"href":"https:\/\/mylipfiller.com\/es\/wp-json\/wp\/v2\/pages\/40668\/revisions"}],"predecessor-version":[{"id":40672,"href":"https:\/\/mylipfiller.com\/es\/wp-json\/wp\/v2\/pages\/40668\/revisions\/40672"}],"wp:attachment":[{"href":"https:\/\/mylipfiller.com\/es\/wp-json\/wp\/v2\/media?parent=40668"}],"curies":[{"name":"gracias","href":"https:\/\/api.w.org\/{rel}","templated":true}]}}