{"id":716,"date":"2019-04-03T16:26:49","date_gmt":"2019-04-03T14:26:49","guid":{"rendered":"https:\/\/mylipfiller.com\/?page_id=716"},"modified":"2019-12-05T17:17:36","modified_gmt":"2019-12-05T15:17:36","slug":"return-policy","status":"publish","type":"page","link":"https:\/\/mylipfiller.com\/es\/return-policy\/","title":{"rendered":"Pol\u00edtica de devoluciones"},"content":{"rendered":"<p>Esta p\u00e1gina describe la Pol\u00edtica de devoluci\u00f3n de nuestra tienda en l\u00ednea. Debe considerarse una adici\u00f3n inseparable a nuestros T\u00e9rminos y condiciones y aceptarlos en su totalidad tambi\u00e9n requiere la aceptaci\u00f3n de la Pol\u00edtica de devoluci\u00f3n. <\/p>\n\n\n\n<p>Art\u00edculo derecho de devoluci\u00f3n del cliente<\/p>\n\n\n\n<p>Las reglas para devolver un art\u00edculo se describen en su totalidad en esta Pol\u00edtica de devoluci\u00f3n, as\u00ed como tambi\u00e9n en la p\u00e1gina principal de T\u00e9rminos y condiciones. Cualquier cliente tiene derecho a devolver un art\u00edculo comprado en nuestro sitio web si cumple con la Pol\u00edtica de devoluci\u00f3n y los T\u00e9rminos y condiciones, y el caso espec\u00edfico de devoluci\u00f3n de un art\u00edculo es aceptable seg\u00fan dicha Pol\u00edtica de devoluci\u00f3n.<\/p>\n\n\n\n<p>Antes de realizar una devoluci\u00f3n, el cliente debe comunicarse con nosotros y notificarnos sobre el art\u00edculo que se est\u00e1 devolviendo, el motivo de la devoluci\u00f3n y el m\u00e9todo de env\u00edo.<\/p>\n\n\n\n<p>En general, aceptaremos la devoluci\u00f3n de un art\u00edculo comprado si el problema cae en uno de estos tres grupos:<\/p>\n\n\n\n<ol class=\"wp-block-list\"><li>Existe alg\u00fan tipo de mal funcionamiento o da\u00f1o en el art\u00edculo de compra. Esto puede incluir defectos de fabricaci\u00f3n, roturas u otras formas de da\u00f1o f\u00edsico, caducidad del contenido, desviaci\u00f3n grave de los par\u00e1metros anunciados, que hacen que el uso sea imposible o altamente ineficaz;<\/li><li>El cliente ha recibido el art\u00edculo incorrecto, cantidad de art\u00edculos o productos adicionales \/ inferiores a los pedidos, incluidos los productos que no han sido parte del pedido;<\/li><li>El cliente recibi\u00f3 un art\u00edculo en, que ha sido claramente da\u00f1ado durante el transporte por parte de la empresa de entrega \/ servicios postales;<\/li><li>El cliente desea devolver el art\u00edculo porque cambi\u00f3 de opini\u00f3n; debe devolverse sin abrir y en buenas condiciones, lo que hace posible la venta del art\u00edculo;<\/li><\/ol>\n\n\n\n<h3 class=\"wp-block-heading\">Devolver un art\u00edculo sin problemas<\/h3>\n\n\n\n<p>Cualquier cliente que haya comprado un art\u00edculo en nuestra tienda tiene derecho a cambiar de opini\u00f3n y devolverlo, notific\u00e1ndonos dentro de los 14 d\u00edas posteriores a su recepci\u00f3n. El art\u00edculo debe ser devuelto sin desperfectos, en buen estado, empaquetado sin abrir y en condiciones de uso que permitan comercializarlo y venderlo nuevamente. Los gastos de devoluci\u00f3n corren a cargo del cliente. La tarifa de env\u00edo inicial no es reembolsable, en este caso.<\/p>\n\n\n\n<h3 class=\"wp-block-heading\">Objetos da\u00f1ados<\/h3>\n\n\n\n<p>Todos los art\u00edculos comprados en mylipfiller.com est\u00e1n debidamente embalados, de una manera que consideremos suficiente para protegerlos de da\u00f1os durante el transporte, sin tener en cuenta situaciones extremas, mal manejo por parte del mensajero o imprevistos.<\/p>\n\n\n\n<p>Los clientes de la UE que compraron art\u00edculos en nuestra tienda tienen una garant\u00eda de 2 a\u00f1os. Sin embargo, la garant\u00eda no se aplica en caso de mal manejo del art\u00edculo por parte del cliente, almacenamiento inadecuado, agotamiento de la mercanc\u00eda comprada por uso o vencimiento por haber pasado el per\u00edodo de vencimiento marcado en la caja. La garant\u00eda del consumidor se limita a defectos de fabricaci\u00f3n, da\u00f1os o diferencias en las propiedades anunciadas, que solo podr\u00edan descubrirse despu\u00e9s de abrir el paquete o usar el art\u00edculo. Cualquier da\u00f1o o mal funcionamiento que fue visible a simple vista en el momento de la entrega debe informarse dentro de los 14 d\u00edas posteriores a la recepci\u00f3n del paquete. Por favor cont\u00e1ctenos en <a href=\"mailto:office@skin-heal.com\"> biz@mylipfiller.com<\/a>.<\/p>\n\n\n\n<p>Las quejas deben hacerse en ingl\u00e9s y el cliente debe proporcionar la siguiente informaci\u00f3n: fecha de compra, fecha de entrega, n\u00famero de pedido (si hay uno), nombre, direcci\u00f3n, detalles de contacto, art\u00edculos comprados y una descripci\u00f3n detallada del problema exacto. y c\u00f3mo se descubri\u00f3. Es posible que solicitemos a los clientes que proporcionen informaci\u00f3n adicional, si es necesario.<\/p>\n\n\n\n<p>Nuestra definici\u00f3n de art\u00edculos da\u00f1ados se extiende a los art\u00edculos que no se pueden usar correctamente y tienen capacidades de funcionalidad muy limitadas o propiedades que son notablemente inferiores a las previstas por el fabricante, as\u00ed como un deterioro r\u00e1pido del estado o cualquier otra forma de problema que impida su uso normal. Dichos problemas tambi\u00e9n pueden incluir el etiquetado incorrecto del art\u00edculo, errores en el manual de uso, propiedades peligrosas, as\u00ed como en el caso de una retirada masiva por parte del fabricante.<\/p>\n\n\n\n<p>El cliente debe devolver todos los art\u00edculos dentro de los 14 d\u00edas posteriores a la notificaci\u00f3n. Cada art\u00edculo devuelto se espera y eval\u00faa minuciosamente antes de emitir un reembolso o enviar un producto de reemplazo. Para los art\u00edculos da\u00f1ados que califican, se emite un reembolso completo, incluidas las tarifas de env\u00edo. Los art\u00edculos da\u00f1ados debido a un mal manejo por parte del cliente no son reembolsables.<\/p>","protected":false},"excerpt":{"rendered":"<p>Esta p\u00e1gina describe la pol\u00edtica de devoluciones de nuestra tienda en l\u00ednea. Debe considerarse una adici\u00f3n inseparable a nuestros T\u00e9rminos y condiciones y aceptarlos en su totalidad requiere tambi\u00e9n la aceptaci\u00f3n de la Pol\u00edtica de devoluciones. Derecho de devoluci\u00f3n del art\u00edculo del cliente Las reglas para devolver un art\u00edculo se describen en su totalidad en... <a href=\"https:\/\/mylipfiller.com\/es\/return-policy\/\" class=\"more-link\">Continuar leyendo<span class=\"screen-reader-text\"> &quot;Pol\u00edtica de devoluciones&quot;<\/span><\/a><\/p>","protected":false},"author":1,"featured_media":0,"parent":0,"menu_order":0,"comment_status":"closed","ping_status":"closed","template":"fullwidth-template.php","meta":{"_acf_changed":false,"footnotes":""},"class_list":["post-716","page","type-page","status-publish","hentry"],"acf":[],"yoast_head":"<!-- This site is optimized with the Yoast SEO plugin v27.2 - https:\/\/yoast.com\/product\/yoast-seo-wordpress\/ -->\n<title>Return Policy - My Lip Filler<\/title>\n<meta name=\"robots\" content=\"noindex, nofollow\" \/>\n<meta property=\"og:locale\" content=\"es_MX\" \/>\n<meta property=\"og:type\" content=\"article\" \/>\n<meta property=\"og:title\" content=\"Return Policy - My Lip Filler\" \/>\n<meta property=\"og:description\" content=\"This page outlines the Return Policy of our online store. It is to be considered an inseparable addition to our Terms &amp; Conditions and agreeing to them in full requires the acceptance of the Return Policy as well. Item return right of the customer The rules for returning an item are described in full in &hellip; Continuar leyendo &quot;Return Policy&quot;\" \/>\n<meta property=\"og:url\" content=\"https:\/\/mylipfiller.com\/es\/return-policy\/\" \/>\n<meta property=\"og:site_name\" content=\"My Lip Filler\" \/>\n<meta property=\"article:modified_time\" content=\"2019-12-05T15:17:36+00:00\" \/>\n<meta name=\"twitter:card\" content=\"summary_large_image\" \/>\n<meta name=\"twitter:label1\" content=\"Tiempo de lectura\" \/>\n\t<meta name=\"twitter:data1\" content=\"3 minutos\" \/>\n<script type=\"application\/ld+json\" class=\"yoast-schema-graph\">{\"@context\":\"https:\/\/schema.org\",\"@graph\":[{\"@type\":\"WebPage\",\"@id\":\"https:\/\/mylipfiller.com\/return-policy\/\",\"url\":\"https:\/\/mylipfiller.com\/return-policy\/\",\"name\":\"Return Policy - My Lip Filler\",\"isPartOf\":{\"@id\":\"https:\/\/mylipfiller.com\/#website\"},\"datePublished\":\"2019-04-03T14:26:49+00:00\",\"dateModified\":\"2019-12-05T15:17:36+00:00\",\"breadcrumb\":{\"@id\":\"https:\/\/mylipfiller.com\/return-policy\/#breadcrumb\"},\"inLanguage\":\"es\",\"potentialAction\":[{\"@type\":\"ReadAction\",\"target\":[\"https:\/\/mylipfiller.com\/return-policy\/\"]}]},{\"@type\":\"BreadcrumbList\",\"@id\":\"https:\/\/mylipfiller.com\/return-policy\/#breadcrumb\",\"itemListElement\":[{\"@type\":\"ListItem\",\"position\":1,\"name\":\"Home\",\"item\":\"https:\/\/mylipfiller.com\/\"},{\"@type\":\"ListItem\",\"position\":2,\"name\":\"Return Policy\"}]},{\"@type\":\"WebSite\",\"@id\":\"https:\/\/mylipfiller.com\/#website\",\"url\":\"https:\/\/mylipfiller.com\/\",\"name\":\"My Lip Filler\",\"description\":\"Hyaluronic Acid Lip and Dermal Fillers\",\"publisher\":{\"@id\":\"https:\/\/mylipfiller.com\/#organization\"},\"potentialAction\":[{\"@type\":\"SearchAction\",\"target\":{\"@type\":\"EntryPoint\",\"urlTemplate\":\"https:\/\/mylipfiller.com\/?s={search_term_string}\"},\"query-input\":{\"@type\":\"PropertyValueSpecification\",\"valueRequired\":true,\"valueName\":\"search_term_string\"}}],\"inLanguage\":\"es\"},{\"@type\":\"Organization\",\"@id\":\"https:\/\/mylipfiller.com\/#organization\",\"name\":\"My Lip Filler\",\"url\":\"https:\/\/mylipfiller.com\/\",\"logo\":{\"@type\":\"ImageObject\",\"inLanguage\":\"es\",\"@id\":\"https:\/\/mylipfiller.com\/#\/schema\/logo\/image\/\",\"url\":\"https:\/\/cdn.mylipfiller.com\/wp-content\/uploads\/2019\/02\/cropped-My-Lip-Filler-Logo.png\",\"contentUrl\":\"https:\/\/cdn.mylipfiller.com\/wp-content\/uploads\/2019\/02\/cropped-My-Lip-Filler-Logo.png\",\"width\":240,\"height\":88,\"caption\":\"My Lip Filler\"},\"image\":{\"@id\":\"https:\/\/mylipfiller.com\/#\/schema\/logo\/image\/\"}}]}<\/script>\n<!-- \/ Yoast SEO plugin. -->","yoast_head_json":{"title":"Pol\u00edtica de devoluciones - My Lip Filler","robots":{"index":"noindex","follow":"nofollow"},"og_locale":"es_MX","og_type":"article","og_title":"Return Policy - My Lip Filler","og_description":"This page outlines the Return Policy of our online store. It is to be considered an inseparable addition to our Terms &amp; Conditions and agreeing to them in full requires the acceptance of the Return Policy as well. Item return right of the customer The rules for returning an item are described in full in &hellip; Continuar leyendo \"Return Policy\"","og_url":"https:\/\/mylipfiller.com\/es\/return-policy\/","og_site_name":"My Lip Filler","article_modified_time":"2019-12-05T15:17:36+00:00","twitter_card":"summary_large_image","twitter_misc":{"Tiempo de lectura":"3 minutos"},"schema":{"@context":"https:\/\/schema.org","@graph":[{"@type":"WebPage","@id":"https:\/\/mylipfiller.com\/return-policy\/","url":"https:\/\/mylipfiller.com\/return-policy\/","name":"Pol\u00edtica de devoluciones - My Lip Filler","isPartOf":{"@id":"https:\/\/mylipfiller.com\/#website"},"datePublished":"2019-04-03T14:26:49+00:00","dateModified":"2019-12-05T15:17:36+00:00","breadcrumb":{"@id":"https:\/\/mylipfiller.com\/return-policy\/#breadcrumb"},"inLanguage":"es","potentialAction":[{"@type":"ReadAction","target":["https:\/\/mylipfiller.com\/return-policy\/"]}]},{"@type":"BreadcrumbList","@id":"https:\/\/mylipfiller.com\/return-policy\/#breadcrumb","itemListElement":[{"@type":"ListItem","position":1,"name":"Home","item":"https:\/\/mylipfiller.com\/"},{"@type":"ListItem","position":2,"name":"Return Policy"}]},{"@type":"WebSite","@id":"https:\/\/mylipfiller.com\/#website","url":"https:\/\/mylipfiller.com\/","name":"Mi relleno de labios","description":"Rellenos d\u00e9rmicos y de labios con \u00e1cido hialur\u00f3nico","publisher":{"@id":"https:\/\/mylipfiller.com\/#organization"},"potentialAction":[{"@type":"SearchAction","target":{"@type":"EntryPoint","urlTemplate":"https:\/\/mylipfiller.com\/?s={search_term_string}"},"query-input":{"@type":"PropertyValueSpecification","valueRequired":true,"valueName":"search_term_string"}}],"inLanguage":"es"},{"@type":"Organization","@id":"https:\/\/mylipfiller.com\/#organization","name":"Mi relleno de labios","url":"https:\/\/mylipfiller.com\/","logo":{"@type":"ImageObject","inLanguage":"es","@id":"https:\/\/mylipfiller.com\/#\/schema\/logo\/image\/","url":"https:\/\/cdn.mylipfiller.com\/wp-content\/uploads\/2019\/02\/cropped-My-Lip-Filler-Logo.png","contentUrl":"https:\/\/cdn.mylipfiller.com\/wp-content\/uploads\/2019\/02\/cropped-My-Lip-Filler-Logo.png","width":240,"height":88,"caption":"My Lip Filler"},"image":{"@id":"https:\/\/mylipfiller.com\/#\/schema\/logo\/image\/"}}]}},"_links":{"self":[{"href":"https:\/\/mylipfiller.com\/es\/wp-json\/wp\/v2\/pages\/716","targetHints":{"allow":["GET"]}}],"collection":[{"href":"https:\/\/mylipfiller.com\/es\/wp-json\/wp\/v2\/pages"}],"about":[{"href":"https:\/\/mylipfiller.com\/es\/wp-json\/wp\/v2\/types\/page"}],"author":[{"embeddable":true,"href":"https:\/\/mylipfiller.com\/es\/wp-json\/wp\/v2\/users\/1"}],"replies":[{"embeddable":true,"href":"https:\/\/mylipfiller.com\/es\/wp-json\/wp\/v2\/comments?post=716"}],"version-history":[{"count":5,"href":"https:\/\/mylipfiller.com\/es\/wp-json\/wp\/v2\/pages\/716\/revisions"}],"predecessor-version":[{"id":10196,"href":"https:\/\/mylipfiller.com\/es\/wp-json\/wp\/v2\/pages\/716\/revisions\/10196"}],"wp:attachment":[{"href":"https:\/\/mylipfiller.com\/es\/wp-json\/wp\/v2\/media?parent=716"}],"curies":[{"name":"gracias","href":"https:\/\/api.w.org\/{rel}","templated":true}]}}