{"id":720,"date":"2019-04-03T16:58:34","date_gmt":"2019-04-03T14:58:34","guid":{"rendered":"https:\/\/mylipfiller.com\/?page_id=720"},"modified":"2022-07-18T22:09:34","modified_gmt":"2022-07-18T20:09:34","slug":"shipping-delivery","status":"publish","type":"page","link":"https:\/\/mylipfiller.com\/es\/shipping-delivery\/","title":{"rendered":"Env\u00edo y Entrega"},"content":{"rendered":"<p>A continuaci\u00f3n, describimos los t\u00e9rminos de env\u00edo y entrega de nuestra empresa. Estos deben tratarse como una parte adicional e inseparable de los T\u00e9rminos y condiciones generales. Aceptar dichos T\u00e9rminos y condiciones significa que tambi\u00e9n acepta nuestros T\u00e9rminos de env\u00edo y entrega.<\/p>\n<h3>M\u00e9todo de entrega<\/h3>\n<p>Nuestra empresa utiliza dos m\u00e9todos principales para entregar los art\u00edculos comprados: servicios postales y entrega por mensajer\u00eda. Los servicios postales se ofrecen a trav\u00e9s de correo certificado prioritario. La entrega por mensajer\u00eda est\u00e1 disponible a trav\u00e9s de DHL Express.<\/p>\n<p>La disponibilidad, el precio y la duraci\u00f3n de cada servicio difieren seg\u00fan la ubicaci\u00f3n del cliente.<\/p>\n<p><em>Todos los art\u00edculos se env\u00edan desde un almac\u00e9n en Europa.<\/em><\/p>\n<h3>Env\u00edo de art\u00edculos<\/h3>\n<p>Generalmente, los art\u00edculos se env\u00edan dentro de las 48 horas posteriores a la recepci\u00f3n del pago, excluyendo los d\u00edas no laborables, as\u00ed como los retrasos imprevistos.<\/p>\n<h3>Duraci\u00f3n del env\u00edo<\/h3>\n<p>La duraci\u00f3n del env\u00edo depende del servicio elegido y la ubicaci\u00f3n del cliente. A continuaci\u00f3n se muestran los tiempos de entrega esperados, pero no garantizados:<\/p>\n<ul>\n<li>Priority Mail: de 4 a 5 d\u00edas laborables para Europa y de 10 a 15 d\u00edas laborables para el resto del mundo<\/li>\n<li>DHL Express: 1-2 d\u00edas laborables para la UE y 3-5 d\u00edas laborables para el resto del mundo<\/li>\n<\/ul>\n<p>Todos los precios y plazos de entrega en el sitio web son estimativos. La entrega postal puede demorar hasta 50 d\u00edas h\u00e1biles, mientras que la entrega por mensajer\u00eda puede demorar hasta dos semanas. Consideramos que todos los paquetes entregados en estos plazos est\u00e1n a tiempo. Los retrasos adicionales como resultado de inspecciones aduaneras, procesamiento postal o de mensajer\u00eda, etc.no se considerar\u00e1n un retraso en la entrega ni se contabilizar\u00e1n para el per\u00edodo estimado de entrega. Si hubiera alg\u00fan cambio o diferencia significativa en el presupuesto proporcionado, que afecte la entrega de una compra, se lo notificaremos inmediatamente al cliente. Tenga en cuenta que de ninguna manera somos responsables de los retrasos debidos a eventos imprevistos o retrasos de los que sean responsables los servicios postales, DHL o cualquier otro servicio de entrega utilizado.<\/p>\n<p>Los clientes deben comunicarse con nosotros sobre cualquier paquete retrasado antes de tomar medidas adicionales.<\/p>\n<p>Es responsabilidad del cliente proporcionar informaci\u00f3n de env\u00edo precisa. Todos los retrasos o costos adicionales que sean el resultado de informaci\u00f3n de env\u00edo incompleta o inexacta son responsabilidad del cliente.<\/p>","protected":false},"excerpt":{"rendered":"<p>A continuaci\u00f3n, describimos los t\u00e9rminos de env\u00edo y entrega de nuestra empresa. Estos deben tratarse como una adici\u00f3n y una parte inseparable de los T\u00e9rminos y condiciones generales. Aceptar dichos T\u00e9rminos y condiciones significa que tambi\u00e9n acepta nuestros T\u00e9rminos de env\u00edo y entrega. M\u00e9todo de entrega Nuestra empresa utiliza dos m\u00e9todos principales para entregar los productos comprados... <a href=\"https:\/\/mylipfiller.com\/es\/shipping-delivery\/\" class=\"more-link\">Continuar leyendo<span class=\"screen-reader-text\"> &quot;Env\u00edo y Entrega&quot;<\/span><\/a><\/p>","protected":false},"author":1,"featured_media":0,"parent":0,"menu_order":0,"comment_status":"closed","ping_status":"closed","template":"fullwidth-template.php","meta":{"_acf_changed":false,"footnotes":""},"class_list":["post-720","page","type-page","status-publish","hentry"],"acf":[],"yoast_head":"<!-- This site is optimized with the Yoast SEO plugin v27.2 - https:\/\/yoast.com\/product\/yoast-seo-wordpress\/ -->\n<title>Shipping &amp; Delivery - My Lip Filler<\/title>\n<meta name=\"robots\" content=\"noindex, nofollow\" \/>\n<meta property=\"og:locale\" content=\"es_MX\" \/>\n<meta property=\"og:type\" content=\"article\" \/>\n<meta property=\"og:title\" content=\"Shipping &amp; Delivery - My Lip Filler\" \/>\n<meta property=\"og:description\" content=\"Below we\u2019ve outlined the Shipping &amp; Delivery terms of our company. These are to be treated as an addition and inseparable part of the general Terms &amp; Conditions. Accepting said Terms &amp; Conditions means you\u2019re also accepting our Shipping and &amp; Delivery terms. Method of Delivery Our company uses two primary methods to deliver purchased &hellip; Continuar leyendo &quot;Shipping &#038; Delivery&quot;\" \/>\n<meta property=\"og:url\" content=\"https:\/\/mylipfiller.com\/es\/shipping-delivery\/\" \/>\n<meta property=\"og:site_name\" content=\"My Lip Filler\" \/>\n<meta property=\"article:modified_time\" content=\"2022-07-18T20:09:34+00:00\" \/>\n<meta name=\"twitter:card\" content=\"summary_large_image\" \/>\n<meta name=\"twitter:label1\" content=\"Tiempo de lectura\" \/>\n\t<meta name=\"twitter:data1\" content=\"2 minutos\" \/>\n<script type=\"application\/ld+json\" class=\"yoast-schema-graph\">{\"@context\":\"https:\/\/schema.org\",\"@graph\":[{\"@type\":\"WebPage\",\"@id\":\"https:\/\/mylipfiller.com\/shipping-delivery\/\",\"url\":\"https:\/\/mylipfiller.com\/shipping-delivery\/\",\"name\":\"Shipping & Delivery - My Lip Filler\",\"isPartOf\":{\"@id\":\"https:\/\/mylipfiller.com\/#website\"},\"datePublished\":\"2019-04-03T14:58:34+00:00\",\"dateModified\":\"2022-07-18T20:09:34+00:00\",\"breadcrumb\":{\"@id\":\"https:\/\/mylipfiller.com\/shipping-delivery\/#breadcrumb\"},\"inLanguage\":\"es\",\"potentialAction\":[{\"@type\":\"ReadAction\",\"target\":[\"https:\/\/mylipfiller.com\/shipping-delivery\/\"]}]},{\"@type\":\"BreadcrumbList\",\"@id\":\"https:\/\/mylipfiller.com\/shipping-delivery\/#breadcrumb\",\"itemListElement\":[{\"@type\":\"ListItem\",\"position\":1,\"name\":\"Home\",\"item\":\"https:\/\/mylipfiller.com\/\"},{\"@type\":\"ListItem\",\"position\":2,\"name\":\"Shipping &#038; Delivery\"}]},{\"@type\":\"WebSite\",\"@id\":\"https:\/\/mylipfiller.com\/#website\",\"url\":\"https:\/\/mylipfiller.com\/\",\"name\":\"My Lip Filler\",\"description\":\"Hyaluronic Acid Lip and Dermal Fillers\",\"publisher\":{\"@id\":\"https:\/\/mylipfiller.com\/#organization\"},\"potentialAction\":[{\"@type\":\"SearchAction\",\"target\":{\"@type\":\"EntryPoint\",\"urlTemplate\":\"https:\/\/mylipfiller.com\/?s={search_term_string}\"},\"query-input\":{\"@type\":\"PropertyValueSpecification\",\"valueRequired\":true,\"valueName\":\"search_term_string\"}}],\"inLanguage\":\"es\"},{\"@type\":\"Organization\",\"@id\":\"https:\/\/mylipfiller.com\/#organization\",\"name\":\"My Lip Filler\",\"url\":\"https:\/\/mylipfiller.com\/\",\"logo\":{\"@type\":\"ImageObject\",\"inLanguage\":\"es\",\"@id\":\"https:\/\/mylipfiller.com\/#\/schema\/logo\/image\/\",\"url\":\"https:\/\/cdn.mylipfiller.com\/wp-content\/uploads\/2019\/02\/cropped-My-Lip-Filler-Logo.png\",\"contentUrl\":\"https:\/\/cdn.mylipfiller.com\/wp-content\/uploads\/2019\/02\/cropped-My-Lip-Filler-Logo.png\",\"width\":240,\"height\":88,\"caption\":\"My Lip Filler\"},\"image\":{\"@id\":\"https:\/\/mylipfiller.com\/#\/schema\/logo\/image\/\"}}]}<\/script>\n<!-- \/ Yoast SEO plugin. -->","yoast_head_json":{"title":"Env\u00edo y entrega - Mi relleno de labios","robots":{"index":"noindex","follow":"nofollow"},"og_locale":"es_MX","og_type":"article","og_title":"Shipping & Delivery - My Lip Filler","og_description":"Below we\u2019ve outlined the Shipping &amp; Delivery terms of our company. These are to be treated as an addition and inseparable part of the general Terms &amp; Conditions. Accepting said Terms &amp; Conditions means you\u2019re also accepting our Shipping and &amp; Delivery terms. Method of Delivery Our company uses two primary methods to deliver purchased &hellip; Continuar leyendo \"Shipping &#038; Delivery\"","og_url":"https:\/\/mylipfiller.com\/es\/shipping-delivery\/","og_site_name":"My Lip Filler","article_modified_time":"2022-07-18T20:09:34+00:00","twitter_card":"summary_large_image","twitter_misc":{"Tiempo de lectura":"2 minutos"},"schema":{"@context":"https:\/\/schema.org","@graph":[{"@type":"WebPage","@id":"https:\/\/mylipfiller.com\/shipping-delivery\/","url":"https:\/\/mylipfiller.com\/shipping-delivery\/","name":"Env\u00edo y entrega - Mi relleno de labios","isPartOf":{"@id":"https:\/\/mylipfiller.com\/#website"},"datePublished":"2019-04-03T14:58:34+00:00","dateModified":"2022-07-18T20:09:34+00:00","breadcrumb":{"@id":"https:\/\/mylipfiller.com\/shipping-delivery\/#breadcrumb"},"inLanguage":"es","potentialAction":[{"@type":"ReadAction","target":["https:\/\/mylipfiller.com\/shipping-delivery\/"]}]},{"@type":"BreadcrumbList","@id":"https:\/\/mylipfiller.com\/shipping-delivery\/#breadcrumb","itemListElement":[{"@type":"ListItem","position":1,"name":"Home","item":"https:\/\/mylipfiller.com\/"},{"@type":"ListItem","position":2,"name":"Shipping &#038; Delivery"}]},{"@type":"WebSite","@id":"https:\/\/mylipfiller.com\/#website","url":"https:\/\/mylipfiller.com\/","name":"Mi relleno de labios","description":"Rellenos d\u00e9rmicos y de labios con \u00e1cido hialur\u00f3nico","publisher":{"@id":"https:\/\/mylipfiller.com\/#organization"},"potentialAction":[{"@type":"SearchAction","target":{"@type":"EntryPoint","urlTemplate":"https:\/\/mylipfiller.com\/?s={search_term_string}"},"query-input":{"@type":"PropertyValueSpecification","valueRequired":true,"valueName":"search_term_string"}}],"inLanguage":"es"},{"@type":"Organization","@id":"https:\/\/mylipfiller.com\/#organization","name":"Mi relleno de labios","url":"https:\/\/mylipfiller.com\/","logo":{"@type":"ImageObject","inLanguage":"es","@id":"https:\/\/mylipfiller.com\/#\/schema\/logo\/image\/","url":"https:\/\/cdn.mylipfiller.com\/wp-content\/uploads\/2019\/02\/cropped-My-Lip-Filler-Logo.png","contentUrl":"https:\/\/cdn.mylipfiller.com\/wp-content\/uploads\/2019\/02\/cropped-My-Lip-Filler-Logo.png","width":240,"height":88,"caption":"My Lip Filler"},"image":{"@id":"https:\/\/mylipfiller.com\/#\/schema\/logo\/image\/"}}]}},"_links":{"self":[{"href":"https:\/\/mylipfiller.com\/es\/wp-json\/wp\/v2\/pages\/720","targetHints":{"allow":["GET"]}}],"collection":[{"href":"https:\/\/mylipfiller.com\/es\/wp-json\/wp\/v2\/pages"}],"about":[{"href":"https:\/\/mylipfiller.com\/es\/wp-json\/wp\/v2\/types\/page"}],"author":[{"embeddable":true,"href":"https:\/\/mylipfiller.com\/es\/wp-json\/wp\/v2\/users\/1"}],"replies":[{"embeddable":true,"href":"https:\/\/mylipfiller.com\/es\/wp-json\/wp\/v2\/comments?post=720"}],"version-history":[{"count":6,"href":"https:\/\/mylipfiller.com\/es\/wp-json\/wp\/v2\/pages\/720\/revisions"}],"predecessor-version":[{"id":36432,"href":"https:\/\/mylipfiller.com\/es\/wp-json\/wp\/v2\/pages\/720\/revisions\/36432"}],"wp:attachment":[{"href":"https:\/\/mylipfiller.com\/es\/wp-json\/wp\/v2\/media?parent=720"}],"curies":[{"name":"gracias","href":"https:\/\/api.w.org\/{rel}","templated":true}]}}