{"id":796,"date":"2019-05-29T09:43:53","date_gmt":"2019-05-29T07:43:53","guid":{"rendered":"https:\/\/mylipfiller.com\/?page_id=796"},"modified":"2024-09-17T17:07:01","modified_gmt":"2024-09-17T15:07:01","slug":"about-us","status":"publish","type":"page","link":"https:\/\/mylipfiller.com\/es\/about-us\/","title":{"rendered":"Sobre nosotros"},"content":{"rendered":"<p>El realce de labios ahora se puede lograr a trav\u00e9s de varios tratamientos y procedimientos diferentes. Sin embargo, los rellenos de labios confiables dominan el juego porque su aplicaci\u00f3n no implica muchos riesgos, dolor o tiempo de inactividad. La prueba de esta nueva tendencia emergente en el aumento de labios es la existencia de <strong>Mi relleno de labios<\/strong> - una tienda en l\u00ednea moderna y un distribuidor debidamente registrado de las mejores inyecciones para labios que existen en la actualidad. Estamos entre las primeras empresas en reconocer la necesidad de <em>una tienda web especializada<\/em> dedicada concretamente a este tipo de productos avanzados. Como pioneros en el mundo del comercio minorista en l\u00ednea, solo puede esperar grandes cosas de nosotros que incluyen:<\/p>\r\n\r\n\r\n\r\n<ul class=\"wp-block-list\">\r\n<li><strong>Ofertas exclusivas y ofertas de productos<\/strong><\/li>\r\n<li><strong>Env\u00edo internacional r\u00e1pido <\/strong><\/li>\r\n<li><strong>Precios inmejorables<\/strong><\/li>\r\n<li><strong>Calidad inigualable<\/strong><\/li>\r\n<\/ul>\r\n\r\n\r\n\r\n<p>Tenemos una debilidad por los rellenos de \u00e1cido hialur\u00f3nico sin riesgo porque no tienen rival en lo que respecta a la seguridad, durabilidad y eficacia, y estas son tres cosas que hemos descubierto que son de inmensa importancia tanto para los cirujanos pl\u00e1sticos certificados por la junta como para los pacientes que buscan para un tratamiento de rejuvenecimiento cosm\u00e9tico de aspecto natural.<\/p>\r\n\r\n\r\n\r\n<h2 class=\"wp-block-heading\">My Lip Filler te ayudar\u00e1 a encontrar tu relleno de labios ideal ...<\/h2>\r\n\r\n\r\n\r\n<p><em>Dermalax, Zishel, Revolax, Monalisa, Regenovue, Rejeunesse<\/em>... desde marcas de rellenos de labios bien conocidas y establecidas hasta opciones de alto rendimiento recientemente emergentes: My Lip Filler es un distribuidor mayorista calificado y minorista en l\u00ednea que depende de un equipo de <strong>expertos certificados y examinados<\/strong> para elegir las inyecciones labiales m\u00e1s confiables y mejor calificadas que existen para su cat\u00e1logo. Hemos pasado a\u00f1os siguiendo de cerca los \u00faltimos desarrollos e innovaciones en este nicho de rejuvenecimiento cosm\u00e9tico, lo que significa que cada inyecci\u00f3n de relleno que encuentre en nuestra tienda en l\u00ednea ha sido completamente probada, aprobada por el cliente y por expertos y segura de usar. Nuestra misi\u00f3n principal es ayudarlo a encontrar el relleno de labios ideal para sus necesidades \u00fanicas.<\/p>\r\n\r\n\r\n\r\n<h3 class=\"wp-block-heading\">\u2026 Y muchos productos de calidad para el rejuvenecimiento de la piel<\/h3>\r\n\r\n\r\n\r\n<p>Los geles de relleno de aumento de labios de clase mundial pueden ser nuestro punto d\u00e9bil, pero My Lip Filler tambi\u00e9n es un distribuidor mayorista confiable de muchos otros <em>soluciones antienvejecimiento bien recomendadas<\/em>. Es m\u00e1s, incluso ofrecemos una serie de equipos y dispositivos m\u00e9dicos fiables. Como resultado, nuestra gama de productos actual incluye:<\/p>\r\n\r\n\r\n\r\n<ul class=\"wp-block-list\">\r\n<li><strong>Alta calidad<\/strong><strong> rellenos de labios<\/strong><\/li>\r\n<li><strong>Rellenos faciales asequibles<\/strong> (para la eliminaci\u00f3n de arrugas superficiales y profundas)<\/li>\r\n<li><strong>Productos de mesoterapia avanzada<\/strong><\/li>\r\n<li><strong>Kits de extracci\u00f3n de plasma rico en plaquetas<\/strong> (Kits de PRP)<\/li>\r\n<li><strong>C\u00e1nulas innovadoras<\/strong><\/li>\r\n<\/ul>\r\n\r\n\r\n\r\n<p>Garantizamos la eficacia y seguridad de cada uno de los productos que puedes encontrar en nuestra web porque son aut\u00e9nticos y provienen directamente de las empresas que los dise\u00f1an y producen. Adem\u00e1s, la mayor\u00eda de ellos est\u00e1n basados en HA, lo que significa que son <em>100% biodegradable y biocompatible<\/em> ya que no contienen ingredientes de origen animal.<\/p>\r\n\r\n\r\n\r\n<h2 class=\"wp-block-heading\">Esto es solo el comienzo<\/h2>\r\n\r\n\r\n\r\n<p>My Lip Filler es una tienda ambiciosa que ha estado ampliando con \u00e9xito y r\u00e1pidamente su base de clientes desde su lanzamiento. Siempre estamos trabajando duro para construir nuevas asociaciones, descubrir nuevos productos m\u00e9dicos y de belleza revolucionarios para poder ofrecer algo mejor y diferente a nuestros clientes. Por lo tanto, si se queda con nosotros, le prometemos que no se decepcionar\u00e1 porque esto es solo el comienzo y tenemos muchos <em>m\u00e1s cosas emocionantes para ti en la tienda<\/em>.<\/p>\r\n<h2>Detalles de la compa\u00f1\u00eda<\/h2>\r\n<p><strong>Georock Desing SRL<\/strong><\/p>\r\n<p>Reg. N\u00famero: 38115792<br \/>Poporului Nr. 36<br \/>900178 Constanta, Ruman\u00eda<br \/>Tel\u00e9fono: +1 (323) 250-7104<br \/>Tel\u00e9fono: +40 (312) 295-414<br \/>biz@mylipfiller.com<\/p>\r\n<p>&nbsp;<\/p>","protected":false},"excerpt":{"rendered":"<p>El realce de los labios ahora se puede lograr a trav\u00e9s de una serie de tratamientos y procedimientos diferentes. Sin embargo, los rellenos de labios confiables dominan el juego porque su aplicaci\u00f3n no implica muchos riesgos, dolor o tiempo de inactividad. La prueba de esta nueva tendencia emergente en el aumento de labios es la existencia de My Lip Filler, un moderno sitio en l\u00ednea... <a href=\"https:\/\/mylipfiller.com\/es\/about-us\/\" class=\"more-link\">Continuar leyendo<span class=\"screen-reader-text\"> &quot;Sobre nosotros&quot;<\/span><\/a><\/p>","protected":false},"author":1,"featured_media":0,"parent":0,"menu_order":0,"comment_status":"closed","ping_status":"closed","template":"fullwidth-template.php","meta":{"_acf_changed":false,"footnotes":""},"class_list":["post-796","page","type-page","status-publish","hentry"],"acf":[],"yoast_head":"<!-- This site is optimized with the Yoast SEO plugin v27.2 - https:\/\/yoast.com\/product\/yoast-seo-wordpress\/ -->\n<title>About Us - My Lip Filler<\/title>\n<meta name=\"description\" content=\"An overview of the company and team behind My Lip Filler and what products and services we can offer customers looking for high quality dermal fillers.\" \/>\n<meta name=\"robots\" content=\"index, follow, max-snippet:-1, max-image-preview:large, max-video-preview:-1\" \/>\n<link rel=\"canonical\" href=\"https:\/\/mylipfiller.com\/es\/about-us\/\" \/>\n<meta property=\"og:locale\" content=\"es_MX\" \/>\n<meta property=\"og:type\" content=\"article\" \/>\n<meta property=\"og:title\" content=\"About Us - My Lip Filler\" \/>\n<meta property=\"og:description\" content=\"An overview of the company and team behind My Lip Filler and what products and services we can offer customers looking for high quality dermal fillers.\" \/>\n<meta property=\"og:url\" content=\"https:\/\/mylipfiller.com\/es\/about-us\/\" \/>\n<meta property=\"og:site_name\" content=\"My Lip Filler\" \/>\n<meta property=\"article:modified_time\" content=\"2024-09-17T15:07:01+00:00\" \/>\n<meta name=\"twitter:card\" content=\"summary_large_image\" \/>\n<meta name=\"twitter:label1\" content=\"Tiempo de lectura\" \/>\n\t<meta name=\"twitter:data1\" content=\"3 minutos\" \/>\n<script type=\"application\/ld+json\" class=\"yoast-schema-graph\">{\"@context\":\"https:\/\/schema.org\",\"@graph\":[{\"@type\":\"WebPage\",\"@id\":\"https:\/\/mylipfiller.com\/about-us\/\",\"url\":\"https:\/\/mylipfiller.com\/about-us\/\",\"name\":\"About Us - My Lip Filler\",\"isPartOf\":{\"@id\":\"https:\/\/mylipfiller.com\/#website\"},\"datePublished\":\"2019-05-29T07:43:53+00:00\",\"dateModified\":\"2024-09-17T15:07:01+00:00\",\"description\":\"An overview of the company and team behind My Lip Filler and what products and services we can offer customers looking for high quality dermal fillers.\",\"breadcrumb\":{\"@id\":\"https:\/\/mylipfiller.com\/about-us\/#breadcrumb\"},\"inLanguage\":\"es\",\"potentialAction\":[{\"@type\":\"ReadAction\",\"target\":[\"https:\/\/mylipfiller.com\/about-us\/\"]}]},{\"@type\":\"BreadcrumbList\",\"@id\":\"https:\/\/mylipfiller.com\/about-us\/#breadcrumb\",\"itemListElement\":[{\"@type\":\"ListItem\",\"position\":1,\"name\":\"Home\",\"item\":\"https:\/\/mylipfiller.com\/\"},{\"@type\":\"ListItem\",\"position\":2,\"name\":\"About Us\"}]},{\"@type\":\"WebSite\",\"@id\":\"https:\/\/mylipfiller.com\/#website\",\"url\":\"https:\/\/mylipfiller.com\/\",\"name\":\"My Lip Filler\",\"description\":\"Hyaluronic Acid Lip and Dermal Fillers\",\"publisher\":{\"@id\":\"https:\/\/mylipfiller.com\/#organization\"},\"potentialAction\":[{\"@type\":\"SearchAction\",\"target\":{\"@type\":\"EntryPoint\",\"urlTemplate\":\"https:\/\/mylipfiller.com\/?s={search_term_string}\"},\"query-input\":{\"@type\":\"PropertyValueSpecification\",\"valueRequired\":true,\"valueName\":\"search_term_string\"}}],\"inLanguage\":\"es\"},{\"@type\":\"Organization\",\"@id\":\"https:\/\/mylipfiller.com\/#organization\",\"name\":\"My Lip Filler\",\"url\":\"https:\/\/mylipfiller.com\/\",\"logo\":{\"@type\":\"ImageObject\",\"inLanguage\":\"es\",\"@id\":\"https:\/\/mylipfiller.com\/#\/schema\/logo\/image\/\",\"url\":\"https:\/\/cdn.mylipfiller.com\/wp-content\/uploads\/2019\/02\/cropped-My-Lip-Filler-Logo.png\",\"contentUrl\":\"https:\/\/cdn.mylipfiller.com\/wp-content\/uploads\/2019\/02\/cropped-My-Lip-Filler-Logo.png\",\"width\":240,\"height\":88,\"caption\":\"My Lip Filler\"},\"image\":{\"@id\":\"https:\/\/mylipfiller.com\/#\/schema\/logo\/image\/\"}}]}<\/script>\n<!-- \/ Yoast SEO plugin. -->","yoast_head_json":{"title":"Sobre nosotros - Mi relleno de labios","description":"Una descripci\u00f3n general de la empresa y el equipo detr\u00e1s de My Lip Filler y qu\u00e9 productos y servicios podemos ofrecer a los clientes que buscan rellenos d\u00e9rmicos de alta calidad.","robots":{"index":"index","follow":"follow","max-snippet":"max-snippet:-1","max-image-preview":"max-image-preview:large","max-video-preview":"max-video-preview:-1"},"canonical":"https:\/\/mylipfiller.com\/es\/about-us\/","og_locale":"es_MX","og_type":"article","og_title":"About Us - My Lip Filler","og_description":"An overview of the company and team behind My Lip Filler and what products and services we can offer customers looking for high quality dermal fillers.","og_url":"https:\/\/mylipfiller.com\/es\/about-us\/","og_site_name":"My Lip Filler","article_modified_time":"2024-09-17T15:07:01+00:00","twitter_card":"summary_large_image","twitter_misc":{"Tiempo de lectura":"3 minutos"},"schema":{"@context":"https:\/\/schema.org","@graph":[{"@type":"WebPage","@id":"https:\/\/mylipfiller.com\/about-us\/","url":"https:\/\/mylipfiller.com\/about-us\/","name":"Sobre nosotros - Mi relleno de labios","isPartOf":{"@id":"https:\/\/mylipfiller.com\/#website"},"datePublished":"2019-05-29T07:43:53+00:00","dateModified":"2024-09-17T15:07:01+00:00","description":"Una descripci\u00f3n general de la empresa y el equipo detr\u00e1s de My Lip Filler y qu\u00e9 productos y servicios podemos ofrecer a los clientes que buscan rellenos d\u00e9rmicos de alta calidad.","breadcrumb":{"@id":"https:\/\/mylipfiller.com\/about-us\/#breadcrumb"},"inLanguage":"es","potentialAction":[{"@type":"ReadAction","target":["https:\/\/mylipfiller.com\/about-us\/"]}]},{"@type":"BreadcrumbList","@id":"https:\/\/mylipfiller.com\/about-us\/#breadcrumb","itemListElement":[{"@type":"ListItem","position":1,"name":"Home","item":"https:\/\/mylipfiller.com\/"},{"@type":"ListItem","position":2,"name":"About Us"}]},{"@type":"WebSite","@id":"https:\/\/mylipfiller.com\/#website","url":"https:\/\/mylipfiller.com\/","name":"Mi relleno de labios","description":"Rellenos d\u00e9rmicos y de labios con \u00e1cido hialur\u00f3nico","publisher":{"@id":"https:\/\/mylipfiller.com\/#organization"},"potentialAction":[{"@type":"SearchAction","target":{"@type":"EntryPoint","urlTemplate":"https:\/\/mylipfiller.com\/?s={search_term_string}"},"query-input":{"@type":"PropertyValueSpecification","valueRequired":true,"valueName":"search_term_string"}}],"inLanguage":"es"},{"@type":"Organization","@id":"https:\/\/mylipfiller.com\/#organization","name":"Mi relleno de labios","url":"https:\/\/mylipfiller.com\/","logo":{"@type":"ImageObject","inLanguage":"es","@id":"https:\/\/mylipfiller.com\/#\/schema\/logo\/image\/","url":"https:\/\/cdn.mylipfiller.com\/wp-content\/uploads\/2019\/02\/cropped-My-Lip-Filler-Logo.png","contentUrl":"https:\/\/cdn.mylipfiller.com\/wp-content\/uploads\/2019\/02\/cropped-My-Lip-Filler-Logo.png","width":240,"height":88,"caption":"My Lip Filler"},"image":{"@id":"https:\/\/mylipfiller.com\/#\/schema\/logo\/image\/"}}]}},"_links":{"self":[{"href":"https:\/\/mylipfiller.com\/es\/wp-json\/wp\/v2\/pages\/796","targetHints":{"allow":["GET"]}}],"collection":[{"href":"https:\/\/mylipfiller.com\/es\/wp-json\/wp\/v2\/pages"}],"about":[{"href":"https:\/\/mylipfiller.com\/es\/wp-json\/wp\/v2\/types\/page"}],"author":[{"embeddable":true,"href":"https:\/\/mylipfiller.com\/es\/wp-json\/wp\/v2\/users\/1"}],"replies":[{"embeddable":true,"href":"https:\/\/mylipfiller.com\/es\/wp-json\/wp\/v2\/comments?post=796"}],"version-history":[{"count":6,"href":"https:\/\/mylipfiller.com\/es\/wp-json\/wp\/v2\/pages\/796\/revisions"}],"predecessor-version":[{"id":42004,"href":"https:\/\/mylipfiller.com\/es\/wp-json\/wp\/v2\/pages\/796\/revisions\/42004"}],"wp:attachment":[{"href":"https:\/\/mylipfiller.com\/es\/wp-json\/wp\/v2\/media?parent=796"}],"curies":[{"name":"gracias","href":"https:\/\/api.w.org\/{rel}","templated":true}]}}