{"id":800,"date":"2019-05-29T09:47:16","date_gmt":"2019-05-29T07:47:16","guid":{"rendered":"https:\/\/mylipfiller.com\/?page_id=800"},"modified":"2024-10-11T09:53:26","modified_gmt":"2024-10-11T07:53:26","slug":"contact-us","status":"publish","type":"page","link":"https:\/\/mylipfiller.com\/es\/contact-us\/","title":{"rendered":"Cont\u00e1ctenos"},"content":{"rendered":"<div id=\"pl-800\"  class=\"panel-layout\" >\n<div id=\"pg-800-0\"  class=\"panel-grid panel-no-style\"  data-style=\"{&quot;background_image_attachment&quot;:false,&quot;background_display&quot;:&quot;tile&quot;,&quot;background_image_size&quot;:&quot;full&quot;,&quot;background_image_opacity&quot;:&quot;100&quot;,&quot;border_thickness&quot;:&quot;1px&quot;,&quot;full_height&quot;:&quot;&quot;,&quot;lsow_dark_bg&quot;:&quot;&quot;,&quot;cell_alignment&quot;:&quot;flex-start&quot;}\" >\n<div id=\"pgc-800-0-0\"  class=\"panel-grid-cell\"  data-weight=\"0.5\" >\n<div id=\"panel-800-0-0-0\" class=\"so-panel widget widget_sow-editor panel-first-child panel-last-child\" data-index=\"0\" data-style=\"{&quot;background_image_attachment&quot;:false,&quot;background_display&quot;:&quot;tile&quot;,&quot;background_image_size&quot;:&quot;full&quot;,&quot;background_image_opacity&quot;:&quot;100&quot;,&quot;border_thickness&quot;:&quot;1px&quot;}\" >\n<div\n\t\t\t\n\t\t\tclass=\"so-widget-sow-editor so-widget-sow-editor-base\"\n\t\t\t\n\t\t><\/p>\n<div class=\"siteorigin-widget-tinymce textwidget\">\n<div class=\"wpcf7 no-js\" id=\"wpcf7-f156-o1\" lang=\"en-US\" dir=\"ltr\">\n<div class=\"screen-reader-response\">\n<p role=\"status\" aria-live=\"polite\" aria-atomic=\"true\">\n<ul><\/ul>\n<\/div>\n<form action=\"\/wp-admin\/post.php#wpcf7-f156-o1\" method=\"post\" class=\"wpcf7-form init contact-us-form\" aria-label=\"Formulario de contacto\" novalidate=\"novalidate\" data-status=\"init\" data-trp-original-action=\"\/wp-admin\/post.php#wpcf7-f156-o1\">\n<div style=\"display: none;\">\n<input type=\"hidden\" name=\"_wpcf7\" value=\"156\" \/><br \/>\n<input type=\"hidden\" name=\"_wpcf7_version\" value=\"5.9.8\" \/><br \/>\n<input type=\"hidden\" name=\"_wpcf7_locale\" value=\"en_US\" \/><br \/>\n<input type=\"hidden\" name=\"_wpcf7_unit_tag\" value=\"wpcf7-f156-o1\" \/><br \/>\n<input type=\"hidden\" name=\"_wpcf7_container_post\" value=\"0\" \/><br \/>\n<input type=\"hidden\" name=\"_wpcf7_posted_data_hash\" value=\"\" \/>\n<\/div>\n<p><label class=\"form-name\"><span class=\"wpcf7-form-control-wrap\" data-name=\"your-name\"><input size=\"40\" maxlength=\"400\" class=\"wpcf7-form-control wpcf7-text wpcf7-validates-as-required\" aria-required=\"true\" aria-invalid=\"false\" placeholder=\"Nombre completo\" value=\"\" type=\"text\" name=\"your-name\" \/><\/span> <\/label>\n<\/p>\n<p><label class=\"form-email\"><span class=\"wpcf7-form-control-wrap\" data-name=\"your-email\"><input size=\"40\" maxlength=\"400\" class=\"wpcf7-form-control wpcf7-email wpcf7-validates-as-required wpcf7-text wpcf7-validates-as-email\" aria-required=\"true\" aria-invalid=\"false\" placeholder=\"Direcci\u00f3n de correo electr\u00f3nico\" value=\"\" type=\"email\" name=\"your-email\" \/><\/span> <\/label>\n<\/p>\n<p><label><span class=\"wpcf7-form-control-wrap\" data-name=\"your-subject\"><input size=\"40\" maxlength=\"400\" class=\"wpcf7-form-control wpcf7-text\" aria-invalid=\"false\" placeholder=\"Tema\" value=\"\" type=\"text\" name=\"your-subject\" \/><\/span> <\/label>\n<\/p>\n<p><label><span class=\"wpcf7-form-control-wrap\" data-name=\"your-message\"><textarea cols=\"40\" rows=\"10\" maxlength=\"2000\" class=\"wpcf7-form-control wpcf7-textarea\" aria-invalid=\"false\" placeholder=\"Mensaje\" name=\"your-message\"><\/textarea><\/span> <\/label>\n<\/p>\n<p><input class=\"wpcf7-form-control wpcf7-submit has-spinner\" id=\"cformsubmit\" type=\"submit\" value=\"Enviar\" \/>\n<\/p>\n<p><div class=\"cf7-cf-turnstile\" style=\"margin-top: 0px; margin-bottom: -15px;\"> <script>document.addEventListener(\"DOMContentLoaded\",function(){document.querySelectorAll('.wpcf7-form').forEach(function(e){e.addEventListener('submit',function(){if(document.getElementById('cf-turnstile-cf7-525462991')){setTimeout(function(){turnstile.reset('#cf-turnstile-cf7-525462991');},1000)}})})});<\/script> <\/div>\n<\/p>\n<div class=\"wpcf7-response-output\" aria-hidden=\"true\"><\/div>\n<input type=\"hidden\" name=\"trp-form-language\" value=\"es\"\/><\/form>\n<\/div>\n<\/div>\n<\/div>\n<\/div>\n<\/div>\n<div id=\"pgc-800-0-1\"  class=\"panel-grid-cell\"  data-weight=\"0.5\" >\n<div id=\"panel-800-0-1-0\" class=\"so-panel widget widget_sow-editor panel-first-child panel-last-child\" data-index=\"1\" data-style=\"{&quot;background_image_attachment&quot;:false,&quot;background_display&quot;:&quot;tile&quot;,&quot;background_image_size&quot;:&quot;full&quot;,&quot;background_image_opacity&quot;:&quot;100&quot;,&quot;border_thickness&quot;:&quot;1px&quot;}\" >\n<div\n\t\t\t\n\t\t\tclass=\"so-widget-sow-editor so-widget-sow-editor-base\"\n\t\t\t\n\t\t><\/p>\n<div class=\"siteorigin-widget-tinymce textwidget\">\n\t<strong>Georock Desing SRL<\/strong><\/p>\n<p>Reg. N\u00famero: 38115792<br \/>\nPoporului Nr. 36<br \/>\n900178 Constanta, Ruman\u00eda<br \/>\nTel\u00e9fono: <a href=\"tel:40312295414\" class=\"ro-number\">+40 (312) 295-414<\/a><br \/>\nTel\u00e9fono: <a href=\"tel:19293221217\" class=\"us-number\">+1 (929) 322-1217<\/a><br \/>\nCorreo electr\u00f3nico: <a href=\"mailto:biz@mylipfiller.com\" class=\"sitemail\">biz@mylipfiller.com<\/a><\/div>\n<\/div>\n<\/div>\n<\/div>\n<\/div>\n<div id=\"pg-800-1\"  class=\"panel-grid panel-no-style\"  data-style=\"{&quot;background_image_attachment&quot;:false,&quot;background_display&quot;:&quot;tile&quot;,&quot;background_image_size&quot;:&quot;full&quot;,&quot;border_thickness&quot;:&quot;1px&quot;,&quot;full_height&quot;:&quot;&quot;,&quot;lsow_dark_bg&quot;:&quot;&quot;,&quot;bottom_margin&quot;:&quot;50px&quot;,&quot;cell_alignment&quot;:&quot;flex-start&quot;,&quot;mobile_bottom_margin&quot;:&quot;25px&quot;}\" >\n<div id=\"pgc-800-1-0\"  class=\"panel-grid-cell\"  data-weight=\"1\" >\n<div id=\"panel-800-1-0-0\" class=\"so-panel widget widget_text panel-first-child panel-last-child\" data-index=\"2\" data-style=\"{&quot;widget_css&quot;:&quot;border: solid 1px black;\\nborder-radius: 25px;\\npadding: 25px;&quot;,&quot;mobile_css&quot;:&quot;border-radius: 15px;\\npadding: 15px;&quot;,&quot;background_image_attachment&quot;:false,&quot;background_display&quot;:&quot;tile&quot;,&quot;background_image_size&quot;:&quot;full&quot;,&quot;border_thickness&quot;:&quot;1px&quot;}\" >\n<div class=\"panel-widget-style panel-widget-style-for-800-1-0-0\" >\n<div class=\"textwidget\">\n<p>En My Lip Filler, nos especializamos en proporcionar rellenos d\u00e9rmicos de primera calidad que pueden ayudar a realzar su belleza natural y aumentar su confianza. Ya sea que desee reducir las arrugas, restaurar el volumen o redefinir los contornos faciales, tenemos el relleno d\u00e9rmico perfecto para usted.<\/p>\n<h3 style=\"margin-top: 0\">\u00bfPor qu\u00e9 elegir mis rellenos d\u00e9rmicos de relleno de labios?<\/h3>\n<p>Cuando se trata de tu piel, solo lo mejor ser\u00e1 suficiente. En My Lip Filler, priorizamos su seguridad y satisfacci\u00f3n por encima de todo. Nuestros rellenos d\u00e9rmicos son producidos por fabricantes de renombre, lo que garantiza que cumplan con los m\u00e1s altos est\u00e1ndares de la industria. Adem\u00e1s, nuestros productos se someten a rigurosas pruebas para garantizar su seguridad y eficacia.<\/p>\n<p>Tenga la seguridad de que est\u00e1 en buenas manos cuando elige My Lip Filler para sus necesidades de relleno d\u00e9rmico. Entendemos que cada individuo es \u00fanico, con objetivos diferentes. Es por eso que ofrecemos un enfoque personalizado, asegur\u00e1ndonos de que reciba los mejores resultados posibles. Durante su consulta, nuestros especialistas evaluar\u00e1n su estructura facial, discutir\u00e1n el resultado deseado y crear\u00e1n un plan de tratamiento espec\u00edficamente para usted.<\/p>\n<p>En My Lip Filler, creemos que todos merecen sentirse seguros de s\u00ed mismos. Nuestros rellenos d\u00e9rmicos de primera calidad, combinados con nuestro compromiso con la excelencia, nos distinguen de la competencia. Con nuestra experiencia y enfoque personalizado, puede lograr resultados de apariencia natural y abrazar su belleza a cualquier edad.<\/p>\n<p>Cont\u00e1ctenos hoy para programar su consulta y dar el primer paso hacia una piel joven y radiante con los rellenos d\u00e9rmicos My Lip Filler.<\/p>\n<\/div><\/div>\n<\/div>\n<\/div>\n<\/div>\n<\/div>","protected":false},"excerpt":{"rendered":"<p>Georock Desing SRL Reg. No: 38115792 Poporului Nr. 36 900178 Constanta, Rumania Tel: +40 (312) 295-414 Tel: +1 (929) 322-1217 Email: biz@mylipfiller.com En My Lip Filler, nos especializamos en proporcionar rellenos d\u00e9rmicos de primera calidad que pueden ayudar a realzar su belleza natural y aumentar su confianza. Ya sea que desee reducir las arrugas, restaurar el volumen o redefinir \u2026 <a href=\"https:\/\/mylipfiller.com\/es\/contact-us\/\" class=\"more-link\">Continuar leyendo<span class=\"screen-reader-text\"> &quot;Cont\u00e1ctenos&quot;<\/span><\/a><\/p>","protected":false},"author":1,"featured_media":0,"parent":0,"menu_order":0,"comment_status":"closed","ping_status":"closed","template":"fullwidth-template.php","meta":{"_acf_changed":false,"footnotes":""},"class_list":["post-800","page","type-page","status-publish","hentry"],"acf":[],"yoast_head":"<!-- This site is optimized with the Yoast SEO plugin v27.2 - https:\/\/yoast.com\/product\/yoast-seo-wordpress\/ -->\n<title>Contact Us - My Lip Filler<\/title>\n<meta name=\"description\" content=\"Get in touch with us if you need more information about our lip fillers or need any information regarding our products and business.\" \/>\n<meta name=\"robots\" content=\"index, follow, max-snippet:-1, max-image-preview:large, max-video-preview:-1\" \/>\n<link rel=\"canonical\" href=\"https:\/\/mylipfiller.com\/es\/contact-us\/\" \/>\n<meta property=\"og:locale\" content=\"es_MX\" \/>\n<meta property=\"og:type\" content=\"article\" \/>\n<meta property=\"og:title\" content=\"Contact Us - My Lip Filler\" \/>\n<meta property=\"og:description\" content=\"Get in touch with us if you need more information about our lip fillers or need any information regarding our products and business.\" \/>\n<meta property=\"og:url\" content=\"https:\/\/mylipfiller.com\/es\/contact-us\/\" \/>\n<meta property=\"og:site_name\" content=\"My Lip Filler\" \/>\n<meta property=\"article:modified_time\" content=\"2024-10-11T07:53:26+00:00\" \/>\n<meta name=\"twitter:card\" content=\"summary_large_image\" \/>\n<meta name=\"twitter:label1\" content=\"Tiempo de lectura\" \/>\n\t<meta name=\"twitter:data1\" content=\"2 minutos\" \/>\n<script type=\"application\/ld+json\" class=\"yoast-schema-graph\">{\"@context\":\"https:\/\/schema.org\",\"@graph\":[{\"@type\":\"WebPage\",\"@id\":\"https:\/\/mylipfiller.com\/contact-us\/\",\"url\":\"https:\/\/mylipfiller.com\/contact-us\/\",\"name\":\"Contact Us - My Lip Filler\",\"isPartOf\":{\"@id\":\"https:\/\/mylipfiller.com\/#website\"},\"datePublished\":\"2019-05-29T07:47:16+00:00\",\"dateModified\":\"2024-10-11T07:53:26+00:00\",\"description\":\"Get in touch with us if you need more information about our lip fillers or need any information regarding our products and business.\",\"breadcrumb\":{\"@id\":\"https:\/\/mylipfiller.com\/contact-us\/#breadcrumb\"},\"inLanguage\":\"es\",\"potentialAction\":[{\"@type\":\"ReadAction\",\"target\":[\"https:\/\/mylipfiller.com\/contact-us\/\"]}]},{\"@type\":\"BreadcrumbList\",\"@id\":\"https:\/\/mylipfiller.com\/contact-us\/#breadcrumb\",\"itemListElement\":[{\"@type\":\"ListItem\",\"position\":1,\"name\":\"Home\",\"item\":\"https:\/\/mylipfiller.com\/\"},{\"@type\":\"ListItem\",\"position\":2,\"name\":\"Contact Us\"}]},{\"@type\":\"WebSite\",\"@id\":\"https:\/\/mylipfiller.com\/#website\",\"url\":\"https:\/\/mylipfiller.com\/\",\"name\":\"My Lip Filler\",\"description\":\"Hyaluronic Acid Lip and Dermal Fillers\",\"publisher\":{\"@id\":\"https:\/\/mylipfiller.com\/#organization\"},\"potentialAction\":[{\"@type\":\"SearchAction\",\"target\":{\"@type\":\"EntryPoint\",\"urlTemplate\":\"https:\/\/mylipfiller.com\/?s={search_term_string}\"},\"query-input\":{\"@type\":\"PropertyValueSpecification\",\"valueRequired\":true,\"valueName\":\"search_term_string\"}}],\"inLanguage\":\"es\"},{\"@type\":\"Organization\",\"@id\":\"https:\/\/mylipfiller.com\/#organization\",\"name\":\"My Lip Filler\",\"url\":\"https:\/\/mylipfiller.com\/\",\"logo\":{\"@type\":\"ImageObject\",\"inLanguage\":\"es\",\"@id\":\"https:\/\/mylipfiller.com\/#\/schema\/logo\/image\/\",\"url\":\"https:\/\/cdn.mylipfiller.com\/wp-content\/uploads\/2019\/02\/cropped-My-Lip-Filler-Logo.png\",\"contentUrl\":\"https:\/\/cdn.mylipfiller.com\/wp-content\/uploads\/2019\/02\/cropped-My-Lip-Filler-Logo.png\",\"width\":240,\"height\":88,\"caption\":\"My Lip Filler\"},\"image\":{\"@id\":\"https:\/\/mylipfiller.com\/#\/schema\/logo\/image\/\"}}]}<\/script>\n<!-- \/ Yoast SEO plugin. -->","yoast_head_json":{"title":"Cont\u00e1ctenos - Mi relleno de labios","description":"P\u00f3ngase en contacto con nosotros si necesita m\u00e1s informaci\u00f3n sobre nuestros rellenos labiales o si necesita informaci\u00f3n sobre nuestros productos y negocios.","robots":{"index":"index","follow":"follow","max-snippet":"max-snippet:-1","max-image-preview":"max-image-preview:large","max-video-preview":"max-video-preview:-1"},"canonical":"https:\/\/mylipfiller.com\/es\/contact-us\/","og_locale":"es_MX","og_type":"article","og_title":"Contact Us - My Lip Filler","og_description":"Get in touch with us if you need more information about our lip fillers or need any information regarding our products and business.","og_url":"https:\/\/mylipfiller.com\/es\/contact-us\/","og_site_name":"My Lip Filler","article_modified_time":"2024-10-11T07:53:26+00:00","twitter_card":"summary_large_image","twitter_misc":{"Tiempo de lectura":"2 minutos"},"schema":{"@context":"https:\/\/schema.org","@graph":[{"@type":"WebPage","@id":"https:\/\/mylipfiller.com\/contact-us\/","url":"https:\/\/mylipfiller.com\/contact-us\/","name":"Cont\u00e1ctenos - Mi relleno de labios","isPartOf":{"@id":"https:\/\/mylipfiller.com\/#website"},"datePublished":"2019-05-29T07:47:16+00:00","dateModified":"2024-10-11T07:53:26+00:00","description":"P\u00f3ngase en contacto con nosotros si necesita m\u00e1s informaci\u00f3n sobre nuestros rellenos labiales o si necesita informaci\u00f3n sobre nuestros productos y negocios.","breadcrumb":{"@id":"https:\/\/mylipfiller.com\/contact-us\/#breadcrumb"},"inLanguage":"es","potentialAction":[{"@type":"ReadAction","target":["https:\/\/mylipfiller.com\/contact-us\/"]}]},{"@type":"BreadcrumbList","@id":"https:\/\/mylipfiller.com\/contact-us\/#breadcrumb","itemListElement":[{"@type":"ListItem","position":1,"name":"Home","item":"https:\/\/mylipfiller.com\/"},{"@type":"ListItem","position":2,"name":"Contact Us"}]},{"@type":"WebSite","@id":"https:\/\/mylipfiller.com\/#website","url":"https:\/\/mylipfiller.com\/","name":"Mi relleno de labios","description":"Rellenos d\u00e9rmicos y de labios con \u00e1cido hialur\u00f3nico","publisher":{"@id":"https:\/\/mylipfiller.com\/#organization"},"potentialAction":[{"@type":"SearchAction","target":{"@type":"EntryPoint","urlTemplate":"https:\/\/mylipfiller.com\/?s={search_term_string}"},"query-input":{"@type":"PropertyValueSpecification","valueRequired":true,"valueName":"search_term_string"}}],"inLanguage":"es"},{"@type":"Organization","@id":"https:\/\/mylipfiller.com\/#organization","name":"Mi relleno de labios","url":"https:\/\/mylipfiller.com\/","logo":{"@type":"ImageObject","inLanguage":"es","@id":"https:\/\/mylipfiller.com\/#\/schema\/logo\/image\/","url":"https:\/\/cdn.mylipfiller.com\/wp-content\/uploads\/2019\/02\/cropped-My-Lip-Filler-Logo.png","contentUrl":"https:\/\/cdn.mylipfiller.com\/wp-content\/uploads\/2019\/02\/cropped-My-Lip-Filler-Logo.png","width":240,"height":88,"caption":"My Lip Filler"},"image":{"@id":"https:\/\/mylipfiller.com\/#\/schema\/logo\/image\/"}}]}},"_links":{"self":[{"href":"https:\/\/mylipfiller.com\/es\/wp-json\/wp\/v2\/pages\/800","targetHints":{"allow":["GET"]}}],"collection":[{"href":"https:\/\/mylipfiller.com\/es\/wp-json\/wp\/v2\/pages"}],"about":[{"href":"https:\/\/mylipfiller.com\/es\/wp-json\/wp\/v2\/types\/page"}],"author":[{"embeddable":true,"href":"https:\/\/mylipfiller.com\/es\/wp-json\/wp\/v2\/users\/1"}],"replies":[{"embeddable":true,"href":"https:\/\/mylipfiller.com\/es\/wp-json\/wp\/v2\/comments?post=800"}],"version-history":[{"count":28,"href":"https:\/\/mylipfiller.com\/es\/wp-json\/wp\/v2\/pages\/800\/revisions"}],"predecessor-version":[{"id":42039,"href":"https:\/\/mylipfiller.com\/es\/wp-json\/wp\/v2\/pages\/800\/revisions\/42039"}],"wp:attachment":[{"href":"https:\/\/mylipfiller.com\/es\/wp-json\/wp\/v2\/media?parent=800"}],"curies":[{"name":"gracias","href":"https:\/\/api.w.org\/{rel}","templated":true}]}}