{"id":13084,"date":"2020-01-20T12:23:16","date_gmt":"2020-01-20T10:23:16","guid":{"rendered":"https:\/\/mylipfiller.com\/?post_type=product&#038;p=13084"},"modified":"2024-10-01T17:19:29","modified_gmt":"2024-10-01T15:19:29","slug":"liporase-hyaluronidase-solution-10-vials","status":"publish","type":"product","link":"https:\/\/mylipfiller.com\/es\/liporase-hyaluronidase-solution-10-vials\/","title":{"rendered":"Liporasa (soluci\u00f3n de hialuronidasa) - 10 viales"},"content":{"rendered":"<h3>\u00bfQu\u00e9 es la liporasa hialuronidasa y qu\u00e9 hace?<\/h3>\n<p>Este producto contiene una enzima proteica especialmente dise\u00f1ada que r\u00e1pidamente y <strong>disuelve eficazmente el \u00e1cido hialur\u00f3nico (HA)<\/strong> y otros fluidos al acelerar la velocidad a la que son absorbidos por el cuerpo. La liporasa hialuronidasa es un producto sin riesgo que rara vez produce efectos adversos, la mayor\u00eda de los cuales son el resultado de reacciones en el lugar de la inyecci\u00f3n y no del producto en s\u00ed. El uso principal de este modificador de tejidos es disolver rellenos d\u00e9rmicos de HA y geles similares a base de \u00e1cido hialur\u00f3nico.<\/p>\n<h3>Hidr\u00f3lisis de cargas de HA<\/h3>\n<p>Liporasa hialuronidasa r\u00e1pidamente <u>descompone el \u00e1cido hialur\u00f3nico<\/u> de origen sint\u00e9tico. Esto significa que puede revertir con \u00e9xito los efectos de un gel de inyecci\u00f3n de relleno sin que su cuerpo pierda su HA producido naturalmente. Este producto es adecuado para los siguientes casos:<\/p>\n<ul>\n<li>Distribuci\u00f3n desigual del gel HA<\/li>\n<li>Sobrellenado<\/li>\n<li>Colocaci\u00f3n incorrecta del relleno d\u00e9rmico<\/li>\n<li>Inyecci\u00f3n intraarterial accidental<\/li>\n<\/ul>\n<p>Para disolver 3cc de \u00c1cido Hialur\u00f3nico, mezclar 1 vial de esta soluci\u00f3n con 3cc de agua salina e inyectarlo directamente en la zona tratada.<\/p>","protected":false},"excerpt":{"rendered":"<p>Liporase de Daehan New Pharm es un <em>Producto a base de hialuronidasa<\/em> que se puede utilizar como <u>agente de inversi\u00f3n confiable para los rellenos de \u00e1cido hialur\u00f3nico<\/u> que se han aplicado mal. Tambi\u00e9n se puede utilizar para la eliminaci\u00f3n de dep\u00f3sitos de grasa cut\u00e1neos superficiales menores. Los pacientes notar\u00e1n un cambio r\u00e1pido solo unas horas despu\u00e9s del procedimiento.<\/p>","protected":false},"featured_media":13092,"template":"","meta":{"_acf_changed":false},"product_brand":[],"product_cat":[34,33,32],"product_tag":[111,137],"class_list":{"0":"post-13084","1":"product","2":"type-product","3":"status-publish","4":"has-post-thumbnail","6":"product_cat-hard","7":"product_cat-lip","8":"product_cat-soft","9":"product_tag-face","10":"product_tag-south-korea","12":"first","13":"outofstock","14":"taxable","15":"shipping-taxable","16":"purchasable","17":"product-type-simple"},"acf":[],"yoast_head":"<!-- This site is optimized with the Yoast SEO plugin v27.4 - https:\/\/yoast.com\/product\/yoast-seo-wordpress\/ -->\n<title>Buy Liporase (Hyaluronidase Solution) - 10 vials - Fillers from My Lip Filler<\/title>\n<meta name=\"description\" content=\"\u2765Buy Liporase (Hyaluronidase Solution) - 10 vials \u23e9 My Lip Filler online store \u27a6 Quality assurance, reviews, ingredients, best prices!\" \/>\n<meta name=\"robots\" content=\"index, follow, max-snippet:-1, max-image-preview:large, max-video-preview:-1\" \/>\n<link rel=\"canonical\" href=\"https:\/\/mylipfiller.com\/es\/liporase-hyaluronidase-solution-10-vials\/\" \/>\n<meta property=\"og:locale\" content=\"es_MX\" \/>\n<meta property=\"og:type\" content=\"article\" \/>\n<meta property=\"og:title\" content=\"Buy Liporase (Hyaluronidase Solution) - 10 vials - Fillers from My Lip Filler\" \/>\n<meta property=\"og:description\" content=\"\u2765Buy Liporase (Hyaluronidase Solution) - 10 vials \u23e9 My Lip Filler online store \u27a6 Quality assurance, reviews, ingredients, best prices!\" \/>\n<meta property=\"og:url\" content=\"https:\/\/mylipfiller.com\/es\/liporase-hyaluronidase-solution-10-vials\/\" \/>\n<meta property=\"og:site_name\" content=\"My Lip Filler\" \/>\n<meta property=\"article:modified_time\" content=\"2024-10-01T15:19:29+00:00\" \/>\n<meta property=\"og:image\" content=\"https:\/\/cdn.mylipfiller.com\/wp-content\/uploads\/2020\/01\/Liporase.jpg\" \/>\n\t<meta property=\"og:image:width\" content=\"650\" \/>\n\t<meta property=\"og:image:height\" content=\"650\" \/>\n\t<meta property=\"og:image:type\" content=\"image\/jpeg\" \/>\n<meta name=\"twitter:card\" content=\"summary_large_image\" \/>\n<meta name=\"twitter:label1\" content=\"Tiempo de lectura\" \/>\n\t<meta name=\"twitter:data1\" content=\"1 minuto\" \/>\n<script type=\"application\/ld+json\" class=\"yoast-schema-graph\">{\"@context\":\"https:\\\/\\\/schema.org\",\"@graph\":[{\"@type\":\"WebPage\",\"@id\":\"https:\\\/\\\/mylipfiller.com\\\/liporase-hyaluronidase-solution-10-vials\\\/\",\"url\":\"https:\\\/\\\/mylipfiller.com\\\/liporase-hyaluronidase-solution-10-vials\\\/\",\"name\":\"Buy Liporase (Hyaluronidase Solution) - 10 vials - Fillers from My Lip Filler\",\"isPartOf\":{\"@id\":\"https:\\\/\\\/mylipfiller.com\\\/#website\"},\"primaryImageOfPage\":{\"@id\":\"https:\\\/\\\/mylipfiller.com\\\/liporase-hyaluronidase-solution-10-vials\\\/#primaryimage\"},\"image\":{\"@id\":\"https:\\\/\\\/mylipfiller.com\\\/liporase-hyaluronidase-solution-10-vials\\\/#primaryimage\"},\"thumbnailUrl\":\"https:\\\/\\\/mylipfiller.com\\\/wp-content\\\/uploads\\\/2020\\\/01\\\/Liporase.jpg\",\"datePublished\":\"2020-01-20T10:23:16+00:00\",\"dateModified\":\"2024-10-01T15:19:29+00:00\",\"description\":\"\u2765Buy Liporase (Hyaluronidase Solution) - 10 vials \u23e9 My Lip Filler online store \u27a6 Quality assurance, reviews, ingredients, best prices!\",\"breadcrumb\":{\"@id\":\"https:\\\/\\\/mylipfiller.com\\\/liporase-hyaluronidase-solution-10-vials\\\/#breadcrumb\"},\"inLanguage\":\"es\",\"potentialAction\":[{\"@type\":\"ReadAction\",\"target\":[\"https:\\\/\\\/mylipfiller.com\\\/liporase-hyaluronidase-solution-10-vials\\\/\"]}]},{\"@type\":\"ImageObject\",\"inLanguage\":\"es\",\"@id\":\"https:\\\/\\\/mylipfiller.com\\\/liporase-hyaluronidase-solution-10-vials\\\/#primaryimage\",\"url\":\"https:\\\/\\\/mylipfiller.com\\\/wp-content\\\/uploads\\\/2020\\\/01\\\/Liporase.jpg\",\"contentUrl\":\"https:\\\/\\\/mylipfiller.com\\\/wp-content\\\/uploads\\\/2020\\\/01\\\/Liporase.jpg\",\"width\":650,\"height\":650,\"caption\":\"Liporase\"},{\"@type\":\"BreadcrumbList\",\"@id\":\"https:\\\/\\\/mylipfiller.com\\\/liporase-hyaluronidase-solution-10-vials\\\/#breadcrumb\",\"itemListElement\":[{\"@type\":\"ListItem\",\"position\":1,\"name\":\"Home\",\"item\":\"https:\\\/\\\/mylipfiller.com\\\/\"},{\"@type\":\"ListItem\",\"position\":2,\"name\":\"Shop\",\"item\":\"https:\\\/\\\/mylipfiller.com\\\/shop\\\/\"},{\"@type\":\"ListItem\",\"position\":3,\"name\":\"Liporase (Hyaluronidase Solution) &#8211; 10 vials\"}]},{\"@type\":\"WebSite\",\"@id\":\"https:\\\/\\\/mylipfiller.com\\\/#website\",\"url\":\"https:\\\/\\\/mylipfiller.com\\\/\",\"name\":\"My Lip Filler\",\"description\":\"Hyaluronic Acid Lip and Dermal Fillers\",\"publisher\":{\"@id\":\"https:\\\/\\\/mylipfiller.com\\\/#organization\"},\"potentialAction\":[{\"@type\":\"SearchAction\",\"target\":{\"@type\":\"EntryPoint\",\"urlTemplate\":\"https:\\\/\\\/mylipfiller.com\\\/?s={search_term_string}\"},\"query-input\":{\"@type\":\"PropertyValueSpecification\",\"valueRequired\":true,\"valueName\":\"search_term_string\"}}],\"inLanguage\":\"es\"},{\"@type\":\"Organization\",\"@id\":\"https:\\\/\\\/mylipfiller.com\\\/#organization\",\"name\":\"My Lip Filler\",\"url\":\"https:\\\/\\\/mylipfiller.com\\\/\",\"logo\":{\"@type\":\"ImageObject\",\"inLanguage\":\"es\",\"@id\":\"https:\\\/\\\/mylipfiller.com\\\/#\\\/schema\\\/logo\\\/image\\\/\",\"url\":\"https:\\\/\\\/mylipfiller.com\\\/wp-content\\\/uploads\\\/2019\\\/02\\\/cropped-My-Lip-Filler-Logo.png\",\"contentUrl\":\"https:\\\/\\\/mylipfiller.com\\\/wp-content\\\/uploads\\\/2019\\\/02\\\/cropped-My-Lip-Filler-Logo.png\",\"width\":240,\"height\":88,\"caption\":\"My Lip Filler\"},\"image\":{\"@id\":\"https:\\\/\\\/mylipfiller.com\\\/#\\\/schema\\\/logo\\\/image\\\/\"}}]}<\/script>\n<!-- \/ Yoast SEO plugin. -->","yoast_head_json":{"title":"Compre Liporase (Soluci\u00f3n de hialuronidasa) - 10 viales - Rellenos de My Lip Filler","description":"\u2765Compre Liporase (Soluci\u00f3n de hialuronidasa) - 10 viales \u23e9 Tienda online My Lip Filler \u27a6 Garant\u00eda de calidad, rese\u00f1as, ingredientes, \u00a1los mejores precios!","robots":{"index":"index","follow":"follow","max-snippet":"max-snippet:-1","max-image-preview":"max-image-preview:large","max-video-preview":"max-video-preview:-1"},"canonical":"https:\/\/mylipfiller.com\/es\/liporase-hyaluronidase-solution-10-vials\/","og_locale":"es_MX","og_type":"article","og_title":"Buy Liporase (Hyaluronidase Solution) - 10 vials - Fillers from My Lip Filler","og_description":"\u2765Buy Liporase (Hyaluronidase Solution) - 10 vials \u23e9 My Lip Filler online store \u27a6 Quality assurance, reviews, ingredients, best prices!","og_url":"https:\/\/mylipfiller.com\/es\/liporase-hyaluronidase-solution-10-vials\/","og_site_name":"My Lip Filler","article_modified_time":"2024-10-01T15:19:29+00:00","og_image":[{"width":650,"height":650,"url":"https:\/\/cdn.mylipfiller.com\/wp-content\/uploads\/2020\/01\/Liporase.jpg","type":"image\/jpeg"}],"twitter_card":"summary_large_image","twitter_misc":{"Tiempo de lectura":"1 minuto"},"schema":{"@context":"https:\/\/schema.org","@graph":[{"@type":"WebPage","@id":"https:\/\/mylipfiller.com\/liporase-hyaluronidase-solution-10-vials\/","url":"https:\/\/mylipfiller.com\/liporase-hyaluronidase-solution-10-vials\/","name":"Compre Liporase (Soluci\u00f3n de hialuronidasa) - 10 viales - Rellenos de My Lip Filler","isPartOf":{"@id":"https:\/\/mylipfiller.com\/#website"},"primaryImageOfPage":{"@id":"https:\/\/mylipfiller.com\/liporase-hyaluronidase-solution-10-vials\/#primaryimage"},"image":{"@id":"https:\/\/mylipfiller.com\/liporase-hyaluronidase-solution-10-vials\/#primaryimage"},"thumbnailUrl":"https:\/\/cdn.mylipfiller.com\/wp-content\/uploads\/2020\/01\/Liporase.jpg","datePublished":"2020-01-20T10:23:16+00:00","dateModified":"2024-10-01T15:19:29+00:00","description":"\u2765Compre Liporase (Soluci\u00f3n de hialuronidasa) - 10 viales \u23e9 Tienda online My Lip Filler \u27a6 Garant\u00eda de calidad, rese\u00f1as, ingredientes, \u00a1los mejores precios!","breadcrumb":{"@id":"https:\/\/mylipfiller.com\/liporase-hyaluronidase-solution-10-vials\/#breadcrumb"},"inLanguage":"es","potentialAction":[{"@type":"ReadAction","target":["https:\/\/mylipfiller.com\/liporase-hyaluronidase-solution-10-vials\/"]}]},{"@type":"ImageObject","inLanguage":"es","@id":"https:\/\/mylipfiller.com\/liporase-hyaluronidase-solution-10-vials\/#primaryimage","url":"https:\/\/cdn.mylipfiller.com\/wp-content\/uploads\/2020\/01\/Liporase.jpg","contentUrl":"https:\/\/cdn.mylipfiller.com\/wp-content\/uploads\/2020\/01\/Liporase.jpg","width":650,"height":650,"caption":"Liporase"},{"@type":"BreadcrumbList","@id":"https:\/\/mylipfiller.com\/liporase-hyaluronidase-solution-10-vials\/#breadcrumb","itemListElement":[{"@type":"ListItem","position":1,"name":"Home","item":"https:\/\/mylipfiller.com\/"},{"@type":"ListItem","position":2,"name":"Shop","item":"https:\/\/mylipfiller.com\/shop\/"},{"@type":"ListItem","position":3,"name":"Liporase (Hyaluronidase Solution) &#8211; 10 vials"}]},{"@type":"WebSite","@id":"https:\/\/mylipfiller.com\/#website","url":"https:\/\/mylipfiller.com\/","name":"Mi relleno de labios","description":"Rellenos d\u00e9rmicos y de labios con \u00e1cido hialur\u00f3nico","publisher":{"@id":"https:\/\/mylipfiller.com\/#organization"},"potentialAction":[{"@type":"SearchAction","target":{"@type":"EntryPoint","urlTemplate":"https:\/\/mylipfiller.com\/?s={search_term_string}"},"query-input":{"@type":"PropertyValueSpecification","valueRequired":true,"valueName":"search_term_string"}}],"inLanguage":"es"},{"@type":"Organization","@id":"https:\/\/mylipfiller.com\/#organization","name":"Mi relleno de labios","url":"https:\/\/mylipfiller.com\/","logo":{"@type":"ImageObject","inLanguage":"es","@id":"https:\/\/mylipfiller.com\/#\/schema\/logo\/image\/","url":"https:\/\/cdn.mylipfiller.com\/wp-content\/uploads\/2019\/02\/cropped-My-Lip-Filler-Logo.png","contentUrl":"https:\/\/cdn.mylipfiller.com\/wp-content\/uploads\/2019\/02\/cropped-My-Lip-Filler-Logo.png","width":240,"height":88,"caption":"My Lip Filler"},"image":{"@id":"https:\/\/mylipfiller.com\/#\/schema\/logo\/image\/"}}]}},"_links":{"self":[{"href":"https:\/\/mylipfiller.com\/es\/wp-json\/wp\/v2\/product\/13084","targetHints":{"allow":["GET"]}}],"collection":[{"href":"https:\/\/mylipfiller.com\/es\/wp-json\/wp\/v2\/product"}],"about":[{"href":"https:\/\/mylipfiller.com\/es\/wp-json\/wp\/v2\/types\/product"}],"wp:featuredmedia":[{"embeddable":true,"href":"https:\/\/mylipfiller.com\/es\/wp-json\/wp\/v2\/media\/13092"}],"wp:attachment":[{"href":"https:\/\/mylipfiller.com\/es\/wp-json\/wp\/v2\/media?parent=13084"}],"wp:term":[{"taxonomy":"product_brand","embeddable":true,"href":"https:\/\/mylipfiller.com\/es\/wp-json\/wp\/v2\/product_brand?post=13084"},{"taxonomy":"product_cat","embeddable":true,"href":"https:\/\/mylipfiller.com\/es\/wp-json\/wp\/v2\/product_cat?post=13084"},{"taxonomy":"product_tag","embeddable":true,"href":"https:\/\/mylipfiller.com\/es\/wp-json\/wp\/v2\/product_tag?post=13084"}],"curies":[{"name":"gracias","href":"https:\/\/api.w.org\/{rel}","templated":true}]}}