{"id":13346,"date":"2020-01-24T16:31:39","date_gmt":"2020-01-24T14:31:39","guid":{"rendered":"https:\/\/mylipfiller.com\/?post_type=product&#038;p=13346"},"modified":"2024-03-08T18:40:48","modified_gmt":"2024-03-08T16:40:48","slug":"juvederm-ultra-3-2-x-1ml","status":"publish","type":"product","link":"https:\/\/mylipfiller.com\/es\/juvederm-ultra-3-2-x-1ml\/","title":{"rendered":"Juvederm Ultra 3 (2 x 1 ml)"},"content":{"rendered":"<h3>\u00bfCu\u00e1les son los efectos de Juvederm Ultra 3?<\/h3>\n<p>Este relleno de tejido blando de larga duraci\u00f3n desarrollado por Allergan puede describirse como una inyecci\u00f3n de relleno neutro porque tiene un solo ingrediente activo principal: \u00e1cido hialur\u00f3nico no animal. Fue producido a trav\u00e9s de una tecnolog\u00eda de marca conocida como <u>Tecnolog\u00eda Hylacross<\/u> lo que hace que el gel inyectable sea m\u00e1s suave, m\u00e1s suave y m\u00e1s adaptable a las diversas \u00e1reas de tratamiento. Es por eso que este producto es particularmente adecuado para la reducci\u00f3n de los pliegues nasolabiales y las l\u00edneas de marioneta que suelen ser dif\u00edciles de tratar. Tambi\u00e9n es eficaz cuando se solicita <strong>realce de labios<\/strong> ya que tiene inigualables poderes voluminizadores.<\/p>\n<ul>\n<li>Contorno de labios inmediato<\/li>\n<li>Eliminaci\u00f3n temporal de arrugas medias alrededor de la nariz.<\/li>\n<li>Correcci\u00f3n sin riesgo de pliegues profundos alrededor de la boca.<\/li>\n<li>Hidrataci\u00f3n y revitalizaci\u00f3n duraderas de la piel<\/li>\n<li>Relleno de labios no quir\u00fargico<\/li>\n<\/ul>\n<h3>\u00bfC\u00f3mo aplicar este relleno de tejidos blandos?<\/h3>\n<p>Este relleno cut\u00e1neo de alta calificaci\u00f3n se vende en un paquete que contiene dos jeringas precargadas de 1 ml. Antes de aplicar el producto, los cirujanos est\u00e9ticos certificados deben masajear suavemente los puntos de inyecci\u00f3n y colocar una de las agujas 27G \u00bd en la jeringa. Inyecte la soluci\u00f3n en las capas medias o profundas de la dermis, dependiendo de la profundidad de las depresiones faciales. El procedimiento lleva <em>20-30 minutos<\/em> en promedio y proporciona <u>Antiedad y contorno de labios de aspecto natural.<\/u> resultados que duran hasta 1 a\u00f1o.<\/p>","protected":false},"excerpt":{"rendered":"<p>Juvederm Ultra 3 de Allergan se encuentra entre los rellenos cut\u00e1neos m\u00e1s vendidos para <strong>eliminaci\u00f3n de arrugas de media a profunda<\/strong>. Formalmente conocido como Juvederm Ultra Plus XS, este producto cosm\u00e9tico rejuvenecedor es producido por Allergan y su f\u00f3rmula a base de HA reduce con \u00e9xito la aparici\u00f3n de arrugas faciales medias y profundas, especialmente aquellas en el \u00e1rea perioral (p. Ej. <em>l\u00edneas de marioneta y pliegues nasolabiales<\/em>). El gel inyectable tarda aproximadamente 12 meses en disolverse por completo en los tejidos blandos y desaparecer.<\/p>","protected":false},"featured_media":13369,"template":"","meta":{"_acf_changed":false},"product_brand":[],"product_cat":[170,89,67,33],"product_tag":[90,111,136,151,133,107,134,120,116],"class_list":{"0":"post-13346","1":"product","2":"type-product","3":"status-publish","4":"has-post-thumbnail","6":"product_cat-allergan","7":"product_cat-big-holiday-sale","8":"product_cat-juvederm","9":"product_cat-lip","10":"product_tag-90","11":"product_tag-face","12":"product_tag-france","13":"product_tag-hyaluronic-acid-ha-fillers","14":"product_tag-marionette-lines","15":"product_tag-nasolabial-folds","16":"product_tag-small-lips","17":"product_tag-up-to-12-months","18":"product_tag-with-lidocaine","20":"first","21":"instock","22":"taxable","23":"shipping-taxable","24":"product-type-simple"},"acf":[],"yoast_head":"<!-- This site is optimized with the Yoast SEO plugin v27.4 - https:\/\/yoast.com\/product\/yoast-seo-wordpress\/ -->\n<title>Buy Juvederm Ultra 3 (2 x 1ml) - Fillers from My Lip Filler<\/title>\n<meta name=\"description\" content=\"\u2765Buy Juvederm Ultra 3 (2 x 1ml) \u23e9 My Lip Filler online store \u27a6 Quality assurance, reviews, ingredients, best prices!\" \/>\n<meta name=\"robots\" content=\"index, follow, max-snippet:-1, max-image-preview:large, max-video-preview:-1\" \/>\n<link rel=\"canonical\" href=\"https:\/\/mylipfiller.com\/es\/juvederm-ultra-3-2-x-1ml\/\" \/>\n<meta property=\"og:locale\" content=\"es_MX\" \/>\n<meta property=\"og:type\" content=\"article\" \/>\n<meta property=\"og:title\" content=\"Buy Juvederm Ultra 3 (2 x 1ml) - Fillers from My Lip Filler\" \/>\n<meta property=\"og:description\" content=\"\u2765Buy Juvederm Ultra 3 (2 x 1ml) \u23e9 My Lip Filler online store \u27a6 Quality assurance, reviews, ingredients, best prices!\" \/>\n<meta property=\"og:url\" content=\"https:\/\/mylipfiller.com\/es\/juvederm-ultra-3-2-x-1ml\/\" \/>\n<meta property=\"og:site_name\" content=\"My Lip Filler\" \/>\n<meta property=\"article:modified_time\" content=\"2024-03-08T16:40:48+00:00\" \/>\n<meta property=\"og:image\" content=\"https:\/\/cdn.mylipfiller.com\/wp-content\/uploads\/2020\/01\/Juvederm-Ultra-3.jpg\" \/>\n\t<meta property=\"og:image:width\" content=\"600\" \/>\n\t<meta property=\"og:image:height\" content=\"600\" \/>\n\t<meta property=\"og:image:type\" content=\"image\/jpeg\" \/>\n<meta name=\"twitter:card\" content=\"summary_large_image\" \/>\n<meta name=\"twitter:label1\" content=\"Tiempo de lectura\" \/>\n\t<meta name=\"twitter:data1\" content=\"2 minutos\" \/>\n<script type=\"application\/ld+json\" class=\"yoast-schema-graph\">{\"@context\":\"https:\\\/\\\/schema.org\",\"@graph\":[{\"@type\":\"WebPage\",\"@id\":\"https:\\\/\\\/mylipfiller.com\\\/juvederm-ultra-3-2-x-1ml\\\/\",\"url\":\"https:\\\/\\\/mylipfiller.com\\\/juvederm-ultra-3-2-x-1ml\\\/\",\"name\":\"Buy Juvederm Ultra 3 (2 x 1ml) - Fillers from My Lip Filler\",\"isPartOf\":{\"@id\":\"https:\\\/\\\/mylipfiller.com\\\/#website\"},\"primaryImageOfPage\":{\"@id\":\"https:\\\/\\\/mylipfiller.com\\\/juvederm-ultra-3-2-x-1ml\\\/#primaryimage\"},\"image\":{\"@id\":\"https:\\\/\\\/mylipfiller.com\\\/juvederm-ultra-3-2-x-1ml\\\/#primaryimage\"},\"thumbnailUrl\":\"https:\\\/\\\/mylipfiller.com\\\/wp-content\\\/uploads\\\/2020\\\/01\\\/Juvederm-Ultra-3.jpg\",\"datePublished\":\"2020-01-24T14:31:39+00:00\",\"dateModified\":\"2024-03-08T16:40:48+00:00\",\"description\":\"\u2765Buy Juvederm Ultra 3 (2 x 1ml) \u23e9 My Lip Filler online store \u27a6 Quality assurance, reviews, ingredients, best prices!\",\"breadcrumb\":{\"@id\":\"https:\\\/\\\/mylipfiller.com\\\/juvederm-ultra-3-2-x-1ml\\\/#breadcrumb\"},\"inLanguage\":\"es\",\"potentialAction\":[{\"@type\":\"ReadAction\",\"target\":[\"https:\\\/\\\/mylipfiller.com\\\/juvederm-ultra-3-2-x-1ml\\\/\"]}]},{\"@type\":\"ImageObject\",\"inLanguage\":\"es\",\"@id\":\"https:\\\/\\\/mylipfiller.com\\\/juvederm-ultra-3-2-x-1ml\\\/#primaryimage\",\"url\":\"https:\\\/\\\/mylipfiller.com\\\/wp-content\\\/uploads\\\/2020\\\/01\\\/Juvederm-Ultra-3.jpg\",\"contentUrl\":\"https:\\\/\\\/mylipfiller.com\\\/wp-content\\\/uploads\\\/2020\\\/01\\\/Juvederm-Ultra-3.jpg\",\"width\":600,\"height\":600,\"caption\":\"Juvederm Ultra 3\"},{\"@type\":\"BreadcrumbList\",\"@id\":\"https:\\\/\\\/mylipfiller.com\\\/juvederm-ultra-3-2-x-1ml\\\/#breadcrumb\",\"itemListElement\":[{\"@type\":\"ListItem\",\"position\":1,\"name\":\"Home\",\"item\":\"https:\\\/\\\/mylipfiller.com\\\/\"},{\"@type\":\"ListItem\",\"position\":2,\"name\":\"Shop\",\"item\":\"https:\\\/\\\/mylipfiller.com\\\/shop\\\/\"},{\"@type\":\"ListItem\",\"position\":3,\"name\":\"Juvederm Ultra 3 (2 x 1ml)\"}]},{\"@type\":\"WebSite\",\"@id\":\"https:\\\/\\\/mylipfiller.com\\\/#website\",\"url\":\"https:\\\/\\\/mylipfiller.com\\\/\",\"name\":\"My Lip Filler\",\"description\":\"Hyaluronic Acid Lip and Dermal Fillers\",\"publisher\":{\"@id\":\"https:\\\/\\\/mylipfiller.com\\\/#organization\"},\"potentialAction\":[{\"@type\":\"SearchAction\",\"target\":{\"@type\":\"EntryPoint\",\"urlTemplate\":\"https:\\\/\\\/mylipfiller.com\\\/?s={search_term_string}\"},\"query-input\":{\"@type\":\"PropertyValueSpecification\",\"valueRequired\":true,\"valueName\":\"search_term_string\"}}],\"inLanguage\":\"es\"},{\"@type\":\"Organization\",\"@id\":\"https:\\\/\\\/mylipfiller.com\\\/#organization\",\"name\":\"My Lip Filler\",\"url\":\"https:\\\/\\\/mylipfiller.com\\\/\",\"logo\":{\"@type\":\"ImageObject\",\"inLanguage\":\"es\",\"@id\":\"https:\\\/\\\/mylipfiller.com\\\/#\\\/schema\\\/logo\\\/image\\\/\",\"url\":\"https:\\\/\\\/mylipfiller.com\\\/wp-content\\\/uploads\\\/2019\\\/02\\\/cropped-My-Lip-Filler-Logo.png\",\"contentUrl\":\"https:\\\/\\\/mylipfiller.com\\\/wp-content\\\/uploads\\\/2019\\\/02\\\/cropped-My-Lip-Filler-Logo.png\",\"width\":240,\"height\":88,\"caption\":\"My Lip Filler\"},\"image\":{\"@id\":\"https:\\\/\\\/mylipfiller.com\\\/#\\\/schema\\\/logo\\\/image\\\/\"}}]}<\/script>\n<!-- \/ Yoast SEO plugin. -->","yoast_head_json":{"title":"Comprar Juvederm Ultra 3 (2 x 1ml) - Rellenos de My Lip Filler","description":"\u2765Compra Juvederm Ultra 3 (2 x 1ml) \u23e9 Tienda online My Lip Filler \u27a6 Garant\u00eda de calidad, rese\u00f1as, ingredientes, \u00a1los mejores precios!","robots":{"index":"index","follow":"follow","max-snippet":"max-snippet:-1","max-image-preview":"max-image-preview:large","max-video-preview":"max-video-preview:-1"},"canonical":"https:\/\/mylipfiller.com\/es\/juvederm-ultra-3-2-x-1ml\/","og_locale":"es_MX","og_type":"article","og_title":"Buy Juvederm Ultra 3 (2 x 1ml) - Fillers from My Lip Filler","og_description":"\u2765Buy Juvederm Ultra 3 (2 x 1ml) \u23e9 My Lip Filler online store \u27a6 Quality assurance, reviews, ingredients, best prices!","og_url":"https:\/\/mylipfiller.com\/es\/juvederm-ultra-3-2-x-1ml\/","og_site_name":"My Lip Filler","article_modified_time":"2024-03-08T16:40:48+00:00","og_image":[{"width":600,"height":600,"url":"https:\/\/cdn.mylipfiller.com\/wp-content\/uploads\/2020\/01\/Juvederm-Ultra-3.jpg","type":"image\/jpeg"}],"twitter_card":"summary_large_image","twitter_misc":{"Tiempo de lectura":"2 minutos"},"schema":{"@context":"https:\/\/schema.org","@graph":[{"@type":"WebPage","@id":"https:\/\/mylipfiller.com\/juvederm-ultra-3-2-x-1ml\/","url":"https:\/\/mylipfiller.com\/juvederm-ultra-3-2-x-1ml\/","name":"Comprar Juvederm Ultra 3 (2 x 1ml) - Rellenos de My Lip Filler","isPartOf":{"@id":"https:\/\/mylipfiller.com\/#website"},"primaryImageOfPage":{"@id":"https:\/\/mylipfiller.com\/juvederm-ultra-3-2-x-1ml\/#primaryimage"},"image":{"@id":"https:\/\/mylipfiller.com\/juvederm-ultra-3-2-x-1ml\/#primaryimage"},"thumbnailUrl":"https:\/\/cdn.mylipfiller.com\/wp-content\/uploads\/2020\/01\/Juvederm-Ultra-3.jpg","datePublished":"2020-01-24T14:31:39+00:00","dateModified":"2024-03-08T16:40:48+00:00","description":"\u2765Compra Juvederm Ultra 3 (2 x 1ml) \u23e9 Tienda online My Lip Filler \u27a6 Garant\u00eda de calidad, rese\u00f1as, ingredientes, \u00a1los mejores precios!","breadcrumb":{"@id":"https:\/\/mylipfiller.com\/juvederm-ultra-3-2-x-1ml\/#breadcrumb"},"inLanguage":"es","potentialAction":[{"@type":"ReadAction","target":["https:\/\/mylipfiller.com\/juvederm-ultra-3-2-x-1ml\/"]}]},{"@type":"ImageObject","inLanguage":"es","@id":"https:\/\/mylipfiller.com\/juvederm-ultra-3-2-x-1ml\/#primaryimage","url":"https:\/\/cdn.mylipfiller.com\/wp-content\/uploads\/2020\/01\/Juvederm-Ultra-3.jpg","contentUrl":"https:\/\/cdn.mylipfiller.com\/wp-content\/uploads\/2020\/01\/Juvederm-Ultra-3.jpg","width":600,"height":600,"caption":"Juvederm Ultra 3"},{"@type":"BreadcrumbList","@id":"https:\/\/mylipfiller.com\/juvederm-ultra-3-2-x-1ml\/#breadcrumb","itemListElement":[{"@type":"ListItem","position":1,"name":"Home","item":"https:\/\/mylipfiller.com\/"},{"@type":"ListItem","position":2,"name":"Shop","item":"https:\/\/mylipfiller.com\/shop\/"},{"@type":"ListItem","position":3,"name":"Juvederm Ultra 3 (2 x 1ml)"}]},{"@type":"WebSite","@id":"https:\/\/mylipfiller.com\/#website","url":"https:\/\/mylipfiller.com\/","name":"Mi relleno de labios","description":"Rellenos d\u00e9rmicos y de labios con \u00e1cido hialur\u00f3nico","publisher":{"@id":"https:\/\/mylipfiller.com\/#organization"},"potentialAction":[{"@type":"SearchAction","target":{"@type":"EntryPoint","urlTemplate":"https:\/\/mylipfiller.com\/?s={search_term_string}"},"query-input":{"@type":"PropertyValueSpecification","valueRequired":true,"valueName":"search_term_string"}}],"inLanguage":"es"},{"@type":"Organization","@id":"https:\/\/mylipfiller.com\/#organization","name":"Mi relleno de labios","url":"https:\/\/mylipfiller.com\/","logo":{"@type":"ImageObject","inLanguage":"es","@id":"https:\/\/mylipfiller.com\/#\/schema\/logo\/image\/","url":"https:\/\/cdn.mylipfiller.com\/wp-content\/uploads\/2019\/02\/cropped-My-Lip-Filler-Logo.png","contentUrl":"https:\/\/cdn.mylipfiller.com\/wp-content\/uploads\/2019\/02\/cropped-My-Lip-Filler-Logo.png","width":240,"height":88,"caption":"My Lip Filler"},"image":{"@id":"https:\/\/mylipfiller.com\/#\/schema\/logo\/image\/"}}]}},"_links":{"self":[{"href":"https:\/\/mylipfiller.com\/es\/wp-json\/wp\/v2\/product\/13346","targetHints":{"allow":["GET"]}}],"collection":[{"href":"https:\/\/mylipfiller.com\/es\/wp-json\/wp\/v2\/product"}],"about":[{"href":"https:\/\/mylipfiller.com\/es\/wp-json\/wp\/v2\/types\/product"}],"wp:featuredmedia":[{"embeddable":true,"href":"https:\/\/mylipfiller.com\/es\/wp-json\/wp\/v2\/media\/13369"}],"wp:attachment":[{"href":"https:\/\/mylipfiller.com\/es\/wp-json\/wp\/v2\/media?parent=13346"}],"wp:term":[{"taxonomy":"product_brand","embeddable":true,"href":"https:\/\/mylipfiller.com\/es\/wp-json\/wp\/v2\/product_brand?post=13346"},{"taxonomy":"product_cat","embeddable":true,"href":"https:\/\/mylipfiller.com\/es\/wp-json\/wp\/v2\/product_cat?post=13346"},{"taxonomy":"product_tag","embeddable":true,"href":"https:\/\/mylipfiller.com\/es\/wp-json\/wp\/v2\/product_tag?post=13346"}],"curies":[{"name":"gracias","href":"https:\/\/api.w.org\/{rel}","templated":true}]}}