{"id":13347,"date":"2020-01-24T16:31:51","date_gmt":"2020-01-24T14:31:51","guid":{"rendered":"https:\/\/mylipfiller.com\/?post_type=product&#038;p=13347"},"modified":"2024-03-08T18:40:38","modified_gmt":"2024-03-08T16:40:38","slug":"juvederm-ultra-4-2-x-1ml","status":"publish","type":"product","link":"https:\/\/mylipfiller.com\/es\/juvederm-ultra-4-2-x-1ml\/","title":{"rendered":"Juvederm Ultra 4 (2 x 1 ml)"},"content":{"rendered":"<h3>Correcci\u00f3n indolora de arrugas m\u00e1s profundas<\/h3>\n<ul>\n<li>Eliminaci\u00f3n inmediata de los pliegues nasolabiales.<\/li>\n<li>Correcci\u00f3n de arrugas de aspecto natural en el ment\u00f3n.<\/li>\n<li>Reducci\u00f3n de l\u00edneas de monedero<\/li>\n<li>No apto para el tratamiento de l\u00edneas de expresi\u00f3n.<\/li>\n<li>No debe inyectarse en el \u00e1rea debajo de los ojos.<\/li>\n<\/ul>\n<p>El ingrediente activo clave de Juvederm Ultra 4 es HA purificado que se produce con la ayuda de una tecnolog\u00eda Hylacross de nueva generaci\u00f3n. Gracias a eso, el gel de implante de este producto antienvejecimiento est\u00e1 altamente reticulado, lo que garantiza <u>resultados estables y duraderos<\/u> que duran hasta aproximadamente 12 meses. los <em>\u00e1cido hialur\u00f3nico biol\u00f3gicamente compatible<\/em> en esta soluci\u00f3n no viene en forma de part\u00edculas sino como un gel muy suave y suave que garantiza:<\/p>\n<ul>\n<li>Rejuvenecimiento cosm\u00e9tico natural<\/li>\n<li>Hidrataci\u00f3n r\u00e1pida de la piel<\/li>\n<li>Mayor control durante la inyecci\u00f3n<\/li>\n<li>Reducci\u00f3n del dolor y la incomodidad del paciente.<\/li>\n<\/ul>\n<h3>Propiedades voluminizantes de Juvederm Ultra 4<\/h3>\n<p>Este relleno de tejido blando de alto rendimiento se puede inyectar de forma segura en la parte media e inferior de la cara. <u>para restaurar el volumen<\/u> perdido como parte del proceso de envejecimiento natural. Es posible que se requieran sesiones de retoque en alg\u00fan momento despu\u00e9s de la primera cita. Para obtener resultados \u00f3ptimos, se aconseja a los pacientes que eviten beber alcohol, tomar el sol, masajes y duchas calientes durante las primeras horas posteriores al tratamiento.<\/p>\n<ul>\n<li>Aumento de p\u00f3mulos<\/li>\n<li>Realce del ment\u00f3n<\/li>\n<li>Relleno de labios<\/li>\n<\/ul>","protected":false},"excerpt":{"rendered":"<p>Juvederm Ultra 4 es la soluci\u00f3n no quir\u00fargica probada de Allergan contra las arrugas y pliegues m\u00e1s profundos del rostro. Contiene 24mg \/ ml de \u00c1cido Hialur\u00f3nico reticulado que reduce visiblemente la apariencia incluso de los m\u00e1s <em>pliegues nasolabiales rebeldes<\/em>. Este relleno de piel de confianza tambi\u00e9n est\u00e1 optimizado para <strong>aumento facial m\u00ednimamente invasivo<\/strong> procedimientos, ya que puede remodelar y realzar r\u00e1pidamente los p\u00f3mulos, el ment\u00f3n y los labios.<\/p>","protected":false},"featured_media":13370,"template":"","meta":{"_acf_changed":false},"product_brand":[],"product_cat":[170,89,34,67],"product_tag":[90,123,130,131,115,114,111,136,118,151,141,142,135,110,122,124,116],"class_list":{"0":"post-13347","1":"product","2":"type-product","3":"status-publish","4":"has-post-thumbnail","6":"product_cat-allergan","7":"product_cat-big-holiday-sale","8":"product_cat-hard","9":"product_cat-juvederm","10":"product_tag-90","11":"product_tag-asymmetry","12":"product_tag-cheek-volume","13":"product_tag-cheekbone-contour","14":"product_tag-cheekbones","15":"product_tag-chin","16":"product_tag-face","17":"product_tag-france","18":"product_tag-high-density","19":"product_tag-hyaluronic-acid-ha-fillers","20":"product_tag-lifting","21":"product_tag-modeling","22":"product_tag-small-chin","23":"product_tag-temple","24":"product_tag-up-to-18-months","25":"product_tag-volume","26":"product_tag-with-lidocaine","28":"first","29":"instock","30":"taxable","31":"shipping-taxable","32":"product-type-simple"},"acf":[],"yoast_head":"<!-- This site is optimized with the Yoast SEO plugin v27.4 - https:\/\/yoast.com\/product\/yoast-seo-wordpress\/ -->\n<title>Buy Juvederm Ultra 4 (2 x 1ml) - Fillers from My Lip Filler<\/title>\n<meta name=\"description\" content=\"\u2765Buy Juvederm Ultra 4 (2 x 1ml) \u23e9 My Lip Filler online store \u27a6 Quality assurance, reviews, ingredients, best prices!\" \/>\n<meta name=\"robots\" content=\"index, follow, max-snippet:-1, max-image-preview:large, max-video-preview:-1\" \/>\n<link rel=\"canonical\" href=\"https:\/\/mylipfiller.com\/es\/juvederm-ultra-4-2-x-1ml\/\" \/>\n<meta property=\"og:locale\" content=\"es_MX\" \/>\n<meta property=\"og:type\" content=\"article\" \/>\n<meta property=\"og:title\" content=\"Buy Juvederm Ultra 4 (2 x 1ml) - Fillers from My Lip Filler\" \/>\n<meta property=\"og:description\" content=\"\u2765Buy Juvederm Ultra 4 (2 x 1ml) \u23e9 My Lip Filler online store \u27a6 Quality assurance, reviews, ingredients, best prices!\" \/>\n<meta property=\"og:url\" content=\"https:\/\/mylipfiller.com\/es\/juvederm-ultra-4-2-x-1ml\/\" \/>\n<meta property=\"og:site_name\" content=\"My Lip Filler\" \/>\n<meta property=\"article:modified_time\" content=\"2024-03-08T16:40:38+00:00\" \/>\n<meta property=\"og:image\" content=\"https:\/\/cdn.mylipfiller.com\/wp-content\/uploads\/2020\/01\/Juvederm-Ultra-4.jpg\" \/>\n\t<meta property=\"og:image:width\" content=\"600\" \/>\n\t<meta property=\"og:image:height\" content=\"600\" \/>\n\t<meta property=\"og:image:type\" content=\"image\/jpeg\" \/>\n<meta name=\"twitter:card\" content=\"summary_large_image\" \/>\n<meta name=\"twitter:label1\" content=\"Tiempo de lectura\" \/>\n\t<meta name=\"twitter:data1\" content=\"2 minutos\" \/>\n<script type=\"application\/ld+json\" class=\"yoast-schema-graph\">{\"@context\":\"https:\\\/\\\/schema.org\",\"@graph\":[{\"@type\":\"WebPage\",\"@id\":\"https:\\\/\\\/mylipfiller.com\\\/juvederm-ultra-4-2-x-1ml\\\/\",\"url\":\"https:\\\/\\\/mylipfiller.com\\\/juvederm-ultra-4-2-x-1ml\\\/\",\"name\":\"Buy Juvederm Ultra 4 (2 x 1ml) - Fillers from My Lip Filler\",\"isPartOf\":{\"@id\":\"https:\\\/\\\/mylipfiller.com\\\/#website\"},\"primaryImageOfPage\":{\"@id\":\"https:\\\/\\\/mylipfiller.com\\\/juvederm-ultra-4-2-x-1ml\\\/#primaryimage\"},\"image\":{\"@id\":\"https:\\\/\\\/mylipfiller.com\\\/juvederm-ultra-4-2-x-1ml\\\/#primaryimage\"},\"thumbnailUrl\":\"https:\\\/\\\/mylipfiller.com\\\/wp-content\\\/uploads\\\/2020\\\/01\\\/Juvederm-Ultra-4.jpg\",\"datePublished\":\"2020-01-24T14:31:51+00:00\",\"dateModified\":\"2024-03-08T16:40:38+00:00\",\"description\":\"\u2765Buy Juvederm Ultra 4 (2 x 1ml) \u23e9 My Lip Filler online store \u27a6 Quality assurance, reviews, ingredients, best prices!\",\"breadcrumb\":{\"@id\":\"https:\\\/\\\/mylipfiller.com\\\/juvederm-ultra-4-2-x-1ml\\\/#breadcrumb\"},\"inLanguage\":\"es\",\"potentialAction\":[{\"@type\":\"ReadAction\",\"target\":[\"https:\\\/\\\/mylipfiller.com\\\/juvederm-ultra-4-2-x-1ml\\\/\"]}]},{\"@type\":\"ImageObject\",\"inLanguage\":\"es\",\"@id\":\"https:\\\/\\\/mylipfiller.com\\\/juvederm-ultra-4-2-x-1ml\\\/#primaryimage\",\"url\":\"https:\\\/\\\/mylipfiller.com\\\/wp-content\\\/uploads\\\/2020\\\/01\\\/Juvederm-Ultra-4.jpg\",\"contentUrl\":\"https:\\\/\\\/mylipfiller.com\\\/wp-content\\\/uploads\\\/2020\\\/01\\\/Juvederm-Ultra-4.jpg\",\"width\":600,\"height\":600,\"caption\":\"Juvederm Ultra 4\"},{\"@type\":\"BreadcrumbList\",\"@id\":\"https:\\\/\\\/mylipfiller.com\\\/juvederm-ultra-4-2-x-1ml\\\/#breadcrumb\",\"itemListElement\":[{\"@type\":\"ListItem\",\"position\":1,\"name\":\"Home\",\"item\":\"https:\\\/\\\/mylipfiller.com\\\/\"},{\"@type\":\"ListItem\",\"position\":2,\"name\":\"Shop\",\"item\":\"https:\\\/\\\/mylipfiller.com\\\/shop\\\/\"},{\"@type\":\"ListItem\",\"position\":3,\"name\":\"Juvederm Ultra 4 (2 x 1ml)\"}]},{\"@type\":\"WebSite\",\"@id\":\"https:\\\/\\\/mylipfiller.com\\\/#website\",\"url\":\"https:\\\/\\\/mylipfiller.com\\\/\",\"name\":\"My Lip Filler\",\"description\":\"Hyaluronic Acid Lip and Dermal Fillers\",\"publisher\":{\"@id\":\"https:\\\/\\\/mylipfiller.com\\\/#organization\"},\"potentialAction\":[{\"@type\":\"SearchAction\",\"target\":{\"@type\":\"EntryPoint\",\"urlTemplate\":\"https:\\\/\\\/mylipfiller.com\\\/?s={search_term_string}\"},\"query-input\":{\"@type\":\"PropertyValueSpecification\",\"valueRequired\":true,\"valueName\":\"search_term_string\"}}],\"inLanguage\":\"es\"},{\"@type\":\"Organization\",\"@id\":\"https:\\\/\\\/mylipfiller.com\\\/#organization\",\"name\":\"My Lip Filler\",\"url\":\"https:\\\/\\\/mylipfiller.com\\\/\",\"logo\":{\"@type\":\"ImageObject\",\"inLanguage\":\"es\",\"@id\":\"https:\\\/\\\/mylipfiller.com\\\/#\\\/schema\\\/logo\\\/image\\\/\",\"url\":\"https:\\\/\\\/mylipfiller.com\\\/wp-content\\\/uploads\\\/2019\\\/02\\\/cropped-My-Lip-Filler-Logo.png\",\"contentUrl\":\"https:\\\/\\\/mylipfiller.com\\\/wp-content\\\/uploads\\\/2019\\\/02\\\/cropped-My-Lip-Filler-Logo.png\",\"width\":240,\"height\":88,\"caption\":\"My Lip Filler\"},\"image\":{\"@id\":\"https:\\\/\\\/mylipfiller.com\\\/#\\\/schema\\\/logo\\\/image\\\/\"}}]}<\/script>\n<!-- \/ Yoast SEO plugin. -->","yoast_head_json":{"title":"Comprar Juvederm Ultra 4 (2 x 1ml) - Rellenos de My Lip Filler","description":"\u2765Compra Juvederm Ultra 4 (2 x 1ml) \u23e9 Tienda online My Lip Filler \u27a6 Garant\u00eda de calidad, rese\u00f1as, ingredientes, \u00a1los mejores precios!","robots":{"index":"index","follow":"follow","max-snippet":"max-snippet:-1","max-image-preview":"max-image-preview:large","max-video-preview":"max-video-preview:-1"},"canonical":"https:\/\/mylipfiller.com\/es\/juvederm-ultra-4-2-x-1ml\/","og_locale":"es_MX","og_type":"article","og_title":"Buy Juvederm Ultra 4 (2 x 1ml) - Fillers from My Lip Filler","og_description":"\u2765Buy Juvederm Ultra 4 (2 x 1ml) \u23e9 My Lip Filler online store \u27a6 Quality assurance, reviews, ingredients, best prices!","og_url":"https:\/\/mylipfiller.com\/es\/juvederm-ultra-4-2-x-1ml\/","og_site_name":"My Lip Filler","article_modified_time":"2024-03-08T16:40:38+00:00","og_image":[{"width":600,"height":600,"url":"https:\/\/cdn.mylipfiller.com\/wp-content\/uploads\/2020\/01\/Juvederm-Ultra-4.jpg","type":"image\/jpeg"}],"twitter_card":"summary_large_image","twitter_misc":{"Tiempo de lectura":"2 minutos"},"schema":{"@context":"https:\/\/schema.org","@graph":[{"@type":"WebPage","@id":"https:\/\/mylipfiller.com\/juvederm-ultra-4-2-x-1ml\/","url":"https:\/\/mylipfiller.com\/juvederm-ultra-4-2-x-1ml\/","name":"Comprar Juvederm Ultra 4 (2 x 1ml) - Rellenos de My Lip Filler","isPartOf":{"@id":"https:\/\/mylipfiller.com\/#website"},"primaryImageOfPage":{"@id":"https:\/\/mylipfiller.com\/juvederm-ultra-4-2-x-1ml\/#primaryimage"},"image":{"@id":"https:\/\/mylipfiller.com\/juvederm-ultra-4-2-x-1ml\/#primaryimage"},"thumbnailUrl":"https:\/\/cdn.mylipfiller.com\/wp-content\/uploads\/2020\/01\/Juvederm-Ultra-4.jpg","datePublished":"2020-01-24T14:31:51+00:00","dateModified":"2024-03-08T16:40:38+00:00","description":"\u2765Compra Juvederm Ultra 4 (2 x 1ml) \u23e9 Tienda online My Lip Filler \u27a6 Garant\u00eda de calidad, rese\u00f1as, ingredientes, \u00a1los mejores precios!","breadcrumb":{"@id":"https:\/\/mylipfiller.com\/juvederm-ultra-4-2-x-1ml\/#breadcrumb"},"inLanguage":"es","potentialAction":[{"@type":"ReadAction","target":["https:\/\/mylipfiller.com\/juvederm-ultra-4-2-x-1ml\/"]}]},{"@type":"ImageObject","inLanguage":"es","@id":"https:\/\/mylipfiller.com\/juvederm-ultra-4-2-x-1ml\/#primaryimage","url":"https:\/\/cdn.mylipfiller.com\/wp-content\/uploads\/2020\/01\/Juvederm-Ultra-4.jpg","contentUrl":"https:\/\/cdn.mylipfiller.com\/wp-content\/uploads\/2020\/01\/Juvederm-Ultra-4.jpg","width":600,"height":600,"caption":"Juvederm Ultra 4"},{"@type":"BreadcrumbList","@id":"https:\/\/mylipfiller.com\/juvederm-ultra-4-2-x-1ml\/#breadcrumb","itemListElement":[{"@type":"ListItem","position":1,"name":"Home","item":"https:\/\/mylipfiller.com\/"},{"@type":"ListItem","position":2,"name":"Shop","item":"https:\/\/mylipfiller.com\/shop\/"},{"@type":"ListItem","position":3,"name":"Juvederm Ultra 4 (2 x 1ml)"}]},{"@type":"WebSite","@id":"https:\/\/mylipfiller.com\/#website","url":"https:\/\/mylipfiller.com\/","name":"Mi relleno de labios","description":"Rellenos d\u00e9rmicos y de labios con \u00e1cido hialur\u00f3nico","publisher":{"@id":"https:\/\/mylipfiller.com\/#organization"},"potentialAction":[{"@type":"SearchAction","target":{"@type":"EntryPoint","urlTemplate":"https:\/\/mylipfiller.com\/?s={search_term_string}"},"query-input":{"@type":"PropertyValueSpecification","valueRequired":true,"valueName":"search_term_string"}}],"inLanguage":"es"},{"@type":"Organization","@id":"https:\/\/mylipfiller.com\/#organization","name":"Mi relleno de labios","url":"https:\/\/mylipfiller.com\/","logo":{"@type":"ImageObject","inLanguage":"es","@id":"https:\/\/mylipfiller.com\/#\/schema\/logo\/image\/","url":"https:\/\/cdn.mylipfiller.com\/wp-content\/uploads\/2019\/02\/cropped-My-Lip-Filler-Logo.png","contentUrl":"https:\/\/cdn.mylipfiller.com\/wp-content\/uploads\/2019\/02\/cropped-My-Lip-Filler-Logo.png","width":240,"height":88,"caption":"My Lip Filler"},"image":{"@id":"https:\/\/mylipfiller.com\/#\/schema\/logo\/image\/"}}]}},"_links":{"self":[{"href":"https:\/\/mylipfiller.com\/es\/wp-json\/wp\/v2\/product\/13347","targetHints":{"allow":["GET"]}}],"collection":[{"href":"https:\/\/mylipfiller.com\/es\/wp-json\/wp\/v2\/product"}],"about":[{"href":"https:\/\/mylipfiller.com\/es\/wp-json\/wp\/v2\/types\/product"}],"wp:featuredmedia":[{"embeddable":true,"href":"https:\/\/mylipfiller.com\/es\/wp-json\/wp\/v2\/media\/13370"}],"wp:attachment":[{"href":"https:\/\/mylipfiller.com\/es\/wp-json\/wp\/v2\/media?parent=13347"}],"wp:term":[{"taxonomy":"product_brand","embeddable":true,"href":"https:\/\/mylipfiller.com\/es\/wp-json\/wp\/v2\/product_brand?post=13347"},{"taxonomy":"product_cat","embeddable":true,"href":"https:\/\/mylipfiller.com\/es\/wp-json\/wp\/v2\/product_cat?post=13347"},{"taxonomy":"product_tag","embeddable":true,"href":"https:\/\/mylipfiller.com\/es\/wp-json\/wp\/v2\/product_tag?post=13347"}],"curies":[{"name":"gracias","href":"https:\/\/api.w.org\/{rel}","templated":true}]}}