{"id":13349,"date":"2020-01-24T17:19:54","date_gmt":"2020-01-24T15:19:54","guid":{"rendered":"https:\/\/mylipfiller.com\/?post_type=product&#038;p=13349"},"modified":"2024-03-08T18:40:25","modified_gmt":"2024-03-08T16:40:25","slug":"teosyal-puresence-redencity-2-2-x-1ml","status":"publish","type":"product","link":"https:\/\/mylipfiller.com\/es\/teosyal-puresence-redencity-2-2-x-1ml\/","title":{"rendered":"Teosyal PureSence Redensity 2 (2 x 1ml)"},"content":{"rendered":"<h3>Un removedor seguro de ojeras<\/h3>\n<ul>\n<li>Corrige los c\u00edrculos debajo de los ojos.<\/li>\n<li>Elimina peque\u00f1as bolsas malares<\/li>\n<li>Tratamiento inmediato de l\u00e1grimas<\/li>\n<li>Reduce el surco palpebromalar<\/li>\n<li>Hidrata y rejuvenece la piel.<\/li>\n<li>Suaviza las l\u00edneas superficiales debajo de los ojos.<\/li>\n<\/ul>\n<p>Teoxane Laboratories ha creado Teosyal Pure Sense Redensity II para abordar espec\u00edficamente las preocupaciones cosm\u00e9ticas y las relacionadas con el proceso de envejecimiento natural que afecta la zona delicada debajo de los ojos. Este relleno d\u00e9rmico avanzado tiene un <em>estructura hidrosc\u00f3pica<\/em> y que reduce la hinchaz\u00f3n despu\u00e9s del tratamiento. La mezcla de <u>HA no reticulado y reticulado<\/u> en su composici\u00f3n hace que el gel inyectable sea incre\u00edblemente estable y previene la posible migraci\u00f3n del gel en los d\u00edas, semanas e incluso meses posteriores a la sesi\u00f3n de inyecci\u00f3n inicial. El \u00e1cido hialur\u00f3nico de este producto est\u00e1 purificado, es biocompatible y no es de origen animal. Para los pacientes, esto significa un riesgo significativamente reducido de reacciones al\u00e9rgicas y efectos secundarios relacionados con la hipersensibilidad. Teosyal Pure Sense Redensity II tambi\u00e9n es abundante en ingredientes que estimulan la salud y la piel, como <em>minerales, antioxidantes, amino\u00e1cidos y vitaminas<\/em>.<\/p>\n<h3>D\u00f3sis recomendada<\/h3>\n<p>La piel debajo de los ojos es muy fina y suave, y los cirujanos pl\u00e1sticos certificados por la junta deben ce\u00f1irse a una dosis m\u00e1xima de 0,5 ml por sesi\u00f3n para cada zona debajo de los ojos. Los m\u00e9dicos pueden decidir programar una sesi\u00f3n de mantenimiento para el mes siguiente, pero normalmente los efectos del tratamiento duran hasta 12 meses.<\/p>","protected":false},"excerpt":{"rendered":"<p>Teosyal Pure Sense Redensity II es un relleno d\u00e9rmico de alto rendimiento que se produce para <strong>corregir inmediatamente las ojeras<\/strong>, bolsas malares y otras imperfecciones y signos de la edad que afectan la delicada zona debajo de los ojos. Es muy estable, pero suave y f\u00e1cil de controlar porque parte del gel de \u00e1cido hialur\u00f3nico que contiene est\u00e1 reticulado y parte no est\u00e1 reticulado. Los efectos rejuvenecedores de este producto antienvejecimiento se ven reforzados por un <em>complejo de nutrientes<\/em>.<\/p>","protected":false},"featured_media":13371,"template":"","meta":{"_acf_changed":false},"product_brand":[],"product_cat":[89,32,68,182],"product_tag":[90,144,125,111,126,136,151,117,146,119,148,127],"class_list":{"0":"post-13349","1":"product","2":"type-product","3":"status-publish","4":"has-post-thumbnail","6":"product_cat-big-holiday-sale","7":"product_cat-soft","8":"product_cat-teosyal","9":"product_cat-teoxane","10":"product_tag-90","11":"product_tag-anti-wrinkle","12":"product_tag-crows-feet","13":"product_tag-face","14":"product_tag-fine-lines","15":"product_tag-france","16":"product_tag-hyaluronic-acid-ha-fillers","17":"product_tag-low-density","18":"product_tag-smoothing","19":"product_tag-up-to-9-months","20":"product_tag-upper-dermis","21":"product_tag-wrinkles-around-the-eyes","23":"first","24":"instock","25":"taxable","26":"shipping-taxable","27":"purchasable","28":"product-type-simple"},"acf":[],"yoast_head":"<!-- This site is optimized with the Yoast SEO plugin v27.2 - https:\/\/yoast.com\/product\/yoast-seo-wordpress\/ -->\n<title>Buy Teosyal PureSence Redensity 2 (2 x 1ml) - Fillers from My Lip Filler<\/title>\n<meta name=\"description\" content=\"\u2765Buy Teosyal PureSence Redensity 2 (2 x 1ml) \u23e9 My Lip Filler online store \u27a6 Quality assurance, reviews, ingredients, best prices!\" \/>\n<meta name=\"robots\" content=\"index, follow, max-snippet:-1, max-image-preview:large, max-video-preview:-1\" \/>\n<link rel=\"canonical\" href=\"https:\/\/mylipfiller.com\/es\/teosyal-puresence-redencity-2-2-x-1ml\/\" \/>\n<meta property=\"og:locale\" content=\"es_MX\" \/>\n<meta property=\"og:type\" content=\"article\" \/>\n<meta property=\"og:title\" content=\"Buy Teosyal PureSence Redensity 2 (2 x 1ml) - Fillers from My Lip Filler\" \/>\n<meta property=\"og:description\" content=\"\u2765Buy Teosyal PureSence Redensity 2 (2 x 1ml) \u23e9 My Lip Filler online store \u27a6 Quality assurance, reviews, ingredients, best prices!\" \/>\n<meta property=\"og:url\" content=\"https:\/\/mylipfiller.com\/es\/teosyal-puresence-redencity-2-2-x-1ml\/\" \/>\n<meta property=\"og:site_name\" content=\"My Lip Filler\" \/>\n<meta property=\"article:modified_time\" content=\"2024-03-08T16:40:25+00:00\" \/>\n<meta property=\"og:image\" content=\"https:\/\/cdn.mylipfiller.com\/wp-content\/uploads\/2020\/01\/Teosyal-Puresense-Redensity-2.jpg\" \/>\n\t<meta property=\"og:image:width\" content=\"600\" \/>\n\t<meta property=\"og:image:height\" content=\"600\" \/>\n\t<meta property=\"og:image:type\" content=\"image\/jpeg\" \/>\n<meta name=\"twitter:card\" content=\"summary_large_image\" \/>\n<meta name=\"twitter:label1\" content=\"Tiempo de lectura\" \/>\n\t<meta name=\"twitter:data1\" content=\"2 minutos\" \/>\n<script type=\"application\/ld+json\" class=\"yoast-schema-graph\">{\"@context\":\"https:\/\/schema.org\",\"@graph\":[{\"@type\":\"WebPage\",\"@id\":\"https:\/\/mylipfiller.com\/teosyal-puresence-redencity-2-2-x-1ml\/\",\"url\":\"https:\/\/mylipfiller.com\/teosyal-puresence-redencity-2-2-x-1ml\/\",\"name\":\"Buy Teosyal PureSence Redensity 2 (2 x 1ml) - Fillers from My Lip Filler\",\"isPartOf\":{\"@id\":\"https:\/\/mylipfiller.com\/#website\"},\"primaryImageOfPage\":{\"@id\":\"https:\/\/mylipfiller.com\/teosyal-puresence-redencity-2-2-x-1ml\/#primaryimage\"},\"image\":{\"@id\":\"https:\/\/mylipfiller.com\/teosyal-puresence-redencity-2-2-x-1ml\/#primaryimage\"},\"thumbnailUrl\":\"https:\/\/cdn.mylipfiller.com\/wp-content\/uploads\/2020\/01\/Teosyal-Puresense-Redensity-2.jpg\",\"datePublished\":\"2020-01-24T15:19:54+00:00\",\"dateModified\":\"2024-03-08T16:40:25+00:00\",\"description\":\"\u2765Buy Teosyal PureSence Redensity 2 (2 x 1ml) \u23e9 My Lip Filler online store \u27a6 Quality assurance, reviews, ingredients, best prices!\",\"breadcrumb\":{\"@id\":\"https:\/\/mylipfiller.com\/teosyal-puresence-redencity-2-2-x-1ml\/#breadcrumb\"},\"inLanguage\":\"es\",\"potentialAction\":[{\"@type\":\"ReadAction\",\"target\":[\"https:\/\/mylipfiller.com\/teosyal-puresence-redencity-2-2-x-1ml\/\"]}]},{\"@type\":\"ImageObject\",\"inLanguage\":\"es\",\"@id\":\"https:\/\/mylipfiller.com\/teosyal-puresence-redencity-2-2-x-1ml\/#primaryimage\",\"url\":\"https:\/\/cdn.mylipfiller.com\/wp-content\/uploads\/2020\/01\/Teosyal-Puresense-Redensity-2.jpg\",\"contentUrl\":\"https:\/\/cdn.mylipfiller.com\/wp-content\/uploads\/2020\/01\/Teosyal-Puresense-Redensity-2.jpg\",\"width\":600,\"height\":600,\"caption\":\"Teosyal Puresense Redensity 2\"},{\"@type\":\"BreadcrumbList\",\"@id\":\"https:\/\/mylipfiller.com\/teosyal-puresence-redencity-2-2-x-1ml\/#breadcrumb\",\"itemListElement\":[{\"@type\":\"ListItem\",\"position\":1,\"name\":\"Home\",\"item\":\"https:\/\/mylipfiller.com\/\"},{\"@type\":\"ListItem\",\"position\":2,\"name\":\"Shop\",\"item\":\"https:\/\/mylipfiller.com\/shop\/\"},{\"@type\":\"ListItem\",\"position\":3,\"name\":\"Teosyal PureSence Redensity 2 (2 x 1ml)\"}]},{\"@type\":\"WebSite\",\"@id\":\"https:\/\/mylipfiller.com\/#website\",\"url\":\"https:\/\/mylipfiller.com\/\",\"name\":\"My Lip Filler\",\"description\":\"Hyaluronic Acid Lip and Dermal Fillers\",\"publisher\":{\"@id\":\"https:\/\/mylipfiller.com\/#organization\"},\"potentialAction\":[{\"@type\":\"SearchAction\",\"target\":{\"@type\":\"EntryPoint\",\"urlTemplate\":\"https:\/\/mylipfiller.com\/?s={search_term_string}\"},\"query-input\":{\"@type\":\"PropertyValueSpecification\",\"valueRequired\":true,\"valueName\":\"search_term_string\"}}],\"inLanguage\":\"es\"},{\"@type\":\"Organization\",\"@id\":\"https:\/\/mylipfiller.com\/#organization\",\"name\":\"My Lip Filler\",\"url\":\"https:\/\/mylipfiller.com\/\",\"logo\":{\"@type\":\"ImageObject\",\"inLanguage\":\"es\",\"@id\":\"https:\/\/mylipfiller.com\/#\/schema\/logo\/image\/\",\"url\":\"https:\/\/cdn.mylipfiller.com\/wp-content\/uploads\/2019\/02\/cropped-My-Lip-Filler-Logo.png\",\"contentUrl\":\"https:\/\/cdn.mylipfiller.com\/wp-content\/uploads\/2019\/02\/cropped-My-Lip-Filler-Logo.png\",\"width\":240,\"height\":88,\"caption\":\"My Lip Filler\"},\"image\":{\"@id\":\"https:\/\/mylipfiller.com\/#\/schema\/logo\/image\/\"}}]}<\/script>\n<!-- \/ Yoast SEO plugin. -->","yoast_head_json":{"title":"Comprar Teosyal PureSence Redensity 2 (2 x 1ml) - Rellenos de My Lip Filler","description":"\u2765Compre Teosyal PureSence Redensity 2 (2 x 1ml) \u23e9 Tienda online My Lip Filler \u27a6 Garant\u00eda de calidad, rese\u00f1as, ingredientes, \u00a1los mejores precios!","robots":{"index":"index","follow":"follow","max-snippet":"max-snippet:-1","max-image-preview":"max-image-preview:large","max-video-preview":"max-video-preview:-1"},"canonical":"https:\/\/mylipfiller.com\/es\/teosyal-puresence-redencity-2-2-x-1ml\/","og_locale":"es_MX","og_type":"article","og_title":"Buy Teosyal PureSence Redensity 2 (2 x 1ml) - Fillers from My Lip Filler","og_description":"\u2765Buy Teosyal PureSence Redensity 2 (2 x 1ml) \u23e9 My Lip Filler online store \u27a6 Quality assurance, reviews, ingredients, best prices!","og_url":"https:\/\/mylipfiller.com\/es\/teosyal-puresence-redencity-2-2-x-1ml\/","og_site_name":"My Lip Filler","article_modified_time":"2024-03-08T16:40:25+00:00","og_image":[{"width":600,"height":600,"url":"https:\/\/cdn.mylipfiller.com\/wp-content\/uploads\/2020\/01\/Teosyal-Puresense-Redensity-2.jpg","type":"image\/jpeg"}],"twitter_card":"summary_large_image","twitter_misc":{"Tiempo de lectura":"2 minutos"},"schema":{"@context":"https:\/\/schema.org","@graph":[{"@type":"WebPage","@id":"https:\/\/mylipfiller.com\/teosyal-puresence-redencity-2-2-x-1ml\/","url":"https:\/\/mylipfiller.com\/teosyal-puresence-redencity-2-2-x-1ml\/","name":"Comprar Teosyal PureSence Redensity 2 (2 x 1ml) - Rellenos de My Lip Filler","isPartOf":{"@id":"https:\/\/mylipfiller.com\/#website"},"primaryImageOfPage":{"@id":"https:\/\/mylipfiller.com\/teosyal-puresence-redencity-2-2-x-1ml\/#primaryimage"},"image":{"@id":"https:\/\/mylipfiller.com\/teosyal-puresence-redencity-2-2-x-1ml\/#primaryimage"},"thumbnailUrl":"https:\/\/cdn.mylipfiller.com\/wp-content\/uploads\/2020\/01\/Teosyal-Puresense-Redensity-2.jpg","datePublished":"2020-01-24T15:19:54+00:00","dateModified":"2024-03-08T16:40:25+00:00","description":"\u2765Compre Teosyal PureSence Redensity 2 (2 x 1ml) \u23e9 Tienda online My Lip Filler \u27a6 Garant\u00eda de calidad, rese\u00f1as, ingredientes, \u00a1los mejores precios!","breadcrumb":{"@id":"https:\/\/mylipfiller.com\/teosyal-puresence-redencity-2-2-x-1ml\/#breadcrumb"},"inLanguage":"es","potentialAction":[{"@type":"ReadAction","target":["https:\/\/mylipfiller.com\/teosyal-puresence-redencity-2-2-x-1ml\/"]}]},{"@type":"ImageObject","inLanguage":"es","@id":"https:\/\/mylipfiller.com\/teosyal-puresence-redencity-2-2-x-1ml\/#primaryimage","url":"https:\/\/cdn.mylipfiller.com\/wp-content\/uploads\/2020\/01\/Teosyal-Puresense-Redensity-2.jpg","contentUrl":"https:\/\/cdn.mylipfiller.com\/wp-content\/uploads\/2020\/01\/Teosyal-Puresense-Redensity-2.jpg","width":600,"height":600,"caption":"Teosyal Puresense Redensity 2"},{"@type":"BreadcrumbList","@id":"https:\/\/mylipfiller.com\/teosyal-puresence-redencity-2-2-x-1ml\/#breadcrumb","itemListElement":[{"@type":"ListItem","position":1,"name":"Home","item":"https:\/\/mylipfiller.com\/"},{"@type":"ListItem","position":2,"name":"Shop","item":"https:\/\/mylipfiller.com\/shop\/"},{"@type":"ListItem","position":3,"name":"Teosyal PureSence Redensity 2 (2 x 1ml)"}]},{"@type":"WebSite","@id":"https:\/\/mylipfiller.com\/#website","url":"https:\/\/mylipfiller.com\/","name":"Mi relleno de labios","description":"Rellenos d\u00e9rmicos y de labios con \u00e1cido hialur\u00f3nico","publisher":{"@id":"https:\/\/mylipfiller.com\/#organization"},"potentialAction":[{"@type":"SearchAction","target":{"@type":"EntryPoint","urlTemplate":"https:\/\/mylipfiller.com\/?s={search_term_string}"},"query-input":{"@type":"PropertyValueSpecification","valueRequired":true,"valueName":"search_term_string"}}],"inLanguage":"es"},{"@type":"Organization","@id":"https:\/\/mylipfiller.com\/#organization","name":"Mi relleno de labios","url":"https:\/\/mylipfiller.com\/","logo":{"@type":"ImageObject","inLanguage":"es","@id":"https:\/\/mylipfiller.com\/#\/schema\/logo\/image\/","url":"https:\/\/cdn.mylipfiller.com\/wp-content\/uploads\/2019\/02\/cropped-My-Lip-Filler-Logo.png","contentUrl":"https:\/\/cdn.mylipfiller.com\/wp-content\/uploads\/2019\/02\/cropped-My-Lip-Filler-Logo.png","width":240,"height":88,"caption":"My Lip Filler"},"image":{"@id":"https:\/\/mylipfiller.com\/#\/schema\/logo\/image\/"}}]}},"_links":{"self":[{"href":"https:\/\/mylipfiller.com\/es\/wp-json\/wp\/v2\/product\/13349","targetHints":{"allow":["GET"]}}],"collection":[{"href":"https:\/\/mylipfiller.com\/es\/wp-json\/wp\/v2\/product"}],"about":[{"href":"https:\/\/mylipfiller.com\/es\/wp-json\/wp\/v2\/types\/product"}],"wp:featuredmedia":[{"embeddable":true,"href":"https:\/\/mylipfiller.com\/es\/wp-json\/wp\/v2\/media\/13371"}],"wp:attachment":[{"href":"https:\/\/mylipfiller.com\/es\/wp-json\/wp\/v2\/media?parent=13349"}],"wp:term":[{"taxonomy":"product_brand","embeddable":true,"href":"https:\/\/mylipfiller.com\/es\/wp-json\/wp\/v2\/product_brand?post=13349"},{"taxonomy":"product_cat","embeddable":true,"href":"https:\/\/mylipfiller.com\/es\/wp-json\/wp\/v2\/product_cat?post=13349"},{"taxonomy":"product_tag","embeddable":true,"href":"https:\/\/mylipfiller.com\/es\/wp-json\/wp\/v2\/product_tag?post=13349"}],"curies":[{"name":"gracias","href":"https:\/\/api.w.org\/{rel}","templated":true}]}}