{"id":13350,"date":"2020-01-24T17:21:22","date_gmt":"2020-01-24T15:21:22","guid":{"rendered":"https:\/\/mylipfiller.com\/?post_type=product&#038;p=13350"},"modified":"2024-07-03T17:32:34","modified_gmt":"2024-07-03T15:32:34","slug":"teosyal-puresence-kiss-2-x-1ml","status":"publish","type":"product","link":"https:\/\/mylipfiller.com\/es\/teosyal-puresence-kiss-2-x-1ml\/","title":{"rendered":"Teosyal PureSence Kiss (2 x 1 ml)"},"content":{"rendered":"<h3>Teosyal Pure Sense Kiss ofrece un realce indoloro de los labios<\/h3>\n<p>La empresa cosmec\u00e9utica suiza Teoxane Laboratories ha desarrollado este eficaz relleno d\u00e9rmico para enfocarse y tratar espec\u00edficamente los labios, una de las partes m\u00e1s delicadas del rostro. Por eso, el producto ha sido <strong>optimizado para minimizar el dolor<\/strong> durante el procedimiento ya que:<\/p>\n<ul>\n<li>Viene con x2 27G 1\/2 agujas de pared ultradelgada para una inyecci\u00f3n suave<\/li>\n<li>Contiene una peque\u00f1a cantidad de anest\u00e9sico local para una experiencia de tratamiento m\u00e1s c\u00f3moda<\/li>\n<li>Est\u00e1 compuesto por un gel HA suave que se adapta a las zonas de la cara muy m\u00f3viles como los labios.<\/li>\n<li>No requiere pruebas cut\u00e1neas previas al tratamiento ni tiempo de inactividad posterior al tratamiento<\/li>\n<\/ul>\n<p>Cuando se administra en los labios mediante inyecci\u00f3n, Teosyal Pure Sense Kiss les da m\u00e1s volumen, los hidrata y los rejuvenece. Este conocido producto anti-envejecimiento puede <u>mejorar significativamente el contorno de los labios<\/u> por hasta 9 meses.<\/p>\n<h3>Un relleno de HA dise\u00f1ado para eliminar r\u00e1pidamente las arrugas periorales<\/h3>\n<p>Teosyal Pure Sense Kiss es seguro de usar para <em>reducci\u00f3n temporal de arrugas y l\u00edneas alrededor de la boca<\/em>. Las depresiones y l\u00edneas de la piel se vuelven menos visibles e incluso pueden desaparecer por completo despu\u00e9s de una sola sesi\u00f3n de inyecci\u00f3n con este relleno de \u00e1cido hialur\u00f3nico estabilizado.<\/p>\n<ul>\n<li>L\u00edneas de marionetas<\/li>\n<li>Pliegues nasolabiales<\/li>\n<li>Otras arrugas periorales medias y profundas<\/li>\n<\/ul>","protected":false},"excerpt":{"rendered":"<p>Teosyal Pure Sense Kiss se presenta en la l\u00ednea Specifics de rellenos de grado profesional de Teoxane Laboratories y, como tal, se enfoca en rejuvenecer una parte muy espec\u00edfica de la cara: la <u>labios y zona perioral<\/u>. Contiene \u00e1cido hialur\u00f3nico puro, no animal, que ha sido modificado con \u00e9xito para <em>procedimientos de mejora de labios no quir\u00fargicos<\/em>. Este inyectable rejuvenecedor cosm\u00e9tico avanzado tambi\u00e9n puede corregir arrugas periorales medias y profundas, como las l\u00edneas de marioneta.<\/p>","protected":false},"featured_media":13373,"template":"","meta":{"_acf_changed":false},"product_brand":[],"product_cat":[33,68,182],"product_tag":[111,136,151,133,107,134,120,116],"class_list":{"0":"post-13350","1":"product","2":"type-product","3":"status-publish","4":"has-post-thumbnail","6":"product_cat-lip","7":"product_cat-teosyal","8":"product_cat-teoxane","9":"product_tag-face","10":"product_tag-france","11":"product_tag-hyaluronic-acid-ha-fillers","12":"product_tag-marionette-lines","13":"product_tag-nasolabial-folds","14":"product_tag-small-lips","15":"product_tag-up-to-12-months","16":"product_tag-with-lidocaine","18":"first","19":"outofstock","20":"taxable","21":"shipping-taxable","22":"purchasable","23":"product-type-simple"},"acf":[],"yoast_head":"<!-- This site is optimized with the Yoast SEO plugin v27.3 - https:\/\/yoast.com\/product\/yoast-seo-wordpress\/ -->\n<title>Buy Teosyal PureSence Kiss (2 x 1ml) - Fillers from My Lip Filler<\/title>\n<meta name=\"description\" content=\"\u2765Buy Teosyal PureSence Kiss (2 x 1ml) \u23e9 My Lip Filler online store \u27a6 Quality assurance, reviews, ingredients, best prices!\" \/>\n<meta name=\"robots\" content=\"index, follow, max-snippet:-1, max-image-preview:large, max-video-preview:-1\" \/>\n<link rel=\"canonical\" href=\"https:\/\/mylipfiller.com\/es\/teosyal-puresence-kiss-2-x-1ml\/\" \/>\n<meta property=\"og:locale\" content=\"es_MX\" \/>\n<meta property=\"og:type\" content=\"article\" \/>\n<meta property=\"og:title\" content=\"Buy Teosyal PureSence Kiss (2 x 1ml) - Fillers from My Lip Filler\" \/>\n<meta property=\"og:description\" content=\"\u2765Buy Teosyal PureSence Kiss (2 x 1ml) \u23e9 My Lip Filler online store \u27a6 Quality assurance, reviews, ingredients, best prices!\" \/>\n<meta property=\"og:url\" content=\"https:\/\/mylipfiller.com\/es\/teosyal-puresence-kiss-2-x-1ml\/\" \/>\n<meta property=\"og:site_name\" content=\"My Lip Filler\" \/>\n<meta property=\"article:modified_time\" content=\"2024-07-03T15:32:34+00:00\" \/>\n<meta property=\"og:image\" content=\"https:\/\/cdn.mylipfiller.com\/wp-content\/uploads\/2020\/01\/Teosyal-Puresense-Kiss.jpg\" \/>\n\t<meta property=\"og:image:width\" content=\"600\" \/>\n\t<meta property=\"og:image:height\" content=\"600\" \/>\n\t<meta property=\"og:image:type\" content=\"image\/jpeg\" \/>\n<meta name=\"twitter:card\" content=\"summary_large_image\" \/>\n<meta name=\"twitter:label1\" content=\"Tiempo de lectura\" \/>\n\t<meta name=\"twitter:data1\" content=\"1 minuto\" \/>\n<script type=\"application\/ld+json\" class=\"yoast-schema-graph\">{\"@context\":\"https:\\\/\\\/schema.org\",\"@graph\":[{\"@type\":\"WebPage\",\"@id\":\"https:\\\/\\\/mylipfiller.com\\\/teosyal-puresence-kiss-2-x-1ml\\\/\",\"url\":\"https:\\\/\\\/mylipfiller.com\\\/teosyal-puresence-kiss-2-x-1ml\\\/\",\"name\":\"Buy Teosyal PureSence Kiss (2 x 1ml) - Fillers from My Lip Filler\",\"isPartOf\":{\"@id\":\"https:\\\/\\\/mylipfiller.com\\\/#website\"},\"primaryImageOfPage\":{\"@id\":\"https:\\\/\\\/mylipfiller.com\\\/teosyal-puresence-kiss-2-x-1ml\\\/#primaryimage\"},\"image\":{\"@id\":\"https:\\\/\\\/mylipfiller.com\\\/teosyal-puresence-kiss-2-x-1ml\\\/#primaryimage\"},\"thumbnailUrl\":\"https:\\\/\\\/mylipfiller.com\\\/wp-content\\\/uploads\\\/2020\\\/01\\\/Teosyal-Puresense-Kiss.jpg\",\"datePublished\":\"2020-01-24T15:21:22+00:00\",\"dateModified\":\"2024-07-03T15:32:34+00:00\",\"description\":\"\u2765Buy Teosyal PureSence Kiss (2 x 1ml) \u23e9 My Lip Filler online store \u27a6 Quality assurance, reviews, ingredients, best prices!\",\"breadcrumb\":{\"@id\":\"https:\\\/\\\/mylipfiller.com\\\/teosyal-puresence-kiss-2-x-1ml\\\/#breadcrumb\"},\"inLanguage\":\"es\",\"potentialAction\":[{\"@type\":\"ReadAction\",\"target\":[\"https:\\\/\\\/mylipfiller.com\\\/teosyal-puresence-kiss-2-x-1ml\\\/\"]}]},{\"@type\":\"ImageObject\",\"inLanguage\":\"es\",\"@id\":\"https:\\\/\\\/mylipfiller.com\\\/teosyal-puresence-kiss-2-x-1ml\\\/#primaryimage\",\"url\":\"https:\\\/\\\/mylipfiller.com\\\/wp-content\\\/uploads\\\/2020\\\/01\\\/Teosyal-Puresense-Kiss.jpg\",\"contentUrl\":\"https:\\\/\\\/mylipfiller.com\\\/wp-content\\\/uploads\\\/2020\\\/01\\\/Teosyal-Puresense-Kiss.jpg\",\"width\":600,\"height\":600,\"caption\":\"Teosyal Puresense Kiss\"},{\"@type\":\"BreadcrumbList\",\"@id\":\"https:\\\/\\\/mylipfiller.com\\\/teosyal-puresence-kiss-2-x-1ml\\\/#breadcrumb\",\"itemListElement\":[{\"@type\":\"ListItem\",\"position\":1,\"name\":\"Home\",\"item\":\"https:\\\/\\\/mylipfiller.com\\\/\"},{\"@type\":\"ListItem\",\"position\":2,\"name\":\"Shop\",\"item\":\"https:\\\/\\\/mylipfiller.com\\\/shop\\\/\"},{\"@type\":\"ListItem\",\"position\":3,\"name\":\"Teosyal PureSence Kiss (2 x 1ml)\"}]},{\"@type\":\"WebSite\",\"@id\":\"https:\\\/\\\/mylipfiller.com\\\/#website\",\"url\":\"https:\\\/\\\/mylipfiller.com\\\/\",\"name\":\"My Lip Filler\",\"description\":\"Hyaluronic Acid Lip and Dermal Fillers\",\"publisher\":{\"@id\":\"https:\\\/\\\/mylipfiller.com\\\/#organization\"},\"potentialAction\":[{\"@type\":\"SearchAction\",\"target\":{\"@type\":\"EntryPoint\",\"urlTemplate\":\"https:\\\/\\\/mylipfiller.com\\\/?s={search_term_string}\"},\"query-input\":{\"@type\":\"PropertyValueSpecification\",\"valueRequired\":true,\"valueName\":\"search_term_string\"}}],\"inLanguage\":\"es\"},{\"@type\":\"Organization\",\"@id\":\"https:\\\/\\\/mylipfiller.com\\\/#organization\",\"name\":\"My Lip Filler\",\"url\":\"https:\\\/\\\/mylipfiller.com\\\/\",\"logo\":{\"@type\":\"ImageObject\",\"inLanguage\":\"es\",\"@id\":\"https:\\\/\\\/mylipfiller.com\\\/#\\\/schema\\\/logo\\\/image\\\/\",\"url\":\"https:\\\/\\\/mylipfiller.com\\\/wp-content\\\/uploads\\\/2019\\\/02\\\/cropped-My-Lip-Filler-Logo.png\",\"contentUrl\":\"https:\\\/\\\/mylipfiller.com\\\/wp-content\\\/uploads\\\/2019\\\/02\\\/cropped-My-Lip-Filler-Logo.png\",\"width\":240,\"height\":88,\"caption\":\"My Lip Filler\"},\"image\":{\"@id\":\"https:\\\/\\\/mylipfiller.com\\\/#\\\/schema\\\/logo\\\/image\\\/\"}}]}<\/script>\n<!-- \/ Yoast SEO plugin. -->","yoast_head_json":{"title":"Compre Teosyal PureSence Kiss (2 x 1 ml) - Rellenos de My Lip Filler","description":"\u2765Compra Teosyal PureSence Kiss (2 x 1ml) \u23e9 Tienda online My Lip Filler \u27a6 Garant\u00eda de calidad, rese\u00f1as, ingredientes, \u00a1los mejores precios!","robots":{"index":"index","follow":"follow","max-snippet":"max-snippet:-1","max-image-preview":"max-image-preview:large","max-video-preview":"max-video-preview:-1"},"canonical":"https:\/\/mylipfiller.com\/es\/teosyal-puresence-kiss-2-x-1ml\/","og_locale":"es_MX","og_type":"article","og_title":"Buy Teosyal PureSence Kiss (2 x 1ml) - Fillers from My Lip Filler","og_description":"\u2765Buy Teosyal PureSence Kiss (2 x 1ml) \u23e9 My Lip Filler online store \u27a6 Quality assurance, reviews, ingredients, best prices!","og_url":"https:\/\/mylipfiller.com\/es\/teosyal-puresence-kiss-2-x-1ml\/","og_site_name":"My Lip Filler","article_modified_time":"2024-07-03T15:32:34+00:00","og_image":[{"width":600,"height":600,"url":"https:\/\/cdn.mylipfiller.com\/wp-content\/uploads\/2020\/01\/Teosyal-Puresense-Kiss.jpg","type":"image\/jpeg"}],"twitter_card":"summary_large_image","twitter_misc":{"Tiempo de lectura":"1 minuto"},"schema":{"@context":"https:\/\/schema.org","@graph":[{"@type":"WebPage","@id":"https:\/\/mylipfiller.com\/teosyal-puresence-kiss-2-x-1ml\/","url":"https:\/\/mylipfiller.com\/teosyal-puresence-kiss-2-x-1ml\/","name":"Compre Teosyal PureSence Kiss (2 x 1 ml) - Rellenos de My Lip Filler","isPartOf":{"@id":"https:\/\/mylipfiller.com\/#website"},"primaryImageOfPage":{"@id":"https:\/\/mylipfiller.com\/teosyal-puresence-kiss-2-x-1ml\/#primaryimage"},"image":{"@id":"https:\/\/mylipfiller.com\/teosyal-puresence-kiss-2-x-1ml\/#primaryimage"},"thumbnailUrl":"https:\/\/cdn.mylipfiller.com\/wp-content\/uploads\/2020\/01\/Teosyal-Puresense-Kiss.jpg","datePublished":"2020-01-24T15:21:22+00:00","dateModified":"2024-07-03T15:32:34+00:00","description":"\u2765Compra Teosyal PureSence Kiss (2 x 1ml) \u23e9 Tienda online My Lip Filler \u27a6 Garant\u00eda de calidad, rese\u00f1as, ingredientes, \u00a1los mejores precios!","breadcrumb":{"@id":"https:\/\/mylipfiller.com\/teosyal-puresence-kiss-2-x-1ml\/#breadcrumb"},"inLanguage":"es","potentialAction":[{"@type":"ReadAction","target":["https:\/\/mylipfiller.com\/teosyal-puresence-kiss-2-x-1ml\/"]}]},{"@type":"ImageObject","inLanguage":"es","@id":"https:\/\/mylipfiller.com\/teosyal-puresence-kiss-2-x-1ml\/#primaryimage","url":"https:\/\/cdn.mylipfiller.com\/wp-content\/uploads\/2020\/01\/Teosyal-Puresense-Kiss.jpg","contentUrl":"https:\/\/cdn.mylipfiller.com\/wp-content\/uploads\/2020\/01\/Teosyal-Puresense-Kiss.jpg","width":600,"height":600,"caption":"Teosyal Puresense Kiss"},{"@type":"BreadcrumbList","@id":"https:\/\/mylipfiller.com\/teosyal-puresence-kiss-2-x-1ml\/#breadcrumb","itemListElement":[{"@type":"ListItem","position":1,"name":"Home","item":"https:\/\/mylipfiller.com\/"},{"@type":"ListItem","position":2,"name":"Shop","item":"https:\/\/mylipfiller.com\/shop\/"},{"@type":"ListItem","position":3,"name":"Teosyal PureSence Kiss (2 x 1ml)"}]},{"@type":"WebSite","@id":"https:\/\/mylipfiller.com\/#website","url":"https:\/\/mylipfiller.com\/","name":"Mi relleno de labios","description":"Rellenos d\u00e9rmicos y de labios con \u00e1cido hialur\u00f3nico","publisher":{"@id":"https:\/\/mylipfiller.com\/#organization"},"potentialAction":[{"@type":"SearchAction","target":{"@type":"EntryPoint","urlTemplate":"https:\/\/mylipfiller.com\/?s={search_term_string}"},"query-input":{"@type":"PropertyValueSpecification","valueRequired":true,"valueName":"search_term_string"}}],"inLanguage":"es"},{"@type":"Organization","@id":"https:\/\/mylipfiller.com\/#organization","name":"Mi relleno de labios","url":"https:\/\/mylipfiller.com\/","logo":{"@type":"ImageObject","inLanguage":"es","@id":"https:\/\/mylipfiller.com\/#\/schema\/logo\/image\/","url":"https:\/\/cdn.mylipfiller.com\/wp-content\/uploads\/2019\/02\/cropped-My-Lip-Filler-Logo.png","contentUrl":"https:\/\/cdn.mylipfiller.com\/wp-content\/uploads\/2019\/02\/cropped-My-Lip-Filler-Logo.png","width":240,"height":88,"caption":"My Lip Filler"},"image":{"@id":"https:\/\/mylipfiller.com\/#\/schema\/logo\/image\/"}}]}},"_links":{"self":[{"href":"https:\/\/mylipfiller.com\/es\/wp-json\/wp\/v2\/product\/13350","targetHints":{"allow":["GET"]}}],"collection":[{"href":"https:\/\/mylipfiller.com\/es\/wp-json\/wp\/v2\/product"}],"about":[{"href":"https:\/\/mylipfiller.com\/es\/wp-json\/wp\/v2\/types\/product"}],"wp:featuredmedia":[{"embeddable":true,"href":"https:\/\/mylipfiller.com\/es\/wp-json\/wp\/v2\/media\/13373"}],"wp:attachment":[{"href":"https:\/\/mylipfiller.com\/es\/wp-json\/wp\/v2\/media?parent=13350"}],"wp:term":[{"taxonomy":"product_brand","embeddable":true,"href":"https:\/\/mylipfiller.com\/es\/wp-json\/wp\/v2\/product_brand?post=13350"},{"taxonomy":"product_cat","embeddable":true,"href":"https:\/\/mylipfiller.com\/es\/wp-json\/wp\/v2\/product_cat?post=13350"},{"taxonomy":"product_tag","embeddable":true,"href":"https:\/\/mylipfiller.com\/es\/wp-json\/wp\/v2\/product_tag?post=13350"}],"curies":[{"name":"gracias","href":"https:\/\/api.w.org\/{rel}","templated":true}]}}