{"id":1685,"date":"2019-06-26T12:17:12","date_gmt":"2019-06-26T10:17:12","guid":{"rendered":"https:\/\/mylipfiller.com\/?post_type=product&#038;p=1685"},"modified":"2024-03-25T16:08:41","modified_gmt":"2024-03-25T14:08:41","slug":"glowing-fill-new-1-x-1ml","status":"publish","type":"product","link":"https:\/\/mylipfiller.com\/es\/glowing-fill-new-1-x-1ml\/","title":{"rendered":"Relleno resplandeciente Nuevo (1 x 1 ml) \u2013 Paquete doble"},"content":{"rendered":"<h3>Una revolucionaria estructura f\u00e1sica multicapa<\/h3>\n<p>Glowing Fill New es tan bueno para proporcionar una correcci\u00f3n inmediata de arrugas y l\u00edneas superficiales como <em>patas de gallo y arrugas en la frente<\/em> porque tiene la textura de gel perfecta para el trabajo: incre\u00edblemente el\u00e1stica, notablemente suave pero al mismo tiempo muy estable y sorprendentemente fuerte. Esta es una combinaci\u00f3n que rara vez se encuentra en la mayor\u00eda de los otros rellenos d\u00e9rmicos de \u00e1cido hialur\u00f3nico profesionales, pero este ha logrado superarlos y superarlos a todos porque se fabric\u00f3 con el uso de la tecnolog\u00eda R-Square. Esto ha permitido que esta inyecci\u00f3n de relleno de clase mundial adopte una estructura f\u00e1sica de m\u00faltiples capas que es una mezcla entre una part\u00edcula y una capa de gel. Gracias a esto <u>doble poder<\/u>, esta innovadora soluci\u00f3n antiarrugas:<\/p>\n<ul>\n<li>No irrita la piel pero eficazmente <strong>hidrata y suaviza<\/strong> eso<\/li>\n<li>Sigue siendo completamente biodegradable pero <strong>se disuelve a un ritmo m\u00e1s lento<\/strong><\/li>\n<li>Tiene propiedades de relleno excepcionales pero <strong>no conduce a un sobrellenado<\/strong><\/li>\n<li>Es f\u00e1cil de moldear y reducir pero <strong>no migra<\/strong><\/li>\n<\/ul>\n<h3>\u00c1reas de destino recomendadas<\/h3>\n<p>Por lo general, una sola sesi\u00f3n de inyecci\u00f3n con Glowing Fill New dura menos de 30 minutos y la eliminaci\u00f3n de las l\u00edneas finas es inmediata. Hay varias \u00e1reas faciales y corporales que pueden tratarse con este innovador relleno de HA y entre ellas se encuentran:<\/p>\n<ul>\n<li><em>Cuello<\/em><\/li>\n<li><em>Frente<\/em><\/li>\n<li><em>Entre las cejas<\/em><\/li>\n<li><em>Alrededor de los ojos<\/em><\/li>\n<\/ul>\n<p>Los efectos secundarios aparecen solo alrededor de los sitios de inyecci\u00f3n y pueden incluir enrojecimiento, sensibilidad o hematomas.<\/p>","protected":false},"excerpt":{"rendered":"<p>Si es la primera vez que oye hablar de Glowing Fill New, es solo porque <strong>relleno antiarrugas pionero<\/strong> se acaba de lanzar al mercado. Nosotros, desde My Lip Filler, le garantizamos que escuchar\u00e1 m\u00e1s sobre sus impresionantes propiedades rejuvenecedoras de la piel y su insuperable longevidad en los pr\u00f3ximos a\u00f1os porque <em>elimina de forma segura las l\u00edneas y arrugas superficiales<\/em> a trav\u00e9s de las excepcionales capacidades de elevaci\u00f3n, relleno e hidrataci\u00f3n de su composici\u00f3n de \u00e1cido hialur\u00f3nico especialmente dise\u00f1ada.<\/p>","protected":false},"featured_media":1688,"template":"","meta":{"_acf_changed":false},"product_brand":[],"product_cat":[89,164,45,32],"product_tag":[90,144,125,111,126,112,128,151,117,146,137,119,148,116,127],"class_list":{"0":"post-1685","1":"product","2":"type-product","3":"status-publish","4":"has-post-thumbnail","6":"product_cat-big-holiday-sale","7":"product_cat-cg-bio","8":"product_cat-glowing-fill","9":"product_cat-soft","10":"product_tag-90","11":"product_tag-anti-wrinkle","12":"product_tag-crows-feet","13":"product_tag-face","14":"product_tag-fine-lines","15":"product_tag-forehead","16":"product_tag-forehead-wrinkles","17":"product_tag-hyaluronic-acid-ha-fillers","18":"product_tag-low-density","19":"product_tag-smoothing","20":"product_tag-south-korea","21":"product_tag-up-to-9-months","22":"product_tag-upper-dermis","23":"product_tag-with-lidocaine","24":"product_tag-wrinkles-around-the-eyes","26":"first","27":"instock","28":"sale","29":"taxable","30":"shipping-taxable","31":"purchasable","32":"product-type-simple"},"acf":[],"yoast_head":"<!-- This site is optimized with the Yoast SEO plugin v27.3 - https:\/\/yoast.com\/product\/yoast-seo-wordpress\/ -->\n<title>Buy Glowing Fill New (1 x 1ml) - Dual Pack - Fillers from My Lip Filler<\/title>\n<meta name=\"description\" content=\"\u2765Buy Glowing Fill New (1 x 1ml) - Dual Pack \u23e9 My Lip Filler online store \u27a6 Quality assurance, reviews, ingredients, best prices!\" \/>\n<meta name=\"robots\" content=\"index, follow, max-snippet:-1, max-image-preview:large, max-video-preview:-1\" \/>\n<link rel=\"canonical\" href=\"https:\/\/mylipfiller.com\/es\/glowing-fill-new-1-x-1ml\/\" \/>\n<meta property=\"og:locale\" content=\"es_MX\" \/>\n<meta property=\"og:type\" content=\"article\" \/>\n<meta property=\"og:title\" content=\"Buy Glowing Fill New (1 x 1ml) - Dual Pack - Fillers from My Lip Filler\" \/>\n<meta property=\"og:description\" content=\"\u2765Buy Glowing Fill New (1 x 1ml) - Dual Pack \u23e9 My Lip Filler online store \u27a6 Quality assurance, reviews, ingredients, best prices!\" \/>\n<meta property=\"og:url\" content=\"https:\/\/mylipfiller.com\/es\/glowing-fill-new-1-x-1ml\/\" \/>\n<meta property=\"og:site_name\" content=\"My Lip Filler\" \/>\n<meta property=\"article:modified_time\" content=\"2024-03-25T14:08:41+00:00\" \/>\n<meta property=\"og:image\" content=\"https:\/\/cdn.mylipfiller.com\/wp-content\/uploads\/2019\/06\/Glowing-Fill-New.jpg\" \/>\n\t<meta property=\"og:image:width\" content=\"600\" \/>\n\t<meta property=\"og:image:height\" content=\"600\" \/>\n\t<meta property=\"og:image:type\" content=\"image\/jpeg\" \/>\n<meta name=\"twitter:card\" content=\"summary_large_image\" \/>\n<meta name=\"twitter:label1\" content=\"Tiempo de lectura\" \/>\n\t<meta name=\"twitter:data1\" content=\"2 minutos\" \/>\n<script type=\"application\/ld+json\" class=\"yoast-schema-graph\">{\"@context\":\"https:\\\/\\\/schema.org\",\"@graph\":[{\"@type\":\"WebPage\",\"@id\":\"https:\\\/\\\/mylipfiller.com\\\/glowing-fill-new-1-x-1ml\\\/\",\"url\":\"https:\\\/\\\/mylipfiller.com\\\/glowing-fill-new-1-x-1ml\\\/\",\"name\":\"Buy Glowing Fill New (1 x 1ml) - Dual Pack - Fillers from My Lip Filler\",\"isPartOf\":{\"@id\":\"https:\\\/\\\/mylipfiller.com\\\/#website\"},\"primaryImageOfPage\":{\"@id\":\"https:\\\/\\\/mylipfiller.com\\\/glowing-fill-new-1-x-1ml\\\/#primaryimage\"},\"image\":{\"@id\":\"https:\\\/\\\/mylipfiller.com\\\/glowing-fill-new-1-x-1ml\\\/#primaryimage\"},\"thumbnailUrl\":\"https:\\\/\\\/mylipfiller.com\\\/wp-content\\\/uploads\\\/2019\\\/06\\\/Glowing-Fill-New.jpg\",\"datePublished\":\"2019-06-26T10:17:12+00:00\",\"dateModified\":\"2024-03-25T14:08:41+00:00\",\"description\":\"\u2765Buy Glowing Fill New (1 x 1ml) - Dual Pack \u23e9 My Lip Filler online store \u27a6 Quality assurance, reviews, ingredients, best prices!\",\"breadcrumb\":{\"@id\":\"https:\\\/\\\/mylipfiller.com\\\/glowing-fill-new-1-x-1ml\\\/#breadcrumb\"},\"inLanguage\":\"es\",\"potentialAction\":[{\"@type\":\"ReadAction\",\"target\":[\"https:\\\/\\\/mylipfiller.com\\\/glowing-fill-new-1-x-1ml\\\/\"]}]},{\"@type\":\"ImageObject\",\"inLanguage\":\"es\",\"@id\":\"https:\\\/\\\/mylipfiller.com\\\/glowing-fill-new-1-x-1ml\\\/#primaryimage\",\"url\":\"https:\\\/\\\/mylipfiller.com\\\/wp-content\\\/uploads\\\/2019\\\/06\\\/Glowing-Fill-New.jpg\",\"contentUrl\":\"https:\\\/\\\/mylipfiller.com\\\/wp-content\\\/uploads\\\/2019\\\/06\\\/Glowing-Fill-New.jpg\",\"width\":600,\"height\":600,\"caption\":\"Glowing Fill New\"},{\"@type\":\"BreadcrumbList\",\"@id\":\"https:\\\/\\\/mylipfiller.com\\\/glowing-fill-new-1-x-1ml\\\/#breadcrumb\",\"itemListElement\":[{\"@type\":\"ListItem\",\"position\":1,\"name\":\"Home\",\"item\":\"https:\\\/\\\/mylipfiller.com\\\/\"},{\"@type\":\"ListItem\",\"position\":2,\"name\":\"Shop\",\"item\":\"https:\\\/\\\/mylipfiller.com\\\/shop\\\/\"},{\"@type\":\"ListItem\",\"position\":3,\"name\":\"Glowing Fill New (1 x 1ml) &#8211; Dual Pack\"}]},{\"@type\":\"WebSite\",\"@id\":\"https:\\\/\\\/mylipfiller.com\\\/#website\",\"url\":\"https:\\\/\\\/mylipfiller.com\\\/\",\"name\":\"My Lip Filler\",\"description\":\"Hyaluronic Acid Lip and Dermal Fillers\",\"publisher\":{\"@id\":\"https:\\\/\\\/mylipfiller.com\\\/#organization\"},\"potentialAction\":[{\"@type\":\"SearchAction\",\"target\":{\"@type\":\"EntryPoint\",\"urlTemplate\":\"https:\\\/\\\/mylipfiller.com\\\/?s={search_term_string}\"},\"query-input\":{\"@type\":\"PropertyValueSpecification\",\"valueRequired\":true,\"valueName\":\"search_term_string\"}}],\"inLanguage\":\"es\"},{\"@type\":\"Organization\",\"@id\":\"https:\\\/\\\/mylipfiller.com\\\/#organization\",\"name\":\"My Lip Filler\",\"url\":\"https:\\\/\\\/mylipfiller.com\\\/\",\"logo\":{\"@type\":\"ImageObject\",\"inLanguage\":\"es\",\"@id\":\"https:\\\/\\\/mylipfiller.com\\\/#\\\/schema\\\/logo\\\/image\\\/\",\"url\":\"https:\\\/\\\/mylipfiller.com\\\/wp-content\\\/uploads\\\/2019\\\/02\\\/cropped-My-Lip-Filler-Logo.png\",\"contentUrl\":\"https:\\\/\\\/mylipfiller.com\\\/wp-content\\\/uploads\\\/2019\\\/02\\\/cropped-My-Lip-Filler-Logo.png\",\"width\":240,\"height\":88,\"caption\":\"My Lip Filler\"},\"image\":{\"@id\":\"https:\\\/\\\/mylipfiller.com\\\/#\\\/schema\\\/logo\\\/image\\\/\"}}]}<\/script>\n<!-- \/ Yoast SEO plugin. -->","yoast_head_json":{"title":"Compre Glowing Fill New (1 x 1 ml) - Paquete doble - Rellenos de My Lip Filler","description":"\u2765Compre Glowing Fill New (1 x 1ml) - Paquete doble \u23e9 Tienda online My Lip Filler \u27a6 Garant\u00eda de calidad, rese\u00f1as, ingredientes, \u00a1los mejores precios!","robots":{"index":"index","follow":"follow","max-snippet":"max-snippet:-1","max-image-preview":"max-image-preview:large","max-video-preview":"max-video-preview:-1"},"canonical":"https:\/\/mylipfiller.com\/es\/glowing-fill-new-1-x-1ml\/","og_locale":"es_MX","og_type":"article","og_title":"Buy Glowing Fill New (1 x 1ml) - Dual Pack - Fillers from My Lip Filler","og_description":"\u2765Buy Glowing Fill New (1 x 1ml) - Dual Pack \u23e9 My Lip Filler online store \u27a6 Quality assurance, reviews, ingredients, best prices!","og_url":"https:\/\/mylipfiller.com\/es\/glowing-fill-new-1-x-1ml\/","og_site_name":"My Lip Filler","article_modified_time":"2024-03-25T14:08:41+00:00","og_image":[{"width":600,"height":600,"url":"https:\/\/cdn.mylipfiller.com\/wp-content\/uploads\/2019\/06\/Glowing-Fill-New.jpg","type":"image\/jpeg"}],"twitter_card":"summary_large_image","twitter_misc":{"Tiempo de lectura":"2 minutos"},"schema":{"@context":"https:\/\/schema.org","@graph":[{"@type":"WebPage","@id":"https:\/\/mylipfiller.com\/glowing-fill-new-1-x-1ml\/","url":"https:\/\/mylipfiller.com\/glowing-fill-new-1-x-1ml\/","name":"Compre Glowing Fill New (1 x 1 ml) - Paquete doble - Rellenos de My Lip Filler","isPartOf":{"@id":"https:\/\/mylipfiller.com\/#website"},"primaryImageOfPage":{"@id":"https:\/\/mylipfiller.com\/glowing-fill-new-1-x-1ml\/#primaryimage"},"image":{"@id":"https:\/\/mylipfiller.com\/glowing-fill-new-1-x-1ml\/#primaryimage"},"thumbnailUrl":"https:\/\/cdn.mylipfiller.com\/wp-content\/uploads\/2019\/06\/Glowing-Fill-New.jpg","datePublished":"2019-06-26T10:17:12+00:00","dateModified":"2024-03-25T14:08:41+00:00","description":"\u2765Compre Glowing Fill New (1 x 1ml) - Paquete doble \u23e9 Tienda online My Lip Filler \u27a6 Garant\u00eda de calidad, rese\u00f1as, ingredientes, \u00a1los mejores precios!","breadcrumb":{"@id":"https:\/\/mylipfiller.com\/glowing-fill-new-1-x-1ml\/#breadcrumb"},"inLanguage":"es","potentialAction":[{"@type":"ReadAction","target":["https:\/\/mylipfiller.com\/glowing-fill-new-1-x-1ml\/"]}]},{"@type":"ImageObject","inLanguage":"es","@id":"https:\/\/mylipfiller.com\/glowing-fill-new-1-x-1ml\/#primaryimage","url":"https:\/\/cdn.mylipfiller.com\/wp-content\/uploads\/2019\/06\/Glowing-Fill-New.jpg","contentUrl":"https:\/\/cdn.mylipfiller.com\/wp-content\/uploads\/2019\/06\/Glowing-Fill-New.jpg","width":600,"height":600,"caption":"Glowing Fill New"},{"@type":"BreadcrumbList","@id":"https:\/\/mylipfiller.com\/glowing-fill-new-1-x-1ml\/#breadcrumb","itemListElement":[{"@type":"ListItem","position":1,"name":"Home","item":"https:\/\/mylipfiller.com\/"},{"@type":"ListItem","position":2,"name":"Shop","item":"https:\/\/mylipfiller.com\/shop\/"},{"@type":"ListItem","position":3,"name":"Glowing Fill New (1 x 1ml) &#8211; Dual Pack"}]},{"@type":"WebSite","@id":"https:\/\/mylipfiller.com\/#website","url":"https:\/\/mylipfiller.com\/","name":"Mi relleno de labios","description":"Rellenos d\u00e9rmicos y de labios con \u00e1cido hialur\u00f3nico","publisher":{"@id":"https:\/\/mylipfiller.com\/#organization"},"potentialAction":[{"@type":"SearchAction","target":{"@type":"EntryPoint","urlTemplate":"https:\/\/mylipfiller.com\/?s={search_term_string}"},"query-input":{"@type":"PropertyValueSpecification","valueRequired":true,"valueName":"search_term_string"}}],"inLanguage":"es"},{"@type":"Organization","@id":"https:\/\/mylipfiller.com\/#organization","name":"Mi relleno de labios","url":"https:\/\/mylipfiller.com\/","logo":{"@type":"ImageObject","inLanguage":"es","@id":"https:\/\/mylipfiller.com\/#\/schema\/logo\/image\/","url":"https:\/\/cdn.mylipfiller.com\/wp-content\/uploads\/2019\/02\/cropped-My-Lip-Filler-Logo.png","contentUrl":"https:\/\/cdn.mylipfiller.com\/wp-content\/uploads\/2019\/02\/cropped-My-Lip-Filler-Logo.png","width":240,"height":88,"caption":"My Lip Filler"},"image":{"@id":"https:\/\/mylipfiller.com\/#\/schema\/logo\/image\/"}}]}},"_links":{"self":[{"href":"https:\/\/mylipfiller.com\/es\/wp-json\/wp\/v2\/product\/1685","targetHints":{"allow":["GET"]}}],"collection":[{"href":"https:\/\/mylipfiller.com\/es\/wp-json\/wp\/v2\/product"}],"about":[{"href":"https:\/\/mylipfiller.com\/es\/wp-json\/wp\/v2\/types\/product"}],"wp:featuredmedia":[{"embeddable":true,"href":"https:\/\/mylipfiller.com\/es\/wp-json\/wp\/v2\/media\/1688"}],"wp:attachment":[{"href":"https:\/\/mylipfiller.com\/es\/wp-json\/wp\/v2\/media?parent=1685"}],"wp:term":[{"taxonomy":"product_brand","embeddable":true,"href":"https:\/\/mylipfiller.com\/es\/wp-json\/wp\/v2\/product_brand?post=1685"},{"taxonomy":"product_cat","embeddable":true,"href":"https:\/\/mylipfiller.com\/es\/wp-json\/wp\/v2\/product_cat?post=1685"},{"taxonomy":"product_tag","embeddable":true,"href":"https:\/\/mylipfiller.com\/es\/wp-json\/wp\/v2\/product_tag?post=1685"}],"curies":[{"name":"gracias","href":"https:\/\/api.w.org\/{rel}","templated":true}]}}