{"id":1686,"date":"2019-06-26T12:17:30","date_gmt":"2019-06-26T10:17:30","guid":{"rendered":"https:\/\/mylipfiller.com\/?post_type=product&#038;p=1686"},"modified":"2024-03-25T16:08:41","modified_gmt":"2024-03-25T14:08:41","slug":"glowing-fill-half-1-x-1ml","status":"publish","type":"product","link":"https:\/\/mylipfiller.com\/es\/glowing-fill-half-1-x-1ml\/","title":{"rendered":"Mitad de relleno brillante (2 x 1 ml) \u2013 Paquete doble"},"content":{"rendered":"<h3>F\u00f3rmula y estructura \u00fanicas<\/h3>\n<p>Como una inyecci\u00f3n de relleno de labios confiable que hizo su debut internacional no hace mucho, no es de extra\u00f1ar que los paquetes Glowing Fill Half de Glowing Tree <u>una f\u00f3rmula verdaderamente innovadora<\/u> mejor conocido como estructura f\u00e1sica multicapa. Eso se ha logrado a trav\u00e9s de una tecnolog\u00eda R-Square altamente efectiva que brinda un relleno de piel profesional que ha <em>elasticidad, viscosidad, resiliencia y longevidad mejoradas<\/em>. Debido a este impresionante paquete, este producto de rejuvenecimiento cosm\u00e9tico de primera categor\u00eda mejorar\u00e1 la apariencia de los labios al:<\/p>\n<ul>\n<li>D\u00e1ndoles un regordete natural<\/li>\n<li>Haci\u00e9ndolos lucir m\u00e1s llenos<\/li>\n<li>Alis\u00e1ndolos y suaviz\u00e1ndolos<\/li>\n<li>Corrigiendo su contorno<\/li>\n<li>Hidratarlos profundamente<\/li>\n<\/ul>\n<h3>\u00bfQu\u00e9 incluye un tratamiento con Glowing Fill Half?<\/h3>\n<p>Este relleno d\u00e9rmico confiable debe ser inyectado en los sitios de destino por un dermat\u00f3logo est\u00e9tico capacitado o un cirujano pl\u00e1stico experimentado. Pacientes <em>no es necesario someterse a pruebas cut\u00e1neas<\/em> antes del tratamiento, ya que esta avanzada inyecci\u00f3n de relleno antienvejecimiento contiene una cantidad indetectable de residuos de BDDE y su ingrediente principal es el relleno hialur\u00f3nico de primera calidad, una sustancia que se encuentra y produce de forma natural en el cuerpo humano. Cada procedimiento de inyecci\u00f3n suele tardar unos 20 minutos y no es doloroso porque Glowing Fill Half se infunde con lidoca\u00edna, que act\u00faa como anest\u00e9sico local. <u>Sesiones de retoque<\/u> se requieren cada pocos meses porque una vez inyectado, el HA comienza a biodegradarse lentamente. Los labios pueden volverse ligeramente amoratados y sensibles inmediatamente despu\u00e9s del tratamiento, pero estos s\u00edntomas generalmente desaparecen y desaparecen por completo en solo unas pocas horas.<\/p>","protected":false},"excerpt":{"rendered":"<p>La mitad de relleno brillante tiene todas las caracter\u00edsticas principales de un <strong>relleno d\u00e9rmico de alta calidad<\/strong>. Con su \u00e1cido hialur\u00f3nico reticulado no animal, no tiene efectos secundarios. Gracias a una f\u00f3rmula revolucionaria, es varias veces m\u00e1s duradera en comparaci\u00f3n con sus rivales. Dise\u00f1ado para ofrecer una escultura facial r\u00e1pida y, m\u00e1s espec\u00edficamente, <em>aumento de labios sin complicaciones<\/em>, este excelente producto de rejuvenecimiento de la piel de Corea del Sur ahora se puede pedir a trav\u00e9s de la tienda en l\u00ednea de My Lip Filler.<\/p>","protected":false},"featured_media":1690,"template":"","meta":{"_acf_changed":false},"product_brand":[],"product_cat":[89,164,45,33],"product_tag":[90,111,151,133,107,134,137,120,116],"class_list":{"0":"post-1686","1":"product","2":"type-product","3":"status-publish","4":"has-post-thumbnail","6":"product_cat-big-holiday-sale","7":"product_cat-cg-bio","8":"product_cat-glowing-fill","9":"product_cat-lip","10":"product_tag-90","11":"product_tag-face","12":"product_tag-hyaluronic-acid-ha-fillers","13":"product_tag-marionette-lines","14":"product_tag-nasolabial-folds","15":"product_tag-small-lips","16":"product_tag-south-korea","17":"product_tag-up-to-12-months","18":"product_tag-with-lidocaine","20":"first","21":"instock","22":"sale","23":"taxable","24":"shipping-taxable","25":"purchasable","26":"product-type-simple"},"acf":[],"yoast_head":"<!-- This site is optimized with the Yoast SEO plugin v27.2 - https:\/\/yoast.com\/product\/yoast-seo-wordpress\/ -->\n<title>Buy Glowing Fill Half (2 x 1ml) - Dual Pack - Fillers from My Lip Filler<\/title>\n<meta name=\"description\" content=\"\u2765Buy Glowing Fill Half (2 x 1ml) - Dual Pack \u23e9 My Lip Filler online store \u27a6 Quality assurance, reviews, ingredients, best prices!\" \/>\n<meta name=\"robots\" content=\"index, follow, max-snippet:-1, max-image-preview:large, max-video-preview:-1\" \/>\n<link rel=\"canonical\" href=\"https:\/\/mylipfiller.com\/es\/glowing-fill-half-1-x-1ml\/\" \/>\n<meta property=\"og:locale\" content=\"es_MX\" \/>\n<meta property=\"og:type\" content=\"article\" \/>\n<meta property=\"og:title\" content=\"Buy Glowing Fill Half (2 x 1ml) - Dual Pack - Fillers from My Lip Filler\" \/>\n<meta property=\"og:description\" content=\"\u2765Buy Glowing Fill Half (2 x 1ml) - Dual Pack \u23e9 My Lip Filler online store \u27a6 Quality assurance, reviews, ingredients, best prices!\" \/>\n<meta property=\"og:url\" content=\"https:\/\/mylipfiller.com\/es\/glowing-fill-half-1-x-1ml\/\" \/>\n<meta property=\"og:site_name\" content=\"My Lip Filler\" \/>\n<meta property=\"article:modified_time\" content=\"2024-03-25T14:08:41+00:00\" \/>\n<meta property=\"og:image\" content=\"https:\/\/cdn.mylipfiller.com\/wp-content\/uploads\/2019\/06\/Glowing-Fill-Half.jpg\" \/>\n\t<meta property=\"og:image:width\" content=\"600\" \/>\n\t<meta property=\"og:image:height\" content=\"600\" \/>\n\t<meta property=\"og:image:type\" content=\"image\/jpeg\" \/>\n<meta name=\"twitter:card\" content=\"summary_large_image\" \/>\n<meta name=\"twitter:label1\" content=\"Tiempo de lectura\" \/>\n\t<meta name=\"twitter:data1\" content=\"2 minutos\" \/>\n<script type=\"application\/ld+json\" class=\"yoast-schema-graph\">{\"@context\":\"https:\/\/schema.org\",\"@graph\":[{\"@type\":\"WebPage\",\"@id\":\"https:\/\/mylipfiller.com\/glowing-fill-half-1-x-1ml\/\",\"url\":\"https:\/\/mylipfiller.com\/glowing-fill-half-1-x-1ml\/\",\"name\":\"Buy Glowing Fill Half (2 x 1ml) - Dual Pack - Fillers from My Lip Filler\",\"isPartOf\":{\"@id\":\"https:\/\/mylipfiller.com\/#website\"},\"primaryImageOfPage\":{\"@id\":\"https:\/\/mylipfiller.com\/glowing-fill-half-1-x-1ml\/#primaryimage\"},\"image\":{\"@id\":\"https:\/\/mylipfiller.com\/glowing-fill-half-1-x-1ml\/#primaryimage\"},\"thumbnailUrl\":\"https:\/\/cdn.mylipfiller.com\/wp-content\/uploads\/2019\/06\/Glowing-Fill-Half.jpg\",\"datePublished\":\"2019-06-26T10:17:30+00:00\",\"dateModified\":\"2024-03-25T14:08:41+00:00\",\"description\":\"\u2765Buy Glowing Fill Half (2 x 1ml) - Dual Pack \u23e9 My Lip Filler online store \u27a6 Quality assurance, reviews, ingredients, best prices!\",\"breadcrumb\":{\"@id\":\"https:\/\/mylipfiller.com\/glowing-fill-half-1-x-1ml\/#breadcrumb\"},\"inLanguage\":\"es\",\"potentialAction\":[{\"@type\":\"ReadAction\",\"target\":[\"https:\/\/mylipfiller.com\/glowing-fill-half-1-x-1ml\/\"]}]},{\"@type\":\"ImageObject\",\"inLanguage\":\"es\",\"@id\":\"https:\/\/mylipfiller.com\/glowing-fill-half-1-x-1ml\/#primaryimage\",\"url\":\"https:\/\/cdn.mylipfiller.com\/wp-content\/uploads\/2019\/06\/Glowing-Fill-Half.jpg\",\"contentUrl\":\"https:\/\/cdn.mylipfiller.com\/wp-content\/uploads\/2019\/06\/Glowing-Fill-Half.jpg\",\"width\":600,\"height\":600,\"caption\":\"Glowing Fill Half\"},{\"@type\":\"BreadcrumbList\",\"@id\":\"https:\/\/mylipfiller.com\/glowing-fill-half-1-x-1ml\/#breadcrumb\",\"itemListElement\":[{\"@type\":\"ListItem\",\"position\":1,\"name\":\"Home\",\"item\":\"https:\/\/mylipfiller.com\/\"},{\"@type\":\"ListItem\",\"position\":2,\"name\":\"Shop\",\"item\":\"https:\/\/mylipfiller.com\/shop\/\"},{\"@type\":\"ListItem\",\"position\":3,\"name\":\"Glowing Fill Half (2 x 1ml) &#8211; Dual Pack\"}]},{\"@type\":\"WebSite\",\"@id\":\"https:\/\/mylipfiller.com\/#website\",\"url\":\"https:\/\/mylipfiller.com\/\",\"name\":\"My Lip Filler\",\"description\":\"Hyaluronic Acid Lip and Dermal Fillers\",\"publisher\":{\"@id\":\"https:\/\/mylipfiller.com\/#organization\"},\"potentialAction\":[{\"@type\":\"SearchAction\",\"target\":{\"@type\":\"EntryPoint\",\"urlTemplate\":\"https:\/\/mylipfiller.com\/?s={search_term_string}\"},\"query-input\":{\"@type\":\"PropertyValueSpecification\",\"valueRequired\":true,\"valueName\":\"search_term_string\"}}],\"inLanguage\":\"es\"},{\"@type\":\"Organization\",\"@id\":\"https:\/\/mylipfiller.com\/#organization\",\"name\":\"My Lip Filler\",\"url\":\"https:\/\/mylipfiller.com\/\",\"logo\":{\"@type\":\"ImageObject\",\"inLanguage\":\"es\",\"@id\":\"https:\/\/mylipfiller.com\/#\/schema\/logo\/image\/\",\"url\":\"https:\/\/cdn.mylipfiller.com\/wp-content\/uploads\/2019\/02\/cropped-My-Lip-Filler-Logo.png\",\"contentUrl\":\"https:\/\/cdn.mylipfiller.com\/wp-content\/uploads\/2019\/02\/cropped-My-Lip-Filler-Logo.png\",\"width\":240,\"height\":88,\"caption\":\"My Lip Filler\"},\"image\":{\"@id\":\"https:\/\/mylipfiller.com\/#\/schema\/logo\/image\/\"}}]}<\/script>\n<!-- \/ Yoast SEO plugin. -->","yoast_head_json":{"title":"Compre Glowing Fill Half (2 x 1 ml) - Paquete doble - Rellenos de My Lip Filler","description":"\u2765Compre Glowing Fill Half (2 x 1ml) - Paquete doble \u23e9 Tienda online My Lip Filler \u27a6 Garant\u00eda de calidad, rese\u00f1as, ingredientes, \u00a1los mejores precios!","robots":{"index":"index","follow":"follow","max-snippet":"max-snippet:-1","max-image-preview":"max-image-preview:large","max-video-preview":"max-video-preview:-1"},"canonical":"https:\/\/mylipfiller.com\/es\/glowing-fill-half-1-x-1ml\/","og_locale":"es_MX","og_type":"article","og_title":"Buy Glowing Fill Half (2 x 1ml) - Dual Pack - Fillers from My Lip Filler","og_description":"\u2765Buy Glowing Fill Half (2 x 1ml) - Dual Pack \u23e9 My Lip Filler online store \u27a6 Quality assurance, reviews, ingredients, best prices!","og_url":"https:\/\/mylipfiller.com\/es\/glowing-fill-half-1-x-1ml\/","og_site_name":"My Lip Filler","article_modified_time":"2024-03-25T14:08:41+00:00","og_image":[{"width":600,"height":600,"url":"https:\/\/cdn.mylipfiller.com\/wp-content\/uploads\/2019\/06\/Glowing-Fill-Half.jpg","type":"image\/jpeg"}],"twitter_card":"summary_large_image","twitter_misc":{"Tiempo de lectura":"2 minutos"},"schema":{"@context":"https:\/\/schema.org","@graph":[{"@type":"WebPage","@id":"https:\/\/mylipfiller.com\/glowing-fill-half-1-x-1ml\/","url":"https:\/\/mylipfiller.com\/glowing-fill-half-1-x-1ml\/","name":"Compre Glowing Fill Half (2 x 1 ml) - Paquete doble - Rellenos de My Lip Filler","isPartOf":{"@id":"https:\/\/mylipfiller.com\/#website"},"primaryImageOfPage":{"@id":"https:\/\/mylipfiller.com\/glowing-fill-half-1-x-1ml\/#primaryimage"},"image":{"@id":"https:\/\/mylipfiller.com\/glowing-fill-half-1-x-1ml\/#primaryimage"},"thumbnailUrl":"https:\/\/cdn.mylipfiller.com\/wp-content\/uploads\/2019\/06\/Glowing-Fill-Half.jpg","datePublished":"2019-06-26T10:17:30+00:00","dateModified":"2024-03-25T14:08:41+00:00","description":"\u2765Compre Glowing Fill Half (2 x 1ml) - Paquete doble \u23e9 Tienda online My Lip Filler \u27a6 Garant\u00eda de calidad, rese\u00f1as, ingredientes, \u00a1los mejores precios!","breadcrumb":{"@id":"https:\/\/mylipfiller.com\/glowing-fill-half-1-x-1ml\/#breadcrumb"},"inLanguage":"es","potentialAction":[{"@type":"ReadAction","target":["https:\/\/mylipfiller.com\/glowing-fill-half-1-x-1ml\/"]}]},{"@type":"ImageObject","inLanguage":"es","@id":"https:\/\/mylipfiller.com\/glowing-fill-half-1-x-1ml\/#primaryimage","url":"https:\/\/cdn.mylipfiller.com\/wp-content\/uploads\/2019\/06\/Glowing-Fill-Half.jpg","contentUrl":"https:\/\/cdn.mylipfiller.com\/wp-content\/uploads\/2019\/06\/Glowing-Fill-Half.jpg","width":600,"height":600,"caption":"Glowing Fill Half"},{"@type":"BreadcrumbList","@id":"https:\/\/mylipfiller.com\/glowing-fill-half-1-x-1ml\/#breadcrumb","itemListElement":[{"@type":"ListItem","position":1,"name":"Home","item":"https:\/\/mylipfiller.com\/"},{"@type":"ListItem","position":2,"name":"Shop","item":"https:\/\/mylipfiller.com\/shop\/"},{"@type":"ListItem","position":3,"name":"Glowing Fill Half (2 x 1ml) &#8211; Dual Pack"}]},{"@type":"WebSite","@id":"https:\/\/mylipfiller.com\/#website","url":"https:\/\/mylipfiller.com\/","name":"Mi relleno de labios","description":"Rellenos d\u00e9rmicos y de labios con \u00e1cido hialur\u00f3nico","publisher":{"@id":"https:\/\/mylipfiller.com\/#organization"},"potentialAction":[{"@type":"SearchAction","target":{"@type":"EntryPoint","urlTemplate":"https:\/\/mylipfiller.com\/?s={search_term_string}"},"query-input":{"@type":"PropertyValueSpecification","valueRequired":true,"valueName":"search_term_string"}}],"inLanguage":"es"},{"@type":"Organization","@id":"https:\/\/mylipfiller.com\/#organization","name":"Mi relleno de labios","url":"https:\/\/mylipfiller.com\/","logo":{"@type":"ImageObject","inLanguage":"es","@id":"https:\/\/mylipfiller.com\/#\/schema\/logo\/image\/","url":"https:\/\/cdn.mylipfiller.com\/wp-content\/uploads\/2019\/02\/cropped-My-Lip-Filler-Logo.png","contentUrl":"https:\/\/cdn.mylipfiller.com\/wp-content\/uploads\/2019\/02\/cropped-My-Lip-Filler-Logo.png","width":240,"height":88,"caption":"My Lip Filler"},"image":{"@id":"https:\/\/mylipfiller.com\/#\/schema\/logo\/image\/"}}]}},"_links":{"self":[{"href":"https:\/\/mylipfiller.com\/es\/wp-json\/wp\/v2\/product\/1686","targetHints":{"allow":["GET"]}}],"collection":[{"href":"https:\/\/mylipfiller.com\/es\/wp-json\/wp\/v2\/product"}],"about":[{"href":"https:\/\/mylipfiller.com\/es\/wp-json\/wp\/v2\/types\/product"}],"wp:featuredmedia":[{"embeddable":true,"href":"https:\/\/mylipfiller.com\/es\/wp-json\/wp\/v2\/media\/1690"}],"wp:attachment":[{"href":"https:\/\/mylipfiller.com\/es\/wp-json\/wp\/v2\/media?parent=1686"}],"wp:term":[{"taxonomy":"product_brand","embeddable":true,"href":"https:\/\/mylipfiller.com\/es\/wp-json\/wp\/v2\/product_brand?post=1686"},{"taxonomy":"product_cat","embeddable":true,"href":"https:\/\/mylipfiller.com\/es\/wp-json\/wp\/v2\/product_cat?post=1686"},{"taxonomy":"product_tag","embeddable":true,"href":"https:\/\/mylipfiller.com\/es\/wp-json\/wp\/v2\/product_tag?post=1686"}],"curies":[{"name":"gracias","href":"https:\/\/api.w.org\/{rel}","templated":true}]}}