{"id":1687,"date":"2019-06-26T12:17:45","date_gmt":"2019-06-26T10:17:45","guid":{"rendered":"https:\/\/mylipfiller.com\/?post_type=product&#038;p=1687"},"modified":"2024-03-25T16:08:41","modified_gmt":"2024-03-25T14:08:41","slug":"glowing-fill-full-1-x-1ml","status":"publish","type":"product","link":"https:\/\/mylipfiller.com\/es\/glowing-fill-full-1-x-1ml\/","title":{"rendered":"Relleno resplandeciente completo (2 x 1 ml) \u2013 Paquete doble"},"content":{"rendered":"<h3>\u00bfQu\u00e9 es Glowing Fill Full?<\/h3>\n<p>Se trata de un relleno de \u00e1cido hialur\u00f3nico extraordinariamente eficaz y sin riesgos que se puede inyectar en varias partes del rostro (alrededor de la boca, barbilla, mejillas, labios, nariz, etc.) con el fin de eliminar arrugas profundas como las nasolabiales. pliegues, por ejemplo, o para ofrecer un <u>mejora facial r\u00e1pida<\/u> tratamiento y eso lo convierte en un excelente producto anti-envejecimiento. Dado que contiene HA biol\u00f3gicamente compatible,:<\/p>\n<ul>\n<li>No tiene efectos secundarios.<\/li>\n<li>No requiere pruebas cut\u00e1neas previas al tratamiento.<\/li>\n<li>Se disolver\u00e1 completamente pero gradualmente en el tejido blando.<\/li>\n<li>Puede mejorar el equilibrio, la elasticidad y la firmeza de la piel.<\/li>\n<\/ul>\n<p>A pesar de que Glowing Fill Full se fabrica en <em>Cumplimiento 100%<\/em> con los est\u00e1ndares internacionales de seguridad, calidad y salud, solo debe ser aplicado por cirujanos est\u00e9ticos certificados por la junta. Las citas de mantenimiento deben programarse cada pocos meses antes de que las propiedades de esta inyecci\u00f3n de relleno purificado desaparezcan por completo. De esa manera, los pacientes conservar\u00e1n los efectos logrados del tratamiento.<\/p>\n<h3>\u00bfPara qui\u00e9n es adecuado?<\/h3>\n<p>Cualquier persona que tenga 21 a\u00f1os o m\u00e1s puede someterse a un rejuvenecimiento de la piel no quir\u00fargico con un relleno d\u00e9rmico de grado profesional que contiene el <u>Sustancia HA aprobada por la FDA<\/u>. Sin embargo, dado que Glowing Fill Full trata espec\u00edficamente los signos severos del envejecimiento, como pliegues m\u00e1s profundos y p\u00e9rdida de volumen visible, se recomienda su uso en pacientes de 40 a\u00f1os o m\u00e1s. Las mujeres embarazadas o en per\u00edodo de lactancia o las personas hipersensibles al \u00e1cido hialur\u00f3nico o la lidoca\u00edna no son buenas candidatas para este tratamiento antienvejecimiento.<\/p>","protected":false},"excerpt":{"rendered":"<p>Relleno resplandeciente lleno es parte de un <u>gama de vanguardia de rellenos de HA purificados<\/u> por Glowing Tree. Lo que est\u00e1 viendo aqu\u00ed es la inyecci\u00f3n de relleno m\u00e1s robusta y duradera de esa l\u00ednea de productos. Su \u00e1rea de especializaci\u00f3n es la <em>reducci\u00f3n no invasiva de arrugas y pliegues severos<\/em> y su tasa de \u00e9xito es m\u00e1s que impresionante. El contorno facial de larga duraci\u00f3n tambi\u00e9n est\u00e1 en el men\u00fa con esta soluci\u00f3n de rejuvenecimiento de la piel muy recomendada que ahora vende My Lip Filler.<\/p>","protected":false},"featured_media":1689,"template":"","meta":{"_acf_changed":false},"product_brand":[],"product_cat":[89,164,45,34],"product_tag":[90,123,130,131,115,114,111,118,151,141,142,135,137,110,122,124,116],"class_list":{"0":"post-1687","1":"product","2":"type-product","3":"status-publish","4":"has-post-thumbnail","6":"product_cat-big-holiday-sale","7":"product_cat-cg-bio","8":"product_cat-glowing-fill","9":"product_cat-hard","10":"product_tag-90","11":"product_tag-asymmetry","12":"product_tag-cheek-volume","13":"product_tag-cheekbone-contour","14":"product_tag-cheekbones","15":"product_tag-chin","16":"product_tag-face","17":"product_tag-high-density","18":"product_tag-hyaluronic-acid-ha-fillers","19":"product_tag-lifting","20":"product_tag-modeling","21":"product_tag-small-chin","22":"product_tag-south-korea","23":"product_tag-temple","24":"product_tag-up-to-18-months","25":"product_tag-volume","26":"product_tag-with-lidocaine","28":"first","29":"instock","30":"sale","31":"taxable","32":"shipping-taxable","33":"purchasable","34":"product-type-simple"},"acf":[],"yoast_head":"<!-- This site is optimized with the Yoast SEO plugin v27.3 - https:\/\/yoast.com\/product\/yoast-seo-wordpress\/ -->\n<title>Buy Glowing Fill Full (2 x 1ml) - Dual Pack - Fillers from My Lip Filler<\/title>\n<meta name=\"description\" content=\"\u2765Buy Glowing Fill Full (2 x 1ml) - Dual Pack \u23e9 My Lip Filler online store \u27a6 Quality assurance, reviews, ingredients, best prices!\" \/>\n<meta name=\"robots\" content=\"index, follow, max-snippet:-1, max-image-preview:large, max-video-preview:-1\" \/>\n<link rel=\"canonical\" href=\"https:\/\/mylipfiller.com\/es\/glowing-fill-full-1-x-1ml\/\" \/>\n<meta property=\"og:locale\" content=\"es_MX\" \/>\n<meta property=\"og:type\" content=\"article\" \/>\n<meta property=\"og:title\" content=\"Buy Glowing Fill Full (2 x 1ml) - Dual Pack - Fillers from My Lip Filler\" \/>\n<meta property=\"og:description\" content=\"\u2765Buy Glowing Fill Full (2 x 1ml) - Dual Pack \u23e9 My Lip Filler online store \u27a6 Quality assurance, reviews, ingredients, best prices!\" \/>\n<meta property=\"og:url\" content=\"https:\/\/mylipfiller.com\/es\/glowing-fill-full-1-x-1ml\/\" \/>\n<meta property=\"og:site_name\" content=\"My Lip Filler\" \/>\n<meta property=\"article:modified_time\" content=\"2024-03-25T14:08:41+00:00\" \/>\n<meta property=\"og:image\" content=\"https:\/\/cdn.mylipfiller.com\/wp-content\/uploads\/2019\/06\/Glowing-Fill-Full.jpg\" \/>\n\t<meta property=\"og:image:width\" content=\"600\" \/>\n\t<meta property=\"og:image:height\" content=\"600\" \/>\n\t<meta property=\"og:image:type\" content=\"image\/jpeg\" \/>\n<meta name=\"twitter:card\" content=\"summary_large_image\" \/>\n<meta name=\"twitter:label1\" content=\"Tiempo de lectura\" \/>\n\t<meta name=\"twitter:data1\" content=\"2 minutos\" \/>\n<script type=\"application\/ld+json\" class=\"yoast-schema-graph\">{\"@context\":\"https:\\\/\\\/schema.org\",\"@graph\":[{\"@type\":\"WebPage\",\"@id\":\"https:\\\/\\\/mylipfiller.com\\\/glowing-fill-full-1-x-1ml\\\/\",\"url\":\"https:\\\/\\\/mylipfiller.com\\\/glowing-fill-full-1-x-1ml\\\/\",\"name\":\"Buy Glowing Fill Full (2 x 1ml) - Dual Pack - Fillers from My Lip Filler\",\"isPartOf\":{\"@id\":\"https:\\\/\\\/mylipfiller.com\\\/#website\"},\"primaryImageOfPage\":{\"@id\":\"https:\\\/\\\/mylipfiller.com\\\/glowing-fill-full-1-x-1ml\\\/#primaryimage\"},\"image\":{\"@id\":\"https:\\\/\\\/mylipfiller.com\\\/glowing-fill-full-1-x-1ml\\\/#primaryimage\"},\"thumbnailUrl\":\"https:\\\/\\\/mylipfiller.com\\\/wp-content\\\/uploads\\\/2019\\\/06\\\/Glowing-Fill-Full.jpg\",\"datePublished\":\"2019-06-26T10:17:45+00:00\",\"dateModified\":\"2024-03-25T14:08:41+00:00\",\"description\":\"\u2765Buy Glowing Fill Full (2 x 1ml) - Dual Pack \u23e9 My Lip Filler online store \u27a6 Quality assurance, reviews, ingredients, best prices!\",\"breadcrumb\":{\"@id\":\"https:\\\/\\\/mylipfiller.com\\\/glowing-fill-full-1-x-1ml\\\/#breadcrumb\"},\"inLanguage\":\"es\",\"potentialAction\":[{\"@type\":\"ReadAction\",\"target\":[\"https:\\\/\\\/mylipfiller.com\\\/glowing-fill-full-1-x-1ml\\\/\"]}]},{\"@type\":\"ImageObject\",\"inLanguage\":\"es\",\"@id\":\"https:\\\/\\\/mylipfiller.com\\\/glowing-fill-full-1-x-1ml\\\/#primaryimage\",\"url\":\"https:\\\/\\\/mylipfiller.com\\\/wp-content\\\/uploads\\\/2019\\\/06\\\/Glowing-Fill-Full.jpg\",\"contentUrl\":\"https:\\\/\\\/mylipfiller.com\\\/wp-content\\\/uploads\\\/2019\\\/06\\\/Glowing-Fill-Full.jpg\",\"width\":600,\"height\":600,\"caption\":\"Glowing Fill Full\"},{\"@type\":\"BreadcrumbList\",\"@id\":\"https:\\\/\\\/mylipfiller.com\\\/glowing-fill-full-1-x-1ml\\\/#breadcrumb\",\"itemListElement\":[{\"@type\":\"ListItem\",\"position\":1,\"name\":\"Home\",\"item\":\"https:\\\/\\\/mylipfiller.com\\\/\"},{\"@type\":\"ListItem\",\"position\":2,\"name\":\"Shop\",\"item\":\"https:\\\/\\\/mylipfiller.com\\\/shop\\\/\"},{\"@type\":\"ListItem\",\"position\":3,\"name\":\"Glowing Fill Full (2 x 1ml) &#8211; Dual Pack\"}]},{\"@type\":\"WebSite\",\"@id\":\"https:\\\/\\\/mylipfiller.com\\\/#website\",\"url\":\"https:\\\/\\\/mylipfiller.com\\\/\",\"name\":\"My Lip Filler\",\"description\":\"Hyaluronic Acid Lip and Dermal Fillers\",\"publisher\":{\"@id\":\"https:\\\/\\\/mylipfiller.com\\\/#organization\"},\"potentialAction\":[{\"@type\":\"SearchAction\",\"target\":{\"@type\":\"EntryPoint\",\"urlTemplate\":\"https:\\\/\\\/mylipfiller.com\\\/?s={search_term_string}\"},\"query-input\":{\"@type\":\"PropertyValueSpecification\",\"valueRequired\":true,\"valueName\":\"search_term_string\"}}],\"inLanguage\":\"es\"},{\"@type\":\"Organization\",\"@id\":\"https:\\\/\\\/mylipfiller.com\\\/#organization\",\"name\":\"My Lip Filler\",\"url\":\"https:\\\/\\\/mylipfiller.com\\\/\",\"logo\":{\"@type\":\"ImageObject\",\"inLanguage\":\"es\",\"@id\":\"https:\\\/\\\/mylipfiller.com\\\/#\\\/schema\\\/logo\\\/image\\\/\",\"url\":\"https:\\\/\\\/mylipfiller.com\\\/wp-content\\\/uploads\\\/2019\\\/02\\\/cropped-My-Lip-Filler-Logo.png\",\"contentUrl\":\"https:\\\/\\\/mylipfiller.com\\\/wp-content\\\/uploads\\\/2019\\\/02\\\/cropped-My-Lip-Filler-Logo.png\",\"width\":240,\"height\":88,\"caption\":\"My Lip Filler\"},\"image\":{\"@id\":\"https:\\\/\\\/mylipfiller.com\\\/#\\\/schema\\\/logo\\\/image\\\/\"}}]}<\/script>\n<!-- \/ Yoast SEO plugin. -->","yoast_head_json":{"title":"Compre Glowing Fill Full (2 x 1 ml) - Paquete doble - Rellenos de My Lip Filler","description":"\u2765Compre Glowing Fill Full (2 x 1ml) - Paquete doble \u23e9 Tienda online My Lip Filler \u27a6 Garant\u00eda de calidad, rese\u00f1as, ingredientes, \u00a1los mejores precios!","robots":{"index":"index","follow":"follow","max-snippet":"max-snippet:-1","max-image-preview":"max-image-preview:large","max-video-preview":"max-video-preview:-1"},"canonical":"https:\/\/mylipfiller.com\/es\/glowing-fill-full-1-x-1ml\/","og_locale":"es_MX","og_type":"article","og_title":"Buy Glowing Fill Full (2 x 1ml) - Dual Pack - Fillers from My Lip Filler","og_description":"\u2765Buy Glowing Fill Full (2 x 1ml) - Dual Pack \u23e9 My Lip Filler online store \u27a6 Quality assurance, reviews, ingredients, best prices!","og_url":"https:\/\/mylipfiller.com\/es\/glowing-fill-full-1-x-1ml\/","og_site_name":"My Lip Filler","article_modified_time":"2024-03-25T14:08:41+00:00","og_image":[{"width":600,"height":600,"url":"https:\/\/cdn.mylipfiller.com\/wp-content\/uploads\/2019\/06\/Glowing-Fill-Full.jpg","type":"image\/jpeg"}],"twitter_card":"summary_large_image","twitter_misc":{"Tiempo de lectura":"2 minutos"},"schema":{"@context":"https:\/\/schema.org","@graph":[{"@type":"WebPage","@id":"https:\/\/mylipfiller.com\/glowing-fill-full-1-x-1ml\/","url":"https:\/\/mylipfiller.com\/glowing-fill-full-1-x-1ml\/","name":"Compre Glowing Fill Full (2 x 1 ml) - Paquete doble - Rellenos de My Lip Filler","isPartOf":{"@id":"https:\/\/mylipfiller.com\/#website"},"primaryImageOfPage":{"@id":"https:\/\/mylipfiller.com\/glowing-fill-full-1-x-1ml\/#primaryimage"},"image":{"@id":"https:\/\/mylipfiller.com\/glowing-fill-full-1-x-1ml\/#primaryimage"},"thumbnailUrl":"https:\/\/cdn.mylipfiller.com\/wp-content\/uploads\/2019\/06\/Glowing-Fill-Full.jpg","datePublished":"2019-06-26T10:17:45+00:00","dateModified":"2024-03-25T14:08:41+00:00","description":"\u2765Compre Glowing Fill Full (2 x 1ml) - Paquete doble \u23e9 Tienda online My Lip Filler \u27a6 Garant\u00eda de calidad, rese\u00f1as, ingredientes, \u00a1los mejores precios!","breadcrumb":{"@id":"https:\/\/mylipfiller.com\/glowing-fill-full-1-x-1ml\/#breadcrumb"},"inLanguage":"es","potentialAction":[{"@type":"ReadAction","target":["https:\/\/mylipfiller.com\/glowing-fill-full-1-x-1ml\/"]}]},{"@type":"ImageObject","inLanguage":"es","@id":"https:\/\/mylipfiller.com\/glowing-fill-full-1-x-1ml\/#primaryimage","url":"https:\/\/cdn.mylipfiller.com\/wp-content\/uploads\/2019\/06\/Glowing-Fill-Full.jpg","contentUrl":"https:\/\/cdn.mylipfiller.com\/wp-content\/uploads\/2019\/06\/Glowing-Fill-Full.jpg","width":600,"height":600,"caption":"Glowing Fill Full"},{"@type":"BreadcrumbList","@id":"https:\/\/mylipfiller.com\/glowing-fill-full-1-x-1ml\/#breadcrumb","itemListElement":[{"@type":"ListItem","position":1,"name":"Home","item":"https:\/\/mylipfiller.com\/"},{"@type":"ListItem","position":2,"name":"Shop","item":"https:\/\/mylipfiller.com\/shop\/"},{"@type":"ListItem","position":3,"name":"Glowing Fill Full (2 x 1ml) &#8211; Dual Pack"}]},{"@type":"WebSite","@id":"https:\/\/mylipfiller.com\/#website","url":"https:\/\/mylipfiller.com\/","name":"Mi relleno de labios","description":"Rellenos d\u00e9rmicos y de labios con \u00e1cido hialur\u00f3nico","publisher":{"@id":"https:\/\/mylipfiller.com\/#organization"},"potentialAction":[{"@type":"SearchAction","target":{"@type":"EntryPoint","urlTemplate":"https:\/\/mylipfiller.com\/?s={search_term_string}"},"query-input":{"@type":"PropertyValueSpecification","valueRequired":true,"valueName":"search_term_string"}}],"inLanguage":"es"},{"@type":"Organization","@id":"https:\/\/mylipfiller.com\/#organization","name":"Mi relleno de labios","url":"https:\/\/mylipfiller.com\/","logo":{"@type":"ImageObject","inLanguage":"es","@id":"https:\/\/mylipfiller.com\/#\/schema\/logo\/image\/","url":"https:\/\/cdn.mylipfiller.com\/wp-content\/uploads\/2019\/02\/cropped-My-Lip-Filler-Logo.png","contentUrl":"https:\/\/cdn.mylipfiller.com\/wp-content\/uploads\/2019\/02\/cropped-My-Lip-Filler-Logo.png","width":240,"height":88,"caption":"My Lip Filler"},"image":{"@id":"https:\/\/mylipfiller.com\/#\/schema\/logo\/image\/"}}]}},"_links":{"self":[{"href":"https:\/\/mylipfiller.com\/es\/wp-json\/wp\/v2\/product\/1687","targetHints":{"allow":["GET"]}}],"collection":[{"href":"https:\/\/mylipfiller.com\/es\/wp-json\/wp\/v2\/product"}],"about":[{"href":"https:\/\/mylipfiller.com\/es\/wp-json\/wp\/v2\/types\/product"}],"wp:featuredmedia":[{"embeddable":true,"href":"https:\/\/mylipfiller.com\/es\/wp-json\/wp\/v2\/media\/1689"}],"wp:attachment":[{"href":"https:\/\/mylipfiller.com\/es\/wp-json\/wp\/v2\/media?parent=1687"}],"wp:term":[{"taxonomy":"product_brand","embeddable":true,"href":"https:\/\/mylipfiller.com\/es\/wp-json\/wp\/v2\/product_brand?post=1687"},{"taxonomy":"product_cat","embeddable":true,"href":"https:\/\/mylipfiller.com\/es\/wp-json\/wp\/v2\/product_cat?post=1687"},{"taxonomy":"product_tag","embeddable":true,"href":"https:\/\/mylipfiller.com\/es\/wp-json\/wp\/v2\/product_tag?post=1687"}],"curies":[{"name":"gracias","href":"https:\/\/api.w.org\/{rel}","templated":true}]}}