{"id":17424,"date":"2020-06-02T13:37:36","date_gmt":"2020-06-02T11:37:36","guid":{"rendered":"https:\/\/mylipfiller.com\/?post_type=product&#038;p=17424"},"modified":"2024-07-03T17:32:34","modified_gmt":"2024-07-03T15:32:34","slug":"neufidence-deep-2-x-1ml","status":"publish","type":"product","link":"https:\/\/mylipfiller.com\/es\/neufidence-deep-2-x-1ml\/","title":{"rendered":"Neufidence Deep - 2 x 1 ml"},"content":{"rendered":"<h3>\u00bfC\u00f3mo act\u00faa Neufidence Deep?<\/h3>\n<p>Neufidence Deep viene en forma de gel suave y se vende en una jeringa precargada de un solo uso. El producto se aplica a la dermis de las zonas problem\u00e1ticas mediante inyecci\u00f3n. All\u00ed, el relleno d\u00e9rmico <u>Rellena las depresiones y arrugas de la piel.<\/u>. Como resultado, la piel se vuelve m\u00e1s suave y luce m\u00e1s joven.<\/p>\n<p>Dado que este inyectable avanzado se basa en HA, solo proporciona resultados antienvejecimiento temporales. El ingrediente comienza a disolverse lentamente una vez que se inyecta debajo de la piel, y varios meses despu\u00e9s del tratamiento, se degradar\u00e1 y absorber\u00e1 por completo. Cuando eso sucede, los pacientes recuperan su apariencia anterior. Sin embargo, una inyecci\u00f3n de mantenimiento cada pocos meses puede ayudarlos a mantener las arrugas alejadas de la cara y prolongar con \u00e9xito los resultados del tratamiento.<\/p>\n<ul>\n<li>Temporalmente reduce las arrugas de la cara inferior<\/li>\n<li>Hidrata la piel<\/li>\n<li>Mejora la elasticidad y el tono de la piel.<\/li>\n<\/ul>\n<h3>\u00bfC\u00f3mo se elabora el \u00e1cido hialur\u00f3nico?<\/h3>\n<p>El \u00e1cido hialur\u00f3nico no es un ingrediente da\u00f1ino para los humanos porque nuestros cuerpos pueden producirlo de forma natural. El HA en Neufidence Deep, sin embargo, no se deriva ni de humanos ni de animales. En cambio, se produce mediante un proceso conocido como biofermantaci\u00f3n y se extrae de Streptococcus zooepidemicus. Est\u00e1 <strong>Libre de OGM,<\/strong> y es bien tolerado por el organismo humano.<\/p>","protected":false},"excerpt":{"rendered":"<p>Neufidence Deep es un magn\u00edfico <em>inyecci\u00f3n de relleno que se enfoca en las arrugas profundas de la cara inferior<\/em>. Un solo tratamiento con este producto le da a la piel un aspecto terso y rejuvenecido durante varios meses. Producido por Medytox, contiene 20 mg \/ ml de \u00e1cido hialur\u00f3nico (HA) de alta calidad que hidrata y suaviza inmediatamente la piel del rostro. Aproximadamente 3% de este inyectable est\u00e1 compuesto de anest\u00e9sico local, lo que garantiza que los pacientes disfruten de un tratamiento antiarrugas indoloro de principio a fin.<\/p>","protected":false},"featured_media":17426,"template":"","meta":{"_acf_changed":false},"product_brand":[],"product_cat":[33,175,70],"product_tag":[111,151,133,107,134,137,120,116],"class_list":{"0":"post-17424","1":"product","2":"type-product","3":"status-publish","4":"has-post-thumbnail","6":"product_cat-lip","7":"product_cat-medytox","8":"product_cat-neufidence","9":"product_tag-face","10":"product_tag-hyaluronic-acid-ha-fillers","11":"product_tag-marionette-lines","12":"product_tag-nasolabial-folds","13":"product_tag-small-lips","14":"product_tag-south-korea","15":"product_tag-up-to-12-months","16":"product_tag-with-lidocaine","18":"first","19":"outofstock","20":"taxable","21":"shipping-taxable","22":"purchasable","23":"product-type-simple"},"acf":[],"yoast_head":"<!-- This site is optimized with the Yoast SEO plugin v27.2 - https:\/\/yoast.com\/product\/yoast-seo-wordpress\/ -->\n<title>Buy Neufidence Deep - 2 x 1ml - Fillers from My Lip Filler<\/title>\n<meta name=\"description\" content=\"\u2765Buy Neufidence Deep - 2 x 1ml \u23e9 My Lip Filler online store \u27a6 Quality assurance, reviews, ingredients, best prices!\" \/>\n<meta name=\"robots\" content=\"index, follow, max-snippet:-1, max-image-preview:large, max-video-preview:-1\" \/>\n<link rel=\"canonical\" href=\"https:\/\/mylipfiller.com\/es\/neufidence-deep-2-x-1ml\/\" \/>\n<meta property=\"og:locale\" content=\"es_MX\" \/>\n<meta property=\"og:type\" content=\"article\" \/>\n<meta property=\"og:title\" content=\"Buy Neufidence Deep - 2 x 1ml - Fillers from My Lip Filler\" \/>\n<meta property=\"og:description\" content=\"\u2765Buy Neufidence Deep - 2 x 1ml \u23e9 My Lip Filler online store \u27a6 Quality assurance, reviews, ingredients, best prices!\" \/>\n<meta property=\"og:url\" content=\"https:\/\/mylipfiller.com\/es\/neufidence-deep-2-x-1ml\/\" \/>\n<meta property=\"og:site_name\" content=\"My Lip Filler\" \/>\n<meta property=\"article:modified_time\" content=\"2024-07-03T15:32:34+00:00\" \/>\n<meta property=\"og:image\" content=\"https:\/\/cdn.mylipfiller.com\/wp-content\/uploads\/2020\/06\/Neufidence-Deep-Lidocaine.jpg\" \/>\n\t<meta property=\"og:image:width\" content=\"600\" \/>\n\t<meta property=\"og:image:height\" content=\"600\" \/>\n\t<meta property=\"og:image:type\" content=\"image\/jpeg\" \/>\n<meta name=\"twitter:card\" content=\"summary_large_image\" \/>\n<meta name=\"twitter:label1\" content=\"Tiempo de lectura\" \/>\n\t<meta name=\"twitter:data1\" content=\"2 minutos\" \/>\n<script type=\"application\/ld+json\" class=\"yoast-schema-graph\">{\"@context\":\"https:\/\/schema.org\",\"@graph\":[{\"@type\":\"WebPage\",\"@id\":\"https:\/\/mylipfiller.com\/neufidence-deep-2-x-1ml\/\",\"url\":\"https:\/\/mylipfiller.com\/neufidence-deep-2-x-1ml\/\",\"name\":\"Buy Neufidence Deep - 2 x 1ml - Fillers from My Lip Filler\",\"isPartOf\":{\"@id\":\"https:\/\/mylipfiller.com\/#website\"},\"primaryImageOfPage\":{\"@id\":\"https:\/\/mylipfiller.com\/neufidence-deep-2-x-1ml\/#primaryimage\"},\"image\":{\"@id\":\"https:\/\/mylipfiller.com\/neufidence-deep-2-x-1ml\/#primaryimage\"},\"thumbnailUrl\":\"https:\/\/cdn.mylipfiller.com\/wp-content\/uploads\/2020\/06\/Neufidence-Deep-Lidocaine.jpg\",\"datePublished\":\"2020-06-02T11:37:36+00:00\",\"dateModified\":\"2024-07-03T15:32:34+00:00\",\"description\":\"\u2765Buy Neufidence Deep - 2 x 1ml \u23e9 My Lip Filler online store \u27a6 Quality assurance, reviews, ingredients, best prices!\",\"breadcrumb\":{\"@id\":\"https:\/\/mylipfiller.com\/neufidence-deep-2-x-1ml\/#breadcrumb\"},\"inLanguage\":\"es\",\"potentialAction\":[{\"@type\":\"ReadAction\",\"target\":[\"https:\/\/mylipfiller.com\/neufidence-deep-2-x-1ml\/\"]}]},{\"@type\":\"ImageObject\",\"inLanguage\":\"es\",\"@id\":\"https:\/\/mylipfiller.com\/neufidence-deep-2-x-1ml\/#primaryimage\",\"url\":\"https:\/\/cdn.mylipfiller.com\/wp-content\/uploads\/2020\/06\/Neufidence-Deep-Lidocaine.jpg\",\"contentUrl\":\"https:\/\/cdn.mylipfiller.com\/wp-content\/uploads\/2020\/06\/Neufidence-Deep-Lidocaine.jpg\",\"width\":600,\"height\":600,\"caption\":\"Neufidence Deep Lidocaine\"},{\"@type\":\"BreadcrumbList\",\"@id\":\"https:\/\/mylipfiller.com\/neufidence-deep-2-x-1ml\/#breadcrumb\",\"itemListElement\":[{\"@type\":\"ListItem\",\"position\":1,\"name\":\"Home\",\"item\":\"https:\/\/mylipfiller.com\/\"},{\"@type\":\"ListItem\",\"position\":2,\"name\":\"Shop\",\"item\":\"https:\/\/mylipfiller.com\/shop\/\"},{\"@type\":\"ListItem\",\"position\":3,\"name\":\"Neufidence Deep &#8211; 2 x 1ml\"}]},{\"@type\":\"WebSite\",\"@id\":\"https:\/\/mylipfiller.com\/#website\",\"url\":\"https:\/\/mylipfiller.com\/\",\"name\":\"My Lip Filler\",\"description\":\"Hyaluronic Acid Lip and Dermal Fillers\",\"publisher\":{\"@id\":\"https:\/\/mylipfiller.com\/#organization\"},\"potentialAction\":[{\"@type\":\"SearchAction\",\"target\":{\"@type\":\"EntryPoint\",\"urlTemplate\":\"https:\/\/mylipfiller.com\/?s={search_term_string}\"},\"query-input\":{\"@type\":\"PropertyValueSpecification\",\"valueRequired\":true,\"valueName\":\"search_term_string\"}}],\"inLanguage\":\"es\"},{\"@type\":\"Organization\",\"@id\":\"https:\/\/mylipfiller.com\/#organization\",\"name\":\"My Lip Filler\",\"url\":\"https:\/\/mylipfiller.com\/\",\"logo\":{\"@type\":\"ImageObject\",\"inLanguage\":\"es\",\"@id\":\"https:\/\/mylipfiller.com\/#\/schema\/logo\/image\/\",\"url\":\"https:\/\/cdn.mylipfiller.com\/wp-content\/uploads\/2019\/02\/cropped-My-Lip-Filler-Logo.png\",\"contentUrl\":\"https:\/\/cdn.mylipfiller.com\/wp-content\/uploads\/2019\/02\/cropped-My-Lip-Filler-Logo.png\",\"width\":240,\"height\":88,\"caption\":\"My Lip Filler\"},\"image\":{\"@id\":\"https:\/\/mylipfiller.com\/#\/schema\/logo\/image\/\"}}]}<\/script>\n<!-- \/ Yoast SEO plugin. -->","yoast_head_json":{"title":"Comprar Neufidence Deep - 2 x 1ml - Rellenos de My Lip Filler","description":"\u2765Compra Neufidence Deep - 2 x 1ml \u23e9 Tienda online My Lip Filler \u27a6 Garant\u00eda de calidad, rese\u00f1as, ingredientes, \u00a1los mejores precios!","robots":{"index":"index","follow":"follow","max-snippet":"max-snippet:-1","max-image-preview":"max-image-preview:large","max-video-preview":"max-video-preview:-1"},"canonical":"https:\/\/mylipfiller.com\/es\/neufidence-deep-2-x-1ml\/","og_locale":"es_MX","og_type":"article","og_title":"Buy Neufidence Deep - 2 x 1ml - Fillers from My Lip Filler","og_description":"\u2765Buy Neufidence Deep - 2 x 1ml \u23e9 My Lip Filler online store \u27a6 Quality assurance, reviews, ingredients, best prices!","og_url":"https:\/\/mylipfiller.com\/es\/neufidence-deep-2-x-1ml\/","og_site_name":"My Lip Filler","article_modified_time":"2024-07-03T15:32:34+00:00","og_image":[{"width":600,"height":600,"url":"https:\/\/cdn.mylipfiller.com\/wp-content\/uploads\/2020\/06\/Neufidence-Deep-Lidocaine.jpg","type":"image\/jpeg"}],"twitter_card":"summary_large_image","twitter_misc":{"Tiempo de lectura":"2 minutos"},"schema":{"@context":"https:\/\/schema.org","@graph":[{"@type":"WebPage","@id":"https:\/\/mylipfiller.com\/neufidence-deep-2-x-1ml\/","url":"https:\/\/mylipfiller.com\/neufidence-deep-2-x-1ml\/","name":"Comprar Neufidence Deep - 2 x 1ml - Rellenos de My Lip Filler","isPartOf":{"@id":"https:\/\/mylipfiller.com\/#website"},"primaryImageOfPage":{"@id":"https:\/\/mylipfiller.com\/neufidence-deep-2-x-1ml\/#primaryimage"},"image":{"@id":"https:\/\/mylipfiller.com\/neufidence-deep-2-x-1ml\/#primaryimage"},"thumbnailUrl":"https:\/\/cdn.mylipfiller.com\/wp-content\/uploads\/2020\/06\/Neufidence-Deep-Lidocaine.jpg","datePublished":"2020-06-02T11:37:36+00:00","dateModified":"2024-07-03T15:32:34+00:00","description":"\u2765Compra Neufidence Deep - 2 x 1ml \u23e9 Tienda online My Lip Filler \u27a6 Garant\u00eda de calidad, rese\u00f1as, ingredientes, \u00a1los mejores precios!","breadcrumb":{"@id":"https:\/\/mylipfiller.com\/neufidence-deep-2-x-1ml\/#breadcrumb"},"inLanguage":"es","potentialAction":[{"@type":"ReadAction","target":["https:\/\/mylipfiller.com\/neufidence-deep-2-x-1ml\/"]}]},{"@type":"ImageObject","inLanguage":"es","@id":"https:\/\/mylipfiller.com\/neufidence-deep-2-x-1ml\/#primaryimage","url":"https:\/\/cdn.mylipfiller.com\/wp-content\/uploads\/2020\/06\/Neufidence-Deep-Lidocaine.jpg","contentUrl":"https:\/\/cdn.mylipfiller.com\/wp-content\/uploads\/2020\/06\/Neufidence-Deep-Lidocaine.jpg","width":600,"height":600,"caption":"Neufidence Deep Lidocaine"},{"@type":"BreadcrumbList","@id":"https:\/\/mylipfiller.com\/neufidence-deep-2-x-1ml\/#breadcrumb","itemListElement":[{"@type":"ListItem","position":1,"name":"Home","item":"https:\/\/mylipfiller.com\/"},{"@type":"ListItem","position":2,"name":"Shop","item":"https:\/\/mylipfiller.com\/shop\/"},{"@type":"ListItem","position":3,"name":"Neufidence Deep &#8211; 2 x 1ml"}]},{"@type":"WebSite","@id":"https:\/\/mylipfiller.com\/#website","url":"https:\/\/mylipfiller.com\/","name":"Mi relleno de labios","description":"Rellenos d\u00e9rmicos y de labios con \u00e1cido hialur\u00f3nico","publisher":{"@id":"https:\/\/mylipfiller.com\/#organization"},"potentialAction":[{"@type":"SearchAction","target":{"@type":"EntryPoint","urlTemplate":"https:\/\/mylipfiller.com\/?s={search_term_string}"},"query-input":{"@type":"PropertyValueSpecification","valueRequired":true,"valueName":"search_term_string"}}],"inLanguage":"es"},{"@type":"Organization","@id":"https:\/\/mylipfiller.com\/#organization","name":"Mi relleno de labios","url":"https:\/\/mylipfiller.com\/","logo":{"@type":"ImageObject","inLanguage":"es","@id":"https:\/\/mylipfiller.com\/#\/schema\/logo\/image\/","url":"https:\/\/cdn.mylipfiller.com\/wp-content\/uploads\/2019\/02\/cropped-My-Lip-Filler-Logo.png","contentUrl":"https:\/\/cdn.mylipfiller.com\/wp-content\/uploads\/2019\/02\/cropped-My-Lip-Filler-Logo.png","width":240,"height":88,"caption":"My Lip Filler"},"image":{"@id":"https:\/\/mylipfiller.com\/#\/schema\/logo\/image\/"}}]}},"_links":{"self":[{"href":"https:\/\/mylipfiller.com\/es\/wp-json\/wp\/v2\/product\/17424","targetHints":{"allow":["GET"]}}],"collection":[{"href":"https:\/\/mylipfiller.com\/es\/wp-json\/wp\/v2\/product"}],"about":[{"href":"https:\/\/mylipfiller.com\/es\/wp-json\/wp\/v2\/types\/product"}],"wp:featuredmedia":[{"embeddable":true,"href":"https:\/\/mylipfiller.com\/es\/wp-json\/wp\/v2\/media\/17426"}],"wp:attachment":[{"href":"https:\/\/mylipfiller.com\/es\/wp-json\/wp\/v2\/media?parent=17424"}],"wp:term":[{"taxonomy":"product_brand","embeddable":true,"href":"https:\/\/mylipfiller.com\/es\/wp-json\/wp\/v2\/product_brand?post=17424"},{"taxonomy":"product_cat","embeddable":true,"href":"https:\/\/mylipfiller.com\/es\/wp-json\/wp\/v2\/product_cat?post=17424"},{"taxonomy":"product_tag","embeddable":true,"href":"https:\/\/mylipfiller.com\/es\/wp-json\/wp\/v2\/product_tag?post=17424"}],"curies":[{"name":"gracias","href":"https:\/\/api.w.org\/{rel}","templated":true}]}}