{"id":17425,"date":"2020-06-02T13:37:33","date_gmt":"2020-06-02T11:37:33","guid":{"rendered":"https:\/\/mylipfiller.com\/?post_type=product&#038;p=17425"},"modified":"2024-07-03T17:32:34","modified_gmt":"2024-07-03T15:32:34","slug":"neufidence-volume-2-x-1ml","status":"publish","type":"product","link":"https:\/\/mylipfiller.com\/es\/neufidence-volume-2-x-1ml\/","title":{"rendered":"Volumen de Neufidence - 2 x 1ml"},"content":{"rendered":"<h3>Producto a base de HA para la restauraci\u00f3n inmediata del volumen.<\/h3>\n<p>Medytox ha utilizado materias primas de primera calidad para producir Neufidence Volume. La empresa tambi\u00e9n ha confiado en <u>una innovadora tecnolog\u00eda HEART<\/u> para producir un gel de \u00e1cido hialur\u00f3nico que es altamente viscoel\u00e1stico, pero resistente. Gracias a todo ello, este relleno d\u00e9rmico optimizado realza inmediatamente el volumen debajo de la piel para darle al rostro un aspecto m\u00e1s suave y juvenil. El inyectable elimina visiblemente las arrugas faciales y mejora el contorno facial mediante el aumento de ment\u00f3n y mejillas.<\/p>\n<ul>\n<li>Ingrediente principal: \u00e1cido hialur\u00f3nico (20 mg \/ ml)<\/li>\n<li>Nivel de reticulaci\u00f3n: 3 de 3<\/li>\n<li>M\u00e9todo de aplicaci\u00f3n: inyecci\u00f3n en la dermis.<\/li>\n<li>Duraci\u00f3n: varios meses<\/li>\n<li>Aguja: 27Gx1 \/ 2 (13 mm) UTW<\/li>\n<\/ul>\n<h3>Neufidence Volume ofrece resultados consistentes<\/h3>\n<p>El producto viene en una jeringa desechable y cada paquete presenta una aguja est\u00e9tica de pared ultradelgada (UTW). Esta aguja especial proporciona velocidades de flujo m\u00e1s r\u00e1pidas durante el procedimiento. Adem\u00e1s, requiere una fuerza de extrusi\u00f3n menor. Eso significa que los m\u00e9dicos tienen m\u00e1s control sobre la inyecci\u00f3n y pueden proporcionar a los pacientes resultados de tratamiento estables y consistentes.<\/p>\n<p>Las inyecciones de Neufidence Volume de seguimiento se pueden programar unos meses despu\u00e9s del procedimiento inicial antes de que sus efectos desaparezcan por completo. Si los pacientes deciden volver a su aspecto normal, los resultados del tratamiento pueden revertirse f\u00e1cilmente.<\/p>","protected":false},"excerpt":{"rendered":"<p>Neufidence Volume es un robusto y <strong>relleno voluminizador sin riesgos<\/strong> desarrollado y fabricado por Medytox. No solo <em>trata las arrugas faciales m\u00e1s profundas,<\/em> pero tambi\u00e9n restaura o agrega volumen debajo de la piel. Por lo tanto, se puede utilizar para realce de ment\u00f3n y mejillas m\u00ednimamente invasivo. Un tratamiento con este producto puede incluso mejorar o redefinir el contorno del rostro. Este relleno de \u00e1cido hialur\u00f3nico aumenta instant\u00e1neamente la confianza de los pacientes porque sus efectos antienvejecimiento son instant\u00e1neos.<\/p>","protected":false},"featured_media":17428,"template":"","meta":{"_acf_changed":false},"product_brand":[],"product_cat":[34,175,70],"product_tag":[123,130,131,115,114,111,118,151,141,142,135,137,110,122,124,116],"class_list":{"0":"post-17425","1":"product","2":"type-product","3":"status-publish","4":"has-post-thumbnail","6":"product_cat-hard","7":"product_cat-medytox","8":"product_cat-neufidence","9":"product_tag-asymmetry","10":"product_tag-cheek-volume","11":"product_tag-cheekbone-contour","12":"product_tag-cheekbones","13":"product_tag-chin","14":"product_tag-face","15":"product_tag-high-density","16":"product_tag-hyaluronic-acid-ha-fillers","17":"product_tag-lifting","18":"product_tag-modeling","19":"product_tag-small-chin","20":"product_tag-south-korea","21":"product_tag-temple","22":"product_tag-up-to-18-months","23":"product_tag-volume","24":"product_tag-with-lidocaine","26":"first","27":"outofstock","28":"taxable","29":"shipping-taxable","30":"purchasable","31":"product-type-simple"},"acf":[],"yoast_head":"<!-- This site is optimized with the Yoast SEO plugin v27.4 - https:\/\/yoast.com\/product\/yoast-seo-wordpress\/ -->\n<title>Buy Neufidence Volume - 2 x 1ml - Fillers from My Lip Filler<\/title>\n<meta name=\"description\" content=\"\u2765Buy Neufidence Volume - 2 x 1ml \u23e9 My Lip Filler online store \u27a6 Quality assurance, reviews, ingredients, best prices!\" \/>\n<meta name=\"robots\" content=\"index, follow, max-snippet:-1, max-image-preview:large, max-video-preview:-1\" \/>\n<link rel=\"canonical\" href=\"https:\/\/mylipfiller.com\/es\/neufidence-volume-2-x-1ml\/\" \/>\n<meta property=\"og:locale\" content=\"es_MX\" \/>\n<meta property=\"og:type\" content=\"article\" \/>\n<meta property=\"og:title\" content=\"Buy Neufidence Volume - 2 x 1ml - Fillers from My Lip Filler\" \/>\n<meta property=\"og:description\" content=\"\u2765Buy Neufidence Volume - 2 x 1ml \u23e9 My Lip Filler online store \u27a6 Quality assurance, reviews, ingredients, best prices!\" \/>\n<meta property=\"og:url\" content=\"https:\/\/mylipfiller.com\/es\/neufidence-volume-2-x-1ml\/\" \/>\n<meta property=\"og:site_name\" content=\"My Lip Filler\" \/>\n<meta property=\"article:modified_time\" content=\"2024-07-03T15:32:34+00:00\" \/>\n<meta property=\"og:image\" content=\"https:\/\/cdn.mylipfiller.com\/wp-content\/uploads\/2020\/06\/Neufidence-Volume-Lidocaine.jpg\" \/>\n\t<meta property=\"og:image:width\" content=\"600\" \/>\n\t<meta property=\"og:image:height\" content=\"600\" \/>\n\t<meta property=\"og:image:type\" content=\"image\/jpeg\" \/>\n<meta name=\"twitter:card\" content=\"summary_large_image\" \/>\n<meta name=\"twitter:label1\" content=\"Tiempo de lectura\" \/>\n\t<meta name=\"twitter:data1\" content=\"2 minutos\" \/>\n<script type=\"application\/ld+json\" class=\"yoast-schema-graph\">{\"@context\":\"https:\\\/\\\/schema.org\",\"@graph\":[{\"@type\":\"WebPage\",\"@id\":\"https:\\\/\\\/mylipfiller.com\\\/neufidence-volume-2-x-1ml\\\/\",\"url\":\"https:\\\/\\\/mylipfiller.com\\\/neufidence-volume-2-x-1ml\\\/\",\"name\":\"Buy Neufidence Volume - 2 x 1ml - Fillers from My Lip Filler\",\"isPartOf\":{\"@id\":\"https:\\\/\\\/mylipfiller.com\\\/#website\"},\"primaryImageOfPage\":{\"@id\":\"https:\\\/\\\/mylipfiller.com\\\/neufidence-volume-2-x-1ml\\\/#primaryimage\"},\"image\":{\"@id\":\"https:\\\/\\\/mylipfiller.com\\\/neufidence-volume-2-x-1ml\\\/#primaryimage\"},\"thumbnailUrl\":\"https:\\\/\\\/mylipfiller.com\\\/wp-content\\\/uploads\\\/2020\\\/06\\\/Neufidence-Volume-Lidocaine.jpg\",\"datePublished\":\"2020-06-02T11:37:33+00:00\",\"dateModified\":\"2024-07-03T15:32:34+00:00\",\"description\":\"\u2765Buy Neufidence Volume - 2 x 1ml \u23e9 My Lip Filler online store \u27a6 Quality assurance, reviews, ingredients, best prices!\",\"breadcrumb\":{\"@id\":\"https:\\\/\\\/mylipfiller.com\\\/neufidence-volume-2-x-1ml\\\/#breadcrumb\"},\"inLanguage\":\"es\",\"potentialAction\":[{\"@type\":\"ReadAction\",\"target\":[\"https:\\\/\\\/mylipfiller.com\\\/neufidence-volume-2-x-1ml\\\/\"]}]},{\"@type\":\"ImageObject\",\"inLanguage\":\"es\",\"@id\":\"https:\\\/\\\/mylipfiller.com\\\/neufidence-volume-2-x-1ml\\\/#primaryimage\",\"url\":\"https:\\\/\\\/mylipfiller.com\\\/wp-content\\\/uploads\\\/2020\\\/06\\\/Neufidence-Volume-Lidocaine.jpg\",\"contentUrl\":\"https:\\\/\\\/mylipfiller.com\\\/wp-content\\\/uploads\\\/2020\\\/06\\\/Neufidence-Volume-Lidocaine.jpg\",\"width\":600,\"height\":600,\"caption\":\"Neufidence Volume Lidocaine\"},{\"@type\":\"BreadcrumbList\",\"@id\":\"https:\\\/\\\/mylipfiller.com\\\/neufidence-volume-2-x-1ml\\\/#breadcrumb\",\"itemListElement\":[{\"@type\":\"ListItem\",\"position\":1,\"name\":\"Home\",\"item\":\"https:\\\/\\\/mylipfiller.com\\\/\"},{\"@type\":\"ListItem\",\"position\":2,\"name\":\"Shop\",\"item\":\"https:\\\/\\\/mylipfiller.com\\\/shop\\\/\"},{\"@type\":\"ListItem\",\"position\":3,\"name\":\"Neufidence Volume &#8211; 2 x 1ml\"}]},{\"@type\":\"WebSite\",\"@id\":\"https:\\\/\\\/mylipfiller.com\\\/#website\",\"url\":\"https:\\\/\\\/mylipfiller.com\\\/\",\"name\":\"My Lip Filler\",\"description\":\"Hyaluronic Acid Lip and Dermal Fillers\",\"publisher\":{\"@id\":\"https:\\\/\\\/mylipfiller.com\\\/#organization\"},\"potentialAction\":[{\"@type\":\"SearchAction\",\"target\":{\"@type\":\"EntryPoint\",\"urlTemplate\":\"https:\\\/\\\/mylipfiller.com\\\/?s={search_term_string}\"},\"query-input\":{\"@type\":\"PropertyValueSpecification\",\"valueRequired\":true,\"valueName\":\"search_term_string\"}}],\"inLanguage\":\"es\"},{\"@type\":\"Organization\",\"@id\":\"https:\\\/\\\/mylipfiller.com\\\/#organization\",\"name\":\"My Lip Filler\",\"url\":\"https:\\\/\\\/mylipfiller.com\\\/\",\"logo\":{\"@type\":\"ImageObject\",\"inLanguage\":\"es\",\"@id\":\"https:\\\/\\\/mylipfiller.com\\\/#\\\/schema\\\/logo\\\/image\\\/\",\"url\":\"https:\\\/\\\/mylipfiller.com\\\/wp-content\\\/uploads\\\/2019\\\/02\\\/cropped-My-Lip-Filler-Logo.png\",\"contentUrl\":\"https:\\\/\\\/mylipfiller.com\\\/wp-content\\\/uploads\\\/2019\\\/02\\\/cropped-My-Lip-Filler-Logo.png\",\"width\":240,\"height\":88,\"caption\":\"My Lip Filler\"},\"image\":{\"@id\":\"https:\\\/\\\/mylipfiller.com\\\/#\\\/schema\\\/logo\\\/image\\\/\"}}]}<\/script>\n<!-- \/ Yoast SEO plugin. -->","yoast_head_json":{"title":"Comprar Neufidence Volume - 2 x 1ml - Rellenos de My Lip Filler","description":"\u2765Compra Neufidence Volume - 2 x 1ml \u23e9 Tienda online My Lip Filler \u27a6 Garant\u00eda de calidad, rese\u00f1as, ingredientes, \u00a1los mejores precios!","robots":{"index":"index","follow":"follow","max-snippet":"max-snippet:-1","max-image-preview":"max-image-preview:large","max-video-preview":"max-video-preview:-1"},"canonical":"https:\/\/mylipfiller.com\/es\/neufidence-volume-2-x-1ml\/","og_locale":"es_MX","og_type":"article","og_title":"Buy Neufidence Volume - 2 x 1ml - Fillers from My Lip Filler","og_description":"\u2765Buy Neufidence Volume - 2 x 1ml \u23e9 My Lip Filler online store \u27a6 Quality assurance, reviews, ingredients, best prices!","og_url":"https:\/\/mylipfiller.com\/es\/neufidence-volume-2-x-1ml\/","og_site_name":"My Lip Filler","article_modified_time":"2024-07-03T15:32:34+00:00","og_image":[{"width":600,"height":600,"url":"https:\/\/cdn.mylipfiller.com\/wp-content\/uploads\/2020\/06\/Neufidence-Volume-Lidocaine.jpg","type":"image\/jpeg"}],"twitter_card":"summary_large_image","twitter_misc":{"Tiempo de lectura":"2 minutos"},"schema":{"@context":"https:\/\/schema.org","@graph":[{"@type":"WebPage","@id":"https:\/\/mylipfiller.com\/neufidence-volume-2-x-1ml\/","url":"https:\/\/mylipfiller.com\/neufidence-volume-2-x-1ml\/","name":"Comprar Neufidence Volume - 2 x 1ml - Rellenos de My Lip Filler","isPartOf":{"@id":"https:\/\/mylipfiller.com\/#website"},"primaryImageOfPage":{"@id":"https:\/\/mylipfiller.com\/neufidence-volume-2-x-1ml\/#primaryimage"},"image":{"@id":"https:\/\/mylipfiller.com\/neufidence-volume-2-x-1ml\/#primaryimage"},"thumbnailUrl":"https:\/\/cdn.mylipfiller.com\/wp-content\/uploads\/2020\/06\/Neufidence-Volume-Lidocaine.jpg","datePublished":"2020-06-02T11:37:33+00:00","dateModified":"2024-07-03T15:32:34+00:00","description":"\u2765Compra Neufidence Volume - 2 x 1ml \u23e9 Tienda online My Lip Filler \u27a6 Garant\u00eda de calidad, rese\u00f1as, ingredientes, \u00a1los mejores precios!","breadcrumb":{"@id":"https:\/\/mylipfiller.com\/neufidence-volume-2-x-1ml\/#breadcrumb"},"inLanguage":"es","potentialAction":[{"@type":"ReadAction","target":["https:\/\/mylipfiller.com\/neufidence-volume-2-x-1ml\/"]}]},{"@type":"ImageObject","inLanguage":"es","@id":"https:\/\/mylipfiller.com\/neufidence-volume-2-x-1ml\/#primaryimage","url":"https:\/\/cdn.mylipfiller.com\/wp-content\/uploads\/2020\/06\/Neufidence-Volume-Lidocaine.jpg","contentUrl":"https:\/\/cdn.mylipfiller.com\/wp-content\/uploads\/2020\/06\/Neufidence-Volume-Lidocaine.jpg","width":600,"height":600,"caption":"Neufidence Volume Lidocaine"},{"@type":"BreadcrumbList","@id":"https:\/\/mylipfiller.com\/neufidence-volume-2-x-1ml\/#breadcrumb","itemListElement":[{"@type":"ListItem","position":1,"name":"Home","item":"https:\/\/mylipfiller.com\/"},{"@type":"ListItem","position":2,"name":"Shop","item":"https:\/\/mylipfiller.com\/shop\/"},{"@type":"ListItem","position":3,"name":"Neufidence Volume &#8211; 2 x 1ml"}]},{"@type":"WebSite","@id":"https:\/\/mylipfiller.com\/#website","url":"https:\/\/mylipfiller.com\/","name":"Mi relleno de labios","description":"Rellenos d\u00e9rmicos y de labios con \u00e1cido hialur\u00f3nico","publisher":{"@id":"https:\/\/mylipfiller.com\/#organization"},"potentialAction":[{"@type":"SearchAction","target":{"@type":"EntryPoint","urlTemplate":"https:\/\/mylipfiller.com\/?s={search_term_string}"},"query-input":{"@type":"PropertyValueSpecification","valueRequired":true,"valueName":"search_term_string"}}],"inLanguage":"es"},{"@type":"Organization","@id":"https:\/\/mylipfiller.com\/#organization","name":"Mi relleno de labios","url":"https:\/\/mylipfiller.com\/","logo":{"@type":"ImageObject","inLanguage":"es","@id":"https:\/\/mylipfiller.com\/#\/schema\/logo\/image\/","url":"https:\/\/cdn.mylipfiller.com\/wp-content\/uploads\/2019\/02\/cropped-My-Lip-Filler-Logo.png","contentUrl":"https:\/\/cdn.mylipfiller.com\/wp-content\/uploads\/2019\/02\/cropped-My-Lip-Filler-Logo.png","width":240,"height":88,"caption":"My Lip Filler"},"image":{"@id":"https:\/\/mylipfiller.com\/#\/schema\/logo\/image\/"}}]}},"_links":{"self":[{"href":"https:\/\/mylipfiller.com\/es\/wp-json\/wp\/v2\/product\/17425","targetHints":{"allow":["GET"]}}],"collection":[{"href":"https:\/\/mylipfiller.com\/es\/wp-json\/wp\/v2\/product"}],"about":[{"href":"https:\/\/mylipfiller.com\/es\/wp-json\/wp\/v2\/types\/product"}],"wp:featuredmedia":[{"embeddable":true,"href":"https:\/\/mylipfiller.com\/es\/wp-json\/wp\/v2\/media\/17428"}],"wp:attachment":[{"href":"https:\/\/mylipfiller.com\/es\/wp-json\/wp\/v2\/media?parent=17425"}],"wp:term":[{"taxonomy":"product_brand","embeddable":true,"href":"https:\/\/mylipfiller.com\/es\/wp-json\/wp\/v2\/product_brand?post=17425"},{"taxonomy":"product_cat","embeddable":true,"href":"https:\/\/mylipfiller.com\/es\/wp-json\/wp\/v2\/product_cat?post=17425"},{"taxonomy":"product_tag","embeddable":true,"href":"https:\/\/mylipfiller.com\/es\/wp-json\/wp\/v2\/product_tag?post=17425"}],"curies":[{"name":"gracias","href":"https:\/\/api.w.org\/{rel}","templated":true}]}}