{"id":17429,"date":"2020-06-02T17:58:35","date_gmt":"2020-06-02T15:58:35","guid":{"rendered":"https:\/\/mylipfiller.com\/?post_type=product&#038;p=17429"},"modified":"2024-07-03T17:32:33","modified_gmt":"2024-07-03T15:32:33","slug":"stylage-xl-2-x-1ml","status":"publish","type":"product","link":"https:\/\/mylipfiller.com\/es\/stylage-xl-2-x-1ml\/","title":{"rendered":"Stylage XL - 2 x 1 ml"},"content":{"rendered":"<h3>\u00bfQu\u00e9 hay en la caja?<\/h3>\n<p>Cada paquete de Stylage XL de VIVACY contiene 26 mg \/ g de \u00e1cido hialur\u00f3nico (HA). El HA de este producto se fabrica a trav\u00e9s de una tecnolog\u00eda similar a IPN que permite que el gel del implante se adapte f\u00e1cilmente a la capa d\u00e9rmica de destino. Por tanto, los resultados conseguidos con este tratamiento son a la vez <strong>duradero y de aspecto natural<\/strong>.<\/p>\n<p>El producto tambi\u00e9n contiene manitol. Es decir <em>un antioxidante<\/em> que prolonga las propiedades rejuvenecedoras e hidratantes de la piel del HA. Gracias a \u00e9l, este magn\u00edfico relleno d\u00e9rmico tiene efectos de una longevidad de aproximadamente 12 meses.<\/p>\n<p>Stylage XL viene en una jeringa precargada. La caja tambi\u00e9n incluye agujas est\u00e9ticas especiales para un solo uso.<\/p>\n<h3>Principales usos de Stylage XL<\/h3>\n<p>Este relleno confiable para tejidos blandos de VIVACY est\u00e1 desarrollado para <u>restauraci\u00f3n del volumen facial no quir\u00fargico<\/u> o mejora. Puede inyectarse en varias zonas de la cara, especialmente en aquellas donde hay una deficiencia de volumen visible relacionada con la edad. Al mejorar el contorno facial, la apariencia de los pacientes no solo se vuelve m\u00e1s sim\u00e9trica sino tambi\u00e9n m\u00e1s juvenil.<\/p>\n<ul>\n<li>Correcci\u00f3n de un \u00e1rea de sien hueca<\/li>\n<li>Remodelaci\u00f3n de ment\u00f3n<\/li>\n<li>Mejora del \u00f3valo facial<\/li>\n<li>Aumento de p\u00f3mulos y p\u00f3mulos<\/li>\n<li>Hidrataci\u00f3n profunda de la piel<\/li>\n<\/ul>","protected":false},"excerpt":{"rendered":"<p>El relleno de piel Stylage XL crea y restaura el volumen en el rostro. Incluso despu\u00e9s de un tratamiento, los pacientes notar\u00e1n una considerable <em>mejora en el \u00f3valo de su rostro<\/em>. Dado que el inyectable contiene \u00e1cido hialur\u00f3nico, ofrece resultados temporales. Una vez que el ingrediente se disuelve en los tejidos blandos, los pacientes recuperar\u00e1n su aspecto anterior. Si prefieren conservar su apariencia juvenil y piel suave, pueden programar un procedimiento de seguimiento con su cirujano est\u00e9tico.<\/p>","protected":false},"featured_media":17432,"template":"","meta":{"_acf_changed":false},"product_brand":[],"product_cat":[34,51,181],"product_tag":[123,130,131,115,114,111,136,118,151,141,142,135,110,122,124],"class_list":{"0":"post-17429","1":"product","2":"type-product","3":"status-publish","4":"has-post-thumbnail","6":"product_cat-hard","7":"product_cat-stylage","8":"product_cat-vivacy","9":"product_tag-asymmetry","10":"product_tag-cheek-volume","11":"product_tag-cheekbone-contour","12":"product_tag-cheekbones","13":"product_tag-chin","14":"product_tag-face","15":"product_tag-france","16":"product_tag-high-density","17":"product_tag-hyaluronic-acid-ha-fillers","18":"product_tag-lifting","19":"product_tag-modeling","20":"product_tag-small-chin","21":"product_tag-temple","22":"product_tag-up-to-18-months","23":"product_tag-volume","25":"first","26":"outofstock","27":"taxable","28":"shipping-taxable","29":"purchasable","30":"product-type-simple"},"acf":[],"yoast_head":"<!-- This site is optimized with the Yoast SEO plugin v27.3 - https:\/\/yoast.com\/product\/yoast-seo-wordpress\/ -->\n<title>Buy Stylage XL - 2 x 1ml - Fillers from My Lip Filler<\/title>\n<meta name=\"description\" content=\"\u2765Buy Stylage XL - 2 x 1ml \u23e9 My Lip Filler online store \u27a6 Quality assurance, reviews, ingredients, best prices!\" \/>\n<meta name=\"robots\" content=\"index, follow, max-snippet:-1, max-image-preview:large, max-video-preview:-1\" \/>\n<link rel=\"canonical\" href=\"https:\/\/mylipfiller.com\/es\/stylage-xl-2-x-1ml\/\" \/>\n<meta property=\"og:locale\" content=\"es_MX\" \/>\n<meta property=\"og:type\" content=\"article\" \/>\n<meta property=\"og:title\" content=\"Buy Stylage XL - 2 x 1ml - Fillers from My Lip Filler\" \/>\n<meta property=\"og:description\" content=\"\u2765Buy Stylage XL - 2 x 1ml \u23e9 My Lip Filler online store \u27a6 Quality assurance, reviews, ingredients, best prices!\" \/>\n<meta property=\"og:url\" content=\"https:\/\/mylipfiller.com\/es\/stylage-xl-2-x-1ml\/\" \/>\n<meta property=\"og:site_name\" content=\"My Lip Filler\" \/>\n<meta property=\"article:modified_time\" content=\"2024-07-03T15:32:33+00:00\" \/>\n<meta property=\"og:image\" content=\"https:\/\/cdn.mylipfiller.com\/wp-content\/uploads\/2020\/06\/Stylage-XL.jpg\" \/>\n\t<meta property=\"og:image:width\" content=\"600\" \/>\n\t<meta property=\"og:image:height\" content=\"600\" \/>\n\t<meta property=\"og:image:type\" content=\"image\/jpeg\" \/>\n<meta name=\"twitter:card\" content=\"summary_large_image\" \/>\n<meta name=\"twitter:label1\" content=\"Tiempo de lectura\" \/>\n\t<meta name=\"twitter:data1\" content=\"1 minuto\" \/>\n<script type=\"application\/ld+json\" class=\"yoast-schema-graph\">{\"@context\":\"https:\\\/\\\/schema.org\",\"@graph\":[{\"@type\":\"WebPage\",\"@id\":\"https:\\\/\\\/mylipfiller.com\\\/stylage-xl-2-x-1ml\\\/\",\"url\":\"https:\\\/\\\/mylipfiller.com\\\/stylage-xl-2-x-1ml\\\/\",\"name\":\"Buy Stylage XL - 2 x 1ml - Fillers from My Lip Filler\",\"isPartOf\":{\"@id\":\"https:\\\/\\\/mylipfiller.com\\\/#website\"},\"primaryImageOfPage\":{\"@id\":\"https:\\\/\\\/mylipfiller.com\\\/stylage-xl-2-x-1ml\\\/#primaryimage\"},\"image\":{\"@id\":\"https:\\\/\\\/mylipfiller.com\\\/stylage-xl-2-x-1ml\\\/#primaryimage\"},\"thumbnailUrl\":\"https:\\\/\\\/mylipfiller.com\\\/wp-content\\\/uploads\\\/2020\\\/06\\\/Stylage-XL.jpg\",\"datePublished\":\"2020-06-02T15:58:35+00:00\",\"dateModified\":\"2024-07-03T15:32:33+00:00\",\"description\":\"\u2765Buy Stylage XL - 2 x 1ml \u23e9 My Lip Filler online store \u27a6 Quality assurance, reviews, ingredients, best prices!\",\"breadcrumb\":{\"@id\":\"https:\\\/\\\/mylipfiller.com\\\/stylage-xl-2-x-1ml\\\/#breadcrumb\"},\"inLanguage\":\"es\",\"potentialAction\":[{\"@type\":\"ReadAction\",\"target\":[\"https:\\\/\\\/mylipfiller.com\\\/stylage-xl-2-x-1ml\\\/\"]}]},{\"@type\":\"ImageObject\",\"inLanguage\":\"es\",\"@id\":\"https:\\\/\\\/mylipfiller.com\\\/stylage-xl-2-x-1ml\\\/#primaryimage\",\"url\":\"https:\\\/\\\/mylipfiller.com\\\/wp-content\\\/uploads\\\/2020\\\/06\\\/Stylage-XL.jpg\",\"contentUrl\":\"https:\\\/\\\/mylipfiller.com\\\/wp-content\\\/uploads\\\/2020\\\/06\\\/Stylage-XL.jpg\",\"width\":600,\"height\":600,\"caption\":\"Stylage XL\"},{\"@type\":\"BreadcrumbList\",\"@id\":\"https:\\\/\\\/mylipfiller.com\\\/stylage-xl-2-x-1ml\\\/#breadcrumb\",\"itemListElement\":[{\"@type\":\"ListItem\",\"position\":1,\"name\":\"Home\",\"item\":\"https:\\\/\\\/mylipfiller.com\\\/\"},{\"@type\":\"ListItem\",\"position\":2,\"name\":\"Shop\",\"item\":\"https:\\\/\\\/mylipfiller.com\\\/shop\\\/\"},{\"@type\":\"ListItem\",\"position\":3,\"name\":\"Stylage XL &#8211; 2 x 1ml\"}]},{\"@type\":\"WebSite\",\"@id\":\"https:\\\/\\\/mylipfiller.com\\\/#website\",\"url\":\"https:\\\/\\\/mylipfiller.com\\\/\",\"name\":\"My Lip Filler\",\"description\":\"Hyaluronic Acid Lip and Dermal Fillers\",\"publisher\":{\"@id\":\"https:\\\/\\\/mylipfiller.com\\\/#organization\"},\"potentialAction\":[{\"@type\":\"SearchAction\",\"target\":{\"@type\":\"EntryPoint\",\"urlTemplate\":\"https:\\\/\\\/mylipfiller.com\\\/?s={search_term_string}\"},\"query-input\":{\"@type\":\"PropertyValueSpecification\",\"valueRequired\":true,\"valueName\":\"search_term_string\"}}],\"inLanguage\":\"es\"},{\"@type\":\"Organization\",\"@id\":\"https:\\\/\\\/mylipfiller.com\\\/#organization\",\"name\":\"My Lip Filler\",\"url\":\"https:\\\/\\\/mylipfiller.com\\\/\",\"logo\":{\"@type\":\"ImageObject\",\"inLanguage\":\"es\",\"@id\":\"https:\\\/\\\/mylipfiller.com\\\/#\\\/schema\\\/logo\\\/image\\\/\",\"url\":\"https:\\\/\\\/mylipfiller.com\\\/wp-content\\\/uploads\\\/2019\\\/02\\\/cropped-My-Lip-Filler-Logo.png\",\"contentUrl\":\"https:\\\/\\\/mylipfiller.com\\\/wp-content\\\/uploads\\\/2019\\\/02\\\/cropped-My-Lip-Filler-Logo.png\",\"width\":240,\"height\":88,\"caption\":\"My Lip Filler\"},\"image\":{\"@id\":\"https:\\\/\\\/mylipfiller.com\\\/#\\\/schema\\\/logo\\\/image\\\/\"}}]}<\/script>\n<!-- \/ Yoast SEO plugin. -->","yoast_head_json":{"title":"Comprar Stylage XL - 2 x 1ml - Rellenos de My Lip Filler","description":"\u2765Compra Stylage XL - 2 x 1ml \u23e9 Tienda online My Lip Filler \u27a6 Garant\u00eda de calidad, rese\u00f1as, ingredientes, \u00a1los mejores precios!","robots":{"index":"index","follow":"follow","max-snippet":"max-snippet:-1","max-image-preview":"max-image-preview:large","max-video-preview":"max-video-preview:-1"},"canonical":"https:\/\/mylipfiller.com\/es\/stylage-xl-2-x-1ml\/","og_locale":"es_MX","og_type":"article","og_title":"Buy Stylage XL - 2 x 1ml - Fillers from My Lip Filler","og_description":"\u2765Buy Stylage XL - 2 x 1ml \u23e9 My Lip Filler online store \u27a6 Quality assurance, reviews, ingredients, best prices!","og_url":"https:\/\/mylipfiller.com\/es\/stylage-xl-2-x-1ml\/","og_site_name":"My Lip Filler","article_modified_time":"2024-07-03T15:32:33+00:00","og_image":[{"width":600,"height":600,"url":"https:\/\/cdn.mylipfiller.com\/wp-content\/uploads\/2020\/06\/Stylage-XL.jpg","type":"image\/jpeg"}],"twitter_card":"summary_large_image","twitter_misc":{"Tiempo de lectura":"1 minuto"},"schema":{"@context":"https:\/\/schema.org","@graph":[{"@type":"WebPage","@id":"https:\/\/mylipfiller.com\/stylage-xl-2-x-1ml\/","url":"https:\/\/mylipfiller.com\/stylage-xl-2-x-1ml\/","name":"Comprar Stylage XL - 2 x 1ml - Rellenos de My Lip Filler","isPartOf":{"@id":"https:\/\/mylipfiller.com\/#website"},"primaryImageOfPage":{"@id":"https:\/\/mylipfiller.com\/stylage-xl-2-x-1ml\/#primaryimage"},"image":{"@id":"https:\/\/mylipfiller.com\/stylage-xl-2-x-1ml\/#primaryimage"},"thumbnailUrl":"https:\/\/cdn.mylipfiller.com\/wp-content\/uploads\/2020\/06\/Stylage-XL.jpg","datePublished":"2020-06-02T15:58:35+00:00","dateModified":"2024-07-03T15:32:33+00:00","description":"\u2765Compra Stylage XL - 2 x 1ml \u23e9 Tienda online My Lip Filler \u27a6 Garant\u00eda de calidad, rese\u00f1as, ingredientes, \u00a1los mejores precios!","breadcrumb":{"@id":"https:\/\/mylipfiller.com\/stylage-xl-2-x-1ml\/#breadcrumb"},"inLanguage":"es","potentialAction":[{"@type":"ReadAction","target":["https:\/\/mylipfiller.com\/stylage-xl-2-x-1ml\/"]}]},{"@type":"ImageObject","inLanguage":"es","@id":"https:\/\/mylipfiller.com\/stylage-xl-2-x-1ml\/#primaryimage","url":"https:\/\/cdn.mylipfiller.com\/wp-content\/uploads\/2020\/06\/Stylage-XL.jpg","contentUrl":"https:\/\/cdn.mylipfiller.com\/wp-content\/uploads\/2020\/06\/Stylage-XL.jpg","width":600,"height":600,"caption":"Stylage XL"},{"@type":"BreadcrumbList","@id":"https:\/\/mylipfiller.com\/stylage-xl-2-x-1ml\/#breadcrumb","itemListElement":[{"@type":"ListItem","position":1,"name":"Home","item":"https:\/\/mylipfiller.com\/"},{"@type":"ListItem","position":2,"name":"Shop","item":"https:\/\/mylipfiller.com\/shop\/"},{"@type":"ListItem","position":3,"name":"Stylage XL &#8211; 2 x 1ml"}]},{"@type":"WebSite","@id":"https:\/\/mylipfiller.com\/#website","url":"https:\/\/mylipfiller.com\/","name":"Mi relleno de labios","description":"Rellenos d\u00e9rmicos y de labios con \u00e1cido hialur\u00f3nico","publisher":{"@id":"https:\/\/mylipfiller.com\/#organization"},"potentialAction":[{"@type":"SearchAction","target":{"@type":"EntryPoint","urlTemplate":"https:\/\/mylipfiller.com\/?s={search_term_string}"},"query-input":{"@type":"PropertyValueSpecification","valueRequired":true,"valueName":"search_term_string"}}],"inLanguage":"es"},{"@type":"Organization","@id":"https:\/\/mylipfiller.com\/#organization","name":"Mi relleno de labios","url":"https:\/\/mylipfiller.com\/","logo":{"@type":"ImageObject","inLanguage":"es","@id":"https:\/\/mylipfiller.com\/#\/schema\/logo\/image\/","url":"https:\/\/cdn.mylipfiller.com\/wp-content\/uploads\/2019\/02\/cropped-My-Lip-Filler-Logo.png","contentUrl":"https:\/\/cdn.mylipfiller.com\/wp-content\/uploads\/2019\/02\/cropped-My-Lip-Filler-Logo.png","width":240,"height":88,"caption":"My Lip Filler"},"image":{"@id":"https:\/\/mylipfiller.com\/#\/schema\/logo\/image\/"}}]}},"_links":{"self":[{"href":"https:\/\/mylipfiller.com\/es\/wp-json\/wp\/v2\/product\/17429","targetHints":{"allow":["GET"]}}],"collection":[{"href":"https:\/\/mylipfiller.com\/es\/wp-json\/wp\/v2\/product"}],"about":[{"href":"https:\/\/mylipfiller.com\/es\/wp-json\/wp\/v2\/types\/product"}],"wp:featuredmedia":[{"embeddable":true,"href":"https:\/\/mylipfiller.com\/es\/wp-json\/wp\/v2\/media\/17432"}],"wp:attachment":[{"href":"https:\/\/mylipfiller.com\/es\/wp-json\/wp\/v2\/media?parent=17429"}],"wp:term":[{"taxonomy":"product_brand","embeddable":true,"href":"https:\/\/mylipfiller.com\/es\/wp-json\/wp\/v2\/product_brand?post=17429"},{"taxonomy":"product_cat","embeddable":true,"href":"https:\/\/mylipfiller.com\/es\/wp-json\/wp\/v2\/product_cat?post=17429"},{"taxonomy":"product_tag","embeddable":true,"href":"https:\/\/mylipfiller.com\/es\/wp-json\/wp\/v2\/product_tag?post=17429"}],"curies":[{"name":"gracias","href":"https:\/\/api.w.org\/{rel}","templated":true}]}}