{"id":17430,"date":"2020-06-02T17:58:11","date_gmt":"2020-06-02T15:58:11","guid":{"rendered":"https:\/\/mylipfiller.com\/?post_type=product&#038;p=17430"},"modified":"2024-07-03T17:32:34","modified_gmt":"2024-07-03T15:32:34","slug":"stylage-xxl-2-x-1ml","status":"publish","type":"product","link":"https:\/\/mylipfiller.com\/es\/stylage-xxl-2-x-1ml\/","title":{"rendered":"Stylage XXL - 2 x 1 ml"},"content":{"rendered":"<h3>Sitios de inyecci\u00f3n recomendados<\/h3>\n<p>Stylage XXL es adecuado para el tratamiento de zonas m\u00e1s amplias del rostro que necesitan someterse a un procedimiento de restauraci\u00f3n de volumen. El producto debe inyectarse en el <em>dermis profunda o subcutis<\/em> por un cirujano est\u00e9tico certificado. Aunque el tratamiento no es particularmente doloroso, los m\u00e9dicos pueden aplicar anestesia local en las zonas objetivo para que la experiencia sea completamente indolora para los pacientes.<\/p>\n<p>Los resultados que ofrece este relleno voluminizador son instant\u00e1neos. Los efectos desaparecer\u00e1n gradualmente y, despu\u00e9s de aproximadamente un a\u00f1o, el gel HA se disolver\u00e1 por completo y los tejidos blandos lo absorber\u00e1n. Si los pacientes no reciben un tratamiento de mantenimiento, recuperar\u00e1n su apariencia natural. Stylage XXL se puede inyectar en las siguientes zonas del rostro:<\/p>\n<ul>\n<li>Las mejillas<\/li>\n<li>Barbilla<\/li>\n<li>P\u00f3mulos<\/li>\n<li>\u00c1rea perioral (para eliminar arrugas y depresiones cut\u00e1neas)<\/li>\n<\/ul>\n<h3>Stylage XXL como soluci\u00f3n voluminizadora y anti-flacidez<\/h3>\n<p>Al restaurar el volumen en el rostro envejecido, Stylage XXL corrige la piel fl\u00e1cida. Eso suaviza y rejuvenece considerablemente el rostro. El producto tambi\u00e9n puede <u>mejorar la forma y el contorno del rostro<\/u> mejorando la apariencia del ment\u00f3n o los p\u00f3mulos, por ejemplo. Las arrugas profundas y los pliegues alrededor de la boca se pueden corregir r\u00e1pidamente con este relleno de \u00e1cido hialur\u00f3nico.<\/p>","protected":false},"excerpt":{"rendered":"<p>Stylage XXL de VIVACY es uno de los m\u00e1s <strong>relleno voluminizador robusto<\/strong> inyecciones en el mercado hoy. Con su \u00e1cido hialur\u00f3nico similar a IPN, es lo suficientemente denso como para aumentar significativamente el volumen de las mejillas y el ment\u00f3n. Sin embargo, al mismo tiempo, su gel inyectable es lo suficientemente suave como para brindar a los cirujanos pl\u00e1sticos un control total sobre los resultados del tratamiento. La presencia de antioxidantes en este producto asegura que sus efectos permanezcan visibles durante m\u00e1s de un a\u00f1o.<\/p>","protected":false},"featured_media":17431,"template":"","meta":{"_acf_changed":false},"product_brand":[],"product_cat":[34,51,181],"product_tag":[123,131,115,114,111,136,118,151,141,142,135,110,122,124],"class_list":{"0":"post-17430","1":"product","2":"type-product","3":"status-publish","4":"has-post-thumbnail","6":"product_cat-hard","7":"product_cat-stylage","8":"product_cat-vivacy","9":"product_tag-asymmetry","10":"product_tag-cheekbone-contour","11":"product_tag-cheekbones","12":"product_tag-chin","13":"product_tag-face","14":"product_tag-france","15":"product_tag-high-density","16":"product_tag-hyaluronic-acid-ha-fillers","17":"product_tag-lifting","18":"product_tag-modeling","19":"product_tag-small-chin","20":"product_tag-temple","21":"product_tag-up-to-18-months","22":"product_tag-volume","24":"first","25":"outofstock","26":"taxable","27":"shipping-taxable","28":"purchasable","29":"product-type-simple"},"acf":[],"yoast_head":"<!-- This site is optimized with the Yoast SEO plugin v27.3 - https:\/\/yoast.com\/product\/yoast-seo-wordpress\/ -->\n<title>Buy Stylage XXL - 2 x 1ml - Fillers from My Lip Filler<\/title>\n<meta name=\"description\" content=\"\u2765Buy Stylage XXL - 2 x 1ml \u23e9 My Lip Filler online store \u27a6 Quality assurance, reviews, ingredients, best prices!\" \/>\n<meta name=\"robots\" content=\"index, follow, max-snippet:-1, max-image-preview:large, max-video-preview:-1\" \/>\n<link rel=\"canonical\" href=\"https:\/\/mylipfiller.com\/es\/stylage-xxl-2-x-1ml\/\" \/>\n<meta property=\"og:locale\" content=\"es_MX\" \/>\n<meta property=\"og:type\" content=\"article\" \/>\n<meta property=\"og:title\" content=\"Buy Stylage XXL - 2 x 1ml - Fillers from My Lip Filler\" \/>\n<meta property=\"og:description\" content=\"\u2765Buy Stylage XXL - 2 x 1ml \u23e9 My Lip Filler online store \u27a6 Quality assurance, reviews, ingredients, best prices!\" \/>\n<meta property=\"og:url\" content=\"https:\/\/mylipfiller.com\/es\/stylage-xxl-2-x-1ml\/\" \/>\n<meta property=\"og:site_name\" content=\"My Lip Filler\" \/>\n<meta property=\"article:modified_time\" content=\"2024-07-03T15:32:34+00:00\" \/>\n<meta property=\"og:image\" content=\"https:\/\/cdn.mylipfiller.com\/wp-content\/uploads\/2020\/06\/Stylage-XXL.jpg\" \/>\n\t<meta property=\"og:image:width\" content=\"600\" \/>\n\t<meta property=\"og:image:height\" content=\"600\" \/>\n\t<meta property=\"og:image:type\" content=\"image\/jpeg\" \/>\n<meta name=\"twitter:card\" content=\"summary_large_image\" \/>\n<meta name=\"twitter:label1\" content=\"Tiempo de lectura\" \/>\n\t<meta name=\"twitter:data1\" content=\"2 minutos\" \/>\n<script type=\"application\/ld+json\" class=\"yoast-schema-graph\">{\"@context\":\"https:\\\/\\\/schema.org\",\"@graph\":[{\"@type\":\"WebPage\",\"@id\":\"https:\\\/\\\/mylipfiller.com\\\/stylage-xxl-2-x-1ml\\\/\",\"url\":\"https:\\\/\\\/mylipfiller.com\\\/stylage-xxl-2-x-1ml\\\/\",\"name\":\"Buy Stylage XXL - 2 x 1ml - Fillers from My Lip Filler\",\"isPartOf\":{\"@id\":\"https:\\\/\\\/mylipfiller.com\\\/#website\"},\"primaryImageOfPage\":{\"@id\":\"https:\\\/\\\/mylipfiller.com\\\/stylage-xxl-2-x-1ml\\\/#primaryimage\"},\"image\":{\"@id\":\"https:\\\/\\\/mylipfiller.com\\\/stylage-xxl-2-x-1ml\\\/#primaryimage\"},\"thumbnailUrl\":\"https:\\\/\\\/mylipfiller.com\\\/wp-content\\\/uploads\\\/2020\\\/06\\\/Stylage-XXL.jpg\",\"datePublished\":\"2020-06-02T15:58:11+00:00\",\"dateModified\":\"2024-07-03T15:32:34+00:00\",\"description\":\"\u2765Buy Stylage XXL - 2 x 1ml \u23e9 My Lip Filler online store \u27a6 Quality assurance, reviews, ingredients, best prices!\",\"breadcrumb\":{\"@id\":\"https:\\\/\\\/mylipfiller.com\\\/stylage-xxl-2-x-1ml\\\/#breadcrumb\"},\"inLanguage\":\"es\",\"potentialAction\":[{\"@type\":\"ReadAction\",\"target\":[\"https:\\\/\\\/mylipfiller.com\\\/stylage-xxl-2-x-1ml\\\/\"]}]},{\"@type\":\"ImageObject\",\"inLanguage\":\"es\",\"@id\":\"https:\\\/\\\/mylipfiller.com\\\/stylage-xxl-2-x-1ml\\\/#primaryimage\",\"url\":\"https:\\\/\\\/mylipfiller.com\\\/wp-content\\\/uploads\\\/2020\\\/06\\\/Stylage-XXL.jpg\",\"contentUrl\":\"https:\\\/\\\/mylipfiller.com\\\/wp-content\\\/uploads\\\/2020\\\/06\\\/Stylage-XXL.jpg\",\"width\":600,\"height\":600,\"caption\":\"Stylage XXL\"},{\"@type\":\"BreadcrumbList\",\"@id\":\"https:\\\/\\\/mylipfiller.com\\\/stylage-xxl-2-x-1ml\\\/#breadcrumb\",\"itemListElement\":[{\"@type\":\"ListItem\",\"position\":1,\"name\":\"Home\",\"item\":\"https:\\\/\\\/mylipfiller.com\\\/\"},{\"@type\":\"ListItem\",\"position\":2,\"name\":\"Shop\",\"item\":\"https:\\\/\\\/mylipfiller.com\\\/shop\\\/\"},{\"@type\":\"ListItem\",\"position\":3,\"name\":\"Stylage XXL &#8211; 2 x 1ml\"}]},{\"@type\":\"WebSite\",\"@id\":\"https:\\\/\\\/mylipfiller.com\\\/#website\",\"url\":\"https:\\\/\\\/mylipfiller.com\\\/\",\"name\":\"My Lip Filler\",\"description\":\"Hyaluronic Acid Lip and Dermal Fillers\",\"publisher\":{\"@id\":\"https:\\\/\\\/mylipfiller.com\\\/#organization\"},\"potentialAction\":[{\"@type\":\"SearchAction\",\"target\":{\"@type\":\"EntryPoint\",\"urlTemplate\":\"https:\\\/\\\/mylipfiller.com\\\/?s={search_term_string}\"},\"query-input\":{\"@type\":\"PropertyValueSpecification\",\"valueRequired\":true,\"valueName\":\"search_term_string\"}}],\"inLanguage\":\"es\"},{\"@type\":\"Organization\",\"@id\":\"https:\\\/\\\/mylipfiller.com\\\/#organization\",\"name\":\"My Lip Filler\",\"url\":\"https:\\\/\\\/mylipfiller.com\\\/\",\"logo\":{\"@type\":\"ImageObject\",\"inLanguage\":\"es\",\"@id\":\"https:\\\/\\\/mylipfiller.com\\\/#\\\/schema\\\/logo\\\/image\\\/\",\"url\":\"https:\\\/\\\/mylipfiller.com\\\/wp-content\\\/uploads\\\/2019\\\/02\\\/cropped-My-Lip-Filler-Logo.png\",\"contentUrl\":\"https:\\\/\\\/mylipfiller.com\\\/wp-content\\\/uploads\\\/2019\\\/02\\\/cropped-My-Lip-Filler-Logo.png\",\"width\":240,\"height\":88,\"caption\":\"My Lip Filler\"},\"image\":{\"@id\":\"https:\\\/\\\/mylipfiller.com\\\/#\\\/schema\\\/logo\\\/image\\\/\"}}]}<\/script>\n<!-- \/ Yoast SEO plugin. -->","yoast_head_json":{"title":"Comprar Stylage XXL - 2 x 1ml - Rellenos de My Lip Filler","description":"\u2765Compra Stylage XXL - 2 x 1ml \u23e9 Tienda online My Lip Filler \u27a6 Garant\u00eda de calidad, rese\u00f1as, ingredientes, \u00a1los mejores precios!","robots":{"index":"index","follow":"follow","max-snippet":"max-snippet:-1","max-image-preview":"max-image-preview:large","max-video-preview":"max-video-preview:-1"},"canonical":"https:\/\/mylipfiller.com\/es\/stylage-xxl-2-x-1ml\/","og_locale":"es_MX","og_type":"article","og_title":"Buy Stylage XXL - 2 x 1ml - Fillers from My Lip Filler","og_description":"\u2765Buy Stylage XXL - 2 x 1ml \u23e9 My Lip Filler online store \u27a6 Quality assurance, reviews, ingredients, best prices!","og_url":"https:\/\/mylipfiller.com\/es\/stylage-xxl-2-x-1ml\/","og_site_name":"My Lip Filler","article_modified_time":"2024-07-03T15:32:34+00:00","og_image":[{"width":600,"height":600,"url":"https:\/\/cdn.mylipfiller.com\/wp-content\/uploads\/2020\/06\/Stylage-XXL.jpg","type":"image\/jpeg"}],"twitter_card":"summary_large_image","twitter_misc":{"Tiempo de lectura":"2 minutos"},"schema":{"@context":"https:\/\/schema.org","@graph":[{"@type":"WebPage","@id":"https:\/\/mylipfiller.com\/stylage-xxl-2-x-1ml\/","url":"https:\/\/mylipfiller.com\/stylage-xxl-2-x-1ml\/","name":"Comprar Stylage XXL - 2 x 1ml - Rellenos de My Lip Filler","isPartOf":{"@id":"https:\/\/mylipfiller.com\/#website"},"primaryImageOfPage":{"@id":"https:\/\/mylipfiller.com\/stylage-xxl-2-x-1ml\/#primaryimage"},"image":{"@id":"https:\/\/mylipfiller.com\/stylage-xxl-2-x-1ml\/#primaryimage"},"thumbnailUrl":"https:\/\/cdn.mylipfiller.com\/wp-content\/uploads\/2020\/06\/Stylage-XXL.jpg","datePublished":"2020-06-02T15:58:11+00:00","dateModified":"2024-07-03T15:32:34+00:00","description":"\u2765Compra Stylage XXL - 2 x 1ml \u23e9 Tienda online My Lip Filler \u27a6 Garant\u00eda de calidad, rese\u00f1as, ingredientes, \u00a1los mejores precios!","breadcrumb":{"@id":"https:\/\/mylipfiller.com\/stylage-xxl-2-x-1ml\/#breadcrumb"},"inLanguage":"es","potentialAction":[{"@type":"ReadAction","target":["https:\/\/mylipfiller.com\/stylage-xxl-2-x-1ml\/"]}]},{"@type":"ImageObject","inLanguage":"es","@id":"https:\/\/mylipfiller.com\/stylage-xxl-2-x-1ml\/#primaryimage","url":"https:\/\/cdn.mylipfiller.com\/wp-content\/uploads\/2020\/06\/Stylage-XXL.jpg","contentUrl":"https:\/\/cdn.mylipfiller.com\/wp-content\/uploads\/2020\/06\/Stylage-XXL.jpg","width":600,"height":600,"caption":"Stylage XXL"},{"@type":"BreadcrumbList","@id":"https:\/\/mylipfiller.com\/stylage-xxl-2-x-1ml\/#breadcrumb","itemListElement":[{"@type":"ListItem","position":1,"name":"Home","item":"https:\/\/mylipfiller.com\/"},{"@type":"ListItem","position":2,"name":"Shop","item":"https:\/\/mylipfiller.com\/shop\/"},{"@type":"ListItem","position":3,"name":"Stylage XXL &#8211; 2 x 1ml"}]},{"@type":"WebSite","@id":"https:\/\/mylipfiller.com\/#website","url":"https:\/\/mylipfiller.com\/","name":"Mi relleno de labios","description":"Rellenos d\u00e9rmicos y de labios con \u00e1cido hialur\u00f3nico","publisher":{"@id":"https:\/\/mylipfiller.com\/#organization"},"potentialAction":[{"@type":"SearchAction","target":{"@type":"EntryPoint","urlTemplate":"https:\/\/mylipfiller.com\/?s={search_term_string}"},"query-input":{"@type":"PropertyValueSpecification","valueRequired":true,"valueName":"search_term_string"}}],"inLanguage":"es"},{"@type":"Organization","@id":"https:\/\/mylipfiller.com\/#organization","name":"Mi relleno de labios","url":"https:\/\/mylipfiller.com\/","logo":{"@type":"ImageObject","inLanguage":"es","@id":"https:\/\/mylipfiller.com\/#\/schema\/logo\/image\/","url":"https:\/\/cdn.mylipfiller.com\/wp-content\/uploads\/2019\/02\/cropped-My-Lip-Filler-Logo.png","contentUrl":"https:\/\/cdn.mylipfiller.com\/wp-content\/uploads\/2019\/02\/cropped-My-Lip-Filler-Logo.png","width":240,"height":88,"caption":"My Lip Filler"},"image":{"@id":"https:\/\/mylipfiller.com\/#\/schema\/logo\/image\/"}}]}},"_links":{"self":[{"href":"https:\/\/mylipfiller.com\/es\/wp-json\/wp\/v2\/product\/17430","targetHints":{"allow":["GET"]}}],"collection":[{"href":"https:\/\/mylipfiller.com\/es\/wp-json\/wp\/v2\/product"}],"about":[{"href":"https:\/\/mylipfiller.com\/es\/wp-json\/wp\/v2\/types\/product"}],"wp:featuredmedia":[{"embeddable":true,"href":"https:\/\/mylipfiller.com\/es\/wp-json\/wp\/v2\/media\/17431"}],"wp:attachment":[{"href":"https:\/\/mylipfiller.com\/es\/wp-json\/wp\/v2\/media?parent=17430"}],"wp:term":[{"taxonomy":"product_brand","embeddable":true,"href":"https:\/\/mylipfiller.com\/es\/wp-json\/wp\/v2\/product_brand?post=17430"},{"taxonomy":"product_cat","embeddable":true,"href":"https:\/\/mylipfiller.com\/es\/wp-json\/wp\/v2\/product_cat?post=17430"},{"taxonomy":"product_tag","embeddable":true,"href":"https:\/\/mylipfiller.com\/es\/wp-json\/wp\/v2\/product_tag?post=17430"}],"curies":[{"name":"gracias","href":"https:\/\/api.w.org\/{rel}","templated":true}]}}