{"id":17608,"date":"2020-06-18T14:28:42","date_gmt":"2020-06-18T12:28:42","guid":{"rendered":"https:\/\/mylipfiller.com\/?post_type=product&#038;p=17608"},"modified":"2024-03-08T18:38:30","modified_gmt":"2024-03-08T16:38:30","slug":"juvederm-ultra-2-2-x-0-55ml","status":"publish","type":"product","link":"https:\/\/mylipfiller.com\/es\/juvederm-ultra-2-2-x-0-55ml\/","title":{"rendered":"Juvederm Ultra 2 (2 x 0,55 ml)"},"content":{"rendered":"<p>La marca Juvederm es la base y el est\u00e1ndar de oro de calidad cuando se trata de rellenos d\u00e9rmicos. Por lo tanto, no es de extra\u00f1ar que Ultra 2 est\u00e9 a la altura del resto de las entradas de la serie. Un relleno d\u00e9rmico suave superior, proporcionar\u00e1 a los pacientes resultados de aspecto natural. Una vez inyectado, el relleno es muy estable, en gran parte como resultado de la tecnolog\u00eda especial de matriz 3D. Esto asegura que, a pesar de su menor espesor, sea una soluci\u00f3n confiable y de apariencia natural para mejoras en las \u00e1reas:<\/p>\n<ul>\n<li>Alrededor de los ojos<\/li>\n<li>Cerca del labio<\/li>\n<li>Agregar volumen extra a los labios<\/li>\n<\/ul>\n<p>El producto contiene lidoca\u00edna y la inyecci\u00f3n es completamente indolora, lo que hace que el breve proceso de aplicaci\u00f3n de solo 20 minutos sea una experiencia a\u00fan menos desagradable. Un dermat\u00f3logo experto puede lograr resultados excelentes con Juvederm Ultra 2.<\/p>\n<h3>\u00bfEs seguro Juvederm Ultra 2?<\/h3>\n<p>Si, absolutamente. Como todos los rellenos Juvederm, este gel HA se basa en \u00e1cido hialur\u00f3nico no animal, es 100% biocompatible y se disuelve en el cuerpo de forma segura. El HA en s\u00ed es natural para el cuerpo humano, pero en este producto tiene una estructura reticulada para mayor estabilidad y mayor duraci\u00f3n. La tecnolog\u00eda 3D matric de Juvedern garantiza resultados duraderos de hasta un a\u00f1o. No se recomienda la inyecci\u00f3n para pacientes al\u00e9rgicos, mujeres embarazadas o en per\u00edodo de lactancia.<\/p>","protected":false},"excerpt":{"rendered":"<p>Juvederm Ultra 2, que antes se conoc\u00eda como XC, es una de las entradas m\u00e1s suaves de la emblem\u00e1tica l\u00ednea Ultra de Juvederm. Ultra 2 es un gel de \u00e1cido hialur\u00f3nico inyectable con un espesor relativamente menor, que es una excelente soluci\u00f3n para el tratamiento de arrugas superficiales a moderadas y l\u00edneas de la piel, y tambi\u00e9n es un gran relleno de labios, para pacientes que buscan m\u00e1s volumen con un tacto m\u00e1s suave. labio. Basado en la matriz de tecnolog\u00eda 3D especial, es una herramienta confiable en la lucha contra los signos del envejecimiento.<\/p>","protected":false},"featured_media":17620,"template":"","meta":{"_acf_changed":false},"product_brand":[],"product_cat":[170,67,32],"product_tag":[144,125,111,126,112,128,136,151,117,146,119,148,116,127],"class_list":{"0":"post-17608","1":"product","2":"type-product","3":"status-publish","4":"has-post-thumbnail","6":"product_cat-allergan","7":"product_cat-juvederm","8":"product_cat-soft","9":"product_tag-anti-wrinkle","10":"product_tag-crows-feet","11":"product_tag-face","12":"product_tag-fine-lines","13":"product_tag-forehead","14":"product_tag-forehead-wrinkles","15":"product_tag-france","16":"product_tag-hyaluronic-acid-ha-fillers","17":"product_tag-low-density","18":"product_tag-smoothing","19":"product_tag-up-to-9-months","20":"product_tag-upper-dermis","21":"product_tag-with-lidocaine","22":"product_tag-wrinkles-around-the-eyes","24":"first","25":"instock","26":"taxable","27":"shipping-taxable","28":"product-type-simple"},"acf":[],"yoast_head":"<!-- This site is optimized with the Yoast SEO plugin v27.4 - https:\/\/yoast.com\/product\/yoast-seo-wordpress\/ -->\n<title>Buy Juvederm Ultra 2 (2 x 0.55ml) - Fillers from My Lip Filler<\/title>\n<meta name=\"description\" content=\"\u2765Buy Juvederm Ultra 2 (2 x 0.55ml) \u23e9 My Lip Filler online store \u27a6 Quality assurance, reviews, ingredients, best prices!\" \/>\n<meta name=\"robots\" content=\"index, follow, max-snippet:-1, max-image-preview:large, max-video-preview:-1\" \/>\n<link rel=\"canonical\" href=\"https:\/\/mylipfiller.com\/es\/juvederm-ultra-2-2-x-0-55ml\/\" \/>\n<meta property=\"og:locale\" content=\"es_MX\" \/>\n<meta property=\"og:type\" content=\"article\" \/>\n<meta property=\"og:title\" content=\"Buy Juvederm Ultra 2 (2 x 0.55ml) - Fillers from My Lip Filler\" \/>\n<meta property=\"og:description\" content=\"\u2765Buy Juvederm Ultra 2 (2 x 0.55ml) \u23e9 My Lip Filler online store \u27a6 Quality assurance, reviews, ingredients, best prices!\" \/>\n<meta property=\"og:url\" content=\"https:\/\/mylipfiller.com\/es\/juvederm-ultra-2-2-x-0-55ml\/\" \/>\n<meta property=\"og:site_name\" content=\"My Lip Filler\" \/>\n<meta property=\"article:modified_time\" content=\"2024-03-08T16:38:30+00:00\" \/>\n<meta property=\"og:image\" content=\"https:\/\/cdn.mylipfiller.com\/wp-content\/uploads\/2020\/06\/Juvederm-Ultra-2.jpg\" \/>\n\t<meta property=\"og:image:width\" content=\"600\" \/>\n\t<meta property=\"og:image:height\" content=\"600\" \/>\n\t<meta property=\"og:image:type\" content=\"image\/jpeg\" \/>\n<meta name=\"twitter:card\" content=\"summary_large_image\" \/>\n<meta name=\"twitter:label1\" content=\"Tiempo de lectura\" \/>\n\t<meta name=\"twitter:data1\" content=\"2 minutos\" \/>\n<script type=\"application\/ld+json\" class=\"yoast-schema-graph\">{\"@context\":\"https:\\\/\\\/schema.org\",\"@graph\":[{\"@type\":\"WebPage\",\"@id\":\"https:\\\/\\\/mylipfiller.com\\\/juvederm-ultra-2-2-x-0-55ml\\\/\",\"url\":\"https:\\\/\\\/mylipfiller.com\\\/juvederm-ultra-2-2-x-0-55ml\\\/\",\"name\":\"Buy Juvederm Ultra 2 (2 x 0.55ml) - Fillers from My Lip Filler\",\"isPartOf\":{\"@id\":\"https:\\\/\\\/mylipfiller.com\\\/#website\"},\"primaryImageOfPage\":{\"@id\":\"https:\\\/\\\/mylipfiller.com\\\/juvederm-ultra-2-2-x-0-55ml\\\/#primaryimage\"},\"image\":{\"@id\":\"https:\\\/\\\/mylipfiller.com\\\/juvederm-ultra-2-2-x-0-55ml\\\/#primaryimage\"},\"thumbnailUrl\":\"https:\\\/\\\/mylipfiller.com\\\/wp-content\\\/uploads\\\/2020\\\/06\\\/Juvederm-Ultra-2.jpg\",\"datePublished\":\"2020-06-18T12:28:42+00:00\",\"dateModified\":\"2024-03-08T16:38:30+00:00\",\"description\":\"\u2765Buy Juvederm Ultra 2 (2 x 0.55ml) \u23e9 My Lip Filler online store \u27a6 Quality assurance, reviews, ingredients, best prices!\",\"breadcrumb\":{\"@id\":\"https:\\\/\\\/mylipfiller.com\\\/juvederm-ultra-2-2-x-0-55ml\\\/#breadcrumb\"},\"inLanguage\":\"es\",\"potentialAction\":[{\"@type\":\"ReadAction\",\"target\":[\"https:\\\/\\\/mylipfiller.com\\\/juvederm-ultra-2-2-x-0-55ml\\\/\"]}]},{\"@type\":\"ImageObject\",\"inLanguage\":\"es\",\"@id\":\"https:\\\/\\\/mylipfiller.com\\\/juvederm-ultra-2-2-x-0-55ml\\\/#primaryimage\",\"url\":\"https:\\\/\\\/mylipfiller.com\\\/wp-content\\\/uploads\\\/2020\\\/06\\\/Juvederm-Ultra-2.jpg\",\"contentUrl\":\"https:\\\/\\\/mylipfiller.com\\\/wp-content\\\/uploads\\\/2020\\\/06\\\/Juvederm-Ultra-2.jpg\",\"width\":600,\"height\":600,\"caption\":\"Juvederm Ultra 2\"},{\"@type\":\"BreadcrumbList\",\"@id\":\"https:\\\/\\\/mylipfiller.com\\\/juvederm-ultra-2-2-x-0-55ml\\\/#breadcrumb\",\"itemListElement\":[{\"@type\":\"ListItem\",\"position\":1,\"name\":\"Home\",\"item\":\"https:\\\/\\\/mylipfiller.com\\\/\"},{\"@type\":\"ListItem\",\"position\":2,\"name\":\"Shop\",\"item\":\"https:\\\/\\\/mylipfiller.com\\\/shop\\\/\"},{\"@type\":\"ListItem\",\"position\":3,\"name\":\"Juvederm Ultra 2 (2 x 0.55ml)\"}]},{\"@type\":\"WebSite\",\"@id\":\"https:\\\/\\\/mylipfiller.com\\\/#website\",\"url\":\"https:\\\/\\\/mylipfiller.com\\\/\",\"name\":\"My Lip Filler\",\"description\":\"Hyaluronic Acid Lip and Dermal Fillers\",\"publisher\":{\"@id\":\"https:\\\/\\\/mylipfiller.com\\\/#organization\"},\"potentialAction\":[{\"@type\":\"SearchAction\",\"target\":{\"@type\":\"EntryPoint\",\"urlTemplate\":\"https:\\\/\\\/mylipfiller.com\\\/?s={search_term_string}\"},\"query-input\":{\"@type\":\"PropertyValueSpecification\",\"valueRequired\":true,\"valueName\":\"search_term_string\"}}],\"inLanguage\":\"es\"},{\"@type\":\"Organization\",\"@id\":\"https:\\\/\\\/mylipfiller.com\\\/#organization\",\"name\":\"My Lip Filler\",\"url\":\"https:\\\/\\\/mylipfiller.com\\\/\",\"logo\":{\"@type\":\"ImageObject\",\"inLanguage\":\"es\",\"@id\":\"https:\\\/\\\/mylipfiller.com\\\/#\\\/schema\\\/logo\\\/image\\\/\",\"url\":\"https:\\\/\\\/mylipfiller.com\\\/wp-content\\\/uploads\\\/2019\\\/02\\\/cropped-My-Lip-Filler-Logo.png\",\"contentUrl\":\"https:\\\/\\\/mylipfiller.com\\\/wp-content\\\/uploads\\\/2019\\\/02\\\/cropped-My-Lip-Filler-Logo.png\",\"width\":240,\"height\":88,\"caption\":\"My Lip Filler\"},\"image\":{\"@id\":\"https:\\\/\\\/mylipfiller.com\\\/#\\\/schema\\\/logo\\\/image\\\/\"}}]}<\/script>\n<!-- \/ Yoast SEO plugin. -->","yoast_head_json":{"title":"Compre Juvederm Ultra 2 (2 x 0,55 ml) - Rellenos de My Lip Filler","description":"\u2765Compra Juvederm Ultra 2 (2 x 0,55 ml) \u23e9 Tienda online My Lip Filler \u27a6 Garant\u00eda de calidad, rese\u00f1as, ingredientes, \u00a1los mejores precios!","robots":{"index":"index","follow":"follow","max-snippet":"max-snippet:-1","max-image-preview":"max-image-preview:large","max-video-preview":"max-video-preview:-1"},"canonical":"https:\/\/mylipfiller.com\/es\/juvederm-ultra-2-2-x-0-55ml\/","og_locale":"es_MX","og_type":"article","og_title":"Buy Juvederm Ultra 2 (2 x 0.55ml) - Fillers from My Lip Filler","og_description":"\u2765Buy Juvederm Ultra 2 (2 x 0.55ml) \u23e9 My Lip Filler online store \u27a6 Quality assurance, reviews, ingredients, best prices!","og_url":"https:\/\/mylipfiller.com\/es\/juvederm-ultra-2-2-x-0-55ml\/","og_site_name":"My Lip Filler","article_modified_time":"2024-03-08T16:38:30+00:00","og_image":[{"width":600,"height":600,"url":"https:\/\/cdn.mylipfiller.com\/wp-content\/uploads\/2020\/06\/Juvederm-Ultra-2.jpg","type":"image\/jpeg"}],"twitter_card":"summary_large_image","twitter_misc":{"Tiempo de lectura":"2 minutos"},"schema":{"@context":"https:\/\/schema.org","@graph":[{"@type":"WebPage","@id":"https:\/\/mylipfiller.com\/juvederm-ultra-2-2-x-0-55ml\/","url":"https:\/\/mylipfiller.com\/juvederm-ultra-2-2-x-0-55ml\/","name":"Compre Juvederm Ultra 2 (2 x 0,55 ml) - Rellenos de My Lip Filler","isPartOf":{"@id":"https:\/\/mylipfiller.com\/#website"},"primaryImageOfPage":{"@id":"https:\/\/mylipfiller.com\/juvederm-ultra-2-2-x-0-55ml\/#primaryimage"},"image":{"@id":"https:\/\/mylipfiller.com\/juvederm-ultra-2-2-x-0-55ml\/#primaryimage"},"thumbnailUrl":"https:\/\/cdn.mylipfiller.com\/wp-content\/uploads\/2020\/06\/Juvederm-Ultra-2.jpg","datePublished":"2020-06-18T12:28:42+00:00","dateModified":"2024-03-08T16:38:30+00:00","description":"\u2765Compra Juvederm Ultra 2 (2 x 0,55 ml) \u23e9 Tienda online My Lip Filler \u27a6 Garant\u00eda de calidad, rese\u00f1as, ingredientes, \u00a1los mejores precios!","breadcrumb":{"@id":"https:\/\/mylipfiller.com\/juvederm-ultra-2-2-x-0-55ml\/#breadcrumb"},"inLanguage":"es","potentialAction":[{"@type":"ReadAction","target":["https:\/\/mylipfiller.com\/juvederm-ultra-2-2-x-0-55ml\/"]}]},{"@type":"ImageObject","inLanguage":"es","@id":"https:\/\/mylipfiller.com\/juvederm-ultra-2-2-x-0-55ml\/#primaryimage","url":"https:\/\/cdn.mylipfiller.com\/wp-content\/uploads\/2020\/06\/Juvederm-Ultra-2.jpg","contentUrl":"https:\/\/cdn.mylipfiller.com\/wp-content\/uploads\/2020\/06\/Juvederm-Ultra-2.jpg","width":600,"height":600,"caption":"Juvederm Ultra 2"},{"@type":"BreadcrumbList","@id":"https:\/\/mylipfiller.com\/juvederm-ultra-2-2-x-0-55ml\/#breadcrumb","itemListElement":[{"@type":"ListItem","position":1,"name":"Home","item":"https:\/\/mylipfiller.com\/"},{"@type":"ListItem","position":2,"name":"Shop","item":"https:\/\/mylipfiller.com\/shop\/"},{"@type":"ListItem","position":3,"name":"Juvederm Ultra 2 (2 x 0.55ml)"}]},{"@type":"WebSite","@id":"https:\/\/mylipfiller.com\/#website","url":"https:\/\/mylipfiller.com\/","name":"Mi relleno de labios","description":"Rellenos d\u00e9rmicos y de labios con \u00e1cido hialur\u00f3nico","publisher":{"@id":"https:\/\/mylipfiller.com\/#organization"},"potentialAction":[{"@type":"SearchAction","target":{"@type":"EntryPoint","urlTemplate":"https:\/\/mylipfiller.com\/?s={search_term_string}"},"query-input":{"@type":"PropertyValueSpecification","valueRequired":true,"valueName":"search_term_string"}}],"inLanguage":"es"},{"@type":"Organization","@id":"https:\/\/mylipfiller.com\/#organization","name":"Mi relleno de labios","url":"https:\/\/mylipfiller.com\/","logo":{"@type":"ImageObject","inLanguage":"es","@id":"https:\/\/mylipfiller.com\/#\/schema\/logo\/image\/","url":"https:\/\/cdn.mylipfiller.com\/wp-content\/uploads\/2019\/02\/cropped-My-Lip-Filler-Logo.png","contentUrl":"https:\/\/cdn.mylipfiller.com\/wp-content\/uploads\/2019\/02\/cropped-My-Lip-Filler-Logo.png","width":240,"height":88,"caption":"My Lip Filler"},"image":{"@id":"https:\/\/mylipfiller.com\/#\/schema\/logo\/image\/"}}]}},"_links":{"self":[{"href":"https:\/\/mylipfiller.com\/es\/wp-json\/wp\/v2\/product\/17608","targetHints":{"allow":["GET"]}}],"collection":[{"href":"https:\/\/mylipfiller.com\/es\/wp-json\/wp\/v2\/product"}],"about":[{"href":"https:\/\/mylipfiller.com\/es\/wp-json\/wp\/v2\/types\/product"}],"wp:featuredmedia":[{"embeddable":true,"href":"https:\/\/mylipfiller.com\/es\/wp-json\/wp\/v2\/media\/17620"}],"wp:attachment":[{"href":"https:\/\/mylipfiller.com\/es\/wp-json\/wp\/v2\/media?parent=17608"}],"wp:term":[{"taxonomy":"product_brand","embeddable":true,"href":"https:\/\/mylipfiller.com\/es\/wp-json\/wp\/v2\/product_brand?post=17608"},{"taxonomy":"product_cat","embeddable":true,"href":"https:\/\/mylipfiller.com\/es\/wp-json\/wp\/v2\/product_cat?post=17608"},{"taxonomy":"product_tag","embeddable":true,"href":"https:\/\/mylipfiller.com\/es\/wp-json\/wp\/v2\/product_tag?post=17608"}],"curies":[{"name":"gracias","href":"https:\/\/api.w.org\/{rel}","templated":true}]}}