{"id":17609,"date":"2020-06-18T14:29:13","date_gmt":"2020-06-18T12:29:13","guid":{"rendered":"https:\/\/mylipfiller.com\/?post_type=product&#038;p=17609"},"modified":"2024-03-08T18:38:24","modified_gmt":"2024-03-08T16:38:24","slug":"juvederm-ultra-smile-2-x-0-55ml","status":"publish","type":"product","link":"https:\/\/mylipfiller.com\/es\/juvederm-ultra-smile-2-x-0-55ml\/","title":{"rendered":"Juvederm Ultra Smile (2 x 0,55 ml)"},"content":{"rendered":"<p>Como todos los dem\u00e1s productos de la l\u00ednea Ultra de Juvederm de Allergan, Ultra Smile est\u00e1 elaborado con los mejores ingredientes, en cuyo centro se encuentra el \u00e1cido hialur\u00f3nico. Natural para el cuerpo humano, que juega un papel central en la hidrataci\u00f3n de la piel, este relleno utiliza una forma sint\u00e9tica del mismo (que es completamente segura y biocompatible) con estructura reticulada, para asegurar resultados naturales y duraderos. que es completamente indistinguible de los tejidos reales.<\/p>\n<h3>\u00bfD\u00f3nde se puede inyectar Juvederm Ultra Smile?<\/h3>\n<p>Como su nombre indica, este relleno de \u00e1cido hialur\u00f3nico se aplica en el \u00e1rea de la boca, con el foco principal en los labios. Con Ultra Smile, los dermat\u00f3logos pueden:<\/p>\n<ul>\n<li>Mejora notablemente el volumen de los labios del paciente.<\/li>\n<li>Da forma y esculpe la forma y las l\u00edneas de los labios para obtener mejores resultados.<\/li>\n<li>Cuida las arrugas de las comisuras de la boca, especialmente t\u00edpicas de los fumadores.<\/li>\n<li>Cuida las l\u00edneas de marionetas moderadamente profundas<\/li>\n<\/ul>\n<p>En manos de un buen profesional, un paquete de Juvederm Ultra Smile puede hacer milagros para los labios de los pacientes. El producto viene en dos jeringas de 0.55ml cada una, lo que permite intervenciones m\u00e1s delicadas y m\u00ednimas en el \u00e1rea de los labios sin usar la totalidad del producto, dando un mejor control, permitiendo a los m\u00e9dicos hacer tanto retoques suaves de los labios como mejoras sustanciales y notables. en volumen y forma.<\/p>","protected":false},"excerpt":{"rendered":"<p>Juvederm Ultra Smile puede considerarse una versi\u00f3n mejorada de Ultra 3. Tomando lo que ya es uno de los mejores rellenos de labios del mercado, Allerga ha mejorado a\u00fan m\u00e1s la f\u00f3rmula de Ultra Smile, bas\u00e1ndose en el producto de base HA, para lograr el gel de inyecci\u00f3n de realce de labios absolutamente superior que est\u00e1 disponible en el mercado. Juvederm Ultra Smil proporciona a los pacientes resultados duraderos de hasta un a\u00f1o de volumen adicional, forma mejorada y sin arrugas alrededor de las comisuras de la boca.<\/p>","protected":false},"featured_media":17615,"template":"","meta":{"_acf_changed":false},"product_brand":[],"product_cat":[170,89,67,33],"product_tag":[90,111,136,151,133,107,134,120,116],"class_list":{"0":"post-17609","1":"product","2":"type-product","3":"status-publish","4":"has-post-thumbnail","6":"product_cat-allergan","7":"product_cat-big-holiday-sale","8":"product_cat-juvederm","9":"product_cat-lip","10":"product_tag-90","11":"product_tag-face","12":"product_tag-france","13":"product_tag-hyaluronic-acid-ha-fillers","14":"product_tag-marionette-lines","15":"product_tag-nasolabial-folds","16":"product_tag-small-lips","17":"product_tag-up-to-12-months","18":"product_tag-with-lidocaine","20":"first","21":"instock","22":"taxable","23":"shipping-taxable","24":"product-type-simple"},"acf":[],"yoast_head":"<!-- This site is optimized with the Yoast SEO plugin v27.2 - https:\/\/yoast.com\/product\/yoast-seo-wordpress\/ -->\n<title>Buy Juvederm Ultra Smile (2 x 0.55ml) - Fillers from My Lip Filler<\/title>\n<meta name=\"description\" content=\"\u2765Buy Juvederm Ultra Smile (2 x 0.55ml) \u23e9 My Lip Filler online store \u27a6 Quality assurance, reviews, ingredients, best prices!\" \/>\n<meta name=\"robots\" content=\"index, follow, max-snippet:-1, max-image-preview:large, max-video-preview:-1\" \/>\n<link rel=\"canonical\" href=\"https:\/\/mylipfiller.com\/es\/juvederm-ultra-smile-2-x-0-55ml\/\" \/>\n<meta property=\"og:locale\" content=\"es_MX\" \/>\n<meta property=\"og:type\" content=\"article\" \/>\n<meta property=\"og:title\" content=\"Buy Juvederm Ultra Smile (2 x 0.55ml) - Fillers from My Lip Filler\" \/>\n<meta property=\"og:description\" content=\"\u2765Buy Juvederm Ultra Smile (2 x 0.55ml) \u23e9 My Lip Filler online store \u27a6 Quality assurance, reviews, ingredients, best prices!\" \/>\n<meta property=\"og:url\" content=\"https:\/\/mylipfiller.com\/es\/juvederm-ultra-smile-2-x-0-55ml\/\" \/>\n<meta property=\"og:site_name\" content=\"My Lip Filler\" \/>\n<meta property=\"article:modified_time\" content=\"2024-03-08T16:38:24+00:00\" \/>\n<meta property=\"og:image\" content=\"https:\/\/cdn.mylipfiller.com\/wp-content\/uploads\/2020\/06\/Juvederm-Ultra-Smile.jpg\" \/>\n\t<meta property=\"og:image:width\" content=\"600\" \/>\n\t<meta property=\"og:image:height\" content=\"600\" \/>\n\t<meta property=\"og:image:type\" content=\"image\/jpeg\" \/>\n<meta name=\"twitter:card\" content=\"summary_large_image\" \/>\n<meta name=\"twitter:label1\" content=\"Tiempo de lectura\" \/>\n\t<meta name=\"twitter:data1\" content=\"2 minutos\" \/>\n<script type=\"application\/ld+json\" class=\"yoast-schema-graph\">{\"@context\":\"https:\/\/schema.org\",\"@graph\":[{\"@type\":\"WebPage\",\"@id\":\"https:\/\/mylipfiller.com\/juvederm-ultra-smile-2-x-0-55ml\/\",\"url\":\"https:\/\/mylipfiller.com\/juvederm-ultra-smile-2-x-0-55ml\/\",\"name\":\"Buy Juvederm Ultra Smile (2 x 0.55ml) - Fillers from My Lip Filler\",\"isPartOf\":{\"@id\":\"https:\/\/mylipfiller.com\/#website\"},\"primaryImageOfPage\":{\"@id\":\"https:\/\/mylipfiller.com\/juvederm-ultra-smile-2-x-0-55ml\/#primaryimage\"},\"image\":{\"@id\":\"https:\/\/mylipfiller.com\/juvederm-ultra-smile-2-x-0-55ml\/#primaryimage\"},\"thumbnailUrl\":\"https:\/\/cdn.mylipfiller.com\/wp-content\/uploads\/2020\/06\/Juvederm-Ultra-Smile.jpg\",\"datePublished\":\"2020-06-18T12:29:13+00:00\",\"dateModified\":\"2024-03-08T16:38:24+00:00\",\"description\":\"\u2765Buy Juvederm Ultra Smile (2 x 0.55ml) \u23e9 My Lip Filler online store \u27a6 Quality assurance, reviews, ingredients, best prices!\",\"breadcrumb\":{\"@id\":\"https:\/\/mylipfiller.com\/juvederm-ultra-smile-2-x-0-55ml\/#breadcrumb\"},\"inLanguage\":\"es\",\"potentialAction\":[{\"@type\":\"ReadAction\",\"target\":[\"https:\/\/mylipfiller.com\/juvederm-ultra-smile-2-x-0-55ml\/\"]}]},{\"@type\":\"ImageObject\",\"inLanguage\":\"es\",\"@id\":\"https:\/\/mylipfiller.com\/juvederm-ultra-smile-2-x-0-55ml\/#primaryimage\",\"url\":\"https:\/\/cdn.mylipfiller.com\/wp-content\/uploads\/2020\/06\/Juvederm-Ultra-Smile.jpg\",\"contentUrl\":\"https:\/\/cdn.mylipfiller.com\/wp-content\/uploads\/2020\/06\/Juvederm-Ultra-Smile.jpg\",\"width\":600,\"height\":600,\"caption\":\"Juvederm Ultra Smile\"},{\"@type\":\"BreadcrumbList\",\"@id\":\"https:\/\/mylipfiller.com\/juvederm-ultra-smile-2-x-0-55ml\/#breadcrumb\",\"itemListElement\":[{\"@type\":\"ListItem\",\"position\":1,\"name\":\"Home\",\"item\":\"https:\/\/mylipfiller.com\/\"},{\"@type\":\"ListItem\",\"position\":2,\"name\":\"Shop\",\"item\":\"https:\/\/mylipfiller.com\/shop\/\"},{\"@type\":\"ListItem\",\"position\":3,\"name\":\"Juvederm Ultra Smile (2 x 0.55ml)\"}]},{\"@type\":\"WebSite\",\"@id\":\"https:\/\/mylipfiller.com\/#website\",\"url\":\"https:\/\/mylipfiller.com\/\",\"name\":\"My Lip Filler\",\"description\":\"Hyaluronic Acid Lip and Dermal Fillers\",\"publisher\":{\"@id\":\"https:\/\/mylipfiller.com\/#organization\"},\"potentialAction\":[{\"@type\":\"SearchAction\",\"target\":{\"@type\":\"EntryPoint\",\"urlTemplate\":\"https:\/\/mylipfiller.com\/?s={search_term_string}\"},\"query-input\":{\"@type\":\"PropertyValueSpecification\",\"valueRequired\":true,\"valueName\":\"search_term_string\"}}],\"inLanguage\":\"es\"},{\"@type\":\"Organization\",\"@id\":\"https:\/\/mylipfiller.com\/#organization\",\"name\":\"My Lip Filler\",\"url\":\"https:\/\/mylipfiller.com\/\",\"logo\":{\"@type\":\"ImageObject\",\"inLanguage\":\"es\",\"@id\":\"https:\/\/mylipfiller.com\/#\/schema\/logo\/image\/\",\"url\":\"https:\/\/cdn.mylipfiller.com\/wp-content\/uploads\/2019\/02\/cropped-My-Lip-Filler-Logo.png\",\"contentUrl\":\"https:\/\/cdn.mylipfiller.com\/wp-content\/uploads\/2019\/02\/cropped-My-Lip-Filler-Logo.png\",\"width\":240,\"height\":88,\"caption\":\"My Lip Filler\"},\"image\":{\"@id\":\"https:\/\/mylipfiller.com\/#\/schema\/logo\/image\/\"}}]}<\/script>\n<!-- \/ Yoast SEO plugin. -->","yoast_head_json":{"title":"Compre Juvederm Ultra Smile (2 x 0,55 ml) - Rellenos de My Lip Filler","description":"\u2765Compre Juvederm Ultra Smile (2 x 0,55 ml) \u23e9 Tienda online My Lip Filler \u27a6 Garant\u00eda de calidad, rese\u00f1as, ingredientes, \u00a1los mejores precios!","robots":{"index":"index","follow":"follow","max-snippet":"max-snippet:-1","max-image-preview":"max-image-preview:large","max-video-preview":"max-video-preview:-1"},"canonical":"https:\/\/mylipfiller.com\/es\/juvederm-ultra-smile-2-x-0-55ml\/","og_locale":"es_MX","og_type":"article","og_title":"Buy Juvederm Ultra Smile (2 x 0.55ml) - Fillers from My Lip Filler","og_description":"\u2765Buy Juvederm Ultra Smile (2 x 0.55ml) \u23e9 My Lip Filler online store \u27a6 Quality assurance, reviews, ingredients, best prices!","og_url":"https:\/\/mylipfiller.com\/es\/juvederm-ultra-smile-2-x-0-55ml\/","og_site_name":"My Lip Filler","article_modified_time":"2024-03-08T16:38:24+00:00","og_image":[{"width":600,"height":600,"url":"https:\/\/cdn.mylipfiller.com\/wp-content\/uploads\/2020\/06\/Juvederm-Ultra-Smile.jpg","type":"image\/jpeg"}],"twitter_card":"summary_large_image","twitter_misc":{"Tiempo de lectura":"2 minutos"},"schema":{"@context":"https:\/\/schema.org","@graph":[{"@type":"WebPage","@id":"https:\/\/mylipfiller.com\/juvederm-ultra-smile-2-x-0-55ml\/","url":"https:\/\/mylipfiller.com\/juvederm-ultra-smile-2-x-0-55ml\/","name":"Compre Juvederm Ultra Smile (2 x 0,55 ml) - Rellenos de My Lip Filler","isPartOf":{"@id":"https:\/\/mylipfiller.com\/#website"},"primaryImageOfPage":{"@id":"https:\/\/mylipfiller.com\/juvederm-ultra-smile-2-x-0-55ml\/#primaryimage"},"image":{"@id":"https:\/\/mylipfiller.com\/juvederm-ultra-smile-2-x-0-55ml\/#primaryimage"},"thumbnailUrl":"https:\/\/cdn.mylipfiller.com\/wp-content\/uploads\/2020\/06\/Juvederm-Ultra-Smile.jpg","datePublished":"2020-06-18T12:29:13+00:00","dateModified":"2024-03-08T16:38:24+00:00","description":"\u2765Compre Juvederm Ultra Smile (2 x 0,55 ml) \u23e9 Tienda online My Lip Filler \u27a6 Garant\u00eda de calidad, rese\u00f1as, ingredientes, \u00a1los mejores precios!","breadcrumb":{"@id":"https:\/\/mylipfiller.com\/juvederm-ultra-smile-2-x-0-55ml\/#breadcrumb"},"inLanguage":"es","potentialAction":[{"@type":"ReadAction","target":["https:\/\/mylipfiller.com\/juvederm-ultra-smile-2-x-0-55ml\/"]}]},{"@type":"ImageObject","inLanguage":"es","@id":"https:\/\/mylipfiller.com\/juvederm-ultra-smile-2-x-0-55ml\/#primaryimage","url":"https:\/\/cdn.mylipfiller.com\/wp-content\/uploads\/2020\/06\/Juvederm-Ultra-Smile.jpg","contentUrl":"https:\/\/cdn.mylipfiller.com\/wp-content\/uploads\/2020\/06\/Juvederm-Ultra-Smile.jpg","width":600,"height":600,"caption":"Juvederm Ultra Smile"},{"@type":"BreadcrumbList","@id":"https:\/\/mylipfiller.com\/juvederm-ultra-smile-2-x-0-55ml\/#breadcrumb","itemListElement":[{"@type":"ListItem","position":1,"name":"Home","item":"https:\/\/mylipfiller.com\/"},{"@type":"ListItem","position":2,"name":"Shop","item":"https:\/\/mylipfiller.com\/shop\/"},{"@type":"ListItem","position":3,"name":"Juvederm Ultra Smile (2 x 0.55ml)"}]},{"@type":"WebSite","@id":"https:\/\/mylipfiller.com\/#website","url":"https:\/\/mylipfiller.com\/","name":"Mi relleno de labios","description":"Rellenos d\u00e9rmicos y de labios con \u00e1cido hialur\u00f3nico","publisher":{"@id":"https:\/\/mylipfiller.com\/#organization"},"potentialAction":[{"@type":"SearchAction","target":{"@type":"EntryPoint","urlTemplate":"https:\/\/mylipfiller.com\/?s={search_term_string}"},"query-input":{"@type":"PropertyValueSpecification","valueRequired":true,"valueName":"search_term_string"}}],"inLanguage":"es"},{"@type":"Organization","@id":"https:\/\/mylipfiller.com\/#organization","name":"Mi relleno de labios","url":"https:\/\/mylipfiller.com\/","logo":{"@type":"ImageObject","inLanguage":"es","@id":"https:\/\/mylipfiller.com\/#\/schema\/logo\/image\/","url":"https:\/\/cdn.mylipfiller.com\/wp-content\/uploads\/2019\/02\/cropped-My-Lip-Filler-Logo.png","contentUrl":"https:\/\/cdn.mylipfiller.com\/wp-content\/uploads\/2019\/02\/cropped-My-Lip-Filler-Logo.png","width":240,"height":88,"caption":"My Lip Filler"},"image":{"@id":"https:\/\/mylipfiller.com\/#\/schema\/logo\/image\/"}}]}},"_links":{"self":[{"href":"https:\/\/mylipfiller.com\/es\/wp-json\/wp\/v2\/product\/17609","targetHints":{"allow":["GET"]}}],"collection":[{"href":"https:\/\/mylipfiller.com\/es\/wp-json\/wp\/v2\/product"}],"about":[{"href":"https:\/\/mylipfiller.com\/es\/wp-json\/wp\/v2\/types\/product"}],"wp:featuredmedia":[{"embeddable":true,"href":"https:\/\/mylipfiller.com\/es\/wp-json\/wp\/v2\/media\/17615"}],"wp:attachment":[{"href":"https:\/\/mylipfiller.com\/es\/wp-json\/wp\/v2\/media?parent=17609"}],"wp:term":[{"taxonomy":"product_brand","embeddable":true,"href":"https:\/\/mylipfiller.com\/es\/wp-json\/wp\/v2\/product_brand?post=17609"},{"taxonomy":"product_cat","embeddable":true,"href":"https:\/\/mylipfiller.com\/es\/wp-json\/wp\/v2\/product_cat?post=17609"},{"taxonomy":"product_tag","embeddable":true,"href":"https:\/\/mylipfiller.com\/es\/wp-json\/wp\/v2\/product_tag?post=17609"}],"curies":[{"name":"gracias","href":"https:\/\/api.w.org\/{rel}","templated":true}]}}