{"id":17610,"date":"2020-06-18T14:32:19","date_gmt":"2020-06-18T12:32:19","guid":{"rendered":"https:\/\/mylipfiller.com\/?post_type=product&#038;p=17610"},"modified":"2024-03-08T18:38:18","modified_gmt":"2024-03-08T16:38:18","slug":"juvederm-volbella-2-x-1ml","status":"publish","type":"product","link":"https:\/\/mylipfiller.com\/es\/juvederm-volbella-2-x-1ml\/","title":{"rendered":"Juvederm Volbella (2 x 1 ml)"},"content":{"rendered":"<p>Lo que hace que Juvederm Volbella sea especial es lo que hace que toda la marca Vycross sea tan especial: la tecnolog\u00eda detr\u00e1s del producto. Normalmente, para lograr la estabilidad estructural necesaria del gel, los fabricantes utilizar\u00e1n una altura de peso molecular de hasta 100%. Allergan ha logrado desarrollar un relleno que al combinar \u00e1cido hialur\u00f3nico de bajo peso molecular 90% con solo 10% alto, logra exactamente el mismo efecto que otros inyectables, pero con mejores resultados, mayor duraci\u00f3n y gel m\u00e1s suave, lo que asegura menos molestias para los pacientes.<\/p>\n<p>\u00bfEn qu\u00e9 es mejor Juvederm Volbella?<\/p>\n<p>En breve:<\/p>\n<ul>\n<li>Labios<\/li>\n<li>Depresiones cut\u00e1neas de profundidad media<\/li>\n<li>Arrugas y l\u00edneas finas a moderadas<\/li>\n<\/ul>\n<p>La mayor\u00eda de los pacientes y m\u00e9dicos asocian a Volbella con el mejoramiento de los labios. Y por buenas razones, este es uno de los mejores rellenos de labios del mercado, comparable en calidad con el Ultra Smile de Allergan. Este relleno, sin embargo, es m\u00e1s suave, lo que lo convierte en la mejor soluci\u00f3n para las arrugas y l\u00edneas alrededor de la boca o la elecci\u00f3n para los pacientes que prefieren una sensaci\u00f3n m\u00e1s suave a sus labios realzados.<\/p>\n<p>\u00bfLa inyecci\u00f3n de la caba\u00f1a Volbella?<\/p>\n<p>No, es pr\u00e1cticamente indoloro. Por un lado, la tecnolog\u00eda espec\u00edfica utilizada hace que las part\u00edculas del \u00e1cido hialur\u00f3nico sean m\u00e1s peque\u00f1as y el relleno sea mucho m\u00e1s suave y con mejor viscosidad, lo que afecta en gran medida los niveles de dolor durante la inyecci\u00f3n. Adem\u00e1s, contiene lidoca\u00edna 0.3% que elimina cualquier posibilidad de malestar. El procedimiento no requiere tiempo de inactividad.<\/p>","protected":false},"excerpt":{"rendered":"<p>Juvederm Volbella es un relleno de labios y arrugas superficiales de primera calidad de Allergan. Un gel suave y f\u00e1cil de inyectar, con una experiencia sin dolor garantizada para el paciente, tratar\u00e1 de manera radical y eficaz las arrugas y l\u00edneas de la piel delicadas a moderadas, eliminando eficazmente los primeros signos del envejecimiento de la piel hasta por un a\u00f1o. A pesar de su menor concentraci\u00f3n de \u00e1cido hialur\u00f3nico (15 mg \/ ml), la tecnolog\u00eda especial utilizada permite que Juvederm Volbella sea m\u00e1s eficaz en otros rellenos moderadamente &quot;espesos&quot; que se venden en el mercado.<\/p>","protected":false},"featured_media":17616,"template":"","meta":{"_acf_changed":false},"product_brand":[],"product_cat":[170,89,67,33],"product_tag":[90,111,136,151,133,107,134,120,116],"class_list":{"0":"post-17610","1":"product","2":"type-product","3":"status-publish","4":"has-post-thumbnail","6":"product_cat-allergan","7":"product_cat-big-holiday-sale","8":"product_cat-juvederm","9":"product_cat-lip","10":"product_tag-90","11":"product_tag-face","12":"product_tag-france","13":"product_tag-hyaluronic-acid-ha-fillers","14":"product_tag-marionette-lines","15":"product_tag-nasolabial-folds","16":"product_tag-small-lips","17":"product_tag-up-to-12-months","18":"product_tag-with-lidocaine","20":"first","21":"instock","22":"taxable","23":"shipping-taxable","24":"purchasable","25":"product-type-simple"},"acf":[],"yoast_head":"<!-- This site is optimized with the Yoast SEO plugin v27.3 - https:\/\/yoast.com\/product\/yoast-seo-wordpress\/ -->\n<title>Buy Juvederm Volbella (2 x 1ml) - Fillers from My Lip Filler<\/title>\n<meta name=\"description\" content=\"\u2765Buy Juvederm Volbella (2 x 1ml) \u23e9 My Lip Filler online store \u27a6 Quality assurance, reviews, ingredients, best prices!\" \/>\n<meta name=\"robots\" content=\"index, follow, max-snippet:-1, max-image-preview:large, max-video-preview:-1\" \/>\n<link rel=\"canonical\" href=\"https:\/\/mylipfiller.com\/es\/juvederm-volbella-2-x-1ml\/\" \/>\n<meta property=\"og:locale\" content=\"es_MX\" \/>\n<meta property=\"og:type\" content=\"article\" \/>\n<meta property=\"og:title\" content=\"Buy Juvederm Volbella (2 x 1ml) - Fillers from My Lip Filler\" \/>\n<meta property=\"og:description\" content=\"\u2765Buy Juvederm Volbella (2 x 1ml) \u23e9 My Lip Filler online store \u27a6 Quality assurance, reviews, ingredients, best prices!\" \/>\n<meta property=\"og:url\" content=\"https:\/\/mylipfiller.com\/es\/juvederm-volbella-2-x-1ml\/\" \/>\n<meta property=\"og:site_name\" content=\"My Lip Filler\" \/>\n<meta property=\"article:modified_time\" content=\"2024-03-08T16:38:18+00:00\" \/>\n<meta property=\"og:image\" content=\"https:\/\/cdn.mylipfiller.com\/wp-content\/uploads\/2020\/06\/Juvederm-Volbella.jpg\" \/>\n\t<meta property=\"og:image:width\" content=\"600\" \/>\n\t<meta property=\"og:image:height\" content=\"600\" \/>\n\t<meta property=\"og:image:type\" content=\"image\/jpeg\" \/>\n<meta name=\"twitter:card\" content=\"summary_large_image\" \/>\n<meta name=\"twitter:label1\" content=\"Tiempo de lectura\" \/>\n\t<meta name=\"twitter:data1\" content=\"2 minutos\" \/>\n<script type=\"application\/ld+json\" class=\"yoast-schema-graph\">{\"@context\":\"https:\\\/\\\/schema.org\",\"@graph\":[{\"@type\":\"WebPage\",\"@id\":\"https:\\\/\\\/mylipfiller.com\\\/juvederm-volbella-2-x-1ml\\\/\",\"url\":\"https:\\\/\\\/mylipfiller.com\\\/juvederm-volbella-2-x-1ml\\\/\",\"name\":\"Buy Juvederm Volbella (2 x 1ml) - Fillers from My Lip Filler\",\"isPartOf\":{\"@id\":\"https:\\\/\\\/mylipfiller.com\\\/#website\"},\"primaryImageOfPage\":{\"@id\":\"https:\\\/\\\/mylipfiller.com\\\/juvederm-volbella-2-x-1ml\\\/#primaryimage\"},\"image\":{\"@id\":\"https:\\\/\\\/mylipfiller.com\\\/juvederm-volbella-2-x-1ml\\\/#primaryimage\"},\"thumbnailUrl\":\"https:\\\/\\\/mylipfiller.com\\\/wp-content\\\/uploads\\\/2020\\\/06\\\/Juvederm-Volbella.jpg\",\"datePublished\":\"2020-06-18T12:32:19+00:00\",\"dateModified\":\"2024-03-08T16:38:18+00:00\",\"description\":\"\u2765Buy Juvederm Volbella (2 x 1ml) \u23e9 My Lip Filler online store \u27a6 Quality assurance, reviews, ingredients, best prices!\",\"breadcrumb\":{\"@id\":\"https:\\\/\\\/mylipfiller.com\\\/juvederm-volbella-2-x-1ml\\\/#breadcrumb\"},\"inLanguage\":\"es\",\"potentialAction\":[{\"@type\":\"ReadAction\",\"target\":[\"https:\\\/\\\/mylipfiller.com\\\/juvederm-volbella-2-x-1ml\\\/\"]}]},{\"@type\":\"ImageObject\",\"inLanguage\":\"es\",\"@id\":\"https:\\\/\\\/mylipfiller.com\\\/juvederm-volbella-2-x-1ml\\\/#primaryimage\",\"url\":\"https:\\\/\\\/mylipfiller.com\\\/wp-content\\\/uploads\\\/2020\\\/06\\\/Juvederm-Volbella.jpg\",\"contentUrl\":\"https:\\\/\\\/mylipfiller.com\\\/wp-content\\\/uploads\\\/2020\\\/06\\\/Juvederm-Volbella.jpg\",\"width\":600,\"height\":600,\"caption\":\"Juvederm Volbella\"},{\"@type\":\"BreadcrumbList\",\"@id\":\"https:\\\/\\\/mylipfiller.com\\\/juvederm-volbella-2-x-1ml\\\/#breadcrumb\",\"itemListElement\":[{\"@type\":\"ListItem\",\"position\":1,\"name\":\"Home\",\"item\":\"https:\\\/\\\/mylipfiller.com\\\/\"},{\"@type\":\"ListItem\",\"position\":2,\"name\":\"Shop\",\"item\":\"https:\\\/\\\/mylipfiller.com\\\/shop\\\/\"},{\"@type\":\"ListItem\",\"position\":3,\"name\":\"Juvederm Volbella (2 x 1ml)\"}]},{\"@type\":\"WebSite\",\"@id\":\"https:\\\/\\\/mylipfiller.com\\\/#website\",\"url\":\"https:\\\/\\\/mylipfiller.com\\\/\",\"name\":\"My Lip Filler\",\"description\":\"Hyaluronic Acid Lip and Dermal Fillers\",\"publisher\":{\"@id\":\"https:\\\/\\\/mylipfiller.com\\\/#organization\"},\"potentialAction\":[{\"@type\":\"SearchAction\",\"target\":{\"@type\":\"EntryPoint\",\"urlTemplate\":\"https:\\\/\\\/mylipfiller.com\\\/?s={search_term_string}\"},\"query-input\":{\"@type\":\"PropertyValueSpecification\",\"valueRequired\":true,\"valueName\":\"search_term_string\"}}],\"inLanguage\":\"es\"},{\"@type\":\"Organization\",\"@id\":\"https:\\\/\\\/mylipfiller.com\\\/#organization\",\"name\":\"My Lip Filler\",\"url\":\"https:\\\/\\\/mylipfiller.com\\\/\",\"logo\":{\"@type\":\"ImageObject\",\"inLanguage\":\"es\",\"@id\":\"https:\\\/\\\/mylipfiller.com\\\/#\\\/schema\\\/logo\\\/image\\\/\",\"url\":\"https:\\\/\\\/mylipfiller.com\\\/wp-content\\\/uploads\\\/2019\\\/02\\\/cropped-My-Lip-Filler-Logo.png\",\"contentUrl\":\"https:\\\/\\\/mylipfiller.com\\\/wp-content\\\/uploads\\\/2019\\\/02\\\/cropped-My-Lip-Filler-Logo.png\",\"width\":240,\"height\":88,\"caption\":\"My Lip Filler\"},\"image\":{\"@id\":\"https:\\\/\\\/mylipfiller.com\\\/#\\\/schema\\\/logo\\\/image\\\/\"}}]}<\/script>\n<!-- \/ Yoast SEO plugin. -->","yoast_head_json":{"title":"Comprar Juvederm Volbella (2 x 1ml) - Rellenos de My Lip Filler","description":"\u2765Compra Juvederm Volbella (2 x 1ml) \u23e9 Tienda online My Lip Filler \u27a6 Garant\u00eda de calidad, rese\u00f1as, ingredientes, \u00a1los mejores precios!","robots":{"index":"index","follow":"follow","max-snippet":"max-snippet:-1","max-image-preview":"max-image-preview:large","max-video-preview":"max-video-preview:-1"},"canonical":"https:\/\/mylipfiller.com\/es\/juvederm-volbella-2-x-1ml\/","og_locale":"es_MX","og_type":"article","og_title":"Buy Juvederm Volbella (2 x 1ml) - Fillers from My Lip Filler","og_description":"\u2765Buy Juvederm Volbella (2 x 1ml) \u23e9 My Lip Filler online store \u27a6 Quality assurance, reviews, ingredients, best prices!","og_url":"https:\/\/mylipfiller.com\/es\/juvederm-volbella-2-x-1ml\/","og_site_name":"My Lip Filler","article_modified_time":"2024-03-08T16:38:18+00:00","og_image":[{"width":600,"height":600,"url":"https:\/\/cdn.mylipfiller.com\/wp-content\/uploads\/2020\/06\/Juvederm-Volbella.jpg","type":"image\/jpeg"}],"twitter_card":"summary_large_image","twitter_misc":{"Tiempo de lectura":"2 minutos"},"schema":{"@context":"https:\/\/schema.org","@graph":[{"@type":"WebPage","@id":"https:\/\/mylipfiller.com\/juvederm-volbella-2-x-1ml\/","url":"https:\/\/mylipfiller.com\/juvederm-volbella-2-x-1ml\/","name":"Comprar Juvederm Volbella (2 x 1ml) - Rellenos de My Lip Filler","isPartOf":{"@id":"https:\/\/mylipfiller.com\/#website"},"primaryImageOfPage":{"@id":"https:\/\/mylipfiller.com\/juvederm-volbella-2-x-1ml\/#primaryimage"},"image":{"@id":"https:\/\/mylipfiller.com\/juvederm-volbella-2-x-1ml\/#primaryimage"},"thumbnailUrl":"https:\/\/cdn.mylipfiller.com\/wp-content\/uploads\/2020\/06\/Juvederm-Volbella.jpg","datePublished":"2020-06-18T12:32:19+00:00","dateModified":"2024-03-08T16:38:18+00:00","description":"\u2765Compra Juvederm Volbella (2 x 1ml) \u23e9 Tienda online My Lip Filler \u27a6 Garant\u00eda de calidad, rese\u00f1as, ingredientes, \u00a1los mejores precios!","breadcrumb":{"@id":"https:\/\/mylipfiller.com\/juvederm-volbella-2-x-1ml\/#breadcrumb"},"inLanguage":"es","potentialAction":[{"@type":"ReadAction","target":["https:\/\/mylipfiller.com\/juvederm-volbella-2-x-1ml\/"]}]},{"@type":"ImageObject","inLanguage":"es","@id":"https:\/\/mylipfiller.com\/juvederm-volbella-2-x-1ml\/#primaryimage","url":"https:\/\/cdn.mylipfiller.com\/wp-content\/uploads\/2020\/06\/Juvederm-Volbella.jpg","contentUrl":"https:\/\/cdn.mylipfiller.com\/wp-content\/uploads\/2020\/06\/Juvederm-Volbella.jpg","width":600,"height":600,"caption":"Juvederm Volbella"},{"@type":"BreadcrumbList","@id":"https:\/\/mylipfiller.com\/juvederm-volbella-2-x-1ml\/#breadcrumb","itemListElement":[{"@type":"ListItem","position":1,"name":"Home","item":"https:\/\/mylipfiller.com\/"},{"@type":"ListItem","position":2,"name":"Shop","item":"https:\/\/mylipfiller.com\/shop\/"},{"@type":"ListItem","position":3,"name":"Juvederm Volbella (2 x 1ml)"}]},{"@type":"WebSite","@id":"https:\/\/mylipfiller.com\/#website","url":"https:\/\/mylipfiller.com\/","name":"Mi relleno de labios","description":"Rellenos d\u00e9rmicos y de labios con \u00e1cido hialur\u00f3nico","publisher":{"@id":"https:\/\/mylipfiller.com\/#organization"},"potentialAction":[{"@type":"SearchAction","target":{"@type":"EntryPoint","urlTemplate":"https:\/\/mylipfiller.com\/?s={search_term_string}"},"query-input":{"@type":"PropertyValueSpecification","valueRequired":true,"valueName":"search_term_string"}}],"inLanguage":"es"},{"@type":"Organization","@id":"https:\/\/mylipfiller.com\/#organization","name":"Mi relleno de labios","url":"https:\/\/mylipfiller.com\/","logo":{"@type":"ImageObject","inLanguage":"es","@id":"https:\/\/mylipfiller.com\/#\/schema\/logo\/image\/","url":"https:\/\/cdn.mylipfiller.com\/wp-content\/uploads\/2019\/02\/cropped-My-Lip-Filler-Logo.png","contentUrl":"https:\/\/cdn.mylipfiller.com\/wp-content\/uploads\/2019\/02\/cropped-My-Lip-Filler-Logo.png","width":240,"height":88,"caption":"My Lip Filler"},"image":{"@id":"https:\/\/mylipfiller.com\/#\/schema\/logo\/image\/"}}]}},"_links":{"self":[{"href":"https:\/\/mylipfiller.com\/es\/wp-json\/wp\/v2\/product\/17610","targetHints":{"allow":["GET"]}}],"collection":[{"href":"https:\/\/mylipfiller.com\/es\/wp-json\/wp\/v2\/product"}],"about":[{"href":"https:\/\/mylipfiller.com\/es\/wp-json\/wp\/v2\/types\/product"}],"wp:featuredmedia":[{"embeddable":true,"href":"https:\/\/mylipfiller.com\/es\/wp-json\/wp\/v2\/media\/17616"}],"wp:attachment":[{"href":"https:\/\/mylipfiller.com\/es\/wp-json\/wp\/v2\/media?parent=17610"}],"wp:term":[{"taxonomy":"product_brand","embeddable":true,"href":"https:\/\/mylipfiller.com\/es\/wp-json\/wp\/v2\/product_brand?post=17610"},{"taxonomy":"product_cat","embeddable":true,"href":"https:\/\/mylipfiller.com\/es\/wp-json\/wp\/v2\/product_cat?post=17610"},{"taxonomy":"product_tag","embeddable":true,"href":"https:\/\/mylipfiller.com\/es\/wp-json\/wp\/v2\/product_tag?post=17610"}],"curies":[{"name":"gracias","href":"https:\/\/api.w.org\/{rel}","templated":true}]}}