{"id":17611,"date":"2020-06-18T14:34:19","date_gmt":"2020-06-18T12:34:19","guid":{"rendered":"https:\/\/mylipfiller.com\/?post_type=product&#038;p=17611"},"modified":"2024-03-08T18:38:13","modified_gmt":"2024-03-08T16:38:13","slug":"juvederm-volift-2-x-1ml","status":"publish","type":"product","link":"https:\/\/mylipfiller.com\/es\/juvederm-volift-2-x-1ml\/","title":{"rendered":"Juvederm Volift (2 x 1 ml)"},"content":{"rendered":"<p>Juvederm Volift viene en un paquete doble con dos jeringas de gel de \u00e1cido hialur\u00f3nico de 1 ml, con una concentraci\u00f3n de HA de 17 mg \/ ml y Lidoca\u00edna 0.3% agregada para aliviar a\u00fan m\u00e1s el dolor. Trabajar con filelr es extremadamente f\u00e1cil para un dermat\u00f3logo talentoso, ya que la f\u00f3rmula especial de Vycross, que combina 1 parte de mol\u00e9culas de HA de alto peso con 9 partes de bajo peso, asegura que el gel inyectado sea muy suave. Esto significa que las part\u00edculas de gel son muy peque\u00f1as en comparaci\u00f3n con otros rellenos para esculpir y la concentraci\u00f3n de HA se mantiene baja, pero el relleno d\u00e9rmico es de calidad superior.<\/p>\n<h3>\u00bfPara qu\u00e9 sirve Juvederm Volift?<\/h3>\n<p>La respuesta corta es: baja. Este es un relleno saludable con mayor espesor, lo que significa que se puede inyectar en una variedad de \u00e1reas de la cara con diferentes prop\u00f3sitos.<\/p>\n<ul>\n<li>Puede mejorar la forma de la barbilla, haci\u00e9ndola m\u00e1s pronunciada.<\/li>\n<li>El relleno puede esculpir eficazmente la l\u00ednea de la mand\u00edbula<\/li>\n<li>Con Juvederm Volift se puede agregar volumen extra a las mejillas<\/li>\n<li>Este gel HA tambi\u00e9n puede aumentar los p\u00f3mulos de forma eficaz.<\/li>\n<li>Los procedimientos menores de rinoplastia se pueden realizar con el relleno, como alternativa a la cirug\u00eda.<\/li>\n<li>Tambi\u00e9n es una excelente soluci\u00f3n de relleno para depresiones profundas de la piel como l\u00edneas de marioneta severas y pliegues nasolabiales.<\/li>\n<\/ul>\n<p>La inyecci\u00f3n real es un procedimiento de 20 a 30 minutos, que no implica tiempo de inactividad. Fuera o en ciertos pacientes como mujeres embarazadas y en per\u00edodo de lactancia o personas al\u00e9rgicas a uno de los componentes, Juvederm Volift es un producto completamente seguro, biocompatible y biodegradable.<\/p>","protected":false},"excerpt":{"rendered":"<p>Allergan es el l\u00edder absoluto en la industria cosm\u00e9tica, en t\u00e9rminos de calidad de productos inyectables. Y cuando se trata de rellenos d\u00e9rmicos, Juvederm es el est\u00e1ndar de oro. Por lo tanto, no es una sorpresa que Juvederm Volift se encuentre entre los mejores rellenos para esculpir faciales del mercado. Con resultados duraderos, excelente estabilidad del gel HA y procedimiento de inyecci\u00f3n sin dolor, esta es la mejor soluci\u00f3n para el aumento de \u00e1reas dif\u00edciles de inyectar como los p\u00f3mulos o la nariz.<\/p>","protected":false},"featured_media":17617,"template":"","meta":{"_acf_changed":false},"product_brand":[],"product_cat":[170,89,34,67,33],"product_tag":[90,123,111,136,118,151,133,142,107,134,120,122,124,116],"class_list":{"0":"post-17611","1":"product","2":"type-product","3":"status-publish","4":"has-post-thumbnail","6":"product_cat-allergan","7":"product_cat-big-holiday-sale","8":"product_cat-hard","9":"product_cat-juvederm","10":"product_cat-lip","11":"product_tag-90","12":"product_tag-asymmetry","13":"product_tag-face","14":"product_tag-france","15":"product_tag-high-density","16":"product_tag-hyaluronic-acid-ha-fillers","17":"product_tag-marionette-lines","18":"product_tag-modeling","19":"product_tag-nasolabial-folds","20":"product_tag-small-lips","21":"product_tag-up-to-12-months","22":"product_tag-up-to-18-months","23":"product_tag-volume","24":"product_tag-with-lidocaine","26":"first","27":"instock","28":"taxable","29":"shipping-taxable","30":"purchasable","31":"product-type-simple"},"acf":[],"yoast_head":"<!-- This site is optimized with the Yoast SEO plugin v27.3 - https:\/\/yoast.com\/product\/yoast-seo-wordpress\/ -->\n<title>Buy Juvederm Volift (2 x 1ml) - Fillers from My Lip Filler<\/title>\n<meta name=\"description\" content=\"\u2765Buy Juvederm Volift (2 x 1ml) \u23e9 My Lip Filler online store \u27a6 Quality assurance, reviews, ingredients, best prices!\" \/>\n<meta name=\"robots\" content=\"index, follow, max-snippet:-1, max-image-preview:large, max-video-preview:-1\" \/>\n<link rel=\"canonical\" href=\"https:\/\/mylipfiller.com\/es\/juvederm-volift-2-x-1ml\/\" \/>\n<meta property=\"og:locale\" content=\"es_MX\" \/>\n<meta property=\"og:type\" content=\"article\" \/>\n<meta property=\"og:title\" content=\"Buy Juvederm Volift (2 x 1ml) - Fillers from My Lip Filler\" \/>\n<meta property=\"og:description\" content=\"\u2765Buy Juvederm Volift (2 x 1ml) \u23e9 My Lip Filler online store \u27a6 Quality assurance, reviews, ingredients, best prices!\" \/>\n<meta property=\"og:url\" content=\"https:\/\/mylipfiller.com\/es\/juvederm-volift-2-x-1ml\/\" \/>\n<meta property=\"og:site_name\" content=\"My Lip Filler\" \/>\n<meta property=\"article:modified_time\" content=\"2024-03-08T16:38:13+00:00\" \/>\n<meta property=\"og:image\" content=\"https:\/\/cdn.mylipfiller.com\/wp-content\/uploads\/2020\/06\/Juvederm-Volift.jpg\" \/>\n\t<meta property=\"og:image:width\" content=\"600\" \/>\n\t<meta property=\"og:image:height\" content=\"600\" \/>\n\t<meta property=\"og:image:type\" content=\"image\/jpeg\" \/>\n<meta name=\"twitter:card\" content=\"summary_large_image\" \/>\n<meta name=\"twitter:label1\" content=\"Tiempo de lectura\" \/>\n\t<meta name=\"twitter:data1\" content=\"2 minutos\" \/>\n<script type=\"application\/ld+json\" class=\"yoast-schema-graph\">{\"@context\":\"https:\\\/\\\/schema.org\",\"@graph\":[{\"@type\":\"WebPage\",\"@id\":\"https:\\\/\\\/mylipfiller.com\\\/juvederm-volift-2-x-1ml\\\/\",\"url\":\"https:\\\/\\\/mylipfiller.com\\\/juvederm-volift-2-x-1ml\\\/\",\"name\":\"Buy Juvederm Volift (2 x 1ml) - Fillers from My Lip Filler\",\"isPartOf\":{\"@id\":\"https:\\\/\\\/mylipfiller.com\\\/#website\"},\"primaryImageOfPage\":{\"@id\":\"https:\\\/\\\/mylipfiller.com\\\/juvederm-volift-2-x-1ml\\\/#primaryimage\"},\"image\":{\"@id\":\"https:\\\/\\\/mylipfiller.com\\\/juvederm-volift-2-x-1ml\\\/#primaryimage\"},\"thumbnailUrl\":\"https:\\\/\\\/mylipfiller.com\\\/wp-content\\\/uploads\\\/2020\\\/06\\\/Juvederm-Volift.jpg\",\"datePublished\":\"2020-06-18T12:34:19+00:00\",\"dateModified\":\"2024-03-08T16:38:13+00:00\",\"description\":\"\u2765Buy Juvederm Volift (2 x 1ml) \u23e9 My Lip Filler online store \u27a6 Quality assurance, reviews, ingredients, best prices!\",\"breadcrumb\":{\"@id\":\"https:\\\/\\\/mylipfiller.com\\\/juvederm-volift-2-x-1ml\\\/#breadcrumb\"},\"inLanguage\":\"es\",\"potentialAction\":[{\"@type\":\"ReadAction\",\"target\":[\"https:\\\/\\\/mylipfiller.com\\\/juvederm-volift-2-x-1ml\\\/\"]}]},{\"@type\":\"ImageObject\",\"inLanguage\":\"es\",\"@id\":\"https:\\\/\\\/mylipfiller.com\\\/juvederm-volift-2-x-1ml\\\/#primaryimage\",\"url\":\"https:\\\/\\\/mylipfiller.com\\\/wp-content\\\/uploads\\\/2020\\\/06\\\/Juvederm-Volift.jpg\",\"contentUrl\":\"https:\\\/\\\/mylipfiller.com\\\/wp-content\\\/uploads\\\/2020\\\/06\\\/Juvederm-Volift.jpg\",\"width\":600,\"height\":600,\"caption\":\"Juvederm Volift\"},{\"@type\":\"BreadcrumbList\",\"@id\":\"https:\\\/\\\/mylipfiller.com\\\/juvederm-volift-2-x-1ml\\\/#breadcrumb\",\"itemListElement\":[{\"@type\":\"ListItem\",\"position\":1,\"name\":\"Home\",\"item\":\"https:\\\/\\\/mylipfiller.com\\\/\"},{\"@type\":\"ListItem\",\"position\":2,\"name\":\"Shop\",\"item\":\"https:\\\/\\\/mylipfiller.com\\\/shop\\\/\"},{\"@type\":\"ListItem\",\"position\":3,\"name\":\"Juvederm Volift (2 x 1ml)\"}]},{\"@type\":\"WebSite\",\"@id\":\"https:\\\/\\\/mylipfiller.com\\\/#website\",\"url\":\"https:\\\/\\\/mylipfiller.com\\\/\",\"name\":\"My Lip Filler\",\"description\":\"Hyaluronic Acid Lip and Dermal Fillers\",\"publisher\":{\"@id\":\"https:\\\/\\\/mylipfiller.com\\\/#organization\"},\"potentialAction\":[{\"@type\":\"SearchAction\",\"target\":{\"@type\":\"EntryPoint\",\"urlTemplate\":\"https:\\\/\\\/mylipfiller.com\\\/?s={search_term_string}\"},\"query-input\":{\"@type\":\"PropertyValueSpecification\",\"valueRequired\":true,\"valueName\":\"search_term_string\"}}],\"inLanguage\":\"es\"},{\"@type\":\"Organization\",\"@id\":\"https:\\\/\\\/mylipfiller.com\\\/#organization\",\"name\":\"My Lip Filler\",\"url\":\"https:\\\/\\\/mylipfiller.com\\\/\",\"logo\":{\"@type\":\"ImageObject\",\"inLanguage\":\"es\",\"@id\":\"https:\\\/\\\/mylipfiller.com\\\/#\\\/schema\\\/logo\\\/image\\\/\",\"url\":\"https:\\\/\\\/mylipfiller.com\\\/wp-content\\\/uploads\\\/2019\\\/02\\\/cropped-My-Lip-Filler-Logo.png\",\"contentUrl\":\"https:\\\/\\\/mylipfiller.com\\\/wp-content\\\/uploads\\\/2019\\\/02\\\/cropped-My-Lip-Filler-Logo.png\",\"width\":240,\"height\":88,\"caption\":\"My Lip Filler\"},\"image\":{\"@id\":\"https:\\\/\\\/mylipfiller.com\\\/#\\\/schema\\\/logo\\\/image\\\/\"}}]}<\/script>\n<!-- \/ Yoast SEO plugin. -->","yoast_head_json":{"title":"Comprar Juvederm Volift (2 x 1ml) - Rellenos de My Lip Filler","description":"\u2765Compra Juvederm Volift (2 x 1ml) \u23e9 Tienda online My Lip Filler \u27a6 Garant\u00eda de calidad, rese\u00f1as, ingredientes, \u00a1los mejores precios!","robots":{"index":"index","follow":"follow","max-snippet":"max-snippet:-1","max-image-preview":"max-image-preview:large","max-video-preview":"max-video-preview:-1"},"canonical":"https:\/\/mylipfiller.com\/es\/juvederm-volift-2-x-1ml\/","og_locale":"es_MX","og_type":"article","og_title":"Buy Juvederm Volift (2 x 1ml) - Fillers from My Lip Filler","og_description":"\u2765Buy Juvederm Volift (2 x 1ml) \u23e9 My Lip Filler online store \u27a6 Quality assurance, reviews, ingredients, best prices!","og_url":"https:\/\/mylipfiller.com\/es\/juvederm-volift-2-x-1ml\/","og_site_name":"My Lip Filler","article_modified_time":"2024-03-08T16:38:13+00:00","og_image":[{"width":600,"height":600,"url":"https:\/\/cdn.mylipfiller.com\/wp-content\/uploads\/2020\/06\/Juvederm-Volift.jpg","type":"image\/jpeg"}],"twitter_card":"summary_large_image","twitter_misc":{"Tiempo de lectura":"2 minutos"},"schema":{"@context":"https:\/\/schema.org","@graph":[{"@type":"WebPage","@id":"https:\/\/mylipfiller.com\/juvederm-volift-2-x-1ml\/","url":"https:\/\/mylipfiller.com\/juvederm-volift-2-x-1ml\/","name":"Comprar Juvederm Volift (2 x 1ml) - Rellenos de My Lip Filler","isPartOf":{"@id":"https:\/\/mylipfiller.com\/#website"},"primaryImageOfPage":{"@id":"https:\/\/mylipfiller.com\/juvederm-volift-2-x-1ml\/#primaryimage"},"image":{"@id":"https:\/\/mylipfiller.com\/juvederm-volift-2-x-1ml\/#primaryimage"},"thumbnailUrl":"https:\/\/cdn.mylipfiller.com\/wp-content\/uploads\/2020\/06\/Juvederm-Volift.jpg","datePublished":"2020-06-18T12:34:19+00:00","dateModified":"2024-03-08T16:38:13+00:00","description":"\u2765Compra Juvederm Volift (2 x 1ml) \u23e9 Tienda online My Lip Filler \u27a6 Garant\u00eda de calidad, rese\u00f1as, ingredientes, \u00a1los mejores precios!","breadcrumb":{"@id":"https:\/\/mylipfiller.com\/juvederm-volift-2-x-1ml\/#breadcrumb"},"inLanguage":"es","potentialAction":[{"@type":"ReadAction","target":["https:\/\/mylipfiller.com\/juvederm-volift-2-x-1ml\/"]}]},{"@type":"ImageObject","inLanguage":"es","@id":"https:\/\/mylipfiller.com\/juvederm-volift-2-x-1ml\/#primaryimage","url":"https:\/\/cdn.mylipfiller.com\/wp-content\/uploads\/2020\/06\/Juvederm-Volift.jpg","contentUrl":"https:\/\/cdn.mylipfiller.com\/wp-content\/uploads\/2020\/06\/Juvederm-Volift.jpg","width":600,"height":600,"caption":"Juvederm Volift"},{"@type":"BreadcrumbList","@id":"https:\/\/mylipfiller.com\/juvederm-volift-2-x-1ml\/#breadcrumb","itemListElement":[{"@type":"ListItem","position":1,"name":"Home","item":"https:\/\/mylipfiller.com\/"},{"@type":"ListItem","position":2,"name":"Shop","item":"https:\/\/mylipfiller.com\/shop\/"},{"@type":"ListItem","position":3,"name":"Juvederm Volift (2 x 1ml)"}]},{"@type":"WebSite","@id":"https:\/\/mylipfiller.com\/#website","url":"https:\/\/mylipfiller.com\/","name":"Mi relleno de labios","description":"Rellenos d\u00e9rmicos y de labios con \u00e1cido hialur\u00f3nico","publisher":{"@id":"https:\/\/mylipfiller.com\/#organization"},"potentialAction":[{"@type":"SearchAction","target":{"@type":"EntryPoint","urlTemplate":"https:\/\/mylipfiller.com\/?s={search_term_string}"},"query-input":{"@type":"PropertyValueSpecification","valueRequired":true,"valueName":"search_term_string"}}],"inLanguage":"es"},{"@type":"Organization","@id":"https:\/\/mylipfiller.com\/#organization","name":"Mi relleno de labios","url":"https:\/\/mylipfiller.com\/","logo":{"@type":"ImageObject","inLanguage":"es","@id":"https:\/\/mylipfiller.com\/#\/schema\/logo\/image\/","url":"https:\/\/cdn.mylipfiller.com\/wp-content\/uploads\/2019\/02\/cropped-My-Lip-Filler-Logo.png","contentUrl":"https:\/\/cdn.mylipfiller.com\/wp-content\/uploads\/2019\/02\/cropped-My-Lip-Filler-Logo.png","width":240,"height":88,"caption":"My Lip Filler"},"image":{"@id":"https:\/\/mylipfiller.com\/#\/schema\/logo\/image\/"}}]}},"_links":{"self":[{"href":"https:\/\/mylipfiller.com\/es\/wp-json\/wp\/v2\/product\/17611","targetHints":{"allow":["GET"]}}],"collection":[{"href":"https:\/\/mylipfiller.com\/es\/wp-json\/wp\/v2\/product"}],"about":[{"href":"https:\/\/mylipfiller.com\/es\/wp-json\/wp\/v2\/types\/product"}],"wp:featuredmedia":[{"embeddable":true,"href":"https:\/\/mylipfiller.com\/es\/wp-json\/wp\/v2\/media\/17617"}],"wp:attachment":[{"href":"https:\/\/mylipfiller.com\/es\/wp-json\/wp\/v2\/media?parent=17611"}],"wp:term":[{"taxonomy":"product_brand","embeddable":true,"href":"https:\/\/mylipfiller.com\/es\/wp-json\/wp\/v2\/product_brand?post=17611"},{"taxonomy":"product_cat","embeddable":true,"href":"https:\/\/mylipfiller.com\/es\/wp-json\/wp\/v2\/product_cat?post=17611"},{"taxonomy":"product_tag","embeddable":true,"href":"https:\/\/mylipfiller.com\/es\/wp-json\/wp\/v2\/product_tag?post=17611"}],"curies":[{"name":"gracias","href":"https:\/\/api.w.org\/{rel}","templated":true}]}}