{"id":17612,"date":"2020-06-18T14:36:09","date_gmt":"2020-06-18T12:36:09","guid":{"rendered":"https:\/\/mylipfiller.com\/?post_type=product&#038;p=17612"},"modified":"2024-03-20T19:08:44","modified_gmt":"2024-03-20T17:08:44","slug":"juvederm-voluma-2-x-1ml","status":"publish","type":"product","link":"https:\/\/mylipfiller.com\/es\/juvederm-voluma-2-x-1ml\/","title":{"rendered":"Juvederm Voluma (2 x 1 ml)"},"content":{"rendered":"<p>Juvederm Voluma se define en muchos sentidos por ser un relleno de Vycross. Esta l\u00ednea de rellenos HA utiliza una tecnolog\u00eda especial, que combina solo 10% de la cantidad normal de mol\u00e9culas de \u00e1cido hialur\u00f3nico de alto peso, con otro 90% de mol\u00e9culas de bajo peso. Con una estructura de matriz 3D especial del HA reticulado, esto convierte un relleno con una concentraci\u00f3n de HA \u201csolo\u201d 20 mg \/ ml en el producto de restauraci\u00f3n de volumen m\u00e1s confiable del mercado. En comparaci\u00f3n con la serie Ultra, Voluma es notablemente m\u00e1s espesa y tiene mejores propiedades restauradoras de volumen.<\/p>\n<p>Voluma de Allergan es la soluci\u00f3n \u00f3ptima para la restauraci\u00f3n del volumen de las mejillas, ya que la estructura molecular garantiza que, una vez inyectado, no se mueva de ninguna manera y, al mismo tiempo, posee la viscoelasticidad necesaria, que en conjunto hacen que su apariencia sea muy natural. resultados.<\/p>\n<h3>\u00bfQu\u00e9 incluye el paquete de Juvederm Voluma?<\/h3>\n<p>El relleno d\u00e9rmico viene listo para usarse, que incluye:<\/p>\n<ul>\n<li>Dos jeringas precargadas de gel HA, de 1 ml cada una<\/li>\n<li>Aguja 23G con paredes ultrafinas<\/li>\n<li>C\u00e1nula de 18G \/ 80 mm, para inyecci\u00f3n profunda SubQ<\/li>\n<\/ul>\n<p>La aplicaci\u00f3n propiamente dicha (que siempre debe realizarla un m\u00e9dico capacitado) dura menos de media hora. El filtro contiene lidoca\u00edna y tiene una textura muy suave, por lo que el dolor no es un problema para el paciente. Se puede esperar que los resultados duren m\u00e1s de un a\u00f1o, dependiendo del metabolismo del paciente y otros factores.<\/p>","protected":false},"excerpt":{"rendered":"<p>Juvederm Volume es el relleno m\u00e1s denso de la l\u00ednea Vycross de Allergan. Se trata de un relleno espeso que se centra principalmente en devolver el volumen al rostro, especialmente en la zona de las mejillas, pero tambi\u00e9n para rellenar depresiones y pliegues cut\u00e1neos graves. El factor de grosor muy alto convierte a Juvederm Volume en una excelente opci\u00f3n para esculpir el rostro, al igual que la estabilidad mejorada del gel, resultado de la matriz 3D especial.<\/p>","protected":false},"featured_media":17619,"template":"","meta":{"_acf_changed":false},"product_brand":[],"product_cat":[170,89,34,67],"product_tag":[90,123,130,131,115,114,111,136,118,151,141,142,135,110,122,124,116],"class_list":{"0":"post-17612","1":"product","2":"type-product","3":"status-publish","4":"has-post-thumbnail","6":"product_cat-allergan","7":"product_cat-big-holiday-sale","8":"product_cat-hard","9":"product_cat-juvederm","10":"product_tag-90","11":"product_tag-asymmetry","12":"product_tag-cheek-volume","13":"product_tag-cheekbone-contour","14":"product_tag-cheekbones","15":"product_tag-chin","16":"product_tag-face","17":"product_tag-france","18":"product_tag-high-density","19":"product_tag-hyaluronic-acid-ha-fillers","20":"product_tag-lifting","21":"product_tag-modeling","22":"product_tag-small-chin","23":"product_tag-temple","24":"product_tag-up-to-18-months","25":"product_tag-volume","26":"product_tag-with-lidocaine","28":"first","29":"instock","30":"taxable","31":"shipping-taxable","32":"purchasable","33":"product-type-simple"},"acf":[],"yoast_head":"<!-- This site is optimized with the Yoast SEO plugin v27.3 - https:\/\/yoast.com\/product\/yoast-seo-wordpress\/ -->\n<title>Buy Juvederm Voluma (2 x 1ml) - Fillers from My Lip Filler<\/title>\n<meta name=\"description\" content=\"\u2765Buy Juvederm Voluma (2 x 1ml) \u23e9 My Lip Filler online store \u27a6 Quality assurance, reviews, ingredients, best prices!\" \/>\n<meta name=\"robots\" content=\"index, follow, max-snippet:-1, max-image-preview:large, max-video-preview:-1\" \/>\n<link rel=\"canonical\" href=\"https:\/\/mylipfiller.com\/es\/juvederm-voluma-2-x-1ml\/\" \/>\n<meta property=\"og:locale\" content=\"es_MX\" \/>\n<meta property=\"og:type\" content=\"article\" \/>\n<meta property=\"og:title\" content=\"Buy Juvederm Voluma (2 x 1ml) - Fillers from My Lip Filler\" \/>\n<meta property=\"og:description\" content=\"\u2765Buy Juvederm Voluma (2 x 1ml) \u23e9 My Lip Filler online store \u27a6 Quality assurance, reviews, ingredients, best prices!\" \/>\n<meta property=\"og:url\" content=\"https:\/\/mylipfiller.com\/es\/juvederm-voluma-2-x-1ml\/\" \/>\n<meta property=\"og:site_name\" content=\"My Lip Filler\" \/>\n<meta property=\"article:modified_time\" content=\"2024-03-20T17:08:44+00:00\" \/>\n<meta property=\"og:image\" content=\"https:\/\/cdn.mylipfiller.com\/wp-content\/uploads\/2020\/06\/Juvederm-Voluma.jpg\" \/>\n\t<meta property=\"og:image:width\" content=\"600\" \/>\n\t<meta property=\"og:image:height\" content=\"600\" \/>\n\t<meta property=\"og:image:type\" content=\"image\/jpeg\" \/>\n<meta name=\"twitter:card\" content=\"summary_large_image\" \/>\n<meta name=\"twitter:label1\" content=\"Tiempo de lectura\" \/>\n\t<meta name=\"twitter:data1\" content=\"2 minutos\" \/>\n<script type=\"application\/ld+json\" class=\"yoast-schema-graph\">{\"@context\":\"https:\\\/\\\/schema.org\",\"@graph\":[{\"@type\":\"WebPage\",\"@id\":\"https:\\\/\\\/mylipfiller.com\\\/juvederm-voluma-2-x-1ml\\\/\",\"url\":\"https:\\\/\\\/mylipfiller.com\\\/juvederm-voluma-2-x-1ml\\\/\",\"name\":\"Buy Juvederm Voluma (2 x 1ml) - Fillers from My Lip Filler\",\"isPartOf\":{\"@id\":\"https:\\\/\\\/mylipfiller.com\\\/#website\"},\"primaryImageOfPage\":{\"@id\":\"https:\\\/\\\/mylipfiller.com\\\/juvederm-voluma-2-x-1ml\\\/#primaryimage\"},\"image\":{\"@id\":\"https:\\\/\\\/mylipfiller.com\\\/juvederm-voluma-2-x-1ml\\\/#primaryimage\"},\"thumbnailUrl\":\"https:\\\/\\\/mylipfiller.com\\\/wp-content\\\/uploads\\\/2020\\\/06\\\/Juvederm-Voluma.jpg\",\"datePublished\":\"2020-06-18T12:36:09+00:00\",\"dateModified\":\"2024-03-20T17:08:44+00:00\",\"description\":\"\u2765Buy Juvederm Voluma (2 x 1ml) \u23e9 My Lip Filler online store \u27a6 Quality assurance, reviews, ingredients, best prices!\",\"breadcrumb\":{\"@id\":\"https:\\\/\\\/mylipfiller.com\\\/juvederm-voluma-2-x-1ml\\\/#breadcrumb\"},\"inLanguage\":\"es\",\"potentialAction\":[{\"@type\":\"ReadAction\",\"target\":[\"https:\\\/\\\/mylipfiller.com\\\/juvederm-voluma-2-x-1ml\\\/\"]}]},{\"@type\":\"ImageObject\",\"inLanguage\":\"es\",\"@id\":\"https:\\\/\\\/mylipfiller.com\\\/juvederm-voluma-2-x-1ml\\\/#primaryimage\",\"url\":\"https:\\\/\\\/mylipfiller.com\\\/wp-content\\\/uploads\\\/2020\\\/06\\\/Juvederm-Voluma.jpg\",\"contentUrl\":\"https:\\\/\\\/mylipfiller.com\\\/wp-content\\\/uploads\\\/2020\\\/06\\\/Juvederm-Voluma.jpg\",\"width\":600,\"height\":600,\"caption\":\"Juvederm Voluma\"},{\"@type\":\"BreadcrumbList\",\"@id\":\"https:\\\/\\\/mylipfiller.com\\\/juvederm-voluma-2-x-1ml\\\/#breadcrumb\",\"itemListElement\":[{\"@type\":\"ListItem\",\"position\":1,\"name\":\"Home\",\"item\":\"https:\\\/\\\/mylipfiller.com\\\/\"},{\"@type\":\"ListItem\",\"position\":2,\"name\":\"Shop\",\"item\":\"https:\\\/\\\/mylipfiller.com\\\/shop\\\/\"},{\"@type\":\"ListItem\",\"position\":3,\"name\":\"Juvederm Voluma (2 x 1ml)\"}]},{\"@type\":\"WebSite\",\"@id\":\"https:\\\/\\\/mylipfiller.com\\\/#website\",\"url\":\"https:\\\/\\\/mylipfiller.com\\\/\",\"name\":\"My Lip Filler\",\"description\":\"Hyaluronic Acid Lip and Dermal Fillers\",\"publisher\":{\"@id\":\"https:\\\/\\\/mylipfiller.com\\\/#organization\"},\"potentialAction\":[{\"@type\":\"SearchAction\",\"target\":{\"@type\":\"EntryPoint\",\"urlTemplate\":\"https:\\\/\\\/mylipfiller.com\\\/?s={search_term_string}\"},\"query-input\":{\"@type\":\"PropertyValueSpecification\",\"valueRequired\":true,\"valueName\":\"search_term_string\"}}],\"inLanguage\":\"es\"},{\"@type\":\"Organization\",\"@id\":\"https:\\\/\\\/mylipfiller.com\\\/#organization\",\"name\":\"My Lip Filler\",\"url\":\"https:\\\/\\\/mylipfiller.com\\\/\",\"logo\":{\"@type\":\"ImageObject\",\"inLanguage\":\"es\",\"@id\":\"https:\\\/\\\/mylipfiller.com\\\/#\\\/schema\\\/logo\\\/image\\\/\",\"url\":\"https:\\\/\\\/mylipfiller.com\\\/wp-content\\\/uploads\\\/2019\\\/02\\\/cropped-My-Lip-Filler-Logo.png\",\"contentUrl\":\"https:\\\/\\\/mylipfiller.com\\\/wp-content\\\/uploads\\\/2019\\\/02\\\/cropped-My-Lip-Filler-Logo.png\",\"width\":240,\"height\":88,\"caption\":\"My Lip Filler\"},\"image\":{\"@id\":\"https:\\\/\\\/mylipfiller.com\\\/#\\\/schema\\\/logo\\\/image\\\/\"}}]}<\/script>\n<!-- \/ Yoast SEO plugin. -->","yoast_head_json":{"title":"Comprar Juvederm Voluma (2 x 1ml) - Rellenos de My Lip Filler","description":"\u2765Compra Juvederm Voluma (2 x 1ml) \u23e9 Tienda online My Lip Filler \u27a6 Garant\u00eda de calidad, rese\u00f1as, ingredientes, \u00a1los mejores precios!","robots":{"index":"index","follow":"follow","max-snippet":"max-snippet:-1","max-image-preview":"max-image-preview:large","max-video-preview":"max-video-preview:-1"},"canonical":"https:\/\/mylipfiller.com\/es\/juvederm-voluma-2-x-1ml\/","og_locale":"es_MX","og_type":"article","og_title":"Buy Juvederm Voluma (2 x 1ml) - Fillers from My Lip Filler","og_description":"\u2765Buy Juvederm Voluma (2 x 1ml) \u23e9 My Lip Filler online store \u27a6 Quality assurance, reviews, ingredients, best prices!","og_url":"https:\/\/mylipfiller.com\/es\/juvederm-voluma-2-x-1ml\/","og_site_name":"My Lip Filler","article_modified_time":"2024-03-20T17:08:44+00:00","og_image":[{"width":600,"height":600,"url":"https:\/\/cdn.mylipfiller.com\/wp-content\/uploads\/2020\/06\/Juvederm-Voluma.jpg","type":"image\/jpeg"}],"twitter_card":"summary_large_image","twitter_misc":{"Tiempo de lectura":"2 minutos"},"schema":{"@context":"https:\/\/schema.org","@graph":[{"@type":"WebPage","@id":"https:\/\/mylipfiller.com\/juvederm-voluma-2-x-1ml\/","url":"https:\/\/mylipfiller.com\/juvederm-voluma-2-x-1ml\/","name":"Comprar Juvederm Voluma (2 x 1ml) - Rellenos de My Lip Filler","isPartOf":{"@id":"https:\/\/mylipfiller.com\/#website"},"primaryImageOfPage":{"@id":"https:\/\/mylipfiller.com\/juvederm-voluma-2-x-1ml\/#primaryimage"},"image":{"@id":"https:\/\/mylipfiller.com\/juvederm-voluma-2-x-1ml\/#primaryimage"},"thumbnailUrl":"https:\/\/cdn.mylipfiller.com\/wp-content\/uploads\/2020\/06\/Juvederm-Voluma.jpg","datePublished":"2020-06-18T12:36:09+00:00","dateModified":"2024-03-20T17:08:44+00:00","description":"\u2765Compra Juvederm Voluma (2 x 1ml) \u23e9 Tienda online My Lip Filler \u27a6 Garant\u00eda de calidad, rese\u00f1as, ingredientes, \u00a1los mejores precios!","breadcrumb":{"@id":"https:\/\/mylipfiller.com\/juvederm-voluma-2-x-1ml\/#breadcrumb"},"inLanguage":"es","potentialAction":[{"@type":"ReadAction","target":["https:\/\/mylipfiller.com\/juvederm-voluma-2-x-1ml\/"]}]},{"@type":"ImageObject","inLanguage":"es","@id":"https:\/\/mylipfiller.com\/juvederm-voluma-2-x-1ml\/#primaryimage","url":"https:\/\/cdn.mylipfiller.com\/wp-content\/uploads\/2020\/06\/Juvederm-Voluma.jpg","contentUrl":"https:\/\/cdn.mylipfiller.com\/wp-content\/uploads\/2020\/06\/Juvederm-Voluma.jpg","width":600,"height":600,"caption":"Juvederm Voluma"},{"@type":"BreadcrumbList","@id":"https:\/\/mylipfiller.com\/juvederm-voluma-2-x-1ml\/#breadcrumb","itemListElement":[{"@type":"ListItem","position":1,"name":"Home","item":"https:\/\/mylipfiller.com\/"},{"@type":"ListItem","position":2,"name":"Shop","item":"https:\/\/mylipfiller.com\/shop\/"},{"@type":"ListItem","position":3,"name":"Juvederm Voluma (2 x 1ml)"}]},{"@type":"WebSite","@id":"https:\/\/mylipfiller.com\/#website","url":"https:\/\/mylipfiller.com\/","name":"Mi relleno de labios","description":"Rellenos d\u00e9rmicos y de labios con \u00e1cido hialur\u00f3nico","publisher":{"@id":"https:\/\/mylipfiller.com\/#organization"},"potentialAction":[{"@type":"SearchAction","target":{"@type":"EntryPoint","urlTemplate":"https:\/\/mylipfiller.com\/?s={search_term_string}"},"query-input":{"@type":"PropertyValueSpecification","valueRequired":true,"valueName":"search_term_string"}}],"inLanguage":"es"},{"@type":"Organization","@id":"https:\/\/mylipfiller.com\/#organization","name":"Mi relleno de labios","url":"https:\/\/mylipfiller.com\/","logo":{"@type":"ImageObject","inLanguage":"es","@id":"https:\/\/mylipfiller.com\/#\/schema\/logo\/image\/","url":"https:\/\/cdn.mylipfiller.com\/wp-content\/uploads\/2019\/02\/cropped-My-Lip-Filler-Logo.png","contentUrl":"https:\/\/cdn.mylipfiller.com\/wp-content\/uploads\/2019\/02\/cropped-My-Lip-Filler-Logo.png","width":240,"height":88,"caption":"My Lip Filler"},"image":{"@id":"https:\/\/mylipfiller.com\/#\/schema\/logo\/image\/"}}]}},"_links":{"self":[{"href":"https:\/\/mylipfiller.com\/es\/wp-json\/wp\/v2\/product\/17612","targetHints":{"allow":["GET"]}}],"collection":[{"href":"https:\/\/mylipfiller.com\/es\/wp-json\/wp\/v2\/product"}],"about":[{"href":"https:\/\/mylipfiller.com\/es\/wp-json\/wp\/v2\/types\/product"}],"wp:featuredmedia":[{"embeddable":true,"href":"https:\/\/mylipfiller.com\/es\/wp-json\/wp\/v2\/media\/17619"}],"wp:attachment":[{"href":"https:\/\/mylipfiller.com\/es\/wp-json\/wp\/v2\/media?parent=17612"}],"wp:term":[{"taxonomy":"product_brand","embeddable":true,"href":"https:\/\/mylipfiller.com\/es\/wp-json\/wp\/v2\/product_brand?post=17612"},{"taxonomy":"product_cat","embeddable":true,"href":"https:\/\/mylipfiller.com\/es\/wp-json\/wp\/v2\/product_cat?post=17612"},{"taxonomy":"product_tag","embeddable":true,"href":"https:\/\/mylipfiller.com\/es\/wp-json\/wp\/v2\/product_tag?post=17612"}],"curies":[{"name":"gracias","href":"https:\/\/api.w.org\/{rel}","templated":true}]}}