{"id":17621,"date":"2020-06-18T15:28:05","date_gmt":"2020-06-18T13:28:05","guid":{"rendered":"https:\/\/mylipfiller.com\/?post_type=product&#038;p=17621"},"modified":"2024-07-03T17:32:33","modified_gmt":"2024-07-03T15:32:33","slug":"teosyal-rha-1-2-x-1ml","status":"publish","type":"product","link":"https:\/\/mylipfiller.com\/es\/teosyal-rha-1-2-x-1ml\/","title":{"rendered":"Teosyal RHA 1 (2 x 1 ml)"},"content":{"rendered":"<h3>Rejuvenecimiento completo de la piel con Teosyal RHA 1<\/h3>\n<p>Teosyal RHA 1 contiene \u00e1cido hialur\u00f3nico no animal con una concentraci\u00f3n de 15 mg \/ ml. Su gel de implante a base de HA se ha sometido a un avanzado proceso de reticulaci\u00f3n. Gracias a ello, el producto se caracteriza por una elasticidad mejorada. Sin embargo, al mismo tiempo, esta confiable inyecci\u00f3n de relleno de Teoxane Laboratories es incre\u00edblemente resistente y duradera. Entonces, puede ofrecer <u>eliminaci\u00f3n de arrugas estable pero natural<\/u> y resultados rejuvenecedores de la piel. Teoxane RHA 1&#039;s tiene las siguientes propiedades:<\/p>\n<ul>\n<li>Hidrata la piel<\/li>\n<li>Rellena las l\u00edneas finas<\/li>\n<li>Elimina las ojeras debajo de los ojos.<\/li>\n<li>Trata las arrugas faciales din\u00e1micas<\/li>\n<\/ul>\n<h3>T\u00e9cnicas de inyecci\u00f3n recomendadas<\/h3>\n<p>Un tratamiento con Teosyal RHA 1 solo debe ser realizado por un cirujano pl\u00e1stico capacitado y certificado. El producto se puede inyectar en diferentes zonas del rostro, cuello y escote. Las t\u00e9cnicas de inyecci\u00f3n m\u00e1s seguras y efectivas para este tipo de procedimiento son <em>rayado cruzado y roscado lineal<\/em>. De ellos, el rayado cruzado es especialmente adecuado para la correcci\u00f3n no quir\u00fargica de las arrugas superficiales del c\u00f3digo de barras (arrugas verticales sobre los labios).<\/p>\n<ul>\n<li>Sin dolor<\/li>\n<li>Sin tiempo de inactividad<\/li>\n<li>Resultados instant\u00e1neos<\/li>\n<li>Cero efectos secundarios da\u00f1inos<\/li>\n<\/ul>","protected":false},"excerpt":{"rendered":"<p>Teosyal RHA 1 de Teoxane Laboratories est\u00e1 dise\u00f1ado para pacientes con la primera o <em>signos de envejecimiento prematuro<\/em> como arrugas faciales superficiales o l\u00edneas superficiales del cuello. Desde esto <strong>relleno d\u00e9rmico eficaz<\/strong> presenta \u00e1cido hialur\u00f3nico el\u00e1stico y resistente, se puede aplicar mediante inyecci\u00f3n en las zonas faciales m\u00e1s din\u00e1micas, incluso alrededor de los ojos y la boca. Los efectos anti-envejecimiento del tratamiento se pueden notar inmediatamente despu\u00e9s del procedimiento y duran varios meses.<\/p>","protected":false},"featured_media":17623,"template":"","meta":{"_acf_changed":false},"product_brand":[],"product_cat":[32,68,182],"product_tag":[144,125,111,126,112,128,136,151,117,146,119,148,116,127],"class_list":{"0":"post-17621","1":"product","2":"type-product","3":"status-publish","4":"has-post-thumbnail","6":"product_cat-soft","7":"product_cat-teosyal","8":"product_cat-teoxane","9":"product_tag-anti-wrinkle","10":"product_tag-crows-feet","11":"product_tag-face","12":"product_tag-fine-lines","13":"product_tag-forehead","14":"product_tag-forehead-wrinkles","15":"product_tag-france","16":"product_tag-hyaluronic-acid-ha-fillers","17":"product_tag-low-density","18":"product_tag-smoothing","19":"product_tag-up-to-9-months","20":"product_tag-upper-dermis","21":"product_tag-with-lidocaine","22":"product_tag-wrinkles-around-the-eyes","24":"first","25":"outofstock","26":"taxable","27":"shipping-taxable","28":"purchasable","29":"product-type-simple"},"acf":[],"yoast_head":"<!-- This site is optimized with the Yoast SEO plugin v27.4 - https:\/\/yoast.com\/product\/yoast-seo-wordpress\/ -->\n<title>Buy Teosyal RHA 1 (2 x 1ml) - Fillers from My Lip Filler<\/title>\n<meta name=\"description\" content=\"\u2765Buy Teosyal RHA 1 (2 x 1ml) \u23e9 My Lip Filler online store \u27a6 Quality assurance, reviews, ingredients, best prices!\" \/>\n<meta name=\"robots\" content=\"index, follow, max-snippet:-1, max-image-preview:large, max-video-preview:-1\" \/>\n<link rel=\"canonical\" href=\"https:\/\/mylipfiller.com\/es\/teosyal-rha-1-2-x-1ml\/\" \/>\n<meta property=\"og:locale\" content=\"es_MX\" \/>\n<meta property=\"og:type\" content=\"article\" \/>\n<meta property=\"og:title\" content=\"Buy Teosyal RHA 1 (2 x 1ml) - Fillers from My Lip Filler\" \/>\n<meta property=\"og:description\" content=\"\u2765Buy Teosyal RHA 1 (2 x 1ml) \u23e9 My Lip Filler online store \u27a6 Quality assurance, reviews, ingredients, best prices!\" \/>\n<meta property=\"og:url\" content=\"https:\/\/mylipfiller.com\/es\/teosyal-rha-1-2-x-1ml\/\" \/>\n<meta property=\"og:site_name\" content=\"My Lip Filler\" \/>\n<meta property=\"article:modified_time\" content=\"2024-07-03T15:32:33+00:00\" \/>\n<meta property=\"og:image\" content=\"https:\/\/cdn.mylipfiller.com\/wp-content\/uploads\/2020\/06\/Teosyal-RHA1.jpg\" \/>\n\t<meta property=\"og:image:width\" content=\"600\" \/>\n\t<meta property=\"og:image:height\" content=\"600\" \/>\n\t<meta property=\"og:image:type\" content=\"image\/jpeg\" \/>\n<meta name=\"twitter:card\" content=\"summary_large_image\" \/>\n<meta name=\"twitter:label1\" content=\"Tiempo de lectura\" \/>\n\t<meta name=\"twitter:data1\" content=\"1 minuto\" \/>\n<script type=\"application\/ld+json\" class=\"yoast-schema-graph\">{\"@context\":\"https:\\\/\\\/schema.org\",\"@graph\":[{\"@type\":\"WebPage\",\"@id\":\"https:\\\/\\\/mylipfiller.com\\\/teosyal-rha-1-2-x-1ml\\\/\",\"url\":\"https:\\\/\\\/mylipfiller.com\\\/teosyal-rha-1-2-x-1ml\\\/\",\"name\":\"Buy Teosyal RHA 1 (2 x 1ml) - Fillers from My Lip Filler\",\"isPartOf\":{\"@id\":\"https:\\\/\\\/mylipfiller.com\\\/#website\"},\"primaryImageOfPage\":{\"@id\":\"https:\\\/\\\/mylipfiller.com\\\/teosyal-rha-1-2-x-1ml\\\/#primaryimage\"},\"image\":{\"@id\":\"https:\\\/\\\/mylipfiller.com\\\/teosyal-rha-1-2-x-1ml\\\/#primaryimage\"},\"thumbnailUrl\":\"https:\\\/\\\/mylipfiller.com\\\/wp-content\\\/uploads\\\/2020\\\/06\\\/Teosyal-RHA1.jpg\",\"datePublished\":\"2020-06-18T13:28:05+00:00\",\"dateModified\":\"2024-07-03T15:32:33+00:00\",\"description\":\"\u2765Buy Teosyal RHA 1 (2 x 1ml) \u23e9 My Lip Filler online store \u27a6 Quality assurance, reviews, ingredients, best prices!\",\"breadcrumb\":{\"@id\":\"https:\\\/\\\/mylipfiller.com\\\/teosyal-rha-1-2-x-1ml\\\/#breadcrumb\"},\"inLanguage\":\"es\",\"potentialAction\":[{\"@type\":\"ReadAction\",\"target\":[\"https:\\\/\\\/mylipfiller.com\\\/teosyal-rha-1-2-x-1ml\\\/\"]}]},{\"@type\":\"ImageObject\",\"inLanguage\":\"es\",\"@id\":\"https:\\\/\\\/mylipfiller.com\\\/teosyal-rha-1-2-x-1ml\\\/#primaryimage\",\"url\":\"https:\\\/\\\/mylipfiller.com\\\/wp-content\\\/uploads\\\/2020\\\/06\\\/Teosyal-RHA1.jpg\",\"contentUrl\":\"https:\\\/\\\/mylipfiller.com\\\/wp-content\\\/uploads\\\/2020\\\/06\\\/Teosyal-RHA1.jpg\",\"width\":600,\"height\":600,\"caption\":\"Teosyal RHA1\"},{\"@type\":\"BreadcrumbList\",\"@id\":\"https:\\\/\\\/mylipfiller.com\\\/teosyal-rha-1-2-x-1ml\\\/#breadcrumb\",\"itemListElement\":[{\"@type\":\"ListItem\",\"position\":1,\"name\":\"Home\",\"item\":\"https:\\\/\\\/mylipfiller.com\\\/\"},{\"@type\":\"ListItem\",\"position\":2,\"name\":\"Shop\",\"item\":\"https:\\\/\\\/mylipfiller.com\\\/shop\\\/\"},{\"@type\":\"ListItem\",\"position\":3,\"name\":\"Teosyal RHA 1 (2 x 1ml)\"}]},{\"@type\":\"WebSite\",\"@id\":\"https:\\\/\\\/mylipfiller.com\\\/#website\",\"url\":\"https:\\\/\\\/mylipfiller.com\\\/\",\"name\":\"My Lip Filler\",\"description\":\"Hyaluronic Acid Lip and Dermal Fillers\",\"publisher\":{\"@id\":\"https:\\\/\\\/mylipfiller.com\\\/#organization\"},\"potentialAction\":[{\"@type\":\"SearchAction\",\"target\":{\"@type\":\"EntryPoint\",\"urlTemplate\":\"https:\\\/\\\/mylipfiller.com\\\/?s={search_term_string}\"},\"query-input\":{\"@type\":\"PropertyValueSpecification\",\"valueRequired\":true,\"valueName\":\"search_term_string\"}}],\"inLanguage\":\"es\"},{\"@type\":\"Organization\",\"@id\":\"https:\\\/\\\/mylipfiller.com\\\/#organization\",\"name\":\"My Lip Filler\",\"url\":\"https:\\\/\\\/mylipfiller.com\\\/\",\"logo\":{\"@type\":\"ImageObject\",\"inLanguage\":\"es\",\"@id\":\"https:\\\/\\\/mylipfiller.com\\\/#\\\/schema\\\/logo\\\/image\\\/\",\"url\":\"https:\\\/\\\/mylipfiller.com\\\/wp-content\\\/uploads\\\/2019\\\/02\\\/cropped-My-Lip-Filler-Logo.png\",\"contentUrl\":\"https:\\\/\\\/mylipfiller.com\\\/wp-content\\\/uploads\\\/2019\\\/02\\\/cropped-My-Lip-Filler-Logo.png\",\"width\":240,\"height\":88,\"caption\":\"My Lip Filler\"},\"image\":{\"@id\":\"https:\\\/\\\/mylipfiller.com\\\/#\\\/schema\\\/logo\\\/image\\\/\"}}]}<\/script>\n<!-- \/ Yoast SEO plugin. -->","yoast_head_json":{"title":"Comprar Teosyal RHA 1 (2 x 1ml) - Rellenos de My Lip Filler","description":"\u2765Compra Teosyal RHA 1 (2 x 1ml) \u23e9 Tienda online My Lip Filler \u27a6 Garant\u00eda de calidad, rese\u00f1as, ingredientes, \u00a1los mejores precios!","robots":{"index":"index","follow":"follow","max-snippet":"max-snippet:-1","max-image-preview":"max-image-preview:large","max-video-preview":"max-video-preview:-1"},"canonical":"https:\/\/mylipfiller.com\/es\/teosyal-rha-1-2-x-1ml\/","og_locale":"es_MX","og_type":"article","og_title":"Buy Teosyal RHA 1 (2 x 1ml) - Fillers from My Lip Filler","og_description":"\u2765Buy Teosyal RHA 1 (2 x 1ml) \u23e9 My Lip Filler online store \u27a6 Quality assurance, reviews, ingredients, best prices!","og_url":"https:\/\/mylipfiller.com\/es\/teosyal-rha-1-2-x-1ml\/","og_site_name":"My Lip Filler","article_modified_time":"2024-07-03T15:32:33+00:00","og_image":[{"width":600,"height":600,"url":"https:\/\/cdn.mylipfiller.com\/wp-content\/uploads\/2020\/06\/Teosyal-RHA1.jpg","type":"image\/jpeg"}],"twitter_card":"summary_large_image","twitter_misc":{"Tiempo de lectura":"1 minuto"},"schema":{"@context":"https:\/\/schema.org","@graph":[{"@type":"WebPage","@id":"https:\/\/mylipfiller.com\/teosyal-rha-1-2-x-1ml\/","url":"https:\/\/mylipfiller.com\/teosyal-rha-1-2-x-1ml\/","name":"Comprar Teosyal RHA 1 (2 x 1ml) - Rellenos de My Lip Filler","isPartOf":{"@id":"https:\/\/mylipfiller.com\/#website"},"primaryImageOfPage":{"@id":"https:\/\/mylipfiller.com\/teosyal-rha-1-2-x-1ml\/#primaryimage"},"image":{"@id":"https:\/\/mylipfiller.com\/teosyal-rha-1-2-x-1ml\/#primaryimage"},"thumbnailUrl":"https:\/\/cdn.mylipfiller.com\/wp-content\/uploads\/2020\/06\/Teosyal-RHA1.jpg","datePublished":"2020-06-18T13:28:05+00:00","dateModified":"2024-07-03T15:32:33+00:00","description":"\u2765Compra Teosyal RHA 1 (2 x 1ml) \u23e9 Tienda online My Lip Filler \u27a6 Garant\u00eda de calidad, rese\u00f1as, ingredientes, \u00a1los mejores precios!","breadcrumb":{"@id":"https:\/\/mylipfiller.com\/teosyal-rha-1-2-x-1ml\/#breadcrumb"},"inLanguage":"es","potentialAction":[{"@type":"ReadAction","target":["https:\/\/mylipfiller.com\/teosyal-rha-1-2-x-1ml\/"]}]},{"@type":"ImageObject","inLanguage":"es","@id":"https:\/\/mylipfiller.com\/teosyal-rha-1-2-x-1ml\/#primaryimage","url":"https:\/\/cdn.mylipfiller.com\/wp-content\/uploads\/2020\/06\/Teosyal-RHA1.jpg","contentUrl":"https:\/\/cdn.mylipfiller.com\/wp-content\/uploads\/2020\/06\/Teosyal-RHA1.jpg","width":600,"height":600,"caption":"Teosyal RHA1"},{"@type":"BreadcrumbList","@id":"https:\/\/mylipfiller.com\/teosyal-rha-1-2-x-1ml\/#breadcrumb","itemListElement":[{"@type":"ListItem","position":1,"name":"Home","item":"https:\/\/mylipfiller.com\/"},{"@type":"ListItem","position":2,"name":"Shop","item":"https:\/\/mylipfiller.com\/shop\/"},{"@type":"ListItem","position":3,"name":"Teosyal RHA 1 (2 x 1ml)"}]},{"@type":"WebSite","@id":"https:\/\/mylipfiller.com\/#website","url":"https:\/\/mylipfiller.com\/","name":"Mi relleno de labios","description":"Rellenos d\u00e9rmicos y de labios con \u00e1cido hialur\u00f3nico","publisher":{"@id":"https:\/\/mylipfiller.com\/#organization"},"potentialAction":[{"@type":"SearchAction","target":{"@type":"EntryPoint","urlTemplate":"https:\/\/mylipfiller.com\/?s={search_term_string}"},"query-input":{"@type":"PropertyValueSpecification","valueRequired":true,"valueName":"search_term_string"}}],"inLanguage":"es"},{"@type":"Organization","@id":"https:\/\/mylipfiller.com\/#organization","name":"Mi relleno de labios","url":"https:\/\/mylipfiller.com\/","logo":{"@type":"ImageObject","inLanguage":"es","@id":"https:\/\/mylipfiller.com\/#\/schema\/logo\/image\/","url":"https:\/\/cdn.mylipfiller.com\/wp-content\/uploads\/2019\/02\/cropped-My-Lip-Filler-Logo.png","contentUrl":"https:\/\/cdn.mylipfiller.com\/wp-content\/uploads\/2019\/02\/cropped-My-Lip-Filler-Logo.png","width":240,"height":88,"caption":"My Lip Filler"},"image":{"@id":"https:\/\/mylipfiller.com\/#\/schema\/logo\/image\/"}}]}},"_links":{"self":[{"href":"https:\/\/mylipfiller.com\/es\/wp-json\/wp\/v2\/product\/17621","targetHints":{"allow":["GET"]}}],"collection":[{"href":"https:\/\/mylipfiller.com\/es\/wp-json\/wp\/v2\/product"}],"about":[{"href":"https:\/\/mylipfiller.com\/es\/wp-json\/wp\/v2\/types\/product"}],"wp:featuredmedia":[{"embeddable":true,"href":"https:\/\/mylipfiller.com\/es\/wp-json\/wp\/v2\/media\/17623"}],"wp:attachment":[{"href":"https:\/\/mylipfiller.com\/es\/wp-json\/wp\/v2\/media?parent=17621"}],"wp:term":[{"taxonomy":"product_brand","embeddable":true,"href":"https:\/\/mylipfiller.com\/es\/wp-json\/wp\/v2\/product_brand?post=17621"},{"taxonomy":"product_cat","embeddable":true,"href":"https:\/\/mylipfiller.com\/es\/wp-json\/wp\/v2\/product_cat?post=17621"},{"taxonomy":"product_tag","embeddable":true,"href":"https:\/\/mylipfiller.com\/es\/wp-json\/wp\/v2\/product_tag?post=17621"}],"curies":[{"name":"gracias","href":"https:\/\/api.w.org\/{rel}","templated":true}]}}