{"id":17622,"date":"2020-06-18T15:29:02","date_gmt":"2020-06-18T13:29:02","guid":{"rendered":"https:\/\/mylipfiller.com\/?post_type=product&#038;p=17622"},"modified":"2024-03-08T18:37:56","modified_gmt":"2024-03-08T16:37:56","slug":"teosyal-rha-2-2-x-1ml","status":"publish","type":"product","link":"https:\/\/mylipfiller.com\/es\/teosyal-rha-2-2-x-1ml\/","title":{"rendered":"Teosyal RHA 2 (2 x 1 ml)"},"content":{"rendered":"<h3>Ventajas de Teosyal RHA 2<\/h3>\n<p>A diferencia de la mayor\u00eda de las otras inyecciones de relleno temporal, Teosyal RHA 2 puede <strong>l\u00edneas din\u00e1micas suaves<\/strong> y arrugas. Normalmente, este tipo de depresiones cut\u00e1neas no se trata con rellenos a base de HA porque el gel de los productos puede migrar f\u00e1cilmente, lo que da lugar a resultados poco naturales. Con este inyectable, los efectos son siempre equilibrados y est\u00e9ticamente atractivos ya que contiene un gel el\u00e1stico. Gracias a esto, el producto <em>puede adaptarse a los movimientos naturales de la cara<\/em>. Al mismo tiempo, el gel de implante tambi\u00e9n es fuerte y resistente. Por lo tanto, no formar\u00e1 grumos debajo de la piel y brindar\u00e1 resultados duraderos.<\/p>\n<p>El \u00e1cido hialur\u00f3nico se encuentra naturalmente en el cuerpo humano. Por tanto, este tratamiento anti-envejecimiento est\u00e1 libre de riesgos. El producto se absorbe y se disuelve gradualmente hasta desaparecer por completo. Las inyecciones de seguimiento son necesarias para los pacientes que desean prolongar los efectos del tratamiento.<\/p>\n<ul>\n<li>Bien tolerado y seguro<\/li>\n<li>Robustas propiedades hidratantes<\/li>\n<li>Resultados inmediatos<\/li>\n<li>Correcci\u00f3n r\u00e1pida de arrugas din\u00e1micas.<\/li>\n<\/ul>\n<h3>Relleno HA duradero con muchas propiedades anti-envejecimiento<\/h3>\n<p>Teosyal RHA 2 rejuvenece la piel de m\u00e1s de una forma. El HA reticulado en su f\u00f3rmula permite que el producto:<\/p>\n<ul>\n<li>Mejora el contorno del rostro.<\/li>\n<li>Reducir la apariencia de l\u00edneas y arrugas medianamente profundas.<\/li>\n<li>Restaurar el volumen facial<\/li>\n<li>Rellenar los labios<\/li>\n<li>Rehidrata la piel<\/li>\n<\/ul>","protected":false},"excerpt":{"rendered":"<p>El relleno din\u00e1mico Teosyal RHA 2 se puede utilizar para <u>eliminaci\u00f3n m\u00ednimamente invasiva de arrugas profundas<\/u> tales como l\u00edneas glabelares y pliegues nasolabiales. Este producto inyectable rejuvenecedor de la piel tambi\u00e9n restaura el volumen perdido en el rostro. Cuando se aplica en los labios, les da una tersura sutil. Con su gel el\u00e1stico de \u00e1cido hialur\u00f3nico, el relleno d\u00e9rmico de calidad de Teoxane Laboratories es ideal para el tratamiento de \u00e1reas din\u00e1micas y m\u00f3viles del rostro.<\/p>","protected":false},"featured_media":17624,"template":"","meta":{"_acf_changed":false},"product_brand":[],"product_cat":[89,33,68,182],"product_tag":[90,111,136,151,133,107,134,120,116],"class_list":{"0":"post-17622","1":"product","2":"type-product","3":"status-publish","4":"has-post-thumbnail","6":"product_cat-big-holiday-sale","7":"product_cat-lip","8":"product_cat-teosyal","9":"product_cat-teoxane","10":"product_tag-90","11":"product_tag-face","12":"product_tag-france","13":"product_tag-hyaluronic-acid-ha-fillers","14":"product_tag-marionette-lines","15":"product_tag-nasolabial-folds","16":"product_tag-small-lips","17":"product_tag-up-to-12-months","18":"product_tag-with-lidocaine","20":"first","21":"instock","22":"sale","23":"taxable","24":"shipping-taxable","25":"purchasable","26":"product-type-simple"},"acf":[],"yoast_head":"<!-- This site is optimized with the Yoast SEO plugin v27.2 - https:\/\/yoast.com\/product\/yoast-seo-wordpress\/ -->\n<title>Buy Teosyal RHA 2 (2 x 1ml) - Fillers from My Lip Filler<\/title>\n<meta name=\"description\" content=\"\u2765Buy Teosyal RHA 2 (2 x 1ml) \u23e9 My Lip Filler online store \u27a6 Quality assurance, reviews, ingredients, best prices!\" \/>\n<meta name=\"robots\" content=\"index, follow, max-snippet:-1, max-image-preview:large, max-video-preview:-1\" \/>\n<link rel=\"canonical\" href=\"https:\/\/mylipfiller.com\/es\/teosyal-rha-2-2-x-1ml\/\" \/>\n<meta property=\"og:locale\" content=\"es_MX\" \/>\n<meta property=\"og:type\" content=\"article\" \/>\n<meta property=\"og:title\" content=\"Buy Teosyal RHA 2 (2 x 1ml) - Fillers from My Lip Filler\" \/>\n<meta property=\"og:description\" content=\"\u2765Buy Teosyal RHA 2 (2 x 1ml) \u23e9 My Lip Filler online store \u27a6 Quality assurance, reviews, ingredients, best prices!\" \/>\n<meta property=\"og:url\" content=\"https:\/\/mylipfiller.com\/es\/teosyal-rha-2-2-x-1ml\/\" \/>\n<meta property=\"og:site_name\" content=\"My Lip Filler\" \/>\n<meta property=\"article:modified_time\" content=\"2024-03-08T16:37:56+00:00\" \/>\n<meta property=\"og:image\" content=\"https:\/\/cdn.mylipfiller.com\/wp-content\/uploads\/2020\/06\/Teosyal-RHA2.jpg\" \/>\n\t<meta property=\"og:image:width\" content=\"600\" \/>\n\t<meta property=\"og:image:height\" content=\"600\" \/>\n\t<meta property=\"og:image:type\" content=\"image\/jpeg\" \/>\n<meta name=\"twitter:card\" content=\"summary_large_image\" \/>\n<meta name=\"twitter:label1\" content=\"Tiempo de lectura\" \/>\n\t<meta name=\"twitter:data1\" content=\"2 minutos\" \/>\n<script type=\"application\/ld+json\" class=\"yoast-schema-graph\">{\"@context\":\"https:\/\/schema.org\",\"@graph\":[{\"@type\":\"WebPage\",\"@id\":\"https:\/\/mylipfiller.com\/teosyal-rha-2-2-x-1ml\/\",\"url\":\"https:\/\/mylipfiller.com\/teosyal-rha-2-2-x-1ml\/\",\"name\":\"Buy Teosyal RHA 2 (2 x 1ml) - Fillers from My Lip Filler\",\"isPartOf\":{\"@id\":\"https:\/\/mylipfiller.com\/#website\"},\"primaryImageOfPage\":{\"@id\":\"https:\/\/mylipfiller.com\/teosyal-rha-2-2-x-1ml\/#primaryimage\"},\"image\":{\"@id\":\"https:\/\/mylipfiller.com\/teosyal-rha-2-2-x-1ml\/#primaryimage\"},\"thumbnailUrl\":\"https:\/\/cdn.mylipfiller.com\/wp-content\/uploads\/2020\/06\/Teosyal-RHA2.jpg\",\"datePublished\":\"2020-06-18T13:29:02+00:00\",\"dateModified\":\"2024-03-08T16:37:56+00:00\",\"description\":\"\u2765Buy Teosyal RHA 2 (2 x 1ml) \u23e9 My Lip Filler online store \u27a6 Quality assurance, reviews, ingredients, best prices!\",\"breadcrumb\":{\"@id\":\"https:\/\/mylipfiller.com\/teosyal-rha-2-2-x-1ml\/#breadcrumb\"},\"inLanguage\":\"es\",\"potentialAction\":[{\"@type\":\"ReadAction\",\"target\":[\"https:\/\/mylipfiller.com\/teosyal-rha-2-2-x-1ml\/\"]}]},{\"@type\":\"ImageObject\",\"inLanguage\":\"es\",\"@id\":\"https:\/\/mylipfiller.com\/teosyal-rha-2-2-x-1ml\/#primaryimage\",\"url\":\"https:\/\/cdn.mylipfiller.com\/wp-content\/uploads\/2020\/06\/Teosyal-RHA2.jpg\",\"contentUrl\":\"https:\/\/cdn.mylipfiller.com\/wp-content\/uploads\/2020\/06\/Teosyal-RHA2.jpg\",\"width\":600,\"height\":600,\"caption\":\"Teosyal RHA2\"},{\"@type\":\"BreadcrumbList\",\"@id\":\"https:\/\/mylipfiller.com\/teosyal-rha-2-2-x-1ml\/#breadcrumb\",\"itemListElement\":[{\"@type\":\"ListItem\",\"position\":1,\"name\":\"Home\",\"item\":\"https:\/\/mylipfiller.com\/\"},{\"@type\":\"ListItem\",\"position\":2,\"name\":\"Shop\",\"item\":\"https:\/\/mylipfiller.com\/shop\/\"},{\"@type\":\"ListItem\",\"position\":3,\"name\":\"Teosyal RHA 2 (2 x 1ml)\"}]},{\"@type\":\"WebSite\",\"@id\":\"https:\/\/mylipfiller.com\/#website\",\"url\":\"https:\/\/mylipfiller.com\/\",\"name\":\"My Lip Filler\",\"description\":\"Hyaluronic Acid Lip and Dermal Fillers\",\"publisher\":{\"@id\":\"https:\/\/mylipfiller.com\/#organization\"},\"potentialAction\":[{\"@type\":\"SearchAction\",\"target\":{\"@type\":\"EntryPoint\",\"urlTemplate\":\"https:\/\/mylipfiller.com\/?s={search_term_string}\"},\"query-input\":{\"@type\":\"PropertyValueSpecification\",\"valueRequired\":true,\"valueName\":\"search_term_string\"}}],\"inLanguage\":\"es\"},{\"@type\":\"Organization\",\"@id\":\"https:\/\/mylipfiller.com\/#organization\",\"name\":\"My Lip Filler\",\"url\":\"https:\/\/mylipfiller.com\/\",\"logo\":{\"@type\":\"ImageObject\",\"inLanguage\":\"es\",\"@id\":\"https:\/\/mylipfiller.com\/#\/schema\/logo\/image\/\",\"url\":\"https:\/\/cdn.mylipfiller.com\/wp-content\/uploads\/2019\/02\/cropped-My-Lip-Filler-Logo.png\",\"contentUrl\":\"https:\/\/cdn.mylipfiller.com\/wp-content\/uploads\/2019\/02\/cropped-My-Lip-Filler-Logo.png\",\"width\":240,\"height\":88,\"caption\":\"My Lip Filler\"},\"image\":{\"@id\":\"https:\/\/mylipfiller.com\/#\/schema\/logo\/image\/\"}}]}<\/script>\n<!-- \/ Yoast SEO plugin. -->","yoast_head_json":{"title":"Comprar Teosyal RHA 2 (2 x 1ml) - Rellenos de My Lip Filler","description":"\u2765Compra Teosyal RHA 2 (2 x 1ml) \u23e9 Tienda online My Lip Filler \u27a6 Garant\u00eda de calidad, rese\u00f1as, ingredientes, \u00a1los mejores precios!","robots":{"index":"index","follow":"follow","max-snippet":"max-snippet:-1","max-image-preview":"max-image-preview:large","max-video-preview":"max-video-preview:-1"},"canonical":"https:\/\/mylipfiller.com\/es\/teosyal-rha-2-2-x-1ml\/","og_locale":"es_MX","og_type":"article","og_title":"Buy Teosyal RHA 2 (2 x 1ml) - Fillers from My Lip Filler","og_description":"\u2765Buy Teosyal RHA 2 (2 x 1ml) \u23e9 My Lip Filler online store \u27a6 Quality assurance, reviews, ingredients, best prices!","og_url":"https:\/\/mylipfiller.com\/es\/teosyal-rha-2-2-x-1ml\/","og_site_name":"My Lip Filler","article_modified_time":"2024-03-08T16:37:56+00:00","og_image":[{"width":600,"height":600,"url":"https:\/\/cdn.mylipfiller.com\/wp-content\/uploads\/2020\/06\/Teosyal-RHA2.jpg","type":"image\/jpeg"}],"twitter_card":"summary_large_image","twitter_misc":{"Tiempo de lectura":"2 minutos"},"schema":{"@context":"https:\/\/schema.org","@graph":[{"@type":"WebPage","@id":"https:\/\/mylipfiller.com\/teosyal-rha-2-2-x-1ml\/","url":"https:\/\/mylipfiller.com\/teosyal-rha-2-2-x-1ml\/","name":"Comprar Teosyal RHA 2 (2 x 1ml) - Rellenos de My Lip Filler","isPartOf":{"@id":"https:\/\/mylipfiller.com\/#website"},"primaryImageOfPage":{"@id":"https:\/\/mylipfiller.com\/teosyal-rha-2-2-x-1ml\/#primaryimage"},"image":{"@id":"https:\/\/mylipfiller.com\/teosyal-rha-2-2-x-1ml\/#primaryimage"},"thumbnailUrl":"https:\/\/cdn.mylipfiller.com\/wp-content\/uploads\/2020\/06\/Teosyal-RHA2.jpg","datePublished":"2020-06-18T13:29:02+00:00","dateModified":"2024-03-08T16:37:56+00:00","description":"\u2765Compra Teosyal RHA 2 (2 x 1ml) \u23e9 Tienda online My Lip Filler \u27a6 Garant\u00eda de calidad, rese\u00f1as, ingredientes, \u00a1los mejores precios!","breadcrumb":{"@id":"https:\/\/mylipfiller.com\/teosyal-rha-2-2-x-1ml\/#breadcrumb"},"inLanguage":"es","potentialAction":[{"@type":"ReadAction","target":["https:\/\/mylipfiller.com\/teosyal-rha-2-2-x-1ml\/"]}]},{"@type":"ImageObject","inLanguage":"es","@id":"https:\/\/mylipfiller.com\/teosyal-rha-2-2-x-1ml\/#primaryimage","url":"https:\/\/cdn.mylipfiller.com\/wp-content\/uploads\/2020\/06\/Teosyal-RHA2.jpg","contentUrl":"https:\/\/cdn.mylipfiller.com\/wp-content\/uploads\/2020\/06\/Teosyal-RHA2.jpg","width":600,"height":600,"caption":"Teosyal RHA2"},{"@type":"BreadcrumbList","@id":"https:\/\/mylipfiller.com\/teosyal-rha-2-2-x-1ml\/#breadcrumb","itemListElement":[{"@type":"ListItem","position":1,"name":"Home","item":"https:\/\/mylipfiller.com\/"},{"@type":"ListItem","position":2,"name":"Shop","item":"https:\/\/mylipfiller.com\/shop\/"},{"@type":"ListItem","position":3,"name":"Teosyal RHA 2 (2 x 1ml)"}]},{"@type":"WebSite","@id":"https:\/\/mylipfiller.com\/#website","url":"https:\/\/mylipfiller.com\/","name":"Mi relleno de labios","description":"Rellenos d\u00e9rmicos y de labios con \u00e1cido hialur\u00f3nico","publisher":{"@id":"https:\/\/mylipfiller.com\/#organization"},"potentialAction":[{"@type":"SearchAction","target":{"@type":"EntryPoint","urlTemplate":"https:\/\/mylipfiller.com\/?s={search_term_string}"},"query-input":{"@type":"PropertyValueSpecification","valueRequired":true,"valueName":"search_term_string"}}],"inLanguage":"es"},{"@type":"Organization","@id":"https:\/\/mylipfiller.com\/#organization","name":"Mi relleno de labios","url":"https:\/\/mylipfiller.com\/","logo":{"@type":"ImageObject","inLanguage":"es","@id":"https:\/\/mylipfiller.com\/#\/schema\/logo\/image\/","url":"https:\/\/cdn.mylipfiller.com\/wp-content\/uploads\/2019\/02\/cropped-My-Lip-Filler-Logo.png","contentUrl":"https:\/\/cdn.mylipfiller.com\/wp-content\/uploads\/2019\/02\/cropped-My-Lip-Filler-Logo.png","width":240,"height":88,"caption":"My Lip Filler"},"image":{"@id":"https:\/\/mylipfiller.com\/#\/schema\/logo\/image\/"}}]}},"_links":{"self":[{"href":"https:\/\/mylipfiller.com\/es\/wp-json\/wp\/v2\/product\/17622","targetHints":{"allow":["GET"]}}],"collection":[{"href":"https:\/\/mylipfiller.com\/es\/wp-json\/wp\/v2\/product"}],"about":[{"href":"https:\/\/mylipfiller.com\/es\/wp-json\/wp\/v2\/types\/product"}],"wp:featuredmedia":[{"embeddable":true,"href":"https:\/\/mylipfiller.com\/es\/wp-json\/wp\/v2\/media\/17624"}],"wp:attachment":[{"href":"https:\/\/mylipfiller.com\/es\/wp-json\/wp\/v2\/media?parent=17622"}],"wp:term":[{"taxonomy":"product_brand","embeddable":true,"href":"https:\/\/mylipfiller.com\/es\/wp-json\/wp\/v2\/product_brand?post=17622"},{"taxonomy":"product_cat","embeddable":true,"href":"https:\/\/mylipfiller.com\/es\/wp-json\/wp\/v2\/product_cat?post=17622"},{"taxonomy":"product_tag","embeddable":true,"href":"https:\/\/mylipfiller.com\/es\/wp-json\/wp\/v2\/product_tag?post=17622"}],"curies":[{"name":"gracias","href":"https:\/\/api.w.org\/{rel}","templated":true}]}}