{"id":18850,"date":"2020-08-25T19:02:46","date_gmt":"2020-08-25T17:02:46","guid":{"rendered":"https:\/\/mylipfiller.com\/?post_type=product&#038;p=18850"},"modified":"2024-07-03T17:32:33","modified_gmt":"2024-07-03T15:32:33","slug":"yvoire-classic-plus-1-x-1ml","status":"publish","type":"product","link":"https:\/\/mylipfiller.com\/es\/yvoire-classic-plus-1-x-1ml\/","title":{"rendered":"Yvoire Classic Plus (1 x 1 ml)"},"content":{"rendered":"<p>La gente asocia la marca LG con la mejor calidad y por una buena raz\u00f3n. Lo que, quiz\u00e1s, algunos no se dan cuenta es que, adem\u00e1s de los productos tecnol\u00f3gicos, el gigante coreano tambi\u00e9n es un fabricante establecido de productos y dispositivos m\u00e9dicos, incluidos los rellenos d\u00e9rmicos. Su subdivisi\u00f3n LG Chem ha creado una de las mejores l\u00edneas de rellenos HA inyectables disponibles para la compra en la actualidad: Yvoire.<\/p>\n<p>El Yvoire Classic Plus es la contraparte de lidoca\u00edna del Classic S: el mismo gel de \u00e1cido hialur\u00f3nico pero con lidoca\u00edna 0.3% para reducir el dolor y las molestias durante el procedimiento. La concentraci\u00f3n de HA es de 22 ml \/ ml y esta es una oferta s\u00f3lida general para los m\u00e9dicos que buscan un relleno de eliminaci\u00f3n de arrugas duradero. Con Yvoire Classic los dermat\u00f3logos pueden cuidar f\u00e1cilmente de sus pacientes las arrugas superficiales, las l\u00edneas glabelares, los pliegues nasolabiales superficiales u otras imperfecciones cut\u00e1neas menos pronunciadas.<\/p>\n<p>Utilizando el poder del \u00e1cido hialur\u00f3nico, el relleno no solo restaurar\u00e1 el volumen perdido en \u00e1reas con depresiones cut\u00e1neas, sino que a medida que se disuelve lentamente con el tiempo, mejorar\u00e1 la condici\u00f3n de la piel en el \u00e1rea de inyecci\u00f3n, mejorando la hidrataci\u00f3n y retenci\u00f3n de humedad.<\/p>\n<h3>Yvoire Classic Plus: el paquete<\/h3>\n<ul>\n<li>Jeringa precargada con gel inyectable de 1 ml<\/li>\n<li>Dos agujas de inyecci\u00f3n (27G y 30G)<\/li>\n<li>Manual de instrucciones<\/li>\n<\/ul>\n<p>La llenadora Yvoire Classic Plus est\u00e1 lista para su aplicaci\u00f3n y no se necesitan dispositivos adicionales para su uso.<\/p>","protected":false},"excerpt":{"rendered":"<p>Fabricado y desarrollado por LG Chem, Yvoire Classic Plus es una excelente oferta para dermat\u00f3logos y expertos en belleza que desean un relleno suave que elimine las arrugas y los pliegues delicados de la piel de la manera m\u00e1s natural posible. Este es un relleno de inyecci\u00f3n casi indoloro, que puede proporcionar hasta 6-8 meses de eliminaci\u00f3n de arrugas superficiales, sin riesgo de que el gel HA se desplace.<\/p>","protected":false},"featured_media":18853,"template":"","meta":{"_acf_changed":false},"product_brand":[],"product_cat":[183,32,71],"product_tag":[144,125,111,126,112,128,151,117,146,137,108,119,148,127],"class_list":{"0":"post-18850","1":"product","2":"type-product","3":"status-publish","4":"has-post-thumbnail","6":"product_cat-lg-chem","7":"product_cat-soft","8":"product_cat-yvoire","9":"product_tag-anti-wrinkle","10":"product_tag-crows-feet","11":"product_tag-face","12":"product_tag-fine-lines","13":"product_tag-forehead","14":"product_tag-forehead-wrinkles","15":"product_tag-hyaluronic-acid-ha-fillers","16":"product_tag-low-density","17":"product_tag-smoothing","18":"product_tag-south-korea","19":"product_tag-under-eye","20":"product_tag-up-to-9-months","21":"product_tag-upper-dermis","22":"product_tag-wrinkles-around-the-eyes","24":"first","25":"outofstock","26":"taxable","27":"shipping-taxable","28":"purchasable","29":"product-type-simple"},"acf":[],"yoast_head":"<!-- This site is optimized with the Yoast SEO plugin v27.2 - https:\/\/yoast.com\/product\/yoast-seo-wordpress\/ -->\n<title>Buy Yvoire Classic Plus (1 x 1ml) - Fillers from My Lip Filler<\/title>\n<meta name=\"description\" content=\"\u2765Buy Yvoire Classic Plus (1 x 1ml) \u23e9 My Lip Filler online store \u27a6 Quality assurance, reviews, ingredients, best prices!\" \/>\n<meta name=\"robots\" content=\"index, follow, max-snippet:-1, max-image-preview:large, max-video-preview:-1\" \/>\n<link rel=\"canonical\" href=\"https:\/\/mylipfiller.com\/es\/yvoire-classic-plus-1-x-1ml\/\" \/>\n<meta property=\"og:locale\" content=\"es_MX\" \/>\n<meta property=\"og:type\" content=\"article\" \/>\n<meta property=\"og:title\" content=\"Buy Yvoire Classic Plus (1 x 1ml) - Fillers from My Lip Filler\" \/>\n<meta property=\"og:description\" content=\"\u2765Buy Yvoire Classic Plus (1 x 1ml) \u23e9 My Lip Filler online store \u27a6 Quality assurance, reviews, ingredients, best prices!\" \/>\n<meta property=\"og:url\" content=\"https:\/\/mylipfiller.com\/es\/yvoire-classic-plus-1-x-1ml\/\" \/>\n<meta property=\"og:site_name\" content=\"My Lip Filler\" \/>\n<meta property=\"article:modified_time\" content=\"2024-07-03T15:32:33+00:00\" \/>\n<meta property=\"og:image\" content=\"https:\/\/cdn.mylipfiller.com\/wp-content\/uploads\/2020\/08\/Yvoire-Classic-Plus.jpg\" \/>\n\t<meta property=\"og:image:width\" content=\"600\" \/>\n\t<meta property=\"og:image:height\" content=\"600\" \/>\n\t<meta property=\"og:image:type\" content=\"image\/jpeg\" \/>\n<meta name=\"twitter:card\" content=\"summary_large_image\" \/>\n<meta name=\"twitter:label1\" content=\"Tiempo de lectura\" \/>\n\t<meta name=\"twitter:data1\" content=\"2 minutos\" \/>\n<script type=\"application\/ld+json\" class=\"yoast-schema-graph\">{\"@context\":\"https:\/\/schema.org\",\"@graph\":[{\"@type\":\"WebPage\",\"@id\":\"https:\/\/mylipfiller.com\/yvoire-classic-plus-1-x-1ml\/\",\"url\":\"https:\/\/mylipfiller.com\/yvoire-classic-plus-1-x-1ml\/\",\"name\":\"Buy Yvoire Classic Plus (1 x 1ml) - Fillers from My Lip Filler\",\"isPartOf\":{\"@id\":\"https:\/\/mylipfiller.com\/#website\"},\"primaryImageOfPage\":{\"@id\":\"https:\/\/mylipfiller.com\/yvoire-classic-plus-1-x-1ml\/#primaryimage\"},\"image\":{\"@id\":\"https:\/\/mylipfiller.com\/yvoire-classic-plus-1-x-1ml\/#primaryimage\"},\"thumbnailUrl\":\"https:\/\/cdn.mylipfiller.com\/wp-content\/uploads\/2020\/08\/Yvoire-Classic-Plus.jpg\",\"datePublished\":\"2020-08-25T17:02:46+00:00\",\"dateModified\":\"2024-07-03T15:32:33+00:00\",\"description\":\"\u2765Buy Yvoire Classic Plus (1 x 1ml) \u23e9 My Lip Filler online store \u27a6 Quality assurance, reviews, ingredients, best prices!\",\"breadcrumb\":{\"@id\":\"https:\/\/mylipfiller.com\/yvoire-classic-plus-1-x-1ml\/#breadcrumb\"},\"inLanguage\":\"es\",\"potentialAction\":[{\"@type\":\"ReadAction\",\"target\":[\"https:\/\/mylipfiller.com\/yvoire-classic-plus-1-x-1ml\/\"]}]},{\"@type\":\"ImageObject\",\"inLanguage\":\"es\",\"@id\":\"https:\/\/mylipfiller.com\/yvoire-classic-plus-1-x-1ml\/#primaryimage\",\"url\":\"https:\/\/cdn.mylipfiller.com\/wp-content\/uploads\/2020\/08\/Yvoire-Classic-Plus.jpg\",\"contentUrl\":\"https:\/\/cdn.mylipfiller.com\/wp-content\/uploads\/2020\/08\/Yvoire-Classic-Plus.jpg\",\"width\":600,\"height\":600,\"caption\":\"Yvoire Classic Plus\"},{\"@type\":\"BreadcrumbList\",\"@id\":\"https:\/\/mylipfiller.com\/yvoire-classic-plus-1-x-1ml\/#breadcrumb\",\"itemListElement\":[{\"@type\":\"ListItem\",\"position\":1,\"name\":\"Home\",\"item\":\"https:\/\/mylipfiller.com\/\"},{\"@type\":\"ListItem\",\"position\":2,\"name\":\"Shop\",\"item\":\"https:\/\/mylipfiller.com\/shop\/\"},{\"@type\":\"ListItem\",\"position\":3,\"name\":\"Yvoire Classic Plus (1 x 1ml)\"}]},{\"@type\":\"WebSite\",\"@id\":\"https:\/\/mylipfiller.com\/#website\",\"url\":\"https:\/\/mylipfiller.com\/\",\"name\":\"My Lip Filler\",\"description\":\"Hyaluronic Acid Lip and Dermal Fillers\",\"publisher\":{\"@id\":\"https:\/\/mylipfiller.com\/#organization\"},\"potentialAction\":[{\"@type\":\"SearchAction\",\"target\":{\"@type\":\"EntryPoint\",\"urlTemplate\":\"https:\/\/mylipfiller.com\/?s={search_term_string}\"},\"query-input\":{\"@type\":\"PropertyValueSpecification\",\"valueRequired\":true,\"valueName\":\"search_term_string\"}}],\"inLanguage\":\"es\"},{\"@type\":\"Organization\",\"@id\":\"https:\/\/mylipfiller.com\/#organization\",\"name\":\"My Lip Filler\",\"url\":\"https:\/\/mylipfiller.com\/\",\"logo\":{\"@type\":\"ImageObject\",\"inLanguage\":\"es\",\"@id\":\"https:\/\/mylipfiller.com\/#\/schema\/logo\/image\/\",\"url\":\"https:\/\/cdn.mylipfiller.com\/wp-content\/uploads\/2019\/02\/cropped-My-Lip-Filler-Logo.png\",\"contentUrl\":\"https:\/\/cdn.mylipfiller.com\/wp-content\/uploads\/2019\/02\/cropped-My-Lip-Filler-Logo.png\",\"width\":240,\"height\":88,\"caption\":\"My Lip Filler\"},\"image\":{\"@id\":\"https:\/\/mylipfiller.com\/#\/schema\/logo\/image\/\"}}]}<\/script>\n<!-- \/ Yoast SEO plugin. -->","yoast_head_json":{"title":"Comprar Yvoire Classic Plus (1 x 1ml) - Rellenos de My Lip Filler","description":"\u2765Compra Yvoire Classic Plus (1 x 1ml) \u23e9 Tienda online My Lip Filler \u27a6 Garant\u00eda de calidad, rese\u00f1as, ingredientes, \u00a1los mejores precios!","robots":{"index":"index","follow":"follow","max-snippet":"max-snippet:-1","max-image-preview":"max-image-preview:large","max-video-preview":"max-video-preview:-1"},"canonical":"https:\/\/mylipfiller.com\/es\/yvoire-classic-plus-1-x-1ml\/","og_locale":"es_MX","og_type":"article","og_title":"Buy Yvoire Classic Plus (1 x 1ml) - Fillers from My Lip Filler","og_description":"\u2765Buy Yvoire Classic Plus (1 x 1ml) \u23e9 My Lip Filler online store \u27a6 Quality assurance, reviews, ingredients, best prices!","og_url":"https:\/\/mylipfiller.com\/es\/yvoire-classic-plus-1-x-1ml\/","og_site_name":"My Lip Filler","article_modified_time":"2024-07-03T15:32:33+00:00","og_image":[{"width":600,"height":600,"url":"https:\/\/cdn.mylipfiller.com\/wp-content\/uploads\/2020\/08\/Yvoire-Classic-Plus.jpg","type":"image\/jpeg"}],"twitter_card":"summary_large_image","twitter_misc":{"Tiempo de lectura":"2 minutos"},"schema":{"@context":"https:\/\/schema.org","@graph":[{"@type":"WebPage","@id":"https:\/\/mylipfiller.com\/yvoire-classic-plus-1-x-1ml\/","url":"https:\/\/mylipfiller.com\/yvoire-classic-plus-1-x-1ml\/","name":"Comprar Yvoire Classic Plus (1 x 1ml) - Rellenos de My Lip Filler","isPartOf":{"@id":"https:\/\/mylipfiller.com\/#website"},"primaryImageOfPage":{"@id":"https:\/\/mylipfiller.com\/yvoire-classic-plus-1-x-1ml\/#primaryimage"},"image":{"@id":"https:\/\/mylipfiller.com\/yvoire-classic-plus-1-x-1ml\/#primaryimage"},"thumbnailUrl":"https:\/\/cdn.mylipfiller.com\/wp-content\/uploads\/2020\/08\/Yvoire-Classic-Plus.jpg","datePublished":"2020-08-25T17:02:46+00:00","dateModified":"2024-07-03T15:32:33+00:00","description":"\u2765Compra Yvoire Classic Plus (1 x 1ml) \u23e9 Tienda online My Lip Filler \u27a6 Garant\u00eda de calidad, rese\u00f1as, ingredientes, \u00a1los mejores precios!","breadcrumb":{"@id":"https:\/\/mylipfiller.com\/yvoire-classic-plus-1-x-1ml\/#breadcrumb"},"inLanguage":"es","potentialAction":[{"@type":"ReadAction","target":["https:\/\/mylipfiller.com\/yvoire-classic-plus-1-x-1ml\/"]}]},{"@type":"ImageObject","inLanguage":"es","@id":"https:\/\/mylipfiller.com\/yvoire-classic-plus-1-x-1ml\/#primaryimage","url":"https:\/\/cdn.mylipfiller.com\/wp-content\/uploads\/2020\/08\/Yvoire-Classic-Plus.jpg","contentUrl":"https:\/\/cdn.mylipfiller.com\/wp-content\/uploads\/2020\/08\/Yvoire-Classic-Plus.jpg","width":600,"height":600,"caption":"Yvoire Classic Plus"},{"@type":"BreadcrumbList","@id":"https:\/\/mylipfiller.com\/yvoire-classic-plus-1-x-1ml\/#breadcrumb","itemListElement":[{"@type":"ListItem","position":1,"name":"Home","item":"https:\/\/mylipfiller.com\/"},{"@type":"ListItem","position":2,"name":"Shop","item":"https:\/\/mylipfiller.com\/shop\/"},{"@type":"ListItem","position":3,"name":"Yvoire Classic Plus (1 x 1ml)"}]},{"@type":"WebSite","@id":"https:\/\/mylipfiller.com\/#website","url":"https:\/\/mylipfiller.com\/","name":"Mi relleno de labios","description":"Rellenos d\u00e9rmicos y de labios con \u00e1cido hialur\u00f3nico","publisher":{"@id":"https:\/\/mylipfiller.com\/#organization"},"potentialAction":[{"@type":"SearchAction","target":{"@type":"EntryPoint","urlTemplate":"https:\/\/mylipfiller.com\/?s={search_term_string}"},"query-input":{"@type":"PropertyValueSpecification","valueRequired":true,"valueName":"search_term_string"}}],"inLanguage":"es"},{"@type":"Organization","@id":"https:\/\/mylipfiller.com\/#organization","name":"Mi relleno de labios","url":"https:\/\/mylipfiller.com\/","logo":{"@type":"ImageObject","inLanguage":"es","@id":"https:\/\/mylipfiller.com\/#\/schema\/logo\/image\/","url":"https:\/\/cdn.mylipfiller.com\/wp-content\/uploads\/2019\/02\/cropped-My-Lip-Filler-Logo.png","contentUrl":"https:\/\/cdn.mylipfiller.com\/wp-content\/uploads\/2019\/02\/cropped-My-Lip-Filler-Logo.png","width":240,"height":88,"caption":"My Lip Filler"},"image":{"@id":"https:\/\/mylipfiller.com\/#\/schema\/logo\/image\/"}}]}},"_links":{"self":[{"href":"https:\/\/mylipfiller.com\/es\/wp-json\/wp\/v2\/product\/18850","targetHints":{"allow":["GET"]}}],"collection":[{"href":"https:\/\/mylipfiller.com\/es\/wp-json\/wp\/v2\/product"}],"about":[{"href":"https:\/\/mylipfiller.com\/es\/wp-json\/wp\/v2\/types\/product"}],"wp:featuredmedia":[{"embeddable":true,"href":"https:\/\/mylipfiller.com\/es\/wp-json\/wp\/v2\/media\/18853"}],"wp:attachment":[{"href":"https:\/\/mylipfiller.com\/es\/wp-json\/wp\/v2\/media?parent=18850"}],"wp:term":[{"taxonomy":"product_brand","embeddable":true,"href":"https:\/\/mylipfiller.com\/es\/wp-json\/wp\/v2\/product_brand?post=18850"},{"taxonomy":"product_cat","embeddable":true,"href":"https:\/\/mylipfiller.com\/es\/wp-json\/wp\/v2\/product_cat?post=18850"},{"taxonomy":"product_tag","embeddable":true,"href":"https:\/\/mylipfiller.com\/es\/wp-json\/wp\/v2\/product_tag?post=18850"}],"curies":[{"name":"gracias","href":"https:\/\/api.w.org\/{rel}","templated":true}]}}