{"id":18851,"date":"2020-08-25T19:02:58","date_gmt":"2020-08-25T17:02:58","guid":{"rendered":"https:\/\/mylipfiller.com\/?post_type=product&#038;p=18851"},"modified":"2024-07-03T17:32:33","modified_gmt":"2024-07-03T15:32:33","slug":"yvoire-volume-plus-1-x-1ml","status":"publish","type":"product","link":"https:\/\/mylipfiller.com\/es\/yvoire-volume-plus-1-x-1ml\/","title":{"rendered":"Yvoire Volume Plus (1 x 1 ml)"},"content":{"rendered":"<p>Toda la l\u00ednea de masillas Yvoire se fabrica pensando en la restauraci\u00f3n del volumen. Yvoice Volume Plus no es una excepci\u00f3n, como sugiere su nombre, y puede ser una herramienta de belleza eficaz para:<\/p>\n<ul>\n<li>Mejoras en los labios<\/li>\n<li>Eliminaci\u00f3n del pliegue nasolabial<\/li>\n<li>Eliminaci\u00f3n de arrugas profundas<\/li>\n<li>Tratamiento moderado de pliegues cut\u00e1neos<\/li>\n<\/ul>\n<p>Este relleno de labios tiene una concentraci\u00f3n de \u00e1cido hialur\u00f3nico de 22 mg \/ ml y un tama\u00f1o de part\u00edcula de 900 \u03bcm, que es un poco m\u00e1s grande que el relleno &quot;profundo&quot; promedio, lo que hace que el gel sea un poco m\u00e1s espeso. El gel HA inyectable perfecto para pacientes que buscan una sensaci\u00f3n m\u00e1s firme en sus labios o incluso para tratar pliegues nasolabiales bien pronunciados.<\/p>\n<h3>El relleno Yvoire Volume Plus es una soluci\u00f3n lista para usar<\/h3>\n<p>Una de las mejores caracter\u00edsticas del relleno Yvoire Volume Plus es que est\u00e1 listo para su uso. La caja incluye la jeringa precargada y las dos agujas de inyecci\u00f3n, en un envase interno est\u00e9ril, lo que significa que el m\u00e9dico puede realizar inmediatamente el procedimiento de inyecci\u00f3n indoloro. Por lo general, no se requiere tiempo de inactividad ni tratamiento adicional por parte del paciente. Los efectos secundarios normalmente se limitan a irritaci\u00f3n leve, hematomas y \/ o enrojecimiento en el \u00e1rea de la inyecci\u00f3n.<\/p>","protected":false},"excerpt":{"rendered":"<p>Yvoire Volume Plus es un buen relleno de uso general de grosor medio, que tiene la versatilidad de restaurar el volumen de la piel y tratar los pliegues y depresiones cut\u00e1neas de moderadamente profundos a profundos. Adem\u00e1s, este gel inyectable HA de LG Chem puede proporcionar a los pacientes excelentes resultados cuando se usa para aumentar, dar forma, dar forma y mejorar el volumen en el \u00e1rea de los labios, es decir, cuando se usa Yvoire Volume Plus como relleno de labios. La inyecci\u00f3n del producto en s\u00ed es completamente indolora ya que contiene 0.3% de lidoca\u00edna.<\/p>","protected":false},"featured_media":18855,"template":"","meta":{"_acf_changed":false},"product_brand":[],"product_cat":[183,33,71],"product_tag":[111,151,133,107,134,137,120],"class_list":{"0":"post-18851","1":"product","2":"type-product","3":"status-publish","4":"has-post-thumbnail","6":"product_cat-lg-chem","7":"product_cat-lip","8":"product_cat-yvoire","9":"product_tag-face","10":"product_tag-hyaluronic-acid-ha-fillers","11":"product_tag-marionette-lines","12":"product_tag-nasolabial-folds","13":"product_tag-small-lips","14":"product_tag-south-korea","15":"product_tag-up-to-12-months","17":"first","18":"outofstock","19":"taxable","20":"shipping-taxable","21":"purchasable","22":"product-type-simple"},"acf":[],"yoast_head":"<!-- This site is optimized with the Yoast SEO plugin v27.2 - https:\/\/yoast.com\/product\/yoast-seo-wordpress\/ -->\n<title>Buy Yvoire Volume Plus (1 x 1ml) - Fillers from My Lip Filler<\/title>\n<meta name=\"description\" content=\"\u2765Buy Yvoire Volume Plus (1 x 1ml) \u23e9 My Lip Filler online store \u27a6 Quality assurance, reviews, ingredients, best prices!\" \/>\n<meta name=\"robots\" content=\"index, follow, max-snippet:-1, max-image-preview:large, max-video-preview:-1\" \/>\n<link rel=\"canonical\" href=\"https:\/\/mylipfiller.com\/es\/yvoire-volume-plus-1-x-1ml\/\" \/>\n<meta property=\"og:locale\" content=\"es_MX\" \/>\n<meta property=\"og:type\" content=\"article\" \/>\n<meta property=\"og:title\" content=\"Buy Yvoire Volume Plus (1 x 1ml) - Fillers from My Lip Filler\" \/>\n<meta property=\"og:description\" content=\"\u2765Buy Yvoire Volume Plus (1 x 1ml) \u23e9 My Lip Filler online store \u27a6 Quality assurance, reviews, ingredients, best prices!\" \/>\n<meta property=\"og:url\" content=\"https:\/\/mylipfiller.com\/es\/yvoire-volume-plus-1-x-1ml\/\" \/>\n<meta property=\"og:site_name\" content=\"My Lip Filler\" \/>\n<meta property=\"article:modified_time\" content=\"2024-07-03T15:32:33+00:00\" \/>\n<meta property=\"og:image\" content=\"https:\/\/cdn.mylipfiller.com\/wp-content\/uploads\/2020\/08\/Yvoire-Volume-Plus.jpg\" \/>\n\t<meta property=\"og:image:width\" content=\"600\" \/>\n\t<meta property=\"og:image:height\" content=\"600\" \/>\n\t<meta property=\"og:image:type\" content=\"image\/jpeg\" \/>\n<meta name=\"twitter:card\" content=\"summary_large_image\" \/>\n<meta name=\"twitter:label1\" content=\"Tiempo de lectura\" \/>\n\t<meta name=\"twitter:data1\" content=\"2 minutos\" \/>\n<script type=\"application\/ld+json\" class=\"yoast-schema-graph\">{\"@context\":\"https:\/\/schema.org\",\"@graph\":[{\"@type\":\"WebPage\",\"@id\":\"https:\/\/mylipfiller.com\/yvoire-volume-plus-1-x-1ml\/\",\"url\":\"https:\/\/mylipfiller.com\/yvoire-volume-plus-1-x-1ml\/\",\"name\":\"Buy Yvoire Volume Plus (1 x 1ml) - Fillers from My Lip Filler\",\"isPartOf\":{\"@id\":\"https:\/\/mylipfiller.com\/#website\"},\"primaryImageOfPage\":{\"@id\":\"https:\/\/mylipfiller.com\/yvoire-volume-plus-1-x-1ml\/#primaryimage\"},\"image\":{\"@id\":\"https:\/\/mylipfiller.com\/yvoire-volume-plus-1-x-1ml\/#primaryimage\"},\"thumbnailUrl\":\"https:\/\/cdn.mylipfiller.com\/wp-content\/uploads\/2020\/08\/Yvoire-Volume-Plus.jpg\",\"datePublished\":\"2020-08-25T17:02:58+00:00\",\"dateModified\":\"2024-07-03T15:32:33+00:00\",\"description\":\"\u2765Buy Yvoire Volume Plus (1 x 1ml) \u23e9 My Lip Filler online store \u27a6 Quality assurance, reviews, ingredients, best prices!\",\"breadcrumb\":{\"@id\":\"https:\/\/mylipfiller.com\/yvoire-volume-plus-1-x-1ml\/#breadcrumb\"},\"inLanguage\":\"es\",\"potentialAction\":[{\"@type\":\"ReadAction\",\"target\":[\"https:\/\/mylipfiller.com\/yvoire-volume-plus-1-x-1ml\/\"]}]},{\"@type\":\"ImageObject\",\"inLanguage\":\"es\",\"@id\":\"https:\/\/mylipfiller.com\/yvoire-volume-plus-1-x-1ml\/#primaryimage\",\"url\":\"https:\/\/cdn.mylipfiller.com\/wp-content\/uploads\/2020\/08\/Yvoire-Volume-Plus.jpg\",\"contentUrl\":\"https:\/\/cdn.mylipfiller.com\/wp-content\/uploads\/2020\/08\/Yvoire-Volume-Plus.jpg\",\"width\":600,\"height\":600,\"caption\":\"Yvoire Volume Plus\"},{\"@type\":\"BreadcrumbList\",\"@id\":\"https:\/\/mylipfiller.com\/yvoire-volume-plus-1-x-1ml\/#breadcrumb\",\"itemListElement\":[{\"@type\":\"ListItem\",\"position\":1,\"name\":\"Home\",\"item\":\"https:\/\/mylipfiller.com\/\"},{\"@type\":\"ListItem\",\"position\":2,\"name\":\"Shop\",\"item\":\"https:\/\/mylipfiller.com\/shop\/\"},{\"@type\":\"ListItem\",\"position\":3,\"name\":\"Yvoire Volume Plus (1 x 1ml)\"}]},{\"@type\":\"WebSite\",\"@id\":\"https:\/\/mylipfiller.com\/#website\",\"url\":\"https:\/\/mylipfiller.com\/\",\"name\":\"My Lip Filler\",\"description\":\"Hyaluronic Acid Lip and Dermal Fillers\",\"publisher\":{\"@id\":\"https:\/\/mylipfiller.com\/#organization\"},\"potentialAction\":[{\"@type\":\"SearchAction\",\"target\":{\"@type\":\"EntryPoint\",\"urlTemplate\":\"https:\/\/mylipfiller.com\/?s={search_term_string}\"},\"query-input\":{\"@type\":\"PropertyValueSpecification\",\"valueRequired\":true,\"valueName\":\"search_term_string\"}}],\"inLanguage\":\"es\"},{\"@type\":\"Organization\",\"@id\":\"https:\/\/mylipfiller.com\/#organization\",\"name\":\"My Lip Filler\",\"url\":\"https:\/\/mylipfiller.com\/\",\"logo\":{\"@type\":\"ImageObject\",\"inLanguage\":\"es\",\"@id\":\"https:\/\/mylipfiller.com\/#\/schema\/logo\/image\/\",\"url\":\"https:\/\/cdn.mylipfiller.com\/wp-content\/uploads\/2019\/02\/cropped-My-Lip-Filler-Logo.png\",\"contentUrl\":\"https:\/\/cdn.mylipfiller.com\/wp-content\/uploads\/2019\/02\/cropped-My-Lip-Filler-Logo.png\",\"width\":240,\"height\":88,\"caption\":\"My Lip Filler\"},\"image\":{\"@id\":\"https:\/\/mylipfiller.com\/#\/schema\/logo\/image\/\"}}]}<\/script>\n<!-- \/ Yoast SEO plugin. -->","yoast_head_json":{"title":"Comprar Yvoire Volume Plus (1 x 1ml) - Rellenos de My Lip Filler","description":"\u2765Compra Yvoire Volume Plus (1 x 1ml) \u23e9 Tienda online My Lip Filler \u27a6 Garant\u00eda de calidad, rese\u00f1as, ingredientes, \u00a1los mejores precios!","robots":{"index":"index","follow":"follow","max-snippet":"max-snippet:-1","max-image-preview":"max-image-preview:large","max-video-preview":"max-video-preview:-1"},"canonical":"https:\/\/mylipfiller.com\/es\/yvoire-volume-plus-1-x-1ml\/","og_locale":"es_MX","og_type":"article","og_title":"Buy Yvoire Volume Plus (1 x 1ml) - Fillers from My Lip Filler","og_description":"\u2765Buy Yvoire Volume Plus (1 x 1ml) \u23e9 My Lip Filler online store \u27a6 Quality assurance, reviews, ingredients, best prices!","og_url":"https:\/\/mylipfiller.com\/es\/yvoire-volume-plus-1-x-1ml\/","og_site_name":"My Lip Filler","article_modified_time":"2024-07-03T15:32:33+00:00","og_image":[{"width":600,"height":600,"url":"https:\/\/cdn.mylipfiller.com\/wp-content\/uploads\/2020\/08\/Yvoire-Volume-Plus.jpg","type":"image\/jpeg"}],"twitter_card":"summary_large_image","twitter_misc":{"Tiempo de lectura":"2 minutos"},"schema":{"@context":"https:\/\/schema.org","@graph":[{"@type":"WebPage","@id":"https:\/\/mylipfiller.com\/yvoire-volume-plus-1-x-1ml\/","url":"https:\/\/mylipfiller.com\/yvoire-volume-plus-1-x-1ml\/","name":"Comprar Yvoire Volume Plus (1 x 1ml) - Rellenos de My Lip Filler","isPartOf":{"@id":"https:\/\/mylipfiller.com\/#website"},"primaryImageOfPage":{"@id":"https:\/\/mylipfiller.com\/yvoire-volume-plus-1-x-1ml\/#primaryimage"},"image":{"@id":"https:\/\/mylipfiller.com\/yvoire-volume-plus-1-x-1ml\/#primaryimage"},"thumbnailUrl":"https:\/\/cdn.mylipfiller.com\/wp-content\/uploads\/2020\/08\/Yvoire-Volume-Plus.jpg","datePublished":"2020-08-25T17:02:58+00:00","dateModified":"2024-07-03T15:32:33+00:00","description":"\u2765Compra Yvoire Volume Plus (1 x 1ml) \u23e9 Tienda online My Lip Filler \u27a6 Garant\u00eda de calidad, rese\u00f1as, ingredientes, \u00a1los mejores precios!","breadcrumb":{"@id":"https:\/\/mylipfiller.com\/yvoire-volume-plus-1-x-1ml\/#breadcrumb"},"inLanguage":"es","potentialAction":[{"@type":"ReadAction","target":["https:\/\/mylipfiller.com\/yvoire-volume-plus-1-x-1ml\/"]}]},{"@type":"ImageObject","inLanguage":"es","@id":"https:\/\/mylipfiller.com\/yvoire-volume-plus-1-x-1ml\/#primaryimage","url":"https:\/\/cdn.mylipfiller.com\/wp-content\/uploads\/2020\/08\/Yvoire-Volume-Plus.jpg","contentUrl":"https:\/\/cdn.mylipfiller.com\/wp-content\/uploads\/2020\/08\/Yvoire-Volume-Plus.jpg","width":600,"height":600,"caption":"Yvoire Volume Plus"},{"@type":"BreadcrumbList","@id":"https:\/\/mylipfiller.com\/yvoire-volume-plus-1-x-1ml\/#breadcrumb","itemListElement":[{"@type":"ListItem","position":1,"name":"Home","item":"https:\/\/mylipfiller.com\/"},{"@type":"ListItem","position":2,"name":"Shop","item":"https:\/\/mylipfiller.com\/shop\/"},{"@type":"ListItem","position":3,"name":"Yvoire Volume Plus (1 x 1ml)"}]},{"@type":"WebSite","@id":"https:\/\/mylipfiller.com\/#website","url":"https:\/\/mylipfiller.com\/","name":"Mi relleno de labios","description":"Rellenos d\u00e9rmicos y de labios con \u00e1cido hialur\u00f3nico","publisher":{"@id":"https:\/\/mylipfiller.com\/#organization"},"potentialAction":[{"@type":"SearchAction","target":{"@type":"EntryPoint","urlTemplate":"https:\/\/mylipfiller.com\/?s={search_term_string}"},"query-input":{"@type":"PropertyValueSpecification","valueRequired":true,"valueName":"search_term_string"}}],"inLanguage":"es"},{"@type":"Organization","@id":"https:\/\/mylipfiller.com\/#organization","name":"Mi relleno de labios","url":"https:\/\/mylipfiller.com\/","logo":{"@type":"ImageObject","inLanguage":"es","@id":"https:\/\/mylipfiller.com\/#\/schema\/logo\/image\/","url":"https:\/\/cdn.mylipfiller.com\/wp-content\/uploads\/2019\/02\/cropped-My-Lip-Filler-Logo.png","contentUrl":"https:\/\/cdn.mylipfiller.com\/wp-content\/uploads\/2019\/02\/cropped-My-Lip-Filler-Logo.png","width":240,"height":88,"caption":"My Lip Filler"},"image":{"@id":"https:\/\/mylipfiller.com\/#\/schema\/logo\/image\/"}}]}},"_links":{"self":[{"href":"https:\/\/mylipfiller.com\/es\/wp-json\/wp\/v2\/product\/18851","targetHints":{"allow":["GET"]}}],"collection":[{"href":"https:\/\/mylipfiller.com\/es\/wp-json\/wp\/v2\/product"}],"about":[{"href":"https:\/\/mylipfiller.com\/es\/wp-json\/wp\/v2\/types\/product"}],"wp:featuredmedia":[{"embeddable":true,"href":"https:\/\/mylipfiller.com\/es\/wp-json\/wp\/v2\/media\/18855"}],"wp:attachment":[{"href":"https:\/\/mylipfiller.com\/es\/wp-json\/wp\/v2\/media?parent=18851"}],"wp:term":[{"taxonomy":"product_brand","embeddable":true,"href":"https:\/\/mylipfiller.com\/es\/wp-json\/wp\/v2\/product_brand?post=18851"},{"taxonomy":"product_cat","embeddable":true,"href":"https:\/\/mylipfiller.com\/es\/wp-json\/wp\/v2\/product_cat?post=18851"},{"taxonomy":"product_tag","embeddable":true,"href":"https:\/\/mylipfiller.com\/es\/wp-json\/wp\/v2\/product_tag?post=18851"}],"curies":[{"name":"gracias","href":"https:\/\/api.w.org\/{rel}","templated":true}]}}