{"id":18852,"date":"2020-08-25T19:03:09","date_gmt":"2020-08-25T17:03:09","guid":{"rendered":"https:\/\/mylipfiller.com\/?post_type=product&#038;p=18852"},"modified":"2024-07-03T17:32:33","modified_gmt":"2024-07-03T15:32:33","slug":"yvoire-contour-plus-1-x-1ml","status":"publish","type":"product","link":"https:\/\/mylipfiller.com\/es\/yvoire-contour-plus-1-x-1ml\/","title":{"rendered":"Yvoire Contour Plus (1 x 1 ml)"},"content":{"rendered":"<p>Al observar los datos b\u00e1sicos sobre Yvoire Contour Plus, parece un relleno coreano com\u00fan y corriente:<\/p>\n<ul>\n<li>22 mg \/ ml de concentraci\u00f3n de HA<\/li>\n<li>3% Lidoca\u00edna<\/li>\n<li>Gel hialur\u00f3nico inyectable de 1 ml en una jeringa precargada<\/li>\n<li>Dos agujas de inyecci\u00f3n<\/li>\n<\/ul>\n<p>Sin embargo, hay m\u00e1s de lo que parece. El tama\u00f1o de part\u00edcula de 1400\u03bcm comienza a contar una historia diferente, de un relleno de HA muy denso y s\u00f3lido, que se ha desarrollado espec\u00edficamente para mantener su forma, una vez aplicado correctamente. Con Yvoire Contour Plus, un dermat\u00f3logo experto puede hacer maravillas al aumentar la forma y el contorno de \u00e1reas como los p\u00f3mulos o la l\u00ednea de la mand\u00edbula. El resultado final se ver\u00e1 completamente natural e indistinguible para los espectadores que no sepan que se le ha inyectado un relleno d\u00e9rmico al paciente.<\/p>\n<p>Adem\u00e1s de los excelentes resultados, el relleno HA ofrece una comodidad adicional para el paciente. La duraci\u00f3n (es decir, el tiempo para disolver el gel hialur\u00f3nico) es larga. El relleno se asienta firmemente despu\u00e9s de la inyecci\u00f3n y no hay riesgo de &quot;fugas&quot;. Contiene 0.3% de lidoca\u00edna, por lo que la inyecci\u00f3n real es pr\u00e1cticamente indolora y, en general, requiere tiempo de inactividad, ya que los efectos adversos generalmente se limitan a leves hematomas e irritaci\u00f3n de la piel en el punto de entrada de la aguja de inyecci\u00f3n.<\/p>","protected":false},"excerpt":{"rendered":"<p>La restauraci\u00f3n del volumen es el objetivo clave de toda la l\u00ednea Yvoire. En lo que respecta a eliminar los pliegues cut\u00e1neos severos, mejorar el volumen de las mejillas o aumentar varias \u00e1reas de la cara o delinear las l\u00edneas faciales, el relleno Yvoire Contour Plus sobresale en todo. Este gel HA inyectable de LG Chem es una de las mejores ofertas de Corea en t\u00e9rminos de calidad, durabilidad y resultados de apariencia natural. Con un tama\u00f1o de part\u00edcula promedio extra grande de 1400\u03bcm, este es un relleno de \u00e1cido hialur\u00f3nico espeso, espec\u00edficamente dise\u00f1ado para el terreno y su forma una vez inyectado.<\/p>","protected":false},"featured_media":18854,"template":"","meta":{"_acf_changed":false},"product_brand":[],"product_cat":[34,183,71],"product_tag":[123,130,131,115,114,111,118,151,141,142,135,137,110,122,124],"class_list":{"0":"post-18852","1":"product","2":"type-product","3":"status-publish","4":"has-post-thumbnail","6":"product_cat-hard","7":"product_cat-lg-chem","8":"product_cat-yvoire","9":"product_tag-asymmetry","10":"product_tag-cheek-volume","11":"product_tag-cheekbone-contour","12":"product_tag-cheekbones","13":"product_tag-chin","14":"product_tag-face","15":"product_tag-high-density","16":"product_tag-hyaluronic-acid-ha-fillers","17":"product_tag-lifting","18":"product_tag-modeling","19":"product_tag-small-chin","20":"product_tag-south-korea","21":"product_tag-temple","22":"product_tag-up-to-18-months","23":"product_tag-volume","25":"first","26":"outofstock","27":"taxable","28":"shipping-taxable","29":"purchasable","30":"product-type-simple"},"acf":[],"yoast_head":"<!-- This site is optimized with the Yoast SEO plugin v27.4 - https:\/\/yoast.com\/product\/yoast-seo-wordpress\/ -->\n<title>Buy Yvoire Contour Plus (1 x 1ml) - Fillers from My Lip Filler<\/title>\n<meta name=\"description\" content=\"\u2765Buy Yvoire Contour Plus (1 x 1ml) \u23e9 My Lip Filler online store \u27a6 Quality assurance, reviews, ingredients, best prices!\" \/>\n<meta name=\"robots\" content=\"index, follow, max-snippet:-1, max-image-preview:large, max-video-preview:-1\" \/>\n<link rel=\"canonical\" href=\"https:\/\/mylipfiller.com\/es\/yvoire-contour-plus-1-x-1ml\/\" \/>\n<meta property=\"og:locale\" content=\"es_MX\" \/>\n<meta property=\"og:type\" content=\"article\" \/>\n<meta property=\"og:title\" content=\"Buy Yvoire Contour Plus (1 x 1ml) - Fillers from My Lip Filler\" \/>\n<meta property=\"og:description\" content=\"\u2765Buy Yvoire Contour Plus (1 x 1ml) \u23e9 My Lip Filler online store \u27a6 Quality assurance, reviews, ingredients, best prices!\" \/>\n<meta property=\"og:url\" content=\"https:\/\/mylipfiller.com\/es\/yvoire-contour-plus-1-x-1ml\/\" \/>\n<meta property=\"og:site_name\" content=\"My Lip Filler\" \/>\n<meta property=\"article:modified_time\" content=\"2024-07-03T15:32:33+00:00\" \/>\n<meta property=\"og:image\" content=\"https:\/\/cdn.mylipfiller.com\/wp-content\/uploads\/2020\/08\/Yvoire-Contour-Plus.jpg\" \/>\n\t<meta property=\"og:image:width\" content=\"600\" \/>\n\t<meta property=\"og:image:height\" content=\"600\" \/>\n\t<meta property=\"og:image:type\" content=\"image\/jpeg\" \/>\n<meta name=\"twitter:card\" content=\"summary_large_image\" \/>\n<meta name=\"twitter:label1\" content=\"Tiempo de lectura\" \/>\n\t<meta name=\"twitter:data1\" content=\"2 minutos\" \/>\n<script type=\"application\/ld+json\" class=\"yoast-schema-graph\">{\"@context\":\"https:\\\/\\\/schema.org\",\"@graph\":[{\"@type\":\"WebPage\",\"@id\":\"https:\\\/\\\/mylipfiller.com\\\/yvoire-contour-plus-1-x-1ml\\\/\",\"url\":\"https:\\\/\\\/mylipfiller.com\\\/yvoire-contour-plus-1-x-1ml\\\/\",\"name\":\"Buy Yvoire Contour Plus (1 x 1ml) - Fillers from My Lip Filler\",\"isPartOf\":{\"@id\":\"https:\\\/\\\/mylipfiller.com\\\/#website\"},\"primaryImageOfPage\":{\"@id\":\"https:\\\/\\\/mylipfiller.com\\\/yvoire-contour-plus-1-x-1ml\\\/#primaryimage\"},\"image\":{\"@id\":\"https:\\\/\\\/mylipfiller.com\\\/yvoire-contour-plus-1-x-1ml\\\/#primaryimage\"},\"thumbnailUrl\":\"https:\\\/\\\/mylipfiller.com\\\/wp-content\\\/uploads\\\/2020\\\/08\\\/Yvoire-Contour-Plus.jpg\",\"datePublished\":\"2020-08-25T17:03:09+00:00\",\"dateModified\":\"2024-07-03T15:32:33+00:00\",\"description\":\"\u2765Buy Yvoire Contour Plus (1 x 1ml) \u23e9 My Lip Filler online store \u27a6 Quality assurance, reviews, ingredients, best prices!\",\"breadcrumb\":{\"@id\":\"https:\\\/\\\/mylipfiller.com\\\/yvoire-contour-plus-1-x-1ml\\\/#breadcrumb\"},\"inLanguage\":\"es\",\"potentialAction\":[{\"@type\":\"ReadAction\",\"target\":[\"https:\\\/\\\/mylipfiller.com\\\/yvoire-contour-plus-1-x-1ml\\\/\"]}]},{\"@type\":\"ImageObject\",\"inLanguage\":\"es\",\"@id\":\"https:\\\/\\\/mylipfiller.com\\\/yvoire-contour-plus-1-x-1ml\\\/#primaryimage\",\"url\":\"https:\\\/\\\/mylipfiller.com\\\/wp-content\\\/uploads\\\/2020\\\/08\\\/Yvoire-Contour-Plus.jpg\",\"contentUrl\":\"https:\\\/\\\/mylipfiller.com\\\/wp-content\\\/uploads\\\/2020\\\/08\\\/Yvoire-Contour-Plus.jpg\",\"width\":600,\"height\":600,\"caption\":\"Yvoire Contour Plus\"},{\"@type\":\"BreadcrumbList\",\"@id\":\"https:\\\/\\\/mylipfiller.com\\\/yvoire-contour-plus-1-x-1ml\\\/#breadcrumb\",\"itemListElement\":[{\"@type\":\"ListItem\",\"position\":1,\"name\":\"Home\",\"item\":\"https:\\\/\\\/mylipfiller.com\\\/\"},{\"@type\":\"ListItem\",\"position\":2,\"name\":\"Shop\",\"item\":\"https:\\\/\\\/mylipfiller.com\\\/shop\\\/\"},{\"@type\":\"ListItem\",\"position\":3,\"name\":\"Yvoire Contour Plus (1 x 1ml)\"}]},{\"@type\":\"WebSite\",\"@id\":\"https:\\\/\\\/mylipfiller.com\\\/#website\",\"url\":\"https:\\\/\\\/mylipfiller.com\\\/\",\"name\":\"My Lip Filler\",\"description\":\"Hyaluronic Acid Lip and Dermal Fillers\",\"publisher\":{\"@id\":\"https:\\\/\\\/mylipfiller.com\\\/#organization\"},\"potentialAction\":[{\"@type\":\"SearchAction\",\"target\":{\"@type\":\"EntryPoint\",\"urlTemplate\":\"https:\\\/\\\/mylipfiller.com\\\/?s={search_term_string}\"},\"query-input\":{\"@type\":\"PropertyValueSpecification\",\"valueRequired\":true,\"valueName\":\"search_term_string\"}}],\"inLanguage\":\"es\"},{\"@type\":\"Organization\",\"@id\":\"https:\\\/\\\/mylipfiller.com\\\/#organization\",\"name\":\"My Lip Filler\",\"url\":\"https:\\\/\\\/mylipfiller.com\\\/\",\"logo\":{\"@type\":\"ImageObject\",\"inLanguage\":\"es\",\"@id\":\"https:\\\/\\\/mylipfiller.com\\\/#\\\/schema\\\/logo\\\/image\\\/\",\"url\":\"https:\\\/\\\/mylipfiller.com\\\/wp-content\\\/uploads\\\/2019\\\/02\\\/cropped-My-Lip-Filler-Logo.png\",\"contentUrl\":\"https:\\\/\\\/mylipfiller.com\\\/wp-content\\\/uploads\\\/2019\\\/02\\\/cropped-My-Lip-Filler-Logo.png\",\"width\":240,\"height\":88,\"caption\":\"My Lip Filler\"},\"image\":{\"@id\":\"https:\\\/\\\/mylipfiller.com\\\/#\\\/schema\\\/logo\\\/image\\\/\"}}]}<\/script>\n<!-- \/ Yoast SEO plugin. -->","yoast_head_json":{"title":"Comprar Yvoire Contour Plus (1 x 1ml) - Rellenos de My Lip Filler","description":"\u2765Compra Yvoire Contour Plus (1 x 1ml) \u23e9 Tienda online My Lip Filler \u27a6 Garant\u00eda de calidad, rese\u00f1as, ingredientes, \u00a1los mejores precios!","robots":{"index":"index","follow":"follow","max-snippet":"max-snippet:-1","max-image-preview":"max-image-preview:large","max-video-preview":"max-video-preview:-1"},"canonical":"https:\/\/mylipfiller.com\/es\/yvoire-contour-plus-1-x-1ml\/","og_locale":"es_MX","og_type":"article","og_title":"Buy Yvoire Contour Plus (1 x 1ml) - Fillers from My Lip Filler","og_description":"\u2765Buy Yvoire Contour Plus (1 x 1ml) \u23e9 My Lip Filler online store \u27a6 Quality assurance, reviews, ingredients, best prices!","og_url":"https:\/\/mylipfiller.com\/es\/yvoire-contour-plus-1-x-1ml\/","og_site_name":"My Lip Filler","article_modified_time":"2024-07-03T15:32:33+00:00","og_image":[{"width":600,"height":600,"url":"https:\/\/cdn.mylipfiller.com\/wp-content\/uploads\/2020\/08\/Yvoire-Contour-Plus.jpg","type":"image\/jpeg"}],"twitter_card":"summary_large_image","twitter_misc":{"Tiempo de lectura":"2 minutos"},"schema":{"@context":"https:\/\/schema.org","@graph":[{"@type":"WebPage","@id":"https:\/\/mylipfiller.com\/yvoire-contour-plus-1-x-1ml\/","url":"https:\/\/mylipfiller.com\/yvoire-contour-plus-1-x-1ml\/","name":"Comprar Yvoire Contour Plus (1 x 1ml) - Rellenos de My Lip Filler","isPartOf":{"@id":"https:\/\/mylipfiller.com\/#website"},"primaryImageOfPage":{"@id":"https:\/\/mylipfiller.com\/yvoire-contour-plus-1-x-1ml\/#primaryimage"},"image":{"@id":"https:\/\/mylipfiller.com\/yvoire-contour-plus-1-x-1ml\/#primaryimage"},"thumbnailUrl":"https:\/\/cdn.mylipfiller.com\/wp-content\/uploads\/2020\/08\/Yvoire-Contour-Plus.jpg","datePublished":"2020-08-25T17:03:09+00:00","dateModified":"2024-07-03T15:32:33+00:00","description":"\u2765Compra Yvoire Contour Plus (1 x 1ml) \u23e9 Tienda online My Lip Filler \u27a6 Garant\u00eda de calidad, rese\u00f1as, ingredientes, \u00a1los mejores precios!","breadcrumb":{"@id":"https:\/\/mylipfiller.com\/yvoire-contour-plus-1-x-1ml\/#breadcrumb"},"inLanguage":"es","potentialAction":[{"@type":"ReadAction","target":["https:\/\/mylipfiller.com\/yvoire-contour-plus-1-x-1ml\/"]}]},{"@type":"ImageObject","inLanguage":"es","@id":"https:\/\/mylipfiller.com\/yvoire-contour-plus-1-x-1ml\/#primaryimage","url":"https:\/\/cdn.mylipfiller.com\/wp-content\/uploads\/2020\/08\/Yvoire-Contour-Plus.jpg","contentUrl":"https:\/\/cdn.mylipfiller.com\/wp-content\/uploads\/2020\/08\/Yvoire-Contour-Plus.jpg","width":600,"height":600,"caption":"Yvoire Contour Plus"},{"@type":"BreadcrumbList","@id":"https:\/\/mylipfiller.com\/yvoire-contour-plus-1-x-1ml\/#breadcrumb","itemListElement":[{"@type":"ListItem","position":1,"name":"Home","item":"https:\/\/mylipfiller.com\/"},{"@type":"ListItem","position":2,"name":"Shop","item":"https:\/\/mylipfiller.com\/shop\/"},{"@type":"ListItem","position":3,"name":"Yvoire Contour Plus (1 x 1ml)"}]},{"@type":"WebSite","@id":"https:\/\/mylipfiller.com\/#website","url":"https:\/\/mylipfiller.com\/","name":"Mi relleno de labios","description":"Rellenos d\u00e9rmicos y de labios con \u00e1cido hialur\u00f3nico","publisher":{"@id":"https:\/\/mylipfiller.com\/#organization"},"potentialAction":[{"@type":"SearchAction","target":{"@type":"EntryPoint","urlTemplate":"https:\/\/mylipfiller.com\/?s={search_term_string}"},"query-input":{"@type":"PropertyValueSpecification","valueRequired":true,"valueName":"search_term_string"}}],"inLanguage":"es"},{"@type":"Organization","@id":"https:\/\/mylipfiller.com\/#organization","name":"Mi relleno de labios","url":"https:\/\/mylipfiller.com\/","logo":{"@type":"ImageObject","inLanguage":"es","@id":"https:\/\/mylipfiller.com\/#\/schema\/logo\/image\/","url":"https:\/\/cdn.mylipfiller.com\/wp-content\/uploads\/2019\/02\/cropped-My-Lip-Filler-Logo.png","contentUrl":"https:\/\/cdn.mylipfiller.com\/wp-content\/uploads\/2019\/02\/cropped-My-Lip-Filler-Logo.png","width":240,"height":88,"caption":"My Lip Filler"},"image":{"@id":"https:\/\/mylipfiller.com\/#\/schema\/logo\/image\/"}}]}},"_links":{"self":[{"href":"https:\/\/mylipfiller.com\/es\/wp-json\/wp\/v2\/product\/18852","targetHints":{"allow":["GET"]}}],"collection":[{"href":"https:\/\/mylipfiller.com\/es\/wp-json\/wp\/v2\/product"}],"about":[{"href":"https:\/\/mylipfiller.com\/es\/wp-json\/wp\/v2\/types\/product"}],"wp:featuredmedia":[{"embeddable":true,"href":"https:\/\/mylipfiller.com\/es\/wp-json\/wp\/v2\/media\/18854"}],"wp:attachment":[{"href":"https:\/\/mylipfiller.com\/es\/wp-json\/wp\/v2\/media?parent=18852"}],"wp:term":[{"taxonomy":"product_brand","embeddable":true,"href":"https:\/\/mylipfiller.com\/es\/wp-json\/wp\/v2\/product_brand?post=18852"},{"taxonomy":"product_cat","embeddable":true,"href":"https:\/\/mylipfiller.com\/es\/wp-json\/wp\/v2\/product_cat?post=18852"},{"taxonomy":"product_tag","embeddable":true,"href":"https:\/\/mylipfiller.com\/es\/wp-json\/wp\/v2\/product_tag?post=18852"}],"curies":[{"name":"gracias","href":"https:\/\/api.w.org\/{rel}","templated":true}]}}