{"id":19657,"date":"2020-09-24T16:47:40","date_gmt":"2020-09-24T14:47:40","guid":{"rendered":"https:\/\/mylipfiller.com\/?post_type=product&#038;p=19657"},"modified":"2024-07-03T17:32:33","modified_gmt":"2024-07-03T15:32:33","slug":"bonetta-filler-fine-2-x-1ml","status":"publish","type":"product","link":"https:\/\/mylipfiller.com\/es\/bonetta-filler-fine-2-x-1ml\/","title":{"rendered":"Relleno Bonetta Fino - 2 x 1ml"},"content":{"rendered":"<h3>\u00c1reas de uso de Bonetta Filler Fine<\/h3>\n<p>El relleno de HA se aplica mediante inyecci\u00f3n en las capas superiores de la piel. A diferencia de los otros dos productos de la gama Bonetta, este funciona tanto en el <u>cara y cuerpo<\/u>. Por ejemplo, puede eliminar instant\u00e1neamente las arrugas faciales superficiales, como las l\u00edneas de expresi\u00f3n. Al mismo tiempo, Bonetta Filler Fine puede rejuvenecer las manos y el cuello.<\/p>\n<p>Lo mejor de todo es que el relleno para la piel viene en dos jeringas precargadas y est\u00e1 listo para usar. Por lo general, funciona mejor cuando se inyecta en las siguientes zonas:<\/p>\n<ul>\n<li>Labios<\/li>\n<li>Entre las cejas<\/li>\n<li>Alrededor de los ojos<\/li>\n<li>Frente<\/li>\n<li>Dorso de las manos<\/li>\n<li>Cuello<\/li>\n<\/ul>\n<p>Adem\u00e1s de rejuvenecer la piel, el producto tambi\u00e9n la hidratar\u00e1 porque contiene 24 mg \/ mL de HA. Adem\u00e1s, el relleno d\u00e9rmico estimular\u00e1 al cuerpo a <strong>producir m\u00e1s col\u00e1geno<\/strong>. Entonces, esta prote\u00edna revitalizar\u00e1 y refrescar\u00e1 a\u00fan m\u00e1s la apariencia del paciente.<\/p>\n<h3>\u00bfEs seguro el tratamiento con Bonetta Filler Fine?<\/h3>\n<p>En su mayor parte, el relleno suave de Bonetta ofrece excelentes resultados anti-envejecimiento. Adem\u00e1s, no produce efectos secundarios porque no contiene ingredientes de origen animal. Adem\u00e1s, el tratamiento es parejo <strong>sin dolor<\/strong> porque el producto contiene un anest\u00e9sico local.<\/p>\n<p>Finalmente, el HA en Bonetta Filler Fine <u>disolver completamente<\/u> y no dejar\u00e1 rastros. Sin tratamiento de mantenimiento, los pacientes recuperar\u00e1n su apariencia anterior. Por lo tanto, los m\u00e9dicos pueden programar sesiones de seguimiento cada pocos meses.<\/p>","protected":false},"excerpt":{"rendered":"<p>Bonetta Filler Fine de Corea es un relleno d\u00e9rmico de calidad que presenta <u>\u00e1cido hialur\u00f3nico no animal<\/u>. Adem\u00e1s de un relleno para la piel, el producto tambi\u00e9n act\u00faa como una soluci\u00f3n de mesoterapia. Por lo tanto, incluso cuando el HA en su f\u00f3rmula se disuelva, a\u00fan pervertir\u00e1 algunas de sus propiedades anti-envejecimiento. La mayor\u00eda de los cirujanos est\u00e9ticos prefieren usarlo para el tratamiento de finos <em>patas de gallo, l\u00edneas de la frente y arrugas glabelares<\/em>.<\/p>","protected":false},"featured_media":19661,"template":"","meta":{"_acf_changed":false},"product_brand":[],"product_cat":[73,156,32],"product_tag":[90,144,125,111,126,112,128,151,117,146,137,119,148,116,127],"class_list":{"0":"post-19657","1":"product","2":"type-product","3":"status-publish","4":"has-post-thumbnail","6":"product_cat-bonetta","7":"product_cat-exocobio","8":"product_cat-soft","9":"product_tag-90","10":"product_tag-anti-wrinkle","11":"product_tag-crows-feet","12":"product_tag-face","13":"product_tag-fine-lines","14":"product_tag-forehead","15":"product_tag-forehead-wrinkles","16":"product_tag-hyaluronic-acid-ha-fillers","17":"product_tag-low-density","18":"product_tag-smoothing","19":"product_tag-south-korea","20":"product_tag-up-to-9-months","21":"product_tag-upper-dermis","22":"product_tag-with-lidocaine","23":"product_tag-wrinkles-around-the-eyes","25":"first","26":"outofstock","27":"sale","28":"taxable","29":"shipping-taxable","30":"purchasable","31":"product-type-simple"},"acf":[],"yoast_head":"<!-- This site is optimized with the Yoast SEO plugin v27.4 - https:\/\/yoast.com\/product\/yoast-seo-wordpress\/ -->\n<title>Buy Bonetta Filler Fine - 2 x 1ml - Fillers from My Lip Filler<\/title>\n<meta name=\"description\" content=\"Korea\u2019s Bonetta Filler Fine is a dermal filler with non-animal HA. Aside from a filler injection, Bonetta Filler Fine also acts as a mesotherapy solution.\" \/>\n<meta name=\"robots\" content=\"index, follow, max-snippet:-1, max-image-preview:large, max-video-preview:-1\" \/>\n<link rel=\"canonical\" href=\"https:\/\/mylipfiller.com\/es\/bonetta-filler-fine-2-x-1ml\/\" \/>\n<meta property=\"og:locale\" content=\"es_MX\" \/>\n<meta property=\"og:type\" content=\"article\" \/>\n<meta property=\"og:title\" content=\"Buy Bonetta Filler Fine - 2 x 1ml - Fillers from My Lip Filler\" \/>\n<meta property=\"og:description\" content=\"Korea\u2019s Bonetta Filler Fine is a dermal filler with non-animal HA. Aside from a filler injection, Bonetta Filler Fine also acts as a mesotherapy solution.\" \/>\n<meta property=\"og:url\" content=\"https:\/\/mylipfiller.com\/es\/bonetta-filler-fine-2-x-1ml\/\" \/>\n<meta property=\"og:site_name\" content=\"My Lip Filler\" \/>\n<meta property=\"article:modified_time\" content=\"2024-07-03T15:32:33+00:00\" \/>\n<meta property=\"og:image\" content=\"https:\/\/cdn.mylipfiller.com\/wp-content\/uploads\/2020\/09\/Bonetta-Filler-Fine.jpg\" \/>\n\t<meta property=\"og:image:width\" content=\"600\" \/>\n\t<meta property=\"og:image:height\" content=\"600\" \/>\n\t<meta property=\"og:image:type\" content=\"image\/jpeg\" \/>\n<meta name=\"twitter:card\" content=\"summary_large_image\" \/>\n<meta name=\"twitter:label1\" content=\"Tiempo de lectura\" \/>\n\t<meta name=\"twitter:data1\" content=\"1 minuto\" \/>\n<script type=\"application\/ld+json\" class=\"yoast-schema-graph\">{\"@context\":\"https:\\\/\\\/schema.org\",\"@graph\":[{\"@type\":\"WebPage\",\"@id\":\"https:\\\/\\\/mylipfiller.com\\\/bonetta-filler-fine-2-x-1ml\\\/\",\"url\":\"https:\\\/\\\/mylipfiller.com\\\/bonetta-filler-fine-2-x-1ml\\\/\",\"name\":\"Buy Bonetta Filler Fine - 2 x 1ml - Fillers from My Lip Filler\",\"isPartOf\":{\"@id\":\"https:\\\/\\\/mylipfiller.com\\\/#website\"},\"primaryImageOfPage\":{\"@id\":\"https:\\\/\\\/mylipfiller.com\\\/bonetta-filler-fine-2-x-1ml\\\/#primaryimage\"},\"image\":{\"@id\":\"https:\\\/\\\/mylipfiller.com\\\/bonetta-filler-fine-2-x-1ml\\\/#primaryimage\"},\"thumbnailUrl\":\"https:\\\/\\\/mylipfiller.com\\\/wp-content\\\/uploads\\\/2020\\\/09\\\/Bonetta-Filler-Fine.jpg\",\"datePublished\":\"2020-09-24T14:47:40+00:00\",\"dateModified\":\"2024-07-03T15:32:33+00:00\",\"description\":\"Korea\u2019s Bonetta Filler Fine is a dermal filler with non-animal HA. Aside from a filler injection, Bonetta Filler Fine also acts as a mesotherapy solution.\",\"breadcrumb\":{\"@id\":\"https:\\\/\\\/mylipfiller.com\\\/bonetta-filler-fine-2-x-1ml\\\/#breadcrumb\"},\"inLanguage\":\"es\",\"potentialAction\":[{\"@type\":\"ReadAction\",\"target\":[\"https:\\\/\\\/mylipfiller.com\\\/bonetta-filler-fine-2-x-1ml\\\/\"]}]},{\"@type\":\"ImageObject\",\"inLanguage\":\"es\",\"@id\":\"https:\\\/\\\/mylipfiller.com\\\/bonetta-filler-fine-2-x-1ml\\\/#primaryimage\",\"url\":\"https:\\\/\\\/mylipfiller.com\\\/wp-content\\\/uploads\\\/2020\\\/09\\\/Bonetta-Filler-Fine.jpg\",\"contentUrl\":\"https:\\\/\\\/mylipfiller.com\\\/wp-content\\\/uploads\\\/2020\\\/09\\\/Bonetta-Filler-Fine.jpg\",\"width\":600,\"height\":600,\"caption\":\"Bonetta Filler Fine\"},{\"@type\":\"BreadcrumbList\",\"@id\":\"https:\\\/\\\/mylipfiller.com\\\/bonetta-filler-fine-2-x-1ml\\\/#breadcrumb\",\"itemListElement\":[{\"@type\":\"ListItem\",\"position\":1,\"name\":\"Home\",\"item\":\"https:\\\/\\\/mylipfiller.com\\\/\"},{\"@type\":\"ListItem\",\"position\":2,\"name\":\"Shop\",\"item\":\"https:\\\/\\\/mylipfiller.com\\\/shop\\\/\"},{\"@type\":\"ListItem\",\"position\":3,\"name\":\"Bonetta Filler Fine &#8211; 2 x 1ml\"}]},{\"@type\":\"WebSite\",\"@id\":\"https:\\\/\\\/mylipfiller.com\\\/#website\",\"url\":\"https:\\\/\\\/mylipfiller.com\\\/\",\"name\":\"My Lip Filler\",\"description\":\"Hyaluronic Acid Lip and Dermal Fillers\",\"publisher\":{\"@id\":\"https:\\\/\\\/mylipfiller.com\\\/#organization\"},\"potentialAction\":[{\"@type\":\"SearchAction\",\"target\":{\"@type\":\"EntryPoint\",\"urlTemplate\":\"https:\\\/\\\/mylipfiller.com\\\/?s={search_term_string}\"},\"query-input\":{\"@type\":\"PropertyValueSpecification\",\"valueRequired\":true,\"valueName\":\"search_term_string\"}}],\"inLanguage\":\"es\"},{\"@type\":\"Organization\",\"@id\":\"https:\\\/\\\/mylipfiller.com\\\/#organization\",\"name\":\"My Lip Filler\",\"url\":\"https:\\\/\\\/mylipfiller.com\\\/\",\"logo\":{\"@type\":\"ImageObject\",\"inLanguage\":\"es\",\"@id\":\"https:\\\/\\\/mylipfiller.com\\\/#\\\/schema\\\/logo\\\/image\\\/\",\"url\":\"https:\\\/\\\/mylipfiller.com\\\/wp-content\\\/uploads\\\/2019\\\/02\\\/cropped-My-Lip-Filler-Logo.png\",\"contentUrl\":\"https:\\\/\\\/mylipfiller.com\\\/wp-content\\\/uploads\\\/2019\\\/02\\\/cropped-My-Lip-Filler-Logo.png\",\"width\":240,\"height\":88,\"caption\":\"My Lip Filler\"},\"image\":{\"@id\":\"https:\\\/\\\/mylipfiller.com\\\/#\\\/schema\\\/logo\\\/image\\\/\"}}]}<\/script>\n<!-- \/ Yoast SEO plugin. -->","yoast_head_json":{"title":"Comprar Bonetta Filler Fine - 2 x 1ml - Rellenos de My Lip Filler","description":"Bonetta Filler Fine de Corea es un relleno d\u00e9rmico con HA no animal. Adem\u00e1s de una inyecci\u00f3n de relleno, Bonetta Filler Fine tambi\u00e9n act\u00faa como una soluci\u00f3n de mesoterapia.","robots":{"index":"index","follow":"follow","max-snippet":"max-snippet:-1","max-image-preview":"max-image-preview:large","max-video-preview":"max-video-preview:-1"},"canonical":"https:\/\/mylipfiller.com\/es\/bonetta-filler-fine-2-x-1ml\/","og_locale":"es_MX","og_type":"article","og_title":"Buy Bonetta Filler Fine - 2 x 1ml - Fillers from My Lip Filler","og_description":"Korea\u2019s Bonetta Filler Fine is a dermal filler with non-animal HA. Aside from a filler injection, Bonetta Filler Fine also acts as a mesotherapy solution.","og_url":"https:\/\/mylipfiller.com\/es\/bonetta-filler-fine-2-x-1ml\/","og_site_name":"My Lip Filler","article_modified_time":"2024-07-03T15:32:33+00:00","og_image":[{"width":600,"height":600,"url":"https:\/\/cdn.mylipfiller.com\/wp-content\/uploads\/2020\/09\/Bonetta-Filler-Fine.jpg","type":"image\/jpeg"}],"twitter_card":"summary_large_image","twitter_misc":{"Tiempo de lectura":"1 minuto"},"schema":{"@context":"https:\/\/schema.org","@graph":[{"@type":"WebPage","@id":"https:\/\/mylipfiller.com\/bonetta-filler-fine-2-x-1ml\/","url":"https:\/\/mylipfiller.com\/bonetta-filler-fine-2-x-1ml\/","name":"Comprar Bonetta Filler Fine - 2 x 1ml - Rellenos de My Lip Filler","isPartOf":{"@id":"https:\/\/mylipfiller.com\/#website"},"primaryImageOfPage":{"@id":"https:\/\/mylipfiller.com\/bonetta-filler-fine-2-x-1ml\/#primaryimage"},"image":{"@id":"https:\/\/mylipfiller.com\/bonetta-filler-fine-2-x-1ml\/#primaryimage"},"thumbnailUrl":"https:\/\/cdn.mylipfiller.com\/wp-content\/uploads\/2020\/09\/Bonetta-Filler-Fine.jpg","datePublished":"2020-09-24T14:47:40+00:00","dateModified":"2024-07-03T15:32:33+00:00","description":"Bonetta Filler Fine de Corea es un relleno d\u00e9rmico con HA no animal. Adem\u00e1s de una inyecci\u00f3n de relleno, Bonetta Filler Fine tambi\u00e9n act\u00faa como una soluci\u00f3n de mesoterapia.","breadcrumb":{"@id":"https:\/\/mylipfiller.com\/bonetta-filler-fine-2-x-1ml\/#breadcrumb"},"inLanguage":"es","potentialAction":[{"@type":"ReadAction","target":["https:\/\/mylipfiller.com\/bonetta-filler-fine-2-x-1ml\/"]}]},{"@type":"ImageObject","inLanguage":"es","@id":"https:\/\/mylipfiller.com\/bonetta-filler-fine-2-x-1ml\/#primaryimage","url":"https:\/\/cdn.mylipfiller.com\/wp-content\/uploads\/2020\/09\/Bonetta-Filler-Fine.jpg","contentUrl":"https:\/\/cdn.mylipfiller.com\/wp-content\/uploads\/2020\/09\/Bonetta-Filler-Fine.jpg","width":600,"height":600,"caption":"Bonetta Filler Fine"},{"@type":"BreadcrumbList","@id":"https:\/\/mylipfiller.com\/bonetta-filler-fine-2-x-1ml\/#breadcrumb","itemListElement":[{"@type":"ListItem","position":1,"name":"Home","item":"https:\/\/mylipfiller.com\/"},{"@type":"ListItem","position":2,"name":"Shop","item":"https:\/\/mylipfiller.com\/shop\/"},{"@type":"ListItem","position":3,"name":"Bonetta Filler Fine &#8211; 2 x 1ml"}]},{"@type":"WebSite","@id":"https:\/\/mylipfiller.com\/#website","url":"https:\/\/mylipfiller.com\/","name":"Mi relleno de labios","description":"Rellenos d\u00e9rmicos y de labios con \u00e1cido hialur\u00f3nico","publisher":{"@id":"https:\/\/mylipfiller.com\/#organization"},"potentialAction":[{"@type":"SearchAction","target":{"@type":"EntryPoint","urlTemplate":"https:\/\/mylipfiller.com\/?s={search_term_string}"},"query-input":{"@type":"PropertyValueSpecification","valueRequired":true,"valueName":"search_term_string"}}],"inLanguage":"es"},{"@type":"Organization","@id":"https:\/\/mylipfiller.com\/#organization","name":"Mi relleno de labios","url":"https:\/\/mylipfiller.com\/","logo":{"@type":"ImageObject","inLanguage":"es","@id":"https:\/\/mylipfiller.com\/#\/schema\/logo\/image\/","url":"https:\/\/cdn.mylipfiller.com\/wp-content\/uploads\/2019\/02\/cropped-My-Lip-Filler-Logo.png","contentUrl":"https:\/\/cdn.mylipfiller.com\/wp-content\/uploads\/2019\/02\/cropped-My-Lip-Filler-Logo.png","width":240,"height":88,"caption":"My Lip Filler"},"image":{"@id":"https:\/\/mylipfiller.com\/#\/schema\/logo\/image\/"}}]}},"_links":{"self":[{"href":"https:\/\/mylipfiller.com\/es\/wp-json\/wp\/v2\/product\/19657","targetHints":{"allow":["GET"]}}],"collection":[{"href":"https:\/\/mylipfiller.com\/es\/wp-json\/wp\/v2\/product"}],"about":[{"href":"https:\/\/mylipfiller.com\/es\/wp-json\/wp\/v2\/types\/product"}],"wp:featuredmedia":[{"embeddable":true,"href":"https:\/\/mylipfiller.com\/es\/wp-json\/wp\/v2\/media\/19661"}],"wp:attachment":[{"href":"https:\/\/mylipfiller.com\/es\/wp-json\/wp\/v2\/media?parent=19657"}],"wp:term":[{"taxonomy":"product_brand","embeddable":true,"href":"https:\/\/mylipfiller.com\/es\/wp-json\/wp\/v2\/product_brand?post=19657"},{"taxonomy":"product_cat","embeddable":true,"href":"https:\/\/mylipfiller.com\/es\/wp-json\/wp\/v2\/product_cat?post=19657"},{"taxonomy":"product_tag","embeddable":true,"href":"https:\/\/mylipfiller.com\/es\/wp-json\/wp\/v2\/product_tag?post=19657"}],"curies":[{"name":"gracias","href":"https:\/\/api.w.org\/{rel}","templated":true}]}}