{"id":19658,"date":"2020-09-24T16:47:51","date_gmt":"2020-09-24T14:47:51","guid":{"rendered":"https:\/\/mylipfiller.com\/?post_type=product&#038;p=19658"},"modified":"2025-12-24T12:49:07","modified_gmt":"2025-12-24T10:49:07","slug":"bonetta-filler-deep-2-x-1ml","status":"publish","type":"product","link":"https:\/\/mylipfiller.com\/es\/bonetta-filler-deep-2-x-1ml\/","title":{"rendered":"Bonetta Filler Deep - 2 x 1 ml"},"content":{"rendered":"<h3>Los poderes antiarrugas y voluminizadores de Bonetta Filler Deep<\/h3>\n<p>El tratamiento con este relleno HA es sencillo y r\u00e1pido. Para empezar, los m\u00e9dicos aplican el producto en la dermis media. Afortunadamente, Bonetta Filler Deep est\u00e1 optimizado para brindar una terapia sin dolor para que <u>los pacientes no sentir\u00e1n molestias<\/u>.<\/p>\n<p>Una vez que el gel se mete debajo de la piel, comienza a actuar instant\u00e1neamente. Primero, es <strong>elimina las arrugas profundas<\/strong> y con el tiempo mejora el equilibrio h\u00eddrico del paciente. Luego, el cuerpo comienza a producir col\u00e1geno adicional que revitalizar\u00e1 a\u00fan m\u00e1s la piel.<\/p>\n<p>En general, el relleno d\u00e9rmico mediano de Bonetta tiene una acci\u00f3n vers\u00e1til. Por lo tanto, los m\u00e9dicos pueden confiar en \u00e9l para proporcionar a sus pacientes los siguientes resultados:<\/p>\n<ul>\n<li>Eliminaci\u00f3n de pliegues nasolabiales<\/li>\n<li>Relleno de labios<\/li>\n<li>Correcci\u00f3n de arrugas en la frente.<\/li>\n<li>Reducci\u00f3n de l\u00edneas de marionetas<\/li>\n<li>Realce de mejillas<\/li>\n<li>Tratamiento de las l\u00edneas de expresi\u00f3n<\/li>\n<\/ul>\n<h3>Duraci\u00f3n media de Bonetta Filler Deep<\/h3>\n<p>En su mayor parte, la duraci\u00f3n de los efectos del tratamiento difiere para cada paciente. Despu\u00e9s de todo, los factores que afectan la acci\u00f3n del producto son muchos. Por ejemplo, las personas con una tasa metab\u00f3lica m\u00e1s r\u00e1pida disolver\u00e1n r\u00e1pidamente el AH en el relleno. Como resultado, recuperar\u00e1n su aspecto anterior antes que la mayor\u00eda de los dem\u00e1s pacientes.<\/p>\n<p>A\u00fan as\u00ed, por lo general, el producto mantiene la piel joven y fresca durante <strong>hasta 12 meses<\/strong>. Una vez que los efectos de Bonetta Filler Deep desaparezcan, las arrugas reaparecer\u00e1n. Afortunadamente, el cuerpo seguir\u00e1 produciendo m\u00e1s col\u00e1geno. Al hacerlo, ralentizar\u00e1 el proceso de envejecimiento natural.<\/p>","protected":false},"excerpt":{"rendered":"<p>Bonetta Filler Deep es un relleno cut\u00e1neo coreano que agrega volumen instant\u00e1neo debajo de la piel. Por lo tanto, puede proporcionar a los pacientes <em>labios y mejillas m\u00e1s llenos en minutos<\/em>. Adem\u00e1s, el producto contiene \u00e1cido hialur\u00f3nico reticulado que rellena incluso arrugas y pliegues profundos. Lo mejor de todo es que la estructura del gel de relleno se adapta a la de la piel para garantizar resultados antienvejecimiento duraderos.<\/p>","protected":false},"featured_media":19660,"template":"","meta":{"_acf_changed":false},"product_brand":[],"product_cat":[89,73,156,33],"product_tag":[90,111,151,133,107,134,137,120,116],"class_list":{"0":"post-19658","1":"product","2":"type-product","3":"status-publish","4":"has-post-thumbnail","6":"product_cat-big-holiday-sale","7":"product_cat-bonetta","8":"product_cat-exocobio","9":"product_cat-lip","10":"product_tag-90","11":"product_tag-face","12":"product_tag-hyaluronic-acid-ha-fillers","13":"product_tag-marionette-lines","14":"product_tag-nasolabial-folds","15":"product_tag-small-lips","16":"product_tag-south-korea","17":"product_tag-up-to-12-months","18":"product_tag-with-lidocaine","20":"first","21":"outofstock","22":"sale","23":"taxable","24":"shipping-taxable","25":"purchasable","26":"product-type-simple"},"acf":[],"yoast_head":"<!-- This site is optimized with the Yoast SEO plugin v27.2 - https:\/\/yoast.com\/product\/yoast-seo-wordpress\/ -->\n<title>Buy Bonetta Filler Deep - 2 x 1ml - Fillers from My Lip Filler<\/title>\n<meta name=\"description\" content=\"\u2765Buy Bonetta Filler Deep - 2 x 1ml \u23e9 My Lip Filler online store \u27a6 Quality assurance, reviews, ingredients, best prices!\" \/>\n<meta name=\"robots\" content=\"index, follow, max-snippet:-1, max-image-preview:large, max-video-preview:-1\" \/>\n<link rel=\"canonical\" href=\"https:\/\/mylipfiller.com\/es\/bonetta-filler-deep-2-x-1ml\/\" \/>\n<meta property=\"og:locale\" content=\"es_MX\" \/>\n<meta property=\"og:type\" content=\"article\" \/>\n<meta property=\"og:title\" content=\"Buy Bonetta Filler Deep - 2 x 1ml - Fillers from My Lip Filler\" \/>\n<meta property=\"og:description\" content=\"\u2765Buy Bonetta Filler Deep - 2 x 1ml \u23e9 My Lip Filler online store \u27a6 Quality assurance, reviews, ingredients, best prices!\" \/>\n<meta property=\"og:url\" content=\"https:\/\/mylipfiller.com\/es\/bonetta-filler-deep-2-x-1ml\/\" \/>\n<meta property=\"og:site_name\" content=\"My Lip Filler\" \/>\n<meta property=\"article:modified_time\" content=\"2025-12-24T10:49:07+00:00\" \/>\n<meta property=\"og:image\" content=\"https:\/\/cdn.mylipfiller.com\/wp-content\/uploads\/2020\/09\/Bonetta-Filler-Deep.jpg\" \/>\n\t<meta property=\"og:image:width\" content=\"600\" \/>\n\t<meta property=\"og:image:height\" content=\"600\" \/>\n\t<meta property=\"og:image:type\" content=\"image\/jpeg\" \/>\n<meta name=\"twitter:card\" content=\"summary_large_image\" \/>\n<meta name=\"twitter:label1\" content=\"Tiempo de lectura\" \/>\n\t<meta name=\"twitter:data1\" content=\"2 minutos\" \/>\n<script type=\"application\/ld+json\" class=\"yoast-schema-graph\">{\"@context\":\"https:\/\/schema.org\",\"@graph\":[{\"@type\":\"WebPage\",\"@id\":\"https:\/\/mylipfiller.com\/bonetta-filler-deep-2-x-1ml\/\",\"url\":\"https:\/\/mylipfiller.com\/bonetta-filler-deep-2-x-1ml\/\",\"name\":\"Buy Bonetta Filler Deep - 2 x 1ml - Fillers from My Lip Filler\",\"isPartOf\":{\"@id\":\"https:\/\/mylipfiller.com\/#website\"},\"primaryImageOfPage\":{\"@id\":\"https:\/\/mylipfiller.com\/bonetta-filler-deep-2-x-1ml\/#primaryimage\"},\"image\":{\"@id\":\"https:\/\/mylipfiller.com\/bonetta-filler-deep-2-x-1ml\/#primaryimage\"},\"thumbnailUrl\":\"https:\/\/cdn.mylipfiller.com\/wp-content\/uploads\/2020\/09\/Bonetta-Filler-Deep.jpg\",\"datePublished\":\"2020-09-24T14:47:51+00:00\",\"dateModified\":\"2025-12-24T10:49:07+00:00\",\"description\":\"\u2765Buy Bonetta Filler Deep - 2 x 1ml \u23e9 My Lip Filler online store \u27a6 Quality assurance, reviews, ingredients, best prices!\",\"breadcrumb\":{\"@id\":\"https:\/\/mylipfiller.com\/bonetta-filler-deep-2-x-1ml\/#breadcrumb\"},\"inLanguage\":\"es\",\"potentialAction\":[{\"@type\":\"ReadAction\",\"target\":[\"https:\/\/mylipfiller.com\/bonetta-filler-deep-2-x-1ml\/\"]}]},{\"@type\":\"ImageObject\",\"inLanguage\":\"es\",\"@id\":\"https:\/\/mylipfiller.com\/bonetta-filler-deep-2-x-1ml\/#primaryimage\",\"url\":\"https:\/\/cdn.mylipfiller.com\/wp-content\/uploads\/2020\/09\/Bonetta-Filler-Deep.jpg\",\"contentUrl\":\"https:\/\/cdn.mylipfiller.com\/wp-content\/uploads\/2020\/09\/Bonetta-Filler-Deep.jpg\",\"width\":600,\"height\":600,\"caption\":\"Bonetta Filler Deep\"},{\"@type\":\"BreadcrumbList\",\"@id\":\"https:\/\/mylipfiller.com\/bonetta-filler-deep-2-x-1ml\/#breadcrumb\",\"itemListElement\":[{\"@type\":\"ListItem\",\"position\":1,\"name\":\"Home\",\"item\":\"https:\/\/mylipfiller.com\/\"},{\"@type\":\"ListItem\",\"position\":2,\"name\":\"Shop\",\"item\":\"https:\/\/mylipfiller.com\/shop\/\"},{\"@type\":\"ListItem\",\"position\":3,\"name\":\"Bonetta Filler Deep &#8211; 2 x 1ml\"}]},{\"@type\":\"WebSite\",\"@id\":\"https:\/\/mylipfiller.com\/#website\",\"url\":\"https:\/\/mylipfiller.com\/\",\"name\":\"My Lip Filler\",\"description\":\"Hyaluronic Acid Lip and Dermal Fillers\",\"publisher\":{\"@id\":\"https:\/\/mylipfiller.com\/#organization\"},\"potentialAction\":[{\"@type\":\"SearchAction\",\"target\":{\"@type\":\"EntryPoint\",\"urlTemplate\":\"https:\/\/mylipfiller.com\/?s={search_term_string}\"},\"query-input\":{\"@type\":\"PropertyValueSpecification\",\"valueRequired\":true,\"valueName\":\"search_term_string\"}}],\"inLanguage\":\"es\"},{\"@type\":\"Organization\",\"@id\":\"https:\/\/mylipfiller.com\/#organization\",\"name\":\"My Lip Filler\",\"url\":\"https:\/\/mylipfiller.com\/\",\"logo\":{\"@type\":\"ImageObject\",\"inLanguage\":\"es\",\"@id\":\"https:\/\/mylipfiller.com\/#\/schema\/logo\/image\/\",\"url\":\"https:\/\/cdn.mylipfiller.com\/wp-content\/uploads\/2019\/02\/cropped-My-Lip-Filler-Logo.png\",\"contentUrl\":\"https:\/\/cdn.mylipfiller.com\/wp-content\/uploads\/2019\/02\/cropped-My-Lip-Filler-Logo.png\",\"width\":240,\"height\":88,\"caption\":\"My Lip Filler\"},\"image\":{\"@id\":\"https:\/\/mylipfiller.com\/#\/schema\/logo\/image\/\"}}]}<\/script>\n<!-- \/ Yoast SEO plugin. -->","yoast_head_json":{"title":"Comprar Bonetta Filler Deep - 2 x 1ml - Rellenos de My Lip Filler","description":"\u2765Compra Bonetta Filler Deep - 2 x 1ml \u23e9 Tienda online My Lip Filler \u27a6 Garant\u00eda de calidad, rese\u00f1as, ingredientes, \u00a1los mejores precios!","robots":{"index":"index","follow":"follow","max-snippet":"max-snippet:-1","max-image-preview":"max-image-preview:large","max-video-preview":"max-video-preview:-1"},"canonical":"https:\/\/mylipfiller.com\/es\/bonetta-filler-deep-2-x-1ml\/","og_locale":"es_MX","og_type":"article","og_title":"Buy Bonetta Filler Deep - 2 x 1ml - Fillers from My Lip Filler","og_description":"\u2765Buy Bonetta Filler Deep - 2 x 1ml \u23e9 My Lip Filler online store \u27a6 Quality assurance, reviews, ingredients, best prices!","og_url":"https:\/\/mylipfiller.com\/es\/bonetta-filler-deep-2-x-1ml\/","og_site_name":"My Lip Filler","article_modified_time":"2025-12-24T10:49:07+00:00","og_image":[{"width":600,"height":600,"url":"https:\/\/cdn.mylipfiller.com\/wp-content\/uploads\/2020\/09\/Bonetta-Filler-Deep.jpg","type":"image\/jpeg"}],"twitter_card":"summary_large_image","twitter_misc":{"Tiempo de lectura":"2 minutos"},"schema":{"@context":"https:\/\/schema.org","@graph":[{"@type":"WebPage","@id":"https:\/\/mylipfiller.com\/bonetta-filler-deep-2-x-1ml\/","url":"https:\/\/mylipfiller.com\/bonetta-filler-deep-2-x-1ml\/","name":"Comprar Bonetta Filler Deep - 2 x 1ml - Rellenos de My Lip Filler","isPartOf":{"@id":"https:\/\/mylipfiller.com\/#website"},"primaryImageOfPage":{"@id":"https:\/\/mylipfiller.com\/bonetta-filler-deep-2-x-1ml\/#primaryimage"},"image":{"@id":"https:\/\/mylipfiller.com\/bonetta-filler-deep-2-x-1ml\/#primaryimage"},"thumbnailUrl":"https:\/\/cdn.mylipfiller.com\/wp-content\/uploads\/2020\/09\/Bonetta-Filler-Deep.jpg","datePublished":"2020-09-24T14:47:51+00:00","dateModified":"2025-12-24T10:49:07+00:00","description":"\u2765Compra Bonetta Filler Deep - 2 x 1ml \u23e9 Tienda online My Lip Filler \u27a6 Garant\u00eda de calidad, rese\u00f1as, ingredientes, \u00a1los mejores precios!","breadcrumb":{"@id":"https:\/\/mylipfiller.com\/bonetta-filler-deep-2-x-1ml\/#breadcrumb"},"inLanguage":"es","potentialAction":[{"@type":"ReadAction","target":["https:\/\/mylipfiller.com\/bonetta-filler-deep-2-x-1ml\/"]}]},{"@type":"ImageObject","inLanguage":"es","@id":"https:\/\/mylipfiller.com\/bonetta-filler-deep-2-x-1ml\/#primaryimage","url":"https:\/\/cdn.mylipfiller.com\/wp-content\/uploads\/2020\/09\/Bonetta-Filler-Deep.jpg","contentUrl":"https:\/\/cdn.mylipfiller.com\/wp-content\/uploads\/2020\/09\/Bonetta-Filler-Deep.jpg","width":600,"height":600,"caption":"Bonetta Filler Deep"},{"@type":"BreadcrumbList","@id":"https:\/\/mylipfiller.com\/bonetta-filler-deep-2-x-1ml\/#breadcrumb","itemListElement":[{"@type":"ListItem","position":1,"name":"Home","item":"https:\/\/mylipfiller.com\/"},{"@type":"ListItem","position":2,"name":"Shop","item":"https:\/\/mylipfiller.com\/shop\/"},{"@type":"ListItem","position":3,"name":"Bonetta Filler Deep &#8211; 2 x 1ml"}]},{"@type":"WebSite","@id":"https:\/\/mylipfiller.com\/#website","url":"https:\/\/mylipfiller.com\/","name":"Mi relleno de labios","description":"Rellenos d\u00e9rmicos y de labios con \u00e1cido hialur\u00f3nico","publisher":{"@id":"https:\/\/mylipfiller.com\/#organization"},"potentialAction":[{"@type":"SearchAction","target":{"@type":"EntryPoint","urlTemplate":"https:\/\/mylipfiller.com\/?s={search_term_string}"},"query-input":{"@type":"PropertyValueSpecification","valueRequired":true,"valueName":"search_term_string"}}],"inLanguage":"es"},{"@type":"Organization","@id":"https:\/\/mylipfiller.com\/#organization","name":"Mi relleno de labios","url":"https:\/\/mylipfiller.com\/","logo":{"@type":"ImageObject","inLanguage":"es","@id":"https:\/\/mylipfiller.com\/#\/schema\/logo\/image\/","url":"https:\/\/cdn.mylipfiller.com\/wp-content\/uploads\/2019\/02\/cropped-My-Lip-Filler-Logo.png","contentUrl":"https:\/\/cdn.mylipfiller.com\/wp-content\/uploads\/2019\/02\/cropped-My-Lip-Filler-Logo.png","width":240,"height":88,"caption":"My Lip Filler"},"image":{"@id":"https:\/\/mylipfiller.com\/#\/schema\/logo\/image\/"}}]}},"_links":{"self":[{"href":"https:\/\/mylipfiller.com\/es\/wp-json\/wp\/v2\/product\/19658","targetHints":{"allow":["GET"]}}],"collection":[{"href":"https:\/\/mylipfiller.com\/es\/wp-json\/wp\/v2\/product"}],"about":[{"href":"https:\/\/mylipfiller.com\/es\/wp-json\/wp\/v2\/types\/product"}],"wp:featuredmedia":[{"embeddable":true,"href":"https:\/\/mylipfiller.com\/es\/wp-json\/wp\/v2\/media\/19660"}],"wp:attachment":[{"href":"https:\/\/mylipfiller.com\/es\/wp-json\/wp\/v2\/media?parent=19658"}],"wp:term":[{"taxonomy":"product_brand","embeddable":true,"href":"https:\/\/mylipfiller.com\/es\/wp-json\/wp\/v2\/product_brand?post=19658"},{"taxonomy":"product_cat","embeddable":true,"href":"https:\/\/mylipfiller.com\/es\/wp-json\/wp\/v2\/product_cat?post=19658"},{"taxonomy":"product_tag","embeddable":true,"href":"https:\/\/mylipfiller.com\/es\/wp-json\/wp\/v2\/product_tag?post=19658"}],"curies":[{"name":"gracias","href":"https:\/\/api.w.org\/{rel}","templated":true}]}}