{"id":19659,"date":"2020-09-24T16:48:00","date_gmt":"2020-09-24T14:48:00","guid":{"rendered":"https:\/\/mylipfiller.com\/?post_type=product&#038;p=19659"},"modified":"2025-03-05T10:18:24","modified_gmt":"2025-03-05T08:18:24","slug":"bonetta-filler-volume-2-x-1ml","status":"publish","type":"product","link":"https:\/\/mylipfiller.com\/es\/bonetta-filler-volume-2-x-1ml\/","title":{"rendered":"Volumen de relleno Bonetta - 2 x 1 ml"},"content":{"rendered":"<h3>Ventajas del volumen de relleno Bonetta<\/h3>\n<p>Una gran cosa sobre Bonetta Filler Volume es que <em>aumenta los niveles de col\u00e1geno<\/em> en la piel. Adem\u00e1s, restaura su equilibrio h\u00eddrico. Como resultado, el tratamiento tiene un efecto refrescante y antienvejecimiento en el rostro.<\/p>\n<p>En la mayor\u00eda de los casos, los m\u00e9dicos conf\u00edan en el relleno d\u00e9rmico de Bonetta para esculpir la cara de sus pacientes. Por ejemplo, el producto puede agregar volumen en las mejillas, los labios y el ment\u00f3n. Al hacerlo, mejorar\u00e1 su apariencia. Adem\u00e1s, el relleno puede remodelar la nariz o <strong>fortalecer la l\u00ednea de la mand\u00edbula<\/strong> para mejorar la forma del rostro.<\/p>\n<p>Otros beneficios de usar Bonetta Filler Volume incluyen:<\/p>\n<ul>\n<li>Hidrataci\u00f3n natural de la piel<\/li>\n<li>Tratamiento indoloro<\/li>\n<li>Resultados reversibles<\/li>\n<li>Sin efectos secundarios da\u00f1inos<\/li>\n<\/ul>\n<h3>Qu\u00e9 esperar antes y despu\u00e9s del tratamiento<\/h3>\n<p>Este producto anti-envejecimiento contiene HA no animal que es bien tolerado por el cuerpo humano. Por lo tanto, los pacientes no necesitan realizarse pruebas cut\u00e1neas antes del procedimiento. Adem\u00e1s, los m\u00e9dicos no necesitan inyectarlos con anestesia local. El relleno ya tiene dicho componente en su f\u00f3rmula.<\/p>\n<p>Por lo general, la terapia Bonetta Filler Volume termina en cuesti\u00f3n de minutos y los pacientes pueden ver sus efectos al instante. A veces, despu\u00e9s del procedimiento, puede haber <em>hinchaz\u00f3n y hematomas<\/em> alrededor de los puntos de tratamiento. Afortunadamente, los s\u00edntomas desaparecen despu\u00e9s de unas horas.<\/p>","protected":false},"excerpt":{"rendered":"<p>Bonetta Filler Volume es un relleno d\u00e9rmico coreano que contiene \u00e1cido hialur\u00f3nico. A diferencia de otros rellenos HA, este tiene una textura m\u00e1s espesa y eso lo hace adecuado para <strong>escultura facial<\/strong>. Por ejemplo, puede realzar los labios o la barbilla al agregar volumen debajo de la piel. Adem\u00e1s, este producto de belleza tiene poderes antiarrugas y corrige los pliegues profundos.<\/p>","protected":false},"featured_media":19662,"template":"","meta":{"_acf_changed":false},"product_brand":[],"product_cat":[89,73,156,34],"product_tag":[90,123,130,131,115,114,111,118,151,141,142,135,137,110,122,124,116],"class_list":{"0":"post-19659","1":"product","2":"type-product","3":"status-publish","4":"has-post-thumbnail","6":"product_cat-big-holiday-sale","7":"product_cat-bonetta","8":"product_cat-exocobio","9":"product_cat-hard","10":"product_tag-90","11":"product_tag-asymmetry","12":"product_tag-cheek-volume","13":"product_tag-cheekbone-contour","14":"product_tag-cheekbones","15":"product_tag-chin","16":"product_tag-face","17":"product_tag-high-density","18":"product_tag-hyaluronic-acid-ha-fillers","19":"product_tag-lifting","20":"product_tag-modeling","21":"product_tag-small-chin","22":"product_tag-south-korea","23":"product_tag-temple","24":"product_tag-up-to-18-months","25":"product_tag-volume","26":"product_tag-with-lidocaine","28":"first","29":"outofstock","30":"sale","31":"taxable","32":"shipping-taxable","33":"purchasable","34":"product-type-simple"},"acf":[],"yoast_head":"<!-- This site is optimized with the Yoast SEO plugin v27.4 - https:\/\/yoast.com\/product\/yoast-seo-wordpress\/ -->\n<title>Buy Bonetta Filler Volume - 2 x 1ml - Fillers from My Lip Filler<\/title>\n<meta name=\"description\" content=\"\u2765Buy Bonetta Filler Volume - 2 x 1ml \u23e9 My Lip Filler online store \u27a6 Quality assurance, reviews, ingredients, best prices!\" \/>\n<meta name=\"robots\" content=\"index, follow, max-snippet:-1, max-image-preview:large, max-video-preview:-1\" \/>\n<link rel=\"canonical\" href=\"https:\/\/mylipfiller.com\/es\/bonetta-filler-volume-2-x-1ml\/\" \/>\n<meta property=\"og:locale\" content=\"es_MX\" \/>\n<meta property=\"og:type\" content=\"article\" \/>\n<meta property=\"og:title\" content=\"Buy Bonetta Filler Volume - 2 x 1ml - Fillers from My Lip Filler\" \/>\n<meta property=\"og:description\" content=\"\u2765Buy Bonetta Filler Volume - 2 x 1ml \u23e9 My Lip Filler online store \u27a6 Quality assurance, reviews, ingredients, best prices!\" \/>\n<meta property=\"og:url\" content=\"https:\/\/mylipfiller.com\/es\/bonetta-filler-volume-2-x-1ml\/\" \/>\n<meta property=\"og:site_name\" content=\"My Lip Filler\" \/>\n<meta property=\"article:modified_time\" content=\"2025-03-05T08:18:24+00:00\" \/>\n<meta property=\"og:image\" content=\"https:\/\/cdn.mylipfiller.com\/wp-content\/uploads\/2020\/09\/Bonetta-Filler-Volume.jpg\" \/>\n\t<meta property=\"og:image:width\" content=\"600\" \/>\n\t<meta property=\"og:image:height\" content=\"600\" \/>\n\t<meta property=\"og:image:type\" content=\"image\/jpeg\" \/>\n<meta name=\"twitter:card\" content=\"summary_large_image\" \/>\n<meta name=\"twitter:label1\" content=\"Tiempo de lectura\" \/>\n\t<meta name=\"twitter:data1\" content=\"2 minutos\" \/>\n<script type=\"application\/ld+json\" class=\"yoast-schema-graph\">{\"@context\":\"https:\\\/\\\/schema.org\",\"@graph\":[{\"@type\":\"WebPage\",\"@id\":\"https:\\\/\\\/mylipfiller.com\\\/bonetta-filler-volume-2-x-1ml\\\/\",\"url\":\"https:\\\/\\\/mylipfiller.com\\\/bonetta-filler-volume-2-x-1ml\\\/\",\"name\":\"Buy Bonetta Filler Volume - 2 x 1ml - Fillers from My Lip Filler\",\"isPartOf\":{\"@id\":\"https:\\\/\\\/mylipfiller.com\\\/#website\"},\"primaryImageOfPage\":{\"@id\":\"https:\\\/\\\/mylipfiller.com\\\/bonetta-filler-volume-2-x-1ml\\\/#primaryimage\"},\"image\":{\"@id\":\"https:\\\/\\\/mylipfiller.com\\\/bonetta-filler-volume-2-x-1ml\\\/#primaryimage\"},\"thumbnailUrl\":\"https:\\\/\\\/mylipfiller.com\\\/wp-content\\\/uploads\\\/2020\\\/09\\\/Bonetta-Filler-Volume.jpg\",\"datePublished\":\"2020-09-24T14:48:00+00:00\",\"dateModified\":\"2025-03-05T08:18:24+00:00\",\"description\":\"\u2765Buy Bonetta Filler Volume - 2 x 1ml \u23e9 My Lip Filler online store \u27a6 Quality assurance, reviews, ingredients, best prices!\",\"breadcrumb\":{\"@id\":\"https:\\\/\\\/mylipfiller.com\\\/bonetta-filler-volume-2-x-1ml\\\/#breadcrumb\"},\"inLanguage\":\"es\",\"potentialAction\":[{\"@type\":\"ReadAction\",\"target\":[\"https:\\\/\\\/mylipfiller.com\\\/bonetta-filler-volume-2-x-1ml\\\/\"]}]},{\"@type\":\"ImageObject\",\"inLanguage\":\"es\",\"@id\":\"https:\\\/\\\/mylipfiller.com\\\/bonetta-filler-volume-2-x-1ml\\\/#primaryimage\",\"url\":\"https:\\\/\\\/mylipfiller.com\\\/wp-content\\\/uploads\\\/2020\\\/09\\\/Bonetta-Filler-Volume.jpg\",\"contentUrl\":\"https:\\\/\\\/mylipfiller.com\\\/wp-content\\\/uploads\\\/2020\\\/09\\\/Bonetta-Filler-Volume.jpg\",\"width\":600,\"height\":600,\"caption\":\"Bonetta Filler Volume\"},{\"@type\":\"BreadcrumbList\",\"@id\":\"https:\\\/\\\/mylipfiller.com\\\/bonetta-filler-volume-2-x-1ml\\\/#breadcrumb\",\"itemListElement\":[{\"@type\":\"ListItem\",\"position\":1,\"name\":\"Home\",\"item\":\"https:\\\/\\\/mylipfiller.com\\\/\"},{\"@type\":\"ListItem\",\"position\":2,\"name\":\"Shop\",\"item\":\"https:\\\/\\\/mylipfiller.com\\\/shop\\\/\"},{\"@type\":\"ListItem\",\"position\":3,\"name\":\"Bonetta Filler Volume &#8211; 2 x 1ml\"}]},{\"@type\":\"WebSite\",\"@id\":\"https:\\\/\\\/mylipfiller.com\\\/#website\",\"url\":\"https:\\\/\\\/mylipfiller.com\\\/\",\"name\":\"My Lip Filler\",\"description\":\"Hyaluronic Acid Lip and Dermal Fillers\",\"publisher\":{\"@id\":\"https:\\\/\\\/mylipfiller.com\\\/#organization\"},\"potentialAction\":[{\"@type\":\"SearchAction\",\"target\":{\"@type\":\"EntryPoint\",\"urlTemplate\":\"https:\\\/\\\/mylipfiller.com\\\/?s={search_term_string}\"},\"query-input\":{\"@type\":\"PropertyValueSpecification\",\"valueRequired\":true,\"valueName\":\"search_term_string\"}}],\"inLanguage\":\"es\"},{\"@type\":\"Organization\",\"@id\":\"https:\\\/\\\/mylipfiller.com\\\/#organization\",\"name\":\"My Lip Filler\",\"url\":\"https:\\\/\\\/mylipfiller.com\\\/\",\"logo\":{\"@type\":\"ImageObject\",\"inLanguage\":\"es\",\"@id\":\"https:\\\/\\\/mylipfiller.com\\\/#\\\/schema\\\/logo\\\/image\\\/\",\"url\":\"https:\\\/\\\/mylipfiller.com\\\/wp-content\\\/uploads\\\/2019\\\/02\\\/cropped-My-Lip-Filler-Logo.png\",\"contentUrl\":\"https:\\\/\\\/mylipfiller.com\\\/wp-content\\\/uploads\\\/2019\\\/02\\\/cropped-My-Lip-Filler-Logo.png\",\"width\":240,\"height\":88,\"caption\":\"My Lip Filler\"},\"image\":{\"@id\":\"https:\\\/\\\/mylipfiller.com\\\/#\\\/schema\\\/logo\\\/image\\\/\"}}]}<\/script>\n<!-- \/ Yoast SEO plugin. -->","yoast_head_json":{"title":"Comprar Bonetta Filler Volume - 2 x 1ml - Rellenos de My Lip Filler","description":"\u2765Compre Bonetta Filler Volume - 2 x 1ml \u23e9 Tienda online My Lip Filler \u27a6 Garant\u00eda de calidad, rese\u00f1as, ingredientes, \u00a1los mejores precios!","robots":{"index":"index","follow":"follow","max-snippet":"max-snippet:-1","max-image-preview":"max-image-preview:large","max-video-preview":"max-video-preview:-1"},"canonical":"https:\/\/mylipfiller.com\/es\/bonetta-filler-volume-2-x-1ml\/","og_locale":"es_MX","og_type":"article","og_title":"Buy Bonetta Filler Volume - 2 x 1ml - Fillers from My Lip Filler","og_description":"\u2765Buy Bonetta Filler Volume - 2 x 1ml \u23e9 My Lip Filler online store \u27a6 Quality assurance, reviews, ingredients, best prices!","og_url":"https:\/\/mylipfiller.com\/es\/bonetta-filler-volume-2-x-1ml\/","og_site_name":"My Lip Filler","article_modified_time":"2025-03-05T08:18:24+00:00","og_image":[{"width":600,"height":600,"url":"https:\/\/cdn.mylipfiller.com\/wp-content\/uploads\/2020\/09\/Bonetta-Filler-Volume.jpg","type":"image\/jpeg"}],"twitter_card":"summary_large_image","twitter_misc":{"Tiempo de lectura":"2 minutos"},"schema":{"@context":"https:\/\/schema.org","@graph":[{"@type":"WebPage","@id":"https:\/\/mylipfiller.com\/bonetta-filler-volume-2-x-1ml\/","url":"https:\/\/mylipfiller.com\/bonetta-filler-volume-2-x-1ml\/","name":"Comprar Bonetta Filler Volume - 2 x 1ml - Rellenos de My Lip Filler","isPartOf":{"@id":"https:\/\/mylipfiller.com\/#website"},"primaryImageOfPage":{"@id":"https:\/\/mylipfiller.com\/bonetta-filler-volume-2-x-1ml\/#primaryimage"},"image":{"@id":"https:\/\/mylipfiller.com\/bonetta-filler-volume-2-x-1ml\/#primaryimage"},"thumbnailUrl":"https:\/\/cdn.mylipfiller.com\/wp-content\/uploads\/2020\/09\/Bonetta-Filler-Volume.jpg","datePublished":"2020-09-24T14:48:00+00:00","dateModified":"2025-03-05T08:18:24+00:00","description":"\u2765Compre Bonetta Filler Volume - 2 x 1ml \u23e9 Tienda online My Lip Filler \u27a6 Garant\u00eda de calidad, rese\u00f1as, ingredientes, \u00a1los mejores precios!","breadcrumb":{"@id":"https:\/\/mylipfiller.com\/bonetta-filler-volume-2-x-1ml\/#breadcrumb"},"inLanguage":"es","potentialAction":[{"@type":"ReadAction","target":["https:\/\/mylipfiller.com\/bonetta-filler-volume-2-x-1ml\/"]}]},{"@type":"ImageObject","inLanguage":"es","@id":"https:\/\/mylipfiller.com\/bonetta-filler-volume-2-x-1ml\/#primaryimage","url":"https:\/\/cdn.mylipfiller.com\/wp-content\/uploads\/2020\/09\/Bonetta-Filler-Volume.jpg","contentUrl":"https:\/\/cdn.mylipfiller.com\/wp-content\/uploads\/2020\/09\/Bonetta-Filler-Volume.jpg","width":600,"height":600,"caption":"Bonetta Filler Volume"},{"@type":"BreadcrumbList","@id":"https:\/\/mylipfiller.com\/bonetta-filler-volume-2-x-1ml\/#breadcrumb","itemListElement":[{"@type":"ListItem","position":1,"name":"Home","item":"https:\/\/mylipfiller.com\/"},{"@type":"ListItem","position":2,"name":"Shop","item":"https:\/\/mylipfiller.com\/shop\/"},{"@type":"ListItem","position":3,"name":"Bonetta Filler Volume &#8211; 2 x 1ml"}]},{"@type":"WebSite","@id":"https:\/\/mylipfiller.com\/#website","url":"https:\/\/mylipfiller.com\/","name":"Mi relleno de labios","description":"Rellenos d\u00e9rmicos y de labios con \u00e1cido hialur\u00f3nico","publisher":{"@id":"https:\/\/mylipfiller.com\/#organization"},"potentialAction":[{"@type":"SearchAction","target":{"@type":"EntryPoint","urlTemplate":"https:\/\/mylipfiller.com\/?s={search_term_string}"},"query-input":{"@type":"PropertyValueSpecification","valueRequired":true,"valueName":"search_term_string"}}],"inLanguage":"es"},{"@type":"Organization","@id":"https:\/\/mylipfiller.com\/#organization","name":"Mi relleno de labios","url":"https:\/\/mylipfiller.com\/","logo":{"@type":"ImageObject","inLanguage":"es","@id":"https:\/\/mylipfiller.com\/#\/schema\/logo\/image\/","url":"https:\/\/cdn.mylipfiller.com\/wp-content\/uploads\/2019\/02\/cropped-My-Lip-Filler-Logo.png","contentUrl":"https:\/\/cdn.mylipfiller.com\/wp-content\/uploads\/2019\/02\/cropped-My-Lip-Filler-Logo.png","width":240,"height":88,"caption":"My Lip Filler"},"image":{"@id":"https:\/\/mylipfiller.com\/#\/schema\/logo\/image\/"}}]}},"_links":{"self":[{"href":"https:\/\/mylipfiller.com\/es\/wp-json\/wp\/v2\/product\/19659","targetHints":{"allow":["GET"]}}],"collection":[{"href":"https:\/\/mylipfiller.com\/es\/wp-json\/wp\/v2\/product"}],"about":[{"href":"https:\/\/mylipfiller.com\/es\/wp-json\/wp\/v2\/types\/product"}],"wp:featuredmedia":[{"embeddable":true,"href":"https:\/\/mylipfiller.com\/es\/wp-json\/wp\/v2\/media\/19662"}],"wp:attachment":[{"href":"https:\/\/mylipfiller.com\/es\/wp-json\/wp\/v2\/media?parent=19659"}],"wp:term":[{"taxonomy":"product_brand","embeddable":true,"href":"https:\/\/mylipfiller.com\/es\/wp-json\/wp\/v2\/product_brand?post=19659"},{"taxonomy":"product_cat","embeddable":true,"href":"https:\/\/mylipfiller.com\/es\/wp-json\/wp\/v2\/product_cat?post=19659"},{"taxonomy":"product_tag","embeddable":true,"href":"https:\/\/mylipfiller.com\/es\/wp-json\/wp\/v2\/product_tag?post=19659"}],"curies":[{"name":"gracias","href":"https:\/\/api.w.org\/{rel}","templated":true}]}}