{"id":19845,"date":"2020-10-01T14:49:55","date_gmt":"2020-10-01T12:49:55","guid":{"rendered":"https:\/\/mylipfiller.com\/?post_type=product&#038;p=19845"},"modified":"2024-07-03T17:33:07","modified_gmt":"2024-07-03T15:33:07","slug":"gana-ha-body-filler-50ml","status":"publish","type":"product","link":"https:\/\/mylipfiller.com\/es\/gana-ha-body-filler-50ml\/","title":{"rendered":"Masilla Corporal Gana HA 50ml"},"content":{"rendered":"<h3>\u00bfC\u00f3mo es GANA HA Body mejor que la cirug\u00eda?<\/h3>\n<p>A diferencia de la cirug\u00eda, el recuento corporal con este producto no implica el uso de anest\u00e9sicos porque rara vez causa dolor. Adem\u00e1s, el procedimiento no requiere tiempo de inactividad y eso permite a los pacientes volver a sus planes diarios casi al instante.<\/p>\n<p>Dado que se trata de un relleno corporal HA, contiene \u00e1cido hialur\u00f3nico (20 mg \/ ml). El ingrediente es 100% seguro porque est\u00e1 presente de forma natural en el cuerpo humano. Como resultado, por lo general, <em>no conduce a eventos adversos<\/em>. En cambio, el componente agrega volumen inmediato debajo de la piel para mejorar el contorno del cuerpo.<\/p>\n<h3>Efectos y usos corporales de GANA HA<\/h3>\n<p>Como todos los dem\u00e1s rellenos a base de HA, este tampoco ofrece resultados permanentes. Por lo tanto, un tratamiento con \u00e9l producir\u00e1 efectos que durar\u00e1n <u>hasta dos a\u00f1os<\/u>. Con el tiempo, el gel del implante se disolver\u00e1 lentamente en los tejidos blandos, sin dejar rastros. Afortunadamente, los pacientes pueden preservar el contorno de su cuerpo mediante sesiones de retoque cada varios meses.<\/p>\n<p>Adem\u00e1s, los cirujanos pl\u00e1sticos pueden utilizar GANA HA Body para diversas terapias de modelado corporal. Algunos de ellos incluyen:<\/p>\n<ul>\n<li>Aumento de caderas<\/li>\n<li>Realce de mamas<\/li>\n<li>Remodelaci\u00f3n de las nalgas<\/li>\n<li>Correcci\u00f3n de pantorrillas<\/li>\n<\/ul>\n<p>Adem\u00e1s, el producto puede <strong>corregir cicatrices despu\u00e9s de la cirug\u00eda<\/strong>. De hecho, funciona incluso en marcas profundas de la piel.<\/p>\n<p>Normalmente, el tratamiento dura unos minutos. Adem\u00e1s, GANA HA Body es f\u00e1cil de inyectar y controlar. \u00a1C\u00f3mprelo ahora y compru\u00e9belo usted mismo!<\/p>","protected":false},"excerpt":{"rendered":"<p>GANA HA Body es un nuevo <strong>inyecci\u00f3n de relleno de contorno corporal<\/strong> por GANA R&amp;D. Se basa en los poderes voluminizadores del \u00e1cido hialur\u00f3nico para remodelar y mejorar la apariencia de varias \u00e1reas del cuerpo. Por ejemplo, los m\u00e9dicos pueden usarlo para el aumento de gl\u00fateos, senos y m\u00e1s. Por lo general, el tratamiento es r\u00e1pido e indoloro y los resultados que ofrece son duraderos.<\/p>","protected":false},"featured_media":19846,"template":"","meta":{"_acf_changed":false},"product_brand":[],"product_cat":[79,52,162],"product_tag":[151,137],"class_list":{"0":"post-19845","1":"product","2":"type-product","3":"status-publish","4":"has-post-thumbnail","6":"product_cat-body","7":"product_cat-gana","8":"product_cat-gana-rd","9":"product_tag-hyaluronic-acid-ha-fillers","10":"product_tag-south-korea","12":"first","13":"outofstock","14":"taxable","15":"shipping-taxable","16":"purchasable","17":"product-type-simple"},"acf":[],"yoast_head":"<!-- This site is optimized with the Yoast SEO plugin v27.2 - https:\/\/yoast.com\/product\/yoast-seo-wordpress\/ -->\n<title>Buy Gana HA Body Filler 50ml - Fillers from My Lip Filler<\/title>\n<meta name=\"description\" content=\"\u2765Buy Gana HA Body Filler 50ml \u23e9 My Lip Filler online store \u27a6 Quality assurance, reviews, ingredients, best prices!\" \/>\n<meta name=\"robots\" content=\"index, follow, max-snippet:-1, max-image-preview:large, max-video-preview:-1\" \/>\n<link rel=\"canonical\" href=\"https:\/\/mylipfiller.com\/es\/gana-ha-body-filler-50ml\/\" \/>\n<meta property=\"og:locale\" content=\"es_MX\" \/>\n<meta property=\"og:type\" content=\"article\" \/>\n<meta property=\"og:title\" content=\"Buy Gana HA Body Filler 50ml - Fillers from My Lip Filler\" \/>\n<meta property=\"og:description\" content=\"\u2765Buy Gana HA Body Filler 50ml \u23e9 My Lip Filler online store \u27a6 Quality assurance, reviews, ingredients, best prices!\" \/>\n<meta property=\"og:url\" content=\"https:\/\/mylipfiller.com\/es\/gana-ha-body-filler-50ml\/\" \/>\n<meta property=\"og:site_name\" content=\"My Lip Filler\" \/>\n<meta property=\"article:modified_time\" content=\"2024-07-03T15:33:07+00:00\" \/>\n<meta property=\"og:image\" content=\"https:\/\/cdn.mylipfiller.com\/wp-content\/uploads\/2020\/10\/Gana-HA-Body.jpg\" \/>\n\t<meta property=\"og:image:width\" content=\"600\" \/>\n\t<meta property=\"og:image:height\" content=\"600\" \/>\n\t<meta property=\"og:image:type\" content=\"image\/jpeg\" \/>\n<meta name=\"twitter:card\" content=\"summary_large_image\" \/>\n<meta name=\"twitter:label1\" content=\"Tiempo de lectura\" \/>\n\t<meta name=\"twitter:data1\" content=\"2 minutos\" \/>\n<script type=\"application\/ld+json\" class=\"yoast-schema-graph\">{\"@context\":\"https:\/\/schema.org\",\"@graph\":[{\"@type\":\"WebPage\",\"@id\":\"https:\/\/mylipfiller.com\/gana-ha-body-filler-50ml\/\",\"url\":\"https:\/\/mylipfiller.com\/gana-ha-body-filler-50ml\/\",\"name\":\"Buy Gana HA Body Filler 50ml - Fillers from My Lip Filler\",\"isPartOf\":{\"@id\":\"https:\/\/mylipfiller.com\/#website\"},\"primaryImageOfPage\":{\"@id\":\"https:\/\/mylipfiller.com\/gana-ha-body-filler-50ml\/#primaryimage\"},\"image\":{\"@id\":\"https:\/\/mylipfiller.com\/gana-ha-body-filler-50ml\/#primaryimage\"},\"thumbnailUrl\":\"https:\/\/cdn.mylipfiller.com\/wp-content\/uploads\/2020\/10\/Gana-HA-Body.jpg\",\"datePublished\":\"2020-10-01T12:49:55+00:00\",\"dateModified\":\"2024-07-03T15:33:07+00:00\",\"description\":\"\u2765Buy Gana HA Body Filler 50ml \u23e9 My Lip Filler online store \u27a6 Quality assurance, reviews, ingredients, best prices!\",\"breadcrumb\":{\"@id\":\"https:\/\/mylipfiller.com\/gana-ha-body-filler-50ml\/#breadcrumb\"},\"inLanguage\":\"es\",\"potentialAction\":[{\"@type\":\"ReadAction\",\"target\":[\"https:\/\/mylipfiller.com\/gana-ha-body-filler-50ml\/\"]}]},{\"@type\":\"ImageObject\",\"inLanguage\":\"es\",\"@id\":\"https:\/\/mylipfiller.com\/gana-ha-body-filler-50ml\/#primaryimage\",\"url\":\"https:\/\/cdn.mylipfiller.com\/wp-content\/uploads\/2020\/10\/Gana-HA-Body.jpg\",\"contentUrl\":\"https:\/\/cdn.mylipfiller.com\/wp-content\/uploads\/2020\/10\/Gana-HA-Body.jpg\",\"width\":600,\"height\":600,\"caption\":\"Gana HA Body Filler\"},{\"@type\":\"BreadcrumbList\",\"@id\":\"https:\/\/mylipfiller.com\/gana-ha-body-filler-50ml\/#breadcrumb\",\"itemListElement\":[{\"@type\":\"ListItem\",\"position\":1,\"name\":\"Home\",\"item\":\"https:\/\/mylipfiller.com\/\"},{\"@type\":\"ListItem\",\"position\":2,\"name\":\"Shop\",\"item\":\"https:\/\/mylipfiller.com\/shop\/\"},{\"@type\":\"ListItem\",\"position\":3,\"name\":\"Gana HA Body Filler 50ml\"}]},{\"@type\":\"WebSite\",\"@id\":\"https:\/\/mylipfiller.com\/#website\",\"url\":\"https:\/\/mylipfiller.com\/\",\"name\":\"My Lip Filler\",\"description\":\"Hyaluronic Acid Lip and Dermal Fillers\",\"publisher\":{\"@id\":\"https:\/\/mylipfiller.com\/#organization\"},\"potentialAction\":[{\"@type\":\"SearchAction\",\"target\":{\"@type\":\"EntryPoint\",\"urlTemplate\":\"https:\/\/mylipfiller.com\/?s={search_term_string}\"},\"query-input\":{\"@type\":\"PropertyValueSpecification\",\"valueRequired\":true,\"valueName\":\"search_term_string\"}}],\"inLanguage\":\"es\"},{\"@type\":\"Organization\",\"@id\":\"https:\/\/mylipfiller.com\/#organization\",\"name\":\"My Lip Filler\",\"url\":\"https:\/\/mylipfiller.com\/\",\"logo\":{\"@type\":\"ImageObject\",\"inLanguage\":\"es\",\"@id\":\"https:\/\/mylipfiller.com\/#\/schema\/logo\/image\/\",\"url\":\"https:\/\/cdn.mylipfiller.com\/wp-content\/uploads\/2019\/02\/cropped-My-Lip-Filler-Logo.png\",\"contentUrl\":\"https:\/\/cdn.mylipfiller.com\/wp-content\/uploads\/2019\/02\/cropped-My-Lip-Filler-Logo.png\",\"width\":240,\"height\":88,\"caption\":\"My Lip Filler\"},\"image\":{\"@id\":\"https:\/\/mylipfiller.com\/#\/schema\/logo\/image\/\"}}]}<\/script>\n<!-- \/ Yoast SEO plugin. -->","yoast_head_json":{"title":"Comprar Gana HA Body Filler 50ml - Rellenos de My Lip Filler","description":"\u2765Comprar Gana HA Body Filler 50ml \u23e9 Tienda online My Lip Filler \u27a6 Garant\u00eda de calidad, opiniones, ingredientes, \u00a1los mejores precios!","robots":{"index":"index","follow":"follow","max-snippet":"max-snippet:-1","max-image-preview":"max-image-preview:large","max-video-preview":"max-video-preview:-1"},"canonical":"https:\/\/mylipfiller.com\/es\/gana-ha-body-filler-50ml\/","og_locale":"es_MX","og_type":"article","og_title":"Buy Gana HA Body Filler 50ml - Fillers from My Lip Filler","og_description":"\u2765Buy Gana HA Body Filler 50ml \u23e9 My Lip Filler online store \u27a6 Quality assurance, reviews, ingredients, best prices!","og_url":"https:\/\/mylipfiller.com\/es\/gana-ha-body-filler-50ml\/","og_site_name":"My Lip Filler","article_modified_time":"2024-07-03T15:33:07+00:00","og_image":[{"width":600,"height":600,"url":"https:\/\/cdn.mylipfiller.com\/wp-content\/uploads\/2020\/10\/Gana-HA-Body.jpg","type":"image\/jpeg"}],"twitter_card":"summary_large_image","twitter_misc":{"Tiempo de lectura":"2 minutos"},"schema":{"@context":"https:\/\/schema.org","@graph":[{"@type":"WebPage","@id":"https:\/\/mylipfiller.com\/gana-ha-body-filler-50ml\/","url":"https:\/\/mylipfiller.com\/gana-ha-body-filler-50ml\/","name":"Comprar Gana HA Body Filler 50ml - Rellenos de My Lip Filler","isPartOf":{"@id":"https:\/\/mylipfiller.com\/#website"},"primaryImageOfPage":{"@id":"https:\/\/mylipfiller.com\/gana-ha-body-filler-50ml\/#primaryimage"},"image":{"@id":"https:\/\/mylipfiller.com\/gana-ha-body-filler-50ml\/#primaryimage"},"thumbnailUrl":"https:\/\/cdn.mylipfiller.com\/wp-content\/uploads\/2020\/10\/Gana-HA-Body.jpg","datePublished":"2020-10-01T12:49:55+00:00","dateModified":"2024-07-03T15:33:07+00:00","description":"\u2765Comprar Gana HA Body Filler 50ml \u23e9 Tienda online My Lip Filler \u27a6 Garant\u00eda de calidad, opiniones, ingredientes, \u00a1los mejores precios!","breadcrumb":{"@id":"https:\/\/mylipfiller.com\/gana-ha-body-filler-50ml\/#breadcrumb"},"inLanguage":"es","potentialAction":[{"@type":"ReadAction","target":["https:\/\/mylipfiller.com\/gana-ha-body-filler-50ml\/"]}]},{"@type":"ImageObject","inLanguage":"es","@id":"https:\/\/mylipfiller.com\/gana-ha-body-filler-50ml\/#primaryimage","url":"https:\/\/cdn.mylipfiller.com\/wp-content\/uploads\/2020\/10\/Gana-HA-Body.jpg","contentUrl":"https:\/\/cdn.mylipfiller.com\/wp-content\/uploads\/2020\/10\/Gana-HA-Body.jpg","width":600,"height":600,"caption":"Gana HA Body Filler"},{"@type":"BreadcrumbList","@id":"https:\/\/mylipfiller.com\/gana-ha-body-filler-50ml\/#breadcrumb","itemListElement":[{"@type":"ListItem","position":1,"name":"Home","item":"https:\/\/mylipfiller.com\/"},{"@type":"ListItem","position":2,"name":"Shop","item":"https:\/\/mylipfiller.com\/shop\/"},{"@type":"ListItem","position":3,"name":"Gana HA Body Filler 50ml"}]},{"@type":"WebSite","@id":"https:\/\/mylipfiller.com\/#website","url":"https:\/\/mylipfiller.com\/","name":"Mi relleno de labios","description":"Rellenos d\u00e9rmicos y de labios con \u00e1cido hialur\u00f3nico","publisher":{"@id":"https:\/\/mylipfiller.com\/#organization"},"potentialAction":[{"@type":"SearchAction","target":{"@type":"EntryPoint","urlTemplate":"https:\/\/mylipfiller.com\/?s={search_term_string}"},"query-input":{"@type":"PropertyValueSpecification","valueRequired":true,"valueName":"search_term_string"}}],"inLanguage":"es"},{"@type":"Organization","@id":"https:\/\/mylipfiller.com\/#organization","name":"Mi relleno de labios","url":"https:\/\/mylipfiller.com\/","logo":{"@type":"ImageObject","inLanguage":"es","@id":"https:\/\/mylipfiller.com\/#\/schema\/logo\/image\/","url":"https:\/\/cdn.mylipfiller.com\/wp-content\/uploads\/2019\/02\/cropped-My-Lip-Filler-Logo.png","contentUrl":"https:\/\/cdn.mylipfiller.com\/wp-content\/uploads\/2019\/02\/cropped-My-Lip-Filler-Logo.png","width":240,"height":88,"caption":"My Lip Filler"},"image":{"@id":"https:\/\/mylipfiller.com\/#\/schema\/logo\/image\/"}}]}},"_links":{"self":[{"href":"https:\/\/mylipfiller.com\/es\/wp-json\/wp\/v2\/product\/19845","targetHints":{"allow":["GET"]}}],"collection":[{"href":"https:\/\/mylipfiller.com\/es\/wp-json\/wp\/v2\/product"}],"about":[{"href":"https:\/\/mylipfiller.com\/es\/wp-json\/wp\/v2\/types\/product"}],"wp:featuredmedia":[{"embeddable":true,"href":"https:\/\/mylipfiller.com\/es\/wp-json\/wp\/v2\/media\/19846"}],"wp:attachment":[{"href":"https:\/\/mylipfiller.com\/es\/wp-json\/wp\/v2\/media?parent=19845"}],"wp:term":[{"taxonomy":"product_brand","embeddable":true,"href":"https:\/\/mylipfiller.com\/es\/wp-json\/wp\/v2\/product_brand?post=19845"},{"taxonomy":"product_cat","embeddable":true,"href":"https:\/\/mylipfiller.com\/es\/wp-json\/wp\/v2\/product_cat?post=19845"},{"taxonomy":"product_tag","embeddable":true,"href":"https:\/\/mylipfiller.com\/es\/wp-json\/wp\/v2\/product_tag?post=19845"}],"curies":[{"name":"gracias","href":"https:\/\/api.w.org\/{rel}","templated":true}]}}