{"id":20448,"date":"2020-10-23T16:40:47","date_gmt":"2020-10-23T14:40:47","guid":{"rendered":"https:\/\/mylipfiller.com\/?post_type=product&#038;p=20448"},"modified":"2024-07-02T17:35:43","modified_gmt":"2024-07-02T15:35:43","slug":"luthione-injection-10-vials","status":"publish","type":"product","link":"https:\/\/mylipfiller.com\/es\/luthione-injection-10-vials\/","title":{"rendered":"Inyecci\u00f3n de luthione (10 viales)"},"content":{"rendered":"<h3>Ventajas de la inyecci\u00f3n de Luthione<\/h3>\n<p>El principal ingrediente activo del producto es el glutati\u00f3n. Dado que es producido naturalmente por el cuerpo humano, es <strong>bien tolerado<\/strong> por casi todos los pacientes. Adem\u00e1s, el componente es tan seguro que ni siquiera provocar\u00e1 reacciones adversas.<\/p>\n<p>Por lo general, el tratamiento con Luthione dura entre 30 y 60 minutos y no requiere tiempo de inactividad. Adem\u00e1s, esta terapia de blanqueamiento de la piel se puede combinar f\u00e1cilmente con otros procedimientos cosm\u00e9ticos.<\/p>\n<h3>Efectos de Luthione<\/h3>\n<p>Otra gran ventaja de Luthione es que es m\u00e1s que una inyecci\u00f3n para blanquear la piel. No solo tiene propiedades anti-pigmentaci\u00f3n, sino que tambi\u00e9n mejora el estado de la piel en m\u00e1s de una forma. Por ejemplo, evita que los radicales libres descompongan el col\u00e1geno. Al hacerlo, el producto <u>preserva la elasticidad de la piel<\/u> y apariencia fresca.<\/p>\n<p>Adem\u00e1s, la inyecci\u00f3n de Luthione mejora la funci\u00f3n de varios \u00f3rganos, incluido el h\u00edgado. Para lograrlo, el producto elimina las toxinas del cuerpo. Finalmente, es <em>fortalece el sistema inmunol\u00f3gico<\/em> - un efecto que tienen pocos otros productos para blanquear la piel.<\/p>\n<ul>\n<li>Disminuye la producci\u00f3n de melanina.<\/li>\n<li>Desintoxica el cuerpo<\/li>\n<li>Corrige pecas, manchas oscuras y de la edad<\/li>\n<li>Mantiene el equilibrio h\u00eddrico de la piel<\/li>\n<li>Mejora el sistema inmunol\u00f3gico.<\/li>\n<li>Combate los efectos negativos de los radicales libres<\/li>\n<\/ul>","protected":false},"excerpt":{"rendered":"<p>Producido por Daehan New Pharm de Corea del Sur, Luthione es una inyecci\u00f3n para blanquear la piel de calidad. El producto tiene una acci\u00f3n segura y no agresiva porque utiliza el poder de los antioxidantes para <strong>iluminar la piel<\/strong>. Adem\u00e1s, los pacientes que se sometan a tratamiento con \u00e9l disfrutar\u00e1n <em>efectos rejuvenecedores de la piel<\/em>. Lo mejor de todo es que este producto se puede combinar con los otros inyectables del juego de aclarado de la piel Cindella.<\/p>","protected":false},"featured_media":20459,"template":"","meta":{"_acf_changed":false},"product_brand":[],"product_cat":[18],"product_tag":[137],"class_list":{"0":"post-20448","1":"product","2":"type-product","3":"status-publish","4":"has-post-thumbnail","6":"product_cat-mesotherapy","7":"product_tag-south-korea","9":"first","10":"instock","11":"taxable","12":"shipping-taxable","13":"purchasable","14":"product-type-simple"},"acf":[],"yoast_head":"<!-- This site is optimized with the Yoast SEO plugin v27.3 - https:\/\/yoast.com\/product\/yoast-seo-wordpress\/ -->\n<title>Buy Luthione Injection (10 vials) - Fillers from My Lip Filler<\/title>\n<meta name=\"description\" content=\"\u2765Buy Luthione Injection (10 vials) \u23e9 My Lip Filler online store \u27a6 Quality assurance, reviews, ingredients, best prices!\" \/>\n<meta name=\"robots\" content=\"index, follow, max-snippet:-1, max-image-preview:large, max-video-preview:-1\" \/>\n<link rel=\"canonical\" href=\"https:\/\/mylipfiller.com\/es\/luthione-injection-10-vials\/\" \/>\n<meta property=\"og:locale\" content=\"es_MX\" \/>\n<meta property=\"og:type\" content=\"article\" \/>\n<meta property=\"og:title\" content=\"Buy Luthione Injection (10 vials) - Fillers from My Lip Filler\" \/>\n<meta property=\"og:description\" content=\"\u2765Buy Luthione Injection (10 vials) \u23e9 My Lip Filler online store \u27a6 Quality assurance, reviews, ingredients, best prices!\" \/>\n<meta property=\"og:url\" content=\"https:\/\/mylipfiller.com\/es\/luthione-injection-10-vials\/\" \/>\n<meta property=\"og:site_name\" content=\"My Lip Filler\" \/>\n<meta property=\"article:modified_time\" content=\"2024-07-02T15:35:43+00:00\" \/>\n<meta property=\"og:image\" content=\"https:\/\/cdn.mylipfiller.com\/wp-content\/uploads\/2020\/10\/Luthione.jpg\" \/>\n\t<meta property=\"og:image:width\" content=\"600\" \/>\n\t<meta property=\"og:image:height\" content=\"600\" \/>\n\t<meta property=\"og:image:type\" content=\"image\/jpeg\" \/>\n<meta name=\"twitter:card\" content=\"summary_large_image\" \/>\n<meta name=\"twitter:label1\" content=\"Tiempo de lectura\" \/>\n\t<meta name=\"twitter:data1\" content=\"2 minutos\" \/>\n<script type=\"application\/ld+json\" class=\"yoast-schema-graph\">{\"@context\":\"https:\\\/\\\/schema.org\",\"@graph\":[{\"@type\":\"WebPage\",\"@id\":\"https:\\\/\\\/mylipfiller.com\\\/luthione-injection-10-vials\\\/\",\"url\":\"https:\\\/\\\/mylipfiller.com\\\/luthione-injection-10-vials\\\/\",\"name\":\"Buy Luthione Injection (10 vials) - Fillers from My Lip Filler\",\"isPartOf\":{\"@id\":\"https:\\\/\\\/mylipfiller.com\\\/#website\"},\"primaryImageOfPage\":{\"@id\":\"https:\\\/\\\/mylipfiller.com\\\/luthione-injection-10-vials\\\/#primaryimage\"},\"image\":{\"@id\":\"https:\\\/\\\/mylipfiller.com\\\/luthione-injection-10-vials\\\/#primaryimage\"},\"thumbnailUrl\":\"https:\\\/\\\/mylipfiller.com\\\/wp-content\\\/uploads\\\/2020\\\/10\\\/Luthione.jpg\",\"datePublished\":\"2020-10-23T14:40:47+00:00\",\"dateModified\":\"2024-07-02T15:35:43+00:00\",\"description\":\"\u2765Buy Luthione Injection (10 vials) \u23e9 My Lip Filler online store \u27a6 Quality assurance, reviews, ingredients, best prices!\",\"breadcrumb\":{\"@id\":\"https:\\\/\\\/mylipfiller.com\\\/luthione-injection-10-vials\\\/#breadcrumb\"},\"inLanguage\":\"es\",\"potentialAction\":[{\"@type\":\"ReadAction\",\"target\":[\"https:\\\/\\\/mylipfiller.com\\\/luthione-injection-10-vials\\\/\"]}]},{\"@type\":\"ImageObject\",\"inLanguage\":\"es\",\"@id\":\"https:\\\/\\\/mylipfiller.com\\\/luthione-injection-10-vials\\\/#primaryimage\",\"url\":\"https:\\\/\\\/mylipfiller.com\\\/wp-content\\\/uploads\\\/2020\\\/10\\\/Luthione.jpg\",\"contentUrl\":\"https:\\\/\\\/mylipfiller.com\\\/wp-content\\\/uploads\\\/2020\\\/10\\\/Luthione.jpg\",\"width\":600,\"height\":600,\"caption\":\"Luthione\"},{\"@type\":\"BreadcrumbList\",\"@id\":\"https:\\\/\\\/mylipfiller.com\\\/luthione-injection-10-vials\\\/#breadcrumb\",\"itemListElement\":[{\"@type\":\"ListItem\",\"position\":1,\"name\":\"Home\",\"item\":\"https:\\\/\\\/mylipfiller.com\\\/\"},{\"@type\":\"ListItem\",\"position\":2,\"name\":\"Shop\",\"item\":\"https:\\\/\\\/mylipfiller.com\\\/shop\\\/\"},{\"@type\":\"ListItem\",\"position\":3,\"name\":\"Luthione Injection (10 vials)\"}]},{\"@type\":\"WebSite\",\"@id\":\"https:\\\/\\\/mylipfiller.com\\\/#website\",\"url\":\"https:\\\/\\\/mylipfiller.com\\\/\",\"name\":\"My Lip Filler\",\"description\":\"Hyaluronic Acid Lip and Dermal Fillers\",\"publisher\":{\"@id\":\"https:\\\/\\\/mylipfiller.com\\\/#organization\"},\"potentialAction\":[{\"@type\":\"SearchAction\",\"target\":{\"@type\":\"EntryPoint\",\"urlTemplate\":\"https:\\\/\\\/mylipfiller.com\\\/?s={search_term_string}\"},\"query-input\":{\"@type\":\"PropertyValueSpecification\",\"valueRequired\":true,\"valueName\":\"search_term_string\"}}],\"inLanguage\":\"es\"},{\"@type\":\"Organization\",\"@id\":\"https:\\\/\\\/mylipfiller.com\\\/#organization\",\"name\":\"My Lip Filler\",\"url\":\"https:\\\/\\\/mylipfiller.com\\\/\",\"logo\":{\"@type\":\"ImageObject\",\"inLanguage\":\"es\",\"@id\":\"https:\\\/\\\/mylipfiller.com\\\/#\\\/schema\\\/logo\\\/image\\\/\",\"url\":\"https:\\\/\\\/mylipfiller.com\\\/wp-content\\\/uploads\\\/2019\\\/02\\\/cropped-My-Lip-Filler-Logo.png\",\"contentUrl\":\"https:\\\/\\\/mylipfiller.com\\\/wp-content\\\/uploads\\\/2019\\\/02\\\/cropped-My-Lip-Filler-Logo.png\",\"width\":240,\"height\":88,\"caption\":\"My Lip Filler\"},\"image\":{\"@id\":\"https:\\\/\\\/mylipfiller.com\\\/#\\\/schema\\\/logo\\\/image\\\/\"}}]}<\/script>\n<!-- \/ Yoast SEO plugin. -->","yoast_head_json":{"title":"Compre inyecci\u00f3n Luthione (10 viales) - Rellenos de My Lip Filler","description":"\u2765Compre Luthione Inyecci\u00f3n (10 viales) \u23e9 Tienda online My Lip Filler \u27a6 Garant\u00eda de calidad, rese\u00f1as, ingredientes, \u00a1los mejores precios!","robots":{"index":"index","follow":"follow","max-snippet":"max-snippet:-1","max-image-preview":"max-image-preview:large","max-video-preview":"max-video-preview:-1"},"canonical":"https:\/\/mylipfiller.com\/es\/luthione-injection-10-vials\/","og_locale":"es_MX","og_type":"article","og_title":"Buy Luthione Injection (10 vials) - Fillers from My Lip Filler","og_description":"\u2765Buy Luthione Injection (10 vials) \u23e9 My Lip Filler online store \u27a6 Quality assurance, reviews, ingredients, best prices!","og_url":"https:\/\/mylipfiller.com\/es\/luthione-injection-10-vials\/","og_site_name":"My Lip Filler","article_modified_time":"2024-07-02T15:35:43+00:00","og_image":[{"width":600,"height":600,"url":"https:\/\/cdn.mylipfiller.com\/wp-content\/uploads\/2020\/10\/Luthione.jpg","type":"image\/jpeg"}],"twitter_card":"summary_large_image","twitter_misc":{"Tiempo de lectura":"2 minutos"},"schema":{"@context":"https:\/\/schema.org","@graph":[{"@type":"WebPage","@id":"https:\/\/mylipfiller.com\/luthione-injection-10-vials\/","url":"https:\/\/mylipfiller.com\/luthione-injection-10-vials\/","name":"Compre inyecci\u00f3n Luthione (10 viales) - Rellenos de My Lip Filler","isPartOf":{"@id":"https:\/\/mylipfiller.com\/#website"},"primaryImageOfPage":{"@id":"https:\/\/mylipfiller.com\/luthione-injection-10-vials\/#primaryimage"},"image":{"@id":"https:\/\/mylipfiller.com\/luthione-injection-10-vials\/#primaryimage"},"thumbnailUrl":"https:\/\/cdn.mylipfiller.com\/wp-content\/uploads\/2020\/10\/Luthione.jpg","datePublished":"2020-10-23T14:40:47+00:00","dateModified":"2024-07-02T15:35:43+00:00","description":"\u2765Compre Luthione Inyecci\u00f3n (10 viales) \u23e9 Tienda online My Lip Filler \u27a6 Garant\u00eda de calidad, rese\u00f1as, ingredientes, \u00a1los mejores precios!","breadcrumb":{"@id":"https:\/\/mylipfiller.com\/luthione-injection-10-vials\/#breadcrumb"},"inLanguage":"es","potentialAction":[{"@type":"ReadAction","target":["https:\/\/mylipfiller.com\/luthione-injection-10-vials\/"]}]},{"@type":"ImageObject","inLanguage":"es","@id":"https:\/\/mylipfiller.com\/luthione-injection-10-vials\/#primaryimage","url":"https:\/\/cdn.mylipfiller.com\/wp-content\/uploads\/2020\/10\/Luthione.jpg","contentUrl":"https:\/\/cdn.mylipfiller.com\/wp-content\/uploads\/2020\/10\/Luthione.jpg","width":600,"height":600,"caption":"Luthione"},{"@type":"BreadcrumbList","@id":"https:\/\/mylipfiller.com\/luthione-injection-10-vials\/#breadcrumb","itemListElement":[{"@type":"ListItem","position":1,"name":"Home","item":"https:\/\/mylipfiller.com\/"},{"@type":"ListItem","position":2,"name":"Shop","item":"https:\/\/mylipfiller.com\/shop\/"},{"@type":"ListItem","position":3,"name":"Luthione Injection (10 vials)"}]},{"@type":"WebSite","@id":"https:\/\/mylipfiller.com\/#website","url":"https:\/\/mylipfiller.com\/","name":"Mi relleno de labios","description":"Rellenos d\u00e9rmicos y de labios con \u00e1cido hialur\u00f3nico","publisher":{"@id":"https:\/\/mylipfiller.com\/#organization"},"potentialAction":[{"@type":"SearchAction","target":{"@type":"EntryPoint","urlTemplate":"https:\/\/mylipfiller.com\/?s={search_term_string}"},"query-input":{"@type":"PropertyValueSpecification","valueRequired":true,"valueName":"search_term_string"}}],"inLanguage":"es"},{"@type":"Organization","@id":"https:\/\/mylipfiller.com\/#organization","name":"Mi relleno de labios","url":"https:\/\/mylipfiller.com\/","logo":{"@type":"ImageObject","inLanguage":"es","@id":"https:\/\/mylipfiller.com\/#\/schema\/logo\/image\/","url":"https:\/\/cdn.mylipfiller.com\/wp-content\/uploads\/2019\/02\/cropped-My-Lip-Filler-Logo.png","contentUrl":"https:\/\/cdn.mylipfiller.com\/wp-content\/uploads\/2019\/02\/cropped-My-Lip-Filler-Logo.png","width":240,"height":88,"caption":"My Lip Filler"},"image":{"@id":"https:\/\/mylipfiller.com\/#\/schema\/logo\/image\/"}}]}},"_links":{"self":[{"href":"https:\/\/mylipfiller.com\/es\/wp-json\/wp\/v2\/product\/20448","targetHints":{"allow":["GET"]}}],"collection":[{"href":"https:\/\/mylipfiller.com\/es\/wp-json\/wp\/v2\/product"}],"about":[{"href":"https:\/\/mylipfiller.com\/es\/wp-json\/wp\/v2\/types\/product"}],"wp:featuredmedia":[{"embeddable":true,"href":"https:\/\/mylipfiller.com\/es\/wp-json\/wp\/v2\/media\/20459"}],"wp:attachment":[{"href":"https:\/\/mylipfiller.com\/es\/wp-json\/wp\/v2\/media?parent=20448"}],"wp:term":[{"taxonomy":"product_brand","embeddable":true,"href":"https:\/\/mylipfiller.com\/es\/wp-json\/wp\/v2\/product_brand?post=20448"},{"taxonomy":"product_cat","embeddable":true,"href":"https:\/\/mylipfiller.com\/es\/wp-json\/wp\/v2\/product_cat?post=20448"},{"taxonomy":"product_tag","embeddable":true,"href":"https:\/\/mylipfiller.com\/es\/wp-json\/wp\/v2\/product_tag?post=20448"}],"curies":[{"name":"gracias","href":"https:\/\/api.w.org\/{rel}","templated":true}]}}