{"id":20449,"date":"2020-10-23T16:40:58","date_gmt":"2020-10-23T14:40:58","guid":{"rendered":"https:\/\/mylipfiller.com\/?post_type=product&#038;p=20449"},"modified":"2025-12-02T12:51:49","modified_gmt":"2025-12-02T10:51:49","slug":"vitamin-c-injection-10-vials","status":"publish","type":"product","link":"https:\/\/mylipfiller.com\/es\/vitamin-c-injection-10-vials\/","title":{"rendered":"Inyecci\u00f3n de vitamina C (10 viales)"},"content":{"rendered":"<h3>Vitamina C: m\u00e1s que un producto para blanquear la piel<\/h3>\n<p>El \u00e1cido asc\u00f3rbico es el ingrediente activo clave en esta inyecci\u00f3n de vitamina C. Como resultado, el producto aumenta la funci\u00f3n de <em>Glutati\u00f3n<\/em> en el cuerpo humano. A su vez, ilumina la piel y mejora su tono. Aparte de los poderes anti-pigmentantes, la inyecci\u00f3n tambi\u00e9n tiene las siguientes propiedades:<\/p>\n<ul>\n<li>Protege la piel de los efectos negativos de la luz ultravioleta.<\/li>\n<li>Elimina las toxinas del cuerpo.<\/li>\n<li>Rejuvenece y suaviza la piel.<\/li>\n<li>Reduce el riesgo de formaciones cancerosas.<\/li>\n<\/ul>\n<h3>\u00bfC\u00f3mo usar la inyecci\u00f3n de vitamina C?<\/h3>\n<p>La vitamina C se puede utilizar como producto independiente y los m\u00e9dicos pueden administrarla mediante inyecci\u00f3n. Por lo general, las dosis de entre 50 ml y 150 ml son suficientes para un solo procedimiento. Por lo general, un tratamiento incluye <em>diez inyecciones<\/em> (una inyecci\u00f3n a la semana).<\/p>\n<p>Si los pacientes desean conservar el efecto blanqueador y rejuvenecedor de la piel del producto, deber\u00e1n someterse a <u>tratamientos de mantenimiento<\/u>. En la mayor\u00eda de los casos, una o dos sesiones de seguimiento por mes son m\u00e1s que suficientes para prolongar los resultados de la terapia.<\/p>\n<p>La inyecci\u00f3n de vitamina C es parte de <strong>Set iluminador de piel de Cindella<\/strong>. Por lo tanto, se puede combinar f\u00e1cilmente con los otros dos productos de la colecci\u00f3n: Luthione y Cindella. En tales casos, los m\u00e9dicos pueden administrar los inyectables por v\u00eda intravenosa. Una vez m\u00e1s, el tratamiento consta de diez sesiones (una cada 3-4 d\u00edas).<\/p>","protected":false},"excerpt":{"rendered":"<p>La inyecci\u00f3n de vitamina C es un excelente producto vitam\u00ednico con <strong>poderes robustos para iluminar la piel<\/strong>. Desarrollado en Corea del Sur por Daehan New Pharma, ofrece un efecto rejuvenecedor y mejora la salud general de los pacientes. Adem\u00e1s, el \u00e1cido asc\u00f3rbico en la inyecci\u00f3n act\u00faa como un antioxidante robusto. Como resultado, el tratamiento limpiar\u00e1 el cuerpo de toxinas y bloquear\u00e1 la acci\u00f3n da\u00f1ina de los radicales libres.<\/p>","protected":false},"featured_media":20457,"template":"","meta":{"_acf_changed":false},"product_brand":[],"product_cat":[18],"product_tag":[137],"class_list":{"0":"post-20449","1":"product","2":"type-product","3":"status-publish","4":"has-post-thumbnail","6":"product_cat-mesotherapy","7":"product_tag-south-korea","9":"first","10":"instock","11":"taxable","12":"shipping-taxable","13":"purchasable","14":"product-type-simple"},"acf":[],"yoast_head":"<!-- This site is optimized with the Yoast SEO plugin v27.2 - https:\/\/yoast.com\/product\/yoast-seo-wordpress\/ -->\n<title>Buy Vitamin C Injection (10 vials) - Fillers from My Lip Filler<\/title>\n<meta name=\"description\" content=\"\u2765Buy Vitamin C Injection (10 vials) \u23e9 My Lip Filler online store \u27a6 Quality assurance, reviews, ingredients, best prices!\" \/>\n<meta name=\"robots\" content=\"index, follow, max-snippet:-1, max-image-preview:large, max-video-preview:-1\" \/>\n<link rel=\"canonical\" href=\"https:\/\/mylipfiller.com\/es\/vitamin-c-injection-10-vials\/\" \/>\n<meta property=\"og:locale\" content=\"es_MX\" \/>\n<meta property=\"og:type\" content=\"article\" \/>\n<meta property=\"og:title\" content=\"Buy Vitamin C Injection (10 vials) - Fillers from My Lip Filler\" \/>\n<meta property=\"og:description\" content=\"\u2765Buy Vitamin C Injection (10 vials) \u23e9 My Lip Filler online store \u27a6 Quality assurance, reviews, ingredients, best prices!\" \/>\n<meta property=\"og:url\" content=\"https:\/\/mylipfiller.com\/es\/vitamin-c-injection-10-vials\/\" \/>\n<meta property=\"og:site_name\" content=\"My Lip Filler\" \/>\n<meta property=\"article:modified_time\" content=\"2025-12-02T10:51:49+00:00\" \/>\n<meta property=\"og:image\" content=\"https:\/\/cdn.mylipfiller.com\/wp-content\/uploads\/2020\/10\/Vitamin-C.jpg\" \/>\n\t<meta property=\"og:image:width\" content=\"600\" \/>\n\t<meta property=\"og:image:height\" content=\"600\" \/>\n\t<meta property=\"og:image:type\" content=\"image\/jpeg\" \/>\n<meta name=\"twitter:card\" content=\"summary_large_image\" \/>\n<meta name=\"twitter:label1\" content=\"Tiempo de lectura\" \/>\n\t<meta name=\"twitter:data1\" content=\"2 minutos\" \/>\n<script type=\"application\/ld+json\" class=\"yoast-schema-graph\">{\"@context\":\"https:\/\/schema.org\",\"@graph\":[{\"@type\":\"WebPage\",\"@id\":\"https:\/\/mylipfiller.com\/vitamin-c-injection-10-vials\/\",\"url\":\"https:\/\/mylipfiller.com\/vitamin-c-injection-10-vials\/\",\"name\":\"Buy Vitamin C Injection (10 vials) - Fillers from My Lip Filler\",\"isPartOf\":{\"@id\":\"https:\/\/mylipfiller.com\/#website\"},\"primaryImageOfPage\":{\"@id\":\"https:\/\/mylipfiller.com\/vitamin-c-injection-10-vials\/#primaryimage\"},\"image\":{\"@id\":\"https:\/\/mylipfiller.com\/vitamin-c-injection-10-vials\/#primaryimage\"},\"thumbnailUrl\":\"https:\/\/cdn.mylipfiller.com\/wp-content\/uploads\/2020\/10\/Vitamin-C.jpg\",\"datePublished\":\"2020-10-23T14:40:58+00:00\",\"dateModified\":\"2025-12-02T10:51:49+00:00\",\"description\":\"\u2765Buy Vitamin C Injection (10 vials) \u23e9 My Lip Filler online store \u27a6 Quality assurance, reviews, ingredients, best prices!\",\"breadcrumb\":{\"@id\":\"https:\/\/mylipfiller.com\/vitamin-c-injection-10-vials\/#breadcrumb\"},\"inLanguage\":\"es\",\"potentialAction\":[{\"@type\":\"ReadAction\",\"target\":[\"https:\/\/mylipfiller.com\/vitamin-c-injection-10-vials\/\"]}]},{\"@type\":\"ImageObject\",\"inLanguage\":\"es\",\"@id\":\"https:\/\/mylipfiller.com\/vitamin-c-injection-10-vials\/#primaryimage\",\"url\":\"https:\/\/cdn.mylipfiller.com\/wp-content\/uploads\/2020\/10\/Vitamin-C.jpg\",\"contentUrl\":\"https:\/\/cdn.mylipfiller.com\/wp-content\/uploads\/2020\/10\/Vitamin-C.jpg\",\"width\":600,\"height\":600,\"caption\":\"Vitamin C\"},{\"@type\":\"BreadcrumbList\",\"@id\":\"https:\/\/mylipfiller.com\/vitamin-c-injection-10-vials\/#breadcrumb\",\"itemListElement\":[{\"@type\":\"ListItem\",\"position\":1,\"name\":\"Home\",\"item\":\"https:\/\/mylipfiller.com\/\"},{\"@type\":\"ListItem\",\"position\":2,\"name\":\"Shop\",\"item\":\"https:\/\/mylipfiller.com\/shop\/\"},{\"@type\":\"ListItem\",\"position\":3,\"name\":\"Vitamin C Injection (10 vials)\"}]},{\"@type\":\"WebSite\",\"@id\":\"https:\/\/mylipfiller.com\/#website\",\"url\":\"https:\/\/mylipfiller.com\/\",\"name\":\"My Lip Filler\",\"description\":\"Hyaluronic Acid Lip and Dermal Fillers\",\"publisher\":{\"@id\":\"https:\/\/mylipfiller.com\/#organization\"},\"potentialAction\":[{\"@type\":\"SearchAction\",\"target\":{\"@type\":\"EntryPoint\",\"urlTemplate\":\"https:\/\/mylipfiller.com\/?s={search_term_string}\"},\"query-input\":{\"@type\":\"PropertyValueSpecification\",\"valueRequired\":true,\"valueName\":\"search_term_string\"}}],\"inLanguage\":\"es\"},{\"@type\":\"Organization\",\"@id\":\"https:\/\/mylipfiller.com\/#organization\",\"name\":\"My Lip Filler\",\"url\":\"https:\/\/mylipfiller.com\/\",\"logo\":{\"@type\":\"ImageObject\",\"inLanguage\":\"es\",\"@id\":\"https:\/\/mylipfiller.com\/#\/schema\/logo\/image\/\",\"url\":\"https:\/\/cdn.mylipfiller.com\/wp-content\/uploads\/2019\/02\/cropped-My-Lip-Filler-Logo.png\",\"contentUrl\":\"https:\/\/cdn.mylipfiller.com\/wp-content\/uploads\/2019\/02\/cropped-My-Lip-Filler-Logo.png\",\"width\":240,\"height\":88,\"caption\":\"My Lip Filler\"},\"image\":{\"@id\":\"https:\/\/mylipfiller.com\/#\/schema\/logo\/image\/\"}}]}<\/script>\n<!-- \/ Yoast SEO plugin. -->","yoast_head_json":{"title":"Compre inyecci\u00f3n de vitamina C (10 viales) - Rellenos de My Lip Filler","description":"\u2765Compre Vitamina C Inyectable (10 viales) \u23e9 Tienda online My Lip Filler \u27a6 Garant\u00eda de calidad, rese\u00f1as, ingredientes, \u00a1los mejores precios!","robots":{"index":"index","follow":"follow","max-snippet":"max-snippet:-1","max-image-preview":"max-image-preview:large","max-video-preview":"max-video-preview:-1"},"canonical":"https:\/\/mylipfiller.com\/es\/vitamin-c-injection-10-vials\/","og_locale":"es_MX","og_type":"article","og_title":"Buy Vitamin C Injection (10 vials) - Fillers from My Lip Filler","og_description":"\u2765Buy Vitamin C Injection (10 vials) \u23e9 My Lip Filler online store \u27a6 Quality assurance, reviews, ingredients, best prices!","og_url":"https:\/\/mylipfiller.com\/es\/vitamin-c-injection-10-vials\/","og_site_name":"My Lip Filler","article_modified_time":"2025-12-02T10:51:49+00:00","og_image":[{"width":600,"height":600,"url":"https:\/\/cdn.mylipfiller.com\/wp-content\/uploads\/2020\/10\/Vitamin-C.jpg","type":"image\/jpeg"}],"twitter_card":"summary_large_image","twitter_misc":{"Tiempo de lectura":"2 minutos"},"schema":{"@context":"https:\/\/schema.org","@graph":[{"@type":"WebPage","@id":"https:\/\/mylipfiller.com\/vitamin-c-injection-10-vials\/","url":"https:\/\/mylipfiller.com\/vitamin-c-injection-10-vials\/","name":"Compre inyecci\u00f3n de vitamina C (10 viales) - Rellenos de My Lip Filler","isPartOf":{"@id":"https:\/\/mylipfiller.com\/#website"},"primaryImageOfPage":{"@id":"https:\/\/mylipfiller.com\/vitamin-c-injection-10-vials\/#primaryimage"},"image":{"@id":"https:\/\/mylipfiller.com\/vitamin-c-injection-10-vials\/#primaryimage"},"thumbnailUrl":"https:\/\/cdn.mylipfiller.com\/wp-content\/uploads\/2020\/10\/Vitamin-C.jpg","datePublished":"2020-10-23T14:40:58+00:00","dateModified":"2025-12-02T10:51:49+00:00","description":"\u2765Compre Vitamina C Inyectable (10 viales) \u23e9 Tienda online My Lip Filler \u27a6 Garant\u00eda de calidad, rese\u00f1as, ingredientes, \u00a1los mejores precios!","breadcrumb":{"@id":"https:\/\/mylipfiller.com\/vitamin-c-injection-10-vials\/#breadcrumb"},"inLanguage":"es","potentialAction":[{"@type":"ReadAction","target":["https:\/\/mylipfiller.com\/vitamin-c-injection-10-vials\/"]}]},{"@type":"ImageObject","inLanguage":"es","@id":"https:\/\/mylipfiller.com\/vitamin-c-injection-10-vials\/#primaryimage","url":"https:\/\/cdn.mylipfiller.com\/wp-content\/uploads\/2020\/10\/Vitamin-C.jpg","contentUrl":"https:\/\/cdn.mylipfiller.com\/wp-content\/uploads\/2020\/10\/Vitamin-C.jpg","width":600,"height":600,"caption":"Vitamin C"},{"@type":"BreadcrumbList","@id":"https:\/\/mylipfiller.com\/vitamin-c-injection-10-vials\/#breadcrumb","itemListElement":[{"@type":"ListItem","position":1,"name":"Home","item":"https:\/\/mylipfiller.com\/"},{"@type":"ListItem","position":2,"name":"Shop","item":"https:\/\/mylipfiller.com\/shop\/"},{"@type":"ListItem","position":3,"name":"Vitamin C Injection (10 vials)"}]},{"@type":"WebSite","@id":"https:\/\/mylipfiller.com\/#website","url":"https:\/\/mylipfiller.com\/","name":"Mi relleno de labios","description":"Rellenos d\u00e9rmicos y de labios con \u00e1cido hialur\u00f3nico","publisher":{"@id":"https:\/\/mylipfiller.com\/#organization"},"potentialAction":[{"@type":"SearchAction","target":{"@type":"EntryPoint","urlTemplate":"https:\/\/mylipfiller.com\/?s={search_term_string}"},"query-input":{"@type":"PropertyValueSpecification","valueRequired":true,"valueName":"search_term_string"}}],"inLanguage":"es"},{"@type":"Organization","@id":"https:\/\/mylipfiller.com\/#organization","name":"Mi relleno de labios","url":"https:\/\/mylipfiller.com\/","logo":{"@type":"ImageObject","inLanguage":"es","@id":"https:\/\/mylipfiller.com\/#\/schema\/logo\/image\/","url":"https:\/\/cdn.mylipfiller.com\/wp-content\/uploads\/2019\/02\/cropped-My-Lip-Filler-Logo.png","contentUrl":"https:\/\/cdn.mylipfiller.com\/wp-content\/uploads\/2019\/02\/cropped-My-Lip-Filler-Logo.png","width":240,"height":88,"caption":"My Lip Filler"},"image":{"@id":"https:\/\/mylipfiller.com\/#\/schema\/logo\/image\/"}}]}},"_links":{"self":[{"href":"https:\/\/mylipfiller.com\/es\/wp-json\/wp\/v2\/product\/20449","targetHints":{"allow":["GET"]}}],"collection":[{"href":"https:\/\/mylipfiller.com\/es\/wp-json\/wp\/v2\/product"}],"about":[{"href":"https:\/\/mylipfiller.com\/es\/wp-json\/wp\/v2\/types\/product"}],"wp:featuredmedia":[{"embeddable":true,"href":"https:\/\/mylipfiller.com\/es\/wp-json\/wp\/v2\/media\/20457"}],"wp:attachment":[{"href":"https:\/\/mylipfiller.com\/es\/wp-json\/wp\/v2\/media?parent=20449"}],"wp:term":[{"taxonomy":"product_brand","embeddable":true,"href":"https:\/\/mylipfiller.com\/es\/wp-json\/wp\/v2\/product_brand?post=20449"},{"taxonomy":"product_cat","embeddable":true,"href":"https:\/\/mylipfiller.com\/es\/wp-json\/wp\/v2\/product_cat?post=20449"},{"taxonomy":"product_tag","embeddable":true,"href":"https:\/\/mylipfiller.com\/es\/wp-json\/wp\/v2\/product_tag?post=20449"}],"curies":[{"name":"gracias","href":"https:\/\/api.w.org\/{rel}","templated":true}]}}