{"id":20962,"date":"2020-11-10T20:05:18","date_gmt":"2020-11-10T18:05:18","guid":{"rendered":"https:\/\/mylipfiller.com\/?post_type=product&#038;p=20962"},"modified":"2026-02-17T15:36:28","modified_gmt":"2026-02-17T13:36:28","slug":"revanesse-ultra-2-x-1ml","status":"publish","type":"product","link":"https:\/\/mylipfiller.com\/es\/revanesse-ultra-2-x-1ml\/","title":{"rendered":"Revanesse Ultra (2 x 1,2 ml)"},"content":{"rendered":"<p>Si bien las marcas m\u00e1s populares de rellenos d\u00e9rmicos o generalmente son europeas o coreanas, Prollenium Medical Technologies, un fabricante canadiense, tiene una oferta de alta calidad para dermat\u00f3logos y profesionales de la belleza en todo el mundo. Como cualquier desarrollador l\u00edder de rellenos de HA, Prollenium tiene su propia tecnolog\u00eda patentada para la uni\u00f3n de cuerpos de mol\u00e9culas hialur\u00f3nicas: THIXOFIX. Ayuda a la estabilidad de la estructura del gel y prolonga en gran medida su durabilidad.<\/p>\n<p>Revanesse UItra es un relleno de \u00e1cido hialur\u00f3nico reticulado monof\u00e1sico con una concentraci\u00f3n de HA de 25 mg \/ ml, m\u00e1s alta que el promedio de 22-24 para esta clase de productos de belleza. El producto est\u00e1 listo para usar fuera de la caja e incluye dos jeringas precargadas de relleno d\u00e9rmico, con las respectivas agujas para inyecci\u00f3n. El gel est\u00e1 hecho de \u00e1cido hialur\u00f3nico purificado y tiene una alta relaci\u00f3n de enlaces cerrados.<\/p>\n<p>Excluyendo mujeres embarazadas \/ lactantes y pacientes al\u00e9rgicos a los ingredientes, no se conocen efectos secundarios adversos por el uso del producto. Esto lo convierte en una opci\u00f3n segura para rellenar \/ eliminar l\u00edneas y pliegues profundos de la piel. La inyecci\u00f3n de Revanesse Ultra puede dar resultados de apariencia natural cuando:<\/p>\n<ul>\n<li>Relleno de los pliegues nasolabiales<\/li>\n<li>Eliminar l\u00edneas de marionetas<\/li>\n<li>Mejorando el volumen de las mejillas<\/li>\n<li>Aumento de la barbilla<\/li>\n<li>Hacer los p\u00f3mulos m\u00e1s pronunciados<\/li>\n<li>Volver a tocarse la nariz para una rinoplastia leve<\/li>\n<\/ul>","protected":false},"excerpt":{"rendered":"<p>Revanesse Ultra es un relleno d\u00e9rmico con certificaci\u00f3n CE fabricado en Canad\u00e1, con un mayor nivel de viscosidad, dise\u00f1ado espec\u00edficamente para tratar los pliegues y depresiones profundas de la piel en varias \u00e1reas de la cara. Este es un relleno de HA grueso, que puede hacer maravillas para formas m\u00e1s severas de pliegues nasolabiales y l\u00edneas de marioneta. Tambi\u00e9n es uno de los mejores productos hialur\u00f3nicos inyectables que se pueden utilizar para mejorar o restaurar el volumen de las mejillas del paciente.<\/p>","protected":false},"featured_media":20963,"template":"","meta":{"_acf_changed":false},"product_brand":[],"product_cat":[89,34,179,74],"product_tag":[123,130,131,115,114,111,118,151,141,142,135,110,122,124,116],"class_list":{"0":"post-20962","1":"product","2":"type-product","3":"status-publish","4":"has-post-thumbnail","6":"product_cat-big-holiday-sale","7":"product_cat-hard","8":"product_cat-prollenium","9":"product_cat-revanesse","10":"product_tag-asymmetry","11":"product_tag-cheek-volume","12":"product_tag-cheekbone-contour","13":"product_tag-cheekbones","14":"product_tag-chin","15":"product_tag-face","16":"product_tag-high-density","17":"product_tag-hyaluronic-acid-ha-fillers","18":"product_tag-lifting","19":"product_tag-modeling","20":"product_tag-small-chin","21":"product_tag-temple","22":"product_tag-up-to-18-months","23":"product_tag-volume","24":"product_tag-with-lidocaine","26":"first","27":"outofstock","28":"taxable","29":"shipping-taxable","30":"purchasable","31":"product-type-simple"},"acf":[],"yoast_head":"<!-- This site is optimized with the Yoast SEO plugin v27.2 - https:\/\/yoast.com\/product\/yoast-seo-wordpress\/ -->\n<title>Buy Revanesse Ultra (2 x 1.2ml) - Fillers from My Lip Filler<\/title>\n<meta name=\"description\" content=\"\u2765Buy Revanesse Ultra (2 x 1.2ml) \u23e9 My Lip Filler online store \u27a6 Quality assurance, reviews, ingredients, best prices!\" \/>\n<meta name=\"robots\" content=\"index, follow, max-snippet:-1, max-image-preview:large, max-video-preview:-1\" \/>\n<link rel=\"canonical\" href=\"https:\/\/mylipfiller.com\/es\/revanesse-ultra-2-x-1ml\/\" \/>\n<meta property=\"og:locale\" content=\"es_MX\" \/>\n<meta property=\"og:type\" content=\"article\" \/>\n<meta property=\"og:title\" content=\"Buy Revanesse Ultra (2 x 1.2ml) - Fillers from My Lip Filler\" \/>\n<meta property=\"og:description\" content=\"\u2765Buy Revanesse Ultra (2 x 1.2ml) \u23e9 My Lip Filler online store \u27a6 Quality assurance, reviews, ingredients, best prices!\" \/>\n<meta property=\"og:url\" content=\"https:\/\/mylipfiller.com\/es\/revanesse-ultra-2-x-1ml\/\" \/>\n<meta property=\"og:site_name\" content=\"My Lip Filler\" \/>\n<meta property=\"article:modified_time\" content=\"2026-02-17T13:36:28+00:00\" \/>\n<meta property=\"og:image\" content=\"https:\/\/cdn.mylipfiller.com\/wp-content\/uploads\/2020\/11\/Revanesse-Ultra.jpg\" \/>\n\t<meta property=\"og:image:width\" content=\"600\" \/>\n\t<meta property=\"og:image:height\" content=\"600\" \/>\n\t<meta property=\"og:image:type\" content=\"image\/jpeg\" \/>\n<meta name=\"twitter:card\" content=\"summary_large_image\" \/>\n<meta name=\"twitter:label1\" content=\"Tiempo de lectura\" \/>\n\t<meta name=\"twitter:data1\" content=\"2 minutos\" \/>\n<script type=\"application\/ld+json\" class=\"yoast-schema-graph\">{\"@context\":\"https:\/\/schema.org\",\"@graph\":[{\"@type\":\"WebPage\",\"@id\":\"https:\/\/mylipfiller.com\/revanesse-ultra-2-x-1ml\/\",\"url\":\"https:\/\/mylipfiller.com\/revanesse-ultra-2-x-1ml\/\",\"name\":\"Buy Revanesse Ultra (2 x 1.2ml) - Fillers from My Lip Filler\",\"isPartOf\":{\"@id\":\"https:\/\/mylipfiller.com\/#website\"},\"primaryImageOfPage\":{\"@id\":\"https:\/\/mylipfiller.com\/revanesse-ultra-2-x-1ml\/#primaryimage\"},\"image\":{\"@id\":\"https:\/\/mylipfiller.com\/revanesse-ultra-2-x-1ml\/#primaryimage\"},\"thumbnailUrl\":\"https:\/\/cdn.mylipfiller.com\/wp-content\/uploads\/2020\/11\/Revanesse-Ultra.jpg\",\"datePublished\":\"2020-11-10T18:05:18+00:00\",\"dateModified\":\"2026-02-17T13:36:28+00:00\",\"description\":\"\u2765Buy Revanesse Ultra (2 x 1.2ml) \u23e9 My Lip Filler online store \u27a6 Quality assurance, reviews, ingredients, best prices!\",\"breadcrumb\":{\"@id\":\"https:\/\/mylipfiller.com\/revanesse-ultra-2-x-1ml\/#breadcrumb\"},\"inLanguage\":\"es\",\"potentialAction\":[{\"@type\":\"ReadAction\",\"target\":[\"https:\/\/mylipfiller.com\/revanesse-ultra-2-x-1ml\/\"]}]},{\"@type\":\"ImageObject\",\"inLanguage\":\"es\",\"@id\":\"https:\/\/mylipfiller.com\/revanesse-ultra-2-x-1ml\/#primaryimage\",\"url\":\"https:\/\/cdn.mylipfiller.com\/wp-content\/uploads\/2020\/11\/Revanesse-Ultra.jpg\",\"contentUrl\":\"https:\/\/cdn.mylipfiller.com\/wp-content\/uploads\/2020\/11\/Revanesse-Ultra.jpg\",\"width\":600,\"height\":600,\"caption\":\"Revanesse Ultra\"},{\"@type\":\"BreadcrumbList\",\"@id\":\"https:\/\/mylipfiller.com\/revanesse-ultra-2-x-1ml\/#breadcrumb\",\"itemListElement\":[{\"@type\":\"ListItem\",\"position\":1,\"name\":\"Home\",\"item\":\"https:\/\/mylipfiller.com\/\"},{\"@type\":\"ListItem\",\"position\":2,\"name\":\"Shop\",\"item\":\"https:\/\/mylipfiller.com\/shop\/\"},{\"@type\":\"ListItem\",\"position\":3,\"name\":\"Revanesse Ultra (2 x 1.2ml)\"}]},{\"@type\":\"WebSite\",\"@id\":\"https:\/\/mylipfiller.com\/#website\",\"url\":\"https:\/\/mylipfiller.com\/\",\"name\":\"My Lip Filler\",\"description\":\"Hyaluronic Acid Lip and Dermal Fillers\",\"publisher\":{\"@id\":\"https:\/\/mylipfiller.com\/#organization\"},\"potentialAction\":[{\"@type\":\"SearchAction\",\"target\":{\"@type\":\"EntryPoint\",\"urlTemplate\":\"https:\/\/mylipfiller.com\/?s={search_term_string}\"},\"query-input\":{\"@type\":\"PropertyValueSpecification\",\"valueRequired\":true,\"valueName\":\"search_term_string\"}}],\"inLanguage\":\"es\"},{\"@type\":\"Organization\",\"@id\":\"https:\/\/mylipfiller.com\/#organization\",\"name\":\"My Lip Filler\",\"url\":\"https:\/\/mylipfiller.com\/\",\"logo\":{\"@type\":\"ImageObject\",\"inLanguage\":\"es\",\"@id\":\"https:\/\/mylipfiller.com\/#\/schema\/logo\/image\/\",\"url\":\"https:\/\/cdn.mylipfiller.com\/wp-content\/uploads\/2019\/02\/cropped-My-Lip-Filler-Logo.png\",\"contentUrl\":\"https:\/\/cdn.mylipfiller.com\/wp-content\/uploads\/2019\/02\/cropped-My-Lip-Filler-Logo.png\",\"width\":240,\"height\":88,\"caption\":\"My Lip Filler\"},\"image\":{\"@id\":\"https:\/\/mylipfiller.com\/#\/schema\/logo\/image\/\"}}]}<\/script>\n<!-- \/ Yoast SEO plugin. -->","yoast_head_json":{"title":"Compre Revanesse Ultra (2 x 1,2 ml) - Rellenos de My Lip Filler","description":"\u2765Compre Revanesse Ultra (2 x 1,2 ml) \u23e9 Tienda online My Lip Filler \u27a6 Garant\u00eda de calidad, rese\u00f1as, ingredientes, \u00a1los mejores precios!","robots":{"index":"index","follow":"follow","max-snippet":"max-snippet:-1","max-image-preview":"max-image-preview:large","max-video-preview":"max-video-preview:-1"},"canonical":"https:\/\/mylipfiller.com\/es\/revanesse-ultra-2-x-1ml\/","og_locale":"es_MX","og_type":"article","og_title":"Buy Revanesse Ultra (2 x 1.2ml) - Fillers from My Lip Filler","og_description":"\u2765Buy Revanesse Ultra (2 x 1.2ml) \u23e9 My Lip Filler online store \u27a6 Quality assurance, reviews, ingredients, best prices!","og_url":"https:\/\/mylipfiller.com\/es\/revanesse-ultra-2-x-1ml\/","og_site_name":"My Lip Filler","article_modified_time":"2026-02-17T13:36:28+00:00","og_image":[{"width":600,"height":600,"url":"https:\/\/cdn.mylipfiller.com\/wp-content\/uploads\/2020\/11\/Revanesse-Ultra.jpg","type":"image\/jpeg"}],"twitter_card":"summary_large_image","twitter_misc":{"Tiempo de lectura":"2 minutos"},"schema":{"@context":"https:\/\/schema.org","@graph":[{"@type":"WebPage","@id":"https:\/\/mylipfiller.com\/revanesse-ultra-2-x-1ml\/","url":"https:\/\/mylipfiller.com\/revanesse-ultra-2-x-1ml\/","name":"Compre Revanesse Ultra (2 x 1,2 ml) - Rellenos de My Lip Filler","isPartOf":{"@id":"https:\/\/mylipfiller.com\/#website"},"primaryImageOfPage":{"@id":"https:\/\/mylipfiller.com\/revanesse-ultra-2-x-1ml\/#primaryimage"},"image":{"@id":"https:\/\/mylipfiller.com\/revanesse-ultra-2-x-1ml\/#primaryimage"},"thumbnailUrl":"https:\/\/cdn.mylipfiller.com\/wp-content\/uploads\/2020\/11\/Revanesse-Ultra.jpg","datePublished":"2020-11-10T18:05:18+00:00","dateModified":"2026-02-17T13:36:28+00:00","description":"\u2765Compre Revanesse Ultra (2 x 1,2 ml) \u23e9 Tienda online My Lip Filler \u27a6 Garant\u00eda de calidad, rese\u00f1as, ingredientes, \u00a1los mejores precios!","breadcrumb":{"@id":"https:\/\/mylipfiller.com\/revanesse-ultra-2-x-1ml\/#breadcrumb"},"inLanguage":"es","potentialAction":[{"@type":"ReadAction","target":["https:\/\/mylipfiller.com\/revanesse-ultra-2-x-1ml\/"]}]},{"@type":"ImageObject","inLanguage":"es","@id":"https:\/\/mylipfiller.com\/revanesse-ultra-2-x-1ml\/#primaryimage","url":"https:\/\/cdn.mylipfiller.com\/wp-content\/uploads\/2020\/11\/Revanesse-Ultra.jpg","contentUrl":"https:\/\/cdn.mylipfiller.com\/wp-content\/uploads\/2020\/11\/Revanesse-Ultra.jpg","width":600,"height":600,"caption":"Revanesse Ultra"},{"@type":"BreadcrumbList","@id":"https:\/\/mylipfiller.com\/revanesse-ultra-2-x-1ml\/#breadcrumb","itemListElement":[{"@type":"ListItem","position":1,"name":"Home","item":"https:\/\/mylipfiller.com\/"},{"@type":"ListItem","position":2,"name":"Shop","item":"https:\/\/mylipfiller.com\/shop\/"},{"@type":"ListItem","position":3,"name":"Revanesse Ultra (2 x 1.2ml)"}]},{"@type":"WebSite","@id":"https:\/\/mylipfiller.com\/#website","url":"https:\/\/mylipfiller.com\/","name":"Mi relleno de labios","description":"Rellenos d\u00e9rmicos y de labios con \u00e1cido hialur\u00f3nico","publisher":{"@id":"https:\/\/mylipfiller.com\/#organization"},"potentialAction":[{"@type":"SearchAction","target":{"@type":"EntryPoint","urlTemplate":"https:\/\/mylipfiller.com\/?s={search_term_string}"},"query-input":{"@type":"PropertyValueSpecification","valueRequired":true,"valueName":"search_term_string"}}],"inLanguage":"es"},{"@type":"Organization","@id":"https:\/\/mylipfiller.com\/#organization","name":"Mi relleno de labios","url":"https:\/\/mylipfiller.com\/","logo":{"@type":"ImageObject","inLanguage":"es","@id":"https:\/\/mylipfiller.com\/#\/schema\/logo\/image\/","url":"https:\/\/cdn.mylipfiller.com\/wp-content\/uploads\/2019\/02\/cropped-My-Lip-Filler-Logo.png","contentUrl":"https:\/\/cdn.mylipfiller.com\/wp-content\/uploads\/2019\/02\/cropped-My-Lip-Filler-Logo.png","width":240,"height":88,"caption":"My Lip Filler"},"image":{"@id":"https:\/\/mylipfiller.com\/#\/schema\/logo\/image\/"}}]}},"_links":{"self":[{"href":"https:\/\/mylipfiller.com\/es\/wp-json\/wp\/v2\/product\/20962","targetHints":{"allow":["GET"]}}],"collection":[{"href":"https:\/\/mylipfiller.com\/es\/wp-json\/wp\/v2\/product"}],"about":[{"href":"https:\/\/mylipfiller.com\/es\/wp-json\/wp\/v2\/types\/product"}],"wp:featuredmedia":[{"embeddable":true,"href":"https:\/\/mylipfiller.com\/es\/wp-json\/wp\/v2\/media\/20963"}],"wp:attachment":[{"href":"https:\/\/mylipfiller.com\/es\/wp-json\/wp\/v2\/media?parent=20962"}],"wp:term":[{"taxonomy":"product_brand","embeddable":true,"href":"https:\/\/mylipfiller.com\/es\/wp-json\/wp\/v2\/product_brand?post=20962"},{"taxonomy":"product_cat","embeddable":true,"href":"https:\/\/mylipfiller.com\/es\/wp-json\/wp\/v2\/product_cat?post=20962"},{"taxonomy":"product_tag","embeddable":true,"href":"https:\/\/mylipfiller.com\/es\/wp-json\/wp\/v2\/product_tag?post=20962"}],"curies":[{"name":"gracias","href":"https:\/\/api.w.org\/{rel}","templated":true}]}}