{"id":21208,"date":"2020-11-17T23:06:31","date_gmt":"2020-11-17T21:06:31","guid":{"rendered":"https:\/\/mylipfiller.com\/?post_type=product&#038;p=21208"},"modified":"2024-03-08T18:34:18","modified_gmt":"2024-03-08T16:34:18","slug":"restylane-with-lidocaine-1-x-1ml","status":"publish","type":"product","link":"https:\/\/mylipfiller.com\/es\/restylane-with-lidocaine-1-x-1ml\/","title":{"rendered":"Restylane con lidoca\u00edna - 1 x 1ml"},"content":{"rendered":"<h3>Eliminaci\u00f3n indolora de arrugas alrededor de la boca<\/h3>\n<p>Esta versi\u00f3n del relleno de piel Restylane contiene una peque\u00f1a dosis de anest\u00e9sico local. Como resultado, el procedimiento es indoloro. En otras palabras, los pacientes ni siquiera sentir\u00e1n molestias durante el tratamiento porque la soluci\u00f3n adormece las zonas objetivo.<\/p>\n<p>En su mayor parte, el producto es m\u00e1s eficaz en la correcci\u00f3n. <u>de arrugas periorales medianas a profundas<\/u>. En pocas palabras, elimina r\u00e1pidamente los pliegues alrededor de la boca, como las l\u00edneas de la sonrisa y las l\u00edneas de marioneta. El procedimiento ofrece a los pacientes muchos beneficios que incluyen:<\/p>\n<ul>\n<li>Tiempo de recuperaci\u00f3n corto o nulo<\/li>\n<li>Resultados inmediatos<\/li>\n<li>Efectos que se pueden revertir (si es necesario)<\/li>\n<li>Cero reacciones adversas nocivas<\/li>\n<\/ul>\n<h3>Restylane Lidocaine como relleno de labios<\/h3>\n<p>Aunque hay muchas inyecciones de relleno de HA que se dirigen a los labios, esta se encuentra entre las mejores. Hay muchas razones para eso.<\/p>\n<p>Para empezar, esta soluci\u00f3n anti-envejecimiento tiene <strong>Aprobaci\u00f3n de la FDA<\/strong> como producto para dar volumen a los labios. Por lo tanto, es seguro incluso cuando se aplica en esta suave zona del rostro.<\/p>\n<p>Adem\u00e1s, el relleno d\u00e9rmico tiene <em>grandes propiedades hidratantes<\/em>. Como resultado, no solo agregar\u00e1 volumen a los labios, sino que tambi\u00e9n los hidratar\u00e1.<\/p>\n<p>Obtenga Restylane Lidocaine para un aumento de labios sin dolor y un levantamiento r\u00e1pido de las comisuras de la boca. Este relleno de piel HA elimina los pliegues alrededor de la boca hasta por 9 meses.<\/p>","protected":false},"excerpt":{"rendered":"<p>Restylane Lidocaine es un relleno para la piel de alto rendimiento que brinda <strong>realce de labios indoloro<\/strong> sin riesgo de efectos secundarios graves. Adem\u00e1s, el producto puede reducir la aparici\u00f3n de arrugas medias y profundas y pliegues alrededor de la boca. Dado que contiene 20 mg \/ mL de \u00e1cido hialur\u00f3nico, la soluci\u00f3n tambi\u00e9n hidratar\u00e1 la piel, haci\u00e9ndola lucir m\u00e1s joven. Lo mejor de todo es que el tratamiento es r\u00e1pido y sencillo de realizar y los resultados que ofrece son instant\u00e1neos y duraderos.<\/p>","protected":false},"featured_media":21217,"template":"","meta":{"_acf_changed":false},"product_brand":[],"product_cat":[89,33,75],"product_tag":[90,111,151,133,107,134,120,116],"class_list":{"0":"post-21208","1":"product","2":"type-product","3":"status-publish","4":"has-post-thumbnail","6":"product_cat-big-holiday-sale","7":"product_cat-lip","8":"product_cat-restylane","9":"product_tag-90","10":"product_tag-face","11":"product_tag-hyaluronic-acid-ha-fillers","12":"product_tag-marionette-lines","13":"product_tag-nasolabial-folds","14":"product_tag-small-lips","15":"product_tag-up-to-12-months","16":"product_tag-with-lidocaine","18":"first","19":"instock","20":"taxable","21":"shipping-taxable","22":"purchasable","23":"product-type-simple"},"acf":[],"yoast_head":"<!-- This site is optimized with the Yoast SEO plugin v27.4 - https:\/\/yoast.com\/product\/yoast-seo-wordpress\/ -->\n<title>Buy Restylane with Lidocaine - 1 x 1ml - Fillers from My Lip Filler<\/title>\n<meta name=\"description\" content=\"\u2765Buy Restylane with Lidocaine - 1 x 1ml \u23e9 My Lip Filler online store \u27a6 Quality assurance, reviews, ingredients, best prices!\" \/>\n<meta name=\"robots\" content=\"index, follow, max-snippet:-1, max-image-preview:large, max-video-preview:-1\" \/>\n<link rel=\"canonical\" href=\"https:\/\/mylipfiller.com\/es\/restylane-with-lidocaine-1-x-1ml\/\" \/>\n<meta property=\"og:locale\" content=\"es_MX\" \/>\n<meta property=\"og:type\" content=\"article\" \/>\n<meta property=\"og:title\" content=\"Buy Restylane with Lidocaine - 1 x 1ml - Fillers from My Lip Filler\" \/>\n<meta property=\"og:description\" content=\"\u2765Buy Restylane with Lidocaine - 1 x 1ml \u23e9 My Lip Filler online store \u27a6 Quality assurance, reviews, ingredients, best prices!\" \/>\n<meta property=\"og:url\" content=\"https:\/\/mylipfiller.com\/es\/restylane-with-lidocaine-1-x-1ml\/\" \/>\n<meta property=\"og:site_name\" content=\"My Lip Filler\" \/>\n<meta property=\"article:modified_time\" content=\"2024-03-08T16:34:18+00:00\" \/>\n<meta property=\"og:image\" content=\"https:\/\/cdn.mylipfiller.com\/wp-content\/uploads\/2020\/11\/Restylane-Lidocaine.jpg\" \/>\n\t<meta property=\"og:image:width\" content=\"600\" \/>\n\t<meta property=\"og:image:height\" content=\"599\" \/>\n\t<meta property=\"og:image:type\" content=\"image\/jpeg\" \/>\n<meta name=\"twitter:card\" content=\"summary_large_image\" \/>\n<meta name=\"twitter:label1\" content=\"Tiempo de lectura\" \/>\n\t<meta name=\"twitter:data1\" content=\"2 minutos\" \/>\n<script type=\"application\/ld+json\" class=\"yoast-schema-graph\">{\"@context\":\"https:\\\/\\\/schema.org\",\"@graph\":[{\"@type\":\"WebPage\",\"@id\":\"https:\\\/\\\/mylipfiller.com\\\/restylane-with-lidocaine-1-x-1ml\\\/\",\"url\":\"https:\\\/\\\/mylipfiller.com\\\/restylane-with-lidocaine-1-x-1ml\\\/\",\"name\":\"Buy Restylane with Lidocaine - 1 x 1ml - Fillers from My Lip Filler\",\"isPartOf\":{\"@id\":\"https:\\\/\\\/mylipfiller.com\\\/#website\"},\"primaryImageOfPage\":{\"@id\":\"https:\\\/\\\/mylipfiller.com\\\/restylane-with-lidocaine-1-x-1ml\\\/#primaryimage\"},\"image\":{\"@id\":\"https:\\\/\\\/mylipfiller.com\\\/restylane-with-lidocaine-1-x-1ml\\\/#primaryimage\"},\"thumbnailUrl\":\"https:\\\/\\\/mylipfiller.com\\\/wp-content\\\/uploads\\\/2020\\\/11\\\/Restylane-Lidocaine.jpg\",\"datePublished\":\"2020-11-17T21:06:31+00:00\",\"dateModified\":\"2024-03-08T16:34:18+00:00\",\"description\":\"\u2765Buy Restylane with Lidocaine - 1 x 1ml \u23e9 My Lip Filler online store \u27a6 Quality assurance, reviews, ingredients, best prices!\",\"breadcrumb\":{\"@id\":\"https:\\\/\\\/mylipfiller.com\\\/restylane-with-lidocaine-1-x-1ml\\\/#breadcrumb\"},\"inLanguage\":\"es\",\"potentialAction\":[{\"@type\":\"ReadAction\",\"target\":[\"https:\\\/\\\/mylipfiller.com\\\/restylane-with-lidocaine-1-x-1ml\\\/\"]}]},{\"@type\":\"ImageObject\",\"inLanguage\":\"es\",\"@id\":\"https:\\\/\\\/mylipfiller.com\\\/restylane-with-lidocaine-1-x-1ml\\\/#primaryimage\",\"url\":\"https:\\\/\\\/mylipfiller.com\\\/wp-content\\\/uploads\\\/2020\\\/11\\\/Restylane-Lidocaine.jpg\",\"contentUrl\":\"https:\\\/\\\/mylipfiller.com\\\/wp-content\\\/uploads\\\/2020\\\/11\\\/Restylane-Lidocaine.jpg\",\"width\":600,\"height\":599,\"caption\":\"Restylane\"},{\"@type\":\"BreadcrumbList\",\"@id\":\"https:\\\/\\\/mylipfiller.com\\\/restylane-with-lidocaine-1-x-1ml\\\/#breadcrumb\",\"itemListElement\":[{\"@type\":\"ListItem\",\"position\":1,\"name\":\"Home\",\"item\":\"https:\\\/\\\/mylipfiller.com\\\/\"},{\"@type\":\"ListItem\",\"position\":2,\"name\":\"Shop\",\"item\":\"https:\\\/\\\/mylipfiller.com\\\/shop\\\/\"},{\"@type\":\"ListItem\",\"position\":3,\"name\":\"Restylane with Lidocaine &#8211; 1 x 1ml\"}]},{\"@type\":\"WebSite\",\"@id\":\"https:\\\/\\\/mylipfiller.com\\\/#website\",\"url\":\"https:\\\/\\\/mylipfiller.com\\\/\",\"name\":\"My Lip Filler\",\"description\":\"Hyaluronic Acid Lip and Dermal Fillers\",\"publisher\":{\"@id\":\"https:\\\/\\\/mylipfiller.com\\\/#organization\"},\"potentialAction\":[{\"@type\":\"SearchAction\",\"target\":{\"@type\":\"EntryPoint\",\"urlTemplate\":\"https:\\\/\\\/mylipfiller.com\\\/?s={search_term_string}\"},\"query-input\":{\"@type\":\"PropertyValueSpecification\",\"valueRequired\":true,\"valueName\":\"search_term_string\"}}],\"inLanguage\":\"es\"},{\"@type\":\"Organization\",\"@id\":\"https:\\\/\\\/mylipfiller.com\\\/#organization\",\"name\":\"My Lip Filler\",\"url\":\"https:\\\/\\\/mylipfiller.com\\\/\",\"logo\":{\"@type\":\"ImageObject\",\"inLanguage\":\"es\",\"@id\":\"https:\\\/\\\/mylipfiller.com\\\/#\\\/schema\\\/logo\\\/image\\\/\",\"url\":\"https:\\\/\\\/mylipfiller.com\\\/wp-content\\\/uploads\\\/2019\\\/02\\\/cropped-My-Lip-Filler-Logo.png\",\"contentUrl\":\"https:\\\/\\\/mylipfiller.com\\\/wp-content\\\/uploads\\\/2019\\\/02\\\/cropped-My-Lip-Filler-Logo.png\",\"width\":240,\"height\":88,\"caption\":\"My Lip Filler\"},\"image\":{\"@id\":\"https:\\\/\\\/mylipfiller.com\\\/#\\\/schema\\\/logo\\\/image\\\/\"}}]}<\/script>\n<!-- \/ Yoast SEO plugin. -->","yoast_head_json":{"title":"Compre Restylane con lidoca\u00edna - 1 x 1 ml - Rellenos de My Lip Filler","description":"\u2765Compra Restylane con Lidoca\u00edna - 1 x 1ml \u23e9 Tienda online My Lip Filler \u27a6 Garant\u00eda de calidad, rese\u00f1as, ingredientes, \u00a1los mejores precios!","robots":{"index":"index","follow":"follow","max-snippet":"max-snippet:-1","max-image-preview":"max-image-preview:large","max-video-preview":"max-video-preview:-1"},"canonical":"https:\/\/mylipfiller.com\/es\/restylane-with-lidocaine-1-x-1ml\/","og_locale":"es_MX","og_type":"article","og_title":"Buy Restylane with Lidocaine - 1 x 1ml - Fillers from My Lip Filler","og_description":"\u2765Buy Restylane with Lidocaine - 1 x 1ml \u23e9 My Lip Filler online store \u27a6 Quality assurance, reviews, ingredients, best prices!","og_url":"https:\/\/mylipfiller.com\/es\/restylane-with-lidocaine-1-x-1ml\/","og_site_name":"My Lip Filler","article_modified_time":"2024-03-08T16:34:18+00:00","og_image":[{"width":600,"height":599,"url":"https:\/\/cdn.mylipfiller.com\/wp-content\/uploads\/2020\/11\/Restylane-Lidocaine.jpg","type":"image\/jpeg"}],"twitter_card":"summary_large_image","twitter_misc":{"Tiempo de lectura":"2 minutos"},"schema":{"@context":"https:\/\/schema.org","@graph":[{"@type":"WebPage","@id":"https:\/\/mylipfiller.com\/restylane-with-lidocaine-1-x-1ml\/","url":"https:\/\/mylipfiller.com\/restylane-with-lidocaine-1-x-1ml\/","name":"Compre Restylane con lidoca\u00edna - 1 x 1 ml - Rellenos de My Lip Filler","isPartOf":{"@id":"https:\/\/mylipfiller.com\/#website"},"primaryImageOfPage":{"@id":"https:\/\/mylipfiller.com\/restylane-with-lidocaine-1-x-1ml\/#primaryimage"},"image":{"@id":"https:\/\/mylipfiller.com\/restylane-with-lidocaine-1-x-1ml\/#primaryimage"},"thumbnailUrl":"https:\/\/cdn.mylipfiller.com\/wp-content\/uploads\/2020\/11\/Restylane-Lidocaine.jpg","datePublished":"2020-11-17T21:06:31+00:00","dateModified":"2024-03-08T16:34:18+00:00","description":"\u2765Compra Restylane con Lidoca\u00edna - 1 x 1ml \u23e9 Tienda online My Lip Filler \u27a6 Garant\u00eda de calidad, rese\u00f1as, ingredientes, \u00a1los mejores precios!","breadcrumb":{"@id":"https:\/\/mylipfiller.com\/restylane-with-lidocaine-1-x-1ml\/#breadcrumb"},"inLanguage":"es","potentialAction":[{"@type":"ReadAction","target":["https:\/\/mylipfiller.com\/restylane-with-lidocaine-1-x-1ml\/"]}]},{"@type":"ImageObject","inLanguage":"es","@id":"https:\/\/mylipfiller.com\/restylane-with-lidocaine-1-x-1ml\/#primaryimage","url":"https:\/\/cdn.mylipfiller.com\/wp-content\/uploads\/2020\/11\/Restylane-Lidocaine.jpg","contentUrl":"https:\/\/cdn.mylipfiller.com\/wp-content\/uploads\/2020\/11\/Restylane-Lidocaine.jpg","width":600,"height":599,"caption":"Restylane"},{"@type":"BreadcrumbList","@id":"https:\/\/mylipfiller.com\/restylane-with-lidocaine-1-x-1ml\/#breadcrumb","itemListElement":[{"@type":"ListItem","position":1,"name":"Home","item":"https:\/\/mylipfiller.com\/"},{"@type":"ListItem","position":2,"name":"Shop","item":"https:\/\/mylipfiller.com\/shop\/"},{"@type":"ListItem","position":3,"name":"Restylane with Lidocaine &#8211; 1 x 1ml"}]},{"@type":"WebSite","@id":"https:\/\/mylipfiller.com\/#website","url":"https:\/\/mylipfiller.com\/","name":"Mi relleno de labios","description":"Rellenos d\u00e9rmicos y de labios con \u00e1cido hialur\u00f3nico","publisher":{"@id":"https:\/\/mylipfiller.com\/#organization"},"potentialAction":[{"@type":"SearchAction","target":{"@type":"EntryPoint","urlTemplate":"https:\/\/mylipfiller.com\/?s={search_term_string}"},"query-input":{"@type":"PropertyValueSpecification","valueRequired":true,"valueName":"search_term_string"}}],"inLanguage":"es"},{"@type":"Organization","@id":"https:\/\/mylipfiller.com\/#organization","name":"Mi relleno de labios","url":"https:\/\/mylipfiller.com\/","logo":{"@type":"ImageObject","inLanguage":"es","@id":"https:\/\/mylipfiller.com\/#\/schema\/logo\/image\/","url":"https:\/\/cdn.mylipfiller.com\/wp-content\/uploads\/2019\/02\/cropped-My-Lip-Filler-Logo.png","contentUrl":"https:\/\/cdn.mylipfiller.com\/wp-content\/uploads\/2019\/02\/cropped-My-Lip-Filler-Logo.png","width":240,"height":88,"caption":"My Lip Filler"},"image":{"@id":"https:\/\/mylipfiller.com\/#\/schema\/logo\/image\/"}}]}},"_links":{"self":[{"href":"https:\/\/mylipfiller.com\/es\/wp-json\/wp\/v2\/product\/21208","targetHints":{"allow":["GET"]}}],"collection":[{"href":"https:\/\/mylipfiller.com\/es\/wp-json\/wp\/v2\/product"}],"about":[{"href":"https:\/\/mylipfiller.com\/es\/wp-json\/wp\/v2\/types\/product"}],"wp:featuredmedia":[{"embeddable":true,"href":"https:\/\/mylipfiller.com\/es\/wp-json\/wp\/v2\/media\/21217"}],"wp:attachment":[{"href":"https:\/\/mylipfiller.com\/es\/wp-json\/wp\/v2\/media?parent=21208"}],"wp:term":[{"taxonomy":"product_brand","embeddable":true,"href":"https:\/\/mylipfiller.com\/es\/wp-json\/wp\/v2\/product_brand?post=21208"},{"taxonomy":"product_cat","embeddable":true,"href":"https:\/\/mylipfiller.com\/es\/wp-json\/wp\/v2\/product_cat?post=21208"},{"taxonomy":"product_tag","embeddable":true,"href":"https:\/\/mylipfiller.com\/es\/wp-json\/wp\/v2\/product_tag?post=21208"}],"curies":[{"name":"gracias","href":"https:\/\/api.w.org\/{rel}","templated":true}]}}