{"id":21209,"date":"2020-11-17T23:06:43","date_gmt":"2020-11-17T21:06:43","guid":{"rendered":"https:\/\/mylipfiller.com\/?post_type=product&#038;p=21209"},"modified":"2024-03-08T18:34:12","modified_gmt":"2024-03-08T16:34:12","slug":"restylane-kysse-1-x-1ml","status":"publish","type":"product","link":"https:\/\/mylipfiller.com\/es\/restylane-kysse-1-x-1ml\/","title":{"rendered":"Restylane Kysse - 1 x 1 ml"},"content":{"rendered":"<h3>Restylane Kysse: un relleno de labios vers\u00e1til<\/h3>\n<p>Con el tiempo, los labios pierden volumen. En la mayor\u00eda de los casos, eso se debe al proceso de envejecimiento natural. A veces, sin embargo, el adelgazamiento de los labios puede deberse a una exposici\u00f3n excesiva al sol o malos h\u00e1bitos como fumar, por ejemplo. Afortunadamente, Restylane Kysse es un relleno de tejidos blandos que puede <u>dale a los labios una mirada m\u00e1s completa<\/u>.<\/p>\n<p>El secreto del \u00e9xito del producto es su gel el\u00e1stico HA. Una vez inyectado en los labios, producir\u00e1 los siguientes efectos:<\/p>\n<ul>\n<li>Mayor volumen de labios<\/li>\n<li>Mejor contorno de labios<\/li>\n<li>Mayor hidrataci\u00f3n de labios<\/li>\n<li>Mayor suavidad de labios<\/li>\n<\/ul>\n<h3>\u00bfEs doloroso el tratamiento?<\/h3>\n<p>Por lo general, los procedimientos de inyecci\u00f3n de relleno conllevan una cierta cantidad de dolor. Afortunadamente, ese no es el caso de Restylane Kysse. Esta soluci\u00f3n HA tambi\u00e9n incluye 0.3% de anest\u00e9sico local que adormece r\u00e1pidamente las \u00e1reas de tratamiento. Como resultado, el paciente <em>no sentir\u00e1 molestias<\/em> o dolor durante el tratamiento.<\/p>\n<p>Despu\u00e9s de la terapia, puede haber algo de enrojecimiento e hinchaz\u00f3n leves. A\u00fan as\u00ed, todo eso deber\u00eda desaparecer en un par de d\u00edas como m\u00e1ximo.<\/p>\n<p>Compre Restylane Kysse para lograr <strong>realce de labios de aspecto natural<\/strong> resultados. El producto tambi\u00e9n mantendr\u00e1 los labios tersos y suaves hasta por 9 meses.<\/p>","protected":false},"excerpt":{"rendered":"<p>Restylane Kysse es <strong>un relleno de labios de Galderma<\/strong> que contiene \u00c1cido Hialur\u00f3nico puro y ofrece efectos instant\u00e1neos. Anteriormente conocido como <em>Labios Emervel<\/em>, el producto mejora el perfil de los labios al rellenarlos, hidratarlos y contornearlos. A diferencia de otros tratamientos de HA, este no es doloroso ya que el producto incluye un anest\u00e9sico local. Lo mejor de todo es que ofrece resultados que siempre lucen muy naturales.<\/p>","protected":false},"featured_media":21222,"template":"","meta":{"_acf_changed":false},"product_brand":[],"product_cat":[89,33,75],"product_tag":[90,111,151,133,107,134,120,116],"class_list":{"0":"post-21209","1":"product","2":"type-product","3":"status-publish","4":"has-post-thumbnail","6":"product_cat-big-holiday-sale","7":"product_cat-lip","8":"product_cat-restylane","9":"product_tag-90","10":"product_tag-face","11":"product_tag-hyaluronic-acid-ha-fillers","12":"product_tag-marionette-lines","13":"product_tag-nasolabial-folds","14":"product_tag-small-lips","15":"product_tag-up-to-12-months","16":"product_tag-with-lidocaine","18":"first","19":"instock","20":"taxable","21":"shipping-taxable","22":"purchasable","23":"product-type-simple"},"acf":[],"yoast_head":"<!-- This site is optimized with the Yoast SEO plugin v27.3 - https:\/\/yoast.com\/product\/yoast-seo-wordpress\/ -->\n<title>Buy Restylane Kysse - 1 x 1ml - Fillers from My Lip Filler<\/title>\n<meta name=\"description\" content=\"\u2765Buy Restylane Kysse - 1 x 1ml \u23e9 My Lip Filler online store \u27a6 Quality assurance, reviews, ingredients, best prices!\" \/>\n<meta name=\"robots\" content=\"index, follow, max-snippet:-1, max-image-preview:large, max-video-preview:-1\" \/>\n<link rel=\"canonical\" href=\"https:\/\/mylipfiller.com\/es\/restylane-kysse-1-x-1ml\/\" \/>\n<meta property=\"og:locale\" content=\"es_MX\" \/>\n<meta property=\"og:type\" content=\"article\" \/>\n<meta property=\"og:title\" content=\"Buy Restylane Kysse - 1 x 1ml - Fillers from My Lip Filler\" \/>\n<meta property=\"og:description\" content=\"\u2765Buy Restylane Kysse - 1 x 1ml \u23e9 My Lip Filler online store \u27a6 Quality assurance, reviews, ingredients, best prices!\" \/>\n<meta property=\"og:url\" content=\"https:\/\/mylipfiller.com\/es\/restylane-kysse-1-x-1ml\/\" \/>\n<meta property=\"og:site_name\" content=\"My Lip Filler\" \/>\n<meta property=\"article:modified_time\" content=\"2024-03-08T16:34:12+00:00\" \/>\n<meta property=\"og:image\" content=\"https:\/\/cdn.mylipfiller.com\/wp-content\/uploads\/2020\/11\/Restylen-Kysse.jpg\" \/>\n\t<meta property=\"og:image:width\" content=\"600\" \/>\n\t<meta property=\"og:image:height\" content=\"600\" \/>\n\t<meta property=\"og:image:type\" content=\"image\/jpeg\" \/>\n<meta name=\"twitter:card\" content=\"summary_large_image\" \/>\n<meta name=\"twitter:label1\" content=\"Tiempo de lectura\" \/>\n\t<meta name=\"twitter:data1\" content=\"2 minutos\" \/>\n<script type=\"application\/ld+json\" class=\"yoast-schema-graph\">{\"@context\":\"https:\\\/\\\/schema.org\",\"@graph\":[{\"@type\":\"WebPage\",\"@id\":\"https:\\\/\\\/mylipfiller.com\\\/restylane-kysse-1-x-1ml\\\/\",\"url\":\"https:\\\/\\\/mylipfiller.com\\\/restylane-kysse-1-x-1ml\\\/\",\"name\":\"Buy Restylane Kysse - 1 x 1ml - Fillers from My Lip Filler\",\"isPartOf\":{\"@id\":\"https:\\\/\\\/mylipfiller.com\\\/#website\"},\"primaryImageOfPage\":{\"@id\":\"https:\\\/\\\/mylipfiller.com\\\/restylane-kysse-1-x-1ml\\\/#primaryimage\"},\"image\":{\"@id\":\"https:\\\/\\\/mylipfiller.com\\\/restylane-kysse-1-x-1ml\\\/#primaryimage\"},\"thumbnailUrl\":\"https:\\\/\\\/mylipfiller.com\\\/wp-content\\\/uploads\\\/2020\\\/11\\\/Restylen-Kysse.jpg\",\"datePublished\":\"2020-11-17T21:06:43+00:00\",\"dateModified\":\"2024-03-08T16:34:12+00:00\",\"description\":\"\u2765Buy Restylane Kysse - 1 x 1ml \u23e9 My Lip Filler online store \u27a6 Quality assurance, reviews, ingredients, best prices!\",\"breadcrumb\":{\"@id\":\"https:\\\/\\\/mylipfiller.com\\\/restylane-kysse-1-x-1ml\\\/#breadcrumb\"},\"inLanguage\":\"es\",\"potentialAction\":[{\"@type\":\"ReadAction\",\"target\":[\"https:\\\/\\\/mylipfiller.com\\\/restylane-kysse-1-x-1ml\\\/\"]}]},{\"@type\":\"ImageObject\",\"inLanguage\":\"es\",\"@id\":\"https:\\\/\\\/mylipfiller.com\\\/restylane-kysse-1-x-1ml\\\/#primaryimage\",\"url\":\"https:\\\/\\\/mylipfiller.com\\\/wp-content\\\/uploads\\\/2020\\\/11\\\/Restylen-Kysse.jpg\",\"contentUrl\":\"https:\\\/\\\/mylipfiller.com\\\/wp-content\\\/uploads\\\/2020\\\/11\\\/Restylen-Kysse.jpg\",\"width\":600,\"height\":600,\"caption\":\"Restylane Kysse\"},{\"@type\":\"BreadcrumbList\",\"@id\":\"https:\\\/\\\/mylipfiller.com\\\/restylane-kysse-1-x-1ml\\\/#breadcrumb\",\"itemListElement\":[{\"@type\":\"ListItem\",\"position\":1,\"name\":\"Home\",\"item\":\"https:\\\/\\\/mylipfiller.com\\\/\"},{\"@type\":\"ListItem\",\"position\":2,\"name\":\"Shop\",\"item\":\"https:\\\/\\\/mylipfiller.com\\\/shop\\\/\"},{\"@type\":\"ListItem\",\"position\":3,\"name\":\"Restylane Kysse &#8211; 1 x 1ml\"}]},{\"@type\":\"WebSite\",\"@id\":\"https:\\\/\\\/mylipfiller.com\\\/#website\",\"url\":\"https:\\\/\\\/mylipfiller.com\\\/\",\"name\":\"My Lip Filler\",\"description\":\"Hyaluronic Acid Lip and Dermal Fillers\",\"publisher\":{\"@id\":\"https:\\\/\\\/mylipfiller.com\\\/#organization\"},\"potentialAction\":[{\"@type\":\"SearchAction\",\"target\":{\"@type\":\"EntryPoint\",\"urlTemplate\":\"https:\\\/\\\/mylipfiller.com\\\/?s={search_term_string}\"},\"query-input\":{\"@type\":\"PropertyValueSpecification\",\"valueRequired\":true,\"valueName\":\"search_term_string\"}}],\"inLanguage\":\"es\"},{\"@type\":\"Organization\",\"@id\":\"https:\\\/\\\/mylipfiller.com\\\/#organization\",\"name\":\"My Lip Filler\",\"url\":\"https:\\\/\\\/mylipfiller.com\\\/\",\"logo\":{\"@type\":\"ImageObject\",\"inLanguage\":\"es\",\"@id\":\"https:\\\/\\\/mylipfiller.com\\\/#\\\/schema\\\/logo\\\/image\\\/\",\"url\":\"https:\\\/\\\/mylipfiller.com\\\/wp-content\\\/uploads\\\/2019\\\/02\\\/cropped-My-Lip-Filler-Logo.png\",\"contentUrl\":\"https:\\\/\\\/mylipfiller.com\\\/wp-content\\\/uploads\\\/2019\\\/02\\\/cropped-My-Lip-Filler-Logo.png\",\"width\":240,\"height\":88,\"caption\":\"My Lip Filler\"},\"image\":{\"@id\":\"https:\\\/\\\/mylipfiller.com\\\/#\\\/schema\\\/logo\\\/image\\\/\"}}]}<\/script>\n<!-- \/ Yoast SEO plugin. -->","yoast_head_json":{"title":"Comprar Restylane Kysse - 1 x 1ml - Rellenos de My Lip Filler","description":"\u2765Comprar Restylane Kysse - 1 x 1ml \u23e9 Tienda online My Lip Filler \u27a6 Garant\u00eda de calidad, rese\u00f1as, ingredientes, \u00a1los mejores precios!","robots":{"index":"index","follow":"follow","max-snippet":"max-snippet:-1","max-image-preview":"max-image-preview:large","max-video-preview":"max-video-preview:-1"},"canonical":"https:\/\/mylipfiller.com\/es\/restylane-kysse-1-x-1ml\/","og_locale":"es_MX","og_type":"article","og_title":"Buy Restylane Kysse - 1 x 1ml - Fillers from My Lip Filler","og_description":"\u2765Buy Restylane Kysse - 1 x 1ml \u23e9 My Lip Filler online store \u27a6 Quality assurance, reviews, ingredients, best prices!","og_url":"https:\/\/mylipfiller.com\/es\/restylane-kysse-1-x-1ml\/","og_site_name":"My Lip Filler","article_modified_time":"2024-03-08T16:34:12+00:00","og_image":[{"width":600,"height":600,"url":"https:\/\/cdn.mylipfiller.com\/wp-content\/uploads\/2020\/11\/Restylen-Kysse.jpg","type":"image\/jpeg"}],"twitter_card":"summary_large_image","twitter_misc":{"Tiempo de lectura":"2 minutos"},"schema":{"@context":"https:\/\/schema.org","@graph":[{"@type":"WebPage","@id":"https:\/\/mylipfiller.com\/restylane-kysse-1-x-1ml\/","url":"https:\/\/mylipfiller.com\/restylane-kysse-1-x-1ml\/","name":"Comprar Restylane Kysse - 1 x 1ml - Rellenos de My Lip Filler","isPartOf":{"@id":"https:\/\/mylipfiller.com\/#website"},"primaryImageOfPage":{"@id":"https:\/\/mylipfiller.com\/restylane-kysse-1-x-1ml\/#primaryimage"},"image":{"@id":"https:\/\/mylipfiller.com\/restylane-kysse-1-x-1ml\/#primaryimage"},"thumbnailUrl":"https:\/\/cdn.mylipfiller.com\/wp-content\/uploads\/2020\/11\/Restylen-Kysse.jpg","datePublished":"2020-11-17T21:06:43+00:00","dateModified":"2024-03-08T16:34:12+00:00","description":"\u2765Comprar Restylane Kysse - 1 x 1ml \u23e9 Tienda online My Lip Filler \u27a6 Garant\u00eda de calidad, rese\u00f1as, ingredientes, \u00a1los mejores precios!","breadcrumb":{"@id":"https:\/\/mylipfiller.com\/restylane-kysse-1-x-1ml\/#breadcrumb"},"inLanguage":"es","potentialAction":[{"@type":"ReadAction","target":["https:\/\/mylipfiller.com\/restylane-kysse-1-x-1ml\/"]}]},{"@type":"ImageObject","inLanguage":"es","@id":"https:\/\/mylipfiller.com\/restylane-kysse-1-x-1ml\/#primaryimage","url":"https:\/\/cdn.mylipfiller.com\/wp-content\/uploads\/2020\/11\/Restylen-Kysse.jpg","contentUrl":"https:\/\/cdn.mylipfiller.com\/wp-content\/uploads\/2020\/11\/Restylen-Kysse.jpg","width":600,"height":600,"caption":"Restylane Kysse"},{"@type":"BreadcrumbList","@id":"https:\/\/mylipfiller.com\/restylane-kysse-1-x-1ml\/#breadcrumb","itemListElement":[{"@type":"ListItem","position":1,"name":"Home","item":"https:\/\/mylipfiller.com\/"},{"@type":"ListItem","position":2,"name":"Shop","item":"https:\/\/mylipfiller.com\/shop\/"},{"@type":"ListItem","position":3,"name":"Restylane Kysse &#8211; 1 x 1ml"}]},{"@type":"WebSite","@id":"https:\/\/mylipfiller.com\/#website","url":"https:\/\/mylipfiller.com\/","name":"Mi relleno de labios","description":"Rellenos d\u00e9rmicos y de labios con \u00e1cido hialur\u00f3nico","publisher":{"@id":"https:\/\/mylipfiller.com\/#organization"},"potentialAction":[{"@type":"SearchAction","target":{"@type":"EntryPoint","urlTemplate":"https:\/\/mylipfiller.com\/?s={search_term_string}"},"query-input":{"@type":"PropertyValueSpecification","valueRequired":true,"valueName":"search_term_string"}}],"inLanguage":"es"},{"@type":"Organization","@id":"https:\/\/mylipfiller.com\/#organization","name":"Mi relleno de labios","url":"https:\/\/mylipfiller.com\/","logo":{"@type":"ImageObject","inLanguage":"es","@id":"https:\/\/mylipfiller.com\/#\/schema\/logo\/image\/","url":"https:\/\/cdn.mylipfiller.com\/wp-content\/uploads\/2019\/02\/cropped-My-Lip-Filler-Logo.png","contentUrl":"https:\/\/cdn.mylipfiller.com\/wp-content\/uploads\/2019\/02\/cropped-My-Lip-Filler-Logo.png","width":240,"height":88,"caption":"My Lip Filler"},"image":{"@id":"https:\/\/mylipfiller.com\/#\/schema\/logo\/image\/"}}]}},"_links":{"self":[{"href":"https:\/\/mylipfiller.com\/es\/wp-json\/wp\/v2\/product\/21209","targetHints":{"allow":["GET"]}}],"collection":[{"href":"https:\/\/mylipfiller.com\/es\/wp-json\/wp\/v2\/product"}],"about":[{"href":"https:\/\/mylipfiller.com\/es\/wp-json\/wp\/v2\/types\/product"}],"wp:featuredmedia":[{"embeddable":true,"href":"https:\/\/mylipfiller.com\/es\/wp-json\/wp\/v2\/media\/21222"}],"wp:attachment":[{"href":"https:\/\/mylipfiller.com\/es\/wp-json\/wp\/v2\/media?parent=21209"}],"wp:term":[{"taxonomy":"product_brand","embeddable":true,"href":"https:\/\/mylipfiller.com\/es\/wp-json\/wp\/v2\/product_brand?post=21209"},{"taxonomy":"product_cat","embeddable":true,"href":"https:\/\/mylipfiller.com\/es\/wp-json\/wp\/v2\/product_cat?post=21209"},{"taxonomy":"product_tag","embeddable":true,"href":"https:\/\/mylipfiller.com\/es\/wp-json\/wp\/v2\/product_tag?post=21209"}],"curies":[{"name":"gracias","href":"https:\/\/api.w.org\/{rel}","templated":true}]}}