{"id":21211,"date":"2020-11-17T23:07:12","date_gmt":"2020-11-17T21:07:12","guid":{"rendered":"https:\/\/mylipfiller.com\/?post_type=product&#038;p=21211"},"modified":"2024-03-08T18:34:01","modified_gmt":"2024-03-08T16:34:01","slug":"restylane-refyne-1-x-1ml","status":"publish","type":"product","link":"https:\/\/mylipfiller.com\/es\/restylane-refyne-1-x-1ml\/","title":{"rendered":"Restylane Refyne - 1 x 1 ml"},"content":{"rendered":"<h3>Un relleno d\u00e9rmico seguro para arrugas din\u00e1micas<\/h3>\n<p>A diferencia de la cirug\u00eda pl\u00e1stica, este tratamiento no conlleva riesgos y hay m\u00e1s de una raz\u00f3n para ello. Para empezar, el producto no contiene productos qu\u00edmicos ni sustancias agresivas. En cambio, se basa en HA que se asemeja a la que produce el cuerpo humano. Como resultado, las reacciones al\u00e9rgicas y otros eventos adversos despu\u00e9s del procedimiento son bastante raros.<\/p>\n<p>Adem\u00e1s, Restylane Refyne tarda entre 20 y 30 minutos en aplicarse y la mayor\u00eda de los pacientes no necesitan tiempo de inactividad. La soluci\u00f3n llena instant\u00e1neamente las l\u00edneas y <em>arrugas y alrededor de la nariz y la boca<\/em>.<\/p>\n<ul>\n<li>HA no animal<\/li>\n<li>Sin riesgo de efectos secundarios graves<\/li>\n<li>Tiempo de inactividad corto o incluso nulo<\/li>\n<li>Procedimiento sencillo<\/li>\n<li>Efectos que se pueden revertir<\/li>\n<\/ul>\n<h3>El secreto detr\u00e1s de los resultados naturales de Restylane Refyne<\/h3>\n<p>El relleno de piel utiliza una tecnolog\u00eda XpressHAn que <u>conserva el aspecto natural del rostro<\/u>. Por lo tanto, el riesgo de sobrellenado es bajo con este producto. Adem\u00e1s, los pacientes mantendr\u00e1n su rango completo de movimientos faciales y seguir\u00e1n luciendo como ellos mismos despu\u00e9s del procedimiento. La \u00fanica diferencia es que parecer\u00e1n mucho m\u00e1s j\u00f3venes que antes.<\/p>\n<p>Obtenga Restylane Refyne para tratar las arrugas medias y profundas r\u00e1pidamente. \u00bfQu\u00e9 tiene de bueno esto? <strong>Relleno de tejidos blandos HA<\/strong> es que conserva todo el rango de expresi\u00f3n del paciente.<\/p>","protected":false},"excerpt":{"rendered":"<p>Restylane Refyne es un relleno de \u00e1cido hialur\u00f3nico que es <strong>Aprobado por la FDA<\/strong> para el tratamiento de l\u00edneas faciales medias y profundas. A diferencia de otros rellenos d\u00e9rmicos, este elimina los signos del envejecimiento sin limitar el rango de movimientos faciales de los pacientes. En cambio, conserva las expresiones naturales del rostro. Por lo tanto, el producto es ideal para eliminar arrugas din\u00e1micas como l\u00edneas de marioneta y l\u00edneas de sonrisa.<\/p>","protected":false},"featured_media":21223,"template":"","meta":{"_acf_changed":false},"product_brand":[],"product_cat":[89,75,32],"product_tag":[90,144,125,111,126,112,128,151,117,146,119,148,116,127],"class_list":{"0":"post-21211","1":"product","2":"type-product","3":"status-publish","4":"has-post-thumbnail","6":"product_cat-big-holiday-sale","7":"product_cat-restylane","8":"product_cat-soft","9":"product_tag-90","10":"product_tag-anti-wrinkle","11":"product_tag-crows-feet","12":"product_tag-face","13":"product_tag-fine-lines","14":"product_tag-forehead","15":"product_tag-forehead-wrinkles","16":"product_tag-hyaluronic-acid-ha-fillers","17":"product_tag-low-density","18":"product_tag-smoothing","19":"product_tag-up-to-9-months","20":"product_tag-upper-dermis","21":"product_tag-with-lidocaine","22":"product_tag-wrinkles-around-the-eyes","24":"first","25":"instock","26":"taxable","27":"shipping-taxable","28":"purchasable","29":"product-type-simple"},"acf":[],"yoast_head":"<!-- This site is optimized with the Yoast SEO plugin v27.2 - https:\/\/yoast.com\/product\/yoast-seo-wordpress\/ -->\n<title>Buy Restylane Refyne - 1 x 1ml - Fillers from My Lip Filler<\/title>\n<meta name=\"description\" content=\"\u2765Buy Restylane Refyne - 1 x 1ml \u23e9 My Lip Filler online store \u27a6 Quality assurance, reviews, ingredients, best prices!\" \/>\n<meta name=\"robots\" content=\"index, follow, max-snippet:-1, max-image-preview:large, max-video-preview:-1\" \/>\n<link rel=\"canonical\" href=\"https:\/\/mylipfiller.com\/es\/restylane-refyne-1-x-1ml\/\" \/>\n<meta property=\"og:locale\" content=\"es_MX\" \/>\n<meta property=\"og:type\" content=\"article\" \/>\n<meta property=\"og:title\" content=\"Buy Restylane Refyne - 1 x 1ml - Fillers from My Lip Filler\" \/>\n<meta property=\"og:description\" content=\"\u2765Buy Restylane Refyne - 1 x 1ml \u23e9 My Lip Filler online store \u27a6 Quality assurance, reviews, ingredients, best prices!\" \/>\n<meta property=\"og:url\" content=\"https:\/\/mylipfiller.com\/es\/restylane-refyne-1-x-1ml\/\" \/>\n<meta property=\"og:site_name\" content=\"My Lip Filler\" \/>\n<meta property=\"article:modified_time\" content=\"2024-03-08T16:34:01+00:00\" \/>\n<meta property=\"og:image\" content=\"https:\/\/cdn.mylipfiller.com\/wp-content\/uploads\/2020\/11\/Restylen-Refyne.jpg\" \/>\n\t<meta property=\"og:image:width\" content=\"600\" \/>\n\t<meta property=\"og:image:height\" content=\"600\" \/>\n\t<meta property=\"og:image:type\" content=\"image\/jpeg\" \/>\n<meta name=\"twitter:card\" content=\"summary_large_image\" \/>\n<meta name=\"twitter:label1\" content=\"Tiempo de lectura\" \/>\n\t<meta name=\"twitter:data1\" content=\"2 minutos\" \/>\n<script type=\"application\/ld+json\" class=\"yoast-schema-graph\">{\"@context\":\"https:\/\/schema.org\",\"@graph\":[{\"@type\":\"WebPage\",\"@id\":\"https:\/\/mylipfiller.com\/restylane-refyne-1-x-1ml\/\",\"url\":\"https:\/\/mylipfiller.com\/restylane-refyne-1-x-1ml\/\",\"name\":\"Buy Restylane Refyne - 1 x 1ml - Fillers from My Lip Filler\",\"isPartOf\":{\"@id\":\"https:\/\/mylipfiller.com\/#website\"},\"primaryImageOfPage\":{\"@id\":\"https:\/\/mylipfiller.com\/restylane-refyne-1-x-1ml\/#primaryimage\"},\"image\":{\"@id\":\"https:\/\/mylipfiller.com\/restylane-refyne-1-x-1ml\/#primaryimage\"},\"thumbnailUrl\":\"https:\/\/cdn.mylipfiller.com\/wp-content\/uploads\/2020\/11\/Restylen-Refyne.jpg\",\"datePublished\":\"2020-11-17T21:07:12+00:00\",\"dateModified\":\"2024-03-08T16:34:01+00:00\",\"description\":\"\u2765Buy Restylane Refyne - 1 x 1ml \u23e9 My Lip Filler online store \u27a6 Quality assurance, reviews, ingredients, best prices!\",\"breadcrumb\":{\"@id\":\"https:\/\/mylipfiller.com\/restylane-refyne-1-x-1ml\/#breadcrumb\"},\"inLanguage\":\"es\",\"potentialAction\":[{\"@type\":\"ReadAction\",\"target\":[\"https:\/\/mylipfiller.com\/restylane-refyne-1-x-1ml\/\"]}]},{\"@type\":\"ImageObject\",\"inLanguage\":\"es\",\"@id\":\"https:\/\/mylipfiller.com\/restylane-refyne-1-x-1ml\/#primaryimage\",\"url\":\"https:\/\/cdn.mylipfiller.com\/wp-content\/uploads\/2020\/11\/Restylen-Refyne.jpg\",\"contentUrl\":\"https:\/\/cdn.mylipfiller.com\/wp-content\/uploads\/2020\/11\/Restylen-Refyne.jpg\",\"width\":600,\"height\":600,\"caption\":\"Restylen Refyne\"},{\"@type\":\"BreadcrumbList\",\"@id\":\"https:\/\/mylipfiller.com\/restylane-refyne-1-x-1ml\/#breadcrumb\",\"itemListElement\":[{\"@type\":\"ListItem\",\"position\":1,\"name\":\"Home\",\"item\":\"https:\/\/mylipfiller.com\/\"},{\"@type\":\"ListItem\",\"position\":2,\"name\":\"Shop\",\"item\":\"https:\/\/mylipfiller.com\/shop\/\"},{\"@type\":\"ListItem\",\"position\":3,\"name\":\"Restylane Refyne &#8211; 1 x 1ml\"}]},{\"@type\":\"WebSite\",\"@id\":\"https:\/\/mylipfiller.com\/#website\",\"url\":\"https:\/\/mylipfiller.com\/\",\"name\":\"My Lip Filler\",\"description\":\"Hyaluronic Acid Lip and Dermal Fillers\",\"publisher\":{\"@id\":\"https:\/\/mylipfiller.com\/#organization\"},\"potentialAction\":[{\"@type\":\"SearchAction\",\"target\":{\"@type\":\"EntryPoint\",\"urlTemplate\":\"https:\/\/mylipfiller.com\/?s={search_term_string}\"},\"query-input\":{\"@type\":\"PropertyValueSpecification\",\"valueRequired\":true,\"valueName\":\"search_term_string\"}}],\"inLanguage\":\"es\"},{\"@type\":\"Organization\",\"@id\":\"https:\/\/mylipfiller.com\/#organization\",\"name\":\"My Lip Filler\",\"url\":\"https:\/\/mylipfiller.com\/\",\"logo\":{\"@type\":\"ImageObject\",\"inLanguage\":\"es\",\"@id\":\"https:\/\/mylipfiller.com\/#\/schema\/logo\/image\/\",\"url\":\"https:\/\/cdn.mylipfiller.com\/wp-content\/uploads\/2019\/02\/cropped-My-Lip-Filler-Logo.png\",\"contentUrl\":\"https:\/\/cdn.mylipfiller.com\/wp-content\/uploads\/2019\/02\/cropped-My-Lip-Filler-Logo.png\",\"width\":240,\"height\":88,\"caption\":\"My Lip Filler\"},\"image\":{\"@id\":\"https:\/\/mylipfiller.com\/#\/schema\/logo\/image\/\"}}]}<\/script>\n<!-- \/ Yoast SEO plugin. -->","yoast_head_json":{"title":"Comprar Restylane Refyne - 1 x 1ml - Rellenos de My Lip Filler","description":"\u2765Comprar Restylane Refyne - 1 x 1ml \u23e9 Tienda online My Lip Filler \u27a6 Garant\u00eda de calidad, rese\u00f1as, ingredientes, \u00a1los mejores precios!","robots":{"index":"index","follow":"follow","max-snippet":"max-snippet:-1","max-image-preview":"max-image-preview:large","max-video-preview":"max-video-preview:-1"},"canonical":"https:\/\/mylipfiller.com\/es\/restylane-refyne-1-x-1ml\/","og_locale":"es_MX","og_type":"article","og_title":"Buy Restylane Refyne - 1 x 1ml - Fillers from My Lip Filler","og_description":"\u2765Buy Restylane Refyne - 1 x 1ml \u23e9 My Lip Filler online store \u27a6 Quality assurance, reviews, ingredients, best prices!","og_url":"https:\/\/mylipfiller.com\/es\/restylane-refyne-1-x-1ml\/","og_site_name":"My Lip Filler","article_modified_time":"2024-03-08T16:34:01+00:00","og_image":[{"width":600,"height":600,"url":"https:\/\/cdn.mylipfiller.com\/wp-content\/uploads\/2020\/11\/Restylen-Refyne.jpg","type":"image\/jpeg"}],"twitter_card":"summary_large_image","twitter_misc":{"Tiempo de lectura":"2 minutos"},"schema":{"@context":"https:\/\/schema.org","@graph":[{"@type":"WebPage","@id":"https:\/\/mylipfiller.com\/restylane-refyne-1-x-1ml\/","url":"https:\/\/mylipfiller.com\/restylane-refyne-1-x-1ml\/","name":"Comprar Restylane Refyne - 1 x 1ml - Rellenos de My Lip Filler","isPartOf":{"@id":"https:\/\/mylipfiller.com\/#website"},"primaryImageOfPage":{"@id":"https:\/\/mylipfiller.com\/restylane-refyne-1-x-1ml\/#primaryimage"},"image":{"@id":"https:\/\/mylipfiller.com\/restylane-refyne-1-x-1ml\/#primaryimage"},"thumbnailUrl":"https:\/\/cdn.mylipfiller.com\/wp-content\/uploads\/2020\/11\/Restylen-Refyne.jpg","datePublished":"2020-11-17T21:07:12+00:00","dateModified":"2024-03-08T16:34:01+00:00","description":"\u2765Comprar Restylane Refyne - 1 x 1ml \u23e9 Tienda online My Lip Filler \u27a6 Garant\u00eda de calidad, rese\u00f1as, ingredientes, \u00a1los mejores precios!","breadcrumb":{"@id":"https:\/\/mylipfiller.com\/restylane-refyne-1-x-1ml\/#breadcrumb"},"inLanguage":"es","potentialAction":[{"@type":"ReadAction","target":["https:\/\/mylipfiller.com\/restylane-refyne-1-x-1ml\/"]}]},{"@type":"ImageObject","inLanguage":"es","@id":"https:\/\/mylipfiller.com\/restylane-refyne-1-x-1ml\/#primaryimage","url":"https:\/\/cdn.mylipfiller.com\/wp-content\/uploads\/2020\/11\/Restylen-Refyne.jpg","contentUrl":"https:\/\/cdn.mylipfiller.com\/wp-content\/uploads\/2020\/11\/Restylen-Refyne.jpg","width":600,"height":600,"caption":"Restylen Refyne"},{"@type":"BreadcrumbList","@id":"https:\/\/mylipfiller.com\/restylane-refyne-1-x-1ml\/#breadcrumb","itemListElement":[{"@type":"ListItem","position":1,"name":"Home","item":"https:\/\/mylipfiller.com\/"},{"@type":"ListItem","position":2,"name":"Shop","item":"https:\/\/mylipfiller.com\/shop\/"},{"@type":"ListItem","position":3,"name":"Restylane Refyne &#8211; 1 x 1ml"}]},{"@type":"WebSite","@id":"https:\/\/mylipfiller.com\/#website","url":"https:\/\/mylipfiller.com\/","name":"Mi relleno de labios","description":"Rellenos d\u00e9rmicos y de labios con \u00e1cido hialur\u00f3nico","publisher":{"@id":"https:\/\/mylipfiller.com\/#organization"},"potentialAction":[{"@type":"SearchAction","target":{"@type":"EntryPoint","urlTemplate":"https:\/\/mylipfiller.com\/?s={search_term_string}"},"query-input":{"@type":"PropertyValueSpecification","valueRequired":true,"valueName":"search_term_string"}}],"inLanguage":"es"},{"@type":"Organization","@id":"https:\/\/mylipfiller.com\/#organization","name":"Mi relleno de labios","url":"https:\/\/mylipfiller.com\/","logo":{"@type":"ImageObject","inLanguage":"es","@id":"https:\/\/mylipfiller.com\/#\/schema\/logo\/image\/","url":"https:\/\/cdn.mylipfiller.com\/wp-content\/uploads\/2019\/02\/cropped-My-Lip-Filler-Logo.png","contentUrl":"https:\/\/cdn.mylipfiller.com\/wp-content\/uploads\/2019\/02\/cropped-My-Lip-Filler-Logo.png","width":240,"height":88,"caption":"My Lip Filler"},"image":{"@id":"https:\/\/mylipfiller.com\/#\/schema\/logo\/image\/"}}]}},"_links":{"self":[{"href":"https:\/\/mylipfiller.com\/es\/wp-json\/wp\/v2\/product\/21211","targetHints":{"allow":["GET"]}}],"collection":[{"href":"https:\/\/mylipfiller.com\/es\/wp-json\/wp\/v2\/product"}],"about":[{"href":"https:\/\/mylipfiller.com\/es\/wp-json\/wp\/v2\/types\/product"}],"wp:featuredmedia":[{"embeddable":true,"href":"https:\/\/mylipfiller.com\/es\/wp-json\/wp\/v2\/media\/21223"}],"wp:attachment":[{"href":"https:\/\/mylipfiller.com\/es\/wp-json\/wp\/v2\/media?parent=21211"}],"wp:term":[{"taxonomy":"product_brand","embeddable":true,"href":"https:\/\/mylipfiller.com\/es\/wp-json\/wp\/v2\/product_brand?post=21211"},{"taxonomy":"product_cat","embeddable":true,"href":"https:\/\/mylipfiller.com\/es\/wp-json\/wp\/v2\/product_cat?post=21211"},{"taxonomy":"product_tag","embeddable":true,"href":"https:\/\/mylipfiller.com\/es\/wp-json\/wp\/v2\/product_tag?post=21211"}],"curies":[{"name":"gracias","href":"https:\/\/api.w.org\/{rel}","templated":true}]}}