{"id":21212,"date":"2020-11-17T23:07:22","date_gmt":"2020-11-17T21:07:22","guid":{"rendered":"https:\/\/mylipfiller.com\/?post_type=product&#038;p=21212"},"modified":"2024-07-03T17:33:06","modified_gmt":"2024-07-03T15:33:06","slug":"restylane-volyme-w-o-lidocaine-1-x-1ml","status":"publish","type":"product","link":"https:\/\/mylipfiller.com\/es\/restylane-volyme-w-o-lidocaine-1-x-1ml\/","title":{"rendered":"Restylane Volyme (sin lidoca\u00edna) - 1 x 1 ml"},"content":{"rendered":"<h3>Restylane Volyme: un excelente relleno para la piel que trata la p\u00e9rdida de volumen facial<\/h3>\n<p>Cuando los cirujanos est\u00e9ticos aplican el producto debajo de la piel mediante una inyecci\u00f3n, el AH que contiene agrega volumen instant\u00e1neamente al rostro. Al hacerlo, <strong>corrige la piel fl\u00e1cida<\/strong> y restaura el contorno del rostro. Como resultado, los pacientes disfrutan de una apariencia m\u00e1s juvenil sin siquiera tener que someterse a una cirug\u00eda. Por lo general, los m\u00e9dicos pueden usar la soluci\u00f3n para tratar las siguientes \u00e1reas:<\/p>\n<ul>\n<li>Las mejillas<\/li>\n<li>P\u00f3mulos<\/li>\n<li>Barbilla<\/li>\n<li>Templos<\/li>\n<li>Barbilla<\/li>\n<li>Mand\u00edbula<\/li>\n<\/ul>\n<p>Lo que hace que Restylane Volyme sea tan especial es que les da a los pacientes una apariencia m\u00e1s suave. Despu\u00e9s de todo, se basa en un <u>Tecnolog\u00eda de equilibrio \u00f3ptimo<\/u>. Gracias a \u00e9l, el gel HA de este relleno cut\u00e1neo es m\u00e1s suave y eso le permite dispersarse uniformemente debajo de la piel.<\/p>\n<h3>\u00bfQu\u00e9 tan duraderos son los efectos de Restylane Volyme?<\/h3>\n<p>Al igual que la mayor\u00eda de los otros rellenos HA, este tambi\u00e9n ofrece resultados instant\u00e1neos que desaparecen con el tiempo. A\u00fan as\u00ed, el producto es m\u00e1s duradero que la mayor\u00eda de sus rivales. Habitualmente, la longevidad de sus efectos dura entre 6 y 9 meses. A veces, sin embargo, los resultados se pueden conservar hasta por 18 meses.<\/p>\n<p>Compre Restylane Volyme sin riesgos <strong>esculpir la l\u00ednea de la mand\u00edbula y realzar las mejillas<\/strong>. Este relleno d\u00e9rmico HA restaura el volumen perdido en las sienes y otras \u00e1reas faciales.<\/p>","protected":false},"excerpt":{"rendered":"<p>Restylane Volyme es un relleno de \u00e1cido hialur\u00f3nico que restaura y <em>mejora el perfil y el contorno del rostro<\/em>. No solo agrega volumen debajo de la piel, sino que tambi\u00e9n brinda un efecto lifting para obtener excelentes resultados antienvejecimiento. Formalmente conocido como Emervel Volume, este producto tiene una acci\u00f3n duradera y, en algunos casos, sus efectos permanecen visibles durante muchos meses. Adem\u00e1s, la soluci\u00f3n puede agregar volumen a varias zonas faciales, incluidas las mejillas.<\/p>","protected":false},"featured_media":21220,"template":"","meta":{"_acf_changed":false},"product_brand":[],"product_cat":[34,75],"product_tag":[123,72,130,131,115,114,111,118,151,141,142,135,110,122,124],"class_list":{"0":"post-21212","1":"product","2":"type-product","3":"status-publish","4":"has-post-thumbnail","6":"product_cat-hard","7":"product_cat-restylane","8":"product_tag-asymmetry","9":"product_tag-backorder","10":"product_tag-cheek-volume","11":"product_tag-cheekbone-contour","12":"product_tag-cheekbones","13":"product_tag-chin","14":"product_tag-face","15":"product_tag-high-density","16":"product_tag-hyaluronic-acid-ha-fillers","17":"product_tag-lifting","18":"product_tag-modeling","19":"product_tag-small-chin","20":"product_tag-temple","21":"product_tag-up-to-18-months","22":"product_tag-volume","24":"first","25":"outofstock","26":"taxable","27":"shipping-taxable","28":"purchasable","29":"product-type-simple"},"acf":[],"yoast_head":"<!-- This site is optimized with the Yoast SEO plugin v27.4 - https:\/\/yoast.com\/product\/yoast-seo-wordpress\/ -->\n<title>Buy Restylane Volyme (w\/o Lidocaine) - 1 x 1ml - Fillers from My Lip Filler<\/title>\n<meta name=\"description\" content=\"\u2765Buy Restylane Volyme (w\/o Lidocaine) - 1 x 1ml \u23e9 My Lip Filler online store \u27a6 Quality assurance, reviews, ingredients, best prices!\" \/>\n<meta name=\"robots\" content=\"index, follow, max-snippet:-1, max-image-preview:large, max-video-preview:-1\" \/>\n<link rel=\"canonical\" href=\"https:\/\/mylipfiller.com\/es\/restylane-volyme-w-o-lidocaine-1-x-1ml\/\" \/>\n<meta property=\"og:locale\" content=\"es_MX\" \/>\n<meta property=\"og:type\" content=\"article\" \/>\n<meta property=\"og:title\" content=\"Buy Restylane Volyme (w\/o Lidocaine) - 1 x 1ml - Fillers from My Lip Filler\" \/>\n<meta property=\"og:description\" content=\"\u2765Buy Restylane Volyme (w\/o Lidocaine) - 1 x 1ml \u23e9 My Lip Filler online store \u27a6 Quality assurance, reviews, ingredients, best prices!\" \/>\n<meta property=\"og:url\" content=\"https:\/\/mylipfiller.com\/es\/restylane-volyme-w-o-lidocaine-1-x-1ml\/\" \/>\n<meta property=\"og:site_name\" content=\"My Lip Filler\" \/>\n<meta property=\"article:modified_time\" content=\"2024-07-03T15:33:06+00:00\" \/>\n<meta property=\"og:image\" content=\"https:\/\/cdn.mylipfiller.com\/wp-content\/uploads\/2020\/11\/Restylane-Volyme.jpg\" \/>\n\t<meta property=\"og:image:width\" content=\"600\" \/>\n\t<meta property=\"og:image:height\" content=\"600\" \/>\n\t<meta property=\"og:image:type\" content=\"image\/jpeg\" \/>\n<meta name=\"twitter:card\" content=\"summary_large_image\" \/>\n<meta name=\"twitter:label1\" content=\"Tiempo de lectura\" \/>\n\t<meta name=\"twitter:data1\" content=\"2 minutos\" \/>\n<script type=\"application\/ld+json\" class=\"yoast-schema-graph\">{\"@context\":\"https:\\\/\\\/schema.org\",\"@graph\":[{\"@type\":\"WebPage\",\"@id\":\"https:\\\/\\\/mylipfiller.com\\\/restylane-volyme-w-o-lidocaine-1-x-1ml\\\/\",\"url\":\"https:\\\/\\\/mylipfiller.com\\\/restylane-volyme-w-o-lidocaine-1-x-1ml\\\/\",\"name\":\"Buy Restylane Volyme (w\\\/o Lidocaine) - 1 x 1ml - Fillers from My Lip Filler\",\"isPartOf\":{\"@id\":\"https:\\\/\\\/mylipfiller.com\\\/#website\"},\"primaryImageOfPage\":{\"@id\":\"https:\\\/\\\/mylipfiller.com\\\/restylane-volyme-w-o-lidocaine-1-x-1ml\\\/#primaryimage\"},\"image\":{\"@id\":\"https:\\\/\\\/mylipfiller.com\\\/restylane-volyme-w-o-lidocaine-1-x-1ml\\\/#primaryimage\"},\"thumbnailUrl\":\"https:\\\/\\\/mylipfiller.com\\\/wp-content\\\/uploads\\\/2020\\\/11\\\/Restylane-Volyme.jpg\",\"datePublished\":\"2020-11-17T21:07:22+00:00\",\"dateModified\":\"2024-07-03T15:33:06+00:00\",\"description\":\"\u2765Buy Restylane Volyme (w\\\/o Lidocaine) - 1 x 1ml \u23e9 My Lip Filler online store \u27a6 Quality assurance, reviews, ingredients, best prices!\",\"breadcrumb\":{\"@id\":\"https:\\\/\\\/mylipfiller.com\\\/restylane-volyme-w-o-lidocaine-1-x-1ml\\\/#breadcrumb\"},\"inLanguage\":\"es\",\"potentialAction\":[{\"@type\":\"ReadAction\",\"target\":[\"https:\\\/\\\/mylipfiller.com\\\/restylane-volyme-w-o-lidocaine-1-x-1ml\\\/\"]}]},{\"@type\":\"ImageObject\",\"inLanguage\":\"es\",\"@id\":\"https:\\\/\\\/mylipfiller.com\\\/restylane-volyme-w-o-lidocaine-1-x-1ml\\\/#primaryimage\",\"url\":\"https:\\\/\\\/mylipfiller.com\\\/wp-content\\\/uploads\\\/2020\\\/11\\\/Restylane-Volyme.jpg\",\"contentUrl\":\"https:\\\/\\\/mylipfiller.com\\\/wp-content\\\/uploads\\\/2020\\\/11\\\/Restylane-Volyme.jpg\",\"width\":600,\"height\":600,\"caption\":\"Restylane Volyme\"},{\"@type\":\"BreadcrumbList\",\"@id\":\"https:\\\/\\\/mylipfiller.com\\\/restylane-volyme-w-o-lidocaine-1-x-1ml\\\/#breadcrumb\",\"itemListElement\":[{\"@type\":\"ListItem\",\"position\":1,\"name\":\"Home\",\"item\":\"https:\\\/\\\/mylipfiller.com\\\/\"},{\"@type\":\"ListItem\",\"position\":2,\"name\":\"Shop\",\"item\":\"https:\\\/\\\/mylipfiller.com\\\/shop\\\/\"},{\"@type\":\"ListItem\",\"position\":3,\"name\":\"Restylane Volyme (w\\\/o Lidocaine) &#8211; 1 x 1ml\"}]},{\"@type\":\"WebSite\",\"@id\":\"https:\\\/\\\/mylipfiller.com\\\/#website\",\"url\":\"https:\\\/\\\/mylipfiller.com\\\/\",\"name\":\"My Lip Filler\",\"description\":\"Hyaluronic Acid Lip and Dermal Fillers\",\"publisher\":{\"@id\":\"https:\\\/\\\/mylipfiller.com\\\/#organization\"},\"potentialAction\":[{\"@type\":\"SearchAction\",\"target\":{\"@type\":\"EntryPoint\",\"urlTemplate\":\"https:\\\/\\\/mylipfiller.com\\\/?s={search_term_string}\"},\"query-input\":{\"@type\":\"PropertyValueSpecification\",\"valueRequired\":true,\"valueName\":\"search_term_string\"}}],\"inLanguage\":\"es\"},{\"@type\":\"Organization\",\"@id\":\"https:\\\/\\\/mylipfiller.com\\\/#organization\",\"name\":\"My Lip Filler\",\"url\":\"https:\\\/\\\/mylipfiller.com\\\/\",\"logo\":{\"@type\":\"ImageObject\",\"inLanguage\":\"es\",\"@id\":\"https:\\\/\\\/mylipfiller.com\\\/#\\\/schema\\\/logo\\\/image\\\/\",\"url\":\"https:\\\/\\\/mylipfiller.com\\\/wp-content\\\/uploads\\\/2019\\\/02\\\/cropped-My-Lip-Filler-Logo.png\",\"contentUrl\":\"https:\\\/\\\/mylipfiller.com\\\/wp-content\\\/uploads\\\/2019\\\/02\\\/cropped-My-Lip-Filler-Logo.png\",\"width\":240,\"height\":88,\"caption\":\"My Lip Filler\"},\"image\":{\"@id\":\"https:\\\/\\\/mylipfiller.com\\\/#\\\/schema\\\/logo\\\/image\\\/\"}}]}<\/script>\n<!-- \/ Yoast SEO plugin. -->","yoast_head_json":{"title":"Compre Restylane Volyme (sin lidoca\u00edna) - 1 x 1 ml - Rellenos de My Lip Filler","description":"\u2765Compre Restylane Volyme (sin lidoca\u00edna) - 1 x 1 ml \u23e9 Tienda online My Lip Filler \u27a6 Garant\u00eda de calidad, rese\u00f1as, ingredientes, \u00a1los mejores precios!","robots":{"index":"index","follow":"follow","max-snippet":"max-snippet:-1","max-image-preview":"max-image-preview:large","max-video-preview":"max-video-preview:-1"},"canonical":"https:\/\/mylipfiller.com\/es\/restylane-volyme-w-o-lidocaine-1-x-1ml\/","og_locale":"es_MX","og_type":"article","og_title":"Buy Restylane Volyme (w\/o Lidocaine) - 1 x 1ml - Fillers from My Lip Filler","og_description":"\u2765Buy Restylane Volyme (w\/o Lidocaine) - 1 x 1ml \u23e9 My Lip Filler online store \u27a6 Quality assurance, reviews, ingredients, best prices!","og_url":"https:\/\/mylipfiller.com\/es\/restylane-volyme-w-o-lidocaine-1-x-1ml\/","og_site_name":"My Lip Filler","article_modified_time":"2024-07-03T15:33:06+00:00","og_image":[{"width":600,"height":600,"url":"https:\/\/cdn.mylipfiller.com\/wp-content\/uploads\/2020\/11\/Restylane-Volyme.jpg","type":"image\/jpeg"}],"twitter_card":"summary_large_image","twitter_misc":{"Tiempo de lectura":"2 minutos"},"schema":{"@context":"https:\/\/schema.org","@graph":[{"@type":"WebPage","@id":"https:\/\/mylipfiller.com\/restylane-volyme-w-o-lidocaine-1-x-1ml\/","url":"https:\/\/mylipfiller.com\/restylane-volyme-w-o-lidocaine-1-x-1ml\/","name":"Compre Restylane Volyme (sin lidoca\u00edna) - 1 x 1 ml - Rellenos de My Lip Filler","isPartOf":{"@id":"https:\/\/mylipfiller.com\/#website"},"primaryImageOfPage":{"@id":"https:\/\/mylipfiller.com\/restylane-volyme-w-o-lidocaine-1-x-1ml\/#primaryimage"},"image":{"@id":"https:\/\/mylipfiller.com\/restylane-volyme-w-o-lidocaine-1-x-1ml\/#primaryimage"},"thumbnailUrl":"https:\/\/cdn.mylipfiller.com\/wp-content\/uploads\/2020\/11\/Restylane-Volyme.jpg","datePublished":"2020-11-17T21:07:22+00:00","dateModified":"2024-07-03T15:33:06+00:00","description":"\u2765Compre Restylane Volyme (sin lidoca\u00edna) - 1 x 1 ml \u23e9 Tienda online My Lip Filler \u27a6 Garant\u00eda de calidad, rese\u00f1as, ingredientes, \u00a1los mejores precios!","breadcrumb":{"@id":"https:\/\/mylipfiller.com\/restylane-volyme-w-o-lidocaine-1-x-1ml\/#breadcrumb"},"inLanguage":"es","potentialAction":[{"@type":"ReadAction","target":["https:\/\/mylipfiller.com\/restylane-volyme-w-o-lidocaine-1-x-1ml\/"]}]},{"@type":"ImageObject","inLanguage":"es","@id":"https:\/\/mylipfiller.com\/restylane-volyme-w-o-lidocaine-1-x-1ml\/#primaryimage","url":"https:\/\/cdn.mylipfiller.com\/wp-content\/uploads\/2020\/11\/Restylane-Volyme.jpg","contentUrl":"https:\/\/cdn.mylipfiller.com\/wp-content\/uploads\/2020\/11\/Restylane-Volyme.jpg","width":600,"height":600,"caption":"Restylane Volyme"},{"@type":"BreadcrumbList","@id":"https:\/\/mylipfiller.com\/restylane-volyme-w-o-lidocaine-1-x-1ml\/#breadcrumb","itemListElement":[{"@type":"ListItem","position":1,"name":"Home","item":"https:\/\/mylipfiller.com\/"},{"@type":"ListItem","position":2,"name":"Shop","item":"https:\/\/mylipfiller.com\/shop\/"},{"@type":"ListItem","position":3,"name":"Restylane Volyme (w\/o Lidocaine) &#8211; 1 x 1ml"}]},{"@type":"WebSite","@id":"https:\/\/mylipfiller.com\/#website","url":"https:\/\/mylipfiller.com\/","name":"Mi relleno de labios","description":"Rellenos d\u00e9rmicos y de labios con \u00e1cido hialur\u00f3nico","publisher":{"@id":"https:\/\/mylipfiller.com\/#organization"},"potentialAction":[{"@type":"SearchAction","target":{"@type":"EntryPoint","urlTemplate":"https:\/\/mylipfiller.com\/?s={search_term_string}"},"query-input":{"@type":"PropertyValueSpecification","valueRequired":true,"valueName":"search_term_string"}}],"inLanguage":"es"},{"@type":"Organization","@id":"https:\/\/mylipfiller.com\/#organization","name":"Mi relleno de labios","url":"https:\/\/mylipfiller.com\/","logo":{"@type":"ImageObject","inLanguage":"es","@id":"https:\/\/mylipfiller.com\/#\/schema\/logo\/image\/","url":"https:\/\/cdn.mylipfiller.com\/wp-content\/uploads\/2019\/02\/cropped-My-Lip-Filler-Logo.png","contentUrl":"https:\/\/cdn.mylipfiller.com\/wp-content\/uploads\/2019\/02\/cropped-My-Lip-Filler-Logo.png","width":240,"height":88,"caption":"My Lip Filler"},"image":{"@id":"https:\/\/mylipfiller.com\/#\/schema\/logo\/image\/"}}]}},"_links":{"self":[{"href":"https:\/\/mylipfiller.com\/es\/wp-json\/wp\/v2\/product\/21212","targetHints":{"allow":["GET"]}}],"collection":[{"href":"https:\/\/mylipfiller.com\/es\/wp-json\/wp\/v2\/product"}],"about":[{"href":"https:\/\/mylipfiller.com\/es\/wp-json\/wp\/v2\/types\/product"}],"wp:featuredmedia":[{"embeddable":true,"href":"https:\/\/mylipfiller.com\/es\/wp-json\/wp\/v2\/media\/21220"}],"wp:attachment":[{"href":"https:\/\/mylipfiller.com\/es\/wp-json\/wp\/v2\/media?parent=21212"}],"wp:term":[{"taxonomy":"product_brand","embeddable":true,"href":"https:\/\/mylipfiller.com\/es\/wp-json\/wp\/v2\/product_brand?post=21212"},{"taxonomy":"product_cat","embeddable":true,"href":"https:\/\/mylipfiller.com\/es\/wp-json\/wp\/v2\/product_cat?post=21212"},{"taxonomy":"product_tag","embeddable":true,"href":"https:\/\/mylipfiller.com\/es\/wp-json\/wp\/v2\/product_tag?post=21212"}],"curies":[{"name":"gracias","href":"https:\/\/api.w.org\/{rel}","templated":true}]}}