{"id":21213,"date":"2020-11-17T23:07:38","date_gmt":"2020-11-17T21:07:38","guid":{"rendered":"https:\/\/mylipfiller.com\/?post_type=product&#038;p=21213"},"modified":"2024-03-08T18:35:40","modified_gmt":"2024-03-08T16:35:40","slug":"restylane-volyme-lidocaine-1-x-1ml","status":"publish","type":"product","link":"https:\/\/mylipfiller.com\/es\/restylane-volyme-lidocaine-1-x-1ml\/","title":{"rendered":"Restylane Volyme Lidoca\u00edna - 1 x 1 ml"},"content":{"rendered":"<h3>\u00c1reas que pueden tratarse con Restylane Volyme Lidocaine<\/h3>\n<p>Como mencionamos, este relleno d\u00e9rmico utiliza tecnolog\u00eda OBT. Como resultado, la textura de su gel HA es suave y el\u00e1stica. As\u00ed, el producto puede adaptarse a la piel del paciente sin formar protuberancias o grumos.<\/p>\n<p>Como regla general, la soluci\u00f3n se puede aplicar solo a ciertas zonas de la cara. A\u00fan as\u00ed, tiene <em>usos m\u00faltiples<\/em> que incluye:<\/p>\n<ul>\n<li>Contorno de la mand\u00edbula<\/li>\n<li>Correcci\u00f3n de la p\u00e9rdida de volumen en las sienes.<\/li>\n<li>Realce de las mejillas<\/li>\n<li>Esculpir el ment\u00f3n<\/li>\n<li>Mejora del perfil del rostro.<\/li>\n<\/ul>\n<h3>\u00bfEn qu\u00e9 se diferencia Restylane Volyme Lidocaine de Restylane Volyme?<\/h3>\n<p>En esencia, ambos rellenos para la piel contienen la misma cantidad de HA y corrigen las mismas preocupaciones cosm\u00e9ticas. Sin embargo, existe una diferencia clave entre ellos. Nuestro de los dos productos, solo Restylane Volyme Lidocaine ofrece una <u>experiencia de tratamiento sin dolor<\/u> a los pacientes. Contiene un anest\u00e9sico local que adormece r\u00e1pidamente las \u00e1reas de tratamiento.<\/p>\n<p>En otras palabras, los cirujanos pl\u00e1sticos no necesitar\u00e1n aplicar un producto anest\u00e9sico antes del procedimiento. En cambio, pueden usar una inyecci\u00f3n para adormecer y rejuvenecer las zonas objetivo.<\/p>\n<p>Solicite Restylane Volyme Lidocaine para mejorar el contorno general y el perfil de la cara. Este relleno de piel HA agrega volumen instant\u00e1neo en el <strong>mejillas, barbilla, sienes,<\/strong> y otras \u00e1reas.<\/p>","protected":false},"excerpt":{"rendered":"<p>Restylane Volyme Lidocaine es un excelente relleno de tejidos blandos para esculpir y contornear el rostro. Contiene <strong>\u00e1cido hialur\u00f3nico no animal<\/strong> que hidrata la piel y <em>trata los signos del envejecimiento<\/em>. Adem\u00e1s, el producto utiliza tecnolog\u00eda OBT para ofrecer resultados equilibrados y de aspecto m\u00e1s suave. En la mayor\u00eda de los casos, los pacientes no experimentan efectos secundarios despu\u00e9s del tratamiento y disfrutan de su apariencia juvenil durante aproximadamente un a\u00f1o.<\/p>","protected":false},"featured_media":21220,"template":"","meta":{"_acf_changed":false},"product_brand":[],"product_cat":[89,34,75],"product_tag":[90,123,130,131,115,114,111,118,151,141,142,135,110,122,124,116],"class_list":{"0":"post-21213","1":"product","2":"type-product","3":"status-publish","4":"has-post-thumbnail","6":"product_cat-big-holiday-sale","7":"product_cat-hard","8":"product_cat-restylane","9":"product_tag-90","10":"product_tag-asymmetry","11":"product_tag-cheek-volume","12":"product_tag-cheekbone-contour","13":"product_tag-cheekbones","14":"product_tag-chin","15":"product_tag-face","16":"product_tag-high-density","17":"product_tag-hyaluronic-acid-ha-fillers","18":"product_tag-lifting","19":"product_tag-modeling","20":"product_tag-small-chin","21":"product_tag-temple","22":"product_tag-up-to-18-months","23":"product_tag-volume","24":"product_tag-with-lidocaine","26":"first","27":"instock","28":"taxable","29":"shipping-taxable","30":"purchasable","31":"product-type-simple"},"acf":[],"yoast_head":"<!-- This site is optimized with the Yoast SEO plugin v27.2 - https:\/\/yoast.com\/product\/yoast-seo-wordpress\/ -->\n<title>Buy Restylane Volyme Lidocaine - 1 x 1ml - Fillers from My Lip Filler<\/title>\n<meta name=\"description\" content=\"\u2765Buy Restylane Volyme Lidocaine - 1 x 1ml \u23e9 My Lip Filler online store \u27a6 Quality assurance, reviews, ingredients, best prices!\" \/>\n<meta name=\"robots\" content=\"index, follow, max-snippet:-1, max-image-preview:large, max-video-preview:-1\" \/>\n<link rel=\"canonical\" href=\"https:\/\/mylipfiller.com\/es\/restylane-volyme-lidocaine-1-x-1ml\/\" \/>\n<meta property=\"og:locale\" content=\"es_MX\" \/>\n<meta property=\"og:type\" content=\"article\" \/>\n<meta property=\"og:title\" content=\"Buy Restylane Volyme Lidocaine - 1 x 1ml - Fillers from My Lip Filler\" \/>\n<meta property=\"og:description\" content=\"\u2765Buy Restylane Volyme Lidocaine - 1 x 1ml \u23e9 My Lip Filler online store \u27a6 Quality assurance, reviews, ingredients, best prices!\" \/>\n<meta property=\"og:url\" content=\"https:\/\/mylipfiller.com\/es\/restylane-volyme-lidocaine-1-x-1ml\/\" \/>\n<meta property=\"og:site_name\" content=\"My Lip Filler\" \/>\n<meta property=\"article:modified_time\" content=\"2024-03-08T16:35:40+00:00\" \/>\n<meta property=\"og:image\" content=\"https:\/\/cdn.mylipfiller.com\/wp-content\/uploads\/2020\/11\/Restylane-Volyme.jpg\" \/>\n\t<meta property=\"og:image:width\" content=\"600\" \/>\n\t<meta property=\"og:image:height\" content=\"600\" \/>\n\t<meta property=\"og:image:type\" content=\"image\/jpeg\" \/>\n<meta name=\"twitter:card\" content=\"summary_large_image\" \/>\n<meta name=\"twitter:label1\" content=\"Tiempo de lectura\" \/>\n\t<meta name=\"twitter:data1\" content=\"2 minutos\" \/>\n<script type=\"application\/ld+json\" class=\"yoast-schema-graph\">{\"@context\":\"https:\/\/schema.org\",\"@graph\":[{\"@type\":\"WebPage\",\"@id\":\"https:\/\/mylipfiller.com\/restylane-volyme-lidocaine-1-x-1ml\/\",\"url\":\"https:\/\/mylipfiller.com\/restylane-volyme-lidocaine-1-x-1ml\/\",\"name\":\"Buy Restylane Volyme Lidocaine - 1 x 1ml - Fillers from My Lip Filler\",\"isPartOf\":{\"@id\":\"https:\/\/mylipfiller.com\/#website\"},\"primaryImageOfPage\":{\"@id\":\"https:\/\/mylipfiller.com\/restylane-volyme-lidocaine-1-x-1ml\/#primaryimage\"},\"image\":{\"@id\":\"https:\/\/mylipfiller.com\/restylane-volyme-lidocaine-1-x-1ml\/#primaryimage\"},\"thumbnailUrl\":\"https:\/\/cdn.mylipfiller.com\/wp-content\/uploads\/2020\/11\/Restylane-Volyme.jpg\",\"datePublished\":\"2020-11-17T21:07:38+00:00\",\"dateModified\":\"2024-03-08T16:35:40+00:00\",\"description\":\"\u2765Buy Restylane Volyme Lidocaine - 1 x 1ml \u23e9 My Lip Filler online store \u27a6 Quality assurance, reviews, ingredients, best prices!\",\"breadcrumb\":{\"@id\":\"https:\/\/mylipfiller.com\/restylane-volyme-lidocaine-1-x-1ml\/#breadcrumb\"},\"inLanguage\":\"es\",\"potentialAction\":[{\"@type\":\"ReadAction\",\"target\":[\"https:\/\/mylipfiller.com\/restylane-volyme-lidocaine-1-x-1ml\/\"]}]},{\"@type\":\"ImageObject\",\"inLanguage\":\"es\",\"@id\":\"https:\/\/mylipfiller.com\/restylane-volyme-lidocaine-1-x-1ml\/#primaryimage\",\"url\":\"https:\/\/cdn.mylipfiller.com\/wp-content\/uploads\/2020\/11\/Restylane-Volyme.jpg\",\"contentUrl\":\"https:\/\/cdn.mylipfiller.com\/wp-content\/uploads\/2020\/11\/Restylane-Volyme.jpg\",\"width\":600,\"height\":600,\"caption\":\"Restylane Volyme\"},{\"@type\":\"BreadcrumbList\",\"@id\":\"https:\/\/mylipfiller.com\/restylane-volyme-lidocaine-1-x-1ml\/#breadcrumb\",\"itemListElement\":[{\"@type\":\"ListItem\",\"position\":1,\"name\":\"Home\",\"item\":\"https:\/\/mylipfiller.com\/\"},{\"@type\":\"ListItem\",\"position\":2,\"name\":\"Shop\",\"item\":\"https:\/\/mylipfiller.com\/shop\/\"},{\"@type\":\"ListItem\",\"position\":3,\"name\":\"Restylane Volyme Lidocaine &#8211; 1 x 1ml\"}]},{\"@type\":\"WebSite\",\"@id\":\"https:\/\/mylipfiller.com\/#website\",\"url\":\"https:\/\/mylipfiller.com\/\",\"name\":\"My Lip Filler\",\"description\":\"Hyaluronic Acid Lip and Dermal Fillers\",\"publisher\":{\"@id\":\"https:\/\/mylipfiller.com\/#organization\"},\"potentialAction\":[{\"@type\":\"SearchAction\",\"target\":{\"@type\":\"EntryPoint\",\"urlTemplate\":\"https:\/\/mylipfiller.com\/?s={search_term_string}\"},\"query-input\":{\"@type\":\"PropertyValueSpecification\",\"valueRequired\":true,\"valueName\":\"search_term_string\"}}],\"inLanguage\":\"es\"},{\"@type\":\"Organization\",\"@id\":\"https:\/\/mylipfiller.com\/#organization\",\"name\":\"My Lip Filler\",\"url\":\"https:\/\/mylipfiller.com\/\",\"logo\":{\"@type\":\"ImageObject\",\"inLanguage\":\"es\",\"@id\":\"https:\/\/mylipfiller.com\/#\/schema\/logo\/image\/\",\"url\":\"https:\/\/cdn.mylipfiller.com\/wp-content\/uploads\/2019\/02\/cropped-My-Lip-Filler-Logo.png\",\"contentUrl\":\"https:\/\/cdn.mylipfiller.com\/wp-content\/uploads\/2019\/02\/cropped-My-Lip-Filler-Logo.png\",\"width\":240,\"height\":88,\"caption\":\"My Lip Filler\"},\"image\":{\"@id\":\"https:\/\/mylipfiller.com\/#\/schema\/logo\/image\/\"}}]}<\/script>\n<!-- \/ Yoast SEO plugin. -->","yoast_head_json":{"title":"Compre Restylane Volyme Lidoca\u00edna - 1 x 1 ml - Rellenos de My Lip Filler","description":"\u2765Compre Restylane Volyme Lidoca\u00edna - 1 x 1ml \u23e9 Tienda online My Lip Filler \u27a6 Garant\u00eda de calidad, rese\u00f1as, ingredientes, \u00a1los mejores precios!","robots":{"index":"index","follow":"follow","max-snippet":"max-snippet:-1","max-image-preview":"max-image-preview:large","max-video-preview":"max-video-preview:-1"},"canonical":"https:\/\/mylipfiller.com\/es\/restylane-volyme-lidocaine-1-x-1ml\/","og_locale":"es_MX","og_type":"article","og_title":"Buy Restylane Volyme Lidocaine - 1 x 1ml - Fillers from My Lip Filler","og_description":"\u2765Buy Restylane Volyme Lidocaine - 1 x 1ml \u23e9 My Lip Filler online store \u27a6 Quality assurance, reviews, ingredients, best prices!","og_url":"https:\/\/mylipfiller.com\/es\/restylane-volyme-lidocaine-1-x-1ml\/","og_site_name":"My Lip Filler","article_modified_time":"2024-03-08T16:35:40+00:00","og_image":[{"width":600,"height":600,"url":"https:\/\/cdn.mylipfiller.com\/wp-content\/uploads\/2020\/11\/Restylane-Volyme.jpg","type":"image\/jpeg"}],"twitter_card":"summary_large_image","twitter_misc":{"Tiempo de lectura":"2 minutos"},"schema":{"@context":"https:\/\/schema.org","@graph":[{"@type":"WebPage","@id":"https:\/\/mylipfiller.com\/restylane-volyme-lidocaine-1-x-1ml\/","url":"https:\/\/mylipfiller.com\/restylane-volyme-lidocaine-1-x-1ml\/","name":"Compre Restylane Volyme Lidoca\u00edna - 1 x 1 ml - Rellenos de My Lip Filler","isPartOf":{"@id":"https:\/\/mylipfiller.com\/#website"},"primaryImageOfPage":{"@id":"https:\/\/mylipfiller.com\/restylane-volyme-lidocaine-1-x-1ml\/#primaryimage"},"image":{"@id":"https:\/\/mylipfiller.com\/restylane-volyme-lidocaine-1-x-1ml\/#primaryimage"},"thumbnailUrl":"https:\/\/cdn.mylipfiller.com\/wp-content\/uploads\/2020\/11\/Restylane-Volyme.jpg","datePublished":"2020-11-17T21:07:38+00:00","dateModified":"2024-03-08T16:35:40+00:00","description":"\u2765Compre Restylane Volyme Lidoca\u00edna - 1 x 1ml \u23e9 Tienda online My Lip Filler \u27a6 Garant\u00eda de calidad, rese\u00f1as, ingredientes, \u00a1los mejores precios!","breadcrumb":{"@id":"https:\/\/mylipfiller.com\/restylane-volyme-lidocaine-1-x-1ml\/#breadcrumb"},"inLanguage":"es","potentialAction":[{"@type":"ReadAction","target":["https:\/\/mylipfiller.com\/restylane-volyme-lidocaine-1-x-1ml\/"]}]},{"@type":"ImageObject","inLanguage":"es","@id":"https:\/\/mylipfiller.com\/restylane-volyme-lidocaine-1-x-1ml\/#primaryimage","url":"https:\/\/cdn.mylipfiller.com\/wp-content\/uploads\/2020\/11\/Restylane-Volyme.jpg","contentUrl":"https:\/\/cdn.mylipfiller.com\/wp-content\/uploads\/2020\/11\/Restylane-Volyme.jpg","width":600,"height":600,"caption":"Restylane Volyme"},{"@type":"BreadcrumbList","@id":"https:\/\/mylipfiller.com\/restylane-volyme-lidocaine-1-x-1ml\/#breadcrumb","itemListElement":[{"@type":"ListItem","position":1,"name":"Home","item":"https:\/\/mylipfiller.com\/"},{"@type":"ListItem","position":2,"name":"Shop","item":"https:\/\/mylipfiller.com\/shop\/"},{"@type":"ListItem","position":3,"name":"Restylane Volyme Lidocaine &#8211; 1 x 1ml"}]},{"@type":"WebSite","@id":"https:\/\/mylipfiller.com\/#website","url":"https:\/\/mylipfiller.com\/","name":"Mi relleno de labios","description":"Rellenos d\u00e9rmicos y de labios con \u00e1cido hialur\u00f3nico","publisher":{"@id":"https:\/\/mylipfiller.com\/#organization"},"potentialAction":[{"@type":"SearchAction","target":{"@type":"EntryPoint","urlTemplate":"https:\/\/mylipfiller.com\/?s={search_term_string}"},"query-input":{"@type":"PropertyValueSpecification","valueRequired":true,"valueName":"search_term_string"}}],"inLanguage":"es"},{"@type":"Organization","@id":"https:\/\/mylipfiller.com\/#organization","name":"Mi relleno de labios","url":"https:\/\/mylipfiller.com\/","logo":{"@type":"ImageObject","inLanguage":"es","@id":"https:\/\/mylipfiller.com\/#\/schema\/logo\/image\/","url":"https:\/\/cdn.mylipfiller.com\/wp-content\/uploads\/2019\/02\/cropped-My-Lip-Filler-Logo.png","contentUrl":"https:\/\/cdn.mylipfiller.com\/wp-content\/uploads\/2019\/02\/cropped-My-Lip-Filler-Logo.png","width":240,"height":88,"caption":"My Lip Filler"},"image":{"@id":"https:\/\/mylipfiller.com\/#\/schema\/logo\/image\/"}}]}},"_links":{"self":[{"href":"https:\/\/mylipfiller.com\/es\/wp-json\/wp\/v2\/product\/21213","targetHints":{"allow":["GET"]}}],"collection":[{"href":"https:\/\/mylipfiller.com\/es\/wp-json\/wp\/v2\/product"}],"about":[{"href":"https:\/\/mylipfiller.com\/es\/wp-json\/wp\/v2\/types\/product"}],"wp:featuredmedia":[{"embeddable":true,"href":"https:\/\/mylipfiller.com\/es\/wp-json\/wp\/v2\/media\/21220"}],"wp:attachment":[{"href":"https:\/\/mylipfiller.com\/es\/wp-json\/wp\/v2\/media?parent=21213"}],"wp:term":[{"taxonomy":"product_brand","embeddable":true,"href":"https:\/\/mylipfiller.com\/es\/wp-json\/wp\/v2\/product_brand?post=21213"},{"taxonomy":"product_cat","embeddable":true,"href":"https:\/\/mylipfiller.com\/es\/wp-json\/wp\/v2\/product_cat?post=21213"},{"taxonomy":"product_tag","embeddable":true,"href":"https:\/\/mylipfiller.com\/es\/wp-json\/wp\/v2\/product_tag?post=21213"}],"curies":[{"name":"gracias","href":"https:\/\/api.w.org\/{rel}","templated":true}]}}