{"id":21214,"date":"2020-11-17T23:07:49","date_gmt":"2020-11-17T21:07:49","guid":{"rendered":"https:\/\/mylipfiller.com\/?post_type=product&#038;p=21214"},"modified":"2024-07-03T17:33:06","modified_gmt":"2024-07-03T15:33:06","slug":"restylane-lyft-w-o-lidocaine-1-x-1ml","status":"publish","type":"product","link":"https:\/\/mylipfiller.com\/es\/restylane-lyft-w-o-lidocaine-1-x-1ml\/","title":{"rendered":"Restylane Lyft (sin lidoca\u00edna) - 1 x 1 ml"},"content":{"rendered":"<h3>Restylane Lyft: el primer relleno de HA del mundo aprobado por la FDA para rostro y manos<\/h3>\n<p>El producto tiene un efecto anti-envejecimiento inmediato que <em>dura alrededor de 6 a 9 meses<\/em>. Dado que presenta 20 mg \/ mL de HA en su f\u00f3rmula, este relleno d\u00e9rmico tiene una larga lista de acciones. Aquellos incluyen:<\/p>\n<ul>\n<li>Efecto lifting<\/li>\n<li>Hidrataci\u00f3n duradera de la piel<\/li>\n<li>Eliminaci\u00f3n de arrugas medias y profundas<\/li>\n<li>Remodelaci\u00f3n de los contornos faciales<\/li>\n<\/ul>\n<p>Adem\u00e1s de darle al rostro un aspecto m\u00e1s saludable y juvenil, la soluci\u00f3n tambi\u00e9n hace lo mismo con las manos. Por tanto, sirve como <strong>tratamiento antiarrugas integral<\/strong> que tiene como objetivo hacer retroceder las manecillas del tiempo.<\/p>\n<h3>Posibles efectos secundarios de los tratamientos<\/h3>\n<p>En comparaci\u00f3n con otros tipos de rellenos d\u00e9rmicos, este ofrece resultados inmediatos. Adem\u00e1s, es <em>no provoca efectos secundarios graves<\/em>. En cambio, algunos pacientes pueden experimentar s\u00edntomas leves como enrojecimiento, sensibilidad, hinchaz\u00f3n o hematomas. Estas reacciones ocurren solo alrededor de los puntos de inyecci\u00f3n y desaparecen en unos d\u00edas o solo unas horas despu\u00e9s del tratamiento.<\/p>\n<p>Por lo general, Restylane Lyft es seguro para casi todos los pacientes mayores de 21 a\u00f1os. A\u00fan as\u00ed, los cirujanos pl\u00e1sticos deben evitar tratar a personas que toman medicamentos anticoagulantes. Tambi\u00e9n el <strong>Relleno de \u00e1cido hialur\u00f3nico<\/strong> no es adecuado para mujeres embarazadas o en per\u00edodo de lactancia.<\/p>","protected":false},"excerpt":{"rendered":"<p>Restylane Lyft de Galderma es el primer mundo aprobado por la FDA <u>Relleno HA para rostro y manos<\/u>. Anteriormente conocido como Perlane, este producto tiene un efecto anti-envejecimiento cuando se aplica en el dorso de las manos, ya que reduce la aparici\u00f3n de venas y arrugas all\u00ed. Cuando se usa en el rostro, corrige arrugas y pliegues de moderados a severos. Adem\u00e1s, puede agregar plenitud a las mejillas y tratar las deficiencias del contorno causadas por el proceso natural de envejecimiento.<\/p>","protected":false},"featured_media":21219,"template":"","meta":{"_acf_changed":false},"product_brand":[],"product_cat":[34,75],"product_tag":[123,72,130,111,118,151,141,142,110,122,124],"class_list":{"0":"post-21214","1":"product","2":"type-product","3":"status-publish","4":"has-post-thumbnail","6":"product_cat-hard","7":"product_cat-restylane","8":"product_tag-asymmetry","9":"product_tag-backorder","10":"product_tag-cheek-volume","11":"product_tag-face","12":"product_tag-high-density","13":"product_tag-hyaluronic-acid-ha-fillers","14":"product_tag-lifting","15":"product_tag-modeling","16":"product_tag-temple","17":"product_tag-up-to-18-months","18":"product_tag-volume","20":"first","21":"outofstock","22":"taxable","23":"shipping-taxable","24":"purchasable","25":"product-type-simple"},"acf":[],"yoast_head":"<!-- This site is optimized with the Yoast SEO plugin v27.2 - https:\/\/yoast.com\/product\/yoast-seo-wordpress\/ -->\n<title>Buy Restylane Lyft (w\/o Lidocaine) - 1 x 1ml - Fillers from My Lip Filler<\/title>\n<meta name=\"description\" content=\"\u2765Buy Restylane Lyft (w\/o Lidocaine) - 1 x 1ml \u23e9 My Lip Filler online store \u27a6 Quality assurance, reviews, ingredients, best prices!\" \/>\n<meta name=\"robots\" content=\"index, follow, max-snippet:-1, max-image-preview:large, max-video-preview:-1\" \/>\n<link rel=\"canonical\" href=\"https:\/\/mylipfiller.com\/es\/restylane-lyft-w-o-lidocaine-1-x-1ml\/\" \/>\n<meta property=\"og:locale\" content=\"es_MX\" \/>\n<meta property=\"og:type\" content=\"article\" \/>\n<meta property=\"og:title\" content=\"Buy Restylane Lyft (w\/o Lidocaine) - 1 x 1ml - Fillers from My Lip Filler\" \/>\n<meta property=\"og:description\" content=\"\u2765Buy Restylane Lyft (w\/o Lidocaine) - 1 x 1ml \u23e9 My Lip Filler online store \u27a6 Quality assurance, reviews, ingredients, best prices!\" \/>\n<meta property=\"og:url\" content=\"https:\/\/mylipfiller.com\/es\/restylane-lyft-w-o-lidocaine-1-x-1ml\/\" \/>\n<meta property=\"og:site_name\" content=\"My Lip Filler\" \/>\n<meta property=\"article:modified_time\" content=\"2024-07-03T15:33:06+00:00\" \/>\n<meta property=\"og:image\" content=\"https:\/\/cdn.mylipfiller.com\/wp-content\/uploads\/2020\/11\/Restylane-Lyft.jpg\" \/>\n\t<meta property=\"og:image:width\" content=\"600\" \/>\n\t<meta property=\"og:image:height\" content=\"600\" \/>\n\t<meta property=\"og:image:type\" content=\"image\/jpeg\" \/>\n<meta name=\"twitter:card\" content=\"summary_large_image\" \/>\n<meta name=\"twitter:label1\" content=\"Tiempo de lectura\" \/>\n\t<meta name=\"twitter:data1\" content=\"2 minutos\" \/>\n<script type=\"application\/ld+json\" class=\"yoast-schema-graph\">{\"@context\":\"https:\/\/schema.org\",\"@graph\":[{\"@type\":\"WebPage\",\"@id\":\"https:\/\/mylipfiller.com\/restylane-lyft-w-o-lidocaine-1-x-1ml\/\",\"url\":\"https:\/\/mylipfiller.com\/restylane-lyft-w-o-lidocaine-1-x-1ml\/\",\"name\":\"Buy Restylane Lyft (w\/o Lidocaine) - 1 x 1ml - Fillers from My Lip Filler\",\"isPartOf\":{\"@id\":\"https:\/\/mylipfiller.com\/#website\"},\"primaryImageOfPage\":{\"@id\":\"https:\/\/mylipfiller.com\/restylane-lyft-w-o-lidocaine-1-x-1ml\/#primaryimage\"},\"image\":{\"@id\":\"https:\/\/mylipfiller.com\/restylane-lyft-w-o-lidocaine-1-x-1ml\/#primaryimage\"},\"thumbnailUrl\":\"https:\/\/cdn.mylipfiller.com\/wp-content\/uploads\/2020\/11\/Restylane-Lyft.jpg\",\"datePublished\":\"2020-11-17T21:07:49+00:00\",\"dateModified\":\"2024-07-03T15:33:06+00:00\",\"description\":\"\u2765Buy Restylane Lyft (w\/o Lidocaine) - 1 x 1ml \u23e9 My Lip Filler online store \u27a6 Quality assurance, reviews, ingredients, best prices!\",\"breadcrumb\":{\"@id\":\"https:\/\/mylipfiller.com\/restylane-lyft-w-o-lidocaine-1-x-1ml\/#breadcrumb\"},\"inLanguage\":\"es\",\"potentialAction\":[{\"@type\":\"ReadAction\",\"target\":[\"https:\/\/mylipfiller.com\/restylane-lyft-w-o-lidocaine-1-x-1ml\/\"]}]},{\"@type\":\"ImageObject\",\"inLanguage\":\"es\",\"@id\":\"https:\/\/mylipfiller.com\/restylane-lyft-w-o-lidocaine-1-x-1ml\/#primaryimage\",\"url\":\"https:\/\/cdn.mylipfiller.com\/wp-content\/uploads\/2020\/11\/Restylane-Lyft.jpg\",\"contentUrl\":\"https:\/\/cdn.mylipfiller.com\/wp-content\/uploads\/2020\/11\/Restylane-Lyft.jpg\",\"width\":600,\"height\":600,\"caption\":\"Restylane Lyft\"},{\"@type\":\"BreadcrumbList\",\"@id\":\"https:\/\/mylipfiller.com\/restylane-lyft-w-o-lidocaine-1-x-1ml\/#breadcrumb\",\"itemListElement\":[{\"@type\":\"ListItem\",\"position\":1,\"name\":\"Home\",\"item\":\"https:\/\/mylipfiller.com\/\"},{\"@type\":\"ListItem\",\"position\":2,\"name\":\"Shop\",\"item\":\"https:\/\/mylipfiller.com\/shop\/\"},{\"@type\":\"ListItem\",\"position\":3,\"name\":\"Restylane Lyft (w\/o Lidocaine) &#8211; 1 x 1ml\"}]},{\"@type\":\"WebSite\",\"@id\":\"https:\/\/mylipfiller.com\/#website\",\"url\":\"https:\/\/mylipfiller.com\/\",\"name\":\"My Lip Filler\",\"description\":\"Hyaluronic Acid Lip and Dermal Fillers\",\"publisher\":{\"@id\":\"https:\/\/mylipfiller.com\/#organization\"},\"potentialAction\":[{\"@type\":\"SearchAction\",\"target\":{\"@type\":\"EntryPoint\",\"urlTemplate\":\"https:\/\/mylipfiller.com\/?s={search_term_string}\"},\"query-input\":{\"@type\":\"PropertyValueSpecification\",\"valueRequired\":true,\"valueName\":\"search_term_string\"}}],\"inLanguage\":\"es\"},{\"@type\":\"Organization\",\"@id\":\"https:\/\/mylipfiller.com\/#organization\",\"name\":\"My Lip Filler\",\"url\":\"https:\/\/mylipfiller.com\/\",\"logo\":{\"@type\":\"ImageObject\",\"inLanguage\":\"es\",\"@id\":\"https:\/\/mylipfiller.com\/#\/schema\/logo\/image\/\",\"url\":\"https:\/\/cdn.mylipfiller.com\/wp-content\/uploads\/2019\/02\/cropped-My-Lip-Filler-Logo.png\",\"contentUrl\":\"https:\/\/cdn.mylipfiller.com\/wp-content\/uploads\/2019\/02\/cropped-My-Lip-Filler-Logo.png\",\"width\":240,\"height\":88,\"caption\":\"My Lip Filler\"},\"image\":{\"@id\":\"https:\/\/mylipfiller.com\/#\/schema\/logo\/image\/\"}}]}<\/script>\n<!-- \/ Yoast SEO plugin. -->","yoast_head_json":{"title":"Compre Restylane Lyft (sin lidoca\u00edna) - 1 x 1 ml - Rellenos de My Lip Filler","description":"\u2765Compre Restylane Lyft (sin lidoca\u00edna) - 1 x 1 ml \u23e9 Tienda online My Lip Filler \u27a6 Garant\u00eda de calidad, rese\u00f1as, ingredientes, \u00a1los mejores precios!","robots":{"index":"index","follow":"follow","max-snippet":"max-snippet:-1","max-image-preview":"max-image-preview:large","max-video-preview":"max-video-preview:-1"},"canonical":"https:\/\/mylipfiller.com\/es\/restylane-lyft-w-o-lidocaine-1-x-1ml\/","og_locale":"es_MX","og_type":"article","og_title":"Buy Restylane Lyft (w\/o Lidocaine) - 1 x 1ml - Fillers from My Lip Filler","og_description":"\u2765Buy Restylane Lyft (w\/o Lidocaine) - 1 x 1ml \u23e9 My Lip Filler online store \u27a6 Quality assurance, reviews, ingredients, best prices!","og_url":"https:\/\/mylipfiller.com\/es\/restylane-lyft-w-o-lidocaine-1-x-1ml\/","og_site_name":"My Lip Filler","article_modified_time":"2024-07-03T15:33:06+00:00","og_image":[{"width":600,"height":600,"url":"https:\/\/cdn.mylipfiller.com\/wp-content\/uploads\/2020\/11\/Restylane-Lyft.jpg","type":"image\/jpeg"}],"twitter_card":"summary_large_image","twitter_misc":{"Tiempo de lectura":"2 minutos"},"schema":{"@context":"https:\/\/schema.org","@graph":[{"@type":"WebPage","@id":"https:\/\/mylipfiller.com\/restylane-lyft-w-o-lidocaine-1-x-1ml\/","url":"https:\/\/mylipfiller.com\/restylane-lyft-w-o-lidocaine-1-x-1ml\/","name":"Compre Restylane Lyft (sin lidoca\u00edna) - 1 x 1 ml - Rellenos de My Lip Filler","isPartOf":{"@id":"https:\/\/mylipfiller.com\/#website"},"primaryImageOfPage":{"@id":"https:\/\/mylipfiller.com\/restylane-lyft-w-o-lidocaine-1-x-1ml\/#primaryimage"},"image":{"@id":"https:\/\/mylipfiller.com\/restylane-lyft-w-o-lidocaine-1-x-1ml\/#primaryimage"},"thumbnailUrl":"https:\/\/cdn.mylipfiller.com\/wp-content\/uploads\/2020\/11\/Restylane-Lyft.jpg","datePublished":"2020-11-17T21:07:49+00:00","dateModified":"2024-07-03T15:33:06+00:00","description":"\u2765Compre Restylane Lyft (sin lidoca\u00edna) - 1 x 1 ml \u23e9 Tienda online My Lip Filler \u27a6 Garant\u00eda de calidad, rese\u00f1as, ingredientes, \u00a1los mejores precios!","breadcrumb":{"@id":"https:\/\/mylipfiller.com\/restylane-lyft-w-o-lidocaine-1-x-1ml\/#breadcrumb"},"inLanguage":"es","potentialAction":[{"@type":"ReadAction","target":["https:\/\/mylipfiller.com\/restylane-lyft-w-o-lidocaine-1-x-1ml\/"]}]},{"@type":"ImageObject","inLanguage":"es","@id":"https:\/\/mylipfiller.com\/restylane-lyft-w-o-lidocaine-1-x-1ml\/#primaryimage","url":"https:\/\/cdn.mylipfiller.com\/wp-content\/uploads\/2020\/11\/Restylane-Lyft.jpg","contentUrl":"https:\/\/cdn.mylipfiller.com\/wp-content\/uploads\/2020\/11\/Restylane-Lyft.jpg","width":600,"height":600,"caption":"Restylane Lyft"},{"@type":"BreadcrumbList","@id":"https:\/\/mylipfiller.com\/restylane-lyft-w-o-lidocaine-1-x-1ml\/#breadcrumb","itemListElement":[{"@type":"ListItem","position":1,"name":"Home","item":"https:\/\/mylipfiller.com\/"},{"@type":"ListItem","position":2,"name":"Shop","item":"https:\/\/mylipfiller.com\/shop\/"},{"@type":"ListItem","position":3,"name":"Restylane Lyft (w\/o Lidocaine) &#8211; 1 x 1ml"}]},{"@type":"WebSite","@id":"https:\/\/mylipfiller.com\/#website","url":"https:\/\/mylipfiller.com\/","name":"Mi relleno de labios","description":"Rellenos d\u00e9rmicos y de labios con \u00e1cido hialur\u00f3nico","publisher":{"@id":"https:\/\/mylipfiller.com\/#organization"},"potentialAction":[{"@type":"SearchAction","target":{"@type":"EntryPoint","urlTemplate":"https:\/\/mylipfiller.com\/?s={search_term_string}"},"query-input":{"@type":"PropertyValueSpecification","valueRequired":true,"valueName":"search_term_string"}}],"inLanguage":"es"},{"@type":"Organization","@id":"https:\/\/mylipfiller.com\/#organization","name":"Mi relleno de labios","url":"https:\/\/mylipfiller.com\/","logo":{"@type":"ImageObject","inLanguage":"es","@id":"https:\/\/mylipfiller.com\/#\/schema\/logo\/image\/","url":"https:\/\/cdn.mylipfiller.com\/wp-content\/uploads\/2019\/02\/cropped-My-Lip-Filler-Logo.png","contentUrl":"https:\/\/cdn.mylipfiller.com\/wp-content\/uploads\/2019\/02\/cropped-My-Lip-Filler-Logo.png","width":240,"height":88,"caption":"My Lip Filler"},"image":{"@id":"https:\/\/mylipfiller.com\/#\/schema\/logo\/image\/"}}]}},"_links":{"self":[{"href":"https:\/\/mylipfiller.com\/es\/wp-json\/wp\/v2\/product\/21214","targetHints":{"allow":["GET"]}}],"collection":[{"href":"https:\/\/mylipfiller.com\/es\/wp-json\/wp\/v2\/product"}],"about":[{"href":"https:\/\/mylipfiller.com\/es\/wp-json\/wp\/v2\/types\/product"}],"wp:featuredmedia":[{"embeddable":true,"href":"https:\/\/mylipfiller.com\/es\/wp-json\/wp\/v2\/media\/21219"}],"wp:attachment":[{"href":"https:\/\/mylipfiller.com\/es\/wp-json\/wp\/v2\/media?parent=21214"}],"wp:term":[{"taxonomy":"product_brand","embeddable":true,"href":"https:\/\/mylipfiller.com\/es\/wp-json\/wp\/v2\/product_brand?post=21214"},{"taxonomy":"product_cat","embeddable":true,"href":"https:\/\/mylipfiller.com\/es\/wp-json\/wp\/v2\/product_cat?post=21214"},{"taxonomy":"product_tag","embeddable":true,"href":"https:\/\/mylipfiller.com\/es\/wp-json\/wp\/v2\/product_tag?post=21214"}],"curies":[{"name":"gracias","href":"https:\/\/api.w.org\/{rel}","templated":true}]}}