{"id":21215,"date":"2020-11-17T23:07:58","date_gmt":"2020-11-17T21:07:58","guid":{"rendered":"https:\/\/mylipfiller.com\/?post_type=product&#038;p=21215"},"modified":"2023-11-06T15:24:42","modified_gmt":"2023-11-06T13:24:42","slug":"restylane-lyft-lidocaine-1-x-1ml","status":"publish","type":"product","link":"https:\/\/mylipfiller.com\/es\/restylane-lyft-lidocaine-1-x-1ml\/","title":{"rendered":"Restylane Lyft Lidoca\u00edna - 1 x 1 ml"},"content":{"rendered":"<h3>Un relleno m\u00e1s vendido para la mitad de la cara<\/h3>\n<p>Restylane Lyft Lidocaine es un gran relleno d\u00e9rmico que puede eliminar los signos de envejecimiento en la zona media de la cara. Por ejemplo, llenar\u00e1 las l\u00edneas de risa en un instante. Adem\u00e1s, el producto puede agregar volumen a las mejillas para mejorar el contorno general del rostro.<\/p>\n<p>El HA en la soluci\u00f3n utiliza <u>Tecnolog\u00eda NASHA de Galderma<\/u>. Como resultado, tiene m\u00e1s poder hidratante que la mayor\u00eda de los otros rellenos d\u00e9rmicos del mercado. Adem\u00e1s, es uno de los pocos productos de este tipo que puede corregir los problemas cosm\u00e9ticos en la cara y las manos.<\/p>\n<h3>Restylane Lyft Lidocaine - Protocolo de tratamiento<\/h3>\n<p>Para obtener resultados \u00f3ptimos, un cirujano pl\u00e1stico certificado por la junta debe realizar el procedimiento. Dado que el producto contiene un anest\u00e9sico local, los m\u00e9dicos no necesitan aplicar dicha sustancia antes del tratamiento. Entonces, esto significa una inyecci\u00f3n menos para los pacientes.<\/p>\n<p>En la mayor\u00eda de los casos, el producto se aplica en el subcutis superior o en la dermis profunda. Los m\u00e9dicos pueden confiar en <em>diferentes t\u00e9cnicas de inyecci\u00f3n<\/em> que incluye:<\/p>\n<ul>\n<li>Rayado transversal<\/li>\n<li>Punci\u00f3n en serie<\/li>\n<li>Roscado lineal<\/li>\n<\/ul>\n<p>Una vez que el relleno de HA est\u00e1 debajo de la piel, los m\u00e9dicos pueden masajear los puntos de tratamiento. Al hacerlo, permitir\u00e1n que el gel se disperse uniformemente.<\/p>\n<p>En su mayor parte, el <strong>efectos anti-envejecimiento de Restylane Lyft Lidocaine<\/strong> durar de 6 a 9 meses. Si los pacientes desean mantener los resultados, pueden someterse a un procedimiento de seguimiento unos meses despu\u00e9s del primero.<\/p>","protected":false},"excerpt":{"rendered":"<p>Restylane Lyft Lidocaine es un relleno d\u00e9rmico que contiene <em>\u00e1cido hialur\u00f3nico no reticulado<\/em> de origen no animal. El producto (anteriormente conocido como Perlane) <strong>suaviza las arrugas moderadas y severas<\/strong> como l\u00edneas de sonrisa. Adem\u00e1s, corrige otros signos del envejecimiento como las deficiencias del contorno de la zona media del rostro. Un tratamiento con esta soluci\u00f3n es indoloro y los resultados que ofrece son instant\u00e1neos, duraderos y de apariencia natural.<\/p>","protected":false},"featured_media":21218,"template":"","meta":{"_acf_changed":false},"product_brand":[],"product_cat":[89,34,75],"product_tag":[90,123,130,111,118,151,141,142,110,122,124,116],"class_list":{"0":"post-21215","1":"product","2":"type-product","3":"status-publish","4":"has-post-thumbnail","6":"product_cat-big-holiday-sale","7":"product_cat-hard","8":"product_cat-restylane","9":"product_tag-90","10":"product_tag-asymmetry","11":"product_tag-cheek-volume","12":"product_tag-face","13":"product_tag-high-density","14":"product_tag-hyaluronic-acid-ha-fillers","15":"product_tag-lifting","16":"product_tag-modeling","17":"product_tag-temple","18":"product_tag-up-to-18-months","19":"product_tag-volume","20":"product_tag-with-lidocaine","22":"first","23":"instock","24":"taxable","25":"shipping-taxable","26":"purchasable","27":"product-type-simple"},"acf":[],"yoast_head":"<!-- This site is optimized with the Yoast SEO plugin v27.4 - https:\/\/yoast.com\/product\/yoast-seo-wordpress\/ -->\n<title>Buy Restylane Lyft Lidocaine - 1 x 1ml - Fillers from My Lip Filler<\/title>\n<meta name=\"description\" content=\"Restylane Lyft Lidocaine is an HA filler that rejuvenates the hands. Also, Restylane Lyft Lidocaine removes deep facial folds and adds fullness to the cheeks.\" \/>\n<meta name=\"robots\" content=\"index, follow, max-snippet:-1, max-image-preview:large, max-video-preview:-1\" \/>\n<link rel=\"canonical\" href=\"https:\/\/mylipfiller.com\/es\/restylane-lyft-lidocaine-1-x-1ml\/\" \/>\n<meta property=\"og:locale\" content=\"es_MX\" \/>\n<meta property=\"og:type\" content=\"article\" \/>\n<meta property=\"og:title\" content=\"Buy Restylane Lyft Lidocaine - 1 x 1ml - Fillers from My Lip Filler\" \/>\n<meta property=\"og:description\" content=\"Restylane Lyft Lidocaine is an HA filler that rejuvenates the hands. Also, Restylane Lyft Lidocaine removes deep facial folds and adds fullness to the cheeks.\" \/>\n<meta property=\"og:url\" content=\"https:\/\/mylipfiller.com\/es\/restylane-lyft-lidocaine-1-x-1ml\/\" \/>\n<meta property=\"og:site_name\" content=\"My Lip Filler\" \/>\n<meta property=\"article:modified_time\" content=\"2023-11-06T13:24:42+00:00\" \/>\n<meta property=\"og:image\" content=\"https:\/\/cdn.mylipfiller.com\/wp-content\/uploads\/2020\/11\/Restylane-Lyft-Lidocaine.jpg\" \/>\n\t<meta property=\"og:image:width\" content=\"600\" \/>\n\t<meta property=\"og:image:height\" content=\"600\" \/>\n\t<meta property=\"og:image:type\" content=\"image\/jpeg\" \/>\n<meta name=\"twitter:card\" content=\"summary_large_image\" \/>\n<meta name=\"twitter:label1\" content=\"Tiempo de lectura\" \/>\n\t<meta name=\"twitter:data1\" content=\"1 minuto\" \/>\n<script type=\"application\/ld+json\" class=\"yoast-schema-graph\">{\"@context\":\"https:\\\/\\\/schema.org\",\"@graph\":[{\"@type\":\"WebPage\",\"@id\":\"https:\\\/\\\/mylipfiller.com\\\/restylane-lyft-lidocaine-1-x-1ml\\\/\",\"url\":\"https:\\\/\\\/mylipfiller.com\\\/restylane-lyft-lidocaine-1-x-1ml\\\/\",\"name\":\"Buy Restylane Lyft Lidocaine - 1 x 1ml - Fillers from My Lip Filler\",\"isPartOf\":{\"@id\":\"https:\\\/\\\/mylipfiller.com\\\/#website\"},\"primaryImageOfPage\":{\"@id\":\"https:\\\/\\\/mylipfiller.com\\\/restylane-lyft-lidocaine-1-x-1ml\\\/#primaryimage\"},\"image\":{\"@id\":\"https:\\\/\\\/mylipfiller.com\\\/restylane-lyft-lidocaine-1-x-1ml\\\/#primaryimage\"},\"thumbnailUrl\":\"https:\\\/\\\/mylipfiller.com\\\/wp-content\\\/uploads\\\/2020\\\/11\\\/Restylane-Lyft-Lidocaine.jpg\",\"datePublished\":\"2020-11-17T21:07:58+00:00\",\"dateModified\":\"2023-11-06T13:24:42+00:00\",\"description\":\"Restylane Lyft Lidocaine is an HA filler that rejuvenates the hands. Also, Restylane Lyft Lidocaine removes deep facial folds and adds fullness to the cheeks.\",\"breadcrumb\":{\"@id\":\"https:\\\/\\\/mylipfiller.com\\\/restylane-lyft-lidocaine-1-x-1ml\\\/#breadcrumb\"},\"inLanguage\":\"es\",\"potentialAction\":[{\"@type\":\"ReadAction\",\"target\":[\"https:\\\/\\\/mylipfiller.com\\\/restylane-lyft-lidocaine-1-x-1ml\\\/\"]}]},{\"@type\":\"ImageObject\",\"inLanguage\":\"es\",\"@id\":\"https:\\\/\\\/mylipfiller.com\\\/restylane-lyft-lidocaine-1-x-1ml\\\/#primaryimage\",\"url\":\"https:\\\/\\\/mylipfiller.com\\\/wp-content\\\/uploads\\\/2020\\\/11\\\/Restylane-Lyft-Lidocaine.jpg\",\"contentUrl\":\"https:\\\/\\\/mylipfiller.com\\\/wp-content\\\/uploads\\\/2020\\\/11\\\/Restylane-Lyft-Lidocaine.jpg\",\"width\":600,\"height\":600,\"caption\":\"Restylane Lyft Lidocaine\"},{\"@type\":\"BreadcrumbList\",\"@id\":\"https:\\\/\\\/mylipfiller.com\\\/restylane-lyft-lidocaine-1-x-1ml\\\/#breadcrumb\",\"itemListElement\":[{\"@type\":\"ListItem\",\"position\":1,\"name\":\"Home\",\"item\":\"https:\\\/\\\/mylipfiller.com\\\/\"},{\"@type\":\"ListItem\",\"position\":2,\"name\":\"Shop\",\"item\":\"https:\\\/\\\/mylipfiller.com\\\/shop\\\/\"},{\"@type\":\"ListItem\",\"position\":3,\"name\":\"Restylane Lyft Lidocaine &#8211; 1 x 1ml\"}]},{\"@type\":\"WebSite\",\"@id\":\"https:\\\/\\\/mylipfiller.com\\\/#website\",\"url\":\"https:\\\/\\\/mylipfiller.com\\\/\",\"name\":\"My Lip Filler\",\"description\":\"Hyaluronic Acid Lip and Dermal Fillers\",\"publisher\":{\"@id\":\"https:\\\/\\\/mylipfiller.com\\\/#organization\"},\"potentialAction\":[{\"@type\":\"SearchAction\",\"target\":{\"@type\":\"EntryPoint\",\"urlTemplate\":\"https:\\\/\\\/mylipfiller.com\\\/?s={search_term_string}\"},\"query-input\":{\"@type\":\"PropertyValueSpecification\",\"valueRequired\":true,\"valueName\":\"search_term_string\"}}],\"inLanguage\":\"es\"},{\"@type\":\"Organization\",\"@id\":\"https:\\\/\\\/mylipfiller.com\\\/#organization\",\"name\":\"My Lip Filler\",\"url\":\"https:\\\/\\\/mylipfiller.com\\\/\",\"logo\":{\"@type\":\"ImageObject\",\"inLanguage\":\"es\",\"@id\":\"https:\\\/\\\/mylipfiller.com\\\/#\\\/schema\\\/logo\\\/image\\\/\",\"url\":\"https:\\\/\\\/mylipfiller.com\\\/wp-content\\\/uploads\\\/2019\\\/02\\\/cropped-My-Lip-Filler-Logo.png\",\"contentUrl\":\"https:\\\/\\\/mylipfiller.com\\\/wp-content\\\/uploads\\\/2019\\\/02\\\/cropped-My-Lip-Filler-Logo.png\",\"width\":240,\"height\":88,\"caption\":\"My Lip Filler\"},\"image\":{\"@id\":\"https:\\\/\\\/mylipfiller.com\\\/#\\\/schema\\\/logo\\\/image\\\/\"}}]}<\/script>\n<!-- \/ Yoast SEO plugin. -->","yoast_head_json":{"title":"Compre Restylane Lyft Lidoca\u00edna - 1 x 1 ml - Rellenos de My Lip Filler","description":"Restylane Lyft Lidocaine es un relleno HA que rejuvenece las manos. Adem\u00e1s, Restylane Lyft Lidocaine elimina los pliegues faciales profundos y agrega plenitud a las mejillas.","robots":{"index":"index","follow":"follow","max-snippet":"max-snippet:-1","max-image-preview":"max-image-preview:large","max-video-preview":"max-video-preview:-1"},"canonical":"https:\/\/mylipfiller.com\/es\/restylane-lyft-lidocaine-1-x-1ml\/","og_locale":"es_MX","og_type":"article","og_title":"Buy Restylane Lyft Lidocaine - 1 x 1ml - Fillers from My Lip Filler","og_description":"Restylane Lyft Lidocaine is an HA filler that rejuvenates the hands. Also, Restylane Lyft Lidocaine removes deep facial folds and adds fullness to the cheeks.","og_url":"https:\/\/mylipfiller.com\/es\/restylane-lyft-lidocaine-1-x-1ml\/","og_site_name":"My Lip Filler","article_modified_time":"2023-11-06T13:24:42+00:00","og_image":[{"width":600,"height":600,"url":"https:\/\/cdn.mylipfiller.com\/wp-content\/uploads\/2020\/11\/Restylane-Lyft-Lidocaine.jpg","type":"image\/jpeg"}],"twitter_card":"summary_large_image","twitter_misc":{"Tiempo de lectura":"1 minuto"},"schema":{"@context":"https:\/\/schema.org","@graph":[{"@type":"WebPage","@id":"https:\/\/mylipfiller.com\/restylane-lyft-lidocaine-1-x-1ml\/","url":"https:\/\/mylipfiller.com\/restylane-lyft-lidocaine-1-x-1ml\/","name":"Compre Restylane Lyft Lidoca\u00edna - 1 x 1 ml - Rellenos de My Lip Filler","isPartOf":{"@id":"https:\/\/mylipfiller.com\/#website"},"primaryImageOfPage":{"@id":"https:\/\/mylipfiller.com\/restylane-lyft-lidocaine-1-x-1ml\/#primaryimage"},"image":{"@id":"https:\/\/mylipfiller.com\/restylane-lyft-lidocaine-1-x-1ml\/#primaryimage"},"thumbnailUrl":"https:\/\/cdn.mylipfiller.com\/wp-content\/uploads\/2020\/11\/Restylane-Lyft-Lidocaine.jpg","datePublished":"2020-11-17T21:07:58+00:00","dateModified":"2023-11-06T13:24:42+00:00","description":"Restylane Lyft Lidocaine es un relleno HA que rejuvenece las manos. Adem\u00e1s, Restylane Lyft Lidocaine elimina los pliegues faciales profundos y agrega plenitud a las mejillas.","breadcrumb":{"@id":"https:\/\/mylipfiller.com\/restylane-lyft-lidocaine-1-x-1ml\/#breadcrumb"},"inLanguage":"es","potentialAction":[{"@type":"ReadAction","target":["https:\/\/mylipfiller.com\/restylane-lyft-lidocaine-1-x-1ml\/"]}]},{"@type":"ImageObject","inLanguage":"es","@id":"https:\/\/mylipfiller.com\/restylane-lyft-lidocaine-1-x-1ml\/#primaryimage","url":"https:\/\/cdn.mylipfiller.com\/wp-content\/uploads\/2020\/11\/Restylane-Lyft-Lidocaine.jpg","contentUrl":"https:\/\/cdn.mylipfiller.com\/wp-content\/uploads\/2020\/11\/Restylane-Lyft-Lidocaine.jpg","width":600,"height":600,"caption":"Restylane Lyft Lidocaine"},{"@type":"BreadcrumbList","@id":"https:\/\/mylipfiller.com\/restylane-lyft-lidocaine-1-x-1ml\/#breadcrumb","itemListElement":[{"@type":"ListItem","position":1,"name":"Home","item":"https:\/\/mylipfiller.com\/"},{"@type":"ListItem","position":2,"name":"Shop","item":"https:\/\/mylipfiller.com\/shop\/"},{"@type":"ListItem","position":3,"name":"Restylane Lyft Lidocaine &#8211; 1 x 1ml"}]},{"@type":"WebSite","@id":"https:\/\/mylipfiller.com\/#website","url":"https:\/\/mylipfiller.com\/","name":"Mi relleno de labios","description":"Rellenos d\u00e9rmicos y de labios con \u00e1cido hialur\u00f3nico","publisher":{"@id":"https:\/\/mylipfiller.com\/#organization"},"potentialAction":[{"@type":"SearchAction","target":{"@type":"EntryPoint","urlTemplate":"https:\/\/mylipfiller.com\/?s={search_term_string}"},"query-input":{"@type":"PropertyValueSpecification","valueRequired":true,"valueName":"search_term_string"}}],"inLanguage":"es"},{"@type":"Organization","@id":"https:\/\/mylipfiller.com\/#organization","name":"Mi relleno de labios","url":"https:\/\/mylipfiller.com\/","logo":{"@type":"ImageObject","inLanguage":"es","@id":"https:\/\/mylipfiller.com\/#\/schema\/logo\/image\/","url":"https:\/\/cdn.mylipfiller.com\/wp-content\/uploads\/2019\/02\/cropped-My-Lip-Filler-Logo.png","contentUrl":"https:\/\/cdn.mylipfiller.com\/wp-content\/uploads\/2019\/02\/cropped-My-Lip-Filler-Logo.png","width":240,"height":88,"caption":"My Lip Filler"},"image":{"@id":"https:\/\/mylipfiller.com\/#\/schema\/logo\/image\/"}}]}},"_links":{"self":[{"href":"https:\/\/mylipfiller.com\/es\/wp-json\/wp\/v2\/product\/21215","targetHints":{"allow":["GET"]}}],"collection":[{"href":"https:\/\/mylipfiller.com\/es\/wp-json\/wp\/v2\/product"}],"about":[{"href":"https:\/\/mylipfiller.com\/es\/wp-json\/wp\/v2\/types\/product"}],"wp:featuredmedia":[{"embeddable":true,"href":"https:\/\/mylipfiller.com\/es\/wp-json\/wp\/v2\/media\/21218"}],"wp:attachment":[{"href":"https:\/\/mylipfiller.com\/es\/wp-json\/wp\/v2\/media?parent=21215"}],"wp:term":[{"taxonomy":"product_brand","embeddable":true,"href":"https:\/\/mylipfiller.com\/es\/wp-json\/wp\/v2\/product_brand?post=21215"},{"taxonomy":"product_cat","embeddable":true,"href":"https:\/\/mylipfiller.com\/es\/wp-json\/wp\/v2\/product_cat?post=21215"},{"taxonomy":"product_tag","embeddable":true,"href":"https:\/\/mylipfiller.com\/es\/wp-json\/wp\/v2\/product_tag?post=21215"}],"curies":[{"name":"gracias","href":"https:\/\/api.w.org\/{rel}","templated":true}]}}