{"id":2206,"date":"2019-07-08T09:25:16","date_gmt":"2019-07-08T07:25:16","guid":{"rendered":"https:\/\/mylipfiller.com\/?post_type=product&#038;p=2206"},"modified":"2024-08-07T10:38:44","modified_gmt":"2024-08-07T08:38:44","slug":"hyaron-10-x-2-5ml","status":"publish","type":"product","link":"https:\/\/mylipfiller.com\/es\/hyaron-10-x-2-5ml\/","title":{"rendered":"Hyaron (10 x 2,5 ml)"},"content":{"rendered":"<p>Una caja de Hyaron viene con 10 jeringas precargadas de gel a base de hialuronato de sodio. En la superficie, parece muy similar a los rellenos de \u00e1cido hialur\u00f3nico y definitivamente hay muchos paralelismos. Sin embargo, la textura del gel inyectable de Hyaron es mucho m\u00e1s suave y tiene una fluidez notablemente mejor. Esto hace que el producto sea mucho m\u00e1s eficaz para tratar incluso las arrugas y l\u00edneas m\u00e1s finas de la piel.<\/p>\n<p>Adem\u00e1s, a diferencia de la mayor\u00eda de los rellenos para la piel, Hyaron, que se duplica como una soluci\u00f3n de mesoterapia completa, tambi\u00e9n contiene una serie de otros poderosos ingredientes activos que ayudan a la piel a rejuvenecer por completo. Los principales agentes en una sola jeringa son:<\/p>\n<ul>\n<li>Hialuronato de sodio - 20,0 mg<\/li>\n<li>Cloruro de sodio - 17,0 mg<\/li>\n<li>Fosfato de sodio monob\u00e1sico - 2H0 1,2 mg<\/li>\n<li>Agua para inyecci\u00f3n: hasta 2,0 ml<\/li>\n<\/ul>\n<h3>\u00bfPor qu\u00e9 Hyaron?<\/h3>\n<p>Si bien los rellenos d\u00e9rmicos basados en HA no son una nueva soluci\u00f3n cosm\u00e9tica disponible en el mercado, Hyaron ha estado disponible para m\u00e9dicos y expertos en belleza desde 1987. Durante m\u00e1s de tres d\u00e9cadas, este h\u00edbrido de mesoterapia \/ relleno ha demostrado una y otra vez que vale la pena cuando se trata de anti- tratamiento de la piel envejecida y rejuvenecimiento de la piel y mejora de la hidrataci\u00f3n.<\/p>\n<h3>\u00bfC\u00f3mo se usa?<\/h3>\n<p>El producto viene en una jeringa precargada de 2,5 ml. A diferencia de los rellenos de HA, el tratamiento de la piel con Hyaron es un proceso mucho m\u00e1s largo, que implica un tratamiento con una jeringa de producto cada semana impar del mes. Si bien las arrugas superficiales desaparecer\u00e1n con relativa rapidez, el efecto a largo plazo de suavidad y elasticidad mejoradas solo se puede lograr con una terapia extendida durante un per\u00edodo de varias semanas, para garantizar el m\u00e1ximo rejuvenecimiento de la piel.<\/p>","protected":false},"excerpt":{"rendered":"<p>Hyaron es un tipo especial de relleno d\u00e9rmico que est\u00e1 especialmente dise\u00f1ado para tener un efecto poderoso a corto y largo plazo en la piel del paciente. Como terapia anti-edad, esta es una soluci\u00f3n muy efectiva ya que el gel, una vez inyectado, ofrece la eliminaci\u00f3n inmediata de las arrugas superficiales y las l\u00edneas finas de la piel, pero lo que es m\u00e1s importante: a largo plazo, la piel est\u00e1 mucho mejor hidratada con el efecto notorio de volverse m\u00e1s lisa, m\u00e1s suave y con mucha mejor elasticidad. Todo esto es el resultado del ingrediente principal de Hyaron - Hialuronato de sodio, que convierte este producto de belleza en un poderoso h\u00edbrido de mesoterapia \/ relleno.<\/p>","protected":false},"featured_media":2209,"template":"","meta":{"_acf_changed":false},"product_brand":[],"product_cat":[168,46,18,32],"product_tag":[138,144,111,126,151,117,147,129,145,143,146,137,119,148,127],"class_list":{"0":"post-2206","1":"product","2":"type-product","3":"status-publish","4":"has-post-thumbnail","6":"product_cat-dongkook","7":"product_cat-hyaron","8":"product_cat-mesotherapy","9":"product_cat-soft","10":"product_tag-anti-aging","11":"product_tag-anti-wrinkle","12":"product_tag-face","13":"product_tag-fine-lines","14":"product_tag-hyaluronic-acid-ha-fillers","15":"product_tag-low-density","16":"product_tag-moisturizing","17":"product_tag-neck-wrinkles","18":"product_tag-nourishing","19":"product_tag-rejuvenating","20":"product_tag-smoothing","21":"product_tag-south-korea","22":"product_tag-up-to-9-months","23":"product_tag-upper-dermis","24":"product_tag-wrinkles-around-the-eyes","26":"first","27":"instock","28":"taxable","29":"shipping-taxable","30":"purchasable","31":"product-type-variable","32":"has-default-attributes"},"acf":[],"yoast_head":"<!-- This site is optimized with the Yoast SEO plugin v27.4 - https:\/\/yoast.com\/product\/yoast-seo-wordpress\/ -->\n<title>Hyaron - Buy Hyaron SkinBooster &amp; Enhance Your Glow at My Lip Filler<\/title>\n<meta name=\"description\" content=\"Shop Hyaron and Hyaron SkinBooster for radiant skin. Discover the best products and deals at My Lip Filler. Buy now to boost your skincare routine\" \/>\n<meta name=\"robots\" content=\"index, follow, max-snippet:-1, max-image-preview:large, max-video-preview:-1\" \/>\n<link rel=\"canonical\" href=\"https:\/\/mylipfiller.com\/es\/hyaron-10-x-2-5ml\/\" \/>\n<meta property=\"og:locale\" content=\"es_MX\" \/>\n<meta property=\"og:type\" content=\"article\" \/>\n<meta property=\"og:title\" content=\"Hyaron - Buy Hyaron SkinBooster &amp; Enhance Your Glow at My Lip Filler\" \/>\n<meta property=\"og:description\" content=\"Shop Hyaron and Hyaron SkinBooster for radiant skin. Discover the best products and deals at My Lip Filler. Buy now to boost your skincare routine\" \/>\n<meta property=\"og:url\" content=\"https:\/\/mylipfiller.com\/es\/hyaron-10-x-2-5ml\/\" \/>\n<meta property=\"og:site_name\" content=\"My Lip Filler\" \/>\n<meta property=\"article:modified_time\" content=\"2024-08-07T08:38:44+00:00\" \/>\n<meta property=\"og:image\" content=\"https:\/\/cdn.mylipfiller.com\/wp-content\/uploads\/2019\/07\/Hyaron.jpg\" \/>\n\t<meta property=\"og:image:width\" content=\"600\" \/>\n\t<meta property=\"og:image:height\" content=\"600\" \/>\n\t<meta property=\"og:image:type\" content=\"image\/jpeg\" \/>\n<meta name=\"twitter:card\" content=\"summary_large_image\" \/>\n<meta name=\"twitter:label1\" content=\"Tiempo de lectura\" \/>\n\t<meta name=\"twitter:data1\" content=\"2 minutos\" \/>\n<script type=\"application\/ld+json\" class=\"yoast-schema-graph\">{\"@context\":\"https:\\\/\\\/schema.org\",\"@graph\":[{\"@type\":\"WebPage\",\"@id\":\"https:\\\/\\\/mylipfiller.com\\\/hyaron-10-x-2-5ml\\\/\",\"url\":\"https:\\\/\\\/mylipfiller.com\\\/hyaron-10-x-2-5ml\\\/\",\"name\":\"Hyaron - Buy Hyaron SkinBooster & Enhance Your Glow at My Lip Filler\",\"isPartOf\":{\"@id\":\"https:\\\/\\\/mylipfiller.com\\\/#website\"},\"primaryImageOfPage\":{\"@id\":\"https:\\\/\\\/mylipfiller.com\\\/hyaron-10-x-2-5ml\\\/#primaryimage\"},\"image\":{\"@id\":\"https:\\\/\\\/mylipfiller.com\\\/hyaron-10-x-2-5ml\\\/#primaryimage\"},\"thumbnailUrl\":\"https:\\\/\\\/mylipfiller.com\\\/wp-content\\\/uploads\\\/2019\\\/07\\\/Hyaron.jpg\",\"datePublished\":\"2019-07-08T07:25:16+00:00\",\"dateModified\":\"2024-08-07T08:38:44+00:00\",\"description\":\"Shop Hyaron and Hyaron SkinBooster for radiant skin. Discover the best products and deals at My Lip Filler. Buy now to boost your skincare routine\",\"breadcrumb\":{\"@id\":\"https:\\\/\\\/mylipfiller.com\\\/hyaron-10-x-2-5ml\\\/#breadcrumb\"},\"inLanguage\":\"es\",\"potentialAction\":[{\"@type\":\"ReadAction\",\"target\":[\"https:\\\/\\\/mylipfiller.com\\\/hyaron-10-x-2-5ml\\\/\"]}]},{\"@type\":\"ImageObject\",\"inLanguage\":\"es\",\"@id\":\"https:\\\/\\\/mylipfiller.com\\\/hyaron-10-x-2-5ml\\\/#primaryimage\",\"url\":\"https:\\\/\\\/mylipfiller.com\\\/wp-content\\\/uploads\\\/2019\\\/07\\\/Hyaron.jpg\",\"contentUrl\":\"https:\\\/\\\/mylipfiller.com\\\/wp-content\\\/uploads\\\/2019\\\/07\\\/Hyaron.jpg\",\"width\":600,\"height\":600,\"caption\":\"Hyaron\"},{\"@type\":\"BreadcrumbList\",\"@id\":\"https:\\\/\\\/mylipfiller.com\\\/hyaron-10-x-2-5ml\\\/#breadcrumb\",\"itemListElement\":[{\"@type\":\"ListItem\",\"position\":1,\"name\":\"Home\",\"item\":\"https:\\\/\\\/mylipfiller.com\\\/\"},{\"@type\":\"ListItem\",\"position\":2,\"name\":\"Shop\",\"item\":\"https:\\\/\\\/mylipfiller.com\\\/shop\\\/\"},{\"@type\":\"ListItem\",\"position\":3,\"name\":\"Hyaron (10 x 2.5ml)\"}]},{\"@type\":\"WebSite\",\"@id\":\"https:\\\/\\\/mylipfiller.com\\\/#website\",\"url\":\"https:\\\/\\\/mylipfiller.com\\\/\",\"name\":\"My Lip Filler\",\"description\":\"Hyaluronic Acid Lip and Dermal Fillers\",\"publisher\":{\"@id\":\"https:\\\/\\\/mylipfiller.com\\\/#organization\"},\"potentialAction\":[{\"@type\":\"SearchAction\",\"target\":{\"@type\":\"EntryPoint\",\"urlTemplate\":\"https:\\\/\\\/mylipfiller.com\\\/?s={search_term_string}\"},\"query-input\":{\"@type\":\"PropertyValueSpecification\",\"valueRequired\":true,\"valueName\":\"search_term_string\"}}],\"inLanguage\":\"es\"},{\"@type\":\"Organization\",\"@id\":\"https:\\\/\\\/mylipfiller.com\\\/#organization\",\"name\":\"My Lip Filler\",\"url\":\"https:\\\/\\\/mylipfiller.com\\\/\",\"logo\":{\"@type\":\"ImageObject\",\"inLanguage\":\"es\",\"@id\":\"https:\\\/\\\/mylipfiller.com\\\/#\\\/schema\\\/logo\\\/image\\\/\",\"url\":\"https:\\\/\\\/mylipfiller.com\\\/wp-content\\\/uploads\\\/2019\\\/02\\\/cropped-My-Lip-Filler-Logo.png\",\"contentUrl\":\"https:\\\/\\\/mylipfiller.com\\\/wp-content\\\/uploads\\\/2019\\\/02\\\/cropped-My-Lip-Filler-Logo.png\",\"width\":240,\"height\":88,\"caption\":\"My Lip Filler\"},\"image\":{\"@id\":\"https:\\\/\\\/mylipfiller.com\\\/#\\\/schema\\\/logo\\\/image\\\/\"}}]}<\/script>\n<!-- \/ Yoast SEO plugin. -->","yoast_head_json":{"title":"Hyaron - Compre Hyaron SkinBooster y mejore su brillo en My Lip Filler","description":"Compre Hyaron y Hyaron SkinBooster para una piel radiante. Descubre los mejores productos y ofertas en My Lip Filler. Compra ahora para potenciar tu rutina de cuidado de la piel","robots":{"index":"index","follow":"follow","max-snippet":"max-snippet:-1","max-image-preview":"max-image-preview:large","max-video-preview":"max-video-preview:-1"},"canonical":"https:\/\/mylipfiller.com\/es\/hyaron-10-x-2-5ml\/","og_locale":"es_MX","og_type":"article","og_title":"Hyaron - Buy Hyaron SkinBooster & Enhance Your Glow at My Lip Filler","og_description":"Shop Hyaron and Hyaron SkinBooster for radiant skin. Discover the best products and deals at My Lip Filler. Buy now to boost your skincare routine","og_url":"https:\/\/mylipfiller.com\/es\/hyaron-10-x-2-5ml\/","og_site_name":"My Lip Filler","article_modified_time":"2024-08-07T08:38:44+00:00","og_image":[{"width":600,"height":600,"url":"https:\/\/cdn.mylipfiller.com\/wp-content\/uploads\/2019\/07\/Hyaron.jpg","type":"image\/jpeg"}],"twitter_card":"summary_large_image","twitter_misc":{"Tiempo de lectura":"2 minutos"},"schema":{"@context":"https:\/\/schema.org","@graph":[{"@type":"WebPage","@id":"https:\/\/mylipfiller.com\/hyaron-10-x-2-5ml\/","url":"https:\/\/mylipfiller.com\/hyaron-10-x-2-5ml\/","name":"Hyaron - Compre Hyaron SkinBooster y mejore su brillo en My Lip Filler","isPartOf":{"@id":"https:\/\/mylipfiller.com\/#website"},"primaryImageOfPage":{"@id":"https:\/\/mylipfiller.com\/hyaron-10-x-2-5ml\/#primaryimage"},"image":{"@id":"https:\/\/mylipfiller.com\/hyaron-10-x-2-5ml\/#primaryimage"},"thumbnailUrl":"https:\/\/cdn.mylipfiller.com\/wp-content\/uploads\/2019\/07\/Hyaron.jpg","datePublished":"2019-07-08T07:25:16+00:00","dateModified":"2024-08-07T08:38:44+00:00","description":"Compre Hyaron y Hyaron SkinBooster para una piel radiante. Descubre los mejores productos y ofertas en My Lip Filler. Compra ahora para potenciar tu rutina de cuidado de la piel","breadcrumb":{"@id":"https:\/\/mylipfiller.com\/hyaron-10-x-2-5ml\/#breadcrumb"},"inLanguage":"es","potentialAction":[{"@type":"ReadAction","target":["https:\/\/mylipfiller.com\/hyaron-10-x-2-5ml\/"]}]},{"@type":"ImageObject","inLanguage":"es","@id":"https:\/\/mylipfiller.com\/hyaron-10-x-2-5ml\/#primaryimage","url":"https:\/\/cdn.mylipfiller.com\/wp-content\/uploads\/2019\/07\/Hyaron.jpg","contentUrl":"https:\/\/cdn.mylipfiller.com\/wp-content\/uploads\/2019\/07\/Hyaron.jpg","width":600,"height":600,"caption":"Hyaron"},{"@type":"BreadcrumbList","@id":"https:\/\/mylipfiller.com\/hyaron-10-x-2-5ml\/#breadcrumb","itemListElement":[{"@type":"ListItem","position":1,"name":"Home","item":"https:\/\/mylipfiller.com\/"},{"@type":"ListItem","position":2,"name":"Shop","item":"https:\/\/mylipfiller.com\/shop\/"},{"@type":"ListItem","position":3,"name":"Hyaron (10 x 2.5ml)"}]},{"@type":"WebSite","@id":"https:\/\/mylipfiller.com\/#website","url":"https:\/\/mylipfiller.com\/","name":"Mi relleno de labios","description":"Rellenos d\u00e9rmicos y de labios con \u00e1cido hialur\u00f3nico","publisher":{"@id":"https:\/\/mylipfiller.com\/#organization"},"potentialAction":[{"@type":"SearchAction","target":{"@type":"EntryPoint","urlTemplate":"https:\/\/mylipfiller.com\/?s={search_term_string}"},"query-input":{"@type":"PropertyValueSpecification","valueRequired":true,"valueName":"search_term_string"}}],"inLanguage":"es"},{"@type":"Organization","@id":"https:\/\/mylipfiller.com\/#organization","name":"Mi relleno de labios","url":"https:\/\/mylipfiller.com\/","logo":{"@type":"ImageObject","inLanguage":"es","@id":"https:\/\/mylipfiller.com\/#\/schema\/logo\/image\/","url":"https:\/\/cdn.mylipfiller.com\/wp-content\/uploads\/2019\/02\/cropped-My-Lip-Filler-Logo.png","contentUrl":"https:\/\/cdn.mylipfiller.com\/wp-content\/uploads\/2019\/02\/cropped-My-Lip-Filler-Logo.png","width":240,"height":88,"caption":"My Lip Filler"},"image":{"@id":"https:\/\/mylipfiller.com\/#\/schema\/logo\/image\/"}}]}},"_links":{"self":[{"href":"https:\/\/mylipfiller.com\/es\/wp-json\/wp\/v2\/product\/2206","targetHints":{"allow":["GET"]}}],"collection":[{"href":"https:\/\/mylipfiller.com\/es\/wp-json\/wp\/v2\/product"}],"about":[{"href":"https:\/\/mylipfiller.com\/es\/wp-json\/wp\/v2\/types\/product"}],"wp:featuredmedia":[{"embeddable":true,"href":"https:\/\/mylipfiller.com\/es\/wp-json\/wp\/v2\/media\/2209"}],"wp:attachment":[{"href":"https:\/\/mylipfiller.com\/es\/wp-json\/wp\/v2\/media?parent=2206"}],"wp:term":[{"taxonomy":"product_brand","embeddable":true,"href":"https:\/\/mylipfiller.com\/es\/wp-json\/wp\/v2\/product_brand?post=2206"},{"taxonomy":"product_cat","embeddable":true,"href":"https:\/\/mylipfiller.com\/es\/wp-json\/wp\/v2\/product_cat?post=2206"},{"taxonomy":"product_tag","embeddable":true,"href":"https:\/\/mylipfiller.com\/es\/wp-json\/wp\/v2\/product_tag?post=2206"}],"curies":[{"name":"gracias","href":"https:\/\/api.w.org\/{rel}","templated":true}]}}