{"id":22108,"date":"2021-01-07T16:18:58","date_gmt":"2021-01-07T14:18:58","guid":{"rendered":"https:\/\/mylipfiller.com\/?post_type=product&#038;p=22108"},"modified":"2024-07-03T17:33:05","modified_gmt":"2024-07-03T15:33:05","slug":"hyaldew-shine-1-x-2ml","status":"publish","type":"product","link":"https:\/\/mylipfiller.com\/es\/hyaldew-shine-1-x-2ml\/","title":{"rendered":"HyalDew Shine (1 x 2 ml)"},"content":{"rendered":"<p>HyalDew Shine es el tratamiento perfecto para pieles cansadas, envejecidas y da\u00f1adas. Este h\u00edbrido de relleno \/ meso utiliza el poder del \u00e1cido hialur\u00f3nico al m\u00e1ximo. Una vez inyectado en la piel, estimula los procesos naturales de hidrataci\u00f3n de la piel y mejora la calidad de retenci\u00f3n de humedad de la piel. A diferencia de productos similares que duran solo unas semanas, el producto de mesoterapia HyalDew Shine tendr\u00e1 efecto hasta por tres meses.<\/p>\n<p>Por otro lado, dado que se trata en esencia de un relleno suave, tendr\u00e1 un efecto inmediato en la eliminaci\u00f3n y relleno de las l\u00edneas y arrugas superficiales de la piel. De esta manera, el m\u00e9dico puede atender de manera efectiva e instant\u00e1nea problemas como patas de gallo, l\u00edneas glabelares y l\u00edneas de sonrisa. A diferencia de un relleno suave normal, HyalDew Shine no solo tendr\u00e1 el efecto est\u00e9tico de corregir las depresiones de la piel, sino tambi\u00e9n el efecto duradero de dos o tres meses de impulso de regeneraci\u00f3n de la piel.<\/p>\n<h3>\u00bfPara qu\u00e9 se utiliza el relleno HyalDew Shine?<\/h3>\n<ul>\n<li>Mejora del tono de piel<\/li>\n<li>Eliminaci\u00f3n de arrugas<\/li>\n<li>Revitalizaci\u00f3n de la piel<\/li>\n<li>Restauraci\u00f3n y recuperaci\u00f3n de la piel<\/li>\n<\/ul>\n<p>Todos los envases vienen con una jeringa precargada de gel de \u00e1cido hialur\u00f3nico inyectable de 2 ml (est\u00e9ril, de origen no animal), que se puede usar fuera de la caja. El paquete incluye instrucciones de uso detalladas y un par de agujas de inyecci\u00f3n.<\/p>","protected":false},"excerpt":{"rendered":"<p>HyalDew Shine es un poderoso producto de rejuvenecimiento de la piel que difumina las l\u00edneas entre un relleno de HA y la mesoterapia. Aunque tiene un grosor muy bajo, esta soluci\u00f3n antiedad y de restauraci\u00f3n de la piel tiene una alta concentraci\u00f3n de \u00e1cido hialur\u00f3nico (20 mg \/ ml) y utiliza una tecnolog\u00eda revolucionaria de microperlas de estructura molecular HA, que permite un efecto prolongado de 1 a 3 meses de hidrataci\u00f3n de la piel. revitalizaci\u00f3n y restauraci\u00f3n.<\/p>","protected":false},"featured_media":22782,"template":"","meta":{"_acf_changed":false},"product_brand":[],"product_cat":[167,76,18,32],"product_tag":[138,144,125,111,126,151,117,147,145,143,146,137,119,148,127],"class_list":{"0":"post-22108","1":"product","2":"type-product","3":"status-publish","4":"has-post-thumbnail","6":"product_cat-bioplus","7":"product_cat-hyaldew","8":"product_cat-mesotherapy","9":"product_cat-soft","10":"product_tag-anti-aging","11":"product_tag-anti-wrinkle","12":"product_tag-crows-feet","13":"product_tag-face","14":"product_tag-fine-lines","15":"product_tag-hyaluronic-acid-ha-fillers","16":"product_tag-low-density","17":"product_tag-moisturizing","18":"product_tag-nourishing","19":"product_tag-rejuvenating","20":"product_tag-smoothing","21":"product_tag-south-korea","22":"product_tag-up-to-9-months","23":"product_tag-upper-dermis","24":"product_tag-wrinkles-around-the-eyes","26":"first","27":"outofstock","28":"taxable","29":"shipping-taxable","30":"purchasable","31":"product-type-simple"},"acf":[],"yoast_head":"<!-- This site is optimized with the Yoast SEO plugin v27.2 - https:\/\/yoast.com\/product\/yoast-seo-wordpress\/ -->\n<title>Buy HyalDew Shine (1 x 2ml) - Fillers from My Lip Filler<\/title>\n<meta name=\"description\" content=\"\u2765Buy HyalDew Shine (1 x 2ml) \u23e9 My Lip Filler online store \u27a6 Quality assurance, reviews, ingredients, best prices!\" \/>\n<meta name=\"robots\" content=\"index, follow, max-snippet:-1, max-image-preview:large, max-video-preview:-1\" \/>\n<link rel=\"canonical\" href=\"https:\/\/mylipfiller.com\/es\/hyaldew-shine-1-x-2ml\/\" \/>\n<meta property=\"og:locale\" content=\"es_MX\" \/>\n<meta property=\"og:type\" content=\"article\" \/>\n<meta property=\"og:title\" content=\"Buy HyalDew Shine (1 x 2ml) - Fillers from My Lip Filler\" \/>\n<meta property=\"og:description\" content=\"\u2765Buy HyalDew Shine (1 x 2ml) \u23e9 My Lip Filler online store \u27a6 Quality assurance, reviews, ingredients, best prices!\" \/>\n<meta property=\"og:url\" content=\"https:\/\/mylipfiller.com\/es\/hyaldew-shine-1-x-2ml\/\" \/>\n<meta property=\"og:site_name\" content=\"My Lip Filler\" \/>\n<meta property=\"article:modified_time\" content=\"2024-07-03T15:33:05+00:00\" \/>\n<meta property=\"og:image\" content=\"https:\/\/cdn.mylipfiller.com\/wp-content\/uploads\/2020\/12\/HyalDew-Shine.jpg\" \/>\n\t<meta property=\"og:image:width\" content=\"600\" \/>\n\t<meta property=\"og:image:height\" content=\"600\" \/>\n\t<meta property=\"og:image:type\" content=\"image\/jpeg\" \/>\n<meta name=\"twitter:card\" content=\"summary_large_image\" \/>\n<meta name=\"twitter:label1\" content=\"Tiempo de lectura\" \/>\n\t<meta name=\"twitter:data1\" content=\"2 minutos\" \/>\n<script type=\"application\/ld+json\" class=\"yoast-schema-graph\">{\"@context\":\"https:\/\/schema.org\",\"@graph\":[{\"@type\":\"WebPage\",\"@id\":\"https:\/\/mylipfiller.com\/hyaldew-shine-1-x-2ml\/\",\"url\":\"https:\/\/mylipfiller.com\/hyaldew-shine-1-x-2ml\/\",\"name\":\"Buy HyalDew Shine (1 x 2ml) - Fillers from My Lip Filler\",\"isPartOf\":{\"@id\":\"https:\/\/mylipfiller.com\/#website\"},\"primaryImageOfPage\":{\"@id\":\"https:\/\/mylipfiller.com\/hyaldew-shine-1-x-2ml\/#primaryimage\"},\"image\":{\"@id\":\"https:\/\/mylipfiller.com\/hyaldew-shine-1-x-2ml\/#primaryimage\"},\"thumbnailUrl\":\"https:\/\/cdn.mylipfiller.com\/wp-content\/uploads\/2020\/12\/HyalDew-Shine.jpg\",\"datePublished\":\"2021-01-07T14:18:58+00:00\",\"dateModified\":\"2024-07-03T15:33:05+00:00\",\"description\":\"\u2765Buy HyalDew Shine (1 x 2ml) \u23e9 My Lip Filler online store \u27a6 Quality assurance, reviews, ingredients, best prices!\",\"breadcrumb\":{\"@id\":\"https:\/\/mylipfiller.com\/hyaldew-shine-1-x-2ml\/#breadcrumb\"},\"inLanguage\":\"es\",\"potentialAction\":[{\"@type\":\"ReadAction\",\"target\":[\"https:\/\/mylipfiller.com\/hyaldew-shine-1-x-2ml\/\"]}]},{\"@type\":\"ImageObject\",\"inLanguage\":\"es\",\"@id\":\"https:\/\/mylipfiller.com\/hyaldew-shine-1-x-2ml\/#primaryimage\",\"url\":\"https:\/\/cdn.mylipfiller.com\/wp-content\/uploads\/2020\/12\/HyalDew-Shine.jpg\",\"contentUrl\":\"https:\/\/cdn.mylipfiller.com\/wp-content\/uploads\/2020\/12\/HyalDew-Shine.jpg\",\"width\":600,\"height\":600,\"caption\":\"HyalDew Shine\"},{\"@type\":\"BreadcrumbList\",\"@id\":\"https:\/\/mylipfiller.com\/hyaldew-shine-1-x-2ml\/#breadcrumb\",\"itemListElement\":[{\"@type\":\"ListItem\",\"position\":1,\"name\":\"Home\",\"item\":\"https:\/\/mylipfiller.com\/\"},{\"@type\":\"ListItem\",\"position\":2,\"name\":\"Shop\",\"item\":\"https:\/\/mylipfiller.com\/shop\/\"},{\"@type\":\"ListItem\",\"position\":3,\"name\":\"HyalDew Shine (1 x 2ml)\"}]},{\"@type\":\"WebSite\",\"@id\":\"https:\/\/mylipfiller.com\/#website\",\"url\":\"https:\/\/mylipfiller.com\/\",\"name\":\"My Lip Filler\",\"description\":\"Hyaluronic Acid Lip and Dermal Fillers\",\"publisher\":{\"@id\":\"https:\/\/mylipfiller.com\/#organization\"},\"potentialAction\":[{\"@type\":\"SearchAction\",\"target\":{\"@type\":\"EntryPoint\",\"urlTemplate\":\"https:\/\/mylipfiller.com\/?s={search_term_string}\"},\"query-input\":{\"@type\":\"PropertyValueSpecification\",\"valueRequired\":true,\"valueName\":\"search_term_string\"}}],\"inLanguage\":\"es\"},{\"@type\":\"Organization\",\"@id\":\"https:\/\/mylipfiller.com\/#organization\",\"name\":\"My Lip Filler\",\"url\":\"https:\/\/mylipfiller.com\/\",\"logo\":{\"@type\":\"ImageObject\",\"inLanguage\":\"es\",\"@id\":\"https:\/\/mylipfiller.com\/#\/schema\/logo\/image\/\",\"url\":\"https:\/\/cdn.mylipfiller.com\/wp-content\/uploads\/2019\/02\/cropped-My-Lip-Filler-Logo.png\",\"contentUrl\":\"https:\/\/cdn.mylipfiller.com\/wp-content\/uploads\/2019\/02\/cropped-My-Lip-Filler-Logo.png\",\"width\":240,\"height\":88,\"caption\":\"My Lip Filler\"},\"image\":{\"@id\":\"https:\/\/mylipfiller.com\/#\/schema\/logo\/image\/\"}}]}<\/script>\n<!-- \/ Yoast SEO plugin. -->","yoast_head_json":{"title":"Compre HyalDew Shine (1 x 2ml) - Rellenos de My Lip Filler","description":"\u2765Compra HyalDew Shine (1 x 2ml) \u23e9 Tienda online My Lip Filler \u27a6 Garant\u00eda de calidad, rese\u00f1as, ingredientes, \u00a1los mejores precios!","robots":{"index":"index","follow":"follow","max-snippet":"max-snippet:-1","max-image-preview":"max-image-preview:large","max-video-preview":"max-video-preview:-1"},"canonical":"https:\/\/mylipfiller.com\/es\/hyaldew-shine-1-x-2ml\/","og_locale":"es_MX","og_type":"article","og_title":"Buy HyalDew Shine (1 x 2ml) - Fillers from My Lip Filler","og_description":"\u2765Buy HyalDew Shine (1 x 2ml) \u23e9 My Lip Filler online store \u27a6 Quality assurance, reviews, ingredients, best prices!","og_url":"https:\/\/mylipfiller.com\/es\/hyaldew-shine-1-x-2ml\/","og_site_name":"My Lip Filler","article_modified_time":"2024-07-03T15:33:05+00:00","og_image":[{"width":600,"height":600,"url":"https:\/\/cdn.mylipfiller.com\/wp-content\/uploads\/2020\/12\/HyalDew-Shine.jpg","type":"image\/jpeg"}],"twitter_card":"summary_large_image","twitter_misc":{"Tiempo de lectura":"2 minutos"},"schema":{"@context":"https:\/\/schema.org","@graph":[{"@type":"WebPage","@id":"https:\/\/mylipfiller.com\/hyaldew-shine-1-x-2ml\/","url":"https:\/\/mylipfiller.com\/hyaldew-shine-1-x-2ml\/","name":"Compre HyalDew Shine (1 x 2ml) - Rellenos de My Lip Filler","isPartOf":{"@id":"https:\/\/mylipfiller.com\/#website"},"primaryImageOfPage":{"@id":"https:\/\/mylipfiller.com\/hyaldew-shine-1-x-2ml\/#primaryimage"},"image":{"@id":"https:\/\/mylipfiller.com\/hyaldew-shine-1-x-2ml\/#primaryimage"},"thumbnailUrl":"https:\/\/cdn.mylipfiller.com\/wp-content\/uploads\/2020\/12\/HyalDew-Shine.jpg","datePublished":"2021-01-07T14:18:58+00:00","dateModified":"2024-07-03T15:33:05+00:00","description":"\u2765Compra HyalDew Shine (1 x 2ml) \u23e9 Tienda online My Lip Filler \u27a6 Garant\u00eda de calidad, rese\u00f1as, ingredientes, \u00a1los mejores precios!","breadcrumb":{"@id":"https:\/\/mylipfiller.com\/hyaldew-shine-1-x-2ml\/#breadcrumb"},"inLanguage":"es","potentialAction":[{"@type":"ReadAction","target":["https:\/\/mylipfiller.com\/hyaldew-shine-1-x-2ml\/"]}]},{"@type":"ImageObject","inLanguage":"es","@id":"https:\/\/mylipfiller.com\/hyaldew-shine-1-x-2ml\/#primaryimage","url":"https:\/\/cdn.mylipfiller.com\/wp-content\/uploads\/2020\/12\/HyalDew-Shine.jpg","contentUrl":"https:\/\/cdn.mylipfiller.com\/wp-content\/uploads\/2020\/12\/HyalDew-Shine.jpg","width":600,"height":600,"caption":"HyalDew Shine"},{"@type":"BreadcrumbList","@id":"https:\/\/mylipfiller.com\/hyaldew-shine-1-x-2ml\/#breadcrumb","itemListElement":[{"@type":"ListItem","position":1,"name":"Home","item":"https:\/\/mylipfiller.com\/"},{"@type":"ListItem","position":2,"name":"Shop","item":"https:\/\/mylipfiller.com\/shop\/"},{"@type":"ListItem","position":3,"name":"HyalDew Shine (1 x 2ml)"}]},{"@type":"WebSite","@id":"https:\/\/mylipfiller.com\/#website","url":"https:\/\/mylipfiller.com\/","name":"Mi relleno de labios","description":"Rellenos d\u00e9rmicos y de labios con \u00e1cido hialur\u00f3nico","publisher":{"@id":"https:\/\/mylipfiller.com\/#organization"},"potentialAction":[{"@type":"SearchAction","target":{"@type":"EntryPoint","urlTemplate":"https:\/\/mylipfiller.com\/?s={search_term_string}"},"query-input":{"@type":"PropertyValueSpecification","valueRequired":true,"valueName":"search_term_string"}}],"inLanguage":"es"},{"@type":"Organization","@id":"https:\/\/mylipfiller.com\/#organization","name":"Mi relleno de labios","url":"https:\/\/mylipfiller.com\/","logo":{"@type":"ImageObject","inLanguage":"es","@id":"https:\/\/mylipfiller.com\/#\/schema\/logo\/image\/","url":"https:\/\/cdn.mylipfiller.com\/wp-content\/uploads\/2019\/02\/cropped-My-Lip-Filler-Logo.png","contentUrl":"https:\/\/cdn.mylipfiller.com\/wp-content\/uploads\/2019\/02\/cropped-My-Lip-Filler-Logo.png","width":240,"height":88,"caption":"My Lip Filler"},"image":{"@id":"https:\/\/mylipfiller.com\/#\/schema\/logo\/image\/"}}]}},"_links":{"self":[{"href":"https:\/\/mylipfiller.com\/es\/wp-json\/wp\/v2\/product\/22108","targetHints":{"allow":["GET"]}}],"collection":[{"href":"https:\/\/mylipfiller.com\/es\/wp-json\/wp\/v2\/product"}],"about":[{"href":"https:\/\/mylipfiller.com\/es\/wp-json\/wp\/v2\/types\/product"}],"wp:featuredmedia":[{"embeddable":true,"href":"https:\/\/mylipfiller.com\/es\/wp-json\/wp\/v2\/media\/22782"}],"wp:attachment":[{"href":"https:\/\/mylipfiller.com\/es\/wp-json\/wp\/v2\/media?parent=22108"}],"wp:term":[{"taxonomy":"product_brand","embeddable":true,"href":"https:\/\/mylipfiller.com\/es\/wp-json\/wp\/v2\/product_brand?post=22108"},{"taxonomy":"product_cat","embeddable":true,"href":"https:\/\/mylipfiller.com\/es\/wp-json\/wp\/v2\/product_cat?post=22108"},{"taxonomy":"product_tag","embeddable":true,"href":"https:\/\/mylipfiller.com\/es\/wp-json\/wp\/v2\/product_tag?post=22108"}],"curies":[{"name":"gracias","href":"https:\/\/api.w.org\/{rel}","templated":true}]}}