{"id":22109,"date":"2021-01-07T15:17:19","date_gmt":"2021-01-07T13:17:19","guid":{"rendered":"https:\/\/mylipfiller.com\/?post_type=product&#038;p=22109"},"modified":"2024-07-03T17:33:06","modified_gmt":"2024-07-03T15:33:06","slug":"hyaldew-fine-1-x-1ml","status":"publish","type":"product","link":"https:\/\/mylipfiller.com\/es\/hyaldew-fine-1-x-1ml\/","title":{"rendered":"HyalDew fino (1 x 1 ml)"},"content":{"rendered":"<h3>Efectos de HyalDew Fine<\/h3>\n<p>Cuando los cirujanos pl\u00e1sticos aplican el producto debajo de la piel, instant\u00e1neamente llena las l\u00edneas finas. Esta es una capacidad natural del HA en su f\u00f3rmula, un ingrediente seguro que tambi\u00e9n <em>mejora el equilibrio h\u00eddrico de la piel<\/em>. Lo mejor de todo es que el gel HA es compatible con el cuerpo humano y no desencadenar\u00e1 reacciones adversas.<\/p>\n<p>En la mayor\u00eda de los casos, un procedimiento con HyalDew Fine mantiene a raya las arrugas finas durante un a\u00f1o o incluso m\u00e1s. Por lo tanto, este <strong>relleno de piel<\/strong> es duradero y resistente.<\/p>\n<p>El secreto de la longevidad del producto se esconde en su estructura. El gel de este relleno de tejidos blandos consta de microperlas. Adem\u00e1s, el HA que contiene se ha sometido a un proceso de reticulaci\u00f3n especial. Por lo tanto, HyalDew All tarda m\u00e1s en biodegradarse y, para los pacientes, eso significa m\u00e1s tiempo sin arrugas.<\/p>\n<ul>\n<li>Correcci\u00f3n de arrugas superficiales<\/li>\n<li>Hidrataci\u00f3n de la piel<\/li>\n<li>Producci\u00f3n de col\u00e1geno<\/li>\n<li>Blanqueamiento de la piel<\/li>\n<\/ul>\n<h3>Uso y aplicaci\u00f3n<\/h3>\n<p>Por lo general, el producto se aplica mediante inyecci\u00f3n en la dermis media. Entre las \u00e1reas de tratamiento m\u00e1s comunes se encuentran las <strong>cara y cuello<\/strong>.<\/p>\n<p>Lo bueno de este relleno de tejidos blandos es que ofrece efectos r\u00e1pidos. Adem\u00e1s, la terapia con \u00e9l siempre es indolora. Por lo tanto, no dude en agregar HyalDew Fine a su lista de compras.<\/p>","protected":false},"excerpt":{"rendered":"<p>HyalDew Fine es un relleno d\u00e9rmico con \u00e1cido hialur\u00f3nico y se dirige <u>l\u00edneas superficiales en la cara<\/u>. A diferencia de otros tratamientos cosm\u00e9ticos, este ofrece resultados r\u00e1pidos que permanecen visibles durante meses. Adem\u00e1s, el producto mejorar\u00e1 la condici\u00f3n y apariencia de la piel al hidratarla desde el interior y ayudarla a producir col\u00e1geno extra. Entonces, de muchas maneras, esta soluci\u00f3n act\u00faa como relleno y como inyecci\u00f3n de mesoterapia.<\/p>","protected":false},"featured_media":22781,"template":"","meta":{"_acf_changed":false},"product_brand":[],"product_cat":[167,76,32],"product_tag":[144,125,111,126,112,128,151,117,146,137,119,148,127],"class_list":{"0":"post-22109","1":"product","2":"type-product","3":"status-publish","4":"has-post-thumbnail","6":"product_cat-bioplus","7":"product_cat-hyaldew","8":"product_cat-soft","9":"product_tag-anti-wrinkle","10":"product_tag-crows-feet","11":"product_tag-face","12":"product_tag-fine-lines","13":"product_tag-forehead","14":"product_tag-forehead-wrinkles","15":"product_tag-hyaluronic-acid-ha-fillers","16":"product_tag-low-density","17":"product_tag-smoothing","18":"product_tag-south-korea","19":"product_tag-up-to-9-months","20":"product_tag-upper-dermis","21":"product_tag-wrinkles-around-the-eyes","23":"first","24":"outofstock","25":"taxable","26":"shipping-taxable","27":"purchasable","28":"product-type-simple"},"acf":[],"yoast_head":"<!-- This site is optimized with the Yoast SEO plugin v27.3 - https:\/\/yoast.com\/product\/yoast-seo-wordpress\/ -->\n<title>Buy HyalDew Fine (1 x 1ml) - Fillers from My Lip Filler<\/title>\n<meta name=\"description\" content=\"\u2765Buy HyalDew Fine (1 x 1ml) \u23e9 My Lip Filler online store \u27a6 Quality assurance, reviews, ingredients, best prices!\" \/>\n<meta name=\"robots\" content=\"index, follow, max-snippet:-1, max-image-preview:large, max-video-preview:-1\" \/>\n<link rel=\"canonical\" href=\"https:\/\/mylipfiller.com\/es\/hyaldew-fine-1-x-1ml\/\" \/>\n<meta property=\"og:locale\" content=\"es_MX\" \/>\n<meta property=\"og:type\" content=\"article\" \/>\n<meta property=\"og:title\" content=\"Buy HyalDew Fine (1 x 1ml) - Fillers from My Lip Filler\" \/>\n<meta property=\"og:description\" content=\"\u2765Buy HyalDew Fine (1 x 1ml) \u23e9 My Lip Filler online store \u27a6 Quality assurance, reviews, ingredients, best prices!\" \/>\n<meta property=\"og:url\" content=\"https:\/\/mylipfiller.com\/es\/hyaldew-fine-1-x-1ml\/\" \/>\n<meta property=\"og:site_name\" content=\"My Lip Filler\" \/>\n<meta property=\"article:modified_time\" content=\"2024-07-03T15:33:06+00:00\" \/>\n<meta property=\"og:image\" content=\"https:\/\/cdn.mylipfiller.com\/wp-content\/uploads\/2020\/12\/HyalDew-Fine.jpg\" \/>\n\t<meta property=\"og:image:width\" content=\"600\" \/>\n\t<meta property=\"og:image:height\" content=\"600\" \/>\n\t<meta property=\"og:image:type\" content=\"image\/jpeg\" \/>\n<meta name=\"twitter:card\" content=\"summary_large_image\" \/>\n<meta name=\"twitter:label1\" content=\"Tiempo de lectura\" \/>\n\t<meta name=\"twitter:data1\" content=\"2 minutos\" \/>\n<script type=\"application\/ld+json\" class=\"yoast-schema-graph\">{\"@context\":\"https:\\\/\\\/schema.org\",\"@graph\":[{\"@type\":\"WebPage\",\"@id\":\"https:\\\/\\\/mylipfiller.com\\\/hyaldew-fine-1-x-1ml\\\/\",\"url\":\"https:\\\/\\\/mylipfiller.com\\\/hyaldew-fine-1-x-1ml\\\/\",\"name\":\"Buy HyalDew Fine (1 x 1ml) - Fillers from My Lip Filler\",\"isPartOf\":{\"@id\":\"https:\\\/\\\/mylipfiller.com\\\/#website\"},\"primaryImageOfPage\":{\"@id\":\"https:\\\/\\\/mylipfiller.com\\\/hyaldew-fine-1-x-1ml\\\/#primaryimage\"},\"image\":{\"@id\":\"https:\\\/\\\/mylipfiller.com\\\/hyaldew-fine-1-x-1ml\\\/#primaryimage\"},\"thumbnailUrl\":\"https:\\\/\\\/mylipfiller.com\\\/wp-content\\\/uploads\\\/2020\\\/12\\\/HyalDew-Fine.jpg\",\"datePublished\":\"2021-01-07T13:17:19+00:00\",\"dateModified\":\"2024-07-03T15:33:06+00:00\",\"description\":\"\u2765Buy HyalDew Fine (1 x 1ml) \u23e9 My Lip Filler online store \u27a6 Quality assurance, reviews, ingredients, best prices!\",\"breadcrumb\":{\"@id\":\"https:\\\/\\\/mylipfiller.com\\\/hyaldew-fine-1-x-1ml\\\/#breadcrumb\"},\"inLanguage\":\"es\",\"potentialAction\":[{\"@type\":\"ReadAction\",\"target\":[\"https:\\\/\\\/mylipfiller.com\\\/hyaldew-fine-1-x-1ml\\\/\"]}]},{\"@type\":\"ImageObject\",\"inLanguage\":\"es\",\"@id\":\"https:\\\/\\\/mylipfiller.com\\\/hyaldew-fine-1-x-1ml\\\/#primaryimage\",\"url\":\"https:\\\/\\\/mylipfiller.com\\\/wp-content\\\/uploads\\\/2020\\\/12\\\/HyalDew-Fine.jpg\",\"contentUrl\":\"https:\\\/\\\/mylipfiller.com\\\/wp-content\\\/uploads\\\/2020\\\/12\\\/HyalDew-Fine.jpg\",\"width\":600,\"height\":600,\"caption\":\"HyalDew Fine\"},{\"@type\":\"BreadcrumbList\",\"@id\":\"https:\\\/\\\/mylipfiller.com\\\/hyaldew-fine-1-x-1ml\\\/#breadcrumb\",\"itemListElement\":[{\"@type\":\"ListItem\",\"position\":1,\"name\":\"Home\",\"item\":\"https:\\\/\\\/mylipfiller.com\\\/\"},{\"@type\":\"ListItem\",\"position\":2,\"name\":\"Shop\",\"item\":\"https:\\\/\\\/mylipfiller.com\\\/shop\\\/\"},{\"@type\":\"ListItem\",\"position\":3,\"name\":\"HyalDew Fine (1 x 1ml)\"}]},{\"@type\":\"WebSite\",\"@id\":\"https:\\\/\\\/mylipfiller.com\\\/#website\",\"url\":\"https:\\\/\\\/mylipfiller.com\\\/\",\"name\":\"My Lip Filler\",\"description\":\"Hyaluronic Acid Lip and Dermal Fillers\",\"publisher\":{\"@id\":\"https:\\\/\\\/mylipfiller.com\\\/#organization\"},\"potentialAction\":[{\"@type\":\"SearchAction\",\"target\":{\"@type\":\"EntryPoint\",\"urlTemplate\":\"https:\\\/\\\/mylipfiller.com\\\/?s={search_term_string}\"},\"query-input\":{\"@type\":\"PropertyValueSpecification\",\"valueRequired\":true,\"valueName\":\"search_term_string\"}}],\"inLanguage\":\"es\"},{\"@type\":\"Organization\",\"@id\":\"https:\\\/\\\/mylipfiller.com\\\/#organization\",\"name\":\"My Lip Filler\",\"url\":\"https:\\\/\\\/mylipfiller.com\\\/\",\"logo\":{\"@type\":\"ImageObject\",\"inLanguage\":\"es\",\"@id\":\"https:\\\/\\\/mylipfiller.com\\\/#\\\/schema\\\/logo\\\/image\\\/\",\"url\":\"https:\\\/\\\/mylipfiller.com\\\/wp-content\\\/uploads\\\/2019\\\/02\\\/cropped-My-Lip-Filler-Logo.png\",\"contentUrl\":\"https:\\\/\\\/mylipfiller.com\\\/wp-content\\\/uploads\\\/2019\\\/02\\\/cropped-My-Lip-Filler-Logo.png\",\"width\":240,\"height\":88,\"caption\":\"My Lip Filler\"},\"image\":{\"@id\":\"https:\\\/\\\/mylipfiller.com\\\/#\\\/schema\\\/logo\\\/image\\\/\"}}]}<\/script>\n<!-- \/ Yoast SEO plugin. -->","yoast_head_json":{"title":"Comprar HyalDew Fine (1 x 1ml) - Rellenos de My Lip Filler","description":"\u2765Compra HyalDew Fine (1 x 1ml) \u23e9 Tienda online My Lip Filler \u27a6 Garant\u00eda de calidad, rese\u00f1as, ingredientes, \u00a1los mejores precios!","robots":{"index":"index","follow":"follow","max-snippet":"max-snippet:-1","max-image-preview":"max-image-preview:large","max-video-preview":"max-video-preview:-1"},"canonical":"https:\/\/mylipfiller.com\/es\/hyaldew-fine-1-x-1ml\/","og_locale":"es_MX","og_type":"article","og_title":"Buy HyalDew Fine (1 x 1ml) - Fillers from My Lip Filler","og_description":"\u2765Buy HyalDew Fine (1 x 1ml) \u23e9 My Lip Filler online store \u27a6 Quality assurance, reviews, ingredients, best prices!","og_url":"https:\/\/mylipfiller.com\/es\/hyaldew-fine-1-x-1ml\/","og_site_name":"My Lip Filler","article_modified_time":"2024-07-03T15:33:06+00:00","og_image":[{"width":600,"height":600,"url":"https:\/\/cdn.mylipfiller.com\/wp-content\/uploads\/2020\/12\/HyalDew-Fine.jpg","type":"image\/jpeg"}],"twitter_card":"summary_large_image","twitter_misc":{"Tiempo de lectura":"2 minutos"},"schema":{"@context":"https:\/\/schema.org","@graph":[{"@type":"WebPage","@id":"https:\/\/mylipfiller.com\/hyaldew-fine-1-x-1ml\/","url":"https:\/\/mylipfiller.com\/hyaldew-fine-1-x-1ml\/","name":"Comprar HyalDew Fine (1 x 1ml) - Rellenos de My Lip Filler","isPartOf":{"@id":"https:\/\/mylipfiller.com\/#website"},"primaryImageOfPage":{"@id":"https:\/\/mylipfiller.com\/hyaldew-fine-1-x-1ml\/#primaryimage"},"image":{"@id":"https:\/\/mylipfiller.com\/hyaldew-fine-1-x-1ml\/#primaryimage"},"thumbnailUrl":"https:\/\/cdn.mylipfiller.com\/wp-content\/uploads\/2020\/12\/HyalDew-Fine.jpg","datePublished":"2021-01-07T13:17:19+00:00","dateModified":"2024-07-03T15:33:06+00:00","description":"\u2765Compra HyalDew Fine (1 x 1ml) \u23e9 Tienda online My Lip Filler \u27a6 Garant\u00eda de calidad, rese\u00f1as, ingredientes, \u00a1los mejores precios!","breadcrumb":{"@id":"https:\/\/mylipfiller.com\/hyaldew-fine-1-x-1ml\/#breadcrumb"},"inLanguage":"es","potentialAction":[{"@type":"ReadAction","target":["https:\/\/mylipfiller.com\/hyaldew-fine-1-x-1ml\/"]}]},{"@type":"ImageObject","inLanguage":"es","@id":"https:\/\/mylipfiller.com\/hyaldew-fine-1-x-1ml\/#primaryimage","url":"https:\/\/cdn.mylipfiller.com\/wp-content\/uploads\/2020\/12\/HyalDew-Fine.jpg","contentUrl":"https:\/\/cdn.mylipfiller.com\/wp-content\/uploads\/2020\/12\/HyalDew-Fine.jpg","width":600,"height":600,"caption":"HyalDew Fine"},{"@type":"BreadcrumbList","@id":"https:\/\/mylipfiller.com\/hyaldew-fine-1-x-1ml\/#breadcrumb","itemListElement":[{"@type":"ListItem","position":1,"name":"Home","item":"https:\/\/mylipfiller.com\/"},{"@type":"ListItem","position":2,"name":"Shop","item":"https:\/\/mylipfiller.com\/shop\/"},{"@type":"ListItem","position":3,"name":"HyalDew Fine (1 x 1ml)"}]},{"@type":"WebSite","@id":"https:\/\/mylipfiller.com\/#website","url":"https:\/\/mylipfiller.com\/","name":"Mi relleno de labios","description":"Rellenos d\u00e9rmicos y de labios con \u00e1cido hialur\u00f3nico","publisher":{"@id":"https:\/\/mylipfiller.com\/#organization"},"potentialAction":[{"@type":"SearchAction","target":{"@type":"EntryPoint","urlTemplate":"https:\/\/mylipfiller.com\/?s={search_term_string}"},"query-input":{"@type":"PropertyValueSpecification","valueRequired":true,"valueName":"search_term_string"}}],"inLanguage":"es"},{"@type":"Organization","@id":"https:\/\/mylipfiller.com\/#organization","name":"Mi relleno de labios","url":"https:\/\/mylipfiller.com\/","logo":{"@type":"ImageObject","inLanguage":"es","@id":"https:\/\/mylipfiller.com\/#\/schema\/logo\/image\/","url":"https:\/\/cdn.mylipfiller.com\/wp-content\/uploads\/2019\/02\/cropped-My-Lip-Filler-Logo.png","contentUrl":"https:\/\/cdn.mylipfiller.com\/wp-content\/uploads\/2019\/02\/cropped-My-Lip-Filler-Logo.png","width":240,"height":88,"caption":"My Lip Filler"},"image":{"@id":"https:\/\/mylipfiller.com\/#\/schema\/logo\/image\/"}}]}},"_links":{"self":[{"href":"https:\/\/mylipfiller.com\/es\/wp-json\/wp\/v2\/product\/22109","targetHints":{"allow":["GET"]}}],"collection":[{"href":"https:\/\/mylipfiller.com\/es\/wp-json\/wp\/v2\/product"}],"about":[{"href":"https:\/\/mylipfiller.com\/es\/wp-json\/wp\/v2\/types\/product"}],"wp:featuredmedia":[{"embeddable":true,"href":"https:\/\/mylipfiller.com\/es\/wp-json\/wp\/v2\/media\/22781"}],"wp:attachment":[{"href":"https:\/\/mylipfiller.com\/es\/wp-json\/wp\/v2\/media?parent=22109"}],"wp:term":[{"taxonomy":"product_brand","embeddable":true,"href":"https:\/\/mylipfiller.com\/es\/wp-json\/wp\/v2\/product_brand?post=22109"},{"taxonomy":"product_cat","embeddable":true,"href":"https:\/\/mylipfiller.com\/es\/wp-json\/wp\/v2\/product_cat?post=22109"},{"taxonomy":"product_tag","embeddable":true,"href":"https:\/\/mylipfiller.com\/es\/wp-json\/wp\/v2\/product_tag?post=22109"}],"curies":[{"name":"gracias","href":"https:\/\/api.w.org\/{rel}","templated":true}]}}