{"id":22111,"date":"2020-12-18T16:17:30","date_gmt":"2020-12-18T14:17:30","guid":{"rendered":"https:\/\/mylipfiller.com\/?post_type=product&#038;p=22111"},"modified":"2024-07-03T17:33:06","modified_gmt":"2024-07-03T15:33:06","slug":"hyaldew-all-1-x-1ml","status":"publish","type":"product","link":"https:\/\/mylipfiller.com\/es\/hyaldew-all-1-x-1ml\/","title":{"rendered":"HyalDew Todo (1 x 1 ml)"},"content":{"rendered":"<h3>Beneficios clave de HyalDew All Skin Filler<\/h3>\n<p>Dado que HyalDew All utiliza materias primas de calidad y se basa en la tecnolog\u00eda de microperlas, ofrece muchos beneficios a m\u00e9dicos y pacientes. Para empezar, su gel HA puede <em>tardar\u00e1 m\u00e1s de un a\u00f1o en disolverse<\/em>, lo que significa que ofrece resultados duraderos. Aqu\u00ed hay algunas otras cosas interesantes sobre este relleno de tejidos blandos:<\/p>\n<ul>\n<li>Poderes hidratantes de la piel<\/li>\n<li>Textura el\u00e1stica<\/li>\n<li>Ingredientes seguros<\/li>\n<li>Experiencia de tratamiento sin dolor<\/li>\n<li>Efectos instant\u00e1neos<\/li>\n<\/ul>\n<h3>\u00bfPara qu\u00e9 \u00e1reas se puede utilizar HyalDew All?<\/h3>\n<p>Como mencionamos, la textura de HyalDew All es adaptable y densa. Por lo tanto, este relleno d\u00e9rmico es ideal para mejorar las \u00e1reas m\u00f3viles del rostro. Por lo general, son dif\u00edciles de manipular con inyecciones de relleno de HA porque el riesgo de migraci\u00f3n de gel es mayor. Afortunadamente, el producto de BioPlus es la soluci\u00f3n perfecta a este problema.<\/p>\n<p>En general, el producto es seguro de usar en casi todas las \u00e1reas faciales, excepto en las zonas delicadas. Por ejemplo, los cirujanos pl\u00e1sticos deben evitar inyectarlo alrededor de los ojos, donde la piel es fina y suave. Aparte de eso, el producto puede funcionar en cualquier parte del rostro, incluso en las siguientes:<\/p>\n<ul>\n<li>Nariz<\/li>\n<li>Las mejillas<\/li>\n<li>Templos<\/li>\n<li>Barbilla<\/li>\n<li>Frente<\/li>\n<\/ul>\n<p>Una vez aplicado debajo de la piel, este relleno d\u00e9rmico <u>rellena instant\u00e1neamente arrugas profundas y din\u00e1micas<\/u>. Adem\u00e1s, esculpe y <strong>mejora el contorno del rostro<\/strong> agregando volumen donde m\u00e1s se necesita. Obtenga HyalDew All hoy mismo para corregir varios problemas cosm\u00e9ticos.<\/p>","protected":false},"excerpt":{"rendered":"<p>HyalDew All es un pionero <strong>relleno d\u00e9rmico con \u00c1cido Hialur\u00f3nico<\/strong> que se adapta a los movimientos del rostro. Como resultado, es adecuado para la correcci\u00f3n de arrugas de expresi\u00f3n profundas como los pliegues nasolabiales. Adem\u00e1s, la textura densa del producto le permite <em>remodelar diferentes zonas del rostro<\/em>, incluida la nariz, el ment\u00f3n y las mejillas. Por lo general, el procedimiento dura unos minutos pero los resultados que ofrece permanecen visibles durante meses.<\/p>","protected":false},"featured_media":22780,"template":"","meta":{"_acf_changed":false},"product_brand":[],"product_cat":[34],"product_tag":[123,130,131,115,114,111,118,151,141,142,135,137,110,122,124],"class_list":{"0":"post-22111","1":"product","2":"type-product","3":"status-publish","4":"has-post-thumbnail","6":"product_cat-hard","7":"product_tag-asymmetry","8":"product_tag-cheek-volume","9":"product_tag-cheekbone-contour","10":"product_tag-cheekbones","11":"product_tag-chin","12":"product_tag-face","13":"product_tag-high-density","14":"product_tag-hyaluronic-acid-ha-fillers","15":"product_tag-lifting","16":"product_tag-modeling","17":"product_tag-small-chin","18":"product_tag-south-korea","19":"product_tag-temple","20":"product_tag-up-to-18-months","21":"product_tag-volume","23":"first","24":"outofstock","25":"taxable","26":"shipping-taxable","27":"purchasable","28":"product-type-simple"},"acf":[],"yoast_head":"<!-- This site is optimized with the Yoast SEO plugin v27.3 - https:\/\/yoast.com\/product\/yoast-seo-wordpress\/ -->\n<title>Buy HyalDew All (1 x 1ml) - Fillers from My Lip Filler<\/title>\n<meta name=\"description\" content=\"\u2765Buy HyalDew All (1 x 1ml) \u23e9 My Lip Filler online store \u27a6 Quality assurance, reviews, ingredients, best prices!\" \/>\n<meta name=\"robots\" content=\"index, follow, max-snippet:-1, max-image-preview:large, max-video-preview:-1\" \/>\n<link rel=\"canonical\" href=\"https:\/\/mylipfiller.com\/es\/hyaldew-all-1-x-1ml\/\" \/>\n<meta property=\"og:locale\" content=\"es_MX\" \/>\n<meta property=\"og:type\" content=\"article\" \/>\n<meta property=\"og:title\" content=\"Buy HyalDew All (1 x 1ml) - Fillers from My Lip Filler\" \/>\n<meta property=\"og:description\" content=\"\u2765Buy HyalDew All (1 x 1ml) \u23e9 My Lip Filler online store \u27a6 Quality assurance, reviews, ingredients, best prices!\" \/>\n<meta property=\"og:url\" content=\"https:\/\/mylipfiller.com\/es\/hyaldew-all-1-x-1ml\/\" \/>\n<meta property=\"og:site_name\" content=\"My Lip Filler\" \/>\n<meta property=\"article:modified_time\" content=\"2024-07-03T15:33:06+00:00\" \/>\n<meta property=\"og:image\" content=\"https:\/\/cdn.mylipfiller.com\/wp-content\/uploads\/2020\/12\/HyalDew-All.jpg\" \/>\n\t<meta property=\"og:image:width\" content=\"600\" \/>\n\t<meta property=\"og:image:height\" content=\"600\" \/>\n\t<meta property=\"og:image:type\" content=\"image\/jpeg\" \/>\n<meta name=\"twitter:card\" content=\"summary_large_image\" \/>\n<meta name=\"twitter:label1\" content=\"Tiempo de lectura\" \/>\n\t<meta name=\"twitter:data1\" content=\"1 minuto\" \/>\n<script type=\"application\/ld+json\" class=\"yoast-schema-graph\">{\"@context\":\"https:\\\/\\\/schema.org\",\"@graph\":[{\"@type\":\"WebPage\",\"@id\":\"https:\\\/\\\/mylipfiller.com\\\/hyaldew-all-1-x-1ml\\\/\",\"url\":\"https:\\\/\\\/mylipfiller.com\\\/hyaldew-all-1-x-1ml\\\/\",\"name\":\"Buy HyalDew All (1 x 1ml) - Fillers from My Lip Filler\",\"isPartOf\":{\"@id\":\"https:\\\/\\\/mylipfiller.com\\\/#website\"},\"primaryImageOfPage\":{\"@id\":\"https:\\\/\\\/mylipfiller.com\\\/hyaldew-all-1-x-1ml\\\/#primaryimage\"},\"image\":{\"@id\":\"https:\\\/\\\/mylipfiller.com\\\/hyaldew-all-1-x-1ml\\\/#primaryimage\"},\"thumbnailUrl\":\"https:\\\/\\\/mylipfiller.com\\\/wp-content\\\/uploads\\\/2020\\\/12\\\/HyalDew-All.jpg\",\"datePublished\":\"2020-12-18T14:17:30+00:00\",\"dateModified\":\"2024-07-03T15:33:06+00:00\",\"description\":\"\u2765Buy HyalDew All (1 x 1ml) \u23e9 My Lip Filler online store \u27a6 Quality assurance, reviews, ingredients, best prices!\",\"breadcrumb\":{\"@id\":\"https:\\\/\\\/mylipfiller.com\\\/hyaldew-all-1-x-1ml\\\/#breadcrumb\"},\"inLanguage\":\"es\",\"potentialAction\":[{\"@type\":\"ReadAction\",\"target\":[\"https:\\\/\\\/mylipfiller.com\\\/hyaldew-all-1-x-1ml\\\/\"]}]},{\"@type\":\"ImageObject\",\"inLanguage\":\"es\",\"@id\":\"https:\\\/\\\/mylipfiller.com\\\/hyaldew-all-1-x-1ml\\\/#primaryimage\",\"url\":\"https:\\\/\\\/mylipfiller.com\\\/wp-content\\\/uploads\\\/2020\\\/12\\\/HyalDew-All.jpg\",\"contentUrl\":\"https:\\\/\\\/mylipfiller.com\\\/wp-content\\\/uploads\\\/2020\\\/12\\\/HyalDew-All.jpg\",\"width\":600,\"height\":600,\"caption\":\"HyalDew All\"},{\"@type\":\"BreadcrumbList\",\"@id\":\"https:\\\/\\\/mylipfiller.com\\\/hyaldew-all-1-x-1ml\\\/#breadcrumb\",\"itemListElement\":[{\"@type\":\"ListItem\",\"position\":1,\"name\":\"Home\",\"item\":\"https:\\\/\\\/mylipfiller.com\\\/\"},{\"@type\":\"ListItem\",\"position\":2,\"name\":\"Shop\",\"item\":\"https:\\\/\\\/mylipfiller.com\\\/shop\\\/\"},{\"@type\":\"ListItem\",\"position\":3,\"name\":\"HyalDew All (1 x 1ml)\"}]},{\"@type\":\"WebSite\",\"@id\":\"https:\\\/\\\/mylipfiller.com\\\/#website\",\"url\":\"https:\\\/\\\/mylipfiller.com\\\/\",\"name\":\"My Lip Filler\",\"description\":\"Hyaluronic Acid Lip and Dermal Fillers\",\"publisher\":{\"@id\":\"https:\\\/\\\/mylipfiller.com\\\/#organization\"},\"potentialAction\":[{\"@type\":\"SearchAction\",\"target\":{\"@type\":\"EntryPoint\",\"urlTemplate\":\"https:\\\/\\\/mylipfiller.com\\\/?s={search_term_string}\"},\"query-input\":{\"@type\":\"PropertyValueSpecification\",\"valueRequired\":true,\"valueName\":\"search_term_string\"}}],\"inLanguage\":\"es\"},{\"@type\":\"Organization\",\"@id\":\"https:\\\/\\\/mylipfiller.com\\\/#organization\",\"name\":\"My Lip Filler\",\"url\":\"https:\\\/\\\/mylipfiller.com\\\/\",\"logo\":{\"@type\":\"ImageObject\",\"inLanguage\":\"es\",\"@id\":\"https:\\\/\\\/mylipfiller.com\\\/#\\\/schema\\\/logo\\\/image\\\/\",\"url\":\"https:\\\/\\\/mylipfiller.com\\\/wp-content\\\/uploads\\\/2019\\\/02\\\/cropped-My-Lip-Filler-Logo.png\",\"contentUrl\":\"https:\\\/\\\/mylipfiller.com\\\/wp-content\\\/uploads\\\/2019\\\/02\\\/cropped-My-Lip-Filler-Logo.png\",\"width\":240,\"height\":88,\"caption\":\"My Lip Filler\"},\"image\":{\"@id\":\"https:\\\/\\\/mylipfiller.com\\\/#\\\/schema\\\/logo\\\/image\\\/\"}}]}<\/script>\n<!-- \/ Yoast SEO plugin. -->","yoast_head_json":{"title":"Comprar HyalDew All (1 x 1ml) - Rellenos de My Lip Filler","description":"\u2765Compra HyalDew All (1 x 1ml) \u23e9 Tienda online My Lip Filler \u27a6 Garant\u00eda de calidad, rese\u00f1as, ingredientes, \u00a1los mejores precios!","robots":{"index":"index","follow":"follow","max-snippet":"max-snippet:-1","max-image-preview":"max-image-preview:large","max-video-preview":"max-video-preview:-1"},"canonical":"https:\/\/mylipfiller.com\/es\/hyaldew-all-1-x-1ml\/","og_locale":"es_MX","og_type":"article","og_title":"Buy HyalDew All (1 x 1ml) - Fillers from My Lip Filler","og_description":"\u2765Buy HyalDew All (1 x 1ml) \u23e9 My Lip Filler online store \u27a6 Quality assurance, reviews, ingredients, best prices!","og_url":"https:\/\/mylipfiller.com\/es\/hyaldew-all-1-x-1ml\/","og_site_name":"My Lip Filler","article_modified_time":"2024-07-03T15:33:06+00:00","og_image":[{"width":600,"height":600,"url":"https:\/\/cdn.mylipfiller.com\/wp-content\/uploads\/2020\/12\/HyalDew-All.jpg","type":"image\/jpeg"}],"twitter_card":"summary_large_image","twitter_misc":{"Tiempo de lectura":"1 minuto"},"schema":{"@context":"https:\/\/schema.org","@graph":[{"@type":"WebPage","@id":"https:\/\/mylipfiller.com\/hyaldew-all-1-x-1ml\/","url":"https:\/\/mylipfiller.com\/hyaldew-all-1-x-1ml\/","name":"Comprar HyalDew All (1 x 1ml) - Rellenos de My Lip Filler","isPartOf":{"@id":"https:\/\/mylipfiller.com\/#website"},"primaryImageOfPage":{"@id":"https:\/\/mylipfiller.com\/hyaldew-all-1-x-1ml\/#primaryimage"},"image":{"@id":"https:\/\/mylipfiller.com\/hyaldew-all-1-x-1ml\/#primaryimage"},"thumbnailUrl":"https:\/\/cdn.mylipfiller.com\/wp-content\/uploads\/2020\/12\/HyalDew-All.jpg","datePublished":"2020-12-18T14:17:30+00:00","dateModified":"2024-07-03T15:33:06+00:00","description":"\u2765Compra HyalDew All (1 x 1ml) \u23e9 Tienda online My Lip Filler \u27a6 Garant\u00eda de calidad, rese\u00f1as, ingredientes, \u00a1los mejores precios!","breadcrumb":{"@id":"https:\/\/mylipfiller.com\/hyaldew-all-1-x-1ml\/#breadcrumb"},"inLanguage":"es","potentialAction":[{"@type":"ReadAction","target":["https:\/\/mylipfiller.com\/hyaldew-all-1-x-1ml\/"]}]},{"@type":"ImageObject","inLanguage":"es","@id":"https:\/\/mylipfiller.com\/hyaldew-all-1-x-1ml\/#primaryimage","url":"https:\/\/cdn.mylipfiller.com\/wp-content\/uploads\/2020\/12\/HyalDew-All.jpg","contentUrl":"https:\/\/cdn.mylipfiller.com\/wp-content\/uploads\/2020\/12\/HyalDew-All.jpg","width":600,"height":600,"caption":"HyalDew All"},{"@type":"BreadcrumbList","@id":"https:\/\/mylipfiller.com\/hyaldew-all-1-x-1ml\/#breadcrumb","itemListElement":[{"@type":"ListItem","position":1,"name":"Home","item":"https:\/\/mylipfiller.com\/"},{"@type":"ListItem","position":2,"name":"Shop","item":"https:\/\/mylipfiller.com\/shop\/"},{"@type":"ListItem","position":3,"name":"HyalDew All (1 x 1ml)"}]},{"@type":"WebSite","@id":"https:\/\/mylipfiller.com\/#website","url":"https:\/\/mylipfiller.com\/","name":"Mi relleno de labios","description":"Rellenos d\u00e9rmicos y de labios con \u00e1cido hialur\u00f3nico","publisher":{"@id":"https:\/\/mylipfiller.com\/#organization"},"potentialAction":[{"@type":"SearchAction","target":{"@type":"EntryPoint","urlTemplate":"https:\/\/mylipfiller.com\/?s={search_term_string}"},"query-input":{"@type":"PropertyValueSpecification","valueRequired":true,"valueName":"search_term_string"}}],"inLanguage":"es"},{"@type":"Organization","@id":"https:\/\/mylipfiller.com\/#organization","name":"Mi relleno de labios","url":"https:\/\/mylipfiller.com\/","logo":{"@type":"ImageObject","inLanguage":"es","@id":"https:\/\/mylipfiller.com\/#\/schema\/logo\/image\/","url":"https:\/\/cdn.mylipfiller.com\/wp-content\/uploads\/2019\/02\/cropped-My-Lip-Filler-Logo.png","contentUrl":"https:\/\/cdn.mylipfiller.com\/wp-content\/uploads\/2019\/02\/cropped-My-Lip-Filler-Logo.png","width":240,"height":88,"caption":"My Lip Filler"},"image":{"@id":"https:\/\/mylipfiller.com\/#\/schema\/logo\/image\/"}}]}},"_links":{"self":[{"href":"https:\/\/mylipfiller.com\/es\/wp-json\/wp\/v2\/product\/22111","targetHints":{"allow":["GET"]}}],"collection":[{"href":"https:\/\/mylipfiller.com\/es\/wp-json\/wp\/v2\/product"}],"about":[{"href":"https:\/\/mylipfiller.com\/es\/wp-json\/wp\/v2\/types\/product"}],"wp:featuredmedia":[{"embeddable":true,"href":"https:\/\/mylipfiller.com\/es\/wp-json\/wp\/v2\/media\/22780"}],"wp:attachment":[{"href":"https:\/\/mylipfiller.com\/es\/wp-json\/wp\/v2\/media?parent=22111"}],"wp:term":[{"taxonomy":"product_brand","embeddable":true,"href":"https:\/\/mylipfiller.com\/es\/wp-json\/wp\/v2\/product_brand?post=22111"},{"taxonomy":"product_cat","embeddable":true,"href":"https:\/\/mylipfiller.com\/es\/wp-json\/wp\/v2\/product_cat?post=22111"},{"taxonomy":"product_tag","embeddable":true,"href":"https:\/\/mylipfiller.com\/es\/wp-json\/wp\/v2\/product_tag?post=22111"}],"curies":[{"name":"gracias","href":"https:\/\/api.w.org\/{rel}","templated":true}]}}