{"id":22579,"date":"2020-12-31T16:54:21","date_gmt":"2020-12-31T14:54:21","guid":{"rendered":"https:\/\/mylipfiller.com\/?post_type=product&#038;p=22579"},"modified":"2024-07-03T17:33:06","modified_gmt":"2024-07-03T15:33:06","slug":"genephyrs-middle-level-1-x-1-1ml","status":"publish","type":"product","link":"https:\/\/mylipfiller.com\/es\/genephyrs-middle-level-1-x-1-1ml\/","title":{"rendered":"Genephyrs nivel medio (1 x 1,1 ml)"},"content":{"rendered":"<p>La marca Genephyrs se fabrica en Hong Kong, pero utiliza la tecnolog\u00eda y los procesos de fabricaci\u00f3n coreanos de alta gama 100% para proporcionar los resultados de aumento facial \u00f3ptimos y duraderos que los pacientes y los m\u00e9dicos est\u00e1n buscando. Puede considerarse una marca hermana de Rejeunesse en t\u00e9rminos de duraci\u00f3n, calidad y uso. Sin embargo, es una marca m\u00e1s asequible situada en el nivel de precio m\u00e1s bajo, lo que permite a los clientes obtener lo mejor en t\u00e9rminos de calidad de gel HA, pero por una tarifa de precio notablemente m\u00e1s baja.<\/p>\n<p>Al igual que los productos coreanos similares (Revolax, Dermalax, Rejeunesse), Genephyrs Middle Level tiene una concentraci\u00f3n muy alta de \u00e1cido hialur\u00f3nico de 24 mg \/ ml de gel. Es una gran soluci\u00f3n para el aumento \/ correcci\u00f3n facial de:<\/p>\n<ul>\n<li>Pliegues nasolabiales<\/li>\n<li>L\u00edneas profundas de marionetas<\/li>\n<li>Realce de labios<\/li>\n<li>Contorno facial (ligero, principalmente ment\u00f3n y nariz)<\/li>\n<\/ul>\n<p>El relleno hialur\u00f3nico contiene 0.3% de lidoca\u00edna, por lo que el proceso de aplicaci\u00f3n es suave y sin dolor. Los m\u00e9dicos apreciar\u00e1n que el producto de belleza viene listo para usar, el gel HA est\u00e9ril en una jeringa precargada y la caja incluye las instrucciones de uso y un par de agujas 27G.<\/p>","protected":false},"excerpt":{"rendered":"<p>Como sugiere el nombre del relleno HA, Genephyrs Middle Level se inyecta a profundidad media: la dermis media a profunda. Es el segundo en grosor entre la l\u00ednea de productos de esta marca de relleno y su viscosidad y fluidez lo convierten en una opci\u00f3n ideal para cuidar las depresiones cut\u00e1neas m\u00e1s pronunciadas (especialmente los pliegues nasolabiales) e incluso el contorno facial ligero (especialmente el \u00e1rea de la nariz y la barbilla). Dado que este es un producto pr\u00e1cticamente id\u00e9ntico a Rejeunesse Deep, Genephyrs Middle Level se duplica y es un relleno de labios de primera calidad.<\/p>","protected":false},"featured_media":22581,"template":"","meta":{"_acf_changed":false},"product_brand":[],"product_cat":[77,33,163],"product_tag":[111,151,133,107,134,120,116],"class_list":{"0":"post-22579","1":"product","2":"type-product","3":"status-publish","4":"has-post-thumbnail","6":"product_cat-genephyrs","7":"product_cat-lip","8":"product_cat-viscentom","9":"product_tag-face","10":"product_tag-hyaluronic-acid-ha-fillers","11":"product_tag-marionette-lines","12":"product_tag-nasolabial-folds","13":"product_tag-small-lips","14":"product_tag-up-to-12-months","15":"product_tag-with-lidocaine","17":"first","18":"outofstock","19":"taxable","20":"shipping-taxable","21":"purchasable","22":"product-type-simple"},"acf":[],"yoast_head":"<!-- This site is optimized with the Yoast SEO plugin v27.4 - https:\/\/yoast.com\/product\/yoast-seo-wordpress\/ -->\n<title>Buy Genephyrs Middle Level (1 x 1.1ml) - Fillers from My Lip Filler<\/title>\n<meta name=\"description\" content=\"\u2765Buy Genephyrs Middle Level (1 x 1.1ml) \u23e9 My Lip Filler online store \u27a6 Quality assurance, reviews, ingredients, best prices!\" \/>\n<meta name=\"robots\" content=\"index, follow, max-snippet:-1, max-image-preview:large, max-video-preview:-1\" \/>\n<link rel=\"canonical\" href=\"https:\/\/mylipfiller.com\/es\/genephyrs-middle-level-1-x-1-1ml\/\" \/>\n<meta property=\"og:locale\" content=\"es_MX\" \/>\n<meta property=\"og:type\" content=\"article\" \/>\n<meta property=\"og:title\" content=\"Buy Genephyrs Middle Level (1 x 1.1ml) - Fillers from My Lip Filler\" \/>\n<meta property=\"og:description\" content=\"\u2765Buy Genephyrs Middle Level (1 x 1.1ml) \u23e9 My Lip Filler online store \u27a6 Quality assurance, reviews, ingredients, best prices!\" \/>\n<meta property=\"og:url\" content=\"https:\/\/mylipfiller.com\/es\/genephyrs-middle-level-1-x-1-1ml\/\" \/>\n<meta property=\"og:site_name\" content=\"My Lip Filler\" \/>\n<meta property=\"article:modified_time\" content=\"2024-07-03T15:33:06+00:00\" \/>\n<meta property=\"og:image\" content=\"https:\/\/cdn.mylipfiller.com\/wp-content\/uploads\/2020\/12\/Genephyrs-Middle-Level.jpg\" \/>\n\t<meta property=\"og:image:width\" content=\"600\" \/>\n\t<meta property=\"og:image:height\" content=\"600\" \/>\n\t<meta property=\"og:image:type\" content=\"image\/jpeg\" \/>\n<meta name=\"twitter:card\" content=\"summary_large_image\" \/>\n<meta name=\"twitter:label1\" content=\"Tiempo de lectura\" \/>\n\t<meta name=\"twitter:data1\" content=\"1 minuto\" \/>\n<script type=\"application\/ld+json\" class=\"yoast-schema-graph\">{\"@context\":\"https:\\\/\\\/schema.org\",\"@graph\":[{\"@type\":\"WebPage\",\"@id\":\"https:\\\/\\\/mylipfiller.com\\\/genephyrs-middle-level-1-x-1-1ml\\\/\",\"url\":\"https:\\\/\\\/mylipfiller.com\\\/genephyrs-middle-level-1-x-1-1ml\\\/\",\"name\":\"Buy Genephyrs Middle Level (1 x 1.1ml) - Fillers from My Lip Filler\",\"isPartOf\":{\"@id\":\"https:\\\/\\\/mylipfiller.com\\\/#website\"},\"primaryImageOfPage\":{\"@id\":\"https:\\\/\\\/mylipfiller.com\\\/genephyrs-middle-level-1-x-1-1ml\\\/#primaryimage\"},\"image\":{\"@id\":\"https:\\\/\\\/mylipfiller.com\\\/genephyrs-middle-level-1-x-1-1ml\\\/#primaryimage\"},\"thumbnailUrl\":\"https:\\\/\\\/mylipfiller.com\\\/wp-content\\\/uploads\\\/2020\\\/12\\\/Genephyrs-Middle-Level.jpg\",\"datePublished\":\"2020-12-31T14:54:21+00:00\",\"dateModified\":\"2024-07-03T15:33:06+00:00\",\"description\":\"\u2765Buy Genephyrs Middle Level (1 x 1.1ml) \u23e9 My Lip Filler online store \u27a6 Quality assurance, reviews, ingredients, best prices!\",\"breadcrumb\":{\"@id\":\"https:\\\/\\\/mylipfiller.com\\\/genephyrs-middle-level-1-x-1-1ml\\\/#breadcrumb\"},\"inLanguage\":\"es\",\"potentialAction\":[{\"@type\":\"ReadAction\",\"target\":[\"https:\\\/\\\/mylipfiller.com\\\/genephyrs-middle-level-1-x-1-1ml\\\/\"]}]},{\"@type\":\"ImageObject\",\"inLanguage\":\"es\",\"@id\":\"https:\\\/\\\/mylipfiller.com\\\/genephyrs-middle-level-1-x-1-1ml\\\/#primaryimage\",\"url\":\"https:\\\/\\\/mylipfiller.com\\\/wp-content\\\/uploads\\\/2020\\\/12\\\/Genephyrs-Middle-Level.jpg\",\"contentUrl\":\"https:\\\/\\\/mylipfiller.com\\\/wp-content\\\/uploads\\\/2020\\\/12\\\/Genephyrs-Middle-Level.jpg\",\"width\":600,\"height\":600,\"caption\":\"Genephyrs Middle Level\"},{\"@type\":\"BreadcrumbList\",\"@id\":\"https:\\\/\\\/mylipfiller.com\\\/genephyrs-middle-level-1-x-1-1ml\\\/#breadcrumb\",\"itemListElement\":[{\"@type\":\"ListItem\",\"position\":1,\"name\":\"Home\",\"item\":\"https:\\\/\\\/mylipfiller.com\\\/\"},{\"@type\":\"ListItem\",\"position\":2,\"name\":\"Shop\",\"item\":\"https:\\\/\\\/mylipfiller.com\\\/shop\\\/\"},{\"@type\":\"ListItem\",\"position\":3,\"name\":\"Genephyrs Middle Level (1 x 1.1ml)\"}]},{\"@type\":\"WebSite\",\"@id\":\"https:\\\/\\\/mylipfiller.com\\\/#website\",\"url\":\"https:\\\/\\\/mylipfiller.com\\\/\",\"name\":\"My Lip Filler\",\"description\":\"Hyaluronic Acid Lip and Dermal Fillers\",\"publisher\":{\"@id\":\"https:\\\/\\\/mylipfiller.com\\\/#organization\"},\"potentialAction\":[{\"@type\":\"SearchAction\",\"target\":{\"@type\":\"EntryPoint\",\"urlTemplate\":\"https:\\\/\\\/mylipfiller.com\\\/?s={search_term_string}\"},\"query-input\":{\"@type\":\"PropertyValueSpecification\",\"valueRequired\":true,\"valueName\":\"search_term_string\"}}],\"inLanguage\":\"es\"},{\"@type\":\"Organization\",\"@id\":\"https:\\\/\\\/mylipfiller.com\\\/#organization\",\"name\":\"My Lip Filler\",\"url\":\"https:\\\/\\\/mylipfiller.com\\\/\",\"logo\":{\"@type\":\"ImageObject\",\"inLanguage\":\"es\",\"@id\":\"https:\\\/\\\/mylipfiller.com\\\/#\\\/schema\\\/logo\\\/image\\\/\",\"url\":\"https:\\\/\\\/mylipfiller.com\\\/wp-content\\\/uploads\\\/2019\\\/02\\\/cropped-My-Lip-Filler-Logo.png\",\"contentUrl\":\"https:\\\/\\\/mylipfiller.com\\\/wp-content\\\/uploads\\\/2019\\\/02\\\/cropped-My-Lip-Filler-Logo.png\",\"width\":240,\"height\":88,\"caption\":\"My Lip Filler\"},\"image\":{\"@id\":\"https:\\\/\\\/mylipfiller.com\\\/#\\\/schema\\\/logo\\\/image\\\/\"}}]}<\/script>\n<!-- \/ Yoast SEO plugin. -->","yoast_head_json":{"title":"Compre Genephyrs Middle Level (1 x 1,1 ml) - Rellenos de My Lip Filler","description":"\u2765Compre Genephyrs Middle Level (1 x 1,1 ml) \u23e9 Tienda online My Lip Filler \u27a6 Garant\u00eda de calidad, rese\u00f1as, ingredientes, \u00a1los mejores precios!","robots":{"index":"index","follow":"follow","max-snippet":"max-snippet:-1","max-image-preview":"max-image-preview:large","max-video-preview":"max-video-preview:-1"},"canonical":"https:\/\/mylipfiller.com\/es\/genephyrs-middle-level-1-x-1-1ml\/","og_locale":"es_MX","og_type":"article","og_title":"Buy Genephyrs Middle Level (1 x 1.1ml) - Fillers from My Lip Filler","og_description":"\u2765Buy Genephyrs Middle Level (1 x 1.1ml) \u23e9 My Lip Filler online store \u27a6 Quality assurance, reviews, ingredients, best prices!","og_url":"https:\/\/mylipfiller.com\/es\/genephyrs-middle-level-1-x-1-1ml\/","og_site_name":"My Lip Filler","article_modified_time":"2024-07-03T15:33:06+00:00","og_image":[{"width":600,"height":600,"url":"https:\/\/cdn.mylipfiller.com\/wp-content\/uploads\/2020\/12\/Genephyrs-Middle-Level.jpg","type":"image\/jpeg"}],"twitter_card":"summary_large_image","twitter_misc":{"Tiempo de lectura":"1 minuto"},"schema":{"@context":"https:\/\/schema.org","@graph":[{"@type":"WebPage","@id":"https:\/\/mylipfiller.com\/genephyrs-middle-level-1-x-1-1ml\/","url":"https:\/\/mylipfiller.com\/genephyrs-middle-level-1-x-1-1ml\/","name":"Compre Genephyrs Middle Level (1 x 1,1 ml) - Rellenos de My Lip Filler","isPartOf":{"@id":"https:\/\/mylipfiller.com\/#website"},"primaryImageOfPage":{"@id":"https:\/\/mylipfiller.com\/genephyrs-middle-level-1-x-1-1ml\/#primaryimage"},"image":{"@id":"https:\/\/mylipfiller.com\/genephyrs-middle-level-1-x-1-1ml\/#primaryimage"},"thumbnailUrl":"https:\/\/cdn.mylipfiller.com\/wp-content\/uploads\/2020\/12\/Genephyrs-Middle-Level.jpg","datePublished":"2020-12-31T14:54:21+00:00","dateModified":"2024-07-03T15:33:06+00:00","description":"\u2765Compre Genephyrs Middle Level (1 x 1,1 ml) \u23e9 Tienda online My Lip Filler \u27a6 Garant\u00eda de calidad, rese\u00f1as, ingredientes, \u00a1los mejores precios!","breadcrumb":{"@id":"https:\/\/mylipfiller.com\/genephyrs-middle-level-1-x-1-1ml\/#breadcrumb"},"inLanguage":"es","potentialAction":[{"@type":"ReadAction","target":["https:\/\/mylipfiller.com\/genephyrs-middle-level-1-x-1-1ml\/"]}]},{"@type":"ImageObject","inLanguage":"es","@id":"https:\/\/mylipfiller.com\/genephyrs-middle-level-1-x-1-1ml\/#primaryimage","url":"https:\/\/cdn.mylipfiller.com\/wp-content\/uploads\/2020\/12\/Genephyrs-Middle-Level.jpg","contentUrl":"https:\/\/cdn.mylipfiller.com\/wp-content\/uploads\/2020\/12\/Genephyrs-Middle-Level.jpg","width":600,"height":600,"caption":"Genephyrs Middle Level"},{"@type":"BreadcrumbList","@id":"https:\/\/mylipfiller.com\/genephyrs-middle-level-1-x-1-1ml\/#breadcrumb","itemListElement":[{"@type":"ListItem","position":1,"name":"Home","item":"https:\/\/mylipfiller.com\/"},{"@type":"ListItem","position":2,"name":"Shop","item":"https:\/\/mylipfiller.com\/shop\/"},{"@type":"ListItem","position":3,"name":"Genephyrs Middle Level (1 x 1.1ml)"}]},{"@type":"WebSite","@id":"https:\/\/mylipfiller.com\/#website","url":"https:\/\/mylipfiller.com\/","name":"Mi relleno de labios","description":"Rellenos d\u00e9rmicos y de labios con \u00e1cido hialur\u00f3nico","publisher":{"@id":"https:\/\/mylipfiller.com\/#organization"},"potentialAction":[{"@type":"SearchAction","target":{"@type":"EntryPoint","urlTemplate":"https:\/\/mylipfiller.com\/?s={search_term_string}"},"query-input":{"@type":"PropertyValueSpecification","valueRequired":true,"valueName":"search_term_string"}}],"inLanguage":"es"},{"@type":"Organization","@id":"https:\/\/mylipfiller.com\/#organization","name":"Mi relleno de labios","url":"https:\/\/mylipfiller.com\/","logo":{"@type":"ImageObject","inLanguage":"es","@id":"https:\/\/mylipfiller.com\/#\/schema\/logo\/image\/","url":"https:\/\/cdn.mylipfiller.com\/wp-content\/uploads\/2019\/02\/cropped-My-Lip-Filler-Logo.png","contentUrl":"https:\/\/cdn.mylipfiller.com\/wp-content\/uploads\/2019\/02\/cropped-My-Lip-Filler-Logo.png","width":240,"height":88,"caption":"My Lip Filler"},"image":{"@id":"https:\/\/mylipfiller.com\/#\/schema\/logo\/image\/"}}]}},"_links":{"self":[{"href":"https:\/\/mylipfiller.com\/es\/wp-json\/wp\/v2\/product\/22579","targetHints":{"allow":["GET"]}}],"collection":[{"href":"https:\/\/mylipfiller.com\/es\/wp-json\/wp\/v2\/product"}],"about":[{"href":"https:\/\/mylipfiller.com\/es\/wp-json\/wp\/v2\/types\/product"}],"wp:featuredmedia":[{"embeddable":true,"href":"https:\/\/mylipfiller.com\/es\/wp-json\/wp\/v2\/media\/22581"}],"wp:attachment":[{"href":"https:\/\/mylipfiller.com\/es\/wp-json\/wp\/v2\/media?parent=22579"}],"wp:term":[{"taxonomy":"product_brand","embeddable":true,"href":"https:\/\/mylipfiller.com\/es\/wp-json\/wp\/v2\/product_brand?post=22579"},{"taxonomy":"product_cat","embeddable":true,"href":"https:\/\/mylipfiller.com\/es\/wp-json\/wp\/v2\/product_cat?post=22579"},{"taxonomy":"product_tag","embeddable":true,"href":"https:\/\/mylipfiller.com\/es\/wp-json\/wp\/v2\/product_tag?post=22579"}],"curies":[{"name":"gracias","href":"https:\/\/api.w.org\/{rel}","templated":true}]}}