{"id":22944,"date":"2021-01-12T15:28:32","date_gmt":"2021-01-12T13:28:32","guid":{"rendered":"https:\/\/mylipfiller.com\/?post_type=product&#038;p=22944"},"modified":"2025-01-31T15:13:53","modified_gmt":"2025-01-31T13:13:53","slug":"cellnoc-lifting-cream-40ml-1-69-fl-oz","status":"publish","type":"product","link":"https:\/\/mylipfiller.com\/es\/cellnoc-lifting-cream-40ml-1-69-fl-oz\/","title":{"rendered":"Crema Lifting Cellnoc (40ml \/ 1.69 fl. Oz.)"},"content":{"rendered":"<p>A diferencia de muchos productos en el mercado, Cellnoc Lifting Cream hace todo lo que dice y m\u00e1s. Se encuentran direcciones principales en las que se beneficia la piel despu\u00e9s de un uso regular:<\/p>\n<ul>\n<li>Elasticidad restaurada<\/li>\n<li>Hidrataci\u00f3n mejorada<\/li>\n<li>Piel m\u00e1s tersa<\/li>\n<li>Mejor tono de piel<\/li>\n<\/ul>\n<p>Los efectos sobre la piel envejecida ser\u00e1n visibles solo cuatro semanas despu\u00e9s del uso inicial. La Crema Lifting Cellnoc se recomienda para el uso diario, especialmente como mascarilla para dormir. Adem\u00e1s, este producto puede hacer maravillas en la piel no solo en la cara, sino tambi\u00e9n en el cuello, los hombros, los senos y la zona del pecho.<\/p>\n<p>Pasar por el tratamiento de un mes con esta crema rejuvenecedora de la piel, proporcionar\u00e1 ganancias notables en la elasticidad de la piel con un alisado visible de las arrugas superficiales y las l\u00edneas de la piel. Para agregar un efecto duradero, la crema ayudar\u00e1 a la piel a restaurar sus niveles naturales. Estos efectos son en gran parte la influencia directa de los dos ingredientes activos principales: Acetil Hrxapeptide-8, que es un secreto de belleza cosm\u00e9tico para mejorar la elasticidad de la piel, y un complejo especial, patentado, Seanergy de varios extractos de algas, que hace que la piel m\u00e1s firme.<\/p>\n<p>Y para hacer de esta una oferta a\u00fan m\u00e1s atractiva para sus necesidades de cuidado de la piel, este es un producto seguro y limpio. Cellnoc Lifting Cream carece de los ingredientes nocivos t\u00edpicos de las soluciones para el cuidado de la piel, no incluye ning\u00fan colorante artificial y excluye los al\u00e9rgenos m\u00e1s comunes, as\u00ed como el parabeno. Los productos para la piel se basan en aceites minerales.<\/p>","protected":false},"excerpt":{"rendered":"<p>Cellnoc es una marca probada y respetada de productos cosm\u00e9ticos y de belleza del Cor\u00e1n. Sus productos utilizan el poder de ingredientes totalmente naturales derivados de los oc\u00e9anos para proporcionar un efecto anti-edad visible y duradero, tratando todo tipo de piel. En ese sentido, Cellnoc Lifting Cream es una oferta ineludible. El uso regular de esta crema para la piel asegurar\u00e1 una piel m\u00e1s firme y radiante, con menos signos de envejecimiento y una notable desaceleraci\u00f3n en el proceso de formaci\u00f3n de arrugas. Esta crema reafirmante de la marca Cellnoc se recomienda para pacientes que se enfrentan tanto a la edad como a la formaci\u00f3n de arrugas relacionadas con el medio ambiente.<\/p>","protected":false},"featured_media":22951,"template":"","meta":{"_acf_changed":false},"product_brand":[],"product_cat":[78,54,157],"product_tag":[111,137],"class_list":{"0":"post-22944","1":"product","2":"type-product","3":"status-publish","4":"has-post-thumbnail","6":"product_cat-cellnoc","7":"product_cat-cosmetics","8":"product_cat-so-young","9":"product_tag-face","10":"product_tag-south-korea","12":"first","13":"instock","14":"taxable","15":"shipping-taxable","16":"purchasable","17":"product-type-simple"},"acf":[],"yoast_head":"<!-- This site is optimized with the Yoast SEO plugin v27.4 - https:\/\/yoast.com\/product\/yoast-seo-wordpress\/ -->\n<title>Buy Cellnoc Lifting Cream (40ml\/1.69 fl. oz.) - Fillers from My Lip Filler<\/title>\n<meta name=\"description\" content=\"\u2765Buy Cellnoc Lifting Cream (40ml\/1.69 fl. oz.) \u23e9 My Lip Filler online store \u27a6 Quality assurance, reviews, ingredients, best prices!\" \/>\n<meta name=\"robots\" content=\"index, follow, max-snippet:-1, max-image-preview:large, max-video-preview:-1\" \/>\n<link rel=\"canonical\" href=\"https:\/\/mylipfiller.com\/es\/cellnoc-lifting-cream-40ml-1-69-fl-oz\/\" \/>\n<meta property=\"og:locale\" content=\"es_MX\" \/>\n<meta property=\"og:type\" content=\"article\" \/>\n<meta property=\"og:title\" content=\"Buy Cellnoc Lifting Cream (40ml\/1.69 fl. oz.) - Fillers from My Lip Filler\" \/>\n<meta property=\"og:description\" content=\"\u2765Buy Cellnoc Lifting Cream (40ml\/1.69 fl. oz.) \u23e9 My Lip Filler online store \u27a6 Quality assurance, reviews, ingredients, best prices!\" \/>\n<meta property=\"og:url\" content=\"https:\/\/mylipfiller.com\/es\/cellnoc-lifting-cream-40ml-1-69-fl-oz\/\" \/>\n<meta property=\"og:site_name\" content=\"My Lip Filler\" \/>\n<meta property=\"article:modified_time\" content=\"2025-01-31T13:13:53+00:00\" \/>\n<meta property=\"og:image\" content=\"https:\/\/cdn.mylipfiller.com\/wp-content\/uploads\/2021\/01\/Cellnoc-Phytocean-Lifting-Cream.jpg\" \/>\n\t<meta property=\"og:image:width\" content=\"600\" \/>\n\t<meta property=\"og:image:height\" content=\"600\" \/>\n\t<meta property=\"og:image:type\" content=\"image\/jpeg\" \/>\n<meta name=\"twitter:card\" content=\"summary_large_image\" \/>\n<meta name=\"twitter:label1\" content=\"Tiempo de lectura\" \/>\n\t<meta name=\"twitter:data1\" content=\"2 minutos\" \/>\n<script type=\"application\/ld+json\" class=\"yoast-schema-graph\">{\"@context\":\"https:\\\/\\\/schema.org\",\"@graph\":[{\"@type\":\"WebPage\",\"@id\":\"https:\\\/\\\/mylipfiller.com\\\/cellnoc-lifting-cream-40ml-1-69-fl-oz\\\/\",\"url\":\"https:\\\/\\\/mylipfiller.com\\\/cellnoc-lifting-cream-40ml-1-69-fl-oz\\\/\",\"name\":\"Buy Cellnoc Lifting Cream (40ml\\\/1.69 fl. oz.) - Fillers from My Lip Filler\",\"isPartOf\":{\"@id\":\"https:\\\/\\\/mylipfiller.com\\\/#website\"},\"primaryImageOfPage\":{\"@id\":\"https:\\\/\\\/mylipfiller.com\\\/cellnoc-lifting-cream-40ml-1-69-fl-oz\\\/#primaryimage\"},\"image\":{\"@id\":\"https:\\\/\\\/mylipfiller.com\\\/cellnoc-lifting-cream-40ml-1-69-fl-oz\\\/#primaryimage\"},\"thumbnailUrl\":\"https:\\\/\\\/mylipfiller.com\\\/wp-content\\\/uploads\\\/2021\\\/01\\\/Cellnoc-Phytocean-Lifting-Cream.jpg\",\"datePublished\":\"2021-01-12T13:28:32+00:00\",\"dateModified\":\"2025-01-31T13:13:53+00:00\",\"description\":\"\u2765Buy Cellnoc Lifting Cream (40ml\\\/1.69 fl. oz.) \u23e9 My Lip Filler online store \u27a6 Quality assurance, reviews, ingredients, best prices!\",\"breadcrumb\":{\"@id\":\"https:\\\/\\\/mylipfiller.com\\\/cellnoc-lifting-cream-40ml-1-69-fl-oz\\\/#breadcrumb\"},\"inLanguage\":\"es\",\"potentialAction\":[{\"@type\":\"ReadAction\",\"target\":[\"https:\\\/\\\/mylipfiller.com\\\/cellnoc-lifting-cream-40ml-1-69-fl-oz\\\/\"]}]},{\"@type\":\"ImageObject\",\"inLanguage\":\"es\",\"@id\":\"https:\\\/\\\/mylipfiller.com\\\/cellnoc-lifting-cream-40ml-1-69-fl-oz\\\/#primaryimage\",\"url\":\"https:\\\/\\\/mylipfiller.com\\\/wp-content\\\/uploads\\\/2021\\\/01\\\/Cellnoc-Phytocean-Lifting-Cream.jpg\",\"contentUrl\":\"https:\\\/\\\/mylipfiller.com\\\/wp-content\\\/uploads\\\/2021\\\/01\\\/Cellnoc-Phytocean-Lifting-Cream.jpg\",\"width\":600,\"height\":600,\"caption\":\"Cellnoc Phytocean Lifting Cream\"},{\"@type\":\"BreadcrumbList\",\"@id\":\"https:\\\/\\\/mylipfiller.com\\\/cellnoc-lifting-cream-40ml-1-69-fl-oz\\\/#breadcrumb\",\"itemListElement\":[{\"@type\":\"ListItem\",\"position\":1,\"name\":\"Home\",\"item\":\"https:\\\/\\\/mylipfiller.com\\\/\"},{\"@type\":\"ListItem\",\"position\":2,\"name\":\"Shop\",\"item\":\"https:\\\/\\\/mylipfiller.com\\\/shop\\\/\"},{\"@type\":\"ListItem\",\"position\":3,\"name\":\"Cellnoc Lifting Cream (40ml\\\/1.69 fl. oz.)\"}]},{\"@type\":\"WebSite\",\"@id\":\"https:\\\/\\\/mylipfiller.com\\\/#website\",\"url\":\"https:\\\/\\\/mylipfiller.com\\\/\",\"name\":\"My Lip Filler\",\"description\":\"Hyaluronic Acid Lip and Dermal Fillers\",\"publisher\":{\"@id\":\"https:\\\/\\\/mylipfiller.com\\\/#organization\"},\"potentialAction\":[{\"@type\":\"SearchAction\",\"target\":{\"@type\":\"EntryPoint\",\"urlTemplate\":\"https:\\\/\\\/mylipfiller.com\\\/?s={search_term_string}\"},\"query-input\":{\"@type\":\"PropertyValueSpecification\",\"valueRequired\":true,\"valueName\":\"search_term_string\"}}],\"inLanguage\":\"es\"},{\"@type\":\"Organization\",\"@id\":\"https:\\\/\\\/mylipfiller.com\\\/#organization\",\"name\":\"My Lip Filler\",\"url\":\"https:\\\/\\\/mylipfiller.com\\\/\",\"logo\":{\"@type\":\"ImageObject\",\"inLanguage\":\"es\",\"@id\":\"https:\\\/\\\/mylipfiller.com\\\/#\\\/schema\\\/logo\\\/image\\\/\",\"url\":\"https:\\\/\\\/mylipfiller.com\\\/wp-content\\\/uploads\\\/2019\\\/02\\\/cropped-My-Lip-Filler-Logo.png\",\"contentUrl\":\"https:\\\/\\\/mylipfiller.com\\\/wp-content\\\/uploads\\\/2019\\\/02\\\/cropped-My-Lip-Filler-Logo.png\",\"width\":240,\"height\":88,\"caption\":\"My Lip Filler\"},\"image\":{\"@id\":\"https:\\\/\\\/mylipfiller.com\\\/#\\\/schema\\\/logo\\\/image\\\/\"}}]}<\/script>\n<!-- \/ Yoast SEO plugin. -->","yoast_head_json":{"title":"Compre Cellnoc Crema reafirmante (40 ml\/1,69 fl. oz.) - Rellenos de My Lip Filler","description":"\u2765Compre Cellnoc Crema Lifting (40ml\/1.69 fl. oz.) \u23e9 Tienda online My Lip Filler \u27a6 Garant\u00eda de calidad, rese\u00f1as, ingredientes, \u00a1los mejores precios!","robots":{"index":"index","follow":"follow","max-snippet":"max-snippet:-1","max-image-preview":"max-image-preview:large","max-video-preview":"max-video-preview:-1"},"canonical":"https:\/\/mylipfiller.com\/es\/cellnoc-lifting-cream-40ml-1-69-fl-oz\/","og_locale":"es_MX","og_type":"article","og_title":"Buy Cellnoc Lifting Cream (40ml\/1.69 fl. oz.) - Fillers from My Lip Filler","og_description":"\u2765Buy Cellnoc Lifting Cream (40ml\/1.69 fl. oz.) \u23e9 My Lip Filler online store \u27a6 Quality assurance, reviews, ingredients, best prices!","og_url":"https:\/\/mylipfiller.com\/es\/cellnoc-lifting-cream-40ml-1-69-fl-oz\/","og_site_name":"My Lip Filler","article_modified_time":"2025-01-31T13:13:53+00:00","og_image":[{"width":600,"height":600,"url":"https:\/\/cdn.mylipfiller.com\/wp-content\/uploads\/2021\/01\/Cellnoc-Phytocean-Lifting-Cream.jpg","type":"image\/jpeg"}],"twitter_card":"summary_large_image","twitter_misc":{"Tiempo de lectura":"2 minutos"},"schema":{"@context":"https:\/\/schema.org","@graph":[{"@type":"WebPage","@id":"https:\/\/mylipfiller.com\/cellnoc-lifting-cream-40ml-1-69-fl-oz\/","url":"https:\/\/mylipfiller.com\/cellnoc-lifting-cream-40ml-1-69-fl-oz\/","name":"Compre Cellnoc Crema reafirmante (40 ml\/1,69 fl. oz.) - Rellenos de My Lip Filler","isPartOf":{"@id":"https:\/\/mylipfiller.com\/#website"},"primaryImageOfPage":{"@id":"https:\/\/mylipfiller.com\/cellnoc-lifting-cream-40ml-1-69-fl-oz\/#primaryimage"},"image":{"@id":"https:\/\/mylipfiller.com\/cellnoc-lifting-cream-40ml-1-69-fl-oz\/#primaryimage"},"thumbnailUrl":"https:\/\/cdn.mylipfiller.com\/wp-content\/uploads\/2021\/01\/Cellnoc-Phytocean-Lifting-Cream.jpg","datePublished":"2021-01-12T13:28:32+00:00","dateModified":"2025-01-31T13:13:53+00:00","description":"\u2765Compre Cellnoc Crema Lifting (40ml\/1.69 fl. oz.) \u23e9 Tienda online My Lip Filler \u27a6 Garant\u00eda de calidad, rese\u00f1as, ingredientes, \u00a1los mejores precios!","breadcrumb":{"@id":"https:\/\/mylipfiller.com\/cellnoc-lifting-cream-40ml-1-69-fl-oz\/#breadcrumb"},"inLanguage":"es","potentialAction":[{"@type":"ReadAction","target":["https:\/\/mylipfiller.com\/cellnoc-lifting-cream-40ml-1-69-fl-oz\/"]}]},{"@type":"ImageObject","inLanguage":"es","@id":"https:\/\/mylipfiller.com\/cellnoc-lifting-cream-40ml-1-69-fl-oz\/#primaryimage","url":"https:\/\/cdn.mylipfiller.com\/wp-content\/uploads\/2021\/01\/Cellnoc-Phytocean-Lifting-Cream.jpg","contentUrl":"https:\/\/cdn.mylipfiller.com\/wp-content\/uploads\/2021\/01\/Cellnoc-Phytocean-Lifting-Cream.jpg","width":600,"height":600,"caption":"Cellnoc Phytocean Lifting Cream"},{"@type":"BreadcrumbList","@id":"https:\/\/mylipfiller.com\/cellnoc-lifting-cream-40ml-1-69-fl-oz\/#breadcrumb","itemListElement":[{"@type":"ListItem","position":1,"name":"Home","item":"https:\/\/mylipfiller.com\/"},{"@type":"ListItem","position":2,"name":"Shop","item":"https:\/\/mylipfiller.com\/shop\/"},{"@type":"ListItem","position":3,"name":"Cellnoc Lifting Cream (40ml\/1.69 fl. oz.)"}]},{"@type":"WebSite","@id":"https:\/\/mylipfiller.com\/#website","url":"https:\/\/mylipfiller.com\/","name":"Mi relleno de labios","description":"Rellenos d\u00e9rmicos y de labios con \u00e1cido hialur\u00f3nico","publisher":{"@id":"https:\/\/mylipfiller.com\/#organization"},"potentialAction":[{"@type":"SearchAction","target":{"@type":"EntryPoint","urlTemplate":"https:\/\/mylipfiller.com\/?s={search_term_string}"},"query-input":{"@type":"PropertyValueSpecification","valueRequired":true,"valueName":"search_term_string"}}],"inLanguage":"es"},{"@type":"Organization","@id":"https:\/\/mylipfiller.com\/#organization","name":"Mi relleno de labios","url":"https:\/\/mylipfiller.com\/","logo":{"@type":"ImageObject","inLanguage":"es","@id":"https:\/\/mylipfiller.com\/#\/schema\/logo\/image\/","url":"https:\/\/cdn.mylipfiller.com\/wp-content\/uploads\/2019\/02\/cropped-My-Lip-Filler-Logo.png","contentUrl":"https:\/\/cdn.mylipfiller.com\/wp-content\/uploads\/2019\/02\/cropped-My-Lip-Filler-Logo.png","width":240,"height":88,"caption":"My Lip Filler"},"image":{"@id":"https:\/\/mylipfiller.com\/#\/schema\/logo\/image\/"}}]}},"_links":{"self":[{"href":"https:\/\/mylipfiller.com\/es\/wp-json\/wp\/v2\/product\/22944","targetHints":{"allow":["GET"]}}],"collection":[{"href":"https:\/\/mylipfiller.com\/es\/wp-json\/wp\/v2\/product"}],"about":[{"href":"https:\/\/mylipfiller.com\/es\/wp-json\/wp\/v2\/types\/product"}],"wp:featuredmedia":[{"embeddable":true,"href":"https:\/\/mylipfiller.com\/es\/wp-json\/wp\/v2\/media\/22951"}],"wp:attachment":[{"href":"https:\/\/mylipfiller.com\/es\/wp-json\/wp\/v2\/media?parent=22944"}],"wp:term":[{"taxonomy":"product_brand","embeddable":true,"href":"https:\/\/mylipfiller.com\/es\/wp-json\/wp\/v2\/product_brand?post=22944"},{"taxonomy":"product_cat","embeddable":true,"href":"https:\/\/mylipfiller.com\/es\/wp-json\/wp\/v2\/product_cat?post=22944"},{"taxonomy":"product_tag","embeddable":true,"href":"https:\/\/mylipfiller.com\/es\/wp-json\/wp\/v2\/product_tag?post=22944"}],"curies":[{"name":"gracias","href":"https:\/\/api.w.org\/{rel}","templated":true}]}}