{"id":22945,"date":"2021-01-12T15:28:31","date_gmt":"2021-01-12T13:28:31","guid":{"rendered":"https:\/\/mylipfiller.com\/?post_type=product&#038;p=22945"},"modified":"2025-01-31T15:13:58","modified_gmt":"2025-01-31T13:13:58","slug":"cellnoc-phytocean-ampoule","status":"publish","type":"product","link":"https:\/\/mylipfiller.com\/es\/cellnoc-phytocean-ampoule\/","title":{"rendered":"Ampolla de fitoceano Cellnoc"},"content":{"rendered":"<p>El enfoque principal de Cellnoc es la seguridad. No puede tener un aumento duradero de la salud de la piel si usa ingredientes da\u00f1inos. En el proceso de fabricaci\u00f3n de Cellnoc Phytocean Ampoule, que se basa en ingredientes naturales, principalmente oce\u00e1nicos, las sustancias peligrosas dan paso a soluciones ecol\u00f3gicas y respetuosas con el medio ambiente.<\/p>\n<h3>Ampolla Cellnoc Phytocean - segura de usar<\/h3>\n<ul>\n<li>Se eliminan m\u00e1s de 20 componentes da\u00f1inos, comunes en la industria de la belleza.<\/li>\n<li>Sin al\u00e9rgenos comunes como parte de los ingredientes.<\/li>\n<li>Color totalmente natural, sin colorantes artificiales.<\/li>\n<li>Sin fragancias artificiales a\u00f1adidas<\/li>\n<li>Sin paraben<\/li>\n<li>La ampolla utiliza solo aceites minerales seguros.<\/li>\n<\/ul>\n<p>Y lo bueno de Cellnoc Phytocean Ampoule es que no se compromete la calidad y la eficacia para lograr la m\u00e1xima seguridad de uso. El principal ingrediente activo es Sirtalice, que tiene un efecto rejuvenecedor general sobre la piel. Es un factor importante para restaurar la tersura y elasticidad de la piel.<\/p>\n<p>Este poderoso efecto de cuidado de la piel se ve reforzado por los otros tres ingredientes principales. El \u00e1cido hialur\u00f3nico es un verdadero favorito de la industria de la belleza: un compuesto natural para el cuerpo humano, tiene propiedades de hidrataci\u00f3n de la piel muy poderosas. El complejo Seanergy ayuda al HA a hidratar la piel, pero tambi\u00e9n proporciona los nutrientes valiosos y necesarios para la piel cansada y envejecida. Y finalmente, Copper Tripeptide-1, que estimula la producci\u00f3n de elastina y aumenta la s\u00edntesis de col\u00e1geno en la piel.<\/p>\n<p>El uso recomendado de Cellnoc Phytocean Ampoule es diario, por la ma\u00f1ana y antes de acostarse. Se lograr\u00e1 un mejor efecto si se combina con otros productos Cellnoc.<\/p>","protected":false},"excerpt":{"rendered":"<p>Al igual que el resto de esta l\u00ednea de productos, Cellnoc Phytocean Ampoule es un tipo de producto ecol\u00f3gico y totalmente natural. Con ingredientes seguros, en su mayor\u00eda derivados del oc\u00e9ano, la ampolla garantiza un tratamiento cut\u00e1neo duradero y eficaz, pero tampoco efectos secundarios adversos. Dise\u00f1ado para proporcionar los resultados de rejuvenecimiento de la piel m\u00e1s \u00f3ptimos cuando se usa con los otros productos Cellnoc, Phytocean Ampoule puede convertirse en parte de la rutina del cuidado de la piel por la noche, brindando al paciente una piel firme y m\u00e1s el\u00e1stica en solo 28 d\u00edas de aplicaci\u00f3n.<\/p>","protected":false},"featured_media":22950,"template":"","meta":{"_acf_changed":false},"product_brand":[],"product_cat":[78,54,157],"product_tag":[111,137],"class_list":{"0":"post-22945","1":"product","2":"type-product","3":"status-publish","4":"has-post-thumbnail","6":"product_cat-cellnoc","7":"product_cat-cosmetics","8":"product_cat-so-young","9":"product_tag-face","10":"product_tag-south-korea","12":"first","13":"instock","14":"taxable","15":"shipping-taxable","16":"purchasable","17":"product-type-simple"},"acf":[],"yoast_head":"<!-- This site is optimized with the Yoast SEO plugin v27.4 - https:\/\/yoast.com\/product\/yoast-seo-wordpress\/ -->\n<title>Buy Cellnoc Phytocean Ampoule - Fillers from My Lip Filler<\/title>\n<meta name=\"description\" content=\"\u2765Buy Cellnoc Phytocean Ampoule \u23e9 My Lip Filler online store \u27a6 Quality assurance, reviews, ingredients, best prices!\" \/>\n<meta name=\"robots\" content=\"index, follow, max-snippet:-1, max-image-preview:large, max-video-preview:-1\" \/>\n<link rel=\"canonical\" href=\"https:\/\/mylipfiller.com\/es\/cellnoc-phytocean-ampoule\/\" \/>\n<meta property=\"og:locale\" content=\"es_MX\" \/>\n<meta property=\"og:type\" content=\"article\" \/>\n<meta property=\"og:title\" content=\"Buy Cellnoc Phytocean Ampoule - Fillers from My Lip Filler\" \/>\n<meta property=\"og:description\" content=\"\u2765Buy Cellnoc Phytocean Ampoule \u23e9 My Lip Filler online store \u27a6 Quality assurance, reviews, ingredients, best prices!\" \/>\n<meta property=\"og:url\" content=\"https:\/\/mylipfiller.com\/es\/cellnoc-phytocean-ampoule\/\" \/>\n<meta property=\"og:site_name\" content=\"My Lip Filler\" \/>\n<meta property=\"article:modified_time\" content=\"2025-01-31T13:13:58+00:00\" \/>\n<meta property=\"og:image\" content=\"https:\/\/cdn.mylipfiller.com\/wp-content\/uploads\/2021\/01\/Cellnoc-Phytocean-Lifting-Ampoule.jpg\" \/>\n\t<meta property=\"og:image:width\" content=\"600\" \/>\n\t<meta property=\"og:image:height\" content=\"600\" \/>\n\t<meta property=\"og:image:type\" content=\"image\/jpeg\" \/>\n<meta name=\"twitter:card\" content=\"summary_large_image\" \/>\n<meta name=\"twitter:label1\" content=\"Tiempo de lectura\" \/>\n\t<meta name=\"twitter:data1\" content=\"2 minutos\" \/>\n<script type=\"application\/ld+json\" class=\"yoast-schema-graph\">{\"@context\":\"https:\\\/\\\/schema.org\",\"@graph\":[{\"@type\":\"WebPage\",\"@id\":\"https:\\\/\\\/mylipfiller.com\\\/cellnoc-phytocean-ampoule\\\/\",\"url\":\"https:\\\/\\\/mylipfiller.com\\\/cellnoc-phytocean-ampoule\\\/\",\"name\":\"Buy Cellnoc Phytocean Ampoule - Fillers from My Lip Filler\",\"isPartOf\":{\"@id\":\"https:\\\/\\\/mylipfiller.com\\\/#website\"},\"primaryImageOfPage\":{\"@id\":\"https:\\\/\\\/mylipfiller.com\\\/cellnoc-phytocean-ampoule\\\/#primaryimage\"},\"image\":{\"@id\":\"https:\\\/\\\/mylipfiller.com\\\/cellnoc-phytocean-ampoule\\\/#primaryimage\"},\"thumbnailUrl\":\"https:\\\/\\\/mylipfiller.com\\\/wp-content\\\/uploads\\\/2021\\\/01\\\/Cellnoc-Phytocean-Lifting-Ampoule.jpg\",\"datePublished\":\"2021-01-12T13:28:31+00:00\",\"dateModified\":\"2025-01-31T13:13:58+00:00\",\"description\":\"\u2765Buy Cellnoc Phytocean Ampoule \u23e9 My Lip Filler online store \u27a6 Quality assurance, reviews, ingredients, best prices!\",\"breadcrumb\":{\"@id\":\"https:\\\/\\\/mylipfiller.com\\\/cellnoc-phytocean-ampoule\\\/#breadcrumb\"},\"inLanguage\":\"es\",\"potentialAction\":[{\"@type\":\"ReadAction\",\"target\":[\"https:\\\/\\\/mylipfiller.com\\\/cellnoc-phytocean-ampoule\\\/\"]}]},{\"@type\":\"ImageObject\",\"inLanguage\":\"es\",\"@id\":\"https:\\\/\\\/mylipfiller.com\\\/cellnoc-phytocean-ampoule\\\/#primaryimage\",\"url\":\"https:\\\/\\\/mylipfiller.com\\\/wp-content\\\/uploads\\\/2021\\\/01\\\/Cellnoc-Phytocean-Lifting-Ampoule.jpg\",\"contentUrl\":\"https:\\\/\\\/mylipfiller.com\\\/wp-content\\\/uploads\\\/2021\\\/01\\\/Cellnoc-Phytocean-Lifting-Ampoule.jpg\",\"width\":600,\"height\":600,\"caption\":\"Cellnoc Phytocean Lifting Ampoule\"},{\"@type\":\"BreadcrumbList\",\"@id\":\"https:\\\/\\\/mylipfiller.com\\\/cellnoc-phytocean-ampoule\\\/#breadcrumb\",\"itemListElement\":[{\"@type\":\"ListItem\",\"position\":1,\"name\":\"Home\",\"item\":\"https:\\\/\\\/mylipfiller.com\\\/\"},{\"@type\":\"ListItem\",\"position\":2,\"name\":\"Shop\",\"item\":\"https:\\\/\\\/mylipfiller.com\\\/shop\\\/\"},{\"@type\":\"ListItem\",\"position\":3,\"name\":\"Cellnoc Phytocean Ampoule\"}]},{\"@type\":\"WebSite\",\"@id\":\"https:\\\/\\\/mylipfiller.com\\\/#website\",\"url\":\"https:\\\/\\\/mylipfiller.com\\\/\",\"name\":\"My Lip Filler\",\"description\":\"Hyaluronic Acid Lip and Dermal Fillers\",\"publisher\":{\"@id\":\"https:\\\/\\\/mylipfiller.com\\\/#organization\"},\"potentialAction\":[{\"@type\":\"SearchAction\",\"target\":{\"@type\":\"EntryPoint\",\"urlTemplate\":\"https:\\\/\\\/mylipfiller.com\\\/?s={search_term_string}\"},\"query-input\":{\"@type\":\"PropertyValueSpecification\",\"valueRequired\":true,\"valueName\":\"search_term_string\"}}],\"inLanguage\":\"es\"},{\"@type\":\"Organization\",\"@id\":\"https:\\\/\\\/mylipfiller.com\\\/#organization\",\"name\":\"My Lip Filler\",\"url\":\"https:\\\/\\\/mylipfiller.com\\\/\",\"logo\":{\"@type\":\"ImageObject\",\"inLanguage\":\"es\",\"@id\":\"https:\\\/\\\/mylipfiller.com\\\/#\\\/schema\\\/logo\\\/image\\\/\",\"url\":\"https:\\\/\\\/mylipfiller.com\\\/wp-content\\\/uploads\\\/2019\\\/02\\\/cropped-My-Lip-Filler-Logo.png\",\"contentUrl\":\"https:\\\/\\\/mylipfiller.com\\\/wp-content\\\/uploads\\\/2019\\\/02\\\/cropped-My-Lip-Filler-Logo.png\",\"width\":240,\"height\":88,\"caption\":\"My Lip Filler\"},\"image\":{\"@id\":\"https:\\\/\\\/mylipfiller.com\\\/#\\\/schema\\\/logo\\\/image\\\/\"}}]}<\/script>\n<!-- \/ Yoast SEO plugin. -->","yoast_head_json":{"title":"Comprar Ampolla Phytocean Cellnoc - Rellenos de My Lip Filler","description":"\u2765Compra Cellnoc Ampolla Phytocean \u23e9 Tienda online My Lip Filler \u27a6 Garant\u00eda de calidad, opiniones, ingredientes, \u00a1los mejores precios!","robots":{"index":"index","follow":"follow","max-snippet":"max-snippet:-1","max-image-preview":"max-image-preview:large","max-video-preview":"max-video-preview:-1"},"canonical":"https:\/\/mylipfiller.com\/es\/cellnoc-phytocean-ampoule\/","og_locale":"es_MX","og_type":"article","og_title":"Buy Cellnoc Phytocean Ampoule - Fillers from My Lip Filler","og_description":"\u2765Buy Cellnoc Phytocean Ampoule \u23e9 My Lip Filler online store \u27a6 Quality assurance, reviews, ingredients, best prices!","og_url":"https:\/\/mylipfiller.com\/es\/cellnoc-phytocean-ampoule\/","og_site_name":"My Lip Filler","article_modified_time":"2025-01-31T13:13:58+00:00","og_image":[{"width":600,"height":600,"url":"https:\/\/cdn.mylipfiller.com\/wp-content\/uploads\/2021\/01\/Cellnoc-Phytocean-Lifting-Ampoule.jpg","type":"image\/jpeg"}],"twitter_card":"summary_large_image","twitter_misc":{"Tiempo de lectura":"2 minutos"},"schema":{"@context":"https:\/\/schema.org","@graph":[{"@type":"WebPage","@id":"https:\/\/mylipfiller.com\/cellnoc-phytocean-ampoule\/","url":"https:\/\/mylipfiller.com\/cellnoc-phytocean-ampoule\/","name":"Comprar Ampolla Phytocean Cellnoc - Rellenos de My Lip Filler","isPartOf":{"@id":"https:\/\/mylipfiller.com\/#website"},"primaryImageOfPage":{"@id":"https:\/\/mylipfiller.com\/cellnoc-phytocean-ampoule\/#primaryimage"},"image":{"@id":"https:\/\/mylipfiller.com\/cellnoc-phytocean-ampoule\/#primaryimage"},"thumbnailUrl":"https:\/\/cdn.mylipfiller.com\/wp-content\/uploads\/2021\/01\/Cellnoc-Phytocean-Lifting-Ampoule.jpg","datePublished":"2021-01-12T13:28:31+00:00","dateModified":"2025-01-31T13:13:58+00:00","description":"\u2765Compra Cellnoc Ampolla Phytocean \u23e9 Tienda online My Lip Filler \u27a6 Garant\u00eda de calidad, opiniones, ingredientes, \u00a1los mejores precios!","breadcrumb":{"@id":"https:\/\/mylipfiller.com\/cellnoc-phytocean-ampoule\/#breadcrumb"},"inLanguage":"es","potentialAction":[{"@type":"ReadAction","target":["https:\/\/mylipfiller.com\/cellnoc-phytocean-ampoule\/"]}]},{"@type":"ImageObject","inLanguage":"es","@id":"https:\/\/mylipfiller.com\/cellnoc-phytocean-ampoule\/#primaryimage","url":"https:\/\/cdn.mylipfiller.com\/wp-content\/uploads\/2021\/01\/Cellnoc-Phytocean-Lifting-Ampoule.jpg","contentUrl":"https:\/\/cdn.mylipfiller.com\/wp-content\/uploads\/2021\/01\/Cellnoc-Phytocean-Lifting-Ampoule.jpg","width":600,"height":600,"caption":"Cellnoc Phytocean Lifting Ampoule"},{"@type":"BreadcrumbList","@id":"https:\/\/mylipfiller.com\/cellnoc-phytocean-ampoule\/#breadcrumb","itemListElement":[{"@type":"ListItem","position":1,"name":"Home","item":"https:\/\/mylipfiller.com\/"},{"@type":"ListItem","position":2,"name":"Shop","item":"https:\/\/mylipfiller.com\/shop\/"},{"@type":"ListItem","position":3,"name":"Cellnoc Phytocean Ampoule"}]},{"@type":"WebSite","@id":"https:\/\/mylipfiller.com\/#website","url":"https:\/\/mylipfiller.com\/","name":"Mi relleno de labios","description":"Rellenos d\u00e9rmicos y de labios con \u00e1cido hialur\u00f3nico","publisher":{"@id":"https:\/\/mylipfiller.com\/#organization"},"potentialAction":[{"@type":"SearchAction","target":{"@type":"EntryPoint","urlTemplate":"https:\/\/mylipfiller.com\/?s={search_term_string}"},"query-input":{"@type":"PropertyValueSpecification","valueRequired":true,"valueName":"search_term_string"}}],"inLanguage":"es"},{"@type":"Organization","@id":"https:\/\/mylipfiller.com\/#organization","name":"Mi relleno de labios","url":"https:\/\/mylipfiller.com\/","logo":{"@type":"ImageObject","inLanguage":"es","@id":"https:\/\/mylipfiller.com\/#\/schema\/logo\/image\/","url":"https:\/\/cdn.mylipfiller.com\/wp-content\/uploads\/2019\/02\/cropped-My-Lip-Filler-Logo.png","contentUrl":"https:\/\/cdn.mylipfiller.com\/wp-content\/uploads\/2019\/02\/cropped-My-Lip-Filler-Logo.png","width":240,"height":88,"caption":"My Lip Filler"},"image":{"@id":"https:\/\/mylipfiller.com\/#\/schema\/logo\/image\/"}}]}},"_links":{"self":[{"href":"https:\/\/mylipfiller.com\/es\/wp-json\/wp\/v2\/product\/22945","targetHints":{"allow":["GET"]}}],"collection":[{"href":"https:\/\/mylipfiller.com\/es\/wp-json\/wp\/v2\/product"}],"about":[{"href":"https:\/\/mylipfiller.com\/es\/wp-json\/wp\/v2\/types\/product"}],"wp:featuredmedia":[{"embeddable":true,"href":"https:\/\/mylipfiller.com\/es\/wp-json\/wp\/v2\/media\/22950"}],"wp:attachment":[{"href":"https:\/\/mylipfiller.com\/es\/wp-json\/wp\/v2\/media?parent=22945"}],"wp:term":[{"taxonomy":"product_brand","embeddable":true,"href":"https:\/\/mylipfiller.com\/es\/wp-json\/wp\/v2\/product_brand?post=22945"},{"taxonomy":"product_cat","embeddable":true,"href":"https:\/\/mylipfiller.com\/es\/wp-json\/wp\/v2\/product_cat?post=22945"},{"taxonomy":"product_tag","embeddable":true,"href":"https:\/\/mylipfiller.com\/es\/wp-json\/wp\/v2\/product_tag?post=22945"}],"curies":[{"name":"gracias","href":"https:\/\/api.w.org\/{rel}","templated":true}]}}